{"id":890,"date":"2022-07-07T18:41:15","date_gmt":"2022-07-07T18:41:15","guid":{"rendered":"https:\/\/eriecohealthohio.com\/?page_id=890"},"modified":"2025-11-10T15:27:23","modified_gmt":"2025-11-10T19:27:23","slug":"desintoxicacion","status":"publish","type":"page","link":"https:\/\/eriecohealthohio.com\/es\/detox\/","title":{"rendered":"CENTRO DE DESINTOXICACI\u00d3N DEL CONDADO DE ERIE"},"content":{"rendered":"<div data-elementor-type=\"wp-page\" data-elementor-id=\"890\" class=\"elementor elementor-890\" data-elementor-post-type=\"page\">\n\t\t\t\t\t\t<section data-particle_enable=\"false\" data-particle-mobile-disabled=\"false\" class=\"elementor-section elementor-top-section elementor-element elementor-element-48a18c8e elementor-section-boxed elementor-section-height-default elementor-section-height-default\" data-id=\"48a18c8e\" data-element_type=\"section\" data-e-type=\"section\">\n\t\t\t\t\t\t<div class=\"elementor-container elementor-column-gap-default\">\n\t\t\t\t\t<div class=\"elementor-column elementor-col-100 elementor-top-column elementor-element elementor-element-45b5c74\" data-id=\"45b5c74\" data-element_type=\"column\" data-e-type=\"column\">\n\t\t\t<div class=\"elementor-widget-wrap elementor-element-populated\">\n\t\t\t\t\t\t<div class=\"elementor-element elementor-element-55f62047 elementor-widget elementor-widget-image\" data-id=\"55f62047\" data-element_type=\"widget\" data-e-type=\"widget\" data-no-translation=\"\" data-widget_type=\"image.default\">\n\t\t\t\t<div class=\"elementor-widget-container\">\n\t\t\t\t\t<style>.elementor-element-55f62047{display:none !important}<\/style>\t\t\t\t<\/div>\n\t\t\t\t<\/div>\n\t\t\t\t\t<\/div>\n\t\t<\/div>\n\t\t\t\t\t<\/div>\n\t\t<\/section>\n\t\t\t\t<section data-particle_enable=\"false\" data-particle-mobile-disabled=\"false\" class=\"elementor-section elementor-top-section elementor-element elementor-element-6bddad3 elementor-section-boxed elementor-section-height-default elementor-section-height-default\" data-id=\"6bddad3\" data-element_type=\"section\" data-e-type=\"section\">\n\t\t\t\t\t\t<div class=\"elementor-container elementor-column-gap-default\">\n\t\t\t\t\t<div class=\"elementor-column elementor-col-100 elementor-top-column elementor-element elementor-element-d51fe23\" data-id=\"d51fe23\" data-element_type=\"column\" data-e-type=\"column\">\n\t\t\t<div class=\"elementor-widget-wrap elementor-element-populated\">\n\t\t\t\t\t\t<div class=\"elementor-element elementor-element-9ed5c58 elementor-widget elementor-widget-image\" data-id=\"9ed5c58\" data-element_type=\"widget\" data-e-type=\"widget\" data-no-translation=\"\" data-widget_type=\"image.default\">\n\t\t\t\t<div class=\"elementor-widget-container\">\n\t\t\t\t\t\t\t\t\t\t\t\t\t\t\t<img fetchpriority=\"high\" decoding=\"async\" width=\"1600\" height=\"600\" src=\"https:\/\/eriecohealthohio.com\/wp-content\/uploads\/2025\/11\/Detox-Banner-Spanish.png\" class=\"attachment-full size-full wp-image-24332\" alt=\"Detox Banner Spanish\" srcset=\"https:\/\/eriecohealthohio.com\/wp-content\/uploads\/2025\/11\/Detox-Banner-Spanish.png 1600w, https:\/\/eriecohealthohio.com\/wp-content\/uploads\/2025\/11\/Detox-Banner-Spanish-300x113.png 300w, https:\/\/eriecohealthohio.com\/wp-content\/uploads\/2025\/11\/Detox-Banner-Spanish-1024x384.png 1024w, https:\/\/eriecohealthohio.com\/wp-content\/uploads\/2025\/11\/Detox-Banner-Spanish-768x288.png 768w, https:\/\/eriecohealthohio.com\/wp-content\/uploads\/2025\/11\/Detox-Banner-Spanish-1536x576.png 1536w, https:\/\/eriecohealthohio.com\/wp-content\/uploads\/2025\/11\/Detox-Banner-Spanish-18x7.png 18w\" sizes=\"(max-width: 1600px) 100vw, 1600px\" \/>\t\t\t\t\t\t\t\t\t\t\t\t\t\t\t<\/div>\n\t\t\t\t<\/div>\n\t\t\t\t\t<\/div>\n\t\t<\/div>\n\t\t\t\t\t<\/div>\n\t\t<\/section>\n\t\t\t\t<section data-particle_enable=\"false\" data-particle-mobile-disabled=\"false\" class=\"elementor-section elementor-top-section elementor-element elementor-element-4f41e48 elementor-section-boxed elementor-section-height-default elementor-section-height-default\" data-id=\"4f41e48\" data-element_type=\"section\" data-e-type=\"section\">\n\t\t\t\t\t\t<div class=\"elementor-container elementor-column-gap-default\">\n\t\t\t\t\t<div class=\"elementor-column elementor-col-20 elementor-top-column elementor-element elementor-element-66bd4b4\" data-id=\"66bd4b4\" data-element_type=\"column\" data-e-type=\"column\">\n\t\t\t<div class=\"elementor-widget-wrap elementor-element-populated\">\n\t\t\t\t\t\t<div class=\"elementor-element elementor-element-d24c268 elementor-align-center elementor-widget elementor-widget-button\" data-id=\"d24c268\" data-element_type=\"widget\" data-e-type=\"widget\" data-widget_type=\"button.default\">\n\t\t\t\t<div class=\"elementor-widget-container\">\n\t\t\t\t\t\t\t\t\t<div class=\"elementor-button-wrapper\">\n\t\t\t\t\t<a class=\"elementor-button elementor-button-link elementor-size-lg\" href=\"https:\/\/eriecohealthohio.com\/es\/desintoxicacion\/servicios-del-centro-de-desintoxicacion\/\">\n\t\t\t\t\t\t<span class=\"elementor-button-content-wrapper\">\n\t\t\t\t\t\t\t\t\t<span class=\"elementor-button-text\">SERVICIOS<\/span>\n\t\t\t\t\t<\/span>\n\t\t\t\t\t<\/a>\n\t\t\t\t<\/div>\n\t\t\t\t\t\t\t\t<\/div>\n\t\t\t\t<\/div>\n\t\t\t\t\t<\/div>\n\t\t<\/div>\n\t\t\t\t<div class=\"elementor-column elementor-col-20 elementor-top-column elementor-element elementor-element-b7f5757\" data-id=\"b7f5757\" data-element_type=\"column\" data-e-type=\"column\">\n\t\t\t<div class=\"elementor-widget-wrap elementor-element-populated\">\n\t\t\t\t\t\t<div class=\"elementor-element elementor-element-cabddd7 elementor-align-center elementor-widget elementor-widget-button\" data-id=\"cabddd7\" data-element_type=\"widget\" data-e-type=\"widget\" data-widget_type=\"button.default\">\n\t\t\t\t<div class=\"elementor-widget-container\">\n\t\t\t\t\t\t\t\t\t<div class=\"elementor-button-wrapper\">\n\t\t\t\t\t<a class=\"elementor-button elementor-button-link elementor-size-lg\" href=\"https:\/\/eriecohealthohio.com\/es\/desintoxicacion\/ingresos-en-centros-de-desintoxicacion\/\">\n\t\t\t\t\t\t<span class=\"elementor-button-content-wrapper\">\n\t\t\t\t\t\t\t\t\t<span class=\"elementor-button-text\">ADMISIONES<\/span>\n\t\t\t\t\t<\/span>\n\t\t\t\t\t<\/a>\n\t\t\t\t<\/div>\n\t\t\t\t\t\t\t\t<\/div>\n\t\t\t\t<\/div>\n\t\t\t\t\t<\/div>\n\t\t<\/div>\n\t\t\t\t<div class=\"elementor-column elementor-col-20 elementor-top-column elementor-element elementor-element-d7cc1c6\" data-id=\"d7cc1c6\" data-element_type=\"column\" data-e-type=\"column\">\n\t\t\t<div class=\"elementor-widget-wrap elementor-element-populated\">\n\t\t\t\t\t\t<div class=\"elementor-element elementor-element-0e2089e elementor-align-center elementor-widget elementor-widget-button\" data-id=\"0e2089e\" data-element_type=\"widget\" data-e-type=\"widget\" data-widget_type=\"button.default\">\n\t\t\t\t<div class=\"elementor-widget-container\">\n\t\t\t\t\t\t\t\t\t<div class=\"elementor-button-wrapper\">\n\t\t\t\t\t<a class=\"elementor-button elementor-button-link elementor-size-lg\" href=\"https:\/\/eriecohealthohio.com\/es\/desintoxicacion\/seguro-de-centro-de-desintoxicacion\/\">\n\t\t\t\t\t\t<span class=\"elementor-button-content-wrapper\">\n\t\t\t\t\t\t\t\t\t<span class=\"elementor-button-text\">SEGURO<\/span>\n\t\t\t\t\t<\/span>\n\t\t\t\t\t<\/a>\n\t\t\t\t<\/div>\n\t\t\t\t\t\t\t\t<\/div>\n\t\t\t\t<\/div>\n\t\t\t\t\t<\/div>\n\t\t<\/div>\n\t\t\t\t<div class=\"elementor-column elementor-col-20 elementor-top-column elementor-element elementor-element-8f80904\" data-id=\"8f80904\" data-element_type=\"column\" data-e-type=\"column\">\n\t\t\t<div class=\"elementor-widget-wrap elementor-element-populated\">\n\t\t\t\t\t\t<div class=\"elementor-element elementor-element-a626afa elementor-align-center elementor-widget elementor-widget-button\" data-id=\"a626afa\" data-element_type=\"widget\" data-e-type=\"widget\" data-widget_type=\"button.default\">\n\t\t\t\t<div class=\"elementor-widget-container\">\n\t\t\t\t\t\t\t\t\t<div class=\"elementor-button-wrapper\">\n\t\t\t\t\t<a class=\"elementor-button elementor-button-link elementor-size-lg\" href=\"https:\/\/eriecohealthohio.com\/es\/desintoxicacion\/centro-de-desintoxicacion-faqs\/\">\n\t\t\t\t\t\t<span class=\"elementor-button-content-wrapper\">\n\t\t\t\t\t\t\t\t\t<span class=\"elementor-button-text\">PREGUNTAS FRECUENTES<\/span>\n\t\t\t\t\t<\/span>\n\t\t\t\t\t<\/a>\n\t\t\t\t<\/div>\n\t\t\t\t\t\t\t\t<\/div>\n\t\t\t\t<\/div>\n\t\t\t\t\t<\/div>\n\t\t<\/div>\n\t\t\t\t<div class=\"elementor-column elementor-col-20 elementor-top-column elementor-element elementor-element-437d2ce\" data-id=\"437d2ce\" data-element_type=\"column\" data-e-type=\"column\">\n\t\t\t<div class=\"elementor-widget-wrap elementor-element-populated\">\n\t\t\t\t\t\t<div class=\"elementor-element elementor-element-319f862 elementor-align-center elementor-widget elementor-widget-button\" data-id=\"319f862\" data-element_type=\"widget\" data-e-type=\"widget\" data-widget_type=\"button.default\">\n\t\t\t\t<div class=\"elementor-widget-container\">\n\t\t\t\t\t\t\t\t\t<div class=\"elementor-button-wrapper\">\n\t\t\t\t\t<a class=\"elementor-button elementor-button-link elementor-size-lg\" href=\"https:\/\/eriecohealthohio.com\/es\/desintoxicacion\/contacto-con-el-centro-de-desintoxicacion\/\">\n\t\t\t\t\t\t<span class=\"elementor-button-content-wrapper\">\n\t\t\t\t\t\t\t\t\t<span class=\"elementor-button-text\">CONTACTO<\/span>\n\t\t\t\t\t<\/span>\n\t\t\t\t\t<\/a>\n\t\t\t\t<\/div>\n\t\t\t\t\t\t\t\t<\/div>\n\t\t\t\t<\/div>\n\t\t\t\t\t<\/div>\n\t\t<\/div>\n\t\t\t\t\t<\/div>\n\t\t<\/section>\n\t\t\t\t<section data-particle_enable=\"false\" data-particle-mobile-disabled=\"false\" class=\"elementor-section elementor-top-section elementor-element elementor-element-2ed25da2 elementor-section-boxed elementor-section-height-default elementor-section-height-default\" data-id=\"2ed25da2\" data-element_type=\"section\" data-e-type=\"section\">\n\t\t\t\t\t\t<div class=\"elementor-container elementor-column-gap-default\">\n\t\t\t\t\t<div class=\"elementor-column elementor-col-66 elementor-top-column elementor-element elementor-element-6252583b\" data-id=\"6252583b\" data-element_type=\"column\" data-e-type=\"column\">\n\t\t\t<div class=\"elementor-widget-wrap elementor-element-populated\">\n\t\t\t\t\t\t<div class=\"elementor-element elementor-element-fd999f4 elementor-widget elementor-widget-text-editor\" data-id=\"fd999f4\" data-element_type=\"widget\" data-e-type=\"widget\" data-widget_type=\"text-editor.default\">\n\t\t\t\t<div class=\"elementor-widget-container\">\n\t\t\t\t\t\t\t\t\t<h4>CENTRO DE DESINTOXICACI\u00d3N DEL CONDADO DE ERIE<\/h4><h5>GESTI\u00d3N DE LA RETIRADA<\/h5><p>En el Centro de Desintoxicaci\u00f3n del Condado de Erie, proporcionamos servicios de desintoxicaci\u00f3n monitoreados m\u00e9dicamente 24\/7 para aliviar las molestias de sus s\u00edntomas de abstinencia. Cada plan de tratamiento se adapta de forma \u00fanica para satisfacer las necesidades de cada paciente individual. Actualmente ofrecemos servicios para los siguientes:<\/p><ul><li>Abstinencia de opi\u00e1ceos<\/li><li>Abstinencia alcoh\u00f3lica<\/li><li>Abstinencia de benzodiacepinas<\/li><li>Abstinencia de estimulantes\/psicoestimulantes<\/li><\/ul><p><em><br \/><strong>*Nosotros<\/strong><\/em><strong> <em>do<\/em> <em>no<\/em> <em>actualmente<\/em> <em>proporcionar<\/em> <em>servicios<\/em> <em>para<\/em> <em>metadona<\/em> <em>retirada<\/em> <em>o<\/em> <em>embarazada<\/em> <em>pacientes,<\/em> <em>por favor<\/em> <em>siente<\/em> <em>gratis<\/em> <em>a<\/em> <em>p\u00f3ngase en contacto con<\/em> <em>us<\/em> <em>y<\/em> <em>nosotros<\/em> <em>puede<\/em> <em>organice<\/em> <em>a<\/em> <em>remisi\u00f3n<\/em> <em>para<\/em> <em>a ti.<\/em><\/strong><\/p><h5>TRATAMIENTO ASISTIDO CON MEDICACI\u00d3N<\/h5><p>Los pacientes interesados en el tratamiento asistido con medicaci\u00f3n pueden ser dados de alta directamente en nuestro programa ambulatorio Vivitrol\u00ae. Su primera dosis de Vivitrol\u00ae le ser\u00e1 administrada al ser dado de alta de nuestro centro de desintoxicaci\u00f3n. Si usted est\u00e1 interesado en otras formas de tratamiento asistido con medicaci\u00f3n, estaremos encantados de organizar una referencia para usted durante la planificaci\u00f3n del alta.<\/p><h5>SERVICIOS DE HOSPITALIZACI\u00d3N, AMBULATORIOS Y DE RECUPERACI\u00d3N<\/h5><p>El tratamiento de los trastornos por consumo de sustancias tras el alta es fundamental para su \u00e9xito a largo plazo en la recuperaci\u00f3n. Se llevar\u00e1 a cabo una evaluaci\u00f3n exhaustiva durante su estancia para recomendar el nivel de atenci\u00f3n m\u00e1s adecuado tras el alta. El Centro de Desintoxicaci\u00f3n del Condado de Erie colabora con una amplia red de proveedores de servicios de hospitalizaci\u00f3n, ambulatorios y de alojamiento para la recuperaci\u00f3n, a nivel local y en todo el estado de Ohio. Nuestros equipos cl\u00ednicos y de gesti\u00f3n de casos colaborar\u00e1n con usted durante su estancia para organizar todas las remisiones necesarias para el tratamiento antes del alta de nuestras instalaciones. Si usted va a buscar tratamiento hospitalario o vivienda de recuperaci\u00f3n, tambi\u00e9n podemos proporcionar transporte directamente desde nuestras instalaciones a su siguiente nivel de atenci\u00f3n (en funci\u00f3n de la disponibilidad).<\/p>\t\t\t\t\t\t\t\t<\/div>\n\t\t\t\t<\/div>\n\t\t\t\t\t<\/div>\n\t\t<\/div>\n\t\t\t\t<div class=\"elementor-column elementor-col-33 elementor-top-column elementor-element elementor-element-3fa0e7f7\" data-id=\"3fa0e7f7\" data-element_type=\"column\" data-e-type=\"column\">\n\t\t\t<div class=\"elementor-widget-wrap elementor-element-populated\">\n\t\t\t\t\t\t<section data-particle_enable=\"false\" data-particle-mobile-disabled=\"false\" class=\"elementor-section elementor-inner-section elementor-element elementor-element-3fa9106 elementor-section-boxed elementor-section-height-default elementor-section-height-default\" data-id=\"3fa9106\" data-element_type=\"section\" data-e-type=\"section\">\n\t\t\t\t\t\t<div class=\"elementor-container elementor-column-gap-default\">\n\t\t\t\t\t<div class=\"elementor-column elementor-col-100 elementor-inner-column elementor-element elementor-element-ec5f57e\" data-id=\"ec5f57e\" data-element_type=\"column\" data-e-type=\"column\">\n\t\t\t<div class=\"elementor-widget-wrap elementor-element-populated\">\n\t\t\t\t\t\t<div class=\"elementor-element elementor-element-68bad45 elementor-widget elementor-widget-image\" data-id=\"68bad45\" data-element_type=\"widget\" data-e-type=\"widget\" data-no-translation=\"\" data-widget_type=\"image.default\">\n\t\t\t\t<div class=\"elementor-widget-container\">\n\t\t\t\t\t<style>.elementor-element-68bad45{display:none !important}<\/style>\t\t\t\t<\/div>\n\t\t\t\t<\/div>\n\t\t\t\t\t<\/div>\n\t\t<\/div>\n\t\t\t\t\t<\/div>\n\t\t<\/section>\n\t\t\t\t<section data-particle_enable=\"false\" data-particle-mobile-disabled=\"false\" class=\"elementor-section elementor-inner-section elementor-element elementor-element-b221ec1 elementor-section-boxed elementor-section-height-default elementor-section-height-default\" data-id=\"b221ec1\" data-element_type=\"section\" data-e-type=\"section\">\n\t\t\t\t\t\t<div class=\"elementor-container elementor-column-gap-default\">\n\t\t\t\t\t<div class=\"elementor-column elementor-col-100 elementor-inner-column elementor-element elementor-element-4ae84ed\" data-id=\"4ae84ed\" data-element_type=\"column\" data-e-type=\"column\">\n\t\t\t<div class=\"elementor-widget-wrap elementor-element-populated\">\n\t\t\t\t\t\t<div class=\"elementor-element elementor-element-ca6c187 elementor-widget elementor-widget-image\" data-id=\"ca6c187\" data-element_type=\"widget\" data-e-type=\"widget\" data-no-translation=\"\" data-widget_type=\"image.default\">\n\t\t\t\t<div class=\"elementor-widget-container\">\n\t\t\t\t\t\t\t\t\t\t\t\t\t\t\t<img decoding=\"async\" width=\"300\" height=\"200\" src=\"https:\/\/eriecohealthohio.com\/wp-content\/uploads\/2024\/07\/Detox-Call-Now-Spanish-1.png\" class=\"attachment-full size-full wp-image-18277\" alt=\"Detox Call Now Spanish\" srcset=\"https:\/\/eriecohealthohio.com\/wp-content\/uploads\/2024\/07\/Detox-Call-Now-Spanish-1.png 300w, https:\/\/eriecohealthohio.com\/wp-content\/uploads\/2024\/07\/Detox-Call-Now-Spanish-1-18x12.png 18w\" sizes=\"(max-width: 300px) 100vw, 300px\" \/>\t\t\t\t\t\t\t\t\t\t\t\t\t\t\t<\/div>\n\t\t\t\t<\/div>\n\t\t\t\t\t<\/div>\n\t\t<\/div>\n\t\t\t\t\t<\/div>\n\t\t<\/section>\n\t\t\t\t\t<\/div>\n\t\t<\/div>\n\t\t\t\t\t<\/div>\n\t\t<\/section>\n\t\t\t\t<\/div>","protected":false},"excerpt":{"rendered":"<p>SERVICES ADMISSIONS INSURANCE FAQ&#8217;S CONTACT ERIE COUNTY DETOX CENTER WITHDRAWAL MANGEMENT At the Erie County Detox Center, we provide 24\/7 medically monitored detox services to ease the discomfort of your withdrawal symptoms. Every treatment plan is uniquely tailored to meet the needs of each individual patient. We currently provide services for the following: Opioid withdrawal [&hellip;]<\/p>\n","protected":false},"author":1,"featured_media":0,"parent":0,"menu_order":0,"comment_status":"closed","ping_status":"closed","template":"","meta":{"footnotes":"","_links_to":"","_links_to_target":""},"class_list":["post-890","page","type-page","status-publish","hentry"],"_links":{"self":[{"href":"https:\/\/eriecohealthohio.com\/es\/wp-json\/wp\/v2\/pages\/890","targetHints":{"allow":["GET"]}}],"collection":[{"href":"https:\/\/eriecohealthohio.com\/es\/wp-json\/wp\/v2\/pages"}],"about":[{"href":"https:\/\/eriecohealthohio.com\/es\/wp-json\/wp\/v2\/types\/page"}],"author":[{"embeddable":true,"href":"https:\/\/eriecohealthohio.com\/es\/wp-json\/wp\/v2\/users\/1"}],"replies":[{"embeddable":true,"href":"https:\/\/eriecohealthohio.com\/es\/wp-json\/wp\/v2\/comments?post=890"}],"version-history":[{"count":0,"href":"https:\/\/eriecohealthohio.com\/es\/wp-json\/wp\/v2\/pages\/890\/revisions"}],"wp:attachment":[{"href":"https:\/\/eriecohealthohio.com\/es\/wp-json\/wp\/v2\/media?parent=890"}],"curies":[{"name":"wp","href":"https:\/\/api.w.org\/{rel}","templated":true}]}}