{"id":7108,"date":"2022-07-19T19:53:33","date_gmt":"2022-07-19T19:53:33","guid":{"rendered":"https:\/\/eriecohealthohio.com\/?page_id=7108"},"modified":"2022-07-21T14:50:18","modified_gmt":"2022-07-21T14:50:18","slug":"consejo-consultivo-de-distrito","status":"publish","type":"page","link":"https:\/\/eriecohealthohio.com\/es\/district-advisory-council\/","title":{"rendered":"CONSEJO CONSULTIVO DE DISTRITO"},"content":{"rendered":"<div data-elementor-type=\"wp-page\" data-elementor-id=\"7108\" class=\"elementor elementor-7108\" data-elementor-post-type=\"page\">\n\t\t\t\t\t\t<section data-particle_enable=\"false\" data-particle-mobile-disabled=\"false\" class=\"elementor-section elementor-top-section elementor-element elementor-element-2cbe7238 elementor-section-boxed elementor-section-height-default elementor-section-height-default\" data-id=\"2cbe7238\" data-element_type=\"section\" data-e-type=\"section\">\n\t\t\t\t\t\t<div class=\"elementor-container elementor-column-gap-default\">\n\t\t\t\t\t<div class=\"elementor-column elementor-col-100 elementor-top-column elementor-element elementor-element-70c9fa7c\" data-id=\"70c9fa7c\" data-element_type=\"column\" data-e-type=\"column\">\n\t\t\t<div class=\"elementor-widget-wrap elementor-element-populated\">\n\t\t\t\t\t\t<div class=\"elementor-element elementor-element-399b90aa elementor-widget elementor-widget-heading\" data-id=\"399b90aa\" data-element_type=\"widget\" data-e-type=\"widget\" data-widget_type=\"heading.default\">\n\t\t\t\t<div class=\"elementor-widget-container\">\n\t\t\t\t\t<h2 class=\"elementor-heading-title elementor-size-large\">DEPARTAMENTO DE SALUD DEL CONDADO DE ERIE - CONSEJO ASESOR DE DISTRITO<\/h2>\t\t\t\t<\/div>\n\t\t\t\t<\/div>\n\t\t\t\t\t<\/div>\n\t\t<\/div>\n\t\t\t\t\t<\/div>\n\t\t<\/section>\n\t\t\t\t<section data-particle_enable=\"false\" data-particle-mobile-disabled=\"false\" class=\"elementor-section elementor-top-section elementor-element elementor-element-4dbd0256 elementor-section-boxed elementor-section-height-default elementor-section-height-default\" data-id=\"4dbd0256\" data-element_type=\"section\" data-e-type=\"section\">\n\t\t\t\t\t\t<div class=\"elementor-container elementor-column-gap-default\">\n\t\t\t\t\t<div class=\"elementor-column elementor-col-66 elementor-top-column elementor-element elementor-element-2ebc7af4\" data-id=\"2ebc7af4\" data-element_type=\"column\" data-e-type=\"column\">\n\t\t\t<div class=\"elementor-widget-wrap elementor-element-populated\">\n\t\t\t\t\t\t<div class=\"elementor-element elementor-element-59fd07a4 elementor-widget elementor-widget-text-editor\" data-id=\"59fd07a4\" data-element_type=\"widget\" data-e-type=\"widget\" data-widget_type=\"text-editor.default\">\n\t\t\t\t<div class=\"elementor-widget-container\">\n\t\t\t\t\t\t\t\t\t<p>El prop\u00f3sito del Consejo Asesor del Distrito es elegir a sus funcionarios, nombrar a cuatro de los once miembros de la Junta de Salud del Condado de Erie, recibir y considerar el informe anual o especial del Departamento de Salud del Condado de Erie y hacer recomendaciones al Distrito General de Salud del Condado de Erie con respecto a asuntos para la mejora de la salud y el saneamiento dentro del Distrito, o para la legislaci\u00f3n necesaria.<\/p><p>El Consejo Asesor del Distrito est\u00e1 compuesto por el Presidente de la Junta de Comisionados del Condado de Erie, el jefe ejecutivo de cada corporaci\u00f3n municipal que no constituya un distrito sanitario de ciudad (alcaldes de ciudades y pueblos), y el presidente del consejo de administraci\u00f3n de cada municipio del Distrito Sanitario General del Condado de Erie o sus representantes designados.<\/p><p>Los empleados y la administraci\u00f3n del Departamento de Salud del Condado de Erie extienden su sincero agradecimiento a los miembros de nuestra Junta de Salud y a los miembros del Consejo Asesor de Distrito por su dedicaci\u00f3n sin igual a la salud p\u00fablica y su preocupaci\u00f3n por la calidad de vida de todos los ciudadanos del Condado de Erie.<\/p>\t\t\t\t\t\t\t\t<\/div>\n\t\t\t\t<\/div>\n\t\t\t\t\t<\/div>\n\t\t<\/div>\n\t\t\t\t<div class=\"elementor-column elementor-col-33 elementor-top-column elementor-element elementor-element-4ac47c96\" data-id=\"4ac47c96\" data-element_type=\"column\" data-e-type=\"column\">\n\t\t\t<div class=\"elementor-widget-wrap elementor-element-populated\">\n\t\t\t\t\t\t<div class=\"elementor-element elementor-element-4529d213 elementor-widget elementor-widget-text-editor\" data-id=\"4529d213\" data-element_type=\"widget\" data-e-type=\"widget\" data-widget_type=\"text-editor.default\">\n\t\t\t\t<div class=\"elementor-widget-container\">\n\t\t\t\t\t\t\t\t\t<h5>SOBRE NOSOTROS<\/h5><p><a href=\"https:\/\/eriecohealthohio.com\/es\/centro-de-salud\/lugares\/\">UBICACIONES<\/a><\/p><p><a href=\"https:\/\/eriecohealthohio.com\/es\/nuestro-liderazgo\/\">NUESTRO LIDERAZGO<\/a><\/p><p><a href=\"https:\/\/eriecohealthohio.com\/es\/divisiones-de-la-agencia\/\">DIVISIONES DE LA AGENCIA<\/a><\/p><p><a href=\"https:\/\/eriecohealthohio.com\/es\/consejo-de-salud\/\">CONSEJO DE SALUD<\/a><\/p><p><a href=\"https:\/\/eriecohealthohio.com\/es\/fqhc-co-junta-de-candidatos\/\">JUNTA DE CO-SOLICITANTES DEL FQHC<\/a><\/p><p><a href=\"https:\/\/eriecohealthohio.com\/es\/consejo-consultivo-de-distrito\/\">CONSEJO CONSULTIVO DE DISTRITO<\/a><\/p><p><a href=\"https:\/\/eriecohealthohio.com\/es\/informes-de-evaluacion\/\">EVALUACIONES E INFORMES DE AGENCIAS<\/a><\/p><p><a href=\"https:\/\/eriecohealthohio.com\/es\/puestos-de-trabajo\/\">CARRERAS EN SALUD P\u00daBLICA<\/a><\/p><p><a href=\"https:\/\/eriecohealthohio.com\/es\/pongase-en-contacto-con\/\">CONTACTO<\/a><\/p>\t\t\t\t\t\t\t\t<\/div>\n\t\t\t\t<\/div>\n\t\t\t\t\t<\/div>\n\t\t<\/div>\n\t\t\t\t\t<\/div>\n\t\t<\/section>\n\t\t\t\t<\/div>","protected":false},"excerpt":{"rendered":"<p>ERIE COUNTY HEALTH DEPARTMENT &#8211; DISTRICT ADVISORY COUNCIL The purpose of the District Advisory Council is to elect its officers, appoint four of the eleven members to the Erie County Board of Health, receive and consider the annual or special report of the Erie County Health Department and make recommendations to the Erie County General [&hellip;]<\/p>\n","protected":false},"author":1,"featured_media":0,"parent":0,"menu_order":0,"comment_status":"closed","ping_status":"closed","template":"","meta":{"footnotes":"","_links_to":"","_links_to_target":""},"class_list":["post-7108","page","type-page","status-publish","hentry"],"_links":{"self":[{"href":"https:\/\/eriecohealthohio.com\/es\/wp-json\/wp\/v2\/pages\/7108","targetHints":{"allow":["GET"]}}],"collection":[{"href":"https:\/\/eriecohealthohio.com\/es\/wp-json\/wp\/v2\/pages"}],"about":[{"href":"https:\/\/eriecohealthohio.com\/es\/wp-json\/wp\/v2\/types\/page"}],"author":[{"embeddable":true,"href":"https:\/\/eriecohealthohio.com\/es\/wp-json\/wp\/v2\/users\/1"}],"replies":[{"embeddable":true,"href":"https:\/\/eriecohealthohio.com\/es\/wp-json\/wp\/v2\/comments?post=7108"}],"version-history":[{"count":0,"href":"https:\/\/eriecohealthohio.com\/es\/wp-json\/wp\/v2\/pages\/7108\/revisions"}],"wp:attachment":[{"href":"https:\/\/eriecohealthohio.com\/es\/wp-json\/wp\/v2\/media?parent=7108"}],"curies":[{"name":"wp","href":"https:\/\/api.w.org\/{rel}","templated":true}]}}