{"id":7106,"date":"2022-07-19T19:52:37","date_gmt":"2022-07-19T19:52:37","guid":{"rendered":"https:\/\/eriecohealthohio.com\/?page_id=7106"},"modified":"2024-08-13T13:40:58","modified_gmt":"2024-08-13T17:40:58","slug":"divisiones-de-la-agencia","status":"publish","type":"page","link":"https:\/\/eriecohealthohio.com\/es\/agency-divisions\/","title":{"rendered":"DIVISIONES DE LA AGENCIA"},"content":{"rendered":"<div data-elementor-type=\"wp-page\" data-elementor-id=\"7106\" class=\"elementor elementor-7106\" data-elementor-post-type=\"page\">\n\t\t\t\t\t\t<section data-particle_enable=\"false\" data-particle-mobile-disabled=\"false\" class=\"elementor-section elementor-top-section elementor-element elementor-element-6d4f248e elementor-section-boxed elementor-section-height-default elementor-section-height-default\" data-id=\"6d4f248e\" data-element_type=\"section\" data-e-type=\"section\">\n\t\t\t\t\t\t<div class=\"elementor-container elementor-column-gap-default\">\n\t\t\t\t\t<div class=\"elementor-column elementor-col-100 elementor-top-column elementor-element elementor-element-6ffd6522\" data-id=\"6ffd6522\" data-element_type=\"column\" data-e-type=\"column\">\n\t\t\t<div class=\"elementor-widget-wrap elementor-element-populated\">\n\t\t\t\t\t\t<div class=\"elementor-element elementor-element-1e87890e elementor-widget elementor-widget-heading\" data-id=\"1e87890e\" data-element_type=\"widget\" data-e-type=\"widget\" data-widget_type=\"heading.default\">\n\t\t\t\t<div class=\"elementor-widget-container\">\n\t\t\t\t\t<h2 class=\"elementor-heading-title elementor-size-large\">DEPARTAMENTO DE SALUD DEL CONDADO DE ERIE - DIVISIONES DE LA AGENCIA<\/h2>\t\t\t\t<\/div>\n\t\t\t\t<\/div>\n\t\t\t\t\t<\/div>\n\t\t<\/div>\n\t\t\t\t\t<\/div>\n\t\t<\/section>\n\t\t\t\t<section data-particle_enable=\"false\" data-particle-mobile-disabled=\"false\" class=\"elementor-section elementor-top-section elementor-element elementor-element-7c6de9be elementor-section-boxed elementor-section-height-default elementor-section-height-default\" data-id=\"7c6de9be\" data-element_type=\"section\" data-e-type=\"section\">\n\t\t\t\t\t\t<div class=\"elementor-container elementor-column-gap-default\">\n\t\t\t\t\t<div class=\"elementor-column elementor-col-66 elementor-top-column elementor-element elementor-element-4bb29f6\" data-id=\"4bb29f6\" data-element_type=\"column\" data-e-type=\"column\">\n\t\t\t<div class=\"elementor-widget-wrap elementor-element-populated\">\n\t\t\t\t\t\t<div class=\"elementor-element elementor-element-139ca3b5 elementor-widget elementor-widget-text-editor\" data-id=\"139ca3b5\" data-element_type=\"widget\" data-e-type=\"widget\" data-widget_type=\"text-editor.default\">\n\t\t\t\t<div class=\"elementor-widget-container\">\n\t\t\t\t\t\t\t\t\t<h5>Servicios administrativos<\/h5><p>La Divisi\u00f3n de Servicios Administrativos garantiza el funcionamiento eficiente y eficaz del Departamento de Salud del Condado de Erie. Nuestro equipo proporciona servicios de apoyo esenciales, como gesti\u00f3n financiera, recursos humanos, gesti\u00f3n de instalaciones y tecnolog\u00eda de la informaci\u00f3n. Supervisamos la elaboraci\u00f3n de presupuestos, la contabilidad, las n\u00f3minas, las compras y la administraci\u00f3n de subvenciones. Adem\u00e1s, gestionamos la infraestructura f\u00edsica del departamento, mantenemos los registros de los empleados y apoyamos el desarrollo de la mano de obra. A trav\u00e9s de estas funciones cr\u00edticas, contribuimos al \u00e9xito general de la misi\u00f3n del departamento de salud.<\/p><h5>Centro Comunitario de Salud del Condado de Erie<\/h5><p>El Centro de Salud Comunitario del Condado de Erie (ECCHC), un Centro de Salud Federalmente Calificado, proporciona servicios de salud para ayudar a apoyar las necesidades de nuestra comunidad. Los servicios se prestan a personas desde el nacimiento hasta la tercera edad y var\u00edan en funci\u00f3n de las necesidades individuales. El ECCHC, reconocido como Hogar M\u00e9dico Centrado en el Paciente (PCMH, por sus siglas en ingl\u00e9s), se esfuerza por proporcionar un acceso c\u00f3modo a la atenci\u00f3n m\u00e9dica, dental y de salud conductual en m\u00faltiples ubicaciones de los condados de Erie, Huron y Ottawa, y tambi\u00e9n utiliza un Veh\u00edculo Sanitario M\u00f3vil para proporcionar servicios sanitarios y dentales en toda la regi\u00f3n de los tres condados. El ECCHC tiene como objetivo abordar y promover la salud de la poblaci\u00f3n al tiempo que proporciona acceso a la atenci\u00f3n y a recursos adicionales dentro de nuestra comunidad.<\/p><h5>Enfermer\u00eda de Salud P\u00fablica<\/h5><p>La Divisi\u00f3n de Enfermer\u00eda de Salud P\u00fablica proporciona amplios servicios de enfermer\u00eda en diversos entornos en todo el condado de Erie, incluyendo varios distritos escolares diferentes y el Programa de Ni\u00f1os con Discapacidades M\u00e9dicas (CMH). Nuestras enfermeras de salud p\u00fablica dedican la mayor parte de su tiempo a la evaluaci\u00f3n m\u00e9dica, la educaci\u00f3n, la gesti\u00f3n de casos, la mitigaci\u00f3n de la propagaci\u00f3n de enfermedades, la aplicaci\u00f3n de las directrices sanitarias m\u00e1s actualizadas y la realizaci\u00f3n de las derivaciones necesarias para las personas que atienden.<\/p><h5>Mujeres, beb\u00e9s y ni\u00f1os (WIC)<\/h5><p>El programa de Mujeres, Infantes y Ni\u00f1os (WIC) del Condado de Erie-Huron es un Programa Especial de Nutrici\u00f3n Suplementaria. Erie-Huron County WIC ofrece servicios en tres lugares: en el Campus Principal ECCHC, en el Centro de Salud de Norwalk, y en el Centro de Salud Escolar de Vermilion. WIC es un programa de asistencia federal financiado por USDA que proporciona alimentos nutritivos, educaci\u00f3n nutricional, apoyo a la lactancia materna y referencias para servicios adicionales de salud o comunitarios a mujeres, beb\u00e9s y ni\u00f1os de Ohio en riesgo m\u00e9dico y nutricional.<\/p><h5>Epidemiolog\u00eda y preparaci\u00f3n para emergencias<\/h5><p>La Oficina de Epidemiolog\u00eda y Preparaci\u00f3n para Emergencias es responsable de salvaguardar la salud de los residentes del condado de Erie mediante s\u00f3lidas actividades de vigilancia y preparaci\u00f3n. Nuestro equipo supervisa el estado de salud de la comunidad investigando y conteniendo los problemas sanitarios emergentes. Mediante la vigilancia activa y pasiva, incluida la notificaci\u00f3n de enfermedades de declaraci\u00f3n obligatoria, obtenemos informaci\u00f3n sobre la salud de nuestra poblaci\u00f3n que nos permite desarrollar programas eficaces de prevenci\u00f3n y respuesta a las enfermedades. Nuestros esfuerzos de preparaci\u00f3n ante emergencias incluyen el desarrollo y la aplicaci\u00f3n de planes de respuesta, la formaci\u00f3n de profesionales sanitarios y socios comunitarios, y la garant\u00eda de acceso a recursos esenciales para la comunidad.<\/p><h5>Salud mental y del comportamiento<\/h5><p>La Divisi\u00f3n de Salud Mental y del Comportamiento se cre\u00f3 en 2017 para mejorar el C\u00edrculo de Atenci\u00f3n de ECHD proporcionando una amplia gama de servicios de salud mental y del comportamiento. Dirigimos los servicios de enfermer\u00eda institucional, incluida la atenci\u00f3n sanitaria a personas implicadas en procesos judiciales en las c\u00e1rceles de los condados de Ottawa y Erie y en el Centro de Justicia Juvenil del condado de Erie. Tambi\u00e9n proporcionamos asesoramiento vital de salud mental, servicios de estabilizaci\u00f3n de crisis y apoyo a personas en recuperaci\u00f3n a trav\u00e9s de asociaciones con Becky's House, un centro de alojamiento para la recuperaci\u00f3n exclusivo para mujeres, y dos centros de alojamiento para la recuperaci\u00f3n exclusivos para hombres. La red de atenci\u00f3n de la divisi\u00f3n incluye el Centro de Salud Comunitaria del Condado de Erie, el Centro de Desintoxicaci\u00f3n del Condado de Erie, la Casa Kaptur-Rogowski y el Centro de Enriquecimiento para Mayores Compass Point, que trabajan en colaboraci\u00f3n para aumentar la eficiencia y la eficacia de la prestaci\u00f3n de servicios en toda la comunidad.<\/p><h5>Salud medioambiental<\/h5><p>La Divisi\u00f3n de Salud Medioambiental salvaguarda la salud p\u00fablica previniendo y controlando las enfermedades transmitidas a trav\u00e9s del medio ambiente. Nuestro equipo trabaja diligentemente para proteger a la comunidad de los peligros presentes en los hogares, los alimentos, el agua y el medio ambiente en general mediante inspecciones rutinarias, investigaciones de enfermedades y la aplicaci\u00f3n de la normativa estatal y local. Ofrecemos formaci\u00f3n ServSafe\u00a9 a establecimientos de servicios alimentarios y supervisamos la concesi\u00f3n de licencias a restaurantes ambulantes y fijos, instalaciones de tatuajes\/arte corporal y piscinas. Nuestra divisi\u00f3n tambi\u00e9n gestiona el Laboratorio Regional de Aguas de Respuesta, que realiza an\u00e1lisis biol\u00f3gicos y qu\u00edmicos del agua para clientes locales y regionales. Adem\u00e1s, realizamos muestreos de agua en m\u00e1s de 20 playas de la zona y puntos de acceso al agua en el condado de Erie para proteger la salud p\u00fablica.<\/p><h5>Subvenciones, marketing y garant\u00eda de calidad<\/h5><p>La Divisi\u00f3n de Subvenciones, Marketing y Garant\u00eda de Calidad (GMQ) se dedica a mejorar la salud y el bienestar de los residentes del condado de Erie a trav\u00e9s de la planificaci\u00f3n estrat\u00e9gica, la participaci\u00f3n de la comunidad y la mejora de la calidad. Creada en 2023 para fomentar la colaboraci\u00f3n entre el Departamento de Salud del Condado de Erie y el Centro de Salud Comunitaria del Condado de Erie, GMQ crea asociaciones s\u00f3lidas para abordar las necesidades de salud de la comunidad. Nuestro equipo dirige las evaluaciones de salud de la comunidad y la planificaci\u00f3n de mejoras, asegura la financiaci\u00f3n vital e implementa iniciativas para mejorar la calidad de nuestros servicios. Al alinear nuestros esfuerzos con las prioridades de la comunidad, GMQ impulsa un cambio positivo y crea un condado de Erie m\u00e1s saludable.<\/p><h5>Control del riesgo del plomo y hogares saludables<\/h5><p>La Oficina de Control del Riesgo del Plomo y Viviendas Saludables se cre\u00f3 en 2021. El objetivo principal de esta nueva oficina es ampliar la capacidad de nuestra agencia para abordar las viviendas residenciales deterioradas que afectan negativamente a la salud y la seguridad de los residentes. Las reparaciones de viviendas y las mejoras en la construcci\u00f3n han sido financiadas por subvenciones federales, estatales y locales para facilitar proyectos que aborden los problemas de salud prevalentes de los residentes, como el envenenamiento infantil por plomo, el asma, el c\u00e1ncer de pulm\u00f3n y los peligros estructurales de seguridad que amenazan la vida y la seguridad. Desgraciadamente, la mayor\u00eda de estos problemas se dan en viviendas antiguas de familias con bajos ingresos.<\/p>\t\t\t\t\t\t\t\t<\/div>\n\t\t\t\t<\/div>\n\t\t\t\t\t<\/div>\n\t\t<\/div>\n\t\t\t\t<div class=\"elementor-column elementor-col-33 elementor-top-column elementor-element elementor-element-3a396073\" data-id=\"3a396073\" data-element_type=\"column\" data-e-type=\"column\">\n\t\t\t<div class=\"elementor-widget-wrap elementor-element-populated\">\n\t\t\t\t\t\t<div class=\"elementor-element elementor-element-1e06d0b8 elementor-widget elementor-widget-text-editor\" data-id=\"1e06d0b8\" data-element_type=\"widget\" data-e-type=\"widget\" data-widget_type=\"text-editor.default\">\n\t\t\t\t<div class=\"elementor-widget-container\">\n\t\t\t\t\t\t\t\t\t<h5>SOBRE NOSOTROS<\/h5><p><a href=\"https:\/\/eriecohealthohio.com\/es\/centro-de-salud\/lugares\/\">UBICACIONES<\/a><\/p><p><a href=\"https:\/\/eriecohealthohio.com\/es\/nuestro-liderazgo\/\">NUESTRO LIDERAZGO<\/a><\/p><p><a href=\"https:\/\/eriecohealthohio.com\/es\/divisiones-de-la-agencia\/\">DIVISIONES DE LA AGENCIA<\/a><\/p><p><a href=\"https:\/\/eriecohealthohio.com\/es\/consejo-de-salud\/\">CONSEJO DE SALUD<\/a><\/p><p><a href=\"https:\/\/eriecohealthohio.com\/es\/fqhc-co-junta-de-candidatos\/\">JUNTA DE CO-SOLICITANTES DEL FQHC<\/a><\/p><p><a href=\"https:\/\/eriecohealthohio.com\/es\/consejo-consultivo-de-distrito\/\">CONSEJO CONSULTIVO DE DISTRITO<\/a><\/p><p><a href=\"https:\/\/eriecohealthohio.com\/es\/informes-de-evaluacion\/\">EVALUACIONES E INFORMES DE AGENCIAS<\/a><\/p><p><a href=\"https:\/\/eriecohealthohio.com\/es\/puestos-de-trabajo\/\">CARRERAS EN SALUD P\u00daBLICA<\/a><\/p><p><a href=\"https:\/\/eriecohealthohio.com\/es\/pongase-en-contacto-con\/\">CONTACTO<\/a><\/p>\t\t\t\t\t\t\t\t<\/div>\n\t\t\t\t<\/div>\n\t\t\t\t\t<\/div>\n\t\t<\/div>\n\t\t\t\t\t<\/div>\n\t\t<\/section>\n\t\t\t\t<\/div>","protected":false},"excerpt":{"rendered":"<p>ERIE COUNTY HEALTH DEPARTMENT &#8211; AGENCY DIVISIONS Administrative Services The Administrative Services Division ensures the efficient and effective operation of the Erie County Health Department. Our team provides essential support services including financial management, human resources, facilities management, and information technology. We oversee budgeting, accounting, payroll, purchasing, and grant administration. Additionally, we manage the department&#8217;s [&hellip;]<\/p>\n","protected":false},"author":1,"featured_media":0,"parent":0,"menu_order":0,"comment_status":"closed","ping_status":"closed","template":"","meta":{"footnotes":"","_links_to":"","_links_to_target":""},"class_list":["post-7106","page","type-page","status-publish","hentry"],"_links":{"self":[{"href":"https:\/\/eriecohealthohio.com\/es\/wp-json\/wp\/v2\/pages\/7106","targetHints":{"allow":["GET"]}}],"collection":[{"href":"https:\/\/eriecohealthohio.com\/es\/wp-json\/wp\/v2\/pages"}],"about":[{"href":"https:\/\/eriecohealthohio.com\/es\/wp-json\/wp\/v2\/types\/page"}],"author":[{"embeddable":true,"href":"https:\/\/eriecohealthohio.com\/es\/wp-json\/wp\/v2\/users\/1"}],"replies":[{"embeddable":true,"href":"https:\/\/eriecohealthohio.com\/es\/wp-json\/wp\/v2\/comments?post=7106"}],"version-history":[{"count":0,"href":"https:\/\/eriecohealthohio.com\/es\/wp-json\/wp\/v2\/pages\/7106\/revisions"}],"wp:attachment":[{"href":"https:\/\/eriecohealthohio.com\/es\/wp-json\/wp\/v2\/media?parent=7106"}],"curies":[{"name":"wp","href":"https:\/\/api.w.org\/{rel}","templated":true}]}}