{"id":6967,"date":"2022-07-19T18:10:42","date_gmt":"2022-07-19T18:10:42","guid":{"rendered":"https:\/\/eriecohealthohio.com\/?page_id=6967"},"modified":"2026-02-25T12:04:13","modified_gmt":"2026-02-25T16:04:13","slug":"informes-de-evaluacion","status":"publish","type":"page","link":"https:\/\/eriecohealthohio.com\/es\/assessments-reports\/","title":{"rendered":"EVALUACIONES E INFORMES"},"content":{"rendered":"<div data-elementor-type=\"wp-page\" data-elementor-id=\"6967\" class=\"elementor elementor-6967\" data-elementor-post-type=\"page\">\n\t\t\t\t\t\t<section data-particle_enable=\"false\" data-particle-mobile-disabled=\"false\" class=\"elementor-section elementor-top-section elementor-element elementor-element-3e704621 elementor-section-boxed elementor-section-height-default elementor-section-height-default\" data-id=\"3e704621\" data-element_type=\"section\" data-e-type=\"section\">\n\t\t\t\t\t\t<div class=\"elementor-container elementor-column-gap-default\">\n\t\t\t\t\t<div class=\"elementor-column elementor-col-100 elementor-top-column elementor-element elementor-element-e54814f\" data-id=\"e54814f\" data-element_type=\"column\" data-e-type=\"column\">\n\t\t\t<div class=\"elementor-widget-wrap elementor-element-populated\">\n\t\t\t\t\t\t<div class=\"elementor-element elementor-element-6286e105 elementor-widget elementor-widget-heading\" data-id=\"6286e105\" data-element_type=\"widget\" data-e-type=\"widget\" data-widget_type=\"heading.default\">\n\t\t\t\t<div class=\"elementor-widget-container\">\n\t\t\t\t\t<h2 class=\"elementor-heading-title elementor-size-large\">DEPARTAMENTO DE SALUD DEL CONDADO DE ERIE - EVALUACIONES E INFORMES<\/h2>\t\t\t\t<\/div>\n\t\t\t\t<\/div>\n\t\t\t\t\t<\/div>\n\t\t<\/div>\n\t\t\t\t\t<\/div>\n\t\t<\/section>\n\t\t\t\t<section data-particle_enable=\"false\" data-particle-mobile-disabled=\"false\" class=\"elementor-section elementor-top-section elementor-element elementor-element-f964fa0 elementor-section-boxed elementor-section-height-default elementor-section-height-default\" data-id=\"f964fa0\" data-element_type=\"section\" data-e-type=\"section\">\n\t\t\t\t\t\t<div class=\"elementor-container elementor-column-gap-default\">\n\t\t\t\t\t<div class=\"elementor-column elementor-col-50 elementor-top-column elementor-element elementor-element-0dd4137\" data-id=\"0dd4137\" data-element_type=\"column\" data-e-type=\"column\">\n\t\t\t<div class=\"elementor-widget-wrap elementor-element-populated\">\n\t\t\t\t\t\t<div class=\"elementor-element elementor-element-a1a0818 elementor-widget elementor-widget-accordion\" data-id=\"a1a0818\" data-element_type=\"widget\" data-e-type=\"widget\" data-widget_type=\"accordion.default\">\n\t\t\t\t<div class=\"elementor-widget-container\">\n\t\t\t\t\t\t\t<div class=\"elementor-accordion\">\n\t\t\t\t\t\t\t<div class=\"elementor-accordion-item\">\n\t\t\t\t\t<div id=\"elementor-tab-title-1691\" class=\"elementor-tab-title\" data-tab=\"1\" role=\"button\" aria-controls=\"elementor-tab-content-1691\" aria-expanded=\"false\">\n\t\t\t\t\t\t\t\t\t\t\t\t\t<span class=\"elementor-accordion-icon elementor-accordion-icon-left\" aria-hidden=\"true\">\n\t\t\t\t\t\t\t\t\t\t\t\t\t\t\t<span class=\"elementor-accordion-icon-closed\"><i class=\"fas fa-plus\"><\/i><\/span>\n\t\t\t\t\t\t\t\t<span class=\"elementor-accordion-icon-opened\"><i class=\"fas fa-minus\"><\/i><\/span>\n\t\t\t\t\t\t\t\t\t\t\t\t\t\t<\/span>\n\t\t\t\t\t\t\t\t\t\t\t\t<a class=\"elementor-accordion-title\" tabindex=\"0\">INFORMES ANUALES<\/a>\n\t\t\t\t\t<\/div>\n\t\t\t\t\t<div id=\"elementor-tab-content-1691\" class=\"elementor-tab-content elementor-clearfix\" data-tab=\"1\" role=\"region\" aria-labelledby=\"elementor-tab-title-1691\"><p><a href=\"https:\/\/eriecohealthohio.com\/wp-content\/uploads\/2023\/03\/FINAL-2022-Annual-Report_compressed.pdf\" target=\"_blank\" rel=\"noopener\">Informe anual 2022<\/a><\/p><p><a href=\"https:\/\/eriecohealthohio.com\/wp-content\/uploads\/2022\/07\/2021-Annual-Report-FINAL-DRAFT.pdf\" target=\"_blank\" rel=\"noopener\">Informe anual 2021<\/a><\/p><p><a href=\"https:\/\/eriecohealthohio.com\/wp-content\/uploads\/2022\/07\/2020-Annual-Report-FINAL-DRAFT.pdf\" target=\"_blank\" rel=\"noopener\">Informe anual 2020<\/a><\/p><p><a href=\"https:\/\/eriecohealthohio.com\/wp-content\/uploads\/2022\/07\/2019-Health-Dept-Annual-Report.pdf\" target=\"_blank\" rel=\"noopener\">Informe anual de 2019<\/a><\/p><p><a href=\"https:\/\/eriecohealthohio.com\/wp-content\/uploads\/2022\/07\/2018_Health_Dept_Annual_Report.pdf\" target=\"_blank\" rel=\"noopener\">Informe_anual_2018<\/a><\/p><p><a href=\"https:\/\/eriecohealthohio.com\/wp-content\/uploads\/2022\/07\/2017-Health-Dept-Annual-Report.pdf\" target=\"_blank\" rel=\"noopener\">Informe anual de 2017<\/a><\/p><p><a href=\"https:\/\/eriecohealthohio.com\/wp-content\/uploads\/2022\/07\/2016-Annual-Report.pdf\" target=\"_blank\" rel=\"noopener\">Informe anual 2016<\/a><\/p><p><a href=\"https:\/\/eriecohealthohio.com\/wp-content\/uploads\/2022\/07\/2015-Annual-Report.pdf\" target=\"_blank\" rel=\"noopener\">Informe anual 2015<\/a><\/p><p><a href=\"https:\/\/eriecohealthohio.com\/wp-content\/uploads\/2022\/07\/2014-Annual-Report.pdf\" target=\"_blank\" rel=\"noopener\">Informe anual 2014<\/a><\/p><p><a href=\"https:\/\/eriecohealthohio.com\/wp-content\/uploads\/2022\/07\/2013-Annual-Report.pdf\" target=\"_blank\" rel=\"noopener\">Informe anual 2013<\/a><\/p><p><a href=\"https:\/\/eriecohealthohio.com\/wp-content\/uploads\/2022\/07\/2012-Annual-Report.pdf\" target=\"_blank\" rel=\"noopener\">Informe anual 2012<\/a><\/p><\/div>\n\t\t\t\t<\/div>\n\t\t\t\t\t\t\t<div class=\"elementor-accordion-item\">\n\t\t\t\t\t<div id=\"elementor-tab-title-1692\" class=\"elementor-tab-title\" data-tab=\"2\" role=\"button\" aria-controls=\"elementor-tab-content-1692\" aria-expanded=\"false\">\n\t\t\t\t\t\t\t\t\t\t\t\t\t<span class=\"elementor-accordion-icon elementor-accordion-icon-left\" aria-hidden=\"true\">\n\t\t\t\t\t\t\t\t\t\t\t\t\t\t\t<span class=\"elementor-accordion-icon-closed\"><i class=\"fas fa-plus\"><\/i><\/span>\n\t\t\t\t\t\t\t\t<span class=\"elementor-accordion-icon-opened\"><i class=\"fas fa-minus\"><\/i><\/span>\n\t\t\t\t\t\t\t\t\t\t\t\t\t\t<\/span>\n\t\t\t\t\t\t\t\t\t\t\t\t<a class=\"elementor-accordion-title\" tabindex=\"0\">INFORMES ANUALES<\/a>\n\t\t\t\t\t<\/div>\n\t\t\t\t\t<div id=\"elementor-tab-content-1692\" class=\"elementor-tab-content elementor-clearfix\" data-tab=\"2\" role=\"region\" aria-labelledby=\"elementor-tab-title-1692\"><p><a href=\"https:\/\/eriecohealthohio.com\/wp-content\/uploads\/2026\/02\/2025-Annual-Report_compressed.pdf\" target=\"_blank\" rel=\"noopener\">Informe anual de 2025<\/a><\/p><p><a href=\"https:\/\/eriecohealthohio.com\/wp-content\/uploads\/2025\/04\/2024-Annual-Report.pdf_compressed.pdf\" target=\"_blank\" rel=\"noopener\">Informe anual 2024<\/a><\/p><p><a href=\"https:\/\/eriecohealthohio.com\/wp-content\/uploads\/2024\/04\/ECHD-2023-Annual-Report.pdf\" target=\"_blank\" rel=\"noopener\">Informe anual 2023<\/a><\/p><p><a href=\"https:\/\/eriecohealthohio.com\/wp-content\/uploads\/2023\/03\/FINAL-2022-Annual-Report_compressed.pdf\" target=\"_blank\" rel=\"noopener\">Informe anual 2022<\/a><\/p><p><a href=\"https:\/\/eriecohealthohio.com\/wp-content\/uploads\/2022\/07\/2021-Annual-Report-FINAL-DRAFT.pdf\" target=\"_blank\" rel=\"noopener\">Informe anual 2021<\/a><\/p><p><a href=\"https:\/\/eriecohealthohio.com\/wp-content\/uploads\/2022\/07\/2020-Annual-Report-FINAL-DRAFT.pdf\" target=\"_blank\" rel=\"noopener\">Informe anual 2020<\/a><\/p><p><a href=\"https:\/\/eriecohealthohio.com\/wp-content\/uploads\/2022\/07\/2019-Health-Dept-Annual-Report.pdf\" target=\"_blank\" rel=\"noopener\">Informe anual de 2019<\/a><\/p><p><a href=\"https:\/\/eriecohealthohio.com\/wp-content\/uploads\/2022\/07\/2018_Health_Dept_Annual_Report.pdf\" target=\"_blank\" rel=\"noopener\">Informe_anual_2018<\/a><\/p><p><a href=\"https:\/\/eriecohealthohio.com\/wp-content\/uploads\/2022\/07\/2017-Health-Dept-Annual-Report.pdf\" target=\"_blank\" rel=\"noopener\">Informe anual de 2017<\/a><\/p><p><a href=\"https:\/\/eriecohealthohio.com\/wp-content\/uploads\/2022\/07\/2016-Annual-Report.pdf\" target=\"_blank\" rel=\"noopener\">Informe anual 2016<\/a><\/p><p><a href=\"https:\/\/eriecohealthohio.com\/wp-content\/uploads\/2022\/07\/2015-Annual-Report.pdf\" target=\"_blank\" rel=\"noopener\">Informe anual 2015<\/a><\/p><p><a href=\"https:\/\/eriecohealthohio.com\/wp-content\/uploads\/2022\/07\/2014-Annual-Report.pdf\" target=\"_blank\" rel=\"noopener\">Informe anual 2014<\/a><\/p><p><a href=\"https:\/\/eriecohealthohio.com\/wp-content\/uploads\/2022\/07\/2013-Annual-Report.pdf\" target=\"_blank\" rel=\"noopener\">Informe anual 2013<\/a><\/p><p><a href=\"https:\/\/eriecohealthohio.com\/wp-content\/uploads\/2022\/07\/2012-Annual-Report.pdf\" target=\"_blank\" rel=\"noopener\">Informe anual 2012<\/a><\/p><\/div>\n\t\t\t\t<\/div>\n\t\t\t\t\t\t\t<div class=\"elementor-accordion-item\">\n\t\t\t\t\t<div id=\"elementor-tab-title-1693\" class=\"elementor-tab-title\" data-tab=\"3\" role=\"button\" aria-controls=\"elementor-tab-content-1693\" aria-expanded=\"false\">\n\t\t\t\t\t\t\t\t\t\t\t\t\t<span class=\"elementor-accordion-icon elementor-accordion-icon-left\" aria-hidden=\"true\">\n\t\t\t\t\t\t\t\t\t\t\t\t\t\t\t<span class=\"elementor-accordion-icon-closed\"><i class=\"fas fa-plus\"><\/i><\/span>\n\t\t\t\t\t\t\t\t<span class=\"elementor-accordion-icon-opened\"><i class=\"fas fa-minus\"><\/i><\/span>\n\t\t\t\t\t\t\t\t\t\t\t\t\t\t<\/span>\n\t\t\t\t\t\t\t\t\t\t\t\t<a class=\"elementor-accordion-title\" tabindex=\"0\">EVALUACIONES SANITARIAS COMUNITARIAS<\/a>\n\t\t\t\t\t<\/div>\n\t\t\t\t\t<div id=\"elementor-tab-content-1693\" class=\"elementor-tab-content elementor-clearfix\" data-tab=\"3\" role=\"region\" aria-labelledby=\"elementor-tab-title-1693\"><p><a href=\"https:\/\/eriecohealthohio.com\/wp-content\/uploads\/2024\/10\/2024-Erie-County-Community-Health-Assessment.pdf\" target=\"_blank\" rel=\"noopener\">2024 Evaluaci\u00f3n de la salud comunitaria<\/a><\/p><p><a href=\"https:\/\/eriecohealthohio.com\/wp-content\/uploads\/2024\/10\/Erie-County-YHA.pdf\" target=\"_blank\" rel=\"noopener\">2024 Evaluaci\u00f3n de la salud de los j\u00f3venes del condado de Erie<\/a><\/p><p><a href=\"https:\/\/eriecohealthohio.com\/wp-content\/uploads\/2023\/01\/2022-Community-Health-Assessment-Document.pdf\" target=\"_blank\" rel=\"noopener\">2022 Evaluaci\u00f3n de la salud comunitaria<\/a><\/p><p><a href=\"https:\/\/eriecohealthohio.com\/wp-content\/uploads\/2022\/08\/Final-2021-Erie-County-Youth-Health-Assessment.pdf\" target=\"_blank\" rel=\"noopener\">2021 Evaluaci\u00f3n de la salud de los j\u00f3venes del condado de Erie<\/a><\/p><p><a href=\"https:\/\/eriecohealthohio.com\/wp-content\/uploads\/2022\/07\/Final-2021-Women-of-Childbearing-Ages-Report-5-1.pdf\" target=\"_blank\" rel=\"noopener\">Informe 2021 sobre las mujeres en edad f\u00e9rtil<\/a><\/p><p><a href=\"https:\/\/eriecohealthohio.com\/wp-content\/uploads\/2022\/07\/2020-Opioid-Assessment-7.19.21-002.pdf\" target=\"_blank\" rel=\"noopener\">Evaluaci\u00f3n de los opi\u00e1ceos en 2020<\/a><\/p><p><a href=\"https:\/\/eriecohealthohio.com\/wp-content\/uploads\/2022\/07\/Final-Erie-County-Executive-Summary-Report-11-4-19.pdf\" target=\"_blank\" rel=\"noopener\">Evaluaci\u00f3n de la salud comunitaria 2019 - Resumen ejecutivo y estado de salud mental<\/a><\/p><p><a href=\"https:\/\/eriecohealthohio.com\/wp-content\/uploads\/2022\/07\/Final-Erie-County-CHA-with-cover-11-14-19-1-1.pdf\" target=\"_blank\" rel=\"noopener\">Evaluaci\u00f3n de la salud comunitaria 2019<\/a><\/p><p><a href=\"https:\/\/eriecohealthohio.com\/wp-content\/uploads\/2022\/07\/2018-Erie-County-Youth-Health-Assessment.pdf\" target=\"_blank\" rel=\"noopener\">Evaluaci\u00f3n de la salud 2017: Evaluaci\u00f3n de la salud de la comunidad juvenil<\/a><\/p><p><a href=\"https:\/\/eriecohealthohio.com\/wp-content\/uploads\/2022\/07\/2016-Health-Assessment-Women-of-Childbearing-Ages-1.pdf\" target=\"_blank\" rel=\"noopener\">Evaluaci\u00f3n de la salud 2016: Mujeres en edad f\u00e9rtil<\/a><\/p><p><a href=\"https:\/\/eriecohealthohio.com\/wp-content\/uploads\/2022\/07\/2015-Health-Assessment.pdf\" target=\"_blank\" rel=\"noopener\">Evaluaci\u00f3n de la salud 2015<\/a><\/p><p><a href=\"https:\/\/eriecohealthohio.com\/wp-content\/uploads\/2022\/07\/2013-Health-Assessment.pdf\" target=\"_blank\" rel=\"noopener\">Evaluaci\u00f3n de la salud 2013<\/a><\/p><p><a href=\"https:\/\/eriecohealthohio.com\/wp-content\/uploads\/2022\/07\/2012-Health-Assessment-Children-With-Special-Needs-1.pdf\" target=\"_blank\" rel=\"noopener\">Evaluaci\u00f3n de la salud 2012: Ni\u00f1os con necesidades especiales<\/a><\/p><p><a href=\"https:\/\/eriecohealthohio.com\/wp-content\/uploads\/2022\/07\/2012-Health-Assessment-Disaster-Preparedness.pdf\" target=\"_blank\" rel=\"noopener\">Evaluaci\u00f3n Sanitaria 2012: Preparaci\u00f3n ante cat\u00e1strofes<\/a><\/p><p><a href=\"https:\/\/eriecohealthohio.com\/wp-content\/uploads\/2022\/07\/2012-Health-Assessment.pdf\" target=\"_blank\" rel=\"noopener\">Evaluaci\u00f3n de la salud 2012: Informe de evaluaci\u00f3n de la salud de adultos y j\u00f3venes<\/a><\/p><\/div>\n\t\t\t\t<\/div>\n\t\t\t\t\t\t\t<div class=\"elementor-accordion-item\">\n\t\t\t\t\t<div id=\"elementor-tab-title-1694\" class=\"elementor-tab-title\" data-tab=\"4\" role=\"button\" aria-controls=\"elementor-tab-content-1694\" aria-expanded=\"false\">\n\t\t\t\t\t\t\t\t\t\t\t\t\t<span class=\"elementor-accordion-icon elementor-accordion-icon-left\" aria-hidden=\"true\">\n\t\t\t\t\t\t\t\t\t\t\t\t\t\t\t<span class=\"elementor-accordion-icon-closed\"><i class=\"fas fa-plus\"><\/i><\/span>\n\t\t\t\t\t\t\t\t<span class=\"elementor-accordion-icon-opened\"><i class=\"fas fa-minus\"><\/i><\/span>\n\t\t\t\t\t\t\t\t\t\t\t\t\t\t<\/span>\n\t\t\t\t\t\t\t\t\t\t\t\t<a class=\"elementor-accordion-title\" tabindex=\"0\">PLAN COMUNITARIO DE MEJORA DE LA SALUD<\/a>\n\t\t\t\t\t<\/div>\n\t\t\t\t\t<div id=\"elementor-tab-content-1694\" class=\"elementor-tab-content elementor-clearfix\" data-tab=\"4\" role=\"region\" aria-labelledby=\"elementor-tab-title-1694\"><p><a href=\"https:\/\/eriecohealthohio.com\/wp-content\/uploads\/2025\/03\/2025-2027CHIP_compressed.pdf\" target=\"_blank\" rel=\"noopener\">Plan comunitario de mejora de la salud 2025-2027<\/a><\/p><p><a href=\"https:\/\/eriecohealthohio.com\/wp-content\/uploads\/2022\/07\/Erie-County-2020-2022-CHIP.pdf\" target=\"_blank\" rel=\"noopener\">Plan comunitario de mejora de la salud 2020-2022<\/a><\/p><p><a href=\"https:\/\/eriecohealthohio.com\/wp-content\/uploads\/2022\/07\/communityhealthimprovementplan.pdf\" target=\"_blank\" rel=\"noopener\">Plan comunitario de mejora de la salud 2017-2020<\/a><\/p><\/div>\n\t\t\t\t<\/div>\n\t\t\t\t\t\t\t<div class=\"elementor-accordion-item\">\n\t\t\t\t\t<div id=\"elementor-tab-title-1695\" class=\"elementor-tab-title\" data-tab=\"5\" role=\"button\" aria-controls=\"elementor-tab-content-1695\" aria-expanded=\"false\">\n\t\t\t\t\t\t\t\t\t\t\t\t\t<span class=\"elementor-accordion-icon elementor-accordion-icon-left\" aria-hidden=\"true\">\n\t\t\t\t\t\t\t\t\t\t\t\t\t\t\t<span class=\"elementor-accordion-icon-closed\"><i class=\"fas fa-plus\"><\/i><\/span>\n\t\t\t\t\t\t\t\t<span class=\"elementor-accordion-icon-opened\"><i class=\"fas fa-minus\"><\/i><\/span>\n\t\t\t\t\t\t\t\t\t\t\t\t\t\t<\/span>\n\t\t\t\t\t\t\t\t\t\t\t\t<a class=\"elementor-accordion-title\" tabindex=\"0\">PLAN ESTRAT\u00c9GICO<\/a>\n\t\t\t\t\t<\/div>\n\t\t\t\t\t<div id=\"elementor-tab-content-1695\" class=\"elementor-tab-content elementor-clearfix\" data-tab=\"5\" role=\"region\" aria-labelledby=\"elementor-tab-title-1695\"><p><a href=\"https:\/\/eriecohealthohio.com\/wp-content\/uploads\/2026\/01\/25-28-Strategic-Plan-V2.pdf\" target=\"_blank\" rel=\"noopener\">Plan Estrat\u00e9gico 2025-2028<\/a><\/p><p><a href=\"https:\/\/eriecohealthohio.com\/wp-content\/uploads\/2022\/12\/Strategic-Plan.pdf\" target=\"_blank\" rel=\"noopener\">Plan Estrat\u00e9gico 2023-2025<\/a><\/p><\/div>\n\t\t\t\t<\/div>\n\t\t\t\t\t\t\t\t<\/div>\n\t\t\t\t\t\t<\/div>\n\t\t\t\t<\/div>\n\t\t\t\t\t<\/div>\n\t\t<\/div>\n\t\t\t\t<div class=\"elementor-column elementor-col-50 elementor-top-column elementor-element elementor-element-fba5767\" data-id=\"fba5767\" data-element_type=\"column\" data-e-type=\"column\">\n\t\t\t<div class=\"elementor-widget-wrap elementor-element-populated\">\n\t\t\t\t\t\t<div class=\"elementor-element elementor-element-1252590 elementor-widget elementor-widget-text-editor\" data-id=\"1252590\" data-element_type=\"widget\" data-e-type=\"widget\" data-widget_type=\"text-editor.default\">\n\t\t\t\t<div class=\"elementor-widget-container\">\n\t\t\t\t\t\t\t\t\t<h5>SOBRE NOSOTROS<\/h5><p><a href=\"https:\/\/eriecohealthohio.com\/es\/centro-de-salud\/lugares\/\">UBICACIONES<\/a><\/p><p><a href=\"https:\/\/eriecohealthohio.com\/es\/nuestro-liderazgo\/\">NUESTRO LIDERAZGO<\/a><\/p><p><a href=\"https:\/\/eriecohealthohio.com\/es\/divisiones-de-la-agencia\/\">DIVISIONES DE LA AGENCIA<\/a><\/p><p><a href=\"https:\/\/eriecohealthohio.com\/es\/consejo-de-salud\/\">CONSEJO DE SALUD<\/a><\/p><p><a href=\"https:\/\/eriecohealthohio.com\/es\/fqhc-co-junta-de-candidatos\/\">JUNTA DE CO-SOLICITANTES DEL FQHC<\/a><\/p><p><a href=\"https:\/\/eriecohealthohio.com\/es\/consejo-consultivo-de-distrito\/\">CONSEJO CONSULTIVO DE DISTRITO<\/a><\/p><p><a href=\"https:\/\/eriecohealthohio.com\/es\/informes-de-evaluacion\/\">EVALUACIONES E INFORMES DE AGENCIAS<\/a><\/p><p><a href=\"https:\/\/eriecohealthohio.com\/es\/puestos-de-trabajo\/\">CARRERAS EN SALUD P\u00daBLICA<\/a><\/p><p><a href=\"https:\/\/eriecohealthohio.com\/es\/pongase-en-contacto-con\/\">CONTACTO<\/a><\/p>\t\t\t\t\t\t\t\t<\/div>\n\t\t\t\t<\/div>\n\t\t\t\t\t<\/div>\n\t\t<\/div>\n\t\t\t\t\t<\/div>\n\t\t<\/section>\n\t\t\t\t<\/div>","protected":false},"excerpt":{"rendered":"<p>ERIE COUNTY HEALTH DEPARTMENT &#8211; ASSESSMENTS &amp; REPORTS ANNUAL REPORTS 2022 Annual Report 2021-Annual-Report 2020-Annual-Report 2019-Annual-Report 2018-Annual_Report 2017-Annual-Report 2016-Annual-Report 2015-Annual-Report 2014-Annual-Report 2013-Annual-Report 2012-Annual-Report ANNUAL REPORTS 2025 Annual Report 2024 Annual Report 2023 Annual Report 2022 Annual Report 2021-Annual-Report 2020-Annual-Report 2019-Annual-Report 2018-Annual_Report 2017-Annual-Report 2016-Annual-Report 2015-Annual-Report 2014-Annual-Report 2013-Annual-Report 2012-Annual-Report COMMUNITY HEALTH ASSESSMENTS 2024 Community Health Assessment 2024 [&hellip;]<\/p>\n","protected":false},"author":1,"featured_media":0,"parent":0,"menu_order":0,"comment_status":"closed","ping_status":"closed","template":"","meta":{"footnotes":"","_links_to":"","_links_to_target":""},"class_list":["post-6967","page","type-page","status-publish","hentry"],"_links":{"self":[{"href":"https:\/\/eriecohealthohio.com\/es\/wp-json\/wp\/v2\/pages\/6967","targetHints":{"allow":["GET"]}}],"collection":[{"href":"https:\/\/eriecohealthohio.com\/es\/wp-json\/wp\/v2\/pages"}],"about":[{"href":"https:\/\/eriecohealthohio.com\/es\/wp-json\/wp\/v2\/types\/page"}],"author":[{"embeddable":true,"href":"https:\/\/eriecohealthohio.com\/es\/wp-json\/wp\/v2\/users\/1"}],"replies":[{"embeddable":true,"href":"https:\/\/eriecohealthohio.com\/es\/wp-json\/wp\/v2\/comments?post=6967"}],"version-history":[{"count":0,"href":"https:\/\/eriecohealthohio.com\/es\/wp-json\/wp\/v2\/pages\/6967\/revisions"}],"wp:attachment":[{"href":"https:\/\/eriecohealthohio.com\/es\/wp-json\/wp\/v2\/media?parent=6967"}],"curies":[{"name":"wp","href":"https:\/\/api.w.org\/{rel}","templated":true}]}}