{"id":6949,"date":"2022-07-19T17:33:30","date_gmt":"2022-07-19T17:33:30","guid":{"rendered":"https:\/\/eriecohealthohio.com\/?page_id=6949"},"modified":"2024-12-17T11:09:56","modified_gmt":"2024-12-17T15:09:56","slug":"enfermeria-de-salud-publica","status":"publish","type":"page","link":"https:\/\/eriecohealthohio.com\/es\/public-health-nursing\/","title":{"rendered":"ENFERMER\u00cdA DE SALUD P\u00daBLICA"},"content":{"rendered":"<div data-elementor-type=\"wp-page\" data-elementor-id=\"6949\" class=\"elementor elementor-6949\" data-elementor-post-type=\"page\">\n\t\t\t\t\t\t<section data-particle_enable=\"false\" data-particle-mobile-disabled=\"false\" class=\"elementor-section elementor-top-section elementor-element elementor-element-6a828c0e elementor-section-boxed elementor-section-height-default elementor-section-height-default\" data-id=\"6a828c0e\" data-element_type=\"section\" data-e-type=\"section\">\n\t\t\t\t\t\t<div class=\"elementor-container elementor-column-gap-default\">\n\t\t\t\t\t<div class=\"elementor-column elementor-col-100 elementor-top-column elementor-element elementor-element-70210147\" data-id=\"70210147\" data-element_type=\"column\" data-e-type=\"column\">\n\t\t\t<div class=\"elementor-widget-wrap elementor-element-populated\">\n\t\t\t\t\t\t<div class=\"elementor-element elementor-element-6c0ea37b elementor-widget elementor-widget-heading\" data-id=\"6c0ea37b\" data-element_type=\"widget\" data-e-type=\"widget\" data-widget_type=\"heading.default\">\n\t\t\t\t<div class=\"elementor-widget-container\">\n\t\t\t\t\t<h2 class=\"elementor-heading-title elementor-size-large\">PROGRAMA DE ENFERMER\u00cdA DE SALUD P\u00daBLICA<\/h2>\t\t\t\t<\/div>\n\t\t\t\t<\/div>\n\t\t\t\t\t<\/div>\n\t\t<\/div>\n\t\t\t\t\t<\/div>\n\t\t<\/section>\n\t\t\t\t<section data-particle_enable=\"false\" data-particle-mobile-disabled=\"false\" class=\"elementor-section elementor-top-section elementor-element elementor-element-6f7c6141 elementor-section-boxed elementor-section-height-default elementor-section-height-default\" data-id=\"6f7c6141\" data-element_type=\"section\" data-e-type=\"section\">\n\t\t\t\t\t\t<div class=\"elementor-container elementor-column-gap-default\">\n\t\t\t\t\t<div class=\"elementor-column elementor-col-100 elementor-top-column elementor-element elementor-element-77474b82\" data-id=\"77474b82\" data-element_type=\"column\" data-e-type=\"column\">\n\t\t\t<div class=\"elementor-widget-wrap elementor-element-populated\">\n\t\t\t\t\t\t<div class=\"elementor-element elementor-element-7a2ceeca elementor-widget elementor-widget-text-editor\" data-id=\"7a2ceeca\" data-element_type=\"widget\" data-e-type=\"widget\" data-widget_type=\"text-editor.default\">\n\t\t\t\t<div class=\"elementor-widget-container\">\n\t\t\t\t\t\t\t\t\t<p>El Departamento de Salud del Condado de Erie\/ECCHC proporciona servicios de enfermer\u00eda escolar en todo el Condado de Erie y m\u00e1s all\u00e1.  Nuestras enfermeras de salud p\u00fablica que trabajan dentro de cada distrito escolar proporcionan experiencia y supervisi\u00f3n para la prestaci\u00f3n de servicios de salud, manejo de casos, promoci\u00f3n de la salud, mitigaci\u00f3n de enfermedades y educaci\u00f3n.  Nuestras enfermeras escolares de salud p\u00fablica son el v\u00ednculo clave entre el personal escolar, las familias, los proveedores de atenci\u00f3n sanitaria y la comunidad.<\/p>\t\t\t\t\t\t\t\t<\/div>\n\t\t\t\t<\/div>\n\t\t\t\t\t<\/div>\n\t\t<\/div>\n\t\t\t\t\t<\/div>\n\t\t<\/section>\n\t\t\t\t<section data-particle_enable=\"false\" data-particle-mobile-disabled=\"false\" class=\"elementor-section elementor-top-section elementor-element elementor-element-9a11e00 elementor-section-boxed elementor-section-height-default elementor-section-height-default\" data-id=\"9a11e00\" data-element_type=\"section\" data-e-type=\"section\">\n\t\t\t\t\t\t<div class=\"elementor-container elementor-column-gap-default\">\n\t\t\t\t\t<div class=\"elementor-column elementor-col-100 elementor-top-column elementor-element elementor-element-473b3d1\" data-id=\"473b3d1\" data-element_type=\"column\" data-e-type=\"column\">\n\t\t\t<div class=\"elementor-widget-wrap elementor-element-populated\">\n\t\t\t\t\t\t<div class=\"elementor-element elementor-element-dcdfc0a elementor-widget elementor-widget-image\" data-id=\"dcdfc0a\" data-element_type=\"widget\" data-e-type=\"widget\" data-widget_type=\"image.default\">\n\t\t\t\t<div class=\"elementor-widget-container\">\n\t\t\t\t\t\t\t\t\t\t\t\t\t\t\t<img fetchpriority=\"high\" decoding=\"async\" width=\"1600\" height=\"600\" src=\"https:\/\/eriecohealthohio.com\/wp-content\/uploads\/2022\/07\/schools-served-photo-2.png\" class=\"attachment-full size-full wp-image-6961\" alt=\"escuelas atendidas foto\" srcset=\"https:\/\/eriecohealthohio.com\/wp-content\/uploads\/2022\/07\/schools-served-photo-2.png 1600w, https:\/\/eriecohealthohio.com\/wp-content\/uploads\/2022\/07\/schools-served-photo-2-300x113.png 300w, https:\/\/eriecohealthohio.com\/wp-content\/uploads\/2022\/07\/schools-served-photo-2-1024x384.png 1024w, https:\/\/eriecohealthohio.com\/wp-content\/uploads\/2022\/07\/schools-served-photo-2-768x288.png 768w, https:\/\/eriecohealthohio.com\/wp-content\/uploads\/2022\/07\/schools-served-photo-2-1536x576.png 1536w\" sizes=\"(max-width: 1600px) 100vw, 1600px\" \/>\t\t\t\t\t\t\t\t\t\t\t\t\t\t\t<\/div>\n\t\t\t\t<\/div>\n\t\t\t\t\t<\/div>\n\t\t<\/div>\n\t\t\t\t\t<\/div>\n\t\t<\/section>\n\t\t\t\t<section data-particle_enable=\"false\" data-particle-mobile-disabled=\"false\" class=\"elementor-section elementor-top-section elementor-element elementor-element-5606f8b3 elementor-section-boxed elementor-section-height-default elementor-section-height-default\" data-id=\"5606f8b3\" data-element_type=\"section\" data-e-type=\"section\">\n\t\t\t\t\t\t<div class=\"elementor-container elementor-column-gap-default\">\n\t\t\t\t\t<div class=\"elementor-column elementor-col-100 elementor-top-column elementor-element elementor-element-1c46d318\" data-id=\"1c46d318\" data-element_type=\"column\" data-e-type=\"column\">\n\t\t\t<div class=\"elementor-widget-wrap elementor-element-populated\">\n\t\t\t\t\t\t<div class=\"elementor-element elementor-element-30fb32d5 elementor-widget elementor-widget-text-editor\" data-id=\"30fb32d5\" data-element_type=\"widget\" data-e-type=\"widget\" data-widget_type=\"text-editor.default\">\n\t\t\t\t<div class=\"elementor-widget-container\">\n\t\t\t\t\t\t\t\t\t<h5>ENFERMER\u00cdA CORRECCIONAL<\/h5><p>El programa de Enfermer\u00eda de Salud P\u00fablica del ECHD\/ECCHC proporciona una variedad de servicios de enfermer\u00eda en diversos entornos para satisfacer las necesidades sanitarias de toda la comunidad, incluido el sistema penitenciario de los condados de Erie y Ottawa.<\/p><h5>NI\u00d1OS CON DISCAPACIDADES M\u00c9DICAS (CMH)\u00a0<\/h5><p>Poner en contacto a las personas con los servicios sanitarios necesarios es un servicio esencial de nuestra agencia p\u00fablica de asistencia sanitaria.  El Programa para Ni\u00f1os con Discapacidades M\u00e9dicas (Children with Medical Handicaps Program, CMH) es un programa de asistencia sanitaria a trav\u00e9s del Departamento de Salud de Ohio (Ohio Department of Health, ODH).  Este programa pone en contacto a las familias de ni\u00f1os con necesidades especiales de atenci\u00f3n sanitaria con una red de proveedores de calidad y ayuda a las familias a obtener el pago de los servicios que necesitan sus hijos.<\/p><h5>RECURSOS<\/h5><p><a href=\"https:\/\/odh.ohio.gov\/know-our-programs\/children-with-medical-handicaps\/welcome\" target=\"_blank\" rel=\"noopener\">Programa de Ni\u00f1os con Discapacidades M\u00e9dicas (CMH) del Departamento de Salud de Ohio<\/a>\u00a0<\/p><h5>CONTACTO<\/h5><p>Para obtener m\u00e1s informaci\u00f3n sobre cualquiera de nuestros programas de enfermer\u00eda de salud p\u00fablica, p\u00f3ngase en contacto con:<\/p><p><strong> Melisa Faulkner, RN<\/strong><br \/><strong>419-626-5623 Ext. 5140 <\/strong><br \/><strong><a href=\"mailto:mfaulkner@echdohio.org\">mfaulkner@echdohio.org<\/a><\/strong>.<\/p>\t\t\t\t\t\t\t\t<\/div>\n\t\t\t\t<\/div>\n\t\t\t\t\t<\/div>\n\t\t<\/div>\n\t\t\t\t\t<\/div>\n\t\t<\/section>\n\t\t\t\t<\/div>","protected":false},"excerpt":{"rendered":"<p>PUBLIC HEALTH NURSING PROGRAM The Erie County Health Dept\/ECCHC provides school nursing services throughout Erie County and further.\u00a0 Our public health nurses that work within each school district provides expertise and oversight for the provision of health services, case management, health promotion, disease mitigation, and education.\u00a0 Our Public Health School Nurses are the key link [&hellip;]<\/p>\n","protected":false},"author":1,"featured_media":0,"parent":0,"menu_order":0,"comment_status":"closed","ping_status":"closed","template":"","meta":{"footnotes":"","_links_to":"","_links_to_target":""},"class_list":["post-6949","page","type-page","status-publish","hentry"],"_links":{"self":[{"href":"https:\/\/eriecohealthohio.com\/es\/wp-json\/wp\/v2\/pages\/6949","targetHints":{"allow":["GET"]}}],"collection":[{"href":"https:\/\/eriecohealthohio.com\/es\/wp-json\/wp\/v2\/pages"}],"about":[{"href":"https:\/\/eriecohealthohio.com\/es\/wp-json\/wp\/v2\/types\/page"}],"author":[{"embeddable":true,"href":"https:\/\/eriecohealthohio.com\/es\/wp-json\/wp\/v2\/users\/1"}],"replies":[{"embeddable":true,"href":"https:\/\/eriecohealthohio.com\/es\/wp-json\/wp\/v2\/comments?post=6949"}],"version-history":[{"count":0,"href":"https:\/\/eriecohealthohio.com\/es\/wp-json\/wp\/v2\/pages\/6949\/revisions"}],"wp:attachment":[{"href":"https:\/\/eriecohealthohio.com\/es\/wp-json\/wp\/v2\/media?parent=6949"}],"curies":[{"name":"wp","href":"https:\/\/api.w.org\/{rel}","templated":true}]}}