{"id":6731,"date":"2022-07-19T13:25:58","date_gmt":"2022-07-19T13:25:58","guid":{"rendered":"https:\/\/eriecohealthohio.com\/?page_id=6731"},"modified":"2024-12-12T12:50:32","modified_gmt":"2024-12-12T16:50:32","slug":"pruebas-covid-19","status":"publish","type":"page","link":"https:\/\/eriecohealthohio.com\/es\/covid-19-2-2-2-2\/covid-19-testing\/","title":{"rendered":"PRUEBAS"},"content":{"rendered":"<div data-elementor-type=\"wp-page\" data-elementor-id=\"6731\" class=\"elementor elementor-6731\" data-elementor-post-type=\"page\">\n\t\t\t\t\t\t<section data-particle_enable=\"false\" data-particle-mobile-disabled=\"false\" class=\"elementor-section elementor-top-section elementor-element elementor-element-6e4bcc6 elementor-section-boxed elementor-section-height-default elementor-section-height-default\" data-id=\"6e4bcc6\" data-element_type=\"section\" data-e-type=\"section\">\n\t\t\t\t\t\t<div class=\"elementor-container elementor-column-gap-default\">\n\t\t\t\t\t<div class=\"elementor-column elementor-col-100 elementor-top-column elementor-element elementor-element-5fafe36a\" data-id=\"5fafe36a\" data-element_type=\"column\" data-e-type=\"column\">\n\t\t\t<div class=\"elementor-widget-wrap elementor-element-populated\">\n\t\t\t\t\t\t<div class=\"elementor-element elementor-element-6c9bc8f5 elementor-widget elementor-widget-image\" data-id=\"6c9bc8f5\" data-element_type=\"widget\" data-e-type=\"widget\" data-widget_type=\"image.default\">\n\t\t\t\t<div class=\"elementor-widget-container\">\n\t\t\t\t\t\t\t\t\t\t\t\t\t\t\t\t<a href=\"https:\/\/eriecohealthohio.com\/es\/covid-19\/\">\n\t\t\t\t\t\t\t<img fetchpriority=\"high\" decoding=\"async\" width=\"1600\" height=\"600\" src=\"https:\/\/eriecohealthohio.com\/wp-content\/uploads\/2023\/09\/Covid-Banner-Spanish.png\" class=\"attachment-full size-full wp-image-14045\" alt=\"Covid Banner Espa\u00f1ol\" srcset=\"https:\/\/eriecohealthohio.com\/wp-content\/uploads\/2023\/09\/Covid-Banner-Spanish.png 1600w, https:\/\/eriecohealthohio.com\/wp-content\/uploads\/2023\/09\/Covid-Banner-Spanish-300x113.png 300w, https:\/\/eriecohealthohio.com\/wp-content\/uploads\/2023\/09\/Covid-Banner-Spanish-1024x384.png 1024w, https:\/\/eriecohealthohio.com\/wp-content\/uploads\/2023\/09\/Covid-Banner-Spanish-768x288.png 768w, https:\/\/eriecohealthohio.com\/wp-content\/uploads\/2023\/09\/Covid-Banner-Spanish-1536x576.png 1536w, https:\/\/eriecohealthohio.com\/wp-content\/uploads\/2023\/09\/Covid-Banner-Spanish-18x7.png 18w\" sizes=\"(max-width: 1600px) 100vw, 1600px\" \/>\t\t\t\t\t\t\t\t<\/a>\n\t\t\t\t\t\t\t\t\t\t\t\t\t\t\t<\/div>\n\t\t\t\t<\/div>\n\t\t\t\t\t<\/div>\n\t\t<\/div>\n\t\t\t\t\t<\/div>\n\t\t<\/section>\n\t\t\t\t<section data-particle_enable=\"false\" data-particle-mobile-disabled=\"false\" class=\"elementor-section elementor-top-section elementor-element elementor-element-6cdae0da elementor-section-boxed elementor-section-height-default elementor-section-height-default\" data-id=\"6cdae0da\" data-element_type=\"section\" data-e-type=\"section\">\n\t\t\t\t\t\t<div class=\"elementor-container elementor-column-gap-default\">\n\t\t\t\t\t<div class=\"elementor-column elementor-col-33 elementor-top-column elementor-element elementor-element-7ff3911c\" data-id=\"7ff3911c\" data-element_type=\"column\" data-e-type=\"column\">\n\t\t\t<div class=\"elementor-widget-wrap elementor-element-populated\">\n\t\t\t\t\t\t<div class=\"elementor-element elementor-element-4dbf1a9f elementor-align-center elementor-widget elementor-widget-button\" data-id=\"4dbf1a9f\" data-element_type=\"widget\" data-e-type=\"widget\" data-widget_type=\"button.default\">\n\t\t\t\t<div class=\"elementor-widget-container\">\n\t\t\t\t\t\t\t\t\t<div class=\"elementor-button-wrapper\">\n\t\t\t\t\t<a class=\"elementor-button elementor-button-link elementor-size-lg\" href=\"https:\/\/eriecohealthohio.com\/es\/covid-19\/vacuna-covid-19\/\">\n\t\t\t\t\t\t<span class=\"elementor-button-content-wrapper\">\n\t\t\t\t\t\t\t\t\t<span class=\"elementor-button-text\">VACUNA<\/span>\n\t\t\t\t\t<\/span>\n\t\t\t\t\t<\/a>\n\t\t\t\t<\/div>\n\t\t\t\t\t\t\t\t<\/div>\n\t\t\t\t<\/div>\n\t\t\t\t\t<\/div>\n\t\t<\/div>\n\t\t\t\t<div class=\"elementor-column elementor-col-33 elementor-top-column elementor-element elementor-element-27a2bd59\" data-id=\"27a2bd59\" data-element_type=\"column\" data-e-type=\"column\">\n\t\t\t<div class=\"elementor-widget-wrap elementor-element-populated\">\n\t\t\t\t\t\t<div class=\"elementor-element elementor-element-6258c37a elementor-align-center elementor-widget elementor-widget-button\" data-id=\"6258c37a\" data-element_type=\"widget\" data-e-type=\"widget\" data-widget_type=\"button.default\">\n\t\t\t\t<div class=\"elementor-widget-container\">\n\t\t\t\t\t\t\t\t\t<div class=\"elementor-button-wrapper\">\n\t\t\t\t\t<a class=\"elementor-button elementor-button-link elementor-size-lg\" href=\"https:\/\/eriecohealthohio.com\/es\/covid-19\/pruebas-covid-19\/\">\n\t\t\t\t\t\t<span class=\"elementor-button-content-wrapper\">\n\t\t\t\t\t\t\t\t\t<span class=\"elementor-button-text\">PRUEBAS<\/span>\n\t\t\t\t\t<\/span>\n\t\t\t\t\t<\/a>\n\t\t\t\t<\/div>\n\t\t\t\t\t\t\t\t<\/div>\n\t\t\t\t<\/div>\n\t\t\t\t\t<\/div>\n\t\t<\/div>\n\t\t\t\t<div class=\"elementor-column elementor-col-33 elementor-top-column elementor-element elementor-element-3ec62580\" data-id=\"3ec62580\" data-element_type=\"column\" data-e-type=\"column\">\n\t\t\t<div class=\"elementor-widget-wrap elementor-element-populated\">\n\t\t\t\t\t\t<div class=\"elementor-element elementor-element-6d5d1f35 elementor-align-center elementor-widget elementor-widget-button\" data-id=\"6d5d1f35\" data-element_type=\"widget\" data-e-type=\"widget\" data-widget_type=\"button.default\">\n\t\t\t\t<div class=\"elementor-widget-container\">\n\t\t\t\t\t\t\t\t\t<div class=\"elementor-button-wrapper\">\n\t\t\t\t\t<a class=\"elementor-button elementor-button-link elementor-size-lg\" href=\"https:\/\/eriecohealthohio.com\/es\/covid-19\/covid-19-contacto\/\">\n\t\t\t\t\t\t<span class=\"elementor-button-content-wrapper\">\n\t\t\t\t\t\t\t\t\t<span class=\"elementor-button-text\">CONTACTO<\/span>\n\t\t\t\t\t<\/span>\n\t\t\t\t\t<\/a>\n\t\t\t\t<\/div>\n\t\t\t\t\t\t\t\t<\/div>\n\t\t\t\t<\/div>\n\t\t\t\t\t<\/div>\n\t\t<\/div>\n\t\t\t\t\t<\/div>\n\t\t<\/section>\n\t\t\t\t<section data-particle_enable=\"false\" data-particle-mobile-disabled=\"false\" class=\"elementor-section elementor-top-section elementor-element elementor-element-a418764 elementor-section-boxed elementor-section-height-default elementor-section-height-default\" data-id=\"a418764\" data-element_type=\"section\" data-e-type=\"section\">\n\t\t\t\t\t\t<div class=\"elementor-container elementor-column-gap-default\">\n\t\t\t\t\t<div class=\"elementor-column elementor-col-100 elementor-top-column elementor-element elementor-element-c2bd2e4\" data-id=\"c2bd2e4\" data-element_type=\"column\" data-e-type=\"column\">\n\t\t\t<div class=\"elementor-widget-wrap elementor-element-populated\">\n\t\t\t\t\t\t<div class=\"elementor-element elementor-element-3f431fa elementor-widget elementor-widget-text-editor\" data-id=\"3f431fa\" data-element_type=\"widget\" data-e-type=\"widget\" data-widget_type=\"text-editor.default\">\n\t\t\t\t<div class=\"elementor-widget-container\">\n\t\t\t\t\t\t\t\t\t<h4>COVID-19 - PRUEBAS<\/h4>\t\t\t\t\t\t\t\t<\/div>\n\t\t\t\t<\/div>\n\t\t\t\t\t<\/div>\n\t\t<\/div>\n\t\t\t\t\t<\/div>\n\t\t<\/section>\n\t\t\t\t<section data-particle_enable=\"false\" data-particle-mobile-disabled=\"false\" class=\"elementor-section elementor-top-section elementor-element elementor-element-4040a5d9 elementor-section-boxed elementor-section-height-default elementor-section-height-default\" data-id=\"4040a5d9\" data-element_type=\"section\" data-e-type=\"section\">\n\t\t\t\t\t\t<div class=\"elementor-container elementor-column-gap-default\">\n\t\t\t\t\t<div class=\"elementor-column elementor-col-100 elementor-top-column elementor-element elementor-element-7d0df62\" data-id=\"7d0df62\" data-element_type=\"column\" data-e-type=\"column\">\n\t\t\t<div class=\"elementor-widget-wrap elementor-element-populated\">\n\t\t\t\t\t\t<div class=\"elementor-element elementor-element-8c60a06 elementor-widget elementor-widget-text-editor\" data-id=\"8c60a06\" data-element_type=\"widget\" data-e-type=\"widget\" data-widget_type=\"text-editor.default\">\n\t\t\t\t<div class=\"elementor-widget-container\">\n\t\t\t\t\t\t\t\t\t<h5><span style=\"font-size: 16px;\"><img decoding=\"async\" class=\"alignright wp-image-7376 size-medium\" src=\"https:\/\/eriecohealthohio.com\/wp-content\/uploads\/2022\/07\/Covid-Test-Image-300x300.png\" alt=\"Imagen de prueba de Covid\" width=\"300\" height=\"300\" srcset=\"https:\/\/eriecohealthohio.com\/wp-content\/uploads\/2022\/07\/Covid-Test-Image-300x300.png 300w, https:\/\/eriecohealthohio.com\/wp-content\/uploads\/2022\/07\/Covid-Test-Image-150x150.png 150w, https:\/\/eriecohealthohio.com\/wp-content\/uploads\/2022\/07\/Covid-Test-Image.png 500w\" sizes=\"(max-width: 300px) 100vw, 300px\" \/>CONCERTAR UNA CITA<\/span><\/h5><p>Para concertar una cita para la prueba COVID-19 en el Departamento de Salud y Centro de Salud Comunitario del Condado de Erie, llame al 567-867-5174.<\/p><h5>PREGUNTAS FRECUENTES SOBRE LA PRUEBA COVID-19<\/h5><p><strong>He dado positivo en COVID-19, \u00bfy ahora qu\u00e9?<\/strong><\/p><p>Vuelva a casa y espere noticias del departamento de salud de su localidad. Recibir\u00e1 una llamada del departamento de salud del condado en el que vive. El departamento de salud puede tardar unos d\u00edas en ponerse en contacto con usted.<\/p><ul><li>Permanezca en casa durante 5 d\u00edas desde el inicio de los s\u00edntomas.<\/li><li>Si no tiene s\u00edntomas o los s\u00edntomas remiten al cabo de 5 d\u00edas, puede salir de casa.<\/li><li>Siga llevando mascarilla cuando est\u00e9 con otras personas durante 5 d\u00edas m\u00e1s.<\/li><li>Si tiene fiebre, permanezca en casa hasta que la fiebre desaparezca sin medicamentos antifebriles.<\/li><\/ul><p>Ponte en contacto con tu empresa o centro de estudios. No vayas al trabajo ni a la escuela hasta que cumplas los criterios arriba indicados.<\/p><p>P\u00f3ngase en contacto con su m\u00e9dico o busque atenci\u00f3n m\u00e9dica si es necesario.<\/p><p>Elabore una lista de las personas con las que ha estado en contacto desde 2 d\u00edas antes de la aparici\u00f3n de los s\u00edntomas hasta ahora. Un contacto cercano es alguien con quien has estado m\u00e1s de 15 minutos en total, a menos de 1,80 metros de distancia.<\/p><p>Informe a las personas de su lista de contactos cercanos de que ha dado positivo en la prueba COVID-19. P\u00eddales que se pongan en cuarentena y que est\u00e9n atentos a la llamada del departamento de salud local. P\u00eddales que se pongan en cuarentena y que est\u00e9n atentos a una llamada de su departamento de salud local.<\/p><p><strong>Me he hecho la prueba del COVID-19 y estoy esperando los resultados. \u00bfQu\u00e9 debo hacer?<\/strong><\/p><p>Qu\u00e9dese en casa y a\u00edslese de otras personas sanas hasta que reciba los resultados de las pruebas de su proveedor de atenci\u00f3n sanitaria.<\/p><p>P\u00f3ngase en contacto con su empresa o centro de estudios. No vaya al trabajo ni al colegio mientras espera los resultados de la prueba.<\/p><p>P\u00f3ngase en contacto con su m\u00e9dico o busque atenci\u00f3n m\u00e9dica si es necesario.<\/p><p><strong>He estado expuesto a COVID-19, \u00bfy ahora qu\u00e9?<\/strong><\/p><p><a href=\"https:\/\/www.cdc.gov\/media\/releases\/2022\/p0811-covid-guidance.html\" target=\"_blank\" rel=\"noopener\">Los CDC racionalizan las orientaciones sobre el COVID-19 para ayudar a la poblaci\u00f3n a protegerse mejor y a comprender su riesgo.<\/a><\/p>\t\t\t\t\t\t\t\t<\/div>\n\t\t\t\t<\/div>\n\t\t\t\t\t<\/div>\n\t\t<\/div>\n\t\t\t\t\t<\/div>\n\t\t<\/section>\n\t\t\t\t<\/div>","protected":false},"excerpt":{"rendered":"<p>VACCINE TESTING CONTACT COVID-19 &#8211; TESTING SCHEDULE AN APPOINTMENT To schedule a COVID-19 testing appointment at the Erie County Health Department and Community Health Center, please call 567-867-5174. COVID-19 TEST FREQUENTLY ASKED QUESTIONS I tested positive for COVID-19, now what? Go home and wait to hear from your local health department. You will get a [&hellip;]<\/p>\n","protected":false},"author":1,"featured_media":0,"parent":10,"menu_order":0,"comment_status":"closed","ping_status":"closed","template":"","meta":{"footnotes":"","_links_to":"","_links_to_target":""},"class_list":["post-6731","page","type-page","status-publish","hentry"],"_links":{"self":[{"href":"https:\/\/eriecohealthohio.com\/es\/wp-json\/wp\/v2\/pages\/6731","targetHints":{"allow":["GET"]}}],"collection":[{"href":"https:\/\/eriecohealthohio.com\/es\/wp-json\/wp\/v2\/pages"}],"about":[{"href":"https:\/\/eriecohealthohio.com\/es\/wp-json\/wp\/v2\/types\/page"}],"author":[{"embeddable":true,"href":"https:\/\/eriecohealthohio.com\/es\/wp-json\/wp\/v2\/users\/1"}],"replies":[{"embeddable":true,"href":"https:\/\/eriecohealthohio.com\/es\/wp-json\/wp\/v2\/comments?post=6731"}],"version-history":[{"count":0,"href":"https:\/\/eriecohealthohio.com\/es\/wp-json\/wp\/v2\/pages\/6731\/revisions"}],"up":[{"embeddable":true,"href":"https:\/\/eriecohealthohio.com\/es\/wp-json\/wp\/v2\/pages\/10"}],"wp:attachment":[{"href":"https:\/\/eriecohealthohio.com\/es\/wp-json\/wp\/v2\/media?parent=6731"}],"curies":[{"name":"wp","href":"https:\/\/api.w.org\/{rel}","templated":true}]}}