{"id":6647,"date":"2022-07-19T11:21:41","date_gmt":"2022-07-19T11:21:41","guid":{"rendered":"https:\/\/eriecohealthohio.com\/?page_id=6647"},"modified":"2025-11-10T15:37:58","modified_gmt":"2025-11-10T19:37:58","slug":"centro-de-desintoxicacion-faqs","status":"publish","type":"page","link":"https:\/\/eriecohealthohio.com\/es\/detox\/detox-center-faqs\/","title":{"rendered":"PREGUNTAS FRECUENTES"},"content":{"rendered":"<div data-elementor-type=\"wp-page\" data-elementor-id=\"6647\" class=\"elementor elementor-6647\" data-elementor-post-type=\"page\">\n\t\t\t\t\t\t<section data-particle_enable=\"false\" data-particle-mobile-disabled=\"false\" class=\"elementor-section elementor-top-section elementor-element elementor-element-685f789 elementor-section-boxed elementor-section-height-default elementor-section-height-default\" data-id=\"685f789\" data-element_type=\"section\" data-e-type=\"section\">\n\t\t\t\t\t\t<div class=\"elementor-container elementor-column-gap-default\">\n\t\t\t\t\t<div class=\"elementor-column elementor-col-100 elementor-top-column elementor-element elementor-element-bff1a6f\" data-id=\"bff1a6f\" data-element_type=\"column\" data-e-type=\"column\">\n\t\t\t<div class=\"elementor-widget-wrap elementor-element-populated\">\n\t\t\t\t\t\t<div class=\"elementor-element elementor-element-835ab24 elementor-widget elementor-widget-image\" data-id=\"835ab24\" data-element_type=\"widget\" data-e-type=\"widget\" data-no-translation=\"\" data-widget_type=\"image.default\">\n\t\t\t\t<div class=\"elementor-widget-container\">\n\t\t\t\t\t<style>.elementor-element-835ab24{display:none !important}<\/style>\t\t\t\t<\/div>\n\t\t\t\t<\/div>\n\t\t\t\t\t<\/div>\n\t\t<\/div>\n\t\t\t\t\t<\/div>\n\t\t<\/section>\n\t\t\t\t<section data-particle_enable=\"false\" data-particle-mobile-disabled=\"false\" class=\"elementor-section elementor-top-section elementor-element elementor-element-67fbe8e elementor-section-boxed elementor-section-height-default elementor-section-height-default\" data-id=\"67fbe8e\" data-element_type=\"section\" data-e-type=\"section\">\n\t\t\t\t\t\t<div class=\"elementor-container elementor-column-gap-default\">\n\t\t\t\t\t<div class=\"elementor-column elementor-col-100 elementor-top-column elementor-element elementor-element-8ac2cab\" data-id=\"8ac2cab\" data-element_type=\"column\" data-e-type=\"column\">\n\t\t\t<div class=\"elementor-widget-wrap elementor-element-populated\">\n\t\t\t\t\t\t<div class=\"elementor-element elementor-element-16e0fa2 elementor-widget elementor-widget-image\" data-id=\"16e0fa2\" data-element_type=\"widget\" data-e-type=\"widget\" data-no-translation=\"\" data-widget_type=\"image.default\">\n\t\t\t\t<div class=\"elementor-widget-container\">\n\t\t\t\t\t\t\t\t\t\t\t\t\t\t\t<img fetchpriority=\"high\" decoding=\"async\" width=\"1600\" height=\"600\" src=\"https:\/\/eriecohealthohio.com\/wp-content\/uploads\/2025\/11\/Detox-Banner-Spanish.png\" class=\"attachment-full size-full wp-image-24332\" alt=\"Detox Banner Spanish\" srcset=\"https:\/\/eriecohealthohio.com\/wp-content\/uploads\/2025\/11\/Detox-Banner-Spanish.png 1600w, https:\/\/eriecohealthohio.com\/wp-content\/uploads\/2025\/11\/Detox-Banner-Spanish-300x113.png 300w, https:\/\/eriecohealthohio.com\/wp-content\/uploads\/2025\/11\/Detox-Banner-Spanish-1024x384.png 1024w, https:\/\/eriecohealthohio.com\/wp-content\/uploads\/2025\/11\/Detox-Banner-Spanish-768x288.png 768w, https:\/\/eriecohealthohio.com\/wp-content\/uploads\/2025\/11\/Detox-Banner-Spanish-1536x576.png 1536w, https:\/\/eriecohealthohio.com\/wp-content\/uploads\/2025\/11\/Detox-Banner-Spanish-18x7.png 18w\" sizes=\"(max-width: 1600px) 100vw, 1600px\" \/>\t\t\t\t\t\t\t\t\t\t\t\t\t\t\t<\/div>\n\t\t\t\t<\/div>\n\t\t\t\t\t<\/div>\n\t\t<\/div>\n\t\t\t\t\t<\/div>\n\t\t<\/section>\n\t\t\t\t<section data-particle_enable=\"false\" data-particle-mobile-disabled=\"false\" class=\"elementor-section elementor-top-section elementor-element elementor-element-201eefc elementor-section-boxed elementor-section-height-default elementor-section-height-default\" data-id=\"201eefc\" data-element_type=\"section\" data-e-type=\"section\">\n\t\t\t\t\t\t<div class=\"elementor-container elementor-column-gap-default\">\n\t\t\t\t\t<div class=\"elementor-column elementor-col-20 elementor-top-column elementor-element elementor-element-784ed49\" data-id=\"784ed49\" data-element_type=\"column\" data-e-type=\"column\">\n\t\t\t<div class=\"elementor-widget-wrap elementor-element-populated\">\n\t\t\t\t\t\t<div class=\"elementor-element elementor-element-d737b51 elementor-align-center elementor-widget elementor-widget-button\" data-id=\"d737b51\" data-element_type=\"widget\" data-e-type=\"widget\" data-widget_type=\"button.default\">\n\t\t\t\t<div class=\"elementor-widget-container\">\n\t\t\t\t\t\t\t\t\t<div class=\"elementor-button-wrapper\">\n\t\t\t\t\t<a class=\"elementor-button elementor-button-link elementor-size-lg\" href=\"https:\/\/eriecohealthohio.com\/es\/desintoxicacion\/servicios-del-centro-de-desintoxicacion\/\">\n\t\t\t\t\t\t<span class=\"elementor-button-content-wrapper\">\n\t\t\t\t\t\t\t\t\t<span class=\"elementor-button-text\">SERVICIOS<\/span>\n\t\t\t\t\t<\/span>\n\t\t\t\t\t<\/a>\n\t\t\t\t<\/div>\n\t\t\t\t\t\t\t\t<\/div>\n\t\t\t\t<\/div>\n\t\t\t\t\t<\/div>\n\t\t<\/div>\n\t\t\t\t<div class=\"elementor-column elementor-col-20 elementor-top-column elementor-element elementor-element-dcc398e\" data-id=\"dcc398e\" data-element_type=\"column\" data-e-type=\"column\">\n\t\t\t<div class=\"elementor-widget-wrap elementor-element-populated\">\n\t\t\t\t\t\t<div class=\"elementor-element elementor-element-41b69a9 elementor-align-center elementor-widget elementor-widget-button\" data-id=\"41b69a9\" data-element_type=\"widget\" data-e-type=\"widget\" data-widget_type=\"button.default\">\n\t\t\t\t<div class=\"elementor-widget-container\">\n\t\t\t\t\t\t\t\t\t<div class=\"elementor-button-wrapper\">\n\t\t\t\t\t<a class=\"elementor-button elementor-button-link elementor-size-lg\" href=\"https:\/\/eriecohealthohio.com\/es\/desintoxicacion\/ingresos-en-centros-de-desintoxicacion\/\">\n\t\t\t\t\t\t<span class=\"elementor-button-content-wrapper\">\n\t\t\t\t\t\t\t\t\t<span class=\"elementor-button-text\">ADMISIONES<\/span>\n\t\t\t\t\t<\/span>\n\t\t\t\t\t<\/a>\n\t\t\t\t<\/div>\n\t\t\t\t\t\t\t\t<\/div>\n\t\t\t\t<\/div>\n\t\t\t\t\t<\/div>\n\t\t<\/div>\n\t\t\t\t<div class=\"elementor-column elementor-col-20 elementor-top-column elementor-element elementor-element-5f44b58\" data-id=\"5f44b58\" data-element_type=\"column\" data-e-type=\"column\">\n\t\t\t<div class=\"elementor-widget-wrap elementor-element-populated\">\n\t\t\t\t\t\t<div class=\"elementor-element elementor-element-43f6a2b elementor-align-center elementor-widget elementor-widget-button\" data-id=\"43f6a2b\" data-element_type=\"widget\" data-e-type=\"widget\" data-widget_type=\"button.default\">\n\t\t\t\t<div class=\"elementor-widget-container\">\n\t\t\t\t\t\t\t\t\t<div class=\"elementor-button-wrapper\">\n\t\t\t\t\t<a class=\"elementor-button elementor-button-link elementor-size-lg\" href=\"https:\/\/eriecohealthohio.com\/es\/desintoxicacion\/seguro-de-centro-de-desintoxicacion\/\">\n\t\t\t\t\t\t<span class=\"elementor-button-content-wrapper\">\n\t\t\t\t\t\t\t\t\t<span class=\"elementor-button-text\">SEGURO<\/span>\n\t\t\t\t\t<\/span>\n\t\t\t\t\t<\/a>\n\t\t\t\t<\/div>\n\t\t\t\t\t\t\t\t<\/div>\n\t\t\t\t<\/div>\n\t\t\t\t\t<\/div>\n\t\t<\/div>\n\t\t\t\t<div class=\"elementor-column elementor-col-20 elementor-top-column elementor-element elementor-element-b318ab5\" data-id=\"b318ab5\" data-element_type=\"column\" data-e-type=\"column\">\n\t\t\t<div class=\"elementor-widget-wrap elementor-element-populated\">\n\t\t\t\t\t\t<div class=\"elementor-element elementor-element-3868fb9 elementor-align-center elementor-widget elementor-widget-button\" data-id=\"3868fb9\" data-element_type=\"widget\" data-e-type=\"widget\" data-widget_type=\"button.default\">\n\t\t\t\t<div class=\"elementor-widget-container\">\n\t\t\t\t\t\t\t\t\t<div class=\"elementor-button-wrapper\">\n\t\t\t\t\t<a class=\"elementor-button elementor-button-link elementor-size-lg\" href=\"https:\/\/eriecohealthohio.com\/es\/desintoxicacion\/centro-de-desintoxicacion-faqs\/\">\n\t\t\t\t\t\t<span class=\"elementor-button-content-wrapper\">\n\t\t\t\t\t\t\t\t\t<span class=\"elementor-button-text\">PREGUNTAS FRECUENTES<\/span>\n\t\t\t\t\t<\/span>\n\t\t\t\t\t<\/a>\n\t\t\t\t<\/div>\n\t\t\t\t\t\t\t\t<\/div>\n\t\t\t\t<\/div>\n\t\t\t\t\t<\/div>\n\t\t<\/div>\n\t\t\t\t<div class=\"elementor-column elementor-col-20 elementor-top-column elementor-element elementor-element-84ea6c1\" data-id=\"84ea6c1\" data-element_type=\"column\" data-e-type=\"column\">\n\t\t\t<div class=\"elementor-widget-wrap elementor-element-populated\">\n\t\t\t\t\t\t<div class=\"elementor-element elementor-element-e2daccb elementor-align-center elementor-widget elementor-widget-button\" data-id=\"e2daccb\" data-element_type=\"widget\" data-e-type=\"widget\" data-widget_type=\"button.default\">\n\t\t\t\t<div class=\"elementor-widget-container\">\n\t\t\t\t\t\t\t\t\t<div class=\"elementor-button-wrapper\">\n\t\t\t\t\t<a class=\"elementor-button elementor-button-link elementor-size-lg\" href=\"https:\/\/eriecohealthohio.com\/es\/desintoxicacion\/contacto-con-el-centro-de-desintoxicacion\/\">\n\t\t\t\t\t\t<span class=\"elementor-button-content-wrapper\">\n\t\t\t\t\t\t\t\t\t<span class=\"elementor-button-text\">CONTACTO<\/span>\n\t\t\t\t\t<\/span>\n\t\t\t\t\t<\/a>\n\t\t\t\t<\/div>\n\t\t\t\t\t\t\t\t<\/div>\n\t\t\t\t<\/div>\n\t\t\t\t\t<\/div>\n\t\t<\/div>\n\t\t\t\t\t<\/div>\n\t\t<\/section>\n\t\t\t\t<section data-particle_enable=\"false\" data-particle-mobile-disabled=\"false\" class=\"elementor-section elementor-top-section elementor-element elementor-element-d893e3f elementor-section-boxed elementor-section-height-default elementor-section-height-default\" data-id=\"d893e3f\" data-element_type=\"section\" data-e-type=\"section\">\n\t\t\t\t\t\t<div class=\"elementor-container elementor-column-gap-default\">\n\t\t\t\t\t<div class=\"elementor-column elementor-col-66 elementor-top-column elementor-element elementor-element-4c74df7f\" data-id=\"4c74df7f\" data-element_type=\"column\" data-e-type=\"column\">\n\t\t\t<div class=\"elementor-widget-wrap elementor-element-populated\">\n\t\t\t\t\t\t<div class=\"elementor-element elementor-element-68760c31 elementor-widget elementor-widget-text-editor\" data-id=\"68760c31\" data-element_type=\"widget\" data-e-type=\"widget\" data-widget_type=\"text-editor.default\">\n\t\t\t\t<div class=\"elementor-widget-container\">\n\t\t\t\t\t\t\t\t\t<h4>CENTRO DE DESINTOXICACI\u00d3N DEL CONDADO DE ERIE - FAQ'S<\/h4><h5>\u00bfPodr\u00e9 tener mi tel\u00e9fono m\u00f3vil en desintoxicaci\u00f3n?<\/h5><p>Los tel\u00e9fonos m\u00f3viles pueden ser tanto una distracci\u00f3n como un desencadenante. Queremos que se concentre y participe en el proceso de recuperaci\u00f3n durante su breve estancia con nosotros. Por lo tanto, no permitimos tel\u00e9fonos m\u00f3viles. Guardaremos su tel\u00e9fono en su taquilla mientras est\u00e9 aqu\u00ed. Si necesita comunicarse con su familia, sus seres queridos, su empleador, etc., h\u00e1ganoslo saber y se podr\u00e1 concertar una llamada telef\u00f3nica a discreci\u00f3n de nuestro personal cl\u00ednico.<\/p><h5>\u00bfPodr\u00e9 recibir visitas?<\/h5><p>Por las mismas razones por las que no permitimos tel\u00e9fonos m\u00f3viles, tampoco permitimos visitas durante su estancia.<\/p><h5>\u00bfPuedo pedir que me traigan art\u00edculos?<\/h5><p>S\u00ed. Cualquier art\u00edculo que no est\u00e9 expresamente prohibido por la pol\u00edtica del Centro de Desintoxicaci\u00f3n del Condado de Erie puede serle entregado durante su estancia.<\/p><h5>\u00bfEst\u00e1 permitido fumar en la desintoxicaci\u00f3n?<\/h5><p>Se permite fumar en las zonas designadas al aire libre. Los cigarrillos deben traerse a las instalaciones en paquetes sin abrir.<\/p><h5>\u00bfQu\u00e9 debo llevar a la desintoxicaci\u00f3n?<\/h5><p>Por favor, <a href=\"https:\/\/eriecohealthohio.com\/es\/desintoxicacion\/ingresos-en-centros-de-desintoxicacion\/\" target=\"_blank\" rel=\"noopener\">pulse aqu\u00ed<\/a> para ver una lista de los art\u00edculos que se deben y no se deben llevar a la desintoxicaci\u00f3n.\u00a0<\/p><h5>\u00bfPuedo llevar mi medicaci\u00f3n recetada a la desintoxicaci\u00f3n?<\/h5><p>Por favor, <a href=\"https:\/\/eriecohealthohio.com\/es\/desintoxicacion\/ingresos-en-centros-de-desintoxicacion\/\" target=\"_blank\" rel=\"noopener\">pulse aqu\u00ed<\/a> para ver nuestra pol\u00edtica sobre medicamentos a domicilio.\u00a0<\/p><h5>\u00bfTendr\u00e9 ayuda para conectarme a un tratamiento y\/o a una vivienda de recuperaci\u00f3n cuando me den el alta?<\/h5><p>Empezamos a planificar el alta con usted desde el principio de su estancia. Estaremos encantados de facilitarle una derivaci\u00f3n a un tratamiento o a una vivienda de recuperaci\u00f3n cuando le demos el alta. Para aquellos que buscan servicios residenciales que proporcionar\u00e1 el transporte, as\u00ed (en funci\u00f3n de la disponibilidad).<\/p><h5>\u00bfCu\u00e1nto tiempo estar\u00e9 en desintoxicaci\u00f3n?<\/h5><p>Los planes de tratamiento son altamente individualizados para cada paciente y la duraci\u00f3n de la estancia puede variar. Nuestra estancia media es de 6-7 d\u00edas.<\/p><h5>\u00bfOfrecen servicios de desintoxicaci\u00f3n para la metadona?<\/h5><p>En este momento no ofrecemos servicios de desintoxicaci\u00f3n para la abstinencia de metadona. No dude en ponerse en contacto con nosotros y le remitiremos a un proveedor adecuado.<\/p><h5>\u00bfAcepta el Centro de Desintoxicaci\u00f3n del Condado de Erie a pacientes embarazadas?<\/h5><p>Desafortunadamente, no podemos aceptar pacientes embarazadas en este momento. No dude en ponerse en contacto con nosotros y le remitiremos a un proveedor adecuado.\u00a0<\/p>\t\t\t\t\t\t\t\t<\/div>\n\t\t\t\t<\/div>\n\t\t\t\t\t<\/div>\n\t\t<\/div>\n\t\t\t\t<div class=\"elementor-column elementor-col-33 elementor-top-column elementor-element elementor-element-61e4cd1d\" data-id=\"61e4cd1d\" data-element_type=\"column\" data-e-type=\"column\">\n\t\t\t<div class=\"elementor-widget-wrap elementor-element-populated\">\n\t\t\t\t\t\t<section data-particle_enable=\"false\" data-particle-mobile-disabled=\"false\" class=\"elementor-section elementor-inner-section elementor-element elementor-element-b974414 elementor-section-boxed elementor-section-height-default elementor-section-height-default\" data-id=\"b974414\" data-element_type=\"section\" data-e-type=\"section\">\n\t\t\t\t\t\t<div class=\"elementor-container elementor-column-gap-default\">\n\t\t\t\t\t<div class=\"elementor-column elementor-col-100 elementor-inner-column elementor-element elementor-element-17f6b23\" data-id=\"17f6b23\" data-element_type=\"column\" data-e-type=\"column\">\n\t\t\t<div class=\"elementor-widget-wrap elementor-element-populated\">\n\t\t\t\t\t\t<div class=\"elementor-element elementor-element-772f4a7 elementor-widget elementor-widget-image\" data-id=\"772f4a7\" data-element_type=\"widget\" data-e-type=\"widget\" data-no-translation=\"\" data-widget_type=\"image.default\">\n\t\t\t\t<div class=\"elementor-widget-container\">\n\t\t\t\t\t\t\t\t\t\t\t\t\t\t\t<img decoding=\"async\" width=\"300\" height=\"200\" src=\"https:\/\/eriecohealthohio.com\/wp-content\/uploads\/2024\/07\/Detox-Call-Now-Spanish-1.png\" class=\"attachment-full size-full wp-image-18277\" alt=\"Detox Call Now Spanish\" srcset=\"https:\/\/eriecohealthohio.com\/wp-content\/uploads\/2024\/07\/Detox-Call-Now-Spanish-1.png 300w, https:\/\/eriecohealthohio.com\/wp-content\/uploads\/2024\/07\/Detox-Call-Now-Spanish-1-18x12.png 18w\" sizes=\"(max-width: 300px) 100vw, 300px\" \/>\t\t\t\t\t\t\t\t\t\t\t\t\t\t\t<\/div>\n\t\t\t\t<\/div>\n\t\t\t\t\t<\/div>\n\t\t<\/div>\n\t\t\t\t\t<\/div>\n\t\t<\/section>\n\t\t\t\t<section data-particle_enable=\"false\" data-particle-mobile-disabled=\"false\" class=\"elementor-section elementor-inner-section elementor-element elementor-element-6652f7b elementor-section-boxed elementor-section-height-default elementor-section-height-default\" data-id=\"6652f7b\" data-element_type=\"section\" data-e-type=\"section\">\n\t\t\t\t\t\t<div class=\"elementor-container elementor-column-gap-default\">\n\t\t\t\t\t<div class=\"elementor-column elementor-col-100 elementor-inner-column elementor-element elementor-element-880386b\" data-id=\"880386b\" data-element_type=\"column\" data-e-type=\"column\">\n\t\t\t<div class=\"elementor-widget-wrap elementor-element-populated\">\n\t\t\t\t\t\t<div class=\"elementor-element elementor-element-48abbdb elementor-widget elementor-widget-image\" data-id=\"48abbdb\" data-element_type=\"widget\" data-e-type=\"widget\" data-no-translation=\"\" data-widget_type=\"image.default\">\n\t\t\t\t<div class=\"elementor-widget-container\">\n\t\t\t\t\t<style>.elementor-element-48abbdb{display:none !important}<\/style>\t\t\t\t<\/div>\n\t\t\t\t<\/div>\n\t\t\t\t\t<\/div>\n\t\t<\/div>\n\t\t\t\t\t<\/div>\n\t\t<\/section>\n\t\t\t\t\t<\/div>\n\t\t<\/div>\n\t\t\t\t\t<\/div>\n\t\t<\/section>\n\t\t\t\t<\/div>","protected":false},"excerpt":{"rendered":"<p>SERVICES ADMISSIONS INSURANCE FAQ&#8217;S CONTACT ERIE COUNTY DETOX CENTER &#8211; FAQ&#8217;S Will I be able to have my cell phone in detox? Cell phones have the potential to be both a distraction and a trigger. We want you to be focused and engaged in the recovery process during your brief stay with us. Therefore, we [&hellip;]<\/p>\n","protected":false},"author":1,"featured_media":0,"parent":890,"menu_order":0,"comment_status":"closed","ping_status":"closed","template":"","meta":{"footnotes":"","_links_to":"","_links_to_target":""},"class_list":["post-6647","page","type-page","status-publish","hentry"],"_links":{"self":[{"href":"https:\/\/eriecohealthohio.com\/es\/wp-json\/wp\/v2\/pages\/6647","targetHints":{"allow":["GET"]}}],"collection":[{"href":"https:\/\/eriecohealthohio.com\/es\/wp-json\/wp\/v2\/pages"}],"about":[{"href":"https:\/\/eriecohealthohio.com\/es\/wp-json\/wp\/v2\/types\/page"}],"author":[{"embeddable":true,"href":"https:\/\/eriecohealthohio.com\/es\/wp-json\/wp\/v2\/users\/1"}],"replies":[{"embeddable":true,"href":"https:\/\/eriecohealthohio.com\/es\/wp-json\/wp\/v2\/comments?post=6647"}],"version-history":[{"count":0,"href":"https:\/\/eriecohealthohio.com\/es\/wp-json\/wp\/v2\/pages\/6647\/revisions"}],"up":[{"embeddable":true,"href":"https:\/\/eriecohealthohio.com\/es\/wp-json\/wp\/v2\/pages\/890"}],"wp:attachment":[{"href":"https:\/\/eriecohealthohio.com\/es\/wp-json\/wp\/v2\/media?parent=6647"}],"curies":[{"name":"wp","href":"https:\/\/api.w.org\/{rel}","templated":true}]}}