{"id":6643,"date":"2022-07-19T11:20:36","date_gmt":"2022-07-19T11:20:36","guid":{"rendered":"https:\/\/eriecohealthohio.com\/?page_id=6643"},"modified":"2025-11-10T15:31:13","modified_gmt":"2025-11-10T19:31:13","slug":"ingresos-en-centros-de-desintoxicacion","status":"publish","type":"page","link":"https:\/\/eriecohealthohio.com\/es\/detox\/detox-center-admissions\/","title":{"rendered":"ADMISIONES"},"content":{"rendered":"<div data-elementor-type=\"wp-page\" data-elementor-id=\"6643\" class=\"elementor elementor-6643\" data-elementor-post-type=\"page\">\n\t\t\t\t\t\t<section data-particle_enable=\"false\" data-particle-mobile-disabled=\"false\" class=\"elementor-section elementor-top-section elementor-element elementor-element-2216a7bc elementor-section-boxed elementor-section-height-default elementor-section-height-default\" data-id=\"2216a7bc\" data-element_type=\"section\" data-e-type=\"section\">\n\t\t\t\t\t\t<div class=\"elementor-container elementor-column-gap-default\">\n\t\t\t\t\t<div class=\"elementor-column elementor-col-100 elementor-top-column elementor-element elementor-element-6e622a99\" data-id=\"6e622a99\" data-element_type=\"column\" data-e-type=\"column\">\n\t\t\t<div class=\"elementor-widget-wrap elementor-element-populated\">\n\t\t\t\t\t\t<div class=\"elementor-element elementor-element-28908885 elementor-widget elementor-widget-image\" data-id=\"28908885\" data-element_type=\"widget\" data-e-type=\"widget\" data-no-translation=\"\" data-widget_type=\"image.default\">\n\t\t\t\t<div class=\"elementor-widget-container\">\n\t\t\t\t\t<style>.elementor-element-28908885{display:none !important}<\/style>\t\t\t\t<\/div>\n\t\t\t\t<\/div>\n\t\t\t\t\t<\/div>\n\t\t<\/div>\n\t\t\t\t\t<\/div>\n\t\t<\/section>\n\t\t\t\t<section data-particle_enable=\"false\" data-particle-mobile-disabled=\"false\" class=\"elementor-section elementor-top-section elementor-element elementor-element-86f6af9 elementor-section-boxed elementor-section-height-default elementor-section-height-default\" data-id=\"86f6af9\" data-element_type=\"section\" data-e-type=\"section\">\n\t\t\t\t\t\t<div class=\"elementor-container elementor-column-gap-default\">\n\t\t\t\t\t<div class=\"elementor-column elementor-col-100 elementor-top-column elementor-element elementor-element-75e2f8d\" data-id=\"75e2f8d\" data-element_type=\"column\" data-e-type=\"column\">\n\t\t\t<div class=\"elementor-widget-wrap elementor-element-populated\">\n\t\t\t\t\t\t<div class=\"elementor-element elementor-element-8098344 elementor-widget elementor-widget-image\" data-id=\"8098344\" data-element_type=\"widget\" data-e-type=\"widget\" data-no-translation=\"\" data-widget_type=\"image.default\">\n\t\t\t\t<div class=\"elementor-widget-container\">\n\t\t\t\t\t\t\t\t\t\t\t\t\t\t\t<img fetchpriority=\"high\" decoding=\"async\" width=\"1600\" height=\"600\" src=\"https:\/\/eriecohealthohio.com\/wp-content\/uploads\/2025\/11\/Detox-Banner-Spanish.png\" class=\"attachment-full size-full wp-image-24332\" alt=\"Detox Banner Spanish\" srcset=\"https:\/\/eriecohealthohio.com\/wp-content\/uploads\/2025\/11\/Detox-Banner-Spanish.png 1600w, https:\/\/eriecohealthohio.com\/wp-content\/uploads\/2025\/11\/Detox-Banner-Spanish-300x113.png 300w, https:\/\/eriecohealthohio.com\/wp-content\/uploads\/2025\/11\/Detox-Banner-Spanish-1024x384.png 1024w, https:\/\/eriecohealthohio.com\/wp-content\/uploads\/2025\/11\/Detox-Banner-Spanish-768x288.png 768w, https:\/\/eriecohealthohio.com\/wp-content\/uploads\/2025\/11\/Detox-Banner-Spanish-1536x576.png 1536w, https:\/\/eriecohealthohio.com\/wp-content\/uploads\/2025\/11\/Detox-Banner-Spanish-18x7.png 18w\" sizes=\"(max-width: 1600px) 100vw, 1600px\" \/>\t\t\t\t\t\t\t\t\t\t\t\t\t\t\t<\/div>\n\t\t\t\t<\/div>\n\t\t\t\t\t<\/div>\n\t\t<\/div>\n\t\t\t\t\t<\/div>\n\t\t<\/section>\n\t\t\t\t<section data-particle_enable=\"false\" data-particle-mobile-disabled=\"false\" class=\"elementor-section elementor-top-section elementor-element elementor-element-8966860 elementor-section-boxed elementor-section-height-default elementor-section-height-default\" data-id=\"8966860\" data-element_type=\"section\" data-e-type=\"section\">\n\t\t\t\t\t\t<div class=\"elementor-container elementor-column-gap-default\">\n\t\t\t\t\t<div class=\"elementor-column elementor-col-20 elementor-top-column elementor-element elementor-element-2960762\" data-id=\"2960762\" data-element_type=\"column\" data-e-type=\"column\">\n\t\t\t<div class=\"elementor-widget-wrap elementor-element-populated\">\n\t\t\t\t\t\t<div class=\"elementor-element elementor-element-0e6e1b5 elementor-align-center elementor-widget elementor-widget-button\" data-id=\"0e6e1b5\" data-element_type=\"widget\" data-e-type=\"widget\" data-widget_type=\"button.default\">\n\t\t\t\t<div class=\"elementor-widget-container\">\n\t\t\t\t\t\t\t\t\t<div class=\"elementor-button-wrapper\">\n\t\t\t\t\t<a class=\"elementor-button elementor-button-link elementor-size-lg\" href=\"https:\/\/eriecohealthohio.com\/es\/desintoxicacion\/servicios-del-centro-de-desintoxicacion\/\">\n\t\t\t\t\t\t<span class=\"elementor-button-content-wrapper\">\n\t\t\t\t\t\t\t\t\t<span class=\"elementor-button-text\">SERVICIOS<\/span>\n\t\t\t\t\t<\/span>\n\t\t\t\t\t<\/a>\n\t\t\t\t<\/div>\n\t\t\t\t\t\t\t\t<\/div>\n\t\t\t\t<\/div>\n\t\t\t\t\t<\/div>\n\t\t<\/div>\n\t\t\t\t<div class=\"elementor-column elementor-col-20 elementor-top-column elementor-element elementor-element-2ca0ae1\" data-id=\"2ca0ae1\" data-element_type=\"column\" data-e-type=\"column\">\n\t\t\t<div class=\"elementor-widget-wrap elementor-element-populated\">\n\t\t\t\t\t\t<div class=\"elementor-element elementor-element-e688938 elementor-align-center elementor-widget elementor-widget-button\" data-id=\"e688938\" data-element_type=\"widget\" data-e-type=\"widget\" data-widget_type=\"button.default\">\n\t\t\t\t<div class=\"elementor-widget-container\">\n\t\t\t\t\t\t\t\t\t<div class=\"elementor-button-wrapper\">\n\t\t\t\t\t<a class=\"elementor-button elementor-button-link elementor-size-lg\" href=\"https:\/\/eriecohealthohio.com\/es\/desintoxicacion\/ingresos-en-centros-de-desintoxicacion\/\">\n\t\t\t\t\t\t<span class=\"elementor-button-content-wrapper\">\n\t\t\t\t\t\t\t\t\t<span class=\"elementor-button-text\">ADMISIONES<\/span>\n\t\t\t\t\t<\/span>\n\t\t\t\t\t<\/a>\n\t\t\t\t<\/div>\n\t\t\t\t\t\t\t\t<\/div>\n\t\t\t\t<\/div>\n\t\t\t\t\t<\/div>\n\t\t<\/div>\n\t\t\t\t<div class=\"elementor-column elementor-col-20 elementor-top-column elementor-element elementor-element-42d9c11\" data-id=\"42d9c11\" data-element_type=\"column\" data-e-type=\"column\">\n\t\t\t<div class=\"elementor-widget-wrap elementor-element-populated\">\n\t\t\t\t\t\t<div class=\"elementor-element elementor-element-c8af3ed elementor-align-center elementor-widget elementor-widget-button\" data-id=\"c8af3ed\" data-element_type=\"widget\" data-e-type=\"widget\" data-widget_type=\"button.default\">\n\t\t\t\t<div class=\"elementor-widget-container\">\n\t\t\t\t\t\t\t\t\t<div class=\"elementor-button-wrapper\">\n\t\t\t\t\t<a class=\"elementor-button elementor-button-link elementor-size-lg\" href=\"https:\/\/eriecohealthohio.com\/es\/desintoxicacion\/seguro-de-centro-de-desintoxicacion\/\">\n\t\t\t\t\t\t<span class=\"elementor-button-content-wrapper\">\n\t\t\t\t\t\t\t\t\t<span class=\"elementor-button-text\">SEGURO<\/span>\n\t\t\t\t\t<\/span>\n\t\t\t\t\t<\/a>\n\t\t\t\t<\/div>\n\t\t\t\t\t\t\t\t<\/div>\n\t\t\t\t<\/div>\n\t\t\t\t\t<\/div>\n\t\t<\/div>\n\t\t\t\t<div class=\"elementor-column elementor-col-20 elementor-top-column elementor-element elementor-element-c7ed4a9\" data-id=\"c7ed4a9\" data-element_type=\"column\" data-e-type=\"column\">\n\t\t\t<div class=\"elementor-widget-wrap elementor-element-populated\">\n\t\t\t\t\t\t<div class=\"elementor-element elementor-element-1face02 elementor-align-center elementor-widget elementor-widget-button\" data-id=\"1face02\" data-element_type=\"widget\" data-e-type=\"widget\" data-widget_type=\"button.default\">\n\t\t\t\t<div class=\"elementor-widget-container\">\n\t\t\t\t\t\t\t\t\t<div class=\"elementor-button-wrapper\">\n\t\t\t\t\t<a class=\"elementor-button elementor-button-link elementor-size-lg\" href=\"https:\/\/eriecohealthohio.com\/es\/desintoxicacion\/centro-de-desintoxicacion-faqs\/\">\n\t\t\t\t\t\t<span class=\"elementor-button-content-wrapper\">\n\t\t\t\t\t\t\t\t\t<span class=\"elementor-button-text\">PREGUNTAS FRECUENTES<\/span>\n\t\t\t\t\t<\/span>\n\t\t\t\t\t<\/a>\n\t\t\t\t<\/div>\n\t\t\t\t\t\t\t\t<\/div>\n\t\t\t\t<\/div>\n\t\t\t\t\t<\/div>\n\t\t<\/div>\n\t\t\t\t<div class=\"elementor-column elementor-col-20 elementor-top-column elementor-element elementor-element-fc3e5e4\" data-id=\"fc3e5e4\" data-element_type=\"column\" data-e-type=\"column\">\n\t\t\t<div class=\"elementor-widget-wrap elementor-element-populated\">\n\t\t\t\t\t\t<div class=\"elementor-element elementor-element-b29528a elementor-align-center elementor-widget elementor-widget-button\" data-id=\"b29528a\" data-element_type=\"widget\" data-e-type=\"widget\" data-widget_type=\"button.default\">\n\t\t\t\t<div class=\"elementor-widget-container\">\n\t\t\t\t\t\t\t\t\t<div class=\"elementor-button-wrapper\">\n\t\t\t\t\t<a class=\"elementor-button elementor-button-link elementor-size-lg\" href=\"https:\/\/eriecohealthohio.com\/es\/desintoxicacion\/contacto-con-el-centro-de-desintoxicacion\/\">\n\t\t\t\t\t\t<span class=\"elementor-button-content-wrapper\">\n\t\t\t\t\t\t\t\t\t<span class=\"elementor-button-text\">CONTACTO<\/span>\n\t\t\t\t\t<\/span>\n\t\t\t\t\t<\/a>\n\t\t\t\t<\/div>\n\t\t\t\t\t\t\t\t<\/div>\n\t\t\t\t<\/div>\n\t\t\t\t\t<\/div>\n\t\t<\/div>\n\t\t\t\t\t<\/div>\n\t\t<\/section>\n\t\t\t\t<section data-particle_enable=\"false\" data-particle-mobile-disabled=\"false\" class=\"elementor-section elementor-top-section elementor-element elementor-element-20ae8e38 elementor-section-boxed elementor-section-height-default elementor-section-height-default\" data-id=\"20ae8e38\" data-element_type=\"section\" data-e-type=\"section\">\n\t\t\t\t\t\t<div class=\"elementor-container elementor-column-gap-default\">\n\t\t\t\t\t<div class=\"elementor-column elementor-col-66 elementor-top-column elementor-element elementor-element-126d6e6f\" data-id=\"126d6e6f\" data-element_type=\"column\" data-e-type=\"column\">\n\t\t\t<div class=\"elementor-widget-wrap elementor-element-populated\">\n\t\t\t\t\t\t<div class=\"elementor-element elementor-element-2072ea25 elementor-widget elementor-widget-text-editor\" data-id=\"2072ea25\" data-element_type=\"widget\" data-e-type=\"widget\" data-widget_type=\"text-editor.default\">\n\t\t\t\t<div class=\"elementor-widget-container\">\n\t\t\t\t\t\t\t\t\t<h4>CENTRO DE DESINTOXICACI\u00d3N DEL CONDADO DE ERIE - PROCESO DE ADMISI\u00d3N<\/h4><p>En el Centro de Desintoxicaci\u00f3n del Condado de Erie, creemos que la gesti\u00f3n de la abstinencia es un problema cr\u00edtico de atenci\u00f3n m\u00e9dica de emergencia que requiere tratamiento inmediato. Por lo tanto, no reservamos citas por adelantado ni reservamos camas. Si cree que necesita nuestros servicios, ll\u00e1menos al (419) 624-3353. Nuestro personal le informar\u00e1 del n\u00famero de camas disponibles. Todas las camas est\u00e1n disponibles por orden de llegada.<\/p><p>Antes de ser admitido se le pedir\u00e1 que rellene un formulario de evaluaci\u00f3n previa a la admisi\u00f3n. Puede hacerlo a su llegada o rellenarlo con antelaci\u00f3n haciendo clic en el enlace de la derecha. Una vez que haya llegado, se llevar\u00e1 a cabo una evaluaci\u00f3n de admisi\u00f3n para determinar la atenci\u00f3n m\u00e1s adecuada para usted en este momento <strong>(*<em>nota - la evaluaci\u00f3n de admisi\u00f3n no garantiza la admisi\u00f3n<\/em>).<\/strong> Si necesita un nivel de atenci\u00f3n superior o inferior al que podemos proporcionarle, haremos los arreglos necesarios para remitirle al proveedor de su elecci\u00f3n. Aseg\u00farese de que su transporte no salga de nuestras instalaciones hasta que se confirme su ingreso.<\/p><h5>\u00a0QU\u00c9 LLEVAR<\/h5><ul><li>Foto ID<\/li><li>Tarjeta de seguro<\/li><li><strong><em>Sin abrir<\/em><\/strong> cajetillas de cigarrillos<\/li><li>Cargador de tel\u00e9fono <em>(Los tel\u00e9fonos m\u00f3viles no est\u00e1n permitidos en las instalaciones. Se guardar\u00e1n en su taquilla y se le devolver\u00e1n al ser dado de alta).<\/em><\/li><li>Medicaci\u00f3n prescrita<em> (Toda la medicaci\u00f3n debe estar en el frasco m\u00e1s reciente proporcionado por la farmacia indicando su nombre. No se permitir\u00e1n organizadores de medicamentos en las instalaciones).<\/em><\/li><\/ul><h5><strong>\u00a0<br \/><\/strong>QU\u00c9 NO LLEVAR<\/h5><ul><li>Vape pens\/e-cigs\/tabaco de mascar<\/li><li>Ropa\/equipaje adicional (<em>se le proporcionar\u00e1 toda la ropa durante su estancia<\/em>)<\/li><li>Mantas\/almohadas<\/li><li>Grandes cantidades de dinero (<em>se le guardar\u00e1 todo el dinero durante su estancia<\/em>)<\/li><li>Art\u00edculos de aseo<\/li><li>Electr\u00f3nica<\/li><li>Joyas (El Departamento de Salud del Condado de Erie no se hace responsable de los objetos personales y\/o joyas perdidos o robados. Puede guardarlos en su taquilla mientras est\u00e9 aqu\u00ed).<\/li><li>Alimentos\/bebidas (<em>todas las comidas y tentempi\u00e9s se sirven in situ<\/em>)\u00a0\u00a0\u00a0\u00a0\u00a0\u00a0\u00a0\u00a0<\/li><\/ul><h5><strong>\u00a0<br \/><\/strong>ORIENTACI\u00d3N AL CLIENTE<\/h5><p><a href=\"https:\/\/eriecohealthohio.com\/wp-content\/uploads\/2022\/07\/Client-Orientation-Handbook.docx\" target=\"_blank\" rel=\"noopener\">Haga clic aqu\u00ed para consultar el Manual de Orientaci\u00f3n al Cliente.<\/a>\u00a0<\/p>\t\t\t\t\t\t\t\t<\/div>\n\t\t\t\t<\/div>\n\t\t\t\t\t<\/div>\n\t\t<\/div>\n\t\t\t\t<div class=\"elementor-column elementor-col-33 elementor-top-column elementor-element elementor-element-49188de1\" data-id=\"49188de1\" data-element_type=\"column\" data-e-type=\"column\">\n\t\t\t<div class=\"elementor-widget-wrap elementor-element-populated\">\n\t\t\t\t\t\t<div class=\"elementor-element elementor-element-4edafc4 elementor-widget elementor-widget-image\" data-id=\"4edafc4\" data-element_type=\"widget\" data-e-type=\"widget\" data-no-translation=\"\" data-widget_type=\"image.default\">\n\t\t\t\t<div class=\"elementor-widget-container\">\n\t\t\t\t\t<style>.elementor-element-4edafc4{display:none !important}<\/style>\t\t\t\t<\/div>\n\t\t\t\t<\/div>\n\t\t\t\t\t<\/div>\n\t\t<\/div>\n\t\t\t\t\t<\/div>\n\t\t<\/section>\n\t\t\t\t<\/div>","protected":false},"excerpt":{"rendered":"<p>SERVICES ADMISSIONS INSURANCE FAQ&#8217;S CONTACT ERIE COUNTY DETOX CENTER &#8211; ADMISSIONS PROCESS At the Erie County Detox Center, we believe withdrawal management is a critical emergent healthcare issue that requires immediate treatment. Therefore, we do not book appointments in advance or reserve beds. If you believe you are in need of our services, please call [&hellip;]<\/p>\n","protected":false},"author":1,"featured_media":0,"parent":890,"menu_order":0,"comment_status":"closed","ping_status":"closed","template":"","meta":{"footnotes":"","_links_to":"","_links_to_target":""},"class_list":["post-6643","page","type-page","status-publish","hentry"],"_links":{"self":[{"href":"https:\/\/eriecohealthohio.com\/es\/wp-json\/wp\/v2\/pages\/6643","targetHints":{"allow":["GET"]}}],"collection":[{"href":"https:\/\/eriecohealthohio.com\/es\/wp-json\/wp\/v2\/pages"}],"about":[{"href":"https:\/\/eriecohealthohio.com\/es\/wp-json\/wp\/v2\/types\/page"}],"author":[{"embeddable":true,"href":"https:\/\/eriecohealthohio.com\/es\/wp-json\/wp\/v2\/users\/1"}],"replies":[{"embeddable":true,"href":"https:\/\/eriecohealthohio.com\/es\/wp-json\/wp\/v2\/comments?post=6643"}],"version-history":[{"count":0,"href":"https:\/\/eriecohealthohio.com\/es\/wp-json\/wp\/v2\/pages\/6643\/revisions"}],"up":[{"embeddable":true,"href":"https:\/\/eriecohealthohio.com\/es\/wp-json\/wp\/v2\/pages\/890"}],"wp:attachment":[{"href":"https:\/\/eriecohealthohio.com\/es\/wp-json\/wp\/v2\/media?parent=6643"}],"curies":[{"name":"wp","href":"https:\/\/api.w.org\/{rel}","templated":true}]}}