{"id":6332,"date":"2022-07-18T16:50:21","date_gmt":"2022-07-18T16:50:21","guid":{"rendered":"https:\/\/eriecohealthohio.com\/?page_id=6332"},"modified":"2024-12-12T14:08:48","modified_gmt":"2024-12-12T18:08:48","slug":"erie-county-community-health-center-servicios-que-ofrecemos","status":"publish","type":"page","link":"https:\/\/eriecohealthohio.com\/es\/health-center\/erie-county-community-health-center-services-we-offer\/","title":{"rendered":"SERVICIOS QUE OFRECEMOS"},"content":{"rendered":"<div data-elementor-type=\"wp-page\" data-elementor-id=\"6332\" class=\"elementor elementor-6332\" data-elementor-post-type=\"page\">\n\t\t\t\t\t\t<section data-particle_enable=\"false\" data-particle-mobile-disabled=\"false\" class=\"elementor-section elementor-top-section elementor-element elementor-element-6ce47ae8 elementor-section-boxed elementor-section-height-default elementor-section-height-default\" data-id=\"6ce47ae8\" data-element_type=\"section\" data-e-type=\"section\">\n\t\t\t\t\t\t<div class=\"elementor-container elementor-column-gap-default\">\n\t\t\t\t\t<div class=\"elementor-column elementor-col-100 elementor-top-column elementor-element elementor-element-2cfa40ce\" data-id=\"2cfa40ce\" data-element_type=\"column\" data-e-type=\"column\">\n\t\t\t<div class=\"elementor-widget-wrap elementor-element-populated\">\n\t\t\t\t\t\t<div class=\"elementor-element elementor-element-7aa978a6 elementor-widget elementor-widget-image\" data-id=\"7aa978a6\" data-element_type=\"widget\" data-e-type=\"widget\" data-no-translation=\"\" data-widget_type=\"image.default\">\n\t\t\t\t<div class=\"elementor-widget-container\">\n\t\t\t\t\t<style>.elementor-element-7aa978a6{display:none !important}<\/style>\t\t\t\t<\/div>\n\t\t\t\t<\/div>\n\t\t\t\t\t<\/div>\n\t\t<\/div>\n\t\t\t\t\t<\/div>\n\t\t<\/section>\n\t\t\t\t<section data-particle_enable=\"false\" data-particle-mobile-disabled=\"false\" class=\"elementor-section elementor-top-section elementor-element elementor-element-24b4289 elementor-section-boxed elementor-section-height-default elementor-section-height-default\" data-id=\"24b4289\" data-element_type=\"section\" data-e-type=\"section\">\n\t\t\t\t\t\t<div class=\"elementor-container elementor-column-gap-default\">\n\t\t\t\t\t<div class=\"elementor-column elementor-col-100 elementor-top-column elementor-element elementor-element-613eac6\" data-id=\"613eac6\" data-element_type=\"column\" data-e-type=\"column\">\n\t\t\t<div class=\"elementor-widget-wrap elementor-element-populated\">\n\t\t\t\t\t\t<div class=\"elementor-element elementor-element-379f78f elementor-widget elementor-widget-image\" data-id=\"379f78f\" data-element_type=\"widget\" data-e-type=\"widget\" data-no-translation=\"\" data-widget_type=\"image.default\">\n\t\t\t\t<div class=\"elementor-widget-container\">\n\t\t\t\t\t\t\t\t\t\t\t\t\t\t\t<img fetchpriority=\"high\" decoding=\"async\" width=\"1600\" height=\"600\" src=\"https:\/\/eriecohealthohio.com\/wp-content\/uploads\/2024\/08\/Community-Services-Banner-Spanish.png\" class=\"attachment-full size-full wp-image-19164\" alt=\"Community Services Banner Spanish\" srcset=\"https:\/\/eriecohealthohio.com\/wp-content\/uploads\/2024\/08\/Community-Services-Banner-Spanish.png 1600w, https:\/\/eriecohealthohio.com\/wp-content\/uploads\/2024\/08\/Community-Services-Banner-Spanish-300x113.png 300w, https:\/\/eriecohealthohio.com\/wp-content\/uploads\/2024\/08\/Community-Services-Banner-Spanish-1024x384.png 1024w, https:\/\/eriecohealthohio.com\/wp-content\/uploads\/2024\/08\/Community-Services-Banner-Spanish-768x288.png 768w, https:\/\/eriecohealthohio.com\/wp-content\/uploads\/2024\/08\/Community-Services-Banner-Spanish-1536x576.png 1536w, https:\/\/eriecohealthohio.com\/wp-content\/uploads\/2024\/08\/Community-Services-Banner-Spanish-18x7.png 18w\" sizes=\"(max-width: 1600px) 100vw, 1600px\" \/>\t\t\t\t\t\t\t\t\t\t\t\t\t\t\t<\/div>\n\t\t\t\t<\/div>\n\t\t\t\t\t<\/div>\n\t\t<\/div>\n\t\t\t\t\t<\/div>\n\t\t<\/section>\n\t\t\t\t<section data-particle_enable=\"false\" data-particle-mobile-disabled=\"false\" class=\"elementor-section elementor-top-section elementor-element elementor-element-1726a23 elementor-section-boxed elementor-section-height-default elementor-section-height-default\" data-id=\"1726a23\" data-element_type=\"section\" data-e-type=\"section\">\n\t\t\t\t\t\t<div class=\"elementor-container elementor-column-gap-default\">\n\t\t\t\t\t<div class=\"elementor-column elementor-col-16 elementor-top-column elementor-element elementor-element-2e25de0\" data-id=\"2e25de0\" data-element_type=\"column\" data-e-type=\"column\">\n\t\t\t<div class=\"elementor-widget-wrap elementor-element-populated\">\n\t\t\t\t\t\t<div class=\"elementor-element elementor-element-fa1a838 elementor-align-center elementor-widget elementor-widget-button\" data-id=\"fa1a838\" data-element_type=\"widget\" data-e-type=\"widget\" data-widget_type=\"button.default\">\n\t\t\t\t<div class=\"elementor-widget-container\">\n\t\t\t\t\t\t\t\t\t<div class=\"elementor-button-wrapper\">\n\t\t\t\t\t<a class=\"elementor-button elementor-button-link elementor-size-lg\" href=\"https:\/\/eriecohealthohio.com\/es\/centro-de-salud\/erie-county-community-health-center-servicios-que-ofrecemos\/\">\n\t\t\t\t\t\t<span class=\"elementor-button-content-wrapper\">\n\t\t\t\t\t\t\t\t\t<span class=\"elementor-button-text\">SERVICIOS<\/span>\n\t\t\t\t\t<\/span>\n\t\t\t\t\t<\/a>\n\t\t\t\t<\/div>\n\t\t\t\t\t\t\t\t<\/div>\n\t\t\t\t<\/div>\n\t\t\t\t\t<\/div>\n\t\t<\/div>\n\t\t\t\t<div class=\"elementor-column elementor-col-16 elementor-top-column elementor-element elementor-element-2d313bf\" data-id=\"2d313bf\" data-element_type=\"column\" data-e-type=\"column\">\n\t\t\t<div class=\"elementor-widget-wrap elementor-element-populated\">\n\t\t\t\t\t\t<div class=\"elementor-element elementor-element-79e6615 elementor-align-center elementor-widget elementor-widget-button\" data-id=\"79e6615\" data-element_type=\"widget\" data-e-type=\"widget\" data-widget_type=\"button.default\">\n\t\t\t\t<div class=\"elementor-widget-container\">\n\t\t\t\t\t\t\t\t\t<div class=\"elementor-button-wrapper\">\n\t\t\t\t\t<a class=\"elementor-button elementor-button-link elementor-size-lg\" href=\"https:\/\/eriecohealthohio.com\/es\/centro-de-salud\/formularios-del-centro-comunitario-de-salud-del-condado-de-erie\/\">\n\t\t\t\t\t\t<span class=\"elementor-button-content-wrapper\">\n\t\t\t\t\t\t\t\t\t<span class=\"elementor-button-text\">FORMULARIOS<\/span>\n\t\t\t\t\t<\/span>\n\t\t\t\t\t<\/a>\n\t\t\t\t<\/div>\n\t\t\t\t\t\t\t\t<\/div>\n\t\t\t\t<\/div>\n\t\t\t\t\t<\/div>\n\t\t<\/div>\n\t\t\t\t<div class=\"elementor-column elementor-col-16 elementor-top-column elementor-element elementor-element-152e348\" data-id=\"152e348\" data-element_type=\"column\" data-e-type=\"column\">\n\t\t\t<div class=\"elementor-widget-wrap elementor-element-populated\">\n\t\t\t\t\t\t<div class=\"elementor-element elementor-element-6e5bfc0 elementor-align-center elementor-widget elementor-widget-button\" data-id=\"6e5bfc0\" data-element_type=\"widget\" data-e-type=\"widget\" data-widget_type=\"button.default\">\n\t\t\t\t<div class=\"elementor-widget-container\">\n\t\t\t\t\t\t\t\t\t<div class=\"elementor-button-wrapper\">\n\t\t\t\t\t<a class=\"elementor-button elementor-button-link elementor-size-lg\" href=\"https:\/\/eriecohealthohio.com\/es\/centro-de-salud\/tasas-del-centro-de-salud-comunitario-del-condado-de-erie\/\" target=\"_blank\">\n\t\t\t\t\t\t<span class=\"elementor-button-content-wrapper\">\n\t\t\t\t\t\t\t\t\t<span class=\"elementor-button-text\">TARIFAS<\/span>\n\t\t\t\t\t<\/span>\n\t\t\t\t\t<\/a>\n\t\t\t\t<\/div>\n\t\t\t\t\t\t\t\t<\/div>\n\t\t\t\t<\/div>\n\t\t\t\t\t<\/div>\n\t\t<\/div>\n\t\t\t\t<div class=\"elementor-column elementor-col-16 elementor-top-column elementor-element elementor-element-2e0058a\" data-id=\"2e0058a\" data-element_type=\"column\" data-e-type=\"column\">\n\t\t\t<div class=\"elementor-widget-wrap elementor-element-populated\">\n\t\t\t\t\t\t<div class=\"elementor-element elementor-element-a447dfc elementor-align-center elementor-widget elementor-widget-button\" data-id=\"a447dfc\" data-element_type=\"widget\" data-e-type=\"widget\" data-widget_type=\"button.default\">\n\t\t\t\t<div class=\"elementor-widget-container\">\n\t\t\t\t\t\t\t\t\t<div class=\"elementor-button-wrapper\">\n\t\t\t\t\t<a class=\"elementor-button elementor-button-link elementor-size-lg\" href=\"https:\/\/eriecohealthohio.com\/es\/centro-de-salud\/preguntas-frecuentes-del-centro-de-salud-comunitario-del-condado-de-erie\/\">\n\t\t\t\t\t\t<span class=\"elementor-button-content-wrapper\">\n\t\t\t\t\t\t\t\t\t<span class=\"elementor-button-text\">PREGUNTAS FRECUENTES<\/span>\n\t\t\t\t\t<\/span>\n\t\t\t\t\t<\/a>\n\t\t\t\t<\/div>\n\t\t\t\t\t\t\t\t<\/div>\n\t\t\t\t<\/div>\n\t\t\t\t\t<\/div>\n\t\t<\/div>\n\t\t\t\t<div class=\"elementor-column elementor-col-16 elementor-top-column elementor-element elementor-element-20c2155\" data-id=\"20c2155\" data-element_type=\"column\" data-e-type=\"column\">\n\t\t\t<div class=\"elementor-widget-wrap elementor-element-populated\">\n\t\t\t\t\t\t<div class=\"elementor-element elementor-element-81b9d1e elementor-align-center elementor-widget elementor-widget-button\" data-id=\"81b9d1e\" data-element_type=\"widget\" data-e-type=\"widget\" data-widget_type=\"button.default\">\n\t\t\t\t<div class=\"elementor-widget-container\">\n\t\t\t\t\t\t\t\t\t<div class=\"elementor-button-wrapper\">\n\t\t\t\t\t<a class=\"elementor-button elementor-button-link elementor-size-lg\" href=\"https:\/\/eriecohealthohio.com\/es\/portal-del-paciente\/\" target=\"_blank\">\n\t\t\t\t\t\t<span class=\"elementor-button-content-wrapper\">\n\t\t\t\t\t\t\t\t\t<span class=\"elementor-button-text\">PORTAL<\/span>\n\t\t\t\t\t<\/span>\n\t\t\t\t\t<\/a>\n\t\t\t\t<\/div>\n\t\t\t\t\t\t\t\t<\/div>\n\t\t\t\t<\/div>\n\t\t\t\t\t<\/div>\n\t\t<\/div>\n\t\t\t\t<div class=\"elementor-column elementor-col-16 elementor-top-column elementor-element elementor-element-7894ac7\" data-id=\"7894ac7\" data-element_type=\"column\" data-e-type=\"column\">\n\t\t\t<div class=\"elementor-widget-wrap elementor-element-populated\">\n\t\t\t\t\t\t<div class=\"elementor-element elementor-element-488d456 elementor-align-center elementor-widget elementor-widget-button\" data-id=\"488d456\" data-element_type=\"widget\" data-e-type=\"widget\" data-widget_type=\"button.default\">\n\t\t\t\t<div class=\"elementor-widget-container\">\n\t\t\t\t\t\t\t\t\t<div class=\"elementor-button-wrapper\">\n\t\t\t\t\t<a class=\"elementor-button elementor-button-link elementor-size-lg\" href=\"https:\/\/eriecohealthohio.com\/es\/centro-de-salud\/centro-comunitario-de-salud-del-condado-de-erie-contacto\/\">\n\t\t\t\t\t\t<span class=\"elementor-button-content-wrapper\">\n\t\t\t\t\t\t\t\t\t<span class=\"elementor-button-text\">CONTACTO<\/span>\n\t\t\t\t\t<\/span>\n\t\t\t\t\t<\/a>\n\t\t\t\t<\/div>\n\t\t\t\t\t\t\t\t<\/div>\n\t\t\t\t<\/div>\n\t\t\t\t\t<\/div>\n\t\t<\/div>\n\t\t\t\t\t<\/div>\n\t\t<\/section>\n\t\t\t\t<section data-particle_enable=\"false\" data-particle-mobile-disabled=\"false\" class=\"elementor-section elementor-top-section elementor-element elementor-element-cf66cdf elementor-section-boxed elementor-section-height-default elementor-section-height-default\" data-id=\"cf66cdf\" data-element_type=\"section\" data-e-type=\"section\">\n\t\t\t\t\t\t<div class=\"elementor-container elementor-column-gap-default\">\n\t\t\t\t\t<div class=\"elementor-column elementor-col-100 elementor-top-column elementor-element elementor-element-61f4ccd\" data-id=\"61f4ccd\" data-element_type=\"column\" data-e-type=\"column\">\n\t\t\t<div class=\"elementor-widget-wrap elementor-element-populated\">\n\t\t\t\t\t\t<div class=\"elementor-element elementor-element-a72d927 elementor-align-center elementor-widget elementor-widget-button\" data-id=\"a72d927\" data-element_type=\"widget\" data-e-type=\"widget\" data-widget_type=\"button.default\">\n\t\t\t\t<div class=\"elementor-widget-container\">\n\t\t\t\t\t\t\t\t\t<div class=\"elementor-button-wrapper\">\n\t\t\t\t\t<a class=\"elementor-button elementor-button-link elementor-size-lg\" href=\"https:\/\/eriecohealthohio.com\/es\/health-center\/locations\/\" target=\"_blank\">\n\t\t\t\t\t\t<span class=\"elementor-button-content-wrapper\">\n\t\t\t\t\t\t\t\t\t<span class=\"elementor-button-text\">UBICACIONES<\/span>\n\t\t\t\t\t<\/span>\n\t\t\t\t\t<\/a>\n\t\t\t\t<\/div>\n\t\t\t\t\t\t\t\t<\/div>\n\t\t\t\t<\/div>\n\t\t\t\t\t<\/div>\n\t\t<\/div>\n\t\t\t\t\t<\/div>\n\t\t<\/section>\n\t\t\t\t<section data-particle_enable=\"false\" data-particle-mobile-disabled=\"false\" class=\"elementor-section elementor-top-section elementor-element elementor-element-38d32823 elementor-section-boxed elementor-section-height-default elementor-section-height-default\" data-id=\"38d32823\" data-element_type=\"section\" data-e-type=\"section\">\n\t\t\t\t\t\t<div class=\"elementor-container elementor-column-gap-default\">\n\t\t\t\t\t<div class=\"elementor-column elementor-col-100 elementor-top-column elementor-element elementor-element-12fb3d22\" data-id=\"12fb3d22\" data-element_type=\"column\" data-e-type=\"column\">\n\t\t\t<div class=\"elementor-widget-wrap elementor-element-populated\">\n\t\t\t\t\t\t<div class=\"elementor-element elementor-element-35126db4 elementor-widget elementor-widget-text-editor\" data-id=\"35126db4\" data-element_type=\"widget\" data-e-type=\"widget\" data-widget_type=\"text-editor.default\">\n\t\t\t\t<div class=\"elementor-widget-container\">\n\t\t\t\t\t\t\t\t\t<h4>CENTRO COMUNITARIO DE SALUD DEL CONDADO DE ERIE - SERVICIOS QUE OFRECEMOS<\/h4><h5>MEDICINA DE FAMILIA - ATENCI\u00d3N PRIMARIA - PEDIATR\u00cdA\u00a0<\/h5><p>Pr\u00e1ctica Familiar\/Cuidados Primarios\/Pediatr\u00eda proporciona servicios sanitarios para pacientes de todas las edades, desde el nacimiento hasta la tercera edad.  Tanto si se trata de una visita por una enfermedad o para el bienestar, estos servicios satisfacen las necesidades de todos los miembros de su familia mediante la prestaci\u00f3n de los siguientes servicios:<\/p><ul><li>Atenci\u00f3n m\u00e9dica general\u00a0\u00a0\u00a0\u00a0\u00a0\u00a0\u00a0\u00a0\u00a0\u00a0\u00a0\u00a0\u00a0\u00a0\u00a0\u00a0\u00a0\u00a0\u00a0\u00a0\u00a0\u00a0\u00a0\u00a0\u00a0\u00a0\u00a0\u00a0\u00a0\u00a0\u00a0\u00a0\u00a0\u00a0\u00a0\u00a0\u00a0\u00a0\u00a0\u00a0\u00a0\u00a0\u00a0\u00a0\u00a0\u00a0\u00a0\u00a0\u00a0<\/li><li>Pediatr\u00eda Visitas a ni\u00f1os sanos y enfermos<\/li><li>Visitas de bienestar y preventivas para adultos\u00a0\u00a0\u00a0\u00a0\u00a0\u00a0\u00a0\u00a0\u00a0\u00a0\u00a0\u00a0\u00a0\u00a0\u00a0<\/li><li>F\u00edsicos<\/li><li>Gesti\u00f3n de enfermedades\/cuidados cr\u00f3nicos\u00a0\u00a0\u00a0\u00a0\u00a0\u00a0\u00a0\u00a0\u00a0\u00a0\u00a0\u00a0\u00a0\u00a0\u00a0\u00a0\u00a0\u00a0\u00a0\u00a0\u00a0\u00a0\u00a0\u00a0\u00a0\u00a0\u00a0\u00a0<\/li><li>Servicios de infecciones de transmisi\u00f3n sexual\u00a0 \u00a0 \u00a0 \u00a0<\/li><\/ul><h5>INMUNIZACIONES - VACUNAS PARA VIAJES - CL\u00cdNICAS DE DIVULGACI\u00d3N<\/h5><p>El Centro de Salud Comunitaria del Condado de Erie es el experto en vacunas para todas las inmunizaciones de ni\u00f1os, adolescentes y adultos.  \u00a1Somos su ventanilla \u00fanica para las vacunas, lo que le evita viajar a diferentes proveedores para recibir todas sus vacunas necesarias!  Somos un\u00a0<strong>Proveedor de Vacunas para Ni\u00f1os (VFC)<\/strong>vacunar a los ni\u00f1os independientemente de su capacidad de pago.  Como proveedor de vacunas de viaje, vis\u00edtenos antes de su viaje internacional para recibir vacunas que protejan su salud.  En nuestro Centro de Vacunaci\u00f3n se prestan los siguientes servicios:<\/p><ul><li>Vacunas infantiles\u00a0\u00a0\u00a0\u00a0\u00a0\u00a0\u00a0\u00a0\u00a0\u00a0\u00a0\u00a0\u00a0\u00a0\u00a0\u00a0\u00a0\u00a0\u00a0\u00a0\u00a0\u00a0\u00a0<\/li><li>Vacunas para adultos\u00a0\u00a0\u00a0\u00a0\u00a0\u00a0\u00a0\u00a0\u00a0\u00a0\u00a0<\/li><li>Vacuna antigripal<\/li><li>Vacunas para adolescentes\u00a0\u00a0\u00a0\u00a0\u00a0\u00a0\u00a0\u00a0\u00a0\u00a0\u00a0\u00a0\u00a0\u00a0<\/li><li>Vacunas de viaje\u00a0\u00a0\u00a0\u00a0\u00a0\u00a0\u00a0\u00a0\u00a0\u00a0<\/li><li>Vacunas Covid-19<\/li><li>Cl\u00ednicas de vacunaci\u00f3n contra la gripe para empresas y organizaciones<\/li><\/ul><h5><strong><br \/>GINECOLOG\u00cdA Y OBSTETRICIA<\/strong><\/h5><p>El Centro Comunitario de Salud del Condado de Erie ofrece una amplia gama de servicios de salud reproductiva y bienestar para la mujer.  Somos un proveedor de Planificaci\u00f3n Familiar T\u00edtulo X que garantiza el acceso a servicios de planificaci\u00f3n familiar y salud sexual de alta calidad.  En nuestro centro se ofrecen los siguientes servicios:<\/p><ul><li>Ex\u00e1menes anuales\u00a0\u00a0\u00a0\u00a0\u00a0\u00a0\u00a0\u00a0\u00a0\u00a0\u00a0\u00a0\u00a0\u00a0\u00a0\u00a0\u00a0\u00a0\u00a0\u00a0\u00a0\u00a0\u00a0\u00a0<\/li><li>Pruebas de embarazo\u00a0\u00a0\u00a0\u00a0\u00a0\u00a0\u00a0\u00a0\u00a0\u00a0 \u00a0\u00a0\u00a0\u00a0\u00a0\u00a0\u00a0\u00a0\u00a0\u00a0\u00a0<\/li><li>Mamograf\u00edas (derivaci\u00f3n)<\/li><li>Atenci\u00f3n al embarazo de bajo riesgo\u00a0\u00a0\u00a0\u00a0\u00a0\u00a0\u00a0<\/li><li>M\u00e9todos anticonceptivos (p\u00edldoras\/depo\/IUD\/Nexplanon, etc.)<\/li><li>Diagn\u00f3stico y tratamiento de los trastornos ginecol\u00f3gicos de la mujer\u00a0\u00a0\u00a0\u00a0\u00a0\u00a0\u00a0\u00a0\u00a0\u00a0\u00a0<\/li><li>Procedimientos de colposcopia\/LEEP<\/li><\/ul><p>Adem\u00e1s, estamos <strong>socio del Programa de C\u00e1ncer de Mama y Cuello de \u00datero<\/strong>, que ofrece pruebas gratuitas de detecci\u00f3n del c\u00e1ncer de mama y de cuello uterino y estudios de diagn\u00f3stico a las mujeres que cumplen los requisitos del programa.<\/p><h5>SALUD DEL COMPORTAMIENTO<\/h5><p>El Centro de Salud Comunitaria del Condado de Erie ofrece servicios de salud conductual para adultos.   Los servicios se centran en los problemas de salud mental, emocionales y de abuso\/adicci\u00f3n de sustancias que experimentan las personas.  Los servicios incluyen:<\/p><ul><li>Asesoramiento cl\u00ednico\u00a0\u00a0\u00a0\u00a0\u00a0\u00a0\u00a0\u00a0\u00a0\u00a0\u00a0\u00a0\u00a0\u00a0\u00a0\u00a0\u00a0\u00a0\u00a0\u00a0\u00a0\u00a0\u00a0\u00a0\u00a0\u00a0\u00a0\u00a0<\/li><li>Apoyo y servicios sociales<\/li><li>Gesti\u00f3n de casos\u00a0\u00a0\u00a0\u00a0\u00a0\u00a0\u00a0\u00a0\u00a0\u00a0\u00a0\u00a0\u00a0\u00a0\u00a0\u00a0\u00a0\u00a0\u00a0\u00a0\u00a0\u00a0\u00a0\u00a0\u00a0\u00a0<\/li><li>Tratamiento asistido con medicaci\u00f3n (MAT)\u00a0<\/li><\/ul><p>El Centro de Salud Comunitaria del Condado de Erie utiliza Vivitrol en su programa de Tratamiento Asistido con Medicamentos en combinaci\u00f3n con asesoramiento conductual para el tratamiento del consumo de sustancias y la adicci\u00f3n a los opi\u00e1ceos.<\/p><h5>CL\u00cdNICA DENTAL: \u00a0<a href=\"https:\/\/eriecohealthohio.com\/es\/dental\/\">Haga clic aqu\u00ed para obtener m\u00e1s informaci\u00f3n.<\/a><\/h5><p><strong>NOTA:\u00a0 <\/strong>Para ponerse en contacto con nuestro personal de guardia del Centro de Salud en relaci\u00f3n con un asunto de salud urgente fuera de nuestro horario normal de oficina, por favor llame al 419-626-1218.<\/p>\t\t\t\t\t\t\t\t<\/div>\n\t\t\t\t<\/div>\n\t\t\t\t<div class=\"elementor-element elementor-element-c7d275b elementor-align-center elementor-widget elementor-widget-button\" data-id=\"c7d275b\" data-element_type=\"widget\" data-e-type=\"widget\" data-widget_type=\"button.default\">\n\t\t\t\t<div class=\"elementor-widget-container\">\n\t\t\t\t\t\t\t\t\t<div class=\"elementor-button-wrapper\">\n\t\t\t\t\t<a class=\"elementor-button elementor-button-link elementor-size-lg\" href=\"https:\/\/eriecohealthohio.com\/es\/centro-de-salud\/preguntas-frecuentes-del-centro-de-salud-comunitario-del-condado-de-erie\/\">\n\t\t\t\t\t\t<span class=\"elementor-button-content-wrapper\">\n\t\t\t\t\t\t\t\t\t<span class=\"elementor-button-text\">PREGUNTAS FRECUENTES<\/span>\n\t\t\t\t\t<\/span>\n\t\t\t\t\t<\/a>\n\t\t\t\t<\/div>\n\t\t\t\t\t\t\t\t<\/div>\n\t\t\t\t<\/div>\n\t\t\t\t\t<\/div>\n\t\t<\/div>\n\t\t\t\t\t<\/div>\n\t\t<\/section>\n\t\t\t\t<\/div>","protected":false},"excerpt":{"rendered":"<p>SERVICES FORMS FEES FAQ&#8217;S PORTAL CONTACT LOCATIONS ERIE COUNTY COMMUNITY HEALTH CENTER &#8211; SERVICES WE OFFER FAMILY PRACTICE &#8211; PRIMRY CARE &#8211; PEDIATRICS\u00a0 Family Practice\/Primary Care\/Pediatrics provides healthcare services for patients of all ages from birth through the senior years.\u00a0 Whether it is a visit for an illness or for wellness, these services meet the [&hellip;]<\/p>\n","protected":false},"author":1,"featured_media":0,"parent":6179,"menu_order":0,"comment_status":"closed","ping_status":"closed","template":"","meta":{"footnotes":"","_links_to":"","_links_to_target":""},"class_list":["post-6332","page","type-page","status-publish","hentry"],"_links":{"self":[{"href":"https:\/\/eriecohealthohio.com\/es\/wp-json\/wp\/v2\/pages\/6332","targetHints":{"allow":["GET"]}}],"collection":[{"href":"https:\/\/eriecohealthohio.com\/es\/wp-json\/wp\/v2\/pages"}],"about":[{"href":"https:\/\/eriecohealthohio.com\/es\/wp-json\/wp\/v2\/types\/page"}],"author":[{"embeddable":true,"href":"https:\/\/eriecohealthohio.com\/es\/wp-json\/wp\/v2\/users\/1"}],"replies":[{"embeddable":true,"href":"https:\/\/eriecohealthohio.com\/es\/wp-json\/wp\/v2\/comments?post=6332"}],"version-history":[{"count":0,"href":"https:\/\/eriecohealthohio.com\/es\/wp-json\/wp\/v2\/pages\/6332\/revisions"}],"up":[{"embeddable":true,"href":"https:\/\/eriecohealthohio.com\/es\/wp-json\/wp\/v2\/pages\/6179"}],"wp:attachment":[{"href":"https:\/\/eriecohealthohio.com\/es\/wp-json\/wp\/v2\/media?parent=6332"}],"curies":[{"name":"wp","href":"https:\/\/api.w.org\/{rel}","templated":true}]}}