{"id":6091,"date":"2022-07-18T13:21:04","date_gmt":"2022-07-18T13:21:04","guid":{"rendered":"https:\/\/eriecohealthohio.com\/?page_id=6091"},"modified":"2024-12-12T12:24:20","modified_gmt":"2024-12-12T16:24:20","slug":"carreras-en-la-sanidad-publica-prestaciones-2","status":"publish","type":"page","link":"https:\/\/eriecohealthohio.com\/es\/jobs\/careers-in-public-health-benefits-2\/","title":{"rendered":"PRESTACIONES"},"content":{"rendered":"<div data-elementor-type=\"wp-page\" data-elementor-id=\"6091\" class=\"elementor elementor-6091\" data-elementor-post-type=\"page\">\n\t\t\t\t\t\t<section data-particle_enable=\"false\" data-particle-mobile-disabled=\"false\" class=\"elementor-section elementor-top-section elementor-element elementor-element-73c8efa3 elementor-section-boxed elementor-section-height-default elementor-section-height-default\" data-id=\"73c8efa3\" data-element_type=\"section\" data-e-type=\"section\">\n\t\t\t\t\t\t<div class=\"elementor-container elementor-column-gap-default\">\n\t\t\t\t\t<div class=\"elementor-column elementor-col-100 elementor-top-column elementor-element elementor-element-23e41217\" data-id=\"23e41217\" data-element_type=\"column\" data-e-type=\"column\">\n\t\t\t<div class=\"elementor-widget-wrap elementor-element-populated\">\n\t\t\t\t\t\t<div class=\"elementor-element elementor-element-37335bb6 elementor-widget elementor-widget-image\" data-id=\"37335bb6\" data-element_type=\"widget\" data-e-type=\"widget\" data-no-translation=\"\" data-widget_type=\"image.default\">\n\t\t\t\t<div class=\"elementor-widget-container\">\n\t\t\t\t\t<style>.elementor-element-37335bb6{display:none !important}<\/style>\t\t\t\t<\/div>\n\t\t\t\t<\/div>\n\t\t\t\t\t<\/div>\n\t\t<\/div>\n\t\t\t\t\t<\/div>\n\t\t<\/section>\n\t\t\t\t<section data-particle_enable=\"false\" data-particle-mobile-disabled=\"false\" class=\"elementor-section elementor-top-section elementor-element elementor-element-38c51ca elementor-section-boxed elementor-section-height-default elementor-section-height-default\" data-id=\"38c51ca\" data-element_type=\"section\" data-e-type=\"section\">\n\t\t\t\t\t\t<div class=\"elementor-container elementor-column-gap-default\">\n\t\t\t\t\t<div class=\"elementor-column elementor-col-100 elementor-top-column elementor-element elementor-element-286046c\" data-id=\"286046c\" data-element_type=\"column\" data-e-type=\"column\">\n\t\t\t<div class=\"elementor-widget-wrap elementor-element-populated\">\n\t\t\t\t\t\t<div class=\"elementor-element elementor-element-cf8635c elementor-widget elementor-widget-image\" data-id=\"cf8635c\" data-element_type=\"widget\" data-e-type=\"widget\" data-no-translation=\"\" data-widget_type=\"image.default\">\n\t\t\t\t<div class=\"elementor-widget-container\">\n\t\t\t\t\t\t\t\t\t\t\t\t\t\t\t<img fetchpriority=\"high\" decoding=\"async\" width=\"1600\" height=\"600\" src=\"https:\/\/eriecohealthohio.com\/wp-content\/uploads\/2024\/12\/Great-Place-To-Work-Spanish.png\" class=\"attachment-full size-full wp-image-20839\" alt=\"CARRERAS EN SALUD P\u00daBLICA\" srcset=\"https:\/\/eriecohealthohio.com\/wp-content\/uploads\/2024\/12\/Great-Place-To-Work-Spanish.png 1600w, https:\/\/eriecohealthohio.com\/wp-content\/uploads\/2024\/12\/Great-Place-To-Work-Spanish-300x113.png 300w, https:\/\/eriecohealthohio.com\/wp-content\/uploads\/2024\/12\/Great-Place-To-Work-Spanish-1024x384.png 1024w, https:\/\/eriecohealthohio.com\/wp-content\/uploads\/2024\/12\/Great-Place-To-Work-Spanish-768x288.png 768w, https:\/\/eriecohealthohio.com\/wp-content\/uploads\/2024\/12\/Great-Place-To-Work-Spanish-1536x576.png 1536w, https:\/\/eriecohealthohio.com\/wp-content\/uploads\/2024\/12\/Great-Place-To-Work-Spanish-18x7.png 18w\" sizes=\"(max-width: 1600px) 100vw, 1600px\" \/>\t\t\t\t\t\t\t\t\t\t\t\t\t\t\t<\/div>\n\t\t\t\t<\/div>\n\t\t\t\t\t<\/div>\n\t\t<\/div>\n\t\t\t\t\t<\/div>\n\t\t<\/section>\n\t\t\t\t<section data-particle_enable=\"false\" data-particle-mobile-disabled=\"false\" class=\"elementor-section elementor-top-section elementor-element elementor-element-6ed7f442 elementor-section-boxed elementor-section-height-default elementor-section-height-default\" data-id=\"6ed7f442\" data-element_type=\"section\" data-e-type=\"section\">\n\t\t\t\t\t\t<div class=\"elementor-container elementor-column-gap-default\">\n\t\t\t\t\t<div class=\"elementor-column elementor-col-25 elementor-top-column elementor-element elementor-element-514cb657\" data-id=\"514cb657\" data-element_type=\"column\" data-e-type=\"column\">\n\t\t\t<div class=\"elementor-widget-wrap elementor-element-populated\">\n\t\t\t\t\t\t<div class=\"elementor-element elementor-element-3a560543 elementor-align-center elementor-widget elementor-widget-button\" data-id=\"3a560543\" data-element_type=\"widget\" data-e-type=\"widget\" data-widget_type=\"button.default\">\n\t\t\t\t<div class=\"elementor-widget-container\">\n\t\t\t\t\t\t\t\t\t<div class=\"elementor-button-wrapper\">\n\t\t\t\t\t<a class=\"elementor-button elementor-button-link elementor-size-lg\" href=\"https:\/\/eriecohealthohio.com\/es\/puestos-de-trabajo\/carreras-en-la-sanidad-publica-prestaciones-2\/\">\n\t\t\t\t\t\t<span class=\"elementor-button-content-wrapper\">\n\t\t\t\t\t\t\t\t\t<span class=\"elementor-button-text\">PRESTACIONES<\/span>\n\t\t\t\t\t<\/span>\n\t\t\t\t\t<\/a>\n\t\t\t\t<\/div>\n\t\t\t\t\t\t\t\t<\/div>\n\t\t\t\t<\/div>\n\t\t\t\t\t<\/div>\n\t\t<\/div>\n\t\t\t\t<div class=\"elementor-column elementor-col-25 elementor-top-column elementor-element elementor-element-c229da0\" data-id=\"c229da0\" data-element_type=\"column\" data-e-type=\"column\">\n\t\t\t<div class=\"elementor-widget-wrap elementor-element-populated\">\n\t\t\t\t\t\t<div class=\"elementor-element elementor-element-1066907c elementor-align-center elementor-widget elementor-widget-button\" data-id=\"1066907c\" data-element_type=\"widget\" data-e-type=\"widget\" data-widget_type=\"button.default\">\n\t\t\t\t<div class=\"elementor-widget-container\">\n\t\t\t\t\t\t\t\t\t<div class=\"elementor-button-wrapper\">\n\t\t\t\t\t<a class=\"elementor-button elementor-button-link elementor-size-lg\" href=\"https:\/\/eriecohealthohio.com\/es\/puestos-de-trabajo\/carreras-en-la-sanidad-publica\/\">\n\t\t\t\t\t\t<span class=\"elementor-button-content-wrapper\">\n\t\t\t\t\t\t\t\t\t<span class=\"elementor-button-text\">ACTUAL<br \/>PUERTAS ABIERTAS<\/span>\n\t\t\t\t\t<\/span>\n\t\t\t\t\t<\/a>\n\t\t\t\t<\/div>\n\t\t\t\t\t\t\t\t<\/div>\n\t\t\t\t<\/div>\n\t\t\t\t\t<\/div>\n\t\t<\/div>\n\t\t\t\t<div class=\"elementor-column elementor-col-25 elementor-top-column elementor-element elementor-element-4e8cf339\" data-id=\"4e8cf339\" data-element_type=\"column\" data-e-type=\"column\">\n\t\t\t<div class=\"elementor-widget-wrap elementor-element-populated\">\n\t\t\t\t\t\t<div class=\"elementor-element elementor-element-57ad014c elementor-align-center elementor-widget elementor-widget-button\" data-id=\"57ad014c\" data-element_type=\"widget\" data-e-type=\"widget\" data-widget_type=\"button.default\">\n\t\t\t\t<div class=\"elementor-widget-container\">\n\t\t\t\t\t\t\t\t\t<div class=\"elementor-button-wrapper\">\n\t\t\t\t\t<a class=\"elementor-button elementor-button-link elementor-size-lg\" href=\"https:\/\/www.cognitoforms.com\/ErieCountyHealthDepartment\/ErieCountyHealthDepartmentJobApplication\" target=\"_blank\">\n\t\t\t\t\t\t<span class=\"elementor-button-content-wrapper\">\n\t\t\t\t\t\t\t\t\t<span class=\"elementor-button-text\">TRABAJO<br \/>SOLICITUD<\/span>\n\t\t\t\t\t<\/span>\n\t\t\t\t\t<\/a>\n\t\t\t\t<\/div>\n\t\t\t\t\t\t\t\t<\/div>\n\t\t\t\t<\/div>\n\t\t\t\t\t<\/div>\n\t\t<\/div>\n\t\t\t\t<div class=\"elementor-column elementor-col-25 elementor-top-column elementor-element elementor-element-988f837\" data-id=\"988f837\" data-element_type=\"column\" data-e-type=\"column\">\n\t\t\t<div class=\"elementor-widget-wrap elementor-element-populated\">\n\t\t\t\t\t\t<div class=\"elementor-element elementor-element-73e0e378 elementor-align-center elementor-widget elementor-widget-button\" data-id=\"73e0e378\" data-element_type=\"widget\" data-e-type=\"widget\" data-widget_type=\"button.default\">\n\t\t\t\t<div class=\"elementor-widget-container\">\n\t\t\t\t\t\t\t\t\t<div class=\"elementor-button-wrapper\">\n\t\t\t\t\t<a class=\"elementor-button elementor-button-link elementor-size-lg\" href=\"https:\/\/eriecohealthohio.com\/es\/puestos-de-trabajo\/carreras-en-salud-publica-contacto\/\">\n\t\t\t\t\t\t<span class=\"elementor-button-content-wrapper\">\n\t\t\t\t\t\t\t\t\t<span class=\"elementor-button-text\">CONTACTO<\/span>\n\t\t\t\t\t<\/span>\n\t\t\t\t\t<\/a>\n\t\t\t\t<\/div>\n\t\t\t\t\t\t\t\t<\/div>\n\t\t\t\t<\/div>\n\t\t\t\t\t<\/div>\n\t\t<\/div>\n\t\t\t\t\t<\/div>\n\t\t<\/section>\n\t\t\t\t<section data-particle_enable=\"false\" data-particle-mobile-disabled=\"false\" class=\"elementor-section elementor-top-section elementor-element elementor-element-7b53b59 elementor-section-boxed elementor-section-height-default elementor-section-height-default\" data-id=\"7b53b59\" data-element_type=\"section\" data-e-type=\"section\">\n\t\t\t\t\t\t<div class=\"elementor-container elementor-column-gap-default\">\n\t\t\t\t\t<div class=\"elementor-column elementor-col-100 elementor-top-column elementor-element elementor-element-760d7184\" data-id=\"760d7184\" data-element_type=\"column\" data-e-type=\"column\">\n\t\t\t<div class=\"elementor-widget-wrap elementor-element-populated\">\n\t\t\t\t\t\t<div class=\"elementor-element elementor-element-255e6fb0 elementor-widget elementor-widget-text-editor\" data-id=\"255e6fb0\" data-element_type=\"widget\" data-e-type=\"widget\" data-widget_type=\"text-editor.default\">\n\t\t\t\t<div class=\"elementor-widget-container\">\n\t\t\t\t\t\t\t\t\t<h4>CARRERAS EN SALUD P\u00daBLICA - BENEFICIOS<\/h4><p><img decoding=\"async\" class=\"size-full wp-image-16852 alignright\" src=\"https:\/\/eriecohealthohio.com\/wp-content\/uploads\/2024\/03\/NHSC-badge.png\" alt=\"Insignia NHSC\" width=\"309\" height=\"288\" srcset=\"https:\/\/eriecohealthohio.com\/wp-content\/uploads\/2024\/03\/NHSC-badge.png 309w, https:\/\/eriecohealthohio.com\/wp-content\/uploads\/2024\/03\/NHSC-badge-300x280.png 300w, https:\/\/eriecohealthohio.com\/wp-content\/uploads\/2024\/03\/NHSC-badge-13x12.png 13w\" sizes=\"(max-width: 309px) 100vw, 309px\" \/>El Condado de Erie est\u00e1 plenamente comprometido con la salud y el bienestar de nuestros empleados. El Condado de Erie ofrece un amplio paquete de prestaciones a todos los empleados fijos a tiempo completo.<\/p><p>El programa de seguro m\u00e9dico ofrece seguro m\u00e9dico, de prescripci\u00f3n, de visi\u00f3n, dental y de vida colectivo. Creemos en la importancia de la conciliaci\u00f3n de la vida laboral y familiar y ofrecemos a los empleados a tiempo completo vacaciones pagadas, d\u00edas personales y doce (12) d\u00edas festivos pagados.\u00a0<\/p><p>El bienestar financiero de nuestros empleados es una prioridad, los empleados contribuyen al plan de jubilaci\u00f3n estatal llamado Sistema de Jubilaci\u00f3n de los Empleados P\u00fablicos de Ohio.\u00a0<a href=\"https:\/\/www.opers.org\/\" target=\"_blank\" rel=\"noopener\">(OPERS)<\/a>. \u00a0<\/p><h5>\u00bfPOR QU\u00c9 ELEGIRNOS?<\/h5><ul><li>Trabajo interesante y estimulante<\/li><li>La oportunidad de marcar la diferencia en la vida de los residentes del condado de Erie.<\/li><li>Empleos para TODOS los intereses<\/li><\/ul><h5>\u00a1BENEFICIOS GENEROSOS!<\/h5><ul><li>Prestaciones sanitarias, dentales, oftalmol\u00f3gicas y de prescripci\u00f3n m\u00e9dica<\/li><li>24% Contribuci\u00f3n OPERS<\/li><li>14% empresario, 10% trabajador<\/li><li>Oportunidades de reembolso de pr\u00e9stamos<\/li><li>Programas de bienestar<\/li><\/ul>\t\t\t\t\t\t\t\t<\/div>\n\t\t\t\t<\/div>\n\t\t\t\t\t<\/div>\n\t\t<\/div>\n\t\t\t\t\t<\/div>\n\t\t<\/section>\n\t\t\t\t<\/div>","protected":false},"excerpt":{"rendered":"<p>BENEFITS CURRENTOPENINGS JOBAPPLICATION CONTACT CAREERS IN PUBLIC HEALTH &#8211; BENEFITS Erie County is fully committed to the health and well-being of our employees. Erie County offers a comprehensive benefits package to all regular full-time employees. The health insurance program provides medical, prescription, vision, dental and group life insurance. We believe in the importance of work [&hellip;]<\/p>\n","protected":false},"author":1,"featured_media":0,"parent":557,"menu_order":0,"comment_status":"closed","ping_status":"closed","template":"","meta":{"footnotes":"","_links_to":"","_links_to_target":""},"class_list":["post-6091","page","type-page","status-publish","hentry"],"_links":{"self":[{"href":"https:\/\/eriecohealthohio.com\/es\/wp-json\/wp\/v2\/pages\/6091","targetHints":{"allow":["GET"]}}],"collection":[{"href":"https:\/\/eriecohealthohio.com\/es\/wp-json\/wp\/v2\/pages"}],"about":[{"href":"https:\/\/eriecohealthohio.com\/es\/wp-json\/wp\/v2\/types\/page"}],"author":[{"embeddable":true,"href":"https:\/\/eriecohealthohio.com\/es\/wp-json\/wp\/v2\/users\/1"}],"replies":[{"embeddable":true,"href":"https:\/\/eriecohealthohio.com\/es\/wp-json\/wp\/v2\/comments?post=6091"}],"version-history":[{"count":0,"href":"https:\/\/eriecohealthohio.com\/es\/wp-json\/wp\/v2\/pages\/6091\/revisions"}],"up":[{"embeddable":true,"href":"https:\/\/eriecohealthohio.com\/es\/wp-json\/wp\/v2\/pages\/557"}],"wp:attachment":[{"href":"https:\/\/eriecohealthohio.com\/es\/wp-json\/wp\/v2\/media?parent=6091"}],"curies":[{"name":"wp","href":"https:\/\/api.w.org\/{rel}","templated":true}]}}