{"id":6082,"date":"2022-07-18T13:17:29","date_gmt":"2022-07-18T13:17:29","guid":{"rendered":"https:\/\/eriecohealthohio.com\/?page_id=6082"},"modified":"2026-04-17T09:52:46","modified_gmt":"2026-04-17T13:52:46","slug":"carreras-en-la-sanidad-publica","status":"publish","type":"page","link":"https:\/\/eriecohealthohio.com\/es\/jobs\/careers-in-public-health-benefits\/","title":{"rendered":"VACANTES ACTUALES"},"content":{"rendered":"<div data-elementor-type=\"wp-page\" data-elementor-id=\"6082\" class=\"elementor elementor-6082\" data-elementor-post-type=\"page\">\n\t\t\t\t\t\t<section data-particle_enable=\"false\" data-particle-mobile-disabled=\"false\" class=\"elementor-section elementor-top-section elementor-element elementor-element-59c058ee elementor-section-boxed elementor-section-height-default elementor-section-height-default\" data-id=\"59c058ee\" data-element_type=\"section\" data-e-type=\"section\">\n\t\t\t\t\t\t<div class=\"elementor-container elementor-column-gap-default\">\n\t\t\t\t\t<div class=\"elementor-column elementor-col-100 elementor-top-column elementor-element elementor-element-380e724d\" data-id=\"380e724d\" data-element_type=\"column\" data-e-type=\"column\">\n\t\t\t<div class=\"elementor-widget-wrap elementor-element-populated\">\n\t\t\t\t\t\t<div class=\"elementor-element elementor-element-3bfbdade elementor-widget elementor-widget-image\" data-id=\"3bfbdade\" data-element_type=\"widget\" data-e-type=\"widget\" data-no-translation=\"\" data-widget_type=\"image.default\">\n\t\t\t\t<div class=\"elementor-widget-container\">\n\t\t\t\t\t<style>.elementor-element-3bfbdade{display:none !important}<\/style>\t\t\t\t<\/div>\n\t\t\t\t<\/div>\n\t\t\t\t\t<\/div>\n\t\t<\/div>\n\t\t\t\t\t<\/div>\n\t\t<\/section>\n\t\t\t\t<section data-particle_enable=\"false\" data-particle-mobile-disabled=\"false\" class=\"elementor-section elementor-top-section elementor-element elementor-element-974e010 elementor-section-boxed elementor-section-height-default elementor-section-height-default\" data-id=\"974e010\" data-element_type=\"section\" data-e-type=\"section\">\n\t\t\t\t\t\t<div class=\"elementor-container elementor-column-gap-default\">\n\t\t\t\t\t<div class=\"elementor-column elementor-col-100 elementor-top-column elementor-element elementor-element-10a733e\" data-id=\"10a733e\" data-element_type=\"column\" data-e-type=\"column\">\n\t\t\t<div class=\"elementor-widget-wrap elementor-element-populated\">\n\t\t\t\t\t\t<div class=\"elementor-element elementor-element-c43cec2 elementor-widget elementor-widget-image\" data-id=\"c43cec2\" data-element_type=\"widget\" data-e-type=\"widget\" data-no-translation=\"\" data-widget_type=\"image.default\">\n\t\t\t\t<div class=\"elementor-widget-container\">\n\t\t\t\t\t\t\t\t\t\t\t\t\t\t\t<img fetchpriority=\"high\" decoding=\"async\" width=\"1600\" height=\"600\" src=\"https:\/\/eriecohealthohio.com\/wp-content\/uploads\/2024\/12\/Great-Place-To-Work-Spanish.png\" class=\"attachment-full size-full wp-image-20839\" alt=\"CARRERAS EN SALUD P\u00daBLICA\" srcset=\"https:\/\/eriecohealthohio.com\/wp-content\/uploads\/2024\/12\/Great-Place-To-Work-Spanish.png 1600w, https:\/\/eriecohealthohio.com\/wp-content\/uploads\/2024\/12\/Great-Place-To-Work-Spanish-300x113.png 300w, https:\/\/eriecohealthohio.com\/wp-content\/uploads\/2024\/12\/Great-Place-To-Work-Spanish-1024x384.png 1024w, https:\/\/eriecohealthohio.com\/wp-content\/uploads\/2024\/12\/Great-Place-To-Work-Spanish-768x288.png 768w, https:\/\/eriecohealthohio.com\/wp-content\/uploads\/2024\/12\/Great-Place-To-Work-Spanish-1536x576.png 1536w, https:\/\/eriecohealthohio.com\/wp-content\/uploads\/2024\/12\/Great-Place-To-Work-Spanish-18x7.png 18w\" sizes=\"(max-width: 1600px) 100vw, 1600px\" \/>\t\t\t\t\t\t\t\t\t\t\t\t\t\t\t<\/div>\n\t\t\t\t<\/div>\n\t\t\t\t\t<\/div>\n\t\t<\/div>\n\t\t\t\t\t<\/div>\n\t\t<\/section>\n\t\t\t\t<section data-particle_enable=\"false\" data-particle-mobile-disabled=\"false\" class=\"elementor-section elementor-top-section elementor-element elementor-element-56fa7cb4 elementor-section-boxed elementor-section-height-default elementor-section-height-default\" data-id=\"56fa7cb4\" data-element_type=\"section\" data-e-type=\"section\">\n\t\t\t\t\t\t<div class=\"elementor-container elementor-column-gap-default\">\n\t\t\t\t\t<div class=\"elementor-column elementor-col-25 elementor-top-column elementor-element elementor-element-32ff4968\" data-id=\"32ff4968\" data-element_type=\"column\" data-e-type=\"column\">\n\t\t\t<div class=\"elementor-widget-wrap elementor-element-populated\">\n\t\t\t\t\t\t<div class=\"elementor-element elementor-element-4757bc07 elementor-align-center elementor-widget elementor-widget-button\" data-id=\"4757bc07\" data-element_type=\"widget\" data-e-type=\"widget\" data-widget_type=\"button.default\">\n\t\t\t\t<div class=\"elementor-widget-container\">\n\t\t\t\t\t\t\t\t\t<div class=\"elementor-button-wrapper\">\n\t\t\t\t\t<a class=\"elementor-button elementor-button-link elementor-size-lg\" href=\"https:\/\/eriecohealthohio.com\/es\/puestos-de-trabajo\/carreras-en-la-sanidad-publica-prestaciones-2\/\">\n\t\t\t\t\t\t<span class=\"elementor-button-content-wrapper\">\n\t\t\t\t\t\t\t\t\t<span class=\"elementor-button-text\">PRESTACIONES<\/span>\n\t\t\t\t\t<\/span>\n\t\t\t\t\t<\/a>\n\t\t\t\t<\/div>\n\t\t\t\t\t\t\t\t<\/div>\n\t\t\t\t<\/div>\n\t\t\t\t\t<\/div>\n\t\t<\/div>\n\t\t\t\t<div class=\"elementor-column elementor-col-25 elementor-top-column elementor-element elementor-element-7ab158af\" data-id=\"7ab158af\" data-element_type=\"column\" data-e-type=\"column\">\n\t\t\t<div class=\"elementor-widget-wrap elementor-element-populated\">\n\t\t\t\t\t\t<div class=\"elementor-element elementor-element-7b15da84 elementor-align-center elementor-widget elementor-widget-button\" data-id=\"7b15da84\" data-element_type=\"widget\" data-e-type=\"widget\" data-widget_type=\"button.default\">\n\t\t\t\t<div class=\"elementor-widget-container\">\n\t\t\t\t\t\t\t\t\t<div class=\"elementor-button-wrapper\">\n\t\t\t\t\t<a class=\"elementor-button elementor-button-link elementor-size-lg\" href=\"https:\/\/eriecohealthohio.com\/es\/puestos-de-trabajo\/carreras-en-la-sanidad-publica\/\">\n\t\t\t\t\t\t<span class=\"elementor-button-content-wrapper\">\n\t\t\t\t\t\t\t\t\t<span class=\"elementor-button-text\">ACTUAL<br \/>PUERTAS ABIERTAS<\/span>\n\t\t\t\t\t<\/span>\n\t\t\t\t\t<\/a>\n\t\t\t\t<\/div>\n\t\t\t\t\t\t\t\t<\/div>\n\t\t\t\t<\/div>\n\t\t\t\t\t<\/div>\n\t\t<\/div>\n\t\t\t\t<div class=\"elementor-column elementor-col-25 elementor-top-column elementor-element elementor-element-43f7a641\" data-id=\"43f7a641\" data-element_type=\"column\" data-e-type=\"column\">\n\t\t\t<div class=\"elementor-widget-wrap elementor-element-populated\">\n\t\t\t\t\t\t<div class=\"elementor-element elementor-element-1e5fd41b elementor-align-center elementor-widget elementor-widget-button\" data-id=\"1e5fd41b\" data-element_type=\"widget\" data-e-type=\"widget\" data-widget_type=\"button.default\">\n\t\t\t\t<div class=\"elementor-widget-container\">\n\t\t\t\t\t\t\t\t\t<div class=\"elementor-button-wrapper\">\n\t\t\t\t\t<a class=\"elementor-button elementor-button-link elementor-size-lg\" href=\"https:\/\/www.cognitoforms.com\/ErieCountyHealthDepartment\/ErieCountyHealthDepartmentJobApplication\" target=\"_blank\">\n\t\t\t\t\t\t<span class=\"elementor-button-content-wrapper\">\n\t\t\t\t\t\t\t\t\t<span class=\"elementor-button-text\">TRABAJO<br \/>SOLICITUD<\/span>\n\t\t\t\t\t<\/span>\n\t\t\t\t\t<\/a>\n\t\t\t\t<\/div>\n\t\t\t\t\t\t\t\t<\/div>\n\t\t\t\t<\/div>\n\t\t\t\t\t<\/div>\n\t\t<\/div>\n\t\t\t\t<div class=\"elementor-column elementor-col-25 elementor-top-column elementor-element elementor-element-3026fdf8\" data-id=\"3026fdf8\" data-element_type=\"column\" data-e-type=\"column\">\n\t\t\t<div class=\"elementor-widget-wrap elementor-element-populated\">\n\t\t\t\t\t\t<div class=\"elementor-element elementor-element-3f6852e7 elementor-align-center elementor-widget elementor-widget-button\" data-id=\"3f6852e7\" data-element_type=\"widget\" data-e-type=\"widget\" data-widget_type=\"button.default\">\n\t\t\t\t<div class=\"elementor-widget-container\">\n\t\t\t\t\t\t\t\t\t<div class=\"elementor-button-wrapper\">\n\t\t\t\t\t<a class=\"elementor-button elementor-button-link elementor-size-lg\" href=\"https:\/\/eriecohealthohio.com\/es\/puestos-de-trabajo\/carreras-en-salud-publica-contacto\/\">\n\t\t\t\t\t\t<span class=\"elementor-button-content-wrapper\">\n\t\t\t\t\t\t\t\t\t<span class=\"elementor-button-text\">CONTACTO<\/span>\n\t\t\t\t\t<\/span>\n\t\t\t\t\t<\/a>\n\t\t\t\t<\/div>\n\t\t\t\t\t\t\t\t<\/div>\n\t\t\t\t<\/div>\n\t\t\t\t\t<\/div>\n\t\t<\/div>\n\t\t\t\t\t<\/div>\n\t\t<\/section>\n\t\t\t\t<section data-particle_enable=\"false\" data-particle-mobile-disabled=\"false\" class=\"elementor-section elementor-top-section elementor-element elementor-element-1e78cb4f elementor-section-boxed elementor-section-height-default elementor-section-height-default\" data-id=\"1e78cb4f\" data-element_type=\"section\" data-e-type=\"section\">\n\t\t\t\t\t\t<div class=\"elementor-container elementor-column-gap-default\">\n\t\t\t\t\t<div class=\"elementor-column elementor-col-100 elementor-top-column elementor-element elementor-element-5a200e5f\" data-id=\"5a200e5f\" data-element_type=\"column\" data-e-type=\"column\">\n\t\t\t<div class=\"elementor-widget-wrap elementor-element-populated\">\n\t\t\t\t\t\t<div class=\"elementor-element elementor-element-3e65dfa6 elementor-widget elementor-widget-text-editor\" data-id=\"3e65dfa6\" data-element_type=\"widget\" data-e-type=\"widget\" data-widget_type=\"text-editor.default\">\n\t\t\t\t<div class=\"elementor-widget-container\">\n\t\t\t\t\t\t\t\t\t<h4>CARRERAS EN SALUD P\u00daBLICA - OFERTAS DE EMPLEO ACTUALES<\/h4><div><p>El Departamento de Salud del Condado de Erie acepta solicitudes de empleo S\u00d3LO cuando hay puestos disponibles. Cuando hay oportunidades de empleo, el puesto se publica y las solicitudes se aceptan durante un m\u00ednimo de tres d\u00edas a menos que se indique en el anuncio.<\/p><p>Las consultas del p\u00fablico son bienvenidas en el tel\u00e9fono (419) 626-5623, ext. 5130 durante el horario laboral normal, de lunes a viernes, de 8.00 a 16.30 horas, o por correo electr\u00f3nico. <a href=\"mailto:careers@echdohio.org\" rel=\"noreferrer\">careers@echdohio.org<\/a>. La Oficina de Recursos Humanos verificar\u00e1 las ofertas de empleo actuales, el salario, el departamento para el que se publica el puesto y la fecha de cierre del mismo.<\/p><\/div>\t\t\t\t\t\t\t\t<\/div>\n\t\t\t\t<\/div>\n\t\t\t\t<div class=\"elementor-element elementor-element-6681483 elementor-align-center elementor-widget elementor-widget-button\" data-id=\"6681483\" data-element_type=\"widget\" data-e-type=\"widget\" data-widget_type=\"button.default\">\n\t\t\t\t<div class=\"elementor-widget-container\">\n\t\t\t\t\t\t\t\t\t<div class=\"elementor-button-wrapper\">\n\t\t\t\t\t<a class=\"elementor-button elementor-button-link elementor-size-md\" href=\"https:\/\/www.cognitoforms.com\/ErieCountyHealthDepartment\/ErieCountyHealthDepartmentJobApplication\" target=\"_blank\">\n\t\t\t\t\t\t<span class=\"elementor-button-content-wrapper\">\n\t\t\t\t\t\t\t\t\t<span class=\"elementor-button-text\">Haga clic aqu\u00ed para acceder a la solicitud de empleo<\/span>\n\t\t\t\t\t<\/span>\n\t\t\t\t\t<\/a>\n\t\t\t\t<\/div>\n\t\t\t\t\t\t\t\t<\/div>\n\t\t\t\t<\/div>\n\t\t\t\t\t<\/div>\n\t\t<\/div>\n\t\t\t\t\t<\/div>\n\t\t<\/section>\n\t\t\t\t<section data-particle_enable=\"false\" data-particle-mobile-disabled=\"false\" class=\"elementor-section elementor-top-section elementor-element elementor-element-3ffc9f1 elementor-section-boxed elementor-section-height-default elementor-section-height-default\" data-id=\"3ffc9f1\" data-element_type=\"section\" data-e-type=\"section\">\n\t\t\t\t\t\t<div class=\"elementor-container elementor-column-gap-default\">\n\t\t\t\t\t<div class=\"elementor-column elementor-col-100 elementor-top-column elementor-element elementor-element-17f7b02\" data-id=\"17f7b02\" data-element_type=\"column\" data-e-type=\"column\">\n\t\t\t<div class=\"elementor-widget-wrap elementor-element-populated\">\n\t\t\t\t\t\t<div class=\"elementor-element elementor-element-3baa827 elementor-widget elementor-widget-text-editor\" data-id=\"3baa827\" data-element_type=\"widget\" data-e-type=\"widget\" data-widget_type=\"text-editor.default\">\n\t\t\t\t<div class=\"elementor-widget-container\">\n\t\t\t\t\t\t\t\t\t<h4>Ofertas de empleo actuales:<\/h4><p><a href=\"https:\/\/eriecohealthohio.com\/wp-content\/uploads\/2026\/04\/2026-30-LPN-or-RN-ECCHC.pdf\" target=\"_blank\" rel=\"noopener\">2026-30 Enfermero\/a auxiliar o enfermero\/a titulado\/a (Centro de salud) \u2013 Jornada completa<\/a><\/p><p><a href=\"https:\/\/eriecohealthohio.com\/wp-content\/uploads\/2026\/04\/2026-29-MA-ECCHC.pdf\" target=\"_blank\" rel=\"noopener\">2026-29 Auxiliar m\u00e9dico (Centro de salud) - Jornada completa<\/a><\/p><p class=\"v1MsoNormal\"><a href=\"https:\/\/eriecohealthohio.com\/wp-content\/uploads\/2026\/04\/2026-28-MHV-Driver.pdf\" target=\"_blank\" rel=\"noopener\">Conductor\/a de veh\u00edculo sanitario m\u00f3vil (2026-28) - Tiempo parcial<\/a><\/p><p><a href=\"https:\/\/eriecohealthohio.com\/wp-content\/uploads\/2026\/04\/2026-27-CHP.pdf\" target=\"_blank\" rel=\"noopener\">Profesional sanitario certificado (dietista registrado, nutricionista o enfermero titulado) para el periodo 2026-27 \u2013 Jornada completa o parcial<\/a><\/p><p><a href=\"https:\/\/eriecohealthohio.com\/wp-content\/uploads\/2026\/04\/2026-25-1.pdf\" target=\"_blank\" rel=\"noopener\">2026-25 Agente de salud comunitaria - Jornada completa<\/a><\/p><p><a href=\"https:\/\/eriecohealthohio.com\/wp-content\/uploads\/2026\/03\/2026-23-BH-Counselor.pdf\" target=\"_blank\" rel=\"noopener\">2026-23 Consejero de salud conductual (especializado en pediatr\u00eda y adolescencia) - Tiempo completo<\/a><\/p><p><a href=\"https:\/\/eriecohealthohio.com\/wp-content\/uploads\/2026\/04\/2026-22-Clerk-Specialist-.pdf\" target=\"_blank\" rel=\"noopener\">2026-22 Administrativo especializado - Jornada completa<\/a><\/p><p><a href=\"https:\/\/eriecohealthohio.com\/wp-content\/uploads\/2026\/02\/2026-18-EFDA.pdf\" target=\"_blank\" rel=\"noopener\">2026-18 Asistente dental con funciones ampliadas (EFDA): tiempo completo o parcial<\/a><\/p><p class=\"v1MsoNormal\"><a href=\"https:\/\/eriecohealthohio.com\/wp-content\/uploads\/2026\/02\/2026-17-Dental-Assistant-.pdf\" target=\"_blank\" rel=\"noopener\">2026-17 Asistente dental - Tiempo completo o parcial<\/a><\/p><p><a href=\"https:\/\/eriecohealthohio.com\/wp-content\/uploads\/2026\/02\/2026-15-RDH.pdf\" target=\"_blank\" rel=\"noopener\">2026-15 Higienista dental registrado - Jornada completa<\/a><\/p><p class=\"v1MsoNormal\"><a href=\"https:\/\/eriecohealthohio.com\/wp-content\/uploads\/2026\/04\/2026-14-LPN.RN-Institutions.pdf\" target=\"_blank\" rel=\"noopener\">2026-14 Enfermero\/a auxiliar o enfermero\/a titulado\/a (centros sanitarios) \u2013 Tiempo parcial<\/a><\/p><p><a href=\"https:\/\/eriecohealthohio.com\/wp-content\/uploads\/2026\/01\/2026-13-LPN.RN-Sub-Schools.pdf\" target=\"_blank\" rel=\"noopener\">2026-13 Enfermera escolar sustituta, enfermera pr\u00e1ctica con licencia o enfermera titulada \u2013 Tiempo parcial<\/a><\/p><p><a href=\"https:\/\/eriecohealthohio.com\/wp-content\/uploads\/2026\/01\/2026-09-Dentist.pdf\" target=\"_blank\" rel=\"noopener\">2026-09 Dentista - Jornada completa o parcial<\/a><\/p><p><a href=\"https:\/\/eriecohealthohio.com\/wp-content\/uploads\/2026\/01\/2026-08-Physician.pdf\" target=\"_blank\" rel=\"noopener\">2026-08 M\u00e9dico - Tiempo completo<\/a><\/p><p><a href=\"https:\/\/eriecohealthohio.com\/wp-content\/uploads\/2026\/01\/2026-04-Medical-Provider.pdf\" target=\"_blank\" rel=\"noopener\">2026-04 Proveedor m\u00e9dico (enfermero practicante, asistente m\u00e9dico o m\u00e9dico) - Tiempo parcial<\/a><\/p><p><a href=\"https:\/\/eriecohealthohio.com\/wp-content\/uploads\/2026\/01\/2026-03-Public-Health-Aide-2-.pdf\" target=\"_blank\" rel=\"noopener\">2026-03 Auxiliar de salud p\u00fablica 2 \u2013 Jornada completa o parcial<\/a><\/p><p><a href=\"https:\/\/eriecohealthohio.com\/wp-content\/uploads\/2026\/01\/2026-02-BH-Medical-Assistant-.pdf\" target=\"_blank\" rel=\"noopener\">2026-02 Asistente m\u00e9dico: tiempo completo o parcial<\/a><\/p><p class=\"v1MsoNormal\"><a href=\"https:\/\/eriecohealthohio.com\/wp-content\/uploads\/2026\/01\/2026-01-LPN-or-RN-Behavioral-Health.pdf\" target=\"_blank\" rel=\"noopener\">2026-01 Enfermero\/a pr\u00e1ctico\/a titulado\/a o enfermero\/a titulado\/a - Salud conductual - Jornada completa o parcial<\/a><\/p><p class=\"v1MsoNormal\">\u00a0<\/p>\t\t\t\t\t\t\t\t<\/div>\n\t\t\t\t<\/div>\n\t\t\t\t\t<\/div>\n\t\t<\/div>\n\t\t\t\t\t<\/div>\n\t\t<\/section>\n\t\t\t\t<section data-particle_enable=\"false\" data-particle-mobile-disabled=\"false\" class=\"elementor-section elementor-top-section elementor-element elementor-element-481046ed elementor-section-boxed elementor-section-height-default elementor-section-height-default\" data-id=\"481046ed\" data-element_type=\"section\" data-e-type=\"section\">\n\t\t\t\t\t\t<div class=\"elementor-container elementor-column-gap-default\">\n\t\t\t\t\t<div class=\"elementor-column elementor-col-100 elementor-top-column elementor-element elementor-element-3beca41d\" data-id=\"3beca41d\" data-element_type=\"column\" data-e-type=\"column\">\n\t\t\t<div class=\"elementor-widget-wrap elementor-element-populated\">\n\t\t\t\t\t\t\t<\/div>\n\t\t<\/div>\n\t\t\t\t\t<\/div>\n\t\t<\/section>\n\t\t\t\t<\/div>","protected":false},"excerpt":{"rendered":"<p>BENEFITS CURRENTOPENINGS JOBAPPLICATION CONTACT CAREERS IN PUBLIC HEALTH &#8211; CURRENT JOB OPENINGS The Erie County Health Department accepts applications for employment ONLY when there are positions available. When there are employment opportunities, the position is posted and applications are accepted for a minimum of three days unless noted in the posting. We welcome inquiries from [&hellip;]<\/p>\n","protected":false},"author":1,"featured_media":0,"parent":557,"menu_order":0,"comment_status":"closed","ping_status":"closed","template":"","meta":{"footnotes":"","_links_to":"","_links_to_target":""},"class_list":["post-6082","page","type-page","status-publish","hentry"],"_links":{"self":[{"href":"https:\/\/eriecohealthohio.com\/es\/wp-json\/wp\/v2\/pages\/6082","targetHints":{"allow":["GET"]}}],"collection":[{"href":"https:\/\/eriecohealthohio.com\/es\/wp-json\/wp\/v2\/pages"}],"about":[{"href":"https:\/\/eriecohealthohio.com\/es\/wp-json\/wp\/v2\/types\/page"}],"author":[{"embeddable":true,"href":"https:\/\/eriecohealthohio.com\/es\/wp-json\/wp\/v2\/users\/1"}],"replies":[{"embeddable":true,"href":"https:\/\/eriecohealthohio.com\/es\/wp-json\/wp\/v2\/comments?post=6082"}],"version-history":[{"count":0,"href":"https:\/\/eriecohealthohio.com\/es\/wp-json\/wp\/v2\/pages\/6082\/revisions"}],"up":[{"embeddable":true,"href":"https:\/\/eriecohealthohio.com\/es\/wp-json\/wp\/v2\/pages\/557"}],"wp:attachment":[{"href":"https:\/\/eriecohealthohio.com\/es\/wp-json\/wp\/v2\/media?parent=6082"}],"curies":[{"name":"wp","href":"https:\/\/api.w.org\/{rel}","templated":true}]}}