{"id":5998,"date":"2022-07-18T11:39:43","date_gmt":"2022-07-18T11:39:43","guid":{"rendered":"https:\/\/eriecohealthohio.com\/?page_id=5998"},"modified":"2024-12-12T11:48:06","modified_gmt":"2024-12-12T15:48:06","slug":"para-funerarias","status":"publish","type":"page","link":"https:\/\/eriecohealthohio.com\/es\/birth-death-records\/for-funeral-homes\/","title":{"rendered":"PARA FUNERARIAS"},"content":{"rendered":"<div data-elementor-type=\"wp-page\" data-elementor-id=\"5998\" class=\"elementor elementor-5998\" data-elementor-post-type=\"page\">\n\t\t\t\t\t\t<section data-particle_enable=\"false\" data-particle-mobile-disabled=\"false\" class=\"elementor-section elementor-top-section elementor-element elementor-element-71f34fc9 elementor-section-boxed elementor-section-height-default elementor-section-height-default\" data-id=\"71f34fc9\" data-element_type=\"section\" data-e-type=\"section\">\n\t\t\t\t\t\t<div class=\"elementor-container elementor-column-gap-default\">\n\t\t\t\t\t<div class=\"elementor-column elementor-col-100 elementor-top-column elementor-element elementor-element-614d0d63\" data-id=\"614d0d63\" data-element_type=\"column\" data-e-type=\"column\">\n\t\t\t<div class=\"elementor-widget-wrap elementor-element-populated\">\n\t\t\t\t\t\t<div class=\"elementor-element elementor-element-6556bd01 elementor-widget elementor-widget-image\" data-id=\"6556bd01\" data-element_type=\"widget\" data-e-type=\"widget\" data-no-translation=\"\" data-widget_type=\"image.default\">\n\t\t\t\t<div class=\"elementor-widget-container\">\n\t\t\t\t\t<style>.elementor-element-6556bd01{display:none !important}<\/style>\t\t\t\t<\/div>\n\t\t\t\t<\/div>\n\t\t\t\t\t<\/div>\n\t\t<\/div>\n\t\t\t\t\t<\/div>\n\t\t<\/section>\n\t\t\t\t<section data-particle_enable=\"false\" data-particle-mobile-disabled=\"false\" class=\"elementor-section elementor-top-section elementor-element elementor-element-2ff8605 elementor-section-boxed elementor-section-height-default elementor-section-height-default\" data-id=\"2ff8605\" data-element_type=\"section\" data-e-type=\"section\">\n\t\t\t\t\t\t<div class=\"elementor-container elementor-column-gap-default\">\n\t\t\t\t\t<div class=\"elementor-column elementor-col-100 elementor-top-column elementor-element elementor-element-0ef4bf5\" data-id=\"0ef4bf5\" data-element_type=\"column\" data-e-type=\"column\">\n\t\t\t<div class=\"elementor-widget-wrap elementor-element-populated\">\n\t\t\t\t\t\t<div class=\"elementor-element elementor-element-3236b7e elementor-widget elementor-widget-image\" data-id=\"3236b7e\" data-element_type=\"widget\" data-e-type=\"widget\" data-no-translation=\"\" data-widget_type=\"image.default\">\n\t\t\t\t<div class=\"elementor-widget-container\">\n\t\t\t\t\t\t\t\t\t\t\t\t\t\t\t<img fetchpriority=\"high\" decoding=\"async\" width=\"1600\" height=\"600\" src=\"https:\/\/eriecohealthohio.com\/wp-content\/uploads\/2023\/09\/Birth-Death-Records-Spanish-1.png\" class=\"attachment-full size-full wp-image-14015\" alt=\"Birth &amp; Death Records Spanish\" srcset=\"https:\/\/eriecohealthohio.com\/wp-content\/uploads\/2023\/09\/Birth-Death-Records-Spanish-1.png 1600w, https:\/\/eriecohealthohio.com\/wp-content\/uploads\/2023\/09\/Birth-Death-Records-Spanish-1-300x113.png 300w, https:\/\/eriecohealthohio.com\/wp-content\/uploads\/2023\/09\/Birth-Death-Records-Spanish-1-1024x384.png 1024w, https:\/\/eriecohealthohio.com\/wp-content\/uploads\/2023\/09\/Birth-Death-Records-Spanish-1-768x288.png 768w, https:\/\/eriecohealthohio.com\/wp-content\/uploads\/2023\/09\/Birth-Death-Records-Spanish-1-1536x576.png 1536w, https:\/\/eriecohealthohio.com\/wp-content\/uploads\/2023\/09\/Birth-Death-Records-Spanish-1-18x7.png 18w\" sizes=\"(max-width: 1600px) 100vw, 1600px\" \/>\t\t\t\t\t\t\t\t\t\t\t\t\t\t\t<\/div>\n\t\t\t\t<\/div>\n\t\t\t\t\t<\/div>\n\t\t<\/div>\n\t\t\t\t\t<\/div>\n\t\t<\/section>\n\t\t\t\t<section data-particle_enable=\"false\" data-particle-mobile-disabled=\"false\" class=\"elementor-section elementor-top-section elementor-element elementor-element-2f11afb elementor-section-boxed elementor-section-height-default elementor-section-height-default\" data-id=\"2f11afb\" data-element_type=\"section\" data-e-type=\"section\">\n\t\t\t\t\t\t<div class=\"elementor-container elementor-column-gap-default\">\n\t\t\t\t\t<div class=\"elementor-column elementor-col-20 elementor-top-column elementor-element elementor-element-091befa\" data-id=\"091befa\" data-element_type=\"column\" data-e-type=\"column\">\n\t\t\t<div class=\"elementor-widget-wrap elementor-element-populated\">\n\t\t\t\t\t\t<div class=\"elementor-element elementor-element-d7d92fe elementor-align-center elementor-widget elementor-widget-button\" data-id=\"d7d92fe\" data-element_type=\"widget\" data-e-type=\"widget\" data-widget_type=\"button.default\">\n\t\t\t\t<div class=\"elementor-widget-container\">\n\t\t\t\t\t\t\t\t\t<div class=\"elementor-button-wrapper\">\n\t\t\t\t\t<a class=\"elementor-button elementor-button-link elementor-size-lg\" href=\"https:\/\/eriecohealthohio.com\/es\/registros-de-nacimientos-y-defunciones\/actas-de-nacimiento-actas-de-defuncion-pedido-por-correo\/\">\n\t\t\t\t\t\t<span class=\"elementor-button-content-wrapper\">\n\t\t\t\t\t\t\t\t\t<span class=\"elementor-button-text\">PEDIDO POR CORREO<\/span>\n\t\t\t\t\t<\/span>\n\t\t\t\t\t<\/a>\n\t\t\t\t<\/div>\n\t\t\t\t\t\t\t\t<\/div>\n\t\t\t\t<\/div>\n\t\t\t\t\t<\/div>\n\t\t<\/div>\n\t\t\t\t<div class=\"elementor-column elementor-col-20 elementor-top-column elementor-element elementor-element-aa4f5ae\" data-id=\"aa4f5ae\" data-element_type=\"column\" data-e-type=\"column\">\n\t\t\t<div class=\"elementor-widget-wrap elementor-element-populated\">\n\t\t\t\t\t\t<div class=\"elementor-element elementor-element-c6d5537 elementor-align-center elementor-widget elementor-widget-button\" data-id=\"c6d5537\" data-element_type=\"widget\" data-e-type=\"widget\" data-widget_type=\"button.default\">\n\t\t\t\t<div class=\"elementor-widget-container\">\n\t\t\t\t\t\t\t\t\t<div class=\"elementor-button-wrapper\">\n\t\t\t\t\t<a class=\"elementor-button elementor-button-link elementor-size-lg\" href=\"https:\/\/eriecohealthohio.com\/es\/registros-de-nacimientos-y-defunciones\/actas-de-nacimiento-actas-de-defuncion-pedir-por-telefono\/\">\n\t\t\t\t\t\t<span class=\"elementor-button-content-wrapper\">\n\t\t\t\t\t\t\t\t\t<span class=\"elementor-button-text\">ORDENAR POR TEL\u00c9FONO<\/span>\n\t\t\t\t\t<\/span>\n\t\t\t\t\t<\/a>\n\t\t\t\t<\/div>\n\t\t\t\t\t\t\t\t<\/div>\n\t\t\t\t<\/div>\n\t\t\t\t\t<\/div>\n\t\t<\/div>\n\t\t\t\t<div class=\"elementor-column elementor-col-20 elementor-top-column elementor-element elementor-element-7e9f002\" data-id=\"7e9f002\" data-element_type=\"column\" data-e-type=\"column\">\n\t\t\t<div class=\"elementor-widget-wrap elementor-element-populated\">\n\t\t\t\t\t\t<div class=\"elementor-element elementor-element-a6c3d23 elementor-align-center elementor-widget elementor-widget-button\" data-id=\"a6c3d23\" data-element_type=\"widget\" data-e-type=\"widget\" data-widget_type=\"button.default\">\n\t\t\t\t<div class=\"elementor-widget-container\">\n\t\t\t\t\t\t\t\t\t<div class=\"elementor-button-wrapper\">\n\t\t\t\t\t<a class=\"elementor-button elementor-button-link elementor-size-lg\" href=\"https:\/\/eriecohealthohio.com\/es\/registros-de-nacimientos-y-defunciones\/actas-de-nacimiento-defuncion-servicio-el-mismo-dia\/\">\n\t\t\t\t\t\t<span class=\"elementor-button-content-wrapper\">\n\t\t\t\t\t\t\t\t\t<span class=\"elementor-button-text\">SERVICIO EL MISMO D\u00cdA<\/span>\n\t\t\t\t\t<\/span>\n\t\t\t\t\t<\/a>\n\t\t\t\t<\/div>\n\t\t\t\t\t\t\t\t<\/div>\n\t\t\t\t<\/div>\n\t\t\t\t\t<\/div>\n\t\t<\/div>\n\t\t\t\t<div class=\"elementor-column elementor-col-20 elementor-top-column elementor-element elementor-element-6330217\" data-id=\"6330217\" data-element_type=\"column\" data-e-type=\"column\">\n\t\t\t<div class=\"elementor-widget-wrap elementor-element-populated\">\n\t\t\t\t\t\t<div class=\"elementor-element elementor-element-40ba7d0 elementor-align-center elementor-widget elementor-widget-button\" data-id=\"40ba7d0\" data-element_type=\"widget\" data-e-type=\"widget\" data-widget_type=\"button.default\">\n\t\t\t\t<div class=\"elementor-widget-container\">\n\t\t\t\t\t\t\t\t\t<div class=\"elementor-button-wrapper\">\n\t\t\t\t\t<a class=\"elementor-button elementor-button-link elementor-size-lg\" href=\"https:\/\/eriecohealthohio.com\/es\/registros-de-nacimientos-y-defunciones\/para-funerarias\/\">\n\t\t\t\t\t\t<span class=\"elementor-button-content-wrapper\">\n\t\t\t\t\t\t\t\t\t<span class=\"elementor-button-text\">PARA FUNERARIAS<\/span>\n\t\t\t\t\t<\/span>\n\t\t\t\t\t<\/a>\n\t\t\t\t<\/div>\n\t\t\t\t\t\t\t\t<\/div>\n\t\t\t\t<\/div>\n\t\t\t\t\t<\/div>\n\t\t<\/div>\n\t\t\t\t<div class=\"elementor-column elementor-col-20 elementor-top-column elementor-element elementor-element-ebeedb9\" data-id=\"ebeedb9\" data-element_type=\"column\" data-e-type=\"column\">\n\t\t\t<div class=\"elementor-widget-wrap elementor-element-populated\">\n\t\t\t\t\t\t<div class=\"elementor-element elementor-element-80c7d05 elementor-align-center elementor-widget elementor-widget-button\" data-id=\"80c7d05\" data-element_type=\"widget\" data-e-type=\"widget\" data-widget_type=\"button.default\">\n\t\t\t\t<div class=\"elementor-widget-container\">\n\t\t\t\t\t\t\t\t\t<div class=\"elementor-button-wrapper\">\n\t\t\t\t\t<a class=\"elementor-button elementor-button-link elementor-size-lg\" href=\"https:\/\/eriecohealthohio.com\/es\/registros-de-nacimientos-y-defunciones\/nacimiento-defuncion-contacto\/\">\n\t\t\t\t\t\t<span class=\"elementor-button-content-wrapper\">\n\t\t\t\t\t\t\t\t\t<span class=\"elementor-button-text\">CONTACTO<\/span>\n\t\t\t\t\t<\/span>\n\t\t\t\t\t<\/a>\n\t\t\t\t<\/div>\n\t\t\t\t\t\t\t\t<\/div>\n\t\t\t\t<\/div>\n\t\t\t\t\t<\/div>\n\t\t<\/div>\n\t\t\t\t\t<\/div>\n\t\t<\/section>\n\t\t\t\t<section data-particle_enable=\"false\" data-particle-mobile-disabled=\"false\" class=\"elementor-section elementor-top-section elementor-element elementor-element-6ea13c2 elementor-section-boxed elementor-section-height-default elementor-section-height-default\" data-id=\"6ea13c2\" data-element_type=\"section\" data-e-type=\"section\">\n\t\t\t\t\t\t<div class=\"elementor-container elementor-column-gap-default\">\n\t\t\t\t\t<div class=\"elementor-column elementor-col-100 elementor-top-column elementor-element elementor-element-78d1bafa\" data-id=\"78d1bafa\" data-element_type=\"column\" data-e-type=\"column\">\n\t\t\t<div class=\"elementor-widget-wrap elementor-element-populated\">\n\t\t\t\t\t\t<div class=\"elementor-element elementor-element-d87a704 elementor-widget elementor-widget-text-editor\" data-id=\"d87a704\" data-element_type=\"widget\" data-e-type=\"widget\" data-widget_type=\"text-editor.default\">\n\t\t\t\t<div class=\"elementor-widget-container\">\n\t\t\t\t\t\t\t\t\t<h4>REGISTROS DE NACIMIENTOS Y DEFUNCIONES - PARA FUNERARIAS<\/h4><h5>ARCHIVO ELECTR\u00d3NICO<\/h5><p>Nuestra oficina acepta ahora actas de defunci\u00f3n para su archivo electr\u00f3nico. Esto significa que la solicitud firmada del certificado de defunci\u00f3n puede ser enviada por correo electr\u00f3nico a <a href=\"mailto:vsdc@echdohio.org\">vsdc@echdohio.org<\/a> rellenando el formulario de solicitud. Nuestra oficina revisar\u00e1 la solicitud y la aceptar\u00e1 o rechazar\u00e1 en el plazo de un d\u00eda laborable. Una vez aceptada, nuestra oficina confirmar\u00e1 que el certificado puede recogerse o enviarse por correo.<\/p><p>Otros departamentos de salud locales de Ohio tambi\u00e9n se est\u00e1n sumando a esta iniciativa.  El formulario de solicitud de aprobaci\u00f3n, junto con una lista completa de los LHD que aceptan certificados de defunci\u00f3n para el archivo electr\u00f3nico se puede encontrar a continuaci\u00f3n.<\/p><h5>DESCARGA DE FORMULARIOS: <a href=\"https:\/\/eriecohealthohio.com\/wp-content\/uploads\/2022\/07\/Funeral-Request-for-eFiling.pdf\" target=\"_blank\" rel=\"noopener\">Solicitud funeraria de eFiling<\/a><\/h5>\t\t\t\t\t\t\t\t<\/div>\n\t\t\t\t<\/div>\n\t\t\t\t\t<\/div>\n\t\t<\/div>\n\t\t\t\t\t<\/div>\n\t\t<\/section>\n\t\t\t\t<\/div>","protected":false},"excerpt":{"rendered":"<p>ORDER BY MAIL ORDER BY PHONE SAME DAY SERVICE FOR FUNERAL HOMES CONTACT BIRTH &amp; DEATH RECORDS &#8211; FOR FUNERAL HOMES ELECTRONIC FILING Our office now accepts death records for electronic filing. This means signed death certificate request can be e-mailed to vsdc@echdohio.org by completing the request form.\u00a0Our office will review the request and accept [&hellip;]<\/p>\n","protected":false},"author":1,"featured_media":0,"parent":14,"menu_order":0,"comment_status":"closed","ping_status":"closed","template":"","meta":{"footnotes":"","_links_to":"","_links_to_target":""},"class_list":["post-5998","page","type-page","status-publish","hentry"],"_links":{"self":[{"href":"https:\/\/eriecohealthohio.com\/es\/wp-json\/wp\/v2\/pages\/5998","targetHints":{"allow":["GET"]}}],"collection":[{"href":"https:\/\/eriecohealthohio.com\/es\/wp-json\/wp\/v2\/pages"}],"about":[{"href":"https:\/\/eriecohealthohio.com\/es\/wp-json\/wp\/v2\/types\/page"}],"author":[{"embeddable":true,"href":"https:\/\/eriecohealthohio.com\/es\/wp-json\/wp\/v2\/users\/1"}],"replies":[{"embeddable":true,"href":"https:\/\/eriecohealthohio.com\/es\/wp-json\/wp\/v2\/comments?post=5998"}],"version-history":[{"count":0,"href":"https:\/\/eriecohealthohio.com\/es\/wp-json\/wp\/v2\/pages\/5998\/revisions"}],"up":[{"embeddable":true,"href":"https:\/\/eriecohealthohio.com\/es\/wp-json\/wp\/v2\/pages\/14"}],"wp:attachment":[{"href":"https:\/\/eriecohealthohio.com\/es\/wp-json\/wp\/v2\/media?parent=5998"}],"curies":[{"name":"wp","href":"https:\/\/api.w.org\/{rel}","templated":true}]}}