{"id":5996,"date":"2022-07-18T11:38:53","date_gmt":"2022-07-18T11:38:53","guid":{"rendered":"https:\/\/eriecohealthohio.com\/?page_id=5996"},"modified":"2024-12-12T11:45:54","modified_gmt":"2024-12-12T15:45:54","slug":"actas-de-nacimiento-defuncion-servicio-el-mismo-dia","status":"publish","type":"page","link":"https:\/\/eriecohealthohio.com\/es\/birth-death-records\/birth-death-records-same-day-service\/","title":{"rendered":"SERVICIO EL MISMO D\u00cdA"},"content":{"rendered":"<div data-elementor-type=\"wp-page\" data-elementor-id=\"5996\" class=\"elementor elementor-5996\" data-elementor-post-type=\"page\">\n\t\t\t\t\t\t<section data-particle_enable=\"false\" data-particle-mobile-disabled=\"false\" class=\"elementor-section elementor-top-section elementor-element elementor-element-1d61a314 elementor-section-boxed elementor-section-height-default elementor-section-height-default\" data-id=\"1d61a314\" data-element_type=\"section\" data-e-type=\"section\">\n\t\t\t\t\t\t<div class=\"elementor-container elementor-column-gap-default\">\n\t\t\t\t\t<div class=\"elementor-column elementor-col-100 elementor-top-column elementor-element elementor-element-5d87047e\" data-id=\"5d87047e\" data-element_type=\"column\" data-e-type=\"column\">\n\t\t\t<div class=\"elementor-widget-wrap elementor-element-populated\">\n\t\t\t\t\t\t<div class=\"elementor-element elementor-element-28c6df83 elementor-widget elementor-widget-image\" data-id=\"28c6df83\" data-element_type=\"widget\" data-e-type=\"widget\" data-no-translation=\"\" data-widget_type=\"image.default\">\n\t\t\t\t<div class=\"elementor-widget-container\">\n\t\t\t\t\t<style>.elementor-element-28c6df83{display:none !important}<\/style>\t\t\t\t<\/div>\n\t\t\t\t<\/div>\n\t\t\t\t\t<\/div>\n\t\t<\/div>\n\t\t\t\t\t<\/div>\n\t\t<\/section>\n\t\t\t\t<section data-particle_enable=\"false\" data-particle-mobile-disabled=\"false\" class=\"elementor-section elementor-top-section elementor-element elementor-element-3028f80 elementor-section-boxed elementor-section-height-default elementor-section-height-default\" data-id=\"3028f80\" data-element_type=\"section\" data-e-type=\"section\">\n\t\t\t\t\t\t<div class=\"elementor-container elementor-column-gap-default\">\n\t\t\t\t\t<div class=\"elementor-column elementor-col-100 elementor-top-column elementor-element elementor-element-fecf290\" data-id=\"fecf290\" data-element_type=\"column\" data-e-type=\"column\">\n\t\t\t<div class=\"elementor-widget-wrap elementor-element-populated\">\n\t\t\t\t\t\t<div class=\"elementor-element elementor-element-b3c2a87 elementor-widget elementor-widget-image\" data-id=\"b3c2a87\" data-element_type=\"widget\" data-e-type=\"widget\" data-no-translation=\"\" data-widget_type=\"image.default\">\n\t\t\t\t<div class=\"elementor-widget-container\">\n\t\t\t\t\t\t\t\t\t\t\t\t\t\t\t<img fetchpriority=\"high\" decoding=\"async\" width=\"1600\" height=\"600\" src=\"https:\/\/eriecohealthohio.com\/wp-content\/uploads\/2023\/09\/Birth-Death-Records-Spanish-1.png\" class=\"attachment-full size-full wp-image-14015\" alt=\"Birth &amp; Death Records Spanish\" srcset=\"https:\/\/eriecohealthohio.com\/wp-content\/uploads\/2023\/09\/Birth-Death-Records-Spanish-1.png 1600w, https:\/\/eriecohealthohio.com\/wp-content\/uploads\/2023\/09\/Birth-Death-Records-Spanish-1-300x113.png 300w, https:\/\/eriecohealthohio.com\/wp-content\/uploads\/2023\/09\/Birth-Death-Records-Spanish-1-1024x384.png 1024w, https:\/\/eriecohealthohio.com\/wp-content\/uploads\/2023\/09\/Birth-Death-Records-Spanish-1-768x288.png 768w, https:\/\/eriecohealthohio.com\/wp-content\/uploads\/2023\/09\/Birth-Death-Records-Spanish-1-1536x576.png 1536w, https:\/\/eriecohealthohio.com\/wp-content\/uploads\/2023\/09\/Birth-Death-Records-Spanish-1-18x7.png 18w\" sizes=\"(max-width: 1600px) 100vw, 1600px\" \/>\t\t\t\t\t\t\t\t\t\t\t\t\t\t\t<\/div>\n\t\t\t\t<\/div>\n\t\t\t\t\t<\/div>\n\t\t<\/div>\n\t\t\t\t\t<\/div>\n\t\t<\/section>\n\t\t\t\t<section data-particle_enable=\"false\" data-particle-mobile-disabled=\"false\" class=\"elementor-section elementor-top-section elementor-element elementor-element-5f8340c elementor-section-boxed elementor-section-height-default elementor-section-height-default\" data-id=\"5f8340c\" data-element_type=\"section\" data-e-type=\"section\">\n\t\t\t\t\t\t<div class=\"elementor-container elementor-column-gap-default\">\n\t\t\t\t\t<div class=\"elementor-column elementor-col-20 elementor-top-column elementor-element elementor-element-46a94a7\" data-id=\"46a94a7\" data-element_type=\"column\" data-e-type=\"column\">\n\t\t\t<div class=\"elementor-widget-wrap elementor-element-populated\">\n\t\t\t\t\t\t<div class=\"elementor-element elementor-element-6adeb0e elementor-align-center elementor-widget elementor-widget-button\" data-id=\"6adeb0e\" data-element_type=\"widget\" data-e-type=\"widget\" data-widget_type=\"button.default\">\n\t\t\t\t<div class=\"elementor-widget-container\">\n\t\t\t\t\t\t\t\t\t<div class=\"elementor-button-wrapper\">\n\t\t\t\t\t<a class=\"elementor-button elementor-button-link elementor-size-lg\" href=\"https:\/\/eriecohealthohio.com\/es\/registros-de-nacimientos-y-defunciones\/actas-de-nacimiento-actas-de-defuncion-pedido-por-correo\/\">\n\t\t\t\t\t\t<span class=\"elementor-button-content-wrapper\">\n\t\t\t\t\t\t\t\t\t<span class=\"elementor-button-text\">PEDIDO POR CORREO<\/span>\n\t\t\t\t\t<\/span>\n\t\t\t\t\t<\/a>\n\t\t\t\t<\/div>\n\t\t\t\t\t\t\t\t<\/div>\n\t\t\t\t<\/div>\n\t\t\t\t\t<\/div>\n\t\t<\/div>\n\t\t\t\t<div class=\"elementor-column elementor-col-20 elementor-top-column elementor-element elementor-element-c0d931d\" data-id=\"c0d931d\" data-element_type=\"column\" data-e-type=\"column\">\n\t\t\t<div class=\"elementor-widget-wrap elementor-element-populated\">\n\t\t\t\t\t\t<div class=\"elementor-element elementor-element-c6331ad elementor-align-center elementor-widget elementor-widget-button\" data-id=\"c6331ad\" data-element_type=\"widget\" data-e-type=\"widget\" data-widget_type=\"button.default\">\n\t\t\t\t<div class=\"elementor-widget-container\">\n\t\t\t\t\t\t\t\t\t<div class=\"elementor-button-wrapper\">\n\t\t\t\t\t<a class=\"elementor-button elementor-button-link elementor-size-lg\" href=\"https:\/\/eriecohealthohio.com\/es\/registros-de-nacimientos-y-defunciones\/actas-de-nacimiento-actas-de-defuncion-pedir-por-telefono\/\">\n\t\t\t\t\t\t<span class=\"elementor-button-content-wrapper\">\n\t\t\t\t\t\t\t\t\t<span class=\"elementor-button-text\">ORDENAR POR TEL\u00c9FONO<\/span>\n\t\t\t\t\t<\/span>\n\t\t\t\t\t<\/a>\n\t\t\t\t<\/div>\n\t\t\t\t\t\t\t\t<\/div>\n\t\t\t\t<\/div>\n\t\t\t\t\t<\/div>\n\t\t<\/div>\n\t\t\t\t<div class=\"elementor-column elementor-col-20 elementor-top-column elementor-element elementor-element-c2b45d2\" data-id=\"c2b45d2\" data-element_type=\"column\" data-e-type=\"column\">\n\t\t\t<div class=\"elementor-widget-wrap elementor-element-populated\">\n\t\t\t\t\t\t<div class=\"elementor-element elementor-element-4faf814 elementor-align-center elementor-widget elementor-widget-button\" data-id=\"4faf814\" data-element_type=\"widget\" data-e-type=\"widget\" data-widget_type=\"button.default\">\n\t\t\t\t<div class=\"elementor-widget-container\">\n\t\t\t\t\t\t\t\t\t<div class=\"elementor-button-wrapper\">\n\t\t\t\t\t<a class=\"elementor-button elementor-button-link elementor-size-lg\" href=\"https:\/\/eriecohealthohio.com\/es\/registros-de-nacimientos-y-defunciones\/actas-de-nacimiento-defuncion-servicio-el-mismo-dia\/\">\n\t\t\t\t\t\t<span class=\"elementor-button-content-wrapper\">\n\t\t\t\t\t\t\t\t\t<span class=\"elementor-button-text\">SERVICIO EL MISMO D\u00cdA<\/span>\n\t\t\t\t\t<\/span>\n\t\t\t\t\t<\/a>\n\t\t\t\t<\/div>\n\t\t\t\t\t\t\t\t<\/div>\n\t\t\t\t<\/div>\n\t\t\t\t\t<\/div>\n\t\t<\/div>\n\t\t\t\t<div class=\"elementor-column elementor-col-20 elementor-top-column elementor-element elementor-element-eed336c\" data-id=\"eed336c\" data-element_type=\"column\" data-e-type=\"column\">\n\t\t\t<div class=\"elementor-widget-wrap elementor-element-populated\">\n\t\t\t\t\t\t<div class=\"elementor-element elementor-element-1e99197 elementor-align-center elementor-widget elementor-widget-button\" data-id=\"1e99197\" data-element_type=\"widget\" data-e-type=\"widget\" data-widget_type=\"button.default\">\n\t\t\t\t<div class=\"elementor-widget-container\">\n\t\t\t\t\t\t\t\t\t<div class=\"elementor-button-wrapper\">\n\t\t\t\t\t<a class=\"elementor-button elementor-button-link elementor-size-lg\" href=\"https:\/\/eriecohealthohio.com\/es\/registros-de-nacimientos-y-defunciones\/para-funerarias\/\">\n\t\t\t\t\t\t<span class=\"elementor-button-content-wrapper\">\n\t\t\t\t\t\t\t\t\t<span class=\"elementor-button-text\">PARA FUNERARIAS<\/span>\n\t\t\t\t\t<\/span>\n\t\t\t\t\t<\/a>\n\t\t\t\t<\/div>\n\t\t\t\t\t\t\t\t<\/div>\n\t\t\t\t<\/div>\n\t\t\t\t\t<\/div>\n\t\t<\/div>\n\t\t\t\t<div class=\"elementor-column elementor-col-20 elementor-top-column elementor-element elementor-element-d14f804\" data-id=\"d14f804\" data-element_type=\"column\" data-e-type=\"column\">\n\t\t\t<div class=\"elementor-widget-wrap elementor-element-populated\">\n\t\t\t\t\t\t<div class=\"elementor-element elementor-element-33799ff elementor-align-center elementor-widget elementor-widget-button\" data-id=\"33799ff\" data-element_type=\"widget\" data-e-type=\"widget\" data-widget_type=\"button.default\">\n\t\t\t\t<div class=\"elementor-widget-container\">\n\t\t\t\t\t\t\t\t\t<div class=\"elementor-button-wrapper\">\n\t\t\t\t\t<a class=\"elementor-button elementor-button-link elementor-size-lg\" href=\"https:\/\/eriecohealthohio.com\/es\/registros-de-nacimientos-y-defunciones\/nacimiento-defuncion-contacto\/\">\n\t\t\t\t\t\t<span class=\"elementor-button-content-wrapper\">\n\t\t\t\t\t\t\t\t\t<span class=\"elementor-button-text\">CONTACTO<\/span>\n\t\t\t\t\t<\/span>\n\t\t\t\t\t<\/a>\n\t\t\t\t<\/div>\n\t\t\t\t\t\t\t\t<\/div>\n\t\t\t\t<\/div>\n\t\t\t\t\t<\/div>\n\t\t<\/div>\n\t\t\t\t\t<\/div>\n\t\t<\/section>\n\t\t\t\t<section data-particle_enable=\"false\" data-particle-mobile-disabled=\"false\" class=\"elementor-section elementor-top-section elementor-element elementor-element-30a3f077 elementor-section-boxed elementor-section-height-default elementor-section-height-default\" data-id=\"30a3f077\" data-element_type=\"section\" data-e-type=\"section\">\n\t\t\t\t\t\t<div class=\"elementor-container elementor-column-gap-default\">\n\t\t\t\t\t<div class=\"elementor-column elementor-col-100 elementor-top-column elementor-element elementor-element-4dfb8c32\" data-id=\"4dfb8c32\" data-element_type=\"column\" data-e-type=\"column\">\n\t\t\t<div class=\"elementor-widget-wrap elementor-element-populated\">\n\t\t\t\t\t\t<div class=\"elementor-element elementor-element-2550d38e elementor-widget elementor-widget-text-editor\" data-id=\"2550d38e\" data-element_type=\"widget\" data-e-type=\"widget\" data-widget_type=\"text-editor.default\">\n\t\t\t\t<div class=\"elementor-widget-container\">\n\t\t\t\t\t\t\t\t\t<h4>ACTAS DE NACIMIENTO Y DEFUNCI\u00d3N - SERVICIO EL MISMO D\u00cdA<\/h4><p>El Departamento de Salud del Condado de Erie ofrece copias certificadas de certificados de nacimiento para todos los condados de Ohio y certificados de defunci\u00f3n certificados para las defunciones ocurridas dentro del Condado de Erie.<\/p><p>Solicite copias certificadas de partidas de nacimiento y defunci\u00f3n el mismo d\u00eda de forma r\u00e1pida y sencilla en nuestro mostrador de atenci\u00f3n al cliente sin cita previa.<\/p><p>Visite nuestras oficinas en el Departamento de Salud del Condado de Erie \/ Centro de Salud Comunitaria del Condado de Erie hoy o llame al (419) 626-5623 Ext. 5122 - no es necesario hacer cita.<\/p><h5>UBICACI\u00d3N<\/h5><p><strong>Departamento de Salud del Condado de Erie<\/strong><br \/><strong>Centro Comunitario de Salud del Condado de Erie<\/strong><br \/><strong>Calle Superior 420<\/strong><br \/><strong>Sandusky, Ohio 44870<\/strong><br \/><strong>Tel\u00e9fono: (419) 626-5623 Ext. 5122<br \/><\/strong><strong>Fax: (419) 626-8778<\/strong><\/p><h5>HORAS<\/h5><p>De lunes a viernes, de 8.00 a 16.30 h.<\/p><h5><strong>AHORRAR TIEMPO<\/strong><\/h5><p>Puede imprimir y rellenar la solicitud de copias certificadas de Vitals <a href=\"https:\/\/eriecohealthohio.com\/wp-content\/uploads\/2022\/07\/Vitals-Application-for-Certified-Copies-1.pdf\" target=\"_blank\" rel=\"noopener\">Solicitud de copias certificadas de Vitals <\/a>antes de llegar para ahorrar tiempo.<\/p><h5>CERTIFICADOS DE DEFUNCI\u00d3N Y N\u00daMEROS DE LA SEGURIDAD SOCIAL<\/h5><p><strong>ORC 3705.23(5):<\/strong> Durante los primeros cinco a\u00f1os tras el fallecimiento de un difunto, no se incluir\u00e1 el n\u00famero de la Seguridad Social de un difunto en una copia certificada del certificado de defunci\u00f3n del difunto a menos que el c\u00f3nyuge o descendiente directo del difunto solicite espec\u00edficamente dicha informaci\u00f3n; el albacea, el abogado o el representante legal del difunto; un representante de una agencia gubernamental de investigaci\u00f3n; un investigador privado; un director de funeraria (o agente responsable de la disposici\u00f3n del cuerpo) que act\u00fae en nombre de la familia del difunto; un funcionario del servicio de veteranos; o un miembro acreditado de los medios de comunicaci\u00f3n .\u00a0<\/p><p>Las personas que soliciten un certificado de defunci\u00f3n con el n\u00famero de la seguridad social incluido deben indicar en su solicitud que solicitan que se incluya el n\u00famero de la seguridad social y presentar una prueba de identificaci\u00f3n junto con <a href=\"https:\/\/eriecohealthohio.com\/wp-content\/uploads\/2022\/07\/SodaPDF-converted-Acceptable-Proof-of-Relationship-Listing-converted.pdf\" target=\"_blank\" rel=\"noopener\">Prueba de parentesco aceptable<\/a> documentaci\u00f3n al registrador o al secretario.\u00a0\u00a0 <a href=\"https:\/\/eriecohealthohio.com\/wp-content\/uploads\/2022\/07\/SodaPDF-converted-Proof-of-Relationship-Verification-Addendum-converted.pdf\" target=\"_blank\" rel=\"noopener\">El ap\u00e9ndice de verificaci\u00f3n de la prueba de parentesco<\/a> puede utilizarse para solicitar que el n\u00famero de la Seguridad Social aparezca en un certificado de defunci\u00f3n.<\/p><p>Se requiere una identificaci\u00f3n adecuada y una prueba de parentesco para las solicitudes de actas de defunci\u00f3n en persona, en l\u00ednea y por correo postal o electr\u00f3nico.<\/p>\t\t\t\t\t\t\t\t<\/div>\n\t\t\t\t<\/div>\n\t\t\t\t\t<\/div>\n\t\t<\/div>\n\t\t\t\t\t<\/div>\n\t\t<\/section>\n\t\t\t\t<\/div>","protected":false},"excerpt":{"rendered":"<p>ORDER BY MAIL ORDER BY PHONE SAME DAY SERVICE FOR FUNERAL HOMES CONTACT BIRTH &amp; DEATH RECORDS &#8211; SAME DAY SERVICE Erie County Health Department offers certified birth certificate copies for all Ohio counties and certified death certificates for deaths occurring within Erie County. Order same day certified birth and death certificate copies quickly and [&hellip;]<\/p>\n","protected":false},"author":1,"featured_media":0,"parent":14,"menu_order":0,"comment_status":"closed","ping_status":"closed","template":"","meta":{"footnotes":"","_links_to":"","_links_to_target":""},"class_list":["post-5996","page","type-page","status-publish","hentry"],"_links":{"self":[{"href":"https:\/\/eriecohealthohio.com\/es\/wp-json\/wp\/v2\/pages\/5996","targetHints":{"allow":["GET"]}}],"collection":[{"href":"https:\/\/eriecohealthohio.com\/es\/wp-json\/wp\/v2\/pages"}],"about":[{"href":"https:\/\/eriecohealthohio.com\/es\/wp-json\/wp\/v2\/types\/page"}],"author":[{"embeddable":true,"href":"https:\/\/eriecohealthohio.com\/es\/wp-json\/wp\/v2\/users\/1"}],"replies":[{"embeddable":true,"href":"https:\/\/eriecohealthohio.com\/es\/wp-json\/wp\/v2\/comments?post=5996"}],"version-history":[{"count":0,"href":"https:\/\/eriecohealthohio.com\/es\/wp-json\/wp\/v2\/pages\/5996\/revisions"}],"up":[{"embeddable":true,"href":"https:\/\/eriecohealthohio.com\/es\/wp-json\/wp\/v2\/pages\/14"}],"wp:attachment":[{"href":"https:\/\/eriecohealthohio.com\/es\/wp-json\/wp\/v2\/media?parent=5996"}],"curies":[{"name":"wp","href":"https:\/\/api.w.org\/{rel}","templated":true}]}}