{"id":5994,"date":"2022-07-18T11:38:04","date_gmt":"2022-07-18T11:38:04","guid":{"rendered":"https:\/\/eriecohealthohio.com\/?page_id=5994"},"modified":"2024-12-12T11:42:31","modified_gmt":"2024-12-12T15:42:31","slug":"actas-de-nacimiento-actas-de-defuncion-pedir-por-telefono","status":"publish","type":"page","link":"https:\/\/eriecohealthohio.com\/es\/birth-death-records\/birth-death-records-order-by-phone\/","title":{"rendered":"ORDENAR POR TEL\u00c9FONO"},"content":{"rendered":"<div data-elementor-type=\"wp-page\" data-elementor-id=\"5994\" class=\"elementor elementor-5994\" data-elementor-post-type=\"page\">\n\t\t\t\t\t\t<section data-particle_enable=\"false\" data-particle-mobile-disabled=\"false\" class=\"elementor-section elementor-top-section elementor-element elementor-element-4b4bf606 elementor-section-boxed elementor-section-height-default elementor-section-height-default\" data-id=\"4b4bf606\" data-element_type=\"section\" data-e-type=\"section\">\n\t\t\t\t\t\t<div class=\"elementor-container elementor-column-gap-default\">\n\t\t\t\t\t<div class=\"elementor-column elementor-col-100 elementor-top-column elementor-element elementor-element-327cb84a\" data-id=\"327cb84a\" data-element_type=\"column\" data-e-type=\"column\">\n\t\t\t<div class=\"elementor-widget-wrap elementor-element-populated\">\n\t\t\t\t\t\t<div class=\"elementor-element elementor-element-5616e3a0 elementor-widget elementor-widget-image\" data-id=\"5616e3a0\" data-element_type=\"widget\" data-e-type=\"widget\" data-no-translation=\"\" data-widget_type=\"image.default\">\n\t\t\t\t<div class=\"elementor-widget-container\">\n\t\t\t\t\t<style>.elementor-element-5616e3a0{display:none !important}<\/style>\t\t\t\t<\/div>\n\t\t\t\t<\/div>\n\t\t\t\t\t<\/div>\n\t\t<\/div>\n\t\t\t\t\t<\/div>\n\t\t<\/section>\n\t\t\t\t<section data-particle_enable=\"false\" data-particle-mobile-disabled=\"false\" class=\"elementor-section elementor-top-section elementor-element elementor-element-0dd5543 elementor-section-boxed elementor-section-height-default elementor-section-height-default\" data-id=\"0dd5543\" data-element_type=\"section\" data-e-type=\"section\">\n\t\t\t\t\t\t<div class=\"elementor-container elementor-column-gap-default\">\n\t\t\t\t\t<div class=\"elementor-column elementor-col-100 elementor-top-column elementor-element elementor-element-7d8e69b\" data-id=\"7d8e69b\" data-element_type=\"column\" data-e-type=\"column\">\n\t\t\t<div class=\"elementor-widget-wrap elementor-element-populated\">\n\t\t\t\t\t\t<div class=\"elementor-element elementor-element-176cfd1 elementor-widget elementor-widget-image\" data-id=\"176cfd1\" data-element_type=\"widget\" data-e-type=\"widget\" data-no-translation=\"\" data-widget_type=\"image.default\">\n\t\t\t\t<div class=\"elementor-widget-container\">\n\t\t\t\t\t\t\t\t\t\t\t\t\t\t\t<img fetchpriority=\"high\" decoding=\"async\" width=\"1600\" height=\"600\" src=\"https:\/\/eriecohealthohio.com\/wp-content\/uploads\/2023\/09\/Birth-Death-Records-Spanish-1.png\" class=\"attachment-full size-full wp-image-14015\" alt=\"Birth &amp; Death Records Spanish\" srcset=\"https:\/\/eriecohealthohio.com\/wp-content\/uploads\/2023\/09\/Birth-Death-Records-Spanish-1.png 1600w, https:\/\/eriecohealthohio.com\/wp-content\/uploads\/2023\/09\/Birth-Death-Records-Spanish-1-300x113.png 300w, https:\/\/eriecohealthohio.com\/wp-content\/uploads\/2023\/09\/Birth-Death-Records-Spanish-1-1024x384.png 1024w, https:\/\/eriecohealthohio.com\/wp-content\/uploads\/2023\/09\/Birth-Death-Records-Spanish-1-768x288.png 768w, https:\/\/eriecohealthohio.com\/wp-content\/uploads\/2023\/09\/Birth-Death-Records-Spanish-1-1536x576.png 1536w, https:\/\/eriecohealthohio.com\/wp-content\/uploads\/2023\/09\/Birth-Death-Records-Spanish-1-18x7.png 18w\" sizes=\"(max-width: 1600px) 100vw, 1600px\" \/>\t\t\t\t\t\t\t\t\t\t\t\t\t\t\t<\/div>\n\t\t\t\t<\/div>\n\t\t\t\t\t<\/div>\n\t\t<\/div>\n\t\t\t\t\t<\/div>\n\t\t<\/section>\n\t\t\t\t<section data-particle_enable=\"false\" data-particle-mobile-disabled=\"false\" class=\"elementor-section elementor-top-section elementor-element elementor-element-a618776 elementor-section-boxed elementor-section-height-default elementor-section-height-default\" data-id=\"a618776\" data-element_type=\"section\" data-e-type=\"section\">\n\t\t\t\t\t\t<div class=\"elementor-container elementor-column-gap-default\">\n\t\t\t\t\t<div class=\"elementor-column elementor-col-20 elementor-top-column elementor-element elementor-element-b4e0dc2\" data-id=\"b4e0dc2\" data-element_type=\"column\" data-e-type=\"column\">\n\t\t\t<div class=\"elementor-widget-wrap elementor-element-populated\">\n\t\t\t\t\t\t<div class=\"elementor-element elementor-element-34ea3914 elementor-align-center elementor-widget elementor-widget-button\" data-id=\"34ea3914\" data-element_type=\"widget\" data-e-type=\"widget\" data-widget_type=\"button.default\">\n\t\t\t\t<div class=\"elementor-widget-container\">\n\t\t\t\t\t\t\t\t\t<div class=\"elementor-button-wrapper\">\n\t\t\t\t\t<a class=\"elementor-button elementor-button-link elementor-size-lg\" href=\"https:\/\/eriecohealthohio.com\/es\/registros-de-nacimientos-y-defunciones\/actas-de-nacimiento-actas-de-defuncion-pedido-por-correo\/\">\n\t\t\t\t\t\t<span class=\"elementor-button-content-wrapper\">\n\t\t\t\t\t\t\t\t\t<span class=\"elementor-button-text\">PEDIDO POR CORREO<\/span>\n\t\t\t\t\t<\/span>\n\t\t\t\t\t<\/a>\n\t\t\t\t<\/div>\n\t\t\t\t\t\t\t\t<\/div>\n\t\t\t\t<\/div>\n\t\t\t\t\t<\/div>\n\t\t<\/div>\n\t\t\t\t<div class=\"elementor-column elementor-col-20 elementor-top-column elementor-element elementor-element-af5c2c7\" data-id=\"af5c2c7\" data-element_type=\"column\" data-e-type=\"column\">\n\t\t\t<div class=\"elementor-widget-wrap elementor-element-populated\">\n\t\t\t\t\t\t<div class=\"elementor-element elementor-element-7684a662 elementor-align-center elementor-widget elementor-widget-button\" data-id=\"7684a662\" data-element_type=\"widget\" data-e-type=\"widget\" data-widget_type=\"button.default\">\n\t\t\t\t<div class=\"elementor-widget-container\">\n\t\t\t\t\t\t\t\t\t<div class=\"elementor-button-wrapper\">\n\t\t\t\t\t<a class=\"elementor-button elementor-button-link elementor-size-lg\" href=\"https:\/\/eriecohealthohio.com\/es\/registros-de-nacimientos-y-defunciones\/actas-de-nacimiento-actas-de-defuncion-pedir-por-telefono\/\">\n\t\t\t\t\t\t<span class=\"elementor-button-content-wrapper\">\n\t\t\t\t\t\t\t\t\t<span class=\"elementor-button-text\">ORDENAR POR TEL\u00c9FONO<\/span>\n\t\t\t\t\t<\/span>\n\t\t\t\t\t<\/a>\n\t\t\t\t<\/div>\n\t\t\t\t\t\t\t\t<\/div>\n\t\t\t\t<\/div>\n\t\t\t\t\t<\/div>\n\t\t<\/div>\n\t\t\t\t<div class=\"elementor-column elementor-col-20 elementor-top-column elementor-element elementor-element-240515a\" data-id=\"240515a\" data-element_type=\"column\" data-e-type=\"column\">\n\t\t\t<div class=\"elementor-widget-wrap elementor-element-populated\">\n\t\t\t\t\t\t<div class=\"elementor-element elementor-element-14a341b elementor-align-center elementor-widget elementor-widget-button\" data-id=\"14a341b\" data-element_type=\"widget\" data-e-type=\"widget\" data-widget_type=\"button.default\">\n\t\t\t\t<div class=\"elementor-widget-container\">\n\t\t\t\t\t\t\t\t\t<div class=\"elementor-button-wrapper\">\n\t\t\t\t\t<a class=\"elementor-button elementor-button-link elementor-size-lg\" href=\"https:\/\/eriecohealthohio.com\/es\/registros-de-nacimientos-y-defunciones\/actas-de-nacimiento-defuncion-servicio-el-mismo-dia\/\">\n\t\t\t\t\t\t<span class=\"elementor-button-content-wrapper\">\n\t\t\t\t\t\t\t\t\t<span class=\"elementor-button-text\">SERVICIO EL MISMO D\u00cdA<\/span>\n\t\t\t\t\t<\/span>\n\t\t\t\t\t<\/a>\n\t\t\t\t<\/div>\n\t\t\t\t\t\t\t\t<\/div>\n\t\t\t\t<\/div>\n\t\t\t\t\t<\/div>\n\t\t<\/div>\n\t\t\t\t<div class=\"elementor-column elementor-col-20 elementor-top-column elementor-element elementor-element-db99cb7\" data-id=\"db99cb7\" data-element_type=\"column\" data-e-type=\"column\">\n\t\t\t<div class=\"elementor-widget-wrap elementor-element-populated\">\n\t\t\t\t\t\t<div class=\"elementor-element elementor-element-b9072b6 elementor-align-center elementor-widget elementor-widget-button\" data-id=\"b9072b6\" data-element_type=\"widget\" data-e-type=\"widget\" data-widget_type=\"button.default\">\n\t\t\t\t<div class=\"elementor-widget-container\">\n\t\t\t\t\t\t\t\t\t<div class=\"elementor-button-wrapper\">\n\t\t\t\t\t<a class=\"elementor-button elementor-button-link elementor-size-lg\" href=\"https:\/\/eriecohealthohio.com\/es\/registros-de-nacimientos-y-defunciones\/para-funerarias\/\">\n\t\t\t\t\t\t<span class=\"elementor-button-content-wrapper\">\n\t\t\t\t\t\t\t\t\t<span class=\"elementor-button-text\">PARA FUNERARIAS<\/span>\n\t\t\t\t\t<\/span>\n\t\t\t\t\t<\/a>\n\t\t\t\t<\/div>\n\t\t\t\t\t\t\t\t<\/div>\n\t\t\t\t<\/div>\n\t\t\t\t\t<\/div>\n\t\t<\/div>\n\t\t\t\t<div class=\"elementor-column elementor-col-20 elementor-top-column elementor-element elementor-element-44e404b\" data-id=\"44e404b\" data-element_type=\"column\" data-e-type=\"column\">\n\t\t\t<div class=\"elementor-widget-wrap elementor-element-populated\">\n\t\t\t\t\t\t<div class=\"elementor-element elementor-element-642b66eb elementor-align-center elementor-widget elementor-widget-button\" data-id=\"642b66eb\" data-element_type=\"widget\" data-e-type=\"widget\" data-widget_type=\"button.default\">\n\t\t\t\t<div class=\"elementor-widget-container\">\n\t\t\t\t\t\t\t\t\t<div class=\"elementor-button-wrapper\">\n\t\t\t\t\t<a class=\"elementor-button elementor-button-link elementor-size-lg\" href=\"https:\/\/eriecohealthohio.com\/es\/registros-de-nacimientos-y-defunciones\/nacimiento-defuncion-contacto\/\">\n\t\t\t\t\t\t<span class=\"elementor-button-content-wrapper\">\n\t\t\t\t\t\t\t\t\t<span class=\"elementor-button-text\">CONTACTO<\/span>\n\t\t\t\t\t<\/span>\n\t\t\t\t\t<\/a>\n\t\t\t\t<\/div>\n\t\t\t\t\t\t\t\t<\/div>\n\t\t\t\t<\/div>\n\t\t\t\t\t<\/div>\n\t\t<\/div>\n\t\t\t\t\t<\/div>\n\t\t<\/section>\n\t\t\t\t<section data-particle_enable=\"false\" data-particle-mobile-disabled=\"false\" class=\"elementor-section elementor-top-section elementor-element elementor-element-75a40287 elementor-section-boxed elementor-section-height-default elementor-section-height-default\" data-id=\"75a40287\" data-element_type=\"section\" data-e-type=\"section\">\n\t\t\t\t\t\t<div class=\"elementor-container elementor-column-gap-default\">\n\t\t\t\t\t<div class=\"elementor-column elementor-col-100 elementor-top-column elementor-element elementor-element-3eb59a28\" data-id=\"3eb59a28\" data-element_type=\"column\" data-e-type=\"column\">\n\t\t\t<div class=\"elementor-widget-wrap elementor-element-populated\">\n\t\t\t\t\t\t<div class=\"elementor-element elementor-element-3a24bb47 elementor-widget elementor-widget-text-editor\" data-id=\"3a24bb47\" data-element_type=\"widget\" data-e-type=\"widget\" data-widget_type=\"text-editor.default\">\n\t\t\t\t<div class=\"elementor-widget-container\">\n\t\t\t\t\t\t\t\t\t<h4>ACTAS DE NACIMIENTO Y DEFUNCI\u00d3N - SOLICITAR POR TEL\u00c9FONO<\/h4><p>Para solicitar un certificado de nacimiento o defunci\u00f3n por tel\u00e9fono, llame a la Oficina de Estad\u00edsticas Vitales al n\u00famero<\/p><p><strong>419-626-5623 Ext. 5122<\/strong><\/p><h5>HORARIO:<\/h5><p>De lunes a viernes, de 8.00 a 16.30 h.<\/p><h5>CERTIFICADOS DE DEFUNCI\u00d3N Y N\u00daMEROS DE LA SEGURIDAD SOCIAL<\/h5><p><strong>ORC 3705.23(5):<\/strong> Durante los primeros cinco a\u00f1os tras el fallecimiento de un difunto, no se incluir\u00e1 el n\u00famero de la Seguridad Social de un difunto en una copia certificada del certificado de defunci\u00f3n del difunto a menos que el c\u00f3nyuge o descendiente directo del difunto solicite espec\u00edficamente dicha informaci\u00f3n; el albacea, el abogado o el representante legal del difunto; un representante de una agencia gubernamental de investigaci\u00f3n; un investigador privado; un director de funeraria (o agente responsable de la disposici\u00f3n del cuerpo) que act\u00fae en nombre de la familia del difunto; un funcionario del servicio de veteranos; o un miembro acreditado de los medios de comunicaci\u00f3n .\u00a0<\/p><p>Las personas que soliciten un certificado de defunci\u00f3n con el n\u00famero de la seguridad social incluido deben indicar en su solicitud que solicitan que se incluya el n\u00famero de la seguridad social y presentar una prueba de identificaci\u00f3n junto con <a href=\"https:\/\/eriecohealthohio.com\/wp-content\/uploads\/2022\/07\/SodaPDF-converted-Acceptable-Proof-of-Relationship-Listing-converted.pdf\" target=\"_blank\" rel=\"noopener\">Prueba de parentesco aceptable<\/a> documentaci\u00f3n al registrador o al secretario.\u00a0 <a href=\"https:\/\/eriecohealthohio.com\/wp-content\/uploads\/2022\/07\/SodaPDF-converted-Proof-of-Relationship-Verification-Addendum-converted.pdf\" target=\"_blank\" rel=\"noopener\">El ap\u00e9ndice de verificaci\u00f3n de la prueba de parentesco<\/a> puede utilizarse para solicitar que el n\u00famero de la Seguridad Social aparezca en un certificado de defunci\u00f3n.<\/p><p>Se requiere una identificaci\u00f3n adecuada y una prueba de parentesco para las solicitudes de actas de defunci\u00f3n en persona, en l\u00ednea y por correo postal o electr\u00f3nico.<\/p>\t\t\t\t\t\t\t\t<\/div>\n\t\t\t\t<\/div>\n\t\t\t\t\t<\/div>\n\t\t<\/div>\n\t\t\t\t\t<\/div>\n\t\t<\/section>\n\t\t\t\t<\/div>","protected":false},"excerpt":{"rendered":"<p>ORDER BY MAIL ORDER BY PHONE SAME DAY SERVICE FOR FUNERAL HOMES CONTACT BIRTH &amp; DEATH RECORDS &#8211; ORDER BY PHONE To order a birth or death certificate by phone, call the Office of Vital Statistics at: 419-626-5623 Ext. 5122 HOURS: Monday through Friday from 8:00 a.m. to 4:30 p.m. DEATH CERTIFICATES AND SOCIAL SECURITY [&hellip;]<\/p>\n","protected":false},"author":1,"featured_media":0,"parent":14,"menu_order":0,"comment_status":"closed","ping_status":"closed","template":"","meta":{"footnotes":"","_links_to":"","_links_to_target":""},"class_list":["post-5994","page","type-page","status-publish","hentry"],"_links":{"self":[{"href":"https:\/\/eriecohealthohio.com\/es\/wp-json\/wp\/v2\/pages\/5994","targetHints":{"allow":["GET"]}}],"collection":[{"href":"https:\/\/eriecohealthohio.com\/es\/wp-json\/wp\/v2\/pages"}],"about":[{"href":"https:\/\/eriecohealthohio.com\/es\/wp-json\/wp\/v2\/types\/page"}],"author":[{"embeddable":true,"href":"https:\/\/eriecohealthohio.com\/es\/wp-json\/wp\/v2\/users\/1"}],"replies":[{"embeddable":true,"href":"https:\/\/eriecohealthohio.com\/es\/wp-json\/wp\/v2\/comments?post=5994"}],"version-history":[{"count":0,"href":"https:\/\/eriecohealthohio.com\/es\/wp-json\/wp\/v2\/pages\/5994\/revisions"}],"up":[{"embeddable":true,"href":"https:\/\/eriecohealthohio.com\/es\/wp-json\/wp\/v2\/pages\/14"}],"wp:attachment":[{"href":"https:\/\/eriecohealthohio.com\/es\/wp-json\/wp\/v2\/media?parent=5994"}],"curies":[{"name":"wp","href":"https:\/\/api.w.org\/{rel}","templated":true}]}}