{"id":5992,"date":"2023-08-15T11:37:32","date_gmt":"2023-08-15T16:37:32","guid":{"rendered":"https:\/\/eriecohealthohio.com\/?page_id=5992"},"modified":"2024-12-12T11:37:46","modified_gmt":"2024-12-12T15:37:46","slug":"actas-de-nacimiento-actas-de-defuncion-pedido-por-correo","status":"publish","type":"page","link":"https:\/\/eriecohealthohio.com\/es\/birth-death-records\/birth-death-records-order-by-mail\/","title":{"rendered":"PEDIDO POR CORREO"},"content":{"rendered":"<div data-elementor-type=\"wp-page\" data-elementor-id=\"5992\" class=\"elementor elementor-5992\" data-elementor-post-type=\"page\">\n\t\t\t\t\t\t<section data-particle_enable=\"false\" data-particle-mobile-disabled=\"false\" class=\"elementor-section elementor-top-section elementor-element elementor-element-72245d29 elementor-section-boxed elementor-section-height-default elementor-section-height-default\" data-id=\"72245d29\" data-element_type=\"section\" data-e-type=\"section\">\n\t\t\t\t\t\t<div class=\"elementor-container elementor-column-gap-default\">\n\t\t\t\t\t<div class=\"elementor-column elementor-col-100 elementor-top-column elementor-element elementor-element-661b63bc\" data-id=\"661b63bc\" data-element_type=\"column\" data-e-type=\"column\">\n\t\t\t<div class=\"elementor-widget-wrap elementor-element-populated\">\n\t\t\t\t\t\t<div class=\"elementor-element elementor-element-65cb8bc9 elementor-widget elementor-widget-image\" data-id=\"65cb8bc9\" data-element_type=\"widget\" data-e-type=\"widget\" data-no-translation=\"\" data-widget_type=\"image.default\">\n\t\t\t\t<div class=\"elementor-widget-container\">\n\t\t\t\t\t<style>.elementor-element-65cb8bc9{display:none !important}<\/style>\t\t\t\t<\/div>\n\t\t\t\t<\/div>\n\t\t\t\t\t<\/div>\n\t\t<\/div>\n\t\t\t\t\t<\/div>\n\t\t<\/section>\n\t\t\t\t<section data-particle_enable=\"false\" data-particle-mobile-disabled=\"false\" class=\"elementor-section elementor-top-section elementor-element elementor-element-9c9a6dc elementor-section-boxed elementor-section-height-default elementor-section-height-default\" data-id=\"9c9a6dc\" data-element_type=\"section\" data-e-type=\"section\">\n\t\t\t\t\t\t<div class=\"elementor-container elementor-column-gap-default\">\n\t\t\t\t\t<div class=\"elementor-column elementor-col-100 elementor-top-column elementor-element elementor-element-aec4dc6\" data-id=\"aec4dc6\" data-element_type=\"column\" data-e-type=\"column\">\n\t\t\t<div class=\"elementor-widget-wrap elementor-element-populated\">\n\t\t\t\t\t\t<div class=\"elementor-element elementor-element-38a46fe elementor-widget elementor-widget-image\" data-id=\"38a46fe\" data-element_type=\"widget\" data-e-type=\"widget\" data-no-translation=\"\" data-widget_type=\"image.default\">\n\t\t\t\t<div class=\"elementor-widget-container\">\n\t\t\t\t\t\t\t\t\t\t\t\t\t\t\t<img fetchpriority=\"high\" decoding=\"async\" width=\"1600\" height=\"600\" src=\"https:\/\/eriecohealthohio.com\/wp-content\/uploads\/2023\/09\/Birth-Death-Records-Spanish-1.png\" class=\"attachment-full size-full wp-image-14015\" alt=\"Birth &amp; Death Records Spanish\" srcset=\"https:\/\/eriecohealthohio.com\/wp-content\/uploads\/2023\/09\/Birth-Death-Records-Spanish-1.png 1600w, https:\/\/eriecohealthohio.com\/wp-content\/uploads\/2023\/09\/Birth-Death-Records-Spanish-1-300x113.png 300w, https:\/\/eriecohealthohio.com\/wp-content\/uploads\/2023\/09\/Birth-Death-Records-Spanish-1-1024x384.png 1024w, https:\/\/eriecohealthohio.com\/wp-content\/uploads\/2023\/09\/Birth-Death-Records-Spanish-1-768x288.png 768w, https:\/\/eriecohealthohio.com\/wp-content\/uploads\/2023\/09\/Birth-Death-Records-Spanish-1-1536x576.png 1536w, https:\/\/eriecohealthohio.com\/wp-content\/uploads\/2023\/09\/Birth-Death-Records-Spanish-1-18x7.png 18w\" sizes=\"(max-width: 1600px) 100vw, 1600px\" \/>\t\t\t\t\t\t\t\t\t\t\t\t\t\t\t<\/div>\n\t\t\t\t<\/div>\n\t\t\t\t\t<\/div>\n\t\t<\/div>\n\t\t\t\t\t<\/div>\n\t\t<\/section>\n\t\t\t\t<section data-particle_enable=\"false\" data-particle-mobile-disabled=\"false\" class=\"elementor-section elementor-top-section elementor-element elementor-element-7e6c446 elementor-section-boxed elementor-section-height-default elementor-section-height-default\" data-id=\"7e6c446\" data-element_type=\"section\" data-e-type=\"section\">\n\t\t\t\t\t\t<div class=\"elementor-container elementor-column-gap-default\">\n\t\t\t\t\t<div class=\"elementor-column elementor-col-20 elementor-top-column elementor-element elementor-element-e5ac143\" data-id=\"e5ac143\" data-element_type=\"column\" data-e-type=\"column\">\n\t\t\t<div class=\"elementor-widget-wrap elementor-element-populated\">\n\t\t\t\t\t\t<div class=\"elementor-element elementor-element-7df46475 elementor-align-center elementor-widget elementor-widget-button\" data-id=\"7df46475\" data-element_type=\"widget\" data-e-type=\"widget\" data-widget_type=\"button.default\">\n\t\t\t\t<div class=\"elementor-widget-container\">\n\t\t\t\t\t\t\t\t\t<div class=\"elementor-button-wrapper\">\n\t\t\t\t\t<a class=\"elementor-button elementor-button-link elementor-size-lg\" href=\"https:\/\/eriecohealthohio.com\/es\/registros-de-nacimientos-y-defunciones\/actas-de-nacimiento-actas-de-defuncion-pedido-por-correo\/\">\n\t\t\t\t\t\t<span class=\"elementor-button-content-wrapper\">\n\t\t\t\t\t\t\t\t\t<span class=\"elementor-button-text\">PEDIDO POR CORREO<\/span>\n\t\t\t\t\t<\/span>\n\t\t\t\t\t<\/a>\n\t\t\t\t<\/div>\n\t\t\t\t\t\t\t\t<\/div>\n\t\t\t\t<\/div>\n\t\t\t\t\t<\/div>\n\t\t<\/div>\n\t\t\t\t<div class=\"elementor-column elementor-col-20 elementor-top-column elementor-element elementor-element-b811ef3\" data-id=\"b811ef3\" data-element_type=\"column\" data-e-type=\"column\">\n\t\t\t<div class=\"elementor-widget-wrap elementor-element-populated\">\n\t\t\t\t\t\t<div class=\"elementor-element elementor-element-ef831aa elementor-align-center elementor-widget elementor-widget-button\" data-id=\"ef831aa\" data-element_type=\"widget\" data-e-type=\"widget\" data-widget_type=\"button.default\">\n\t\t\t\t<div class=\"elementor-widget-container\">\n\t\t\t\t\t\t\t\t\t<div class=\"elementor-button-wrapper\">\n\t\t\t\t\t<a class=\"elementor-button elementor-button-link elementor-size-lg\" href=\"https:\/\/eriecohealthohio.com\/es\/registros-de-nacimientos-y-defunciones\/actas-de-nacimiento-actas-de-defuncion-pedir-por-telefono\/\">\n\t\t\t\t\t\t<span class=\"elementor-button-content-wrapper\">\n\t\t\t\t\t\t\t\t\t<span class=\"elementor-button-text\">ORDENAR POR TEL\u00c9FONO<\/span>\n\t\t\t\t\t<\/span>\n\t\t\t\t\t<\/a>\n\t\t\t\t<\/div>\n\t\t\t\t\t\t\t\t<\/div>\n\t\t\t\t<\/div>\n\t\t\t\t\t<\/div>\n\t\t<\/div>\n\t\t\t\t<div class=\"elementor-column elementor-col-20 elementor-top-column elementor-element elementor-element-67f6266\" data-id=\"67f6266\" data-element_type=\"column\" data-e-type=\"column\">\n\t\t\t<div class=\"elementor-widget-wrap elementor-element-populated\">\n\t\t\t\t\t\t<div class=\"elementor-element elementor-element-b0f4269 elementor-align-center elementor-widget elementor-widget-button\" data-id=\"b0f4269\" data-element_type=\"widget\" data-e-type=\"widget\" data-widget_type=\"button.default\">\n\t\t\t\t<div class=\"elementor-widget-container\">\n\t\t\t\t\t\t\t\t\t<div class=\"elementor-button-wrapper\">\n\t\t\t\t\t<a class=\"elementor-button elementor-button-link elementor-size-lg\" href=\"https:\/\/eriecohealthohio.com\/es\/registros-de-nacimientos-y-defunciones\/actas-de-nacimiento-defuncion-servicio-el-mismo-dia\/\">\n\t\t\t\t\t\t<span class=\"elementor-button-content-wrapper\">\n\t\t\t\t\t\t\t\t\t<span class=\"elementor-button-text\">SERVICIO EL MISMO D\u00cdA<\/span>\n\t\t\t\t\t<\/span>\n\t\t\t\t\t<\/a>\n\t\t\t\t<\/div>\n\t\t\t\t\t\t\t\t<\/div>\n\t\t\t\t<\/div>\n\t\t\t\t\t<\/div>\n\t\t<\/div>\n\t\t\t\t<div class=\"elementor-column elementor-col-20 elementor-top-column elementor-element elementor-element-42d33ad\" data-id=\"42d33ad\" data-element_type=\"column\" data-e-type=\"column\">\n\t\t\t<div class=\"elementor-widget-wrap elementor-element-populated\">\n\t\t\t\t\t\t<div class=\"elementor-element elementor-element-faf2df7 elementor-align-center elementor-widget elementor-widget-button\" data-id=\"faf2df7\" data-element_type=\"widget\" data-e-type=\"widget\" data-widget_type=\"button.default\">\n\t\t\t\t<div class=\"elementor-widget-container\">\n\t\t\t\t\t\t\t\t\t<div class=\"elementor-button-wrapper\">\n\t\t\t\t\t<a class=\"elementor-button elementor-button-link elementor-size-lg\" href=\"https:\/\/eriecohealthohio.com\/es\/registros-de-nacimientos-y-defunciones\/para-funerarias\/\">\n\t\t\t\t\t\t<span class=\"elementor-button-content-wrapper\">\n\t\t\t\t\t\t\t\t\t<span class=\"elementor-button-text\">PARA FUNERARIAS<\/span>\n\t\t\t\t\t<\/span>\n\t\t\t\t\t<\/a>\n\t\t\t\t<\/div>\n\t\t\t\t\t\t\t\t<\/div>\n\t\t\t\t<\/div>\n\t\t\t\t\t<\/div>\n\t\t<\/div>\n\t\t\t\t<div class=\"elementor-column elementor-col-20 elementor-top-column elementor-element elementor-element-1843ed4\" data-id=\"1843ed4\" data-element_type=\"column\" data-e-type=\"column\">\n\t\t\t<div class=\"elementor-widget-wrap elementor-element-populated\">\n\t\t\t\t\t\t<div class=\"elementor-element elementor-element-3c49c963 elementor-align-center elementor-widget elementor-widget-button\" data-id=\"3c49c963\" data-element_type=\"widget\" data-e-type=\"widget\" data-widget_type=\"button.default\">\n\t\t\t\t<div class=\"elementor-widget-container\">\n\t\t\t\t\t\t\t\t\t<div class=\"elementor-button-wrapper\">\n\t\t\t\t\t<a class=\"elementor-button elementor-button-link elementor-size-lg\" href=\"https:\/\/eriecohealthohio.com\/es\/registros-de-nacimientos-y-defunciones\/nacimiento-defuncion-contacto\/\">\n\t\t\t\t\t\t<span class=\"elementor-button-content-wrapper\">\n\t\t\t\t\t\t\t\t\t<span class=\"elementor-button-text\">CONTACTO<\/span>\n\t\t\t\t\t<\/span>\n\t\t\t\t\t<\/a>\n\t\t\t\t<\/div>\n\t\t\t\t\t\t\t\t<\/div>\n\t\t\t\t<\/div>\n\t\t\t\t\t<\/div>\n\t\t<\/div>\n\t\t\t\t\t<\/div>\n\t\t<\/section>\n\t\t\t\t<section data-particle_enable=\"false\" data-particle-mobile-disabled=\"false\" class=\"elementor-section elementor-top-section elementor-element elementor-element-1a5a128b elementor-section-boxed elementor-section-height-default elementor-section-height-default\" data-id=\"1a5a128b\" data-element_type=\"section\" data-e-type=\"section\">\n\t\t\t\t\t\t<div class=\"elementor-container elementor-column-gap-default\">\n\t\t\t\t\t<div class=\"elementor-column elementor-col-100 elementor-top-column elementor-element elementor-element-3d516828\" data-id=\"3d516828\" data-element_type=\"column\" data-e-type=\"column\">\n\t\t\t<div class=\"elementor-widget-wrap elementor-element-populated\">\n\t\t\t\t\t\t<div class=\"elementor-element elementor-element-6d08aa20 elementor-widget elementor-widget-text-editor\" data-id=\"6d08aa20\" data-element_type=\"widget\" data-e-type=\"widget\" data-widget_type=\"text-editor.default\">\n\t\t\t\t<div class=\"elementor-widget-container\">\n\t\t\t\t\t\t\t\t\t<h4>ACTAS DE NACIMIENTO Y DEFUNCI\u00d3N - PEDIDO POR CORREO<\/h4><p><strong>Coste:<\/strong><br \/><strong>Los certificados de nacimiento o defunci\u00f3n cuestan $25,00 por copia certificada.<\/strong><\/p><p><b>Descargar: <br \/><a href=\"https:\/\/eriecohealthohio.com\/wp-content\/uploads\/2023\/08\/Vitals-Application-for-Certified-Copies.docx\" target=\"_blank\" rel=\"noopener\">Vitals Solicitud de copias certificadas .docx<\/a><\/b><\/p><p><a href=\"https:\/\/eriecohealthohio.com\/wp-content\/uploads\/2023\/08\/Vitals-Application-for-Certified-Copies-.pdf.pdf\" target=\"_blank\" rel=\"noopener\">Vitals Solicitud de copias certificadas .pdf<\/a><\/p><p><strong>Env\u00ede por correo la solicitud de copias certificadas cumplimentada a<\/strong><br \/><strong>Departamento de Salud del Condado de Erie<\/strong><br \/><strong>Calle Superior 420<\/strong><br \/><strong>Sandusky, OH 44870<\/strong><\/p><p><strong>CERTIFICADOS DE DEFUNCI\u00d3N Y N\u00daMEROS DE LA SEGURIDAD SOCIAL<\/strong><\/p><p>ORC 3705.23(5): Durante los primeros cinco a\u00f1os despu\u00e9s de la muerte de un difunto, el n\u00famero de seguro social de un difunto no se incluir\u00e1 en una copia certificada del certificado de defunci\u00f3n del difunto a menos que esa informaci\u00f3n sea solicitada espec\u00edficamente por el c\u00f3nyuge del difunto, o descendiente directo ; el albacea, el abogado o el representante legal del difunto; un representante de una agencia gubernamental de investigaci\u00f3n; un investigador privado; un director de funeraria (o agente responsable de la disposici\u00f3n del cuerpo) que act\u00fae en nombre de la familia del difunto; un funcionario del servicio de veteranos; o un miembro acreditado de los medios de comunicaci\u00f3n .\u00a0<\/p><p>Las personas que soliciten un certificado de defunci\u00f3n con el n\u00famero de la seguridad social incluido deben indicar en su solicitud que solicitan que se incluya el n\u00famero de la seguridad social y presentar una prueba de identificaci\u00f3n junto con <a href=\"https:\/\/eriecohealthohio.com\/wp-content\/uploads\/2022\/07\/SodaPDF-converted-Acceptable-Proof-of-Relationship-Listing-converted.pdf\" target=\"_blank\" rel=\"noopener\">Prueba de parentesco aceptable<\/a> documentaci\u00f3n al registrador o al secretario.\u00a0 \u00a0 <a href=\"https:\/\/eriecohealthohio.com\/wp-content\/uploads\/2022\/07\/SodaPDF-converted-Proof-of-Relationship-Verification-Addendum-converted.pdf\" target=\"_blank\" rel=\"noopener\">El ap\u00e9ndice de verificaci\u00f3n de la prueba de parentesco<\/a>\u00a0puede utilizarse para solicitar que el n\u00famero de la Seguridad Social aparezca en un certificado de defunci\u00f3n.<\/p><p>Para solicitar un acta de defunci\u00f3n en persona, por Internet o por correo electr\u00f3nico se requiere una identificaci\u00f3n adecuada y una prueba del parentesco.<\/p><h5>AVISO LEGAL<\/h5><p>De acuerdo con el C\u00f3digo Revisado de Ohio 3705.29, es ilegal obtener, poseer, usar, vender, suministrar o intentar obtener, poseer, usar, vender o suministrar a otro con el prop\u00f3sito de enga\u00f1o cualquier certificado, registro o copia certificada del mismo que se relacione con el nacimiento de otra persona, viva o muerta. ECHD no garantiza y no es responsable de reemplazar solicitudes de certificados perdidos o no entregados de Correo Regular.<\/p><p>Todas las ventas son definitivas y no reembolsables.<\/p>\t\t\t\t\t\t\t\t<\/div>\n\t\t\t\t<\/div>\n\t\t\t\t\t<\/div>\n\t\t<\/div>\n\t\t\t\t\t<\/div>\n\t\t<\/section>\n\t\t\t\t<section data-particle_enable=\"false\" data-particle-mobile-disabled=\"false\" class=\"elementor-section elementor-top-section elementor-element elementor-element-bdd5c54 elementor-section-boxed elementor-section-height-default elementor-section-height-default\" data-id=\"bdd5c54\" data-element_type=\"section\" data-e-type=\"section\">\n\t\t\t\t\t\t<div class=\"elementor-container elementor-column-gap-default\">\n\t\t\t\t\t<div class=\"elementor-column elementor-col-100 elementor-top-column elementor-element elementor-element-2cf762f\" data-id=\"2cf762f\" data-element_type=\"column\" data-e-type=\"column\">\n\t\t\t<div class=\"elementor-widget-wrap\">\n\t\t\t\t\t\t\t<\/div>\n\t\t<\/div>\n\t\t\t\t\t<\/div>\n\t\t<\/section>\n\t\t\t\t<\/div>","protected":false},"excerpt":{"rendered":"<p>ORDER BY MAIL ORDER BY PHONE SAME DAY SERVICE FOR FUNERAL HOMES CONTACT BIRTH &amp; DEATH RECORDS \u2013 ORDER BY MAIL Cost:Birth\/Death Certificates are $25.00 per certified copy. Download: Vitals Application for Certified Copies .docx Vitals Application for Certified Copies .pdf Mail Completed Application for Certified Copies To:Erie County Health Department420 Superior StreetSandusky, OH 44870 [&hellip;]<\/p>\n","protected":false},"author":1,"featured_media":0,"parent":14,"menu_order":0,"comment_status":"closed","ping_status":"closed","template":"","meta":{"footnotes":"","_links_to":"","_links_to_target":""},"class_list":["post-5992","page","type-page","status-publish","hentry"],"_links":{"self":[{"href":"https:\/\/eriecohealthohio.com\/es\/wp-json\/wp\/v2\/pages\/5992","targetHints":{"allow":["GET"]}}],"collection":[{"href":"https:\/\/eriecohealthohio.com\/es\/wp-json\/wp\/v2\/pages"}],"about":[{"href":"https:\/\/eriecohealthohio.com\/es\/wp-json\/wp\/v2\/types\/page"}],"author":[{"embeddable":true,"href":"https:\/\/eriecohealthohio.com\/es\/wp-json\/wp\/v2\/users\/1"}],"replies":[{"embeddable":true,"href":"https:\/\/eriecohealthohio.com\/es\/wp-json\/wp\/v2\/comments?post=5992"}],"version-history":[{"count":0,"href":"https:\/\/eriecohealthohio.com\/es\/wp-json\/wp\/v2\/pages\/5992\/revisions"}],"up":[{"embeddable":true,"href":"https:\/\/eriecohealthohio.com\/es\/wp-json\/wp\/v2\/pages\/14"}],"wp:attachment":[{"href":"https:\/\/eriecohealthohio.com\/es\/wp-json\/wp\/v2\/media?parent=5992"}],"curies":[{"name":"wp","href":"https:\/\/api.w.org\/{rel}","templated":true}]}}