{"id":5435,"date":"2022-07-16T12:59:19","date_gmt":"2022-07-16T12:59:19","guid":{"rendered":"https:\/\/eriecohealthohio.com\/?page_id=5435"},"modified":"2024-12-17T10:57:44","modified_gmt":"2024-12-17T14:57:44","slug":"campings-rvs-campamentos-residentes","status":"publish","type":"page","link":"https:\/\/eriecohealthohio.com\/es\/beaches-pools-campgrounds\/campgrounds-rvs-resident-camps\/","title":{"rendered":"CAMPINGS, RVS, CAMPAMENTOS DE RESIDENTES"},"content":{"rendered":"<div data-elementor-type=\"wp-page\" data-elementor-id=\"5435\" class=\"elementor elementor-5435\" data-elementor-post-type=\"page\">\n\t\t\t\t\t\t<section data-particle_enable=\"false\" data-particle-mobile-disabled=\"false\" class=\"elementor-section elementor-top-section elementor-element elementor-element-6e3b23bc elementor-section-boxed elementor-section-height-default elementor-section-height-default\" data-id=\"6e3b23bc\" data-element_type=\"section\" data-e-type=\"section\">\n\t\t\t\t\t\t<div class=\"elementor-container elementor-column-gap-default\">\n\t\t\t\t\t<div class=\"elementor-column elementor-col-100 elementor-top-column elementor-element elementor-element-2db204\" data-id=\"2db204\" data-element_type=\"column\" data-e-type=\"column\">\n\t\t\t<div class=\"elementor-widget-wrap elementor-element-populated\">\n\t\t\t\t\t\t<div class=\"elementor-element elementor-element-6b992569 elementor-widget elementor-widget-image\" data-id=\"6b992569\" data-element_type=\"widget\" data-e-type=\"widget\" data-widget_type=\"image.default\">\n\t\t\t\t<div class=\"elementor-widget-container\">\n\t\t\t\t\t\t\t\t\t\t\t\t\t\t\t\t<a href=\"https:\/\/eriecohealthohio.com\/es\/playas-piscinas-campings\/\">\n\t\t\t\t\t\t\t<img fetchpriority=\"high\" decoding=\"async\" width=\"1600\" height=\"600\" src=\"https:\/\/eriecohealthohio.com\/wp-content\/uploads\/2023\/09\/Beaches-Pools-and-Campgrounds-Banner.png\" class=\"attachment-full size-full wp-image-5349\" alt=\"Banner de playas, piscinas y campings\" srcset=\"https:\/\/eriecohealthohio.com\/wp-content\/uploads\/2023\/09\/Beaches-Pools-and-Campgrounds-Banner.png 1600w, https:\/\/eriecohealthohio.com\/wp-content\/uploads\/2023\/09\/Beaches-Pools-and-Campgrounds-Banner-300x113.png 300w, https:\/\/eriecohealthohio.com\/wp-content\/uploads\/2023\/09\/Beaches-Pools-and-Campgrounds-Banner-1024x384.png 1024w, https:\/\/eriecohealthohio.com\/wp-content\/uploads\/2023\/09\/Beaches-Pools-and-Campgrounds-Banner-768x288.png 768w, https:\/\/eriecohealthohio.com\/wp-content\/uploads\/2023\/09\/Beaches-Pools-and-Campgrounds-Banner-1536x576.png 1536w, https:\/\/eriecohealthohio.com\/wp-content\/uploads\/2023\/09\/Beaches-Pools-and-Campgrounds-Banner-18x7.png 18w\" sizes=\"(max-width: 1600px) 100vw, 1600px\" \/>\t\t\t\t\t\t\t\t<\/a>\n\t\t\t\t\t\t\t\t\t\t\t\t\t\t\t<\/div>\n\t\t\t\t<\/div>\n\t\t\t\t\t<\/div>\n\t\t<\/div>\n\t\t\t\t\t<\/div>\n\t\t<\/section>\n\t\t\t\t<section data-particle_enable=\"false\" data-particle-mobile-disabled=\"false\" class=\"elementor-section elementor-top-section elementor-element elementor-element-bf459d8 elementor-section-boxed elementor-section-height-default elementor-section-height-default\" data-id=\"bf459d8\" data-element_type=\"section\" data-e-type=\"section\">\n\t\t\t\t\t\t<div class=\"elementor-container elementor-column-gap-default\">\n\t\t\t\t\t<div class=\"elementor-column elementor-col-25 elementor-top-column elementor-element elementor-element-205015c9\" data-id=\"205015c9\" data-element_type=\"column\" data-e-type=\"column\">\n\t\t\t<div class=\"elementor-widget-wrap elementor-element-populated\">\n\t\t\t\t\t\t<div class=\"elementor-element elementor-element-7b7c46e2 elementor-align-center elementor-widget elementor-widget-button\" data-id=\"7b7c46e2\" data-element_type=\"widget\" data-e-type=\"widget\" data-widget_type=\"button.default\">\n\t\t\t\t<div class=\"elementor-widget-container\">\n\t\t\t\t\t\t\t\t\t<div class=\"elementor-button-wrapper\">\n\t\t\t\t\t<a class=\"elementor-button elementor-button-link elementor-size-lg\" href=\"https:\/\/eriecohealthohio.com\/es\/playas-piscinas-campings\/piscinas-spas\/\">\n\t\t\t\t\t\t<span class=\"elementor-button-content-wrapper\">\n\t\t\t\t\t\t\t\t\t<span class=\"elementor-button-text\">PISCINAS Y SPAS<\/span>\n\t\t\t\t\t<\/span>\n\t\t\t\t\t<\/a>\n\t\t\t\t<\/div>\n\t\t\t\t\t\t\t\t<\/div>\n\t\t\t\t<\/div>\n\t\t\t\t\t<\/div>\n\t\t<\/div>\n\t\t\t\t<div class=\"elementor-column elementor-col-25 elementor-top-column elementor-element elementor-element-3a98ce63\" data-id=\"3a98ce63\" data-element_type=\"column\" data-e-type=\"column\">\n\t\t\t<div class=\"elementor-widget-wrap elementor-element-populated\">\n\t\t\t\t\t\t<div class=\"elementor-element elementor-element-5e6bb360 elementor-align-center elementor-widget elementor-widget-button\" data-id=\"5e6bb360\" data-element_type=\"widget\" data-e-type=\"widget\" data-widget_type=\"button.default\">\n\t\t\t\t<div class=\"elementor-widget-container\">\n\t\t\t\t\t\t\t\t\t<div class=\"elementor-button-wrapper\">\n\t\t\t\t\t<a class=\"elementor-button elementor-button-link elementor-size-lg\" href=\"https:\/\/eriecohealthohio.com\/es\/playas-piscinas-campings\/playas\/\">\n\t\t\t\t\t\t<span class=\"elementor-button-content-wrapper\">\n\t\t\t\t\t\t\t\t\t<span class=\"elementor-button-text\">PLAYAS<\/span>\n\t\t\t\t\t<\/span>\n\t\t\t\t\t<\/a>\n\t\t\t\t<\/div>\n\t\t\t\t\t\t\t\t<\/div>\n\t\t\t\t<\/div>\n\t\t\t\t\t<\/div>\n\t\t<\/div>\n\t\t\t\t<div class=\"elementor-column elementor-col-25 elementor-top-column elementor-element elementor-element-70bbd9b\" data-id=\"70bbd9b\" data-element_type=\"column\" data-e-type=\"column\">\n\t\t\t<div class=\"elementor-widget-wrap elementor-element-populated\">\n\t\t\t\t\t\t<div class=\"elementor-element elementor-element-5c933977 elementor-align-center elementor-widget elementor-widget-button\" data-id=\"5c933977\" data-element_type=\"widget\" data-e-type=\"widget\" data-widget_type=\"button.default\">\n\t\t\t\t<div class=\"elementor-widget-container\">\n\t\t\t\t\t\t\t\t\t<div class=\"elementor-button-wrapper\">\n\t\t\t\t\t<a class=\"elementor-button elementor-button-link elementor-size-lg\" href=\"https:\/\/eriecohealthohio.com\/es\/playas-piscinas-campings\/campings-rvs-campamentos-residentes\/\">\n\t\t\t\t\t\t<span class=\"elementor-button-content-wrapper\">\n\t\t\t\t\t\t\t\t\t<span class=\"elementor-button-text\">CAMPING<\/span>\n\t\t\t\t\t<\/span>\n\t\t\t\t\t<\/a>\n\t\t\t\t<\/div>\n\t\t\t\t\t\t\t\t<\/div>\n\t\t\t\t<\/div>\n\t\t\t\t\t<\/div>\n\t\t<\/div>\n\t\t\t\t<div class=\"elementor-column elementor-col-25 elementor-top-column elementor-element elementor-element-3e7df892\" data-id=\"3e7df892\" data-element_type=\"column\" data-e-type=\"column\">\n\t\t\t<div class=\"elementor-widget-wrap elementor-element-populated\">\n\t\t\t\t\t\t<div class=\"elementor-element elementor-element-38ddea30 elementor-align-center elementor-widget elementor-widget-button\" data-id=\"38ddea30\" data-element_type=\"widget\" data-e-type=\"widget\" data-widget_type=\"button.default\">\n\t\t\t\t<div class=\"elementor-widget-container\">\n\t\t\t\t\t\t\t\t\t<div class=\"elementor-button-wrapper\">\n\t\t\t\t\t<a class=\"elementor-button elementor-button-link elementor-size-lg\" href=\"https:\/\/eriecohealthohio.com\/es\/playas-piscinas-campings-contacto\/\">\n\t\t\t\t\t\t<span class=\"elementor-button-content-wrapper\">\n\t\t\t\t\t\t\t\t\t<span class=\"elementor-button-text\">CONTACTO<\/span>\n\t\t\t\t\t<\/span>\n\t\t\t\t\t<\/a>\n\t\t\t\t<\/div>\n\t\t\t\t\t\t\t\t<\/div>\n\t\t\t\t<\/div>\n\t\t\t\t\t<\/div>\n\t\t<\/div>\n\t\t\t\t\t<\/div>\n\t\t<\/section>\n\t\t\t\t<section data-particle_enable=\"false\" data-particle-mobile-disabled=\"false\" class=\"elementor-section elementor-top-section elementor-element elementor-element-2218b185 elementor-section-boxed elementor-section-height-default elementor-section-height-default\" data-id=\"2218b185\" data-element_type=\"section\" data-e-type=\"section\">\n\t\t\t\t\t\t<div class=\"elementor-container elementor-column-gap-default\">\n\t\t\t\t\t<div class=\"elementor-column elementor-col-100 elementor-top-column elementor-element elementor-element-3b5e513f\" data-id=\"3b5e513f\" data-element_type=\"column\" data-e-type=\"column\">\n\t\t\t<div class=\"elementor-widget-wrap elementor-element-populated\">\n\t\t\t\t\t\t<div class=\"elementor-element elementor-element-7e7ce1ea elementor-widget elementor-widget-text-editor\" data-id=\"7e7ce1ea\" data-element_type=\"widget\" data-e-type=\"widget\" data-widget_type=\"text-editor.default\">\n\t\t\t\t<div class=\"elementor-widget-container\">\n\t\t\t\t\t\t\t\t\t<h4>PLAYAS PISCINAS Y CAMPINGS - CAMPINGS, PARQUES PARA AUTOCARAVANAS Y CAMPAMENTOS DE RESIDENTES<\/h4><p><img decoding=\"async\" class=\"alignleft wp-image-5759 size-medium\" src=\"https:\/\/eriecohealthohio.com\/wp-content\/uploads\/2022\/07\/camper-with-fire-300x300.png\" alt=\"caravana con fuego\" width=\"300\" height=\"300\" srcset=\"https:\/\/eriecohealthohio.com\/wp-content\/uploads\/2022\/07\/camper-with-fire-300x300.png 300w, https:\/\/eriecohealthohio.com\/wp-content\/uploads\/2022\/07\/camper-with-fire-150x150.png 150w, https:\/\/eriecohealthohio.com\/wp-content\/uploads\/2022\/07\/camper-with-fire.png 500w\" sizes=\"(max-width: 300px) 100vw, 300px\" \/>El Departamento de Salud del Condado de Erie lleva a cabo inspecciones rutinarias de los parques de autocaravanas, los parques-campamentos combinados, los campamentos de recreo y los campamentos temporales. Las inspecciones se centran en los elementos de seguridad que pueden afectar a la salud de los clientes del campamento, as\u00ed como en los factores que pueden influir en el medio ambiente, como el alcantarillado y la eliminaci\u00f3n de aguas residuales.<\/p><h5>RECURSOS:<\/h5><p><a href=\"https:\/\/odh.ohio.gov\/know-our-programs\/campgrounds\/laws-and-rules\" target=\"_blank\" rel=\"noopener\">Leyes y reglamentos sobre campings.<\/a><\/p><p><a href=\"https:\/\/eriecohealthohio.com\/wp-content\/uploads\/2022\/07\/AnimalRegistryForm.pdf\" target=\"_blank\" rel=\"noopener\">Formulario de registro de animales de camping.<\/a><\/p><p><a href=\"https:\/\/odh.ohio.gov\/wps\/wcm\/connect\/gov\/a654aff8-94af-41f6-a2e7-3e4f8480a1bb\/plan-review-and-license-app-temp-camp-HEA5336-Rev2018.pdf?MOD=AJPERES&amp;CONVERT_TO=url&amp;CACHEID=ROOTWORKSPACE.Z18_M1HGGIK0N0JO00QO9DDDDM3000-a654aff8-94af-41f6-a2e7-3e4f8480a1bb-mz47rnQ\" target=\"_blank\" rel=\"noopener\">Solicitud de campamento temporal.<\/a><br \/><strong>Como recordatorio:<\/strong> los planos de los campamentos temporales deben presentarse al ECHD para su revisi\u00f3n y aprobaci\u00f3n al menos quince d\u00edas antes de la apertura del campamento temporal\". En el enlace \"campamentos temporales\" aqu\u00ed<\/p>\t\t\t\t\t\t\t\t<\/div>\n\t\t\t\t<\/div>\n\t\t\t\t\t<\/div>\n\t\t<\/div>\n\t\t\t\t\t<\/div>\n\t\t<\/section>\n\t\t\t\t<\/div>","protected":false},"excerpt":{"rendered":"<p>POOLS &#038; SPAS BEACHES CAMPGROUNDS CONTACT BEACHES POOLS &amp; CAMPGROUNDS &#8211; CAMPGROUNDS, RV PARKS &amp; RESIDENT CAMPS The Erie County Health Department conducts routine inspections of RV Parks, Combined Park-Camps, Recreation Camps and Temporary Campgrounds. Inspections focus on safety items that have the potential impact the health of camp patrons as well as factors that [&hellip;]<\/p>\n","protected":false},"author":1,"featured_media":0,"parent":5346,"menu_order":0,"comment_status":"closed","ping_status":"closed","template":"","meta":{"footnotes":"","_links_to":"","_links_to_target":""},"class_list":["post-5435","page","type-page","status-publish","hentry"],"_links":{"self":[{"href":"https:\/\/eriecohealthohio.com\/es\/wp-json\/wp\/v2\/pages\/5435","targetHints":{"allow":["GET"]}}],"collection":[{"href":"https:\/\/eriecohealthohio.com\/es\/wp-json\/wp\/v2\/pages"}],"about":[{"href":"https:\/\/eriecohealthohio.com\/es\/wp-json\/wp\/v2\/types\/page"}],"author":[{"embeddable":true,"href":"https:\/\/eriecohealthohio.com\/es\/wp-json\/wp\/v2\/users\/1"}],"replies":[{"embeddable":true,"href":"https:\/\/eriecohealthohio.com\/es\/wp-json\/wp\/v2\/comments?post=5435"}],"version-history":[{"count":0,"href":"https:\/\/eriecohealthohio.com\/es\/wp-json\/wp\/v2\/pages\/5435\/revisions"}],"up":[{"embeddable":true,"href":"https:\/\/eriecohealthohio.com\/es\/wp-json\/wp\/v2\/pages\/5346"}],"wp:attachment":[{"href":"https:\/\/eriecohealthohio.com\/es\/wp-json\/wp\/v2\/media?parent=5435"}],"curies":[{"name":"wp","href":"https:\/\/api.w.org\/{rel}","templated":true}]}}