{"id":5431,"date":"2022-07-16T12:53:07","date_gmt":"2022-07-16T12:53:07","guid":{"rendered":"https:\/\/eriecohealthohio.com\/?page_id=5431"},"modified":"2024-12-17T10:56:22","modified_gmt":"2024-12-17T14:56:22","slug":"piscinas-spas","status":"publish","type":"page","link":"https:\/\/eriecohealthohio.com\/es\/beaches-pools-campgrounds\/pools-spas\/","title":{"rendered":"PISCINAS Y SPAS"},"content":{"rendered":"<div data-elementor-type=\"wp-page\" data-elementor-id=\"5431\" class=\"elementor elementor-5431\" data-elementor-post-type=\"page\">\n\t\t\t\t\t\t<section data-particle_enable=\"false\" data-particle-mobile-disabled=\"false\" class=\"elementor-section elementor-top-section elementor-element elementor-element-4024d7a9 elementor-section-boxed elementor-section-height-default elementor-section-height-default\" data-id=\"4024d7a9\" data-element_type=\"section\" data-e-type=\"section\">\n\t\t\t\t\t\t<div class=\"elementor-container elementor-column-gap-default\">\n\t\t\t\t\t<div class=\"elementor-column elementor-col-100 elementor-top-column elementor-element elementor-element-503a56d1\" data-id=\"503a56d1\" data-element_type=\"column\" data-e-type=\"column\">\n\t\t\t<div class=\"elementor-widget-wrap elementor-element-populated\">\n\t\t\t\t\t\t<div class=\"elementor-element elementor-element-13a70857 elementor-widget elementor-widget-image\" data-id=\"13a70857\" data-element_type=\"widget\" data-e-type=\"widget\" data-widget_type=\"image.default\">\n\t\t\t\t<div class=\"elementor-widget-container\">\n\t\t\t\t\t\t\t\t\t\t\t\t\t\t\t\t<a href=\"https:\/\/eriecohealthohio.com\/es\/playas-piscinas-campings\/\">\n\t\t\t\t\t\t\t<img fetchpriority=\"high\" decoding=\"async\" width=\"1600\" height=\"600\" src=\"https:\/\/eriecohealthohio.com\/wp-content\/uploads\/2023\/09\/Beaches-Pools-and-Campgrounds-Banner.png\" class=\"attachment-full size-full wp-image-5349\" alt=\"Banner de playas, piscinas y campings\" srcset=\"https:\/\/eriecohealthohio.com\/wp-content\/uploads\/2023\/09\/Beaches-Pools-and-Campgrounds-Banner.png 1600w, https:\/\/eriecohealthohio.com\/wp-content\/uploads\/2023\/09\/Beaches-Pools-and-Campgrounds-Banner-300x113.png 300w, https:\/\/eriecohealthohio.com\/wp-content\/uploads\/2023\/09\/Beaches-Pools-and-Campgrounds-Banner-1024x384.png 1024w, https:\/\/eriecohealthohio.com\/wp-content\/uploads\/2023\/09\/Beaches-Pools-and-Campgrounds-Banner-768x288.png 768w, https:\/\/eriecohealthohio.com\/wp-content\/uploads\/2023\/09\/Beaches-Pools-and-Campgrounds-Banner-1536x576.png 1536w, https:\/\/eriecohealthohio.com\/wp-content\/uploads\/2023\/09\/Beaches-Pools-and-Campgrounds-Banner-18x7.png 18w\" sizes=\"(max-width: 1600px) 100vw, 1600px\" \/>\t\t\t\t\t\t\t\t<\/a>\n\t\t\t\t\t\t\t\t\t\t\t\t\t\t\t<\/div>\n\t\t\t\t<\/div>\n\t\t\t\t\t<\/div>\n\t\t<\/div>\n\t\t\t\t\t<\/div>\n\t\t<\/section>\n\t\t\t\t<section data-particle_enable=\"false\" data-particle-mobile-disabled=\"false\" class=\"elementor-section elementor-top-section elementor-element elementor-element-4a556565 elementor-section-boxed elementor-section-height-default elementor-section-height-default\" data-id=\"4a556565\" data-element_type=\"section\" data-e-type=\"section\">\n\t\t\t\t\t\t<div class=\"elementor-container elementor-column-gap-default\">\n\t\t\t\t\t<div class=\"elementor-column elementor-col-25 elementor-top-column elementor-element elementor-element-70b5e4fb\" data-id=\"70b5e4fb\" data-element_type=\"column\" data-e-type=\"column\">\n\t\t\t<div class=\"elementor-widget-wrap elementor-element-populated\">\n\t\t\t\t\t\t<div class=\"elementor-element elementor-element-9348ca elementor-align-center elementor-widget elementor-widget-button\" data-id=\"9348ca\" data-element_type=\"widget\" data-e-type=\"widget\" data-widget_type=\"button.default\">\n\t\t\t\t<div class=\"elementor-widget-container\">\n\t\t\t\t\t\t\t\t\t<div class=\"elementor-button-wrapper\">\n\t\t\t\t\t<a class=\"elementor-button elementor-button-link elementor-size-lg\" href=\"https:\/\/eriecohealthohio.com\/es\/playas-piscinas-campings\/piscinas-spas\/\">\n\t\t\t\t\t\t<span class=\"elementor-button-content-wrapper\">\n\t\t\t\t\t\t\t\t\t<span class=\"elementor-button-text\">PISCINAS Y SPAS<\/span>\n\t\t\t\t\t<\/span>\n\t\t\t\t\t<\/a>\n\t\t\t\t<\/div>\n\t\t\t\t\t\t\t\t<\/div>\n\t\t\t\t<\/div>\n\t\t\t\t\t<\/div>\n\t\t<\/div>\n\t\t\t\t<div class=\"elementor-column elementor-col-25 elementor-top-column elementor-element elementor-element-289d9ff0\" data-id=\"289d9ff0\" data-element_type=\"column\" data-e-type=\"column\">\n\t\t\t<div class=\"elementor-widget-wrap elementor-element-populated\">\n\t\t\t\t\t\t<div class=\"elementor-element elementor-element-1eeb47bc elementor-align-center elementor-widget elementor-widget-button\" data-id=\"1eeb47bc\" data-element_type=\"widget\" data-e-type=\"widget\" data-widget_type=\"button.default\">\n\t\t\t\t<div class=\"elementor-widget-container\">\n\t\t\t\t\t\t\t\t\t<div class=\"elementor-button-wrapper\">\n\t\t\t\t\t<a class=\"elementor-button elementor-button-link elementor-size-lg\" href=\"https:\/\/eriecohealthohio.com\/es\/playas-piscinas-campings\/playas\/\">\n\t\t\t\t\t\t<span class=\"elementor-button-content-wrapper\">\n\t\t\t\t\t\t\t\t\t<span class=\"elementor-button-text\">PLAYAS<\/span>\n\t\t\t\t\t<\/span>\n\t\t\t\t\t<\/a>\n\t\t\t\t<\/div>\n\t\t\t\t\t\t\t\t<\/div>\n\t\t\t\t<\/div>\n\t\t\t\t\t<\/div>\n\t\t<\/div>\n\t\t\t\t<div class=\"elementor-column elementor-col-25 elementor-top-column elementor-element elementor-element-75bc1cb\" data-id=\"75bc1cb\" data-element_type=\"column\" data-e-type=\"column\">\n\t\t\t<div class=\"elementor-widget-wrap elementor-element-populated\">\n\t\t\t\t\t\t<div class=\"elementor-element elementor-element-3113c0fe elementor-align-center elementor-widget elementor-widget-button\" data-id=\"3113c0fe\" data-element_type=\"widget\" data-e-type=\"widget\" data-widget_type=\"button.default\">\n\t\t\t\t<div class=\"elementor-widget-container\">\n\t\t\t\t\t\t\t\t\t<div class=\"elementor-button-wrapper\">\n\t\t\t\t\t<a class=\"elementor-button elementor-button-link elementor-size-lg\" href=\"https:\/\/eriecohealthohio.com\/es\/playas-piscinas-campings\/campings-rvs-campamentos-residentes\/\">\n\t\t\t\t\t\t<span class=\"elementor-button-content-wrapper\">\n\t\t\t\t\t\t\t\t\t<span class=\"elementor-button-text\">CAMPING<\/span>\n\t\t\t\t\t<\/span>\n\t\t\t\t\t<\/a>\n\t\t\t\t<\/div>\n\t\t\t\t\t\t\t\t<\/div>\n\t\t\t\t<\/div>\n\t\t\t\t\t<\/div>\n\t\t<\/div>\n\t\t\t\t<div class=\"elementor-column elementor-col-25 elementor-top-column elementor-element elementor-element-b8b4891\" data-id=\"b8b4891\" data-element_type=\"column\" data-e-type=\"column\">\n\t\t\t<div class=\"elementor-widget-wrap elementor-element-populated\">\n\t\t\t\t\t\t<div class=\"elementor-element elementor-element-34b1c1a3 elementor-align-center elementor-widget elementor-widget-button\" data-id=\"34b1c1a3\" data-element_type=\"widget\" data-e-type=\"widget\" data-widget_type=\"button.default\">\n\t\t\t\t<div class=\"elementor-widget-container\">\n\t\t\t\t\t\t\t\t\t<div class=\"elementor-button-wrapper\">\n\t\t\t\t\t<a class=\"elementor-button elementor-button-link elementor-size-lg\" href=\"https:\/\/eriecohealthohio.com\/es\/playas-piscinas-campings-contacto\/\">\n\t\t\t\t\t\t<span class=\"elementor-button-content-wrapper\">\n\t\t\t\t\t\t\t\t\t<span class=\"elementor-button-text\">CONTACTO<\/span>\n\t\t\t\t\t<\/span>\n\t\t\t\t\t<\/a>\n\t\t\t\t<\/div>\n\t\t\t\t\t\t\t\t<\/div>\n\t\t\t\t<\/div>\n\t\t\t\t\t<\/div>\n\t\t<\/div>\n\t\t\t\t\t<\/div>\n\t\t<\/section>\n\t\t\t\t<section data-particle_enable=\"false\" data-particle-mobile-disabled=\"false\" class=\"elementor-section elementor-top-section elementor-element elementor-element-1a5742cc elementor-section-boxed elementor-section-height-default elementor-section-height-default\" data-id=\"1a5742cc\" data-element_type=\"section\" data-e-type=\"section\">\n\t\t\t\t\t\t<div class=\"elementor-container elementor-column-gap-default\">\n\t\t\t\t\t<div class=\"elementor-column elementor-col-100 elementor-top-column elementor-element elementor-element-6ef465aa\" data-id=\"6ef465aa\" data-element_type=\"column\" data-e-type=\"column\">\n\t\t\t<div class=\"elementor-widget-wrap elementor-element-populated\">\n\t\t\t\t\t\t<div class=\"elementor-element elementor-element-133d92fc elementor-widget elementor-widget-text-editor\" data-id=\"133d92fc\" data-element_type=\"widget\" data-e-type=\"widget\" data-widget_type=\"text-editor.default\">\n\t\t\t\t<div class=\"elementor-widget-container\">\n\t\t\t\t\t\t\t\t\t<h4>PLAYAS, PISCINAS Y SPAS - PISCINAS Y SPAS<\/h4>\t\t\t\t\t\t\t\t<\/div>\n\t\t\t\t<\/div>\n\t\t\t\t\t<\/div>\n\t\t<\/div>\n\t\t\t\t\t<\/div>\n\t\t<\/section>\n\t\t\t\t<section data-particle_enable=\"false\" data-particle-mobile-disabled=\"false\" class=\"elementor-section elementor-top-section elementor-element elementor-element-31e1534 elementor-section-boxed elementor-section-height-default elementor-section-height-default\" data-id=\"31e1534\" data-element_type=\"section\" data-e-type=\"section\">\n\t\t\t\t\t\t<div class=\"elementor-container elementor-column-gap-default\">\n\t\t\t\t\t<div class=\"elementor-column elementor-col-100 elementor-top-column elementor-element elementor-element-10faf91\" data-id=\"10faf91\" data-element_type=\"column\" data-e-type=\"column\">\n\t\t\t<div class=\"elementor-widget-wrap elementor-element-populated\">\n\t\t\t\t\t\t<div class=\"elementor-element elementor-element-e30bdfd elementor-align-left elementor-widget elementor-widget-button\" data-id=\"e30bdfd\" data-element_type=\"widget\" data-e-type=\"widget\" data-widget_type=\"button.default\">\n\t\t\t\t<div class=\"elementor-widget-container\">\n\t\t\t\t\t\t\t\t\t<div class=\"elementor-button-wrapper\">\n\t\t\t\t\t<a class=\"elementor-button elementor-button-link elementor-size-md\" href=\"https:\/\/www.cognitoforms.com\/ErieCountyHealthDepartment\/publicswimmingpoolorspacomplaintform\" target=\"_blank\">\n\t\t\t\t\t\t<span class=\"elementor-button-content-wrapper\">\n\t\t\t\t\t\t\t\t\t<span class=\"elementor-button-text\">Piscina p\u00fablica <br \/>o Formulario de reclamaci\u00f3n<\/span>\n\t\t\t\t\t<\/span>\n\t\t\t\t\t<\/a>\n\t\t\t\t<\/div>\n\t\t\t\t\t\t\t\t<\/div>\n\t\t\t\t<\/div>\n\t\t\t\t\t<\/div>\n\t\t<\/div>\n\t\t\t\t\t<\/div>\n\t\t<\/section>\n\t\t\t\t<section data-particle_enable=\"false\" data-particle-mobile-disabled=\"false\" class=\"elementor-section elementor-top-section elementor-element elementor-element-5c077382 elementor-section-boxed elementor-section-height-default elementor-section-height-default\" data-id=\"5c077382\" data-element_type=\"section\" data-e-type=\"section\">\n\t\t\t\t\t\t<div class=\"elementor-container elementor-column-gap-default\">\n\t\t\t\t\t<div class=\"elementor-column elementor-col-66 elementor-top-column elementor-element elementor-element-75ef5858\" data-id=\"75ef5858\" data-element_type=\"column\" data-e-type=\"column\">\n\t\t\t<div class=\"elementor-widget-wrap elementor-element-populated\">\n\t\t\t\t\t\t<div class=\"elementor-element elementor-element-5ab1d746 elementor-widget elementor-widget-text-editor\" data-id=\"5ab1d746\" data-element_type=\"widget\" data-e-type=\"widget\" data-widget_type=\"text-editor.default\">\n\t\t\t\t<div class=\"elementor-widget-container\">\n\t\t\t\t\t\t\t\t\t<p>El Departamento de Salud del Condado de Erie se encarga de inspeccionar cerca de 150 piscinas y spas en todo el condado. Una vez que se concede la licencia a una instalaci\u00f3n, los especialistas en salud ambiental realizan pruebas de la qu\u00edmica del agua y verifican el equipo cada a\u00f1o para garantizar que se pueda nadar con seguridad.<\/p><p>Para obtener consejos sobre el funcionamiento de piscinas y spas residenciales, visite <a href=\"https:\/\/www.cdc.gov\/healthy-swimming\/?CDC_AAref_Val=https:\/\/www.cdc.gov\/healthywater\/swimming\/residential\/index.html\" target=\"_blank\" rel=\"noopener\">CDC Nataci\u00f3n saludable<\/a>.\u00a0<\/p><p>Para solicitar informaci\u00f3n sobre una piscina o spa concretos, utilice nuestra p\u00e1gina de contacto para enviar una solicitud formal de registros. Aseg\u00farese de incluir el nombre y la direcci\u00f3n de la instalaci\u00f3n y el periodo para el que desea los registros.<\/p><h5>RECURSOS PARA OPERADORES<\/h5><p>Para llevar un registro uniforme, el <a href=\"https:\/\/eriecohealthohio.com\/wp-content\/uploads\/2022\/07\/WeeklyOperationReport_HEA_5219_part_A_11_3_11.pdf\" target=\"_blank\" rel=\"noopener\">Informe semanal de funcionamiento e incidencias de la piscina<\/a> debe utilizarse para hacer un seguimiento de la qu\u00edmica del agua, el mantenimiento y las pruebas del equipo, as\u00ed como de cualquier incidente que requiera el cierre de la piscina. Los incidentes que impliquen lesiones deben notificarse directamente al estado a trav\u00e9s de su <a href=\"https:\/\/redcap.link\/publicpoolincidentform\" target=\"_blank\" rel=\"noopener\">formulario en l\u00ednea.<\/a><\/p><p>La revisi\u00f3n del plan para nuevas construcciones debe realizarse a trav\u00e9s del Departamento de Salud de Ohio con <a href=\"https:\/\/odh.ohio.gov\/know-our-programs\/public-swimming-pools\/forms\/plan-review-pool-application-HEA5215\" target=\"_blank\" rel=\"noopener\">la solicitud se encuentra aqu\u00ed<\/a> mientras que las renovaciones requieren un '<a href=\"https:\/\/odh.ohio.gov\/know-our-programs\/public-swimming-pools\/forms\/equipment-replace-notify-HEA5234\" target=\"_blank\" rel=\"noopener\">Aviso de sustituci\u00f3n de equipos<\/a>'.<\/p><p>Encontrar\u00e1 m\u00e1s informaci\u00f3n, incluidos enlaces a las leyes y normas que rigen los programas de inspecci\u00f3n de piscinas, en <a href=\"https:\/\/odh.ohio.gov\/know-our-programs\/public-swimming-pools\/welcome\" target=\"_blank\" rel=\"noopener\">Departamento de Salud de Ohio - Piscinas p\u00fablicas<\/a>.\u00a0<\/p>\t\t\t\t\t\t\t\t<\/div>\n\t\t\t\t<\/div>\n\t\t\t\t\t<\/div>\n\t\t<\/div>\n\t\t\t\t<div class=\"elementor-column elementor-col-33 elementor-top-column elementor-element elementor-element-22a5e56\" data-id=\"22a5e56\" data-element_type=\"column\" data-e-type=\"column\">\n\t\t\t<div class=\"elementor-widget-wrap elementor-element-populated\">\n\t\t\t\t\t\t<div class=\"elementor-element elementor-element-153b0982 elementor-widget elementor-widget-text-editor\" data-id=\"153b0982\" data-element_type=\"widget\" data-e-type=\"widget\" data-no-translation=\"\" data-widget_type=\"text-editor.default\">\n\t\t\t\t<div class=\"elementor-widget-container\">\n\t\t\t\t\t<style>.elementor-element-153b0982{display:none !important}<\/style>\t\t\t\t<\/div>\n\t\t\t\t<\/div>\n\t\t\t\t\t<\/div>\n\t\t<\/div>\n\t\t\t\t\t<\/div>\n\t\t<\/section>\n\t\t\t\t<\/div>","protected":false},"excerpt":{"rendered":"<p>POOLS &#038; SPAS BEACHES CAMPGROUNDS CONTACT BEACHES, POOLS &amp; SPAS &#8211; POOLS &amp; SPAS Public Swimming Pool or Spa Complaint Form The Erie County Health Department is responsible for inspecting nearly 150 pools and spas throughout the county. Once a facility is licensed, the Environmental Health Specialists perform water chemistry testing and verification of equipment [&hellip;]<\/p>\n","protected":false},"author":1,"featured_media":0,"parent":5346,"menu_order":0,"comment_status":"closed","ping_status":"closed","template":"","meta":{"footnotes":"","_links_to":"","_links_to_target":""},"class_list":["post-5431","page","type-page","status-publish","hentry"],"_links":{"self":[{"href":"https:\/\/eriecohealthohio.com\/es\/wp-json\/wp\/v2\/pages\/5431","targetHints":{"allow":["GET"]}}],"collection":[{"href":"https:\/\/eriecohealthohio.com\/es\/wp-json\/wp\/v2\/pages"}],"about":[{"href":"https:\/\/eriecohealthohio.com\/es\/wp-json\/wp\/v2\/types\/page"}],"author":[{"embeddable":true,"href":"https:\/\/eriecohealthohio.com\/es\/wp-json\/wp\/v2\/users\/1"}],"replies":[{"embeddable":true,"href":"https:\/\/eriecohealthohio.com\/es\/wp-json\/wp\/v2\/comments?post=5431"}],"version-history":[{"count":0,"href":"https:\/\/eriecohealthohio.com\/es\/wp-json\/wp\/v2\/pages\/5431\/revisions"}],"up":[{"embeddable":true,"href":"https:\/\/eriecohealthohio.com\/es\/wp-json\/wp\/v2\/pages\/5346"}],"wp:attachment":[{"href":"https:\/\/eriecohealthohio.com\/es\/wp-json\/wp\/v2\/media?parent=5431"}],"curies":[{"name":"wp","href":"https:\/\/api.w.org\/{rel}","templated":true}]}}