{"id":5374,"date":"2022-07-16T12:18:29","date_gmt":"2022-07-16T12:18:29","guid":{"rendered":"https:\/\/eriecohealthohio.com\/?page_id=5374"},"modified":"2026-04-17T08:52:50","modified_gmt":"2026-04-17T12:52:50","slug":"recursos-para-el-tratamiento-de-aguas-residuales","status":"publish","type":"page","link":"https:\/\/eriecohealthohio.com\/es\/sewage-treatment\/sewage-treatment-resources\/","title":{"rendered":"RECURSOS"},"content":{"rendered":"<div data-elementor-type=\"wp-page\" data-elementor-id=\"5374\" class=\"elementor elementor-5374\" data-elementor-post-type=\"page\">\n\t\t\t\t\t\t<section data-particle_enable=\"false\" data-particle-mobile-disabled=\"false\" class=\"elementor-section elementor-top-section elementor-element elementor-element-101b723e elementor-section-boxed elementor-section-height-default elementor-section-height-default\" data-id=\"101b723e\" data-element_type=\"section\" data-e-type=\"section\">\n\t\t\t\t\t\t<div class=\"elementor-container elementor-column-gap-default\">\n\t\t\t\t\t<div class=\"elementor-column elementor-col-100 elementor-top-column elementor-element elementor-element-203b386a\" data-id=\"203b386a\" data-element_type=\"column\" data-e-type=\"column\">\n\t\t\t<div class=\"elementor-widget-wrap elementor-element-populated\">\n\t\t\t\t\t\t<div class=\"elementor-element elementor-element-3e2ad870 elementor-widget elementor-widget-image\" data-id=\"3e2ad870\" data-element_type=\"widget\" data-e-type=\"widget\" data-widget_type=\"image.default\">\n\t\t\t\t<div class=\"elementor-widget-container\">\n\t\t\t\t\t\t\t\t\t\t\t\t\t\t\t\t<a href=\"https:\/\/eriecohealthohio.com\/es\/tratamiento-de-aguas-residuales\/\">\n\t\t\t\t\t\t\t<img fetchpriority=\"high\" decoding=\"async\" width=\"1600\" height=\"600\" src=\"https:\/\/eriecohealthohio.com\/wp-content\/uploads\/2023\/09\/Sewage-Treatment-Banner-Spanish.png\" class=\"attachment-full size-full wp-image-7819\" alt=\"Alcantarillado Cabecera de p\u00e1gina\" srcset=\"https:\/\/eriecohealthohio.com\/wp-content\/uploads\/2023\/09\/Sewage-Treatment-Banner-Spanish.png 1600w, https:\/\/eriecohealthohio.com\/wp-content\/uploads\/2023\/09\/Sewage-Treatment-Banner-Spanish-300x113.png 300w, https:\/\/eriecohealthohio.com\/wp-content\/uploads\/2023\/09\/Sewage-Treatment-Banner-Spanish-1024x384.png 1024w, https:\/\/eriecohealthohio.com\/wp-content\/uploads\/2023\/09\/Sewage-Treatment-Banner-Spanish-768x288.png 768w, https:\/\/eriecohealthohio.com\/wp-content\/uploads\/2023\/09\/Sewage-Treatment-Banner-Spanish-1536x576.png 1536w, https:\/\/eriecohealthohio.com\/wp-content\/uploads\/2023\/09\/Sewage-Treatment-Banner-Spanish-18x7.png 18w\" sizes=\"(max-width: 1600px) 100vw, 1600px\" \/>\t\t\t\t\t\t\t\t<\/a>\n\t\t\t\t\t\t\t\t\t\t\t\t\t\t\t<\/div>\n\t\t\t\t<\/div>\n\t\t\t\t\t<\/div>\n\t\t<\/div>\n\t\t\t\t\t<\/div>\n\t\t<\/section>\n\t\t\t\t<section data-particle_enable=\"false\" data-particle-mobile-disabled=\"false\" class=\"elementor-section elementor-top-section elementor-element elementor-element-1ba35e3 elementor-section-boxed elementor-section-height-default elementor-section-height-default\" data-id=\"1ba35e3\" data-element_type=\"section\" data-e-type=\"section\">\n\t\t\t\t\t\t<div class=\"elementor-container elementor-column-gap-default\">\n\t\t\t\t\t<div class=\"elementor-column elementor-col-16 elementor-top-column elementor-element elementor-element-b2d87f1\" data-id=\"b2d87f1\" data-element_type=\"column\" data-e-type=\"column\">\n\t\t\t<div class=\"elementor-widget-wrap elementor-element-populated\">\n\t\t\t\t\t\t<div class=\"elementor-element elementor-element-6afe2b8 elementor-align-center elementor-widget elementor-widget-button\" data-id=\"6afe2b8\" data-element_type=\"widget\" data-e-type=\"widget\" data-widget_type=\"button.default\">\n\t\t\t\t<div class=\"elementor-widget-container\">\n\t\t\t\t\t\t\t\t\t<div class=\"elementor-button-wrapper\">\n\t\t\t\t\t<a class=\"elementor-button elementor-button-link elementor-size-lg\" href=\"https:\/\/eriecohealthohio.com\/es\/tratamiento-de-aguas-residuales\/formularios-de-tratamiento-de-aguas-residuales\/\">\n\t\t\t\t\t\t<span class=\"elementor-button-content-wrapper\">\n\t\t\t\t\t\t\t\t\t<span class=\"elementor-button-text\">FORMULARIOS<\/span>\n\t\t\t\t\t<\/span>\n\t\t\t\t\t<\/a>\n\t\t\t\t<\/div>\n\t\t\t\t\t\t\t\t<\/div>\n\t\t\t\t<\/div>\n\t\t\t\t\t<\/div>\n\t\t<\/div>\n\t\t\t\t<div class=\"elementor-column elementor-col-16 elementor-top-column elementor-element elementor-element-95ea9a9\" data-id=\"95ea9a9\" data-element_type=\"column\" data-e-type=\"column\">\n\t\t\t<div class=\"elementor-widget-wrap elementor-element-populated\">\n\t\t\t\t\t\t<div class=\"elementor-element elementor-element-64a8cd3 elementor-align-center elementor-widget elementor-widget-button\" data-id=\"64a8cd3\" data-element_type=\"widget\" data-e-type=\"widget\" data-widget_type=\"button.default\">\n\t\t\t\t<div class=\"elementor-widget-container\">\n\t\t\t\t\t\t\t\t\t<div class=\"elementor-button-wrapper\">\n\t\t\t\t\t<a class=\"elementor-button elementor-button-link elementor-size-lg\" href=\"https:\/\/eriecohealthohio.com\/es\/tratamiento-de-aguas-residuales\/recursos-para-el-tratamiento-de-aguas-residuales\/\">\n\t\t\t\t\t\t<span class=\"elementor-button-content-wrapper\">\n\t\t\t\t\t\t\t\t\t<span class=\"elementor-button-text\">RECURSOS<\/span>\n\t\t\t\t\t<\/span>\n\t\t\t\t\t<\/a>\n\t\t\t\t<\/div>\n\t\t\t\t\t\t\t\t<\/div>\n\t\t\t\t<\/div>\n\t\t\t\t\t<\/div>\n\t\t<\/div>\n\t\t\t\t<div class=\"elementor-column elementor-col-16 elementor-top-column elementor-element elementor-element-f1b8520\" data-id=\"f1b8520\" data-element_type=\"column\" data-e-type=\"column\">\n\t\t\t<div class=\"elementor-widget-wrap elementor-element-populated\">\n\t\t\t\t\t\t<div class=\"elementor-element elementor-element-6da181f elementor-align-center elementor-widget elementor-widget-button\" data-id=\"6da181f\" data-element_type=\"widget\" data-e-type=\"widget\" data-widget_type=\"button.default\">\n\t\t\t\t<div class=\"elementor-widget-container\">\n\t\t\t\t\t\t\t\t\t<div class=\"elementor-button-wrapper\">\n\t\t\t\t\t<a class=\"elementor-button elementor-button-link elementor-size-lg\" href=\"https:\/\/eriecohealthohio.com\/es\/tratamiento-de-aguas-residuales\/lista-de-contratistas-de-tratamiento-de-aguas-residuales\/\">\n\t\t\t\t\t\t<span class=\"elementor-button-content-wrapper\">\n\t\t\t\t\t\t\t\t\t<span class=\"elementor-button-text\">CONTRATISTAS<\/span>\n\t\t\t\t\t<\/span>\n\t\t\t\t\t<\/a>\n\t\t\t\t<\/div>\n\t\t\t\t\t\t\t\t<\/div>\n\t\t\t\t<\/div>\n\t\t\t\t\t<\/div>\n\t\t<\/div>\n\t\t\t\t<div class=\"elementor-column elementor-col-16 elementor-top-column elementor-element elementor-element-25eebd7\" data-id=\"25eebd7\" data-element_type=\"column\" data-e-type=\"column\">\n\t\t\t<div class=\"elementor-widget-wrap elementor-element-populated\">\n\t\t\t\t\t\t<div class=\"elementor-element elementor-element-35b450f elementor-align-center elementor-widget elementor-widget-button\" data-id=\"35b450f\" data-element_type=\"widget\" data-e-type=\"widget\" data-widget_type=\"button.default\">\n\t\t\t\t<div class=\"elementor-widget-container\">\n\t\t\t\t\t\t\t\t\t<div class=\"elementor-button-wrapper\">\n\t\t\t\t\t<a class=\"elementor-button elementor-button-link elementor-size-lg\" href=\"https:\/\/eriecohealthohio.com\/es\/tratamiento-de-aguas-residuales\/tratamiento-de-aguas-residuales-solicitar-una-inspeccion-inmobiliaria\/\">\n\t\t\t\t\t\t<span class=\"elementor-button-content-wrapper\">\n\t\t\t\t\t\t\t\t\t<span class=\"elementor-button-text\">INSPECCI\u00d3N<\/span>\n\t\t\t\t\t<\/span>\n\t\t\t\t\t<\/a>\n\t\t\t\t<\/div>\n\t\t\t\t\t\t\t\t<\/div>\n\t\t\t\t<\/div>\n\t\t\t\t\t<\/div>\n\t\t<\/div>\n\t\t\t\t<div class=\"elementor-column elementor-col-16 elementor-top-column elementor-element elementor-element-aaadad7\" data-id=\"aaadad7\" data-element_type=\"column\" data-e-type=\"column\">\n\t\t\t<div class=\"elementor-widget-wrap elementor-element-populated\">\n\t\t\t\t\t\t<div class=\"elementor-element elementor-element-140f8d1 elementor-align-center elementor-widget elementor-widget-button\" data-id=\"140f8d1\" data-element_type=\"widget\" data-e-type=\"widget\" data-widget_type=\"button.default\">\n\t\t\t\t<div class=\"elementor-widget-container\">\n\t\t\t\t\t\t\t\t\t<div class=\"elementor-button-wrapper\">\n\t\t\t\t\t<a class=\"elementor-button elementor-button-link elementor-size-lg\" href=\"https:\/\/www.cognitoforms.com\/ErieCountyHealthDepartment\/sewagecomplaintform\" target=\"_blank\">\n\t\t\t\t\t\t<span class=\"elementor-button-content-wrapper\">\n\t\t\t\t\t\t\t\t\t<span class=\"elementor-button-text\">QUEJA <br \/> FORMULARIO<\/span>\n\t\t\t\t\t<\/span>\n\t\t\t\t\t<\/a>\n\t\t\t\t<\/div>\n\t\t\t\t\t\t\t\t<\/div>\n\t\t\t\t<\/div>\n\t\t\t\t\t<\/div>\n\t\t<\/div>\n\t\t\t\t<div class=\"elementor-column elementor-col-16 elementor-top-column elementor-element elementor-element-fa3af48\" data-id=\"fa3af48\" data-element_type=\"column\" data-e-type=\"column\">\n\t\t\t<div class=\"elementor-widget-wrap elementor-element-populated\">\n\t\t\t\t\t\t<div class=\"elementor-element elementor-element-d9f98a6 elementor-align-center elementor-widget elementor-widget-button\" data-id=\"d9f98a6\" data-element_type=\"widget\" data-e-type=\"widget\" data-widget_type=\"button.default\">\n\t\t\t\t<div class=\"elementor-widget-container\">\n\t\t\t\t\t\t\t\t\t<div class=\"elementor-button-wrapper\">\n\t\t\t\t\t<a class=\"elementor-button elementor-button-link elementor-size-lg\" href=\"https:\/\/eriecohealthohio.com\/es\/tratamiento-de-aguas-residuales\/tratamiento-de-aguas-residuales-contacto\/\">\n\t\t\t\t\t\t<span class=\"elementor-button-content-wrapper\">\n\t\t\t\t\t\t\t\t\t<span class=\"elementor-button-text\">CONTACTO<\/span>\n\t\t\t\t\t<\/span>\n\t\t\t\t\t<\/a>\n\t\t\t\t<\/div>\n\t\t\t\t\t\t\t\t<\/div>\n\t\t\t\t<\/div>\n\t\t\t\t\t<\/div>\n\t\t<\/div>\n\t\t\t\t\t<\/div>\n\t\t<\/section>\n\t\t\t\t<section data-particle_enable=\"false\" data-particle-mobile-disabled=\"false\" class=\"elementor-section elementor-top-section elementor-element elementor-element-3900e53b elementor-section-boxed elementor-section-height-default elementor-section-height-default\" data-id=\"3900e53b\" data-element_type=\"section\" data-e-type=\"section\">\n\t\t\t\t\t\t<div class=\"elementor-container elementor-column-gap-default\">\n\t\t\t\t\t<div class=\"elementor-column elementor-col-100 elementor-top-column elementor-element elementor-element-7a673ebd\" data-id=\"7a673ebd\" data-element_type=\"column\" data-e-type=\"column\">\n\t\t\t<div class=\"elementor-widget-wrap elementor-element-populated\">\n\t\t\t\t\t\t<div class=\"elementor-element elementor-element-16a22aa6 elementor-widget elementor-widget-text-editor\" data-id=\"16a22aa6\" data-element_type=\"widget\" data-e-type=\"widget\" data-widget_type=\"text-editor.default\">\n\t\t\t\t<div class=\"elementor-widget-container\">\n\t\t\t\t\t\t\t\t\t<h4>TRATAMIENTO DE AGUAS RESIDUALES -RECURSOS - ALCANTARILLADO NUEVO\/SUSTITUCI\u00d3N DE ALCANTARILLADO<\/h4><p><a href=\"https:\/\/eriecohealthohio.com\/wp-content\/uploads\/2025\/11\/ODH-Sewage-Rules.pdf\" target=\"_blank\" rel=\"noopener\">Normas sobre aguas residuales de la ODH<\/a><\/p><div><h5>REQUISITOS DE LOS PLANOS DE EVALUACI\u00d3N DEL EMPLAZAMIENTO Y DEL SUELO Y REQUISITOS DE PRESENTACI\u00d3N DE LOS PLANOS DE DISPOSICI\u00d3N:<\/h5><p><a href=\"https:\/\/odh.ohio.gov\/know-our-programs\/sewage-treatment-systems\/info-soil-scientists-designers\" target=\"_blank\" rel=\"noopener\">Requisitos de los planos del emplazamiento y del suelo<\/a><\/p><p><a href=\"https:\/\/odh.ohio.gov\/wps\/portal\/gov\/odh\/know-our-programs\/sewage-treatment-systems\/information-for-homeowners\/soils-designs-and-site-drainage\" target=\"_blank\" rel=\"noopener noreferrer\">Dise\u00f1adores y requisitos de dise\u00f1o<\/a><\/p><\/div><h5>SUBVENCI\u00d3N DISPONIBLE PARA LOS RESIDENTES DEL CONDADO DE ERIE Y DE LA CIUDAD DE VERMILION PARA SUSTITUIR\/REPARAR SU SISTEMA DE TRATAMIENTO DE AGUAS RESIDUALES DOM\u00c9STICO:<\/h5><h5><a href=\"https:\/\/eriecohealthohio.com\/wp-content\/uploads\/2026\/04\/Erie-Co-2026-HSTS-Information.pdf\" target=\"_blank\" rel=\"noopener\">Informaci\u00f3n sobre subvenciones para sistemas de tratamiento de aguas residuales dom\u00e9sticas en 2026<\/a><\/h5><h5><a href=\"https:\/\/eriecohealthohio.com\/wp-content\/uploads\/2026\/04\/Erie-Co-2026-HSTS-application.pdf\" target=\"_blank\" rel=\"noopener\">Solicitud de subvenci\u00f3n para la sustituci\u00f3n o reparaci\u00f3n de sistemas dom\u00e9sticos de tratamiento de aguas residuales (2026)<\/a><\/h5><h5>ENLACES PARA TRANSPORTISTAS, INSTALADORES, PROVEEDORES DE SERVICIOS Y EDAF\u00d3LOGOS:\u00a0 <a href=\"https:\/\/eriecohealthohio.com\/es\/tratamiento-de-aguas-residuales\/lista-de-contratistas-de-tratamiento-de-aguas-residuales\/\">Haga clic aqu\u00ed<\/a><\/h5><div>Para consultar la lista de edaf\u00f3logos, visite la lista de consultores de la <a href=\"https:\/\/www.ohiopedologist.org\/consultant-list.html\" target=\"_blank\" rel=\"noopener noreferrer\">Asociaci\u00f3n de Ped\u00f3logos de Ohio<\/a>\u00a0o buscar en\u00a0<a href=\"https:\/\/www.soils.org\/certifications\/professional-search\" target=\"_blank\" rel=\"noopener noreferrer\">Sociedad de Ciencias del Suelo de Am\u00e9rica (SSSA)\u00a0<\/a>Sitio web con una lista de edaf\u00f3logos.<\/div>\t\t\t\t\t\t\t\t<\/div>\n\t\t\t\t<\/div>\n\t\t\t\t\t<\/div>\n\t\t<\/div>\n\t\t\t\t\t<\/div>\n\t\t<\/section>\n\t\t\t\t<\/div>","protected":false},"excerpt":{"rendered":"<p>FORMS RESOURCES CONTRACTORS INSPECTION COMPLAINT FORM CONTACT SEWAGE TREATMENT -RESOURCES &#8211; NEW SEWAGE\/REPLACEMENT SEWAGE SYSTEM ODH Sewage Rules SITE AND SOIL EVALUATION DRAWING REQUIREMENTS AND LAYOUT PLAN SUBMITTAL REQUIREMENTS: Site and Soil Drawing Requirements Designers and Design Requirements AVAILABLE GRANT MONEY TO ERIE COUNTY AND VERMILION CITY RESIDENTS TO REPLACE\/REPAIR YOUR HOUSEHOLD SEWAGE TREATMENT SYSTEM: [&hellip;]<\/p>\n","protected":false},"author":1,"featured_media":0,"parent":5357,"menu_order":0,"comment_status":"closed","ping_status":"closed","template":"","meta":{"footnotes":"","_links_to":"","_links_to_target":""},"class_list":["post-5374","page","type-page","status-publish","hentry"],"_links":{"self":[{"href":"https:\/\/eriecohealthohio.com\/es\/wp-json\/wp\/v2\/pages\/5374","targetHints":{"allow":["GET"]}}],"collection":[{"href":"https:\/\/eriecohealthohio.com\/es\/wp-json\/wp\/v2\/pages"}],"about":[{"href":"https:\/\/eriecohealthohio.com\/es\/wp-json\/wp\/v2\/types\/page"}],"author":[{"embeddable":true,"href":"https:\/\/eriecohealthohio.com\/es\/wp-json\/wp\/v2\/users\/1"}],"replies":[{"embeddable":true,"href":"https:\/\/eriecohealthohio.com\/es\/wp-json\/wp\/v2\/comments?post=5374"}],"version-history":[{"count":0,"href":"https:\/\/eriecohealthohio.com\/es\/wp-json\/wp\/v2\/pages\/5374\/revisions"}],"up":[{"embeddable":true,"href":"https:\/\/eriecohealthohio.com\/es\/wp-json\/wp\/v2\/pages\/5357"}],"wp:attachment":[{"href":"https:\/\/eriecohealthohio.com\/es\/wp-json\/wp\/v2\/media?parent=5374"}],"curies":[{"name":"wp","href":"https:\/\/api.w.org\/{rel}","templated":true}]}}