{"id":5357,"date":"2022-07-16T12:12:27","date_gmt":"2022-07-16T12:12:27","guid":{"rendered":"https:\/\/eriecohealthohio.com\/?page_id=5357"},"modified":"2024-12-17T11:24:20","modified_gmt":"2024-12-17T15:24:20","slug":"tratamiento-de-aguas-residuales","status":"publish","type":"page","link":"https:\/\/eriecohealthohio.com\/es\/sewage-treatment\/","title":{"rendered":"TRATAMIENTO DE AGUAS RESIDUALES"},"content":{"rendered":"<div data-elementor-type=\"wp-page\" data-elementor-id=\"5357\" class=\"elementor elementor-5357\" data-elementor-post-type=\"page\">\n\t\t\t\t\t\t<section data-particle_enable=\"false\" data-particle-mobile-disabled=\"false\" class=\"elementor-section elementor-top-section elementor-element elementor-element-6779f67a elementor-section-boxed elementor-section-height-default elementor-section-height-default\" data-id=\"6779f67a\" data-element_type=\"section\" data-e-type=\"section\">\n\t\t\t\t\t\t<div class=\"elementor-container elementor-column-gap-default\">\n\t\t\t\t\t<div class=\"elementor-column elementor-col-100 elementor-top-column elementor-element elementor-element-42fec8ad\" data-id=\"42fec8ad\" data-element_type=\"column\" data-e-type=\"column\">\n\t\t\t<div class=\"elementor-widget-wrap elementor-element-populated\">\n\t\t\t\t\t\t<div class=\"elementor-element elementor-element-73c46487 elementor-widget elementor-widget-image\" data-id=\"73c46487\" data-element_type=\"widget\" data-e-type=\"widget\" data-widget_type=\"image.default\">\n\t\t\t\t<div class=\"elementor-widget-container\">\n\t\t\t\t\t\t\t\t\t\t\t\t\t\t\t\t<a href=\"https:\/\/eriecohealthohio.com\/es\/tratamiento-de-aguas-residuales\/\">\n\t\t\t\t\t\t\t<img fetchpriority=\"high\" decoding=\"async\" width=\"1600\" height=\"600\" src=\"https:\/\/eriecohealthohio.com\/wp-content\/uploads\/2023\/09\/Sewage-Treatment-Banner-Spanish.png\" class=\"attachment-full size-full wp-image-7819\" alt=\"Alcantarillado Cabecera de p\u00e1gina\" srcset=\"https:\/\/eriecohealthohio.com\/wp-content\/uploads\/2023\/09\/Sewage-Treatment-Banner-Spanish.png 1600w, https:\/\/eriecohealthohio.com\/wp-content\/uploads\/2023\/09\/Sewage-Treatment-Banner-Spanish-300x113.png 300w, https:\/\/eriecohealthohio.com\/wp-content\/uploads\/2023\/09\/Sewage-Treatment-Banner-Spanish-1024x384.png 1024w, https:\/\/eriecohealthohio.com\/wp-content\/uploads\/2023\/09\/Sewage-Treatment-Banner-Spanish-768x288.png 768w, https:\/\/eriecohealthohio.com\/wp-content\/uploads\/2023\/09\/Sewage-Treatment-Banner-Spanish-1536x576.png 1536w, https:\/\/eriecohealthohio.com\/wp-content\/uploads\/2023\/09\/Sewage-Treatment-Banner-Spanish-18x7.png 18w\" sizes=\"(max-width: 1600px) 100vw, 1600px\" \/>\t\t\t\t\t\t\t\t<\/a>\n\t\t\t\t\t\t\t\t\t\t\t\t\t\t\t<\/div>\n\t\t\t\t<\/div>\n\t\t\t\t\t<\/div>\n\t\t<\/div>\n\t\t\t\t\t<\/div>\n\t\t<\/section>\n\t\t\t\t<section data-particle_enable=\"false\" data-particle-mobile-disabled=\"false\" class=\"elementor-section elementor-top-section elementor-element elementor-element-3c54be4 elementor-section-boxed elementor-section-height-default elementor-section-height-default\" data-id=\"3c54be4\" data-element_type=\"section\" data-e-type=\"section\">\n\t\t\t\t\t\t<div class=\"elementor-container elementor-column-gap-default\">\n\t\t\t\t\t<div class=\"elementor-column elementor-col-16 elementor-top-column elementor-element elementor-element-da1eea4\" data-id=\"da1eea4\" data-element_type=\"column\" data-e-type=\"column\">\n\t\t\t<div class=\"elementor-widget-wrap elementor-element-populated\">\n\t\t\t\t\t\t<div class=\"elementor-element elementor-element-944f8f4 elementor-align-center elementor-widget elementor-widget-button\" data-id=\"944f8f4\" data-element_type=\"widget\" data-e-type=\"widget\" data-widget_type=\"button.default\">\n\t\t\t\t<div class=\"elementor-widget-container\">\n\t\t\t\t\t\t\t\t\t<div class=\"elementor-button-wrapper\">\n\t\t\t\t\t<a class=\"elementor-button elementor-button-link elementor-size-lg\" href=\"https:\/\/eriecohealthohio.com\/es\/tratamiento-de-aguas-residuales\/formularios-de-tratamiento-de-aguas-residuales\/\">\n\t\t\t\t\t\t<span class=\"elementor-button-content-wrapper\">\n\t\t\t\t\t\t\t\t\t<span class=\"elementor-button-text\">FORMULARIOS<\/span>\n\t\t\t\t\t<\/span>\n\t\t\t\t\t<\/a>\n\t\t\t\t<\/div>\n\t\t\t\t\t\t\t\t<\/div>\n\t\t\t\t<\/div>\n\t\t\t\t\t<\/div>\n\t\t<\/div>\n\t\t\t\t<div class=\"elementor-column elementor-col-16 elementor-top-column elementor-element elementor-element-488ee8c\" data-id=\"488ee8c\" data-element_type=\"column\" data-e-type=\"column\">\n\t\t\t<div class=\"elementor-widget-wrap elementor-element-populated\">\n\t\t\t\t\t\t<div class=\"elementor-element elementor-element-8575b9e elementor-align-center elementor-widget elementor-widget-button\" data-id=\"8575b9e\" data-element_type=\"widget\" data-e-type=\"widget\" data-widget_type=\"button.default\">\n\t\t\t\t<div class=\"elementor-widget-container\">\n\t\t\t\t\t\t\t\t\t<div class=\"elementor-button-wrapper\">\n\t\t\t\t\t<a class=\"elementor-button elementor-button-link elementor-size-lg\" href=\"https:\/\/eriecohealthohio.com\/es\/tratamiento-de-aguas-residuales\/recursos-para-el-tratamiento-de-aguas-residuales\/\">\n\t\t\t\t\t\t<span class=\"elementor-button-content-wrapper\">\n\t\t\t\t\t\t\t\t\t<span class=\"elementor-button-text\">RECURSOS<\/span>\n\t\t\t\t\t<\/span>\n\t\t\t\t\t<\/a>\n\t\t\t\t<\/div>\n\t\t\t\t\t\t\t\t<\/div>\n\t\t\t\t<\/div>\n\t\t\t\t\t<\/div>\n\t\t<\/div>\n\t\t\t\t<div class=\"elementor-column elementor-col-16 elementor-top-column elementor-element elementor-element-fd60671\" data-id=\"fd60671\" data-element_type=\"column\" data-e-type=\"column\">\n\t\t\t<div class=\"elementor-widget-wrap elementor-element-populated\">\n\t\t\t\t\t\t<div class=\"elementor-element elementor-element-6ee42bd elementor-align-center elementor-widget elementor-widget-button\" data-id=\"6ee42bd\" data-element_type=\"widget\" data-e-type=\"widget\" data-widget_type=\"button.default\">\n\t\t\t\t<div class=\"elementor-widget-container\">\n\t\t\t\t\t\t\t\t\t<div class=\"elementor-button-wrapper\">\n\t\t\t\t\t<a class=\"elementor-button elementor-button-link elementor-size-lg\" href=\"https:\/\/eriecohealthohio.com\/es\/tratamiento-de-aguas-residuales\/lista-de-contratistas-de-tratamiento-de-aguas-residuales\/\">\n\t\t\t\t\t\t<span class=\"elementor-button-content-wrapper\">\n\t\t\t\t\t\t\t\t\t<span class=\"elementor-button-text\">CONTRATISTAS<\/span>\n\t\t\t\t\t<\/span>\n\t\t\t\t\t<\/a>\n\t\t\t\t<\/div>\n\t\t\t\t\t\t\t\t<\/div>\n\t\t\t\t<\/div>\n\t\t\t\t\t<\/div>\n\t\t<\/div>\n\t\t\t\t<div class=\"elementor-column elementor-col-16 elementor-top-column elementor-element elementor-element-1187c18\" data-id=\"1187c18\" data-element_type=\"column\" data-e-type=\"column\">\n\t\t\t<div class=\"elementor-widget-wrap elementor-element-populated\">\n\t\t\t\t\t\t<div class=\"elementor-element elementor-element-a106bcf elementor-align-center elementor-widget elementor-widget-button\" data-id=\"a106bcf\" data-element_type=\"widget\" data-e-type=\"widget\" data-widget_type=\"button.default\">\n\t\t\t\t<div class=\"elementor-widget-container\">\n\t\t\t\t\t\t\t\t\t<div class=\"elementor-button-wrapper\">\n\t\t\t\t\t<a class=\"elementor-button elementor-button-link elementor-size-lg\" href=\"https:\/\/eriecohealthohio.com\/es\/tratamiento-de-aguas-residuales\/tratamiento-de-aguas-residuales-solicitar-una-inspeccion-inmobiliaria\/\">\n\t\t\t\t\t\t<span class=\"elementor-button-content-wrapper\">\n\t\t\t\t\t\t\t\t\t<span class=\"elementor-button-text\">INSPECCI\u00d3N<\/span>\n\t\t\t\t\t<\/span>\n\t\t\t\t\t<\/a>\n\t\t\t\t<\/div>\n\t\t\t\t\t\t\t\t<\/div>\n\t\t\t\t<\/div>\n\t\t\t\t\t<\/div>\n\t\t<\/div>\n\t\t\t\t<div class=\"elementor-column elementor-col-16 elementor-top-column elementor-element elementor-element-25afc86\" data-id=\"25afc86\" data-element_type=\"column\" data-e-type=\"column\">\n\t\t\t<div class=\"elementor-widget-wrap elementor-element-populated\">\n\t\t\t\t\t\t<div class=\"elementor-element elementor-element-27e8b8c elementor-align-center elementor-widget elementor-widget-button\" data-id=\"27e8b8c\" data-element_type=\"widget\" data-e-type=\"widget\" data-widget_type=\"button.default\">\n\t\t\t\t<div class=\"elementor-widget-container\">\n\t\t\t\t\t\t\t\t\t<div class=\"elementor-button-wrapper\">\n\t\t\t\t\t<a class=\"elementor-button elementor-button-link elementor-size-lg\" href=\"https:\/\/www.cognitoforms.com\/ErieCountyHealthDepartment\/sewagecomplaintform\" target=\"_blank\">\n\t\t\t\t\t\t<span class=\"elementor-button-content-wrapper\">\n\t\t\t\t\t\t\t\t\t<span class=\"elementor-button-text\">QUEJA <br \/> FORMULARIO<\/span>\n\t\t\t\t\t<\/span>\n\t\t\t\t\t<\/a>\n\t\t\t\t<\/div>\n\t\t\t\t\t\t\t\t<\/div>\n\t\t\t\t<\/div>\n\t\t\t\t\t<\/div>\n\t\t<\/div>\n\t\t\t\t<div class=\"elementor-column elementor-col-16 elementor-top-column elementor-element elementor-element-913c743\" data-id=\"913c743\" data-element_type=\"column\" data-e-type=\"column\">\n\t\t\t<div class=\"elementor-widget-wrap elementor-element-populated\">\n\t\t\t\t\t\t<div class=\"elementor-element elementor-element-3d0c04e elementor-align-center elementor-widget elementor-widget-button\" data-id=\"3d0c04e\" data-element_type=\"widget\" data-e-type=\"widget\" data-widget_type=\"button.default\">\n\t\t\t\t<div class=\"elementor-widget-container\">\n\t\t\t\t\t\t\t\t\t<div class=\"elementor-button-wrapper\">\n\t\t\t\t\t<a class=\"elementor-button elementor-button-link elementor-size-lg\" href=\"https:\/\/eriecohealthohio.com\/es\/tratamiento-de-aguas-residuales\/tratamiento-de-aguas-residuales-contacto\/\">\n\t\t\t\t\t\t<span class=\"elementor-button-content-wrapper\">\n\t\t\t\t\t\t\t\t\t<span class=\"elementor-button-text\">CONTACTO<\/span>\n\t\t\t\t\t<\/span>\n\t\t\t\t\t<\/a>\n\t\t\t\t<\/div>\n\t\t\t\t\t\t\t\t<\/div>\n\t\t\t\t<\/div>\n\t\t\t\t\t<\/div>\n\t\t<\/div>\n\t\t\t\t\t<\/div>\n\t\t<\/section>\n\t\t\t\t<section data-particle_enable=\"false\" data-particle-mobile-disabled=\"false\" class=\"elementor-section elementor-top-section elementor-element elementor-element-21a80e38 elementor-section-boxed elementor-section-height-default elementor-section-height-default\" data-id=\"21a80e38\" data-element_type=\"section\" data-e-type=\"section\">\n\t\t\t\t\t\t<div class=\"elementor-container elementor-column-gap-default\">\n\t\t\t\t\t<div class=\"elementor-column elementor-col-100 elementor-top-column elementor-element elementor-element-be28fdf\" data-id=\"be28fdf\" data-element_type=\"column\" data-e-type=\"column\">\n\t\t\t<div class=\"elementor-widget-wrap elementor-element-populated\">\n\t\t\t\t\t\t<div class=\"elementor-element elementor-element-7d6b2d05 elementor-widget elementor-widget-text-editor\" data-id=\"7d6b2d05\" data-element_type=\"widget\" data-e-type=\"widget\" data-widget_type=\"text-editor.default\">\n\t\t\t\t<div class=\"elementor-widget-container\">\n\t\t\t\t\t\t\t\t\t<h4>TRATAMIENTO DE AGUAS RESIDUALES<\/h4><p><img decoding=\"async\" class=\"alignright wp-image-5642 size-medium\" src=\"https:\/\/eriecohealthohio.com\/wp-content\/uploads\/2022\/07\/sewage-trench-Pic.-2jpg-300x300.jpg\" alt=\"zanja de alcantarillado Pic\" width=\"300\" height=\"300\" srcset=\"https:\/\/eriecohealthohio.com\/wp-content\/uploads\/2022\/07\/sewage-trench-Pic.-2jpg-300x300.jpg 300w, https:\/\/eriecohealthohio.com\/wp-content\/uploads\/2022\/07\/sewage-trench-Pic.-2jpg-150x150.jpg 150w, https:\/\/eriecohealthohio.com\/wp-content\/uploads\/2022\/07\/sewage-trench-Pic.-2jpg.jpg 500w\" sizes=\"(max-width: 300px) 100vw, 300px\" \/>El objetivo del programa de tratamiento de aguas residuales dom\u00e9sticas es evitar la propagaci\u00f3n de enfermedades y la contaminaci\u00f3n de las aguas subterr\u00e1neas por el posible contacto con aguas residuales no tratadas o parcialmente tratadas. Para ello, la divisi\u00f3n de medio ambiente supervisa la preparaci\u00f3n del terreno, el dise\u00f1o, la instalaci\u00f3n, la reparaci\u00f3n y la sustituci\u00f3n de los sistemas de tratamiento de aguas residuales dom\u00e9sticas.<\/p><p>Los Especialistas Registrados en Salud Ambiental (REHS) son responsables de realizar la revisi\u00f3n del sitio y aprobar un plan de dise\u00f1o de un sistema de tratamiento de aguas residuales dom\u00e9stico (HSTS) AKA sistema s\u00e9ptico. El dise\u00f1o del sistema se basa en el tipo de suelo y el consumo de agua previsto de la vivienda.  El consumo de agua se basa en el n\u00famero de dormitorios.  El tipo y el tama\u00f1o del sistema se basan en el consumo de agua y la calidad del suelo.<\/p><h5>PROGRAMA DE ALCANTARILLADO SEMIP\u00daBLICO (PEQUE\u00d1O CAUDAL\/HB110)<\/h5><p>El Departamento de Salud del Condado de Erie (ECHD) ha firmado un contrato con la EPA de Ohio para llevar a cabo inspecciones rutinarias de funcionamiento y mantenimiento de todos los sistemas de alcantarillado semip\u00fablicos del condado en los que no se dispone de alcantarillado sanitario. Un sistema semip\u00fablico se define como \"Sistema de eliminaci\u00f3n semip\u00fablico\" significa un sistema de eliminaci\u00f3n que trata las aguas residuales sanitarias descargadas de edificios de propiedad p\u00fablica o privada o lugares de reuni\u00f3n, entretenimiento, recreaci\u00f3n, educaci\u00f3n, correcci\u00f3n, hospitalizaci\u00f3n, vivienda o empleo, pero no incluye un sistema de eliminaci\u00f3n que trata las aguas residuales en cantidades de m\u00e1s de veinticinco mil galones por d\u00eda. Este lenguaje est\u00e1 incluido en el C\u00f3digo Revisado de Ohio 3709.085. El ECHD expedir\u00e1 un permiso anual y realizar\u00e1 inspecciones semestrales de estas instalaciones.<\/p><p>Si tiene preguntas sobre el tratamiento de aguas residuales, p\u00f3ngase en contacto con el\u00a0<strong>Divisi\u00f3n de Salud Medioambiental<\/strong>\u00a0en\u00a0<strong>419-626-5623 ext. 5115<\/strong>.<\/p>\t\t\t\t\t\t\t\t<\/div>\n\t\t\t\t<\/div>\n\t\t\t\t\t<\/div>\n\t\t<\/div>\n\t\t\t\t\t<\/div>\n\t\t<\/section>\n\t\t\t\t<\/div>","protected":false},"excerpt":{"rendered":"<p>FORMS RESOURCES CONTRACTORS INSPECTION COMPLAINT FORM CONTACT SEWAGE TREATMENT The goal of the home sewage treatment program is to prevent the spread of disease and contamination of groundwater through potential contact with untreated or partially treated wastewater. In order to do this, the environmental division oversees the site preparation, design, installation, repair and replacement of [&hellip;]<\/p>\n","protected":false},"author":1,"featured_media":0,"parent":0,"menu_order":0,"comment_status":"closed","ping_status":"closed","template":"","meta":{"footnotes":"","_links_to":"","_links_to_target":""},"class_list":["post-5357","page","type-page","status-publish","hentry"],"_links":{"self":[{"href":"https:\/\/eriecohealthohio.com\/es\/wp-json\/wp\/v2\/pages\/5357","targetHints":{"allow":["GET"]}}],"collection":[{"href":"https:\/\/eriecohealthohio.com\/es\/wp-json\/wp\/v2\/pages"}],"about":[{"href":"https:\/\/eriecohealthohio.com\/es\/wp-json\/wp\/v2\/types\/page"}],"author":[{"embeddable":true,"href":"https:\/\/eriecohealthohio.com\/es\/wp-json\/wp\/v2\/users\/1"}],"replies":[{"embeddable":true,"href":"https:\/\/eriecohealthohio.com\/es\/wp-json\/wp\/v2\/comments?post=5357"}],"version-history":[{"count":0,"href":"https:\/\/eriecohealthohio.com\/es\/wp-json\/wp\/v2\/pages\/5357\/revisions"}],"wp:attachment":[{"href":"https:\/\/eriecohealthohio.com\/es\/wp-json\/wp\/v2\/media?parent=5357"}],"curies":[{"name":"wp","href":"https:\/\/api.w.org\/{rel}","templated":true}]}}