{"id":5007,"date":"2022-07-15T14:04:09","date_gmt":"2022-07-15T14:04:09","guid":{"rendered":"https:\/\/eriecohealthohio.com\/?page_id=5007"},"modified":"2024-12-17T14:56:56","modified_gmt":"2024-12-17T18:56:56","slug":"respuesta-regional-laboratorio-del-agua","status":"publish","type":"page","link":"https:\/\/eriecohealthohio.com\/es\/regional-response-water-laboratory\/","title":{"rendered":"RESPUESTA REGIONAL LABORATORIO DEL AGUA"},"content":{"rendered":"<div data-elementor-type=\"wp-page\" data-elementor-id=\"5007\" class=\"elementor elementor-5007\" data-elementor-post-type=\"page\">\n\t\t\t\t\t\t<section data-particle_enable=\"false\" data-particle-mobile-disabled=\"false\" class=\"elementor-section elementor-top-section elementor-element elementor-element-15c395bf elementor-section-boxed elementor-section-height-default elementor-section-height-default\" data-id=\"15c395bf\" data-element_type=\"section\" data-e-type=\"section\">\n\t\t\t\t\t\t<div class=\"elementor-container elementor-column-gap-default\">\n\t\t\t\t\t<div class=\"elementor-column elementor-col-100 elementor-top-column elementor-element elementor-element-58b85ff3\" data-id=\"58b85ff3\" data-element_type=\"column\" data-e-type=\"column\">\n\t\t\t<div class=\"elementor-widget-wrap elementor-element-populated\">\n\t\t\t\t\t\t<div class=\"elementor-element elementor-element-6123d126 elementor-widget elementor-widget-image\" data-id=\"6123d126\" data-element_type=\"widget\" data-e-type=\"widget\" data-widget_type=\"image.default\">\n\t\t\t\t<div class=\"elementor-widget-container\">\n\t\t\t\t\t\t\t\t\t\t\t\t\t\t\t\t<a href=\"https:\/\/eriecohealthohio.com\/es\/respuesta-regional-laboratorio-del-agua\/\">\n\t\t\t\t\t\t\t<img fetchpriority=\"high\" decoding=\"async\" width=\"1600\" height=\"600\" src=\"https:\/\/eriecohealthohio.com\/wp-content\/uploads\/2023\/09\/water-lab-spanish.png\" class=\"attachment-full size-full wp-image-5219\" alt=\"laboratorio de agua p\u00e1gina encabezado 2 pic\" srcset=\"https:\/\/eriecohealthohio.com\/wp-content\/uploads\/2023\/09\/water-lab-spanish.png 1600w, https:\/\/eriecohealthohio.com\/wp-content\/uploads\/2023\/09\/water-lab-spanish-300x113.png 300w, https:\/\/eriecohealthohio.com\/wp-content\/uploads\/2023\/09\/water-lab-spanish-1024x384.png 1024w, https:\/\/eriecohealthohio.com\/wp-content\/uploads\/2023\/09\/water-lab-spanish-768x288.png 768w, https:\/\/eriecohealthohio.com\/wp-content\/uploads\/2023\/09\/water-lab-spanish-1536x576.png 1536w, https:\/\/eriecohealthohio.com\/wp-content\/uploads\/2023\/09\/water-lab-spanish-18x7.png 18w\" sizes=\"(max-width: 1600px) 100vw, 1600px\" \/>\t\t\t\t\t\t\t\t<\/a>\n\t\t\t\t\t\t\t\t\t\t\t\t\t\t\t<\/div>\n\t\t\t\t<\/div>\n\t\t\t\t\t<\/div>\n\t\t<\/div>\n\t\t\t\t\t<\/div>\n\t\t<\/section>\n\t\t\t\t<section data-particle_enable=\"false\" data-particle-mobile-disabled=\"false\" class=\"elementor-section elementor-top-section elementor-element elementor-element-86b9e6f elementor-section-boxed elementor-section-height-default elementor-section-height-default\" data-id=\"86b9e6f\" data-element_type=\"section\" data-e-type=\"section\">\n\t\t\t\t\t\t<div class=\"elementor-container elementor-column-gap-default\">\n\t\t\t\t\t<div class=\"elementor-column elementor-col-33 elementor-top-column elementor-element elementor-element-7d482d2a\" data-id=\"7d482d2a\" data-element_type=\"column\" data-e-type=\"column\">\n\t\t\t<div class=\"elementor-widget-wrap elementor-element-populated\">\n\t\t\t\t\t\t<div class=\"elementor-element elementor-element-76e791e9 elementor-align-center elementor-widget elementor-widget-button\" data-id=\"76e791e9\" data-element_type=\"widget\" data-e-type=\"widget\" data-widget_type=\"button.default\">\n\t\t\t\t<div class=\"elementor-widget-container\">\n\t\t\t\t\t\t\t\t\t<div class=\"elementor-button-wrapper\">\n\t\t\t\t\t<a class=\"elementor-button elementor-button-link elementor-size-lg\" href=\"https:\/\/eriecohealthohio.com\/es\/respuesta-regional-laboratorio-del-agua\/respuesta-regional-laboratorio-de-agua-potable\/\">\n\t\t\t\t\t\t<span class=\"elementor-button-content-wrapper\">\n\t\t\t\t\t\t\t\t\t<span class=\"elementor-button-text\">AGUA POTABLE<\/span>\n\t\t\t\t\t<\/span>\n\t\t\t\t\t<\/a>\n\t\t\t\t<\/div>\n\t\t\t\t\t\t\t\t<\/div>\n\t\t\t\t<\/div>\n\t\t\t\t\t<\/div>\n\t\t<\/div>\n\t\t\t\t<div class=\"elementor-column elementor-col-33 elementor-top-column elementor-element elementor-element-35752439\" data-id=\"35752439\" data-element_type=\"column\" data-e-type=\"column\">\n\t\t\t<div class=\"elementor-widget-wrap elementor-element-populated\">\n\t\t\t\t\t\t<div class=\"elementor-element elementor-element-7668902a elementor-align-center elementor-widget elementor-widget-button\" data-id=\"7668902a\" data-element_type=\"widget\" data-e-type=\"widget\" data-widget_type=\"button.default\">\n\t\t\t\t<div class=\"elementor-widget-container\">\n\t\t\t\t\t\t\t\t\t<div class=\"elementor-button-wrapper\">\n\t\t\t\t\t<a class=\"elementor-button elementor-button-link elementor-size-lg\" href=\"https:\/\/eriecohealthohio.com\/es\/respuesta-regional-laboratorio-del-agua\/respuesta-regional-laboratorio-del-agua-aguas-residuales\/\">\n\t\t\t\t\t\t<span class=\"elementor-button-content-wrapper\">\n\t\t\t\t\t\t\t\t\t<span class=\"elementor-button-text\">AGUAS RESIDUALES<\/span>\n\t\t\t\t\t<\/span>\n\t\t\t\t\t<\/a>\n\t\t\t\t<\/div>\n\t\t\t\t\t\t\t\t<\/div>\n\t\t\t\t<\/div>\n\t\t\t\t\t<\/div>\n\t\t<\/div>\n\t\t\t\t<div class=\"elementor-column elementor-col-33 elementor-top-column elementor-element elementor-element-18634876\" data-id=\"18634876\" data-element_type=\"column\" data-e-type=\"column\">\n\t\t\t<div class=\"elementor-widget-wrap elementor-element-populated\">\n\t\t\t\t\t\t<div class=\"elementor-element elementor-element-f8421c3 elementor-align-center elementor-widget elementor-widget-button\" data-id=\"f8421c3\" data-element_type=\"widget\" data-e-type=\"widget\" data-widget_type=\"button.default\">\n\t\t\t\t<div class=\"elementor-widget-container\">\n\t\t\t\t\t\t\t\t\t<div class=\"elementor-button-wrapper\">\n\t\t\t\t\t<a class=\"elementor-button elementor-button-link elementor-size-lg\" href=\"https:\/\/eriecohealthohio.com\/es\/respuesta-regional-laboratorio-del-agua\/floraciones-de-algas-nocivas\/\">\n\t\t\t\t\t\t<span class=\"elementor-button-content-wrapper\">\n\t\t\t\t\t\t\t\t\t<span class=\"elementor-button-text\">FLORES DE ALGAL<\/span>\n\t\t\t\t\t<\/span>\n\t\t\t\t\t<\/a>\n\t\t\t\t<\/div>\n\t\t\t\t\t\t\t\t<\/div>\n\t\t\t\t<\/div>\n\t\t\t\t\t<\/div>\n\t\t<\/div>\n\t\t\t\t\t<\/div>\n\t\t<\/section>\n\t\t\t\t<section data-particle_enable=\"false\" data-particle-mobile-disabled=\"false\" class=\"elementor-section elementor-top-section elementor-element elementor-element-757e559d elementor-section-boxed elementor-section-height-default elementor-section-height-default\" data-id=\"757e559d\" data-element_type=\"section\" data-e-type=\"section\">\n\t\t\t\t\t\t<div class=\"elementor-container elementor-column-gap-default\">\n\t\t\t\t\t<div class=\"elementor-column elementor-col-100 elementor-top-column elementor-element elementor-element-1c039d05\" data-id=\"1c039d05\" data-element_type=\"column\" data-e-type=\"column\">\n\t\t\t<div class=\"elementor-widget-wrap elementor-element-populated\">\n\t\t\t\t\t\t<div class=\"elementor-element elementor-element-217117df elementor-widget elementor-widget-text-editor\" data-id=\"217117df\" data-element_type=\"widget\" data-e-type=\"widget\" data-widget_type=\"text-editor.default\">\n\t\t\t\t<div class=\"elementor-widget-container\">\n\t\t\t\t\t\t\t\t\t<h4><img decoding=\"async\" class=\"alignright wp-image-5206 size-medium\" src=\"https:\/\/eriecohealthohio.com\/wp-content\/uploads\/2022\/07\/waterlabentrance-300x225.jpg\" alt=\"Foto de la entrada al laboratorio de aguas\" width=\"300\" height=\"225\" srcset=\"https:\/\/eriecohealthohio.com\/wp-content\/uploads\/2022\/07\/waterlabentrance-300x225.jpg 300w, https:\/\/eriecohealthohio.com\/wp-content\/uploads\/2022\/07\/waterlabentrance.jpg 382w\" sizes=\"(max-width: 300px) 100vw, 300px\" \/>RESPUESTA REGIONAL LABORATORIO DEL AGUA<\/h4><p>Desde nuestra creaci\u00f3n en enero de 2017, el Laboratorio de Respuesta Regional del Condado de Erie, ubicado en 420 Superior Street en Sandusky, ha sido capaz de proporcionar an\u00e1lisis biol\u00f3gicos y qu\u00edmicos a clientes locales y regionales.<\/p><p>Actualmente contamos con tres analistas certificados por la Agencia de Protecci\u00f3n del Medio Ambiente de Ohio para realizar pruebas de bacterias y toxinas microcistinas (floraci\u00f3n de algas nocivas) en fuentes de agua potable y recreativa. Seguimos siendo uno de los \u00fanicos laboratorios de la regi\u00f3n que acepta muestras de agua de fuentes de agua tanto p\u00fablicas como privadas.<\/p><table><tbody><tr><td width=\"312\"><p><strong>An\u00e1lisis de agua potable (privada y p\u00fablica)<\/strong><\/p><\/td><\/tr><tr><td width=\"312\"><p>- Coliformes totales (presencia\/ausencia)<\/p><p>- Agua privada Coliformes totales (NMP\/conteo)<\/p><p>- Toxina microcistina<\/p><\/td><\/tr><tr><td width=\"312\"><p>Por s\u00f3lo $90, uno de nuestros t\u00e9cnicos sanitarios registrados puede recoger una muestra para analizar su fuente de agua privada en busca de bacterias, incluida la E. coli.<\/p><\/td><\/tr><\/tbody><\/table><table><tbody><tr><td width=\"312\"><p><strong>Pruebas recreativas y de aguas residuales<\/strong><\/p><\/td><\/tr><tr><td width=\"312\"><p>- S\u00f3lidos en suspensi\u00f3n totales (SST)<\/p><p>- S\u00f3lidos disueltos totales (TDS)<\/p><p>- Demanda bioqu\u00edmica de ox\u00edgeno carbonada (CBOD)<\/p><p>- Ox\u00edgeno disuelto (OD)<\/p><p>- Amon\u00edaco (NH4)<\/p><p>- E. coli<\/p><p>- Cloro<\/p><p>- pH<\/p><\/td><\/tr><\/tbody><\/table><table><tbody><tr><td width=\"312\"><p><strong>Programa de vigilancia de playas de ba\u00f1o recreativas<\/strong><\/p><\/td><\/tr><tr><td width=\"312\"><p>ECHD supervisa los niveles bacterianos de 25 sitios de agua recreativa a trav\u00e9s de nuestra costa del lago Erie. Este muestreo se realiza de lunes a viernes desde el D\u00eda de los Ca\u00eddos hasta el D\u00eda del Trabajo. Los resultados de estas pruebas se publican diariamente en el sitio web del Departamento de Salud del Condado de Erie.<\/p><\/td><\/tr><\/tbody><\/table><p>Para m\u00e1s informaci\u00f3n, p\u00f3ngase en contacto con<\/p><p><strong>Jefe de laboratorio <\/strong><br \/><strong>Anne Wells<\/strong><br \/><strong>419-626-5623 ext. 5173<\/strong><br \/><strong><a href=\"mailto:awells@echdohio.org\">awells@echdohio.org<\/a><\/strong><\/p>\t\t\t\t\t\t\t\t<\/div>\n\t\t\t\t<\/div>\n\t\t\t\t\t<\/div>\n\t\t<\/div>\n\t\t\t\t\t<\/div>\n\t\t<\/section>\n\t\t\t\t<\/div>","protected":false},"excerpt":{"rendered":"<p>DRINKING WATER WASTEWATER ALGAL BLOOMS REGIONAL RESPONSE WATER LABORATORY Since our inception in January 2017, the Erie County Regional Response Laboratory located at 420 Superior Street in Sandusky, has been able to provide biological and chemical analysis to local and regional customers. We currently have three analysts certified by the Ohio Environmental Protection Agency to [&hellip;]<\/p>\n","protected":false},"author":1,"featured_media":0,"parent":0,"menu_order":0,"comment_status":"closed","ping_status":"closed","template":"","meta":{"footnotes":"","_links_to":"","_links_to_target":""},"class_list":["post-5007","page","type-page","status-publish","hentry"],"_links":{"self":[{"href":"https:\/\/eriecohealthohio.com\/es\/wp-json\/wp\/v2\/pages\/5007","targetHints":{"allow":["GET"]}}],"collection":[{"href":"https:\/\/eriecohealthohio.com\/es\/wp-json\/wp\/v2\/pages"}],"about":[{"href":"https:\/\/eriecohealthohio.com\/es\/wp-json\/wp\/v2\/types\/page"}],"author":[{"embeddable":true,"href":"https:\/\/eriecohealthohio.com\/es\/wp-json\/wp\/v2\/users\/1"}],"replies":[{"embeddable":true,"href":"https:\/\/eriecohealthohio.com\/es\/wp-json\/wp\/v2\/comments?post=5007"}],"version-history":[{"count":0,"href":"https:\/\/eriecohealthohio.com\/es\/wp-json\/wp\/v2\/pages\/5007\/revisions"}],"wp:attachment":[{"href":"https:\/\/eriecohealthohio.com\/es\/wp-json\/wp\/v2\/media?parent=5007"}],"curies":[{"name":"wp","href":"https:\/\/api.w.org\/{rel}","templated":true}]}}