{"id":4688,"date":"2022-07-15T09:12:16","date_gmt":"2022-07-15T09:12:16","guid":{"rendered":"https:\/\/eriecohealthohio.com\/?page_id=4688"},"modified":"2024-12-17T10:52:41","modified_gmt":"2024-12-17T14:52:41","slug":"prevencion-de-la-rabia","status":"publish","type":"page","link":"https:\/\/eriecohealthohio.com\/es\/rabies-pest-control\/rabies-prevention\/","title":{"rendered":"PREVENCI\u00d3N DE LA RABIA"},"content":{"rendered":"<div data-elementor-type=\"wp-page\" data-elementor-id=\"4688\" class=\"elementor elementor-4688\" data-elementor-post-type=\"page\">\n\t\t\t\t\t\t<section data-particle_enable=\"false\" data-particle-mobile-disabled=\"false\" class=\"elementor-section elementor-top-section elementor-element elementor-element-c0729b7 elementor-section-boxed elementor-section-height-default elementor-section-height-default\" data-id=\"c0729b7\" data-element_type=\"section\" data-e-type=\"section\">\n\t\t\t\t\t\t<div class=\"elementor-container elementor-column-gap-default\">\n\t\t\t\t\t<div class=\"elementor-column elementor-col-100 elementor-top-column elementor-element elementor-element-63b3fd66\" data-id=\"63b3fd66\" data-element_type=\"column\" data-e-type=\"column\">\n\t\t\t<div class=\"elementor-widget-wrap elementor-element-populated\">\n\t\t\t\t\t\t<div class=\"elementor-element elementor-element-5128f5d0 elementor-widget elementor-widget-image\" data-id=\"5128f5d0\" data-element_type=\"widget\" data-e-type=\"widget\" data-no-translation=\"\" data-widget_type=\"image.default\">\n\t\t\t\t<div class=\"elementor-widget-container\">\n\t\t\t\t\t<style>.elementor-element-5128f5d0{display:none !important}<\/style>\t\t\t\t<\/div>\n\t\t\t\t<\/div>\n\t\t\t\t\t<\/div>\n\t\t<\/div>\n\t\t\t\t\t<\/div>\n\t\t<\/section>\n\t\t\t\t<section data-particle_enable=\"false\" data-particle-mobile-disabled=\"false\" class=\"elementor-section elementor-top-section elementor-element elementor-element-6c77971 elementor-section-boxed elementor-section-height-default elementor-section-height-default\" data-id=\"6c77971\" data-element_type=\"section\" data-e-type=\"section\">\n\t\t\t\t\t\t<div class=\"elementor-container elementor-column-gap-default\">\n\t\t\t\t\t<div class=\"elementor-column elementor-col-100 elementor-top-column elementor-element elementor-element-994a01c\" data-id=\"994a01c\" data-element_type=\"column\" data-e-type=\"column\">\n\t\t\t<div class=\"elementor-widget-wrap elementor-element-populated\">\n\t\t\t\t\t\t<div class=\"elementor-element elementor-element-c9a7bba elementor-widget elementor-widget-image\" data-id=\"c9a7bba\" data-element_type=\"widget\" data-e-type=\"widget\" data-no-translation=\"\" data-widget_type=\"image.default\">\n\t\t\t\t<div class=\"elementor-widget-container\">\n\t\t\t\t\t\t\t\t\t\t\t\t\t\t\t<img fetchpriority=\"high\" decoding=\"async\" width=\"1600\" height=\"600\" src=\"https:\/\/eriecohealthohio.com\/wp-content\/uploads\/2024\/08\/PEST-RABIES-SPANISH-BANNER.png\" class=\"attachment-full size-full wp-image-18973\" alt=\"PEST &amp; RABIES SPANISH BANNER\" srcset=\"https:\/\/eriecohealthohio.com\/wp-content\/uploads\/2024\/08\/PEST-RABIES-SPANISH-BANNER.png 1600w, https:\/\/eriecohealthohio.com\/wp-content\/uploads\/2024\/08\/PEST-RABIES-SPANISH-BANNER-300x113.png 300w, https:\/\/eriecohealthohio.com\/wp-content\/uploads\/2024\/08\/PEST-RABIES-SPANISH-BANNER-1024x384.png 1024w, https:\/\/eriecohealthohio.com\/wp-content\/uploads\/2024\/08\/PEST-RABIES-SPANISH-BANNER-768x288.png 768w, https:\/\/eriecohealthohio.com\/wp-content\/uploads\/2024\/08\/PEST-RABIES-SPANISH-BANNER-1536x576.png 1536w, https:\/\/eriecohealthohio.com\/wp-content\/uploads\/2024\/08\/PEST-RABIES-SPANISH-BANNER-18x7.png 18w\" sizes=\"(max-width: 1600px) 100vw, 1600px\" \/>\t\t\t\t\t\t\t\t\t\t\t\t\t\t\t<\/div>\n\t\t\t\t<\/div>\n\t\t\t\t\t<\/div>\n\t\t<\/div>\n\t\t\t\t\t<\/div>\n\t\t<\/section>\n\t\t\t\t<section data-particle_enable=\"false\" data-particle-mobile-disabled=\"false\" class=\"elementor-section elementor-top-section elementor-element elementor-element-197bb51f elementor-section-boxed elementor-section-height-default elementor-section-height-default\" data-id=\"197bb51f\" data-element_type=\"section\" data-e-type=\"section\">\n\t\t\t\t\t\t<div class=\"elementor-container elementor-column-gap-default\">\n\t\t\t\t\t<div class=\"elementor-column elementor-col-16 elementor-top-column elementor-element elementor-element-6f64d2dc\" data-id=\"6f64d2dc\" data-element_type=\"column\" data-e-type=\"column\">\n\t\t\t<div class=\"elementor-widget-wrap elementor-element-populated\">\n\t\t\t\t\t\t<div class=\"elementor-element elementor-element-5576dfeb elementor-align-center elementor-widget elementor-widget-button\" data-id=\"5576dfeb\" data-element_type=\"widget\" data-e-type=\"widget\" data-widget_type=\"button.default\">\n\t\t\t\t<div class=\"elementor-widget-container\">\n\t\t\t\t\t\t\t\t\t<div class=\"elementor-button-wrapper\">\n\t\t\t\t\t<a class=\"elementor-button elementor-button-link elementor-size-lg\" href=\"https:\/\/eriecohealthohio.com\/es\/control-de-plagas-de-la-rabia\/chinches\/\">\n\t\t\t\t\t\t<span class=\"elementor-button-content-wrapper\">\n\t\t\t\t\t\t\t\t\t<span class=\"elementor-button-text\">CHINCHES DE CAMA<\/span>\n\t\t\t\t\t<\/span>\n\t\t\t\t\t<\/a>\n\t\t\t\t<\/div>\n\t\t\t\t\t\t\t\t<\/div>\n\t\t\t\t<\/div>\n\t\t\t\t\t<\/div>\n\t\t<\/div>\n\t\t\t\t<div class=\"elementor-column elementor-col-16 elementor-top-column elementor-element elementor-element-2c655323\" data-id=\"2c655323\" data-element_type=\"column\" data-e-type=\"column\">\n\t\t\t<div class=\"elementor-widget-wrap elementor-element-populated\">\n\t\t\t\t\t\t<div class=\"elementor-element elementor-element-928db8d elementor-align-center elementor-widget elementor-widget-button\" data-id=\"928db8d\" data-element_type=\"widget\" data-e-type=\"widget\" data-widget_type=\"button.default\">\n\t\t\t\t<div class=\"elementor-widget-container\">\n\t\t\t\t\t\t\t\t\t<div class=\"elementor-button-wrapper\">\n\t\t\t\t\t<a class=\"elementor-button elementor-button-link elementor-size-lg\" href=\"https:\/\/eriecohealthohio.com\/es\/control-de-plagas-de-la-rabia\/piojos\/\">\n\t\t\t\t\t\t<span class=\"elementor-button-content-wrapper\">\n\t\t\t\t\t\t\t\t\t<span class=\"elementor-button-text\">PIOJOS DE LA CABEZA<\/span>\n\t\t\t\t\t<\/span>\n\t\t\t\t\t<\/a>\n\t\t\t\t<\/div>\n\t\t\t\t\t\t\t\t<\/div>\n\t\t\t\t<\/div>\n\t\t\t\t\t<\/div>\n\t\t<\/div>\n\t\t\t\t<div class=\"elementor-column elementor-col-16 elementor-top-column elementor-element elementor-element-67502918\" data-id=\"67502918\" data-element_type=\"column\" data-e-type=\"column\">\n\t\t\t<div class=\"elementor-widget-wrap elementor-element-populated\">\n\t\t\t\t\t\t<div class=\"elementor-element elementor-element-40744196 elementor-align-center elementor-widget elementor-widget-button\" data-id=\"40744196\" data-element_type=\"widget\" data-e-type=\"widget\" data-widget_type=\"button.default\">\n\t\t\t\t<div class=\"elementor-widget-container\">\n\t\t\t\t\t\t\t\t\t<div class=\"elementor-button-wrapper\">\n\t\t\t\t\t<a class=\"elementor-button elementor-button-link elementor-size-lg\" href=\"https:\/\/eriecohealthohio.com\/es\/control-de-plagas-de-la-rabia\/control-de-mosquitos\/\">\n\t\t\t\t\t\t<span class=\"elementor-button-content-wrapper\">\n\t\t\t\t\t\t\t\t\t<span class=\"elementor-button-text\">CONTROL DE MOSQUITOS<\/span>\n\t\t\t\t\t<\/span>\n\t\t\t\t\t<\/a>\n\t\t\t\t<\/div>\n\t\t\t\t\t\t\t\t<\/div>\n\t\t\t\t<\/div>\n\t\t\t\t\t<\/div>\n\t\t<\/div>\n\t\t\t\t<div class=\"elementor-column elementor-col-16 elementor-top-column elementor-element elementor-element-560f1b02\" data-id=\"560f1b02\" data-element_type=\"column\" data-e-type=\"column\">\n\t\t\t<div class=\"elementor-widget-wrap elementor-element-populated\">\n\t\t\t\t\t\t<div class=\"elementor-element elementor-element-24324d34 elementor-align-center elementor-widget elementor-widget-button\" data-id=\"24324d34\" data-element_type=\"widget\" data-e-type=\"widget\" data-widget_type=\"button.default\">\n\t\t\t\t<div class=\"elementor-widget-container\">\n\t\t\t\t\t\t\t\t\t<div class=\"elementor-button-wrapper\">\n\t\t\t\t\t<a class=\"elementor-button elementor-button-link elementor-size-lg\" href=\"https:\/\/eriecohealthohio.com\/es\/control-de-plagas-de-la-rabia\/prevencion-de-la-rabia\/\">\n\t\t\t\t\t\t<span class=\"elementor-button-content-wrapper\">\n\t\t\t\t\t\t\t\t\t<span class=\"elementor-button-text\">PREVENCI\u00d3N DE LA RABIA<\/span>\n\t\t\t\t\t<\/span>\n\t\t\t\t\t<\/a>\n\t\t\t\t<\/div>\n\t\t\t\t\t\t\t\t<\/div>\n\t\t\t\t<\/div>\n\t\t\t\t\t<\/div>\n\t\t<\/div>\n\t\t\t\t<div class=\"elementor-column elementor-col-16 elementor-top-column elementor-element elementor-element-6fb489b2\" data-id=\"6fb489b2\" data-element_type=\"column\" data-e-type=\"column\">\n\t\t\t<div class=\"elementor-widget-wrap elementor-element-populated\">\n\t\t\t\t\t\t<div class=\"elementor-element elementor-element-486a371e elementor-align-center elementor-widget elementor-widget-button\" data-id=\"486a371e\" data-element_type=\"widget\" data-e-type=\"widget\" data-widget_type=\"button.default\">\n\t\t\t\t<div class=\"elementor-widget-container\">\n\t\t\t\t\t\t\t\t\t<div class=\"elementor-button-wrapper\">\n\t\t\t\t\t<a class=\"elementor-button elementor-button-link elementor-size-lg\" href=\"https:\/\/eriecohealthohio.com\/es\/control-de-plagas-de-la-rabia\/control-de-roedores\/\">\n\t\t\t\t\t\t<span class=\"elementor-button-content-wrapper\">\n\t\t\t\t\t\t\t\t\t<span class=\"elementor-button-text\">CONTROL DE ROEDORES<\/span>\n\t\t\t\t\t<\/span>\n\t\t\t\t\t<\/a>\n\t\t\t\t<\/div>\n\t\t\t\t\t\t\t\t<\/div>\n\t\t\t\t<\/div>\n\t\t\t\t\t<\/div>\n\t\t<\/div>\n\t\t\t\t<div class=\"elementor-column elementor-col-16 elementor-top-column elementor-element elementor-element-67f848b2\" data-id=\"67f848b2\" data-element_type=\"column\" data-e-type=\"column\">\n\t\t\t<div class=\"elementor-widget-wrap elementor-element-populated\">\n\t\t\t\t\t\t<div class=\"elementor-element elementor-element-6dc28b09 elementor-align-center elementor-widget elementor-widget-button\" data-id=\"6dc28b09\" data-element_type=\"widget\" data-e-type=\"widget\" data-widget_type=\"button.default\">\n\t\t\t\t<div class=\"elementor-widget-container\">\n\t\t\t\t\t\t\t\t\t<div class=\"elementor-button-wrapper\">\n\t\t\t\t\t<a class=\"elementor-button elementor-button-link elementor-size-lg\" href=\"https:\/\/eriecohealthohio.com\/es\/control-de-plagas-de-la-rabia\/control-de-garrapatas\/\">\n\t\t\t\t\t\t<span class=\"elementor-button-content-wrapper\">\n\t\t\t\t\t\t\t\t\t<span class=\"elementor-button-text\">CONTROL DE GARRAPATAS<\/span>\n\t\t\t\t\t<\/span>\n\t\t\t\t\t<\/a>\n\t\t\t\t<\/div>\n\t\t\t\t\t\t\t\t<\/div>\n\t\t\t\t<\/div>\n\t\t\t\t\t<\/div>\n\t\t<\/div>\n\t\t\t\t\t<\/div>\n\t\t<\/section>\n\t\t\t\t<section data-particle_enable=\"false\" data-particle-mobile-disabled=\"false\" class=\"elementor-section elementor-top-section elementor-element elementor-element-38043322 elementor-section-boxed elementor-section-height-default elementor-section-height-default\" data-id=\"38043322\" data-element_type=\"section\" data-e-type=\"section\">\n\t\t\t\t\t\t<div class=\"elementor-container elementor-column-gap-default\">\n\t\t\t\t\t<div class=\"elementor-column elementor-col-100 elementor-top-column elementor-element elementor-element-7fc5ebb5\" data-id=\"7fc5ebb5\" data-element_type=\"column\" data-e-type=\"column\">\n\t\t\t<div class=\"elementor-widget-wrap elementor-element-populated\">\n\t\t\t\t\t\t<div class=\"elementor-element elementor-element-301fecfc elementor-widget elementor-widget-text-editor\" data-id=\"301fecfc\" data-element_type=\"widget\" data-e-type=\"widget\" data-widget_type=\"text-editor.default\">\n\t\t\t\t<div class=\"elementor-widget-container\">\n\t\t\t\t\t\t\t\t\t<h4>CONTROL DE PLAGAS Y RABIA - PREVENCI\u00d3N DE LA RABIA<\/h4>\t\t\t\t\t\t\t\t<\/div>\n\t\t\t\t<\/div>\n\t\t\t\t\t<\/div>\n\t\t<\/div>\n\t\t\t\t\t<\/div>\n\t\t<\/section>\n\t\t\t\t<section data-particle_enable=\"false\" data-particle-mobile-disabled=\"false\" class=\"elementor-section elementor-top-section elementor-element elementor-element-621dd7cf elementor-section-boxed elementor-section-height-default elementor-section-height-default\" data-id=\"621dd7cf\" data-element_type=\"section\" data-e-type=\"section\">\n\t\t\t\t\t\t<div class=\"elementor-container elementor-column-gap-default\">\n\t\t\t\t\t<div class=\"elementor-column elementor-col-100 elementor-top-column elementor-element elementor-element-153c3839\" data-id=\"153c3839\" data-element_type=\"column\" data-e-type=\"column\">\n\t\t\t<div class=\"elementor-widget-wrap elementor-element-populated\">\n\t\t\t\t\t\t<div class=\"elementor-element elementor-element-76a9021a elementor-align-center elementor-widget elementor-widget-button\" data-id=\"76a9021a\" data-element_type=\"widget\" data-e-type=\"widget\" data-widget_type=\"button.default\">\n\t\t\t\t<div class=\"elementor-widget-container\">\n\t\t\t\t\t\t\t\t\t<div class=\"elementor-button-wrapper\">\n\t\t\t\t\t<a class=\"elementor-button elementor-button-link elementor-size-md\" href=\"https:\/\/www.cognitoforms.com\/ErieCountyHealthDepartment\/rabiesinvestigationformusedforbitesscratchesorotherexposurestomammals\" target=\"_blank\">\n\t\t\t\t\t\t<span class=\"elementor-button-content-wrapper\">\n\t\t\t\t\t\t\t\t\t<span class=\"elementor-button-text\">Haga clic aqu\u00ed para obtener el formulario de notificaci\u00f3n de la rabia<\/span>\n\t\t\t\t\t<\/span>\n\t\t\t\t\t<\/a>\n\t\t\t\t<\/div>\n\t\t\t\t\t\t\t\t<\/div>\n\t\t\t\t<\/div>\n\t\t\t\t\t<\/div>\n\t\t<\/div>\n\t\t\t\t\t<\/div>\n\t\t<\/section>\n\t\t\t\t<section data-particle_enable=\"false\" data-particle-mobile-disabled=\"false\" class=\"elementor-section elementor-top-section elementor-element elementor-element-3909a773 elementor-section-boxed elementor-section-height-default elementor-section-height-default\" data-id=\"3909a773\" data-element_type=\"section\" data-e-type=\"section\">\n\t\t\t\t\t\t<div class=\"elementor-container elementor-column-gap-default\">\n\t\t\t\t\t<div class=\"elementor-column elementor-col-66 elementor-top-column elementor-element elementor-element-6689e830\" data-id=\"6689e830\" data-element_type=\"column\" data-e-type=\"column\">\n\t\t\t<div class=\"elementor-widget-wrap elementor-element-populated\">\n\t\t\t\t\t\t<div class=\"elementor-element elementor-element-5cf795c elementor-widget elementor-widget-text-editor\" data-id=\"5cf795c\" data-element_type=\"widget\" data-e-type=\"widget\" data-widget_type=\"text-editor.default\">\n\t\t\t\t<div class=\"elementor-widget-container\">\n\t\t\t\t\t\t\t\t\t<h4><span style=\"color: var( --e-global-color-text ); font-family: var( --e-global-typography-0eaf15d-font-family ), arial; font-size: var( --e-global-typography-0eaf15d-font-size ); font-style: var( --e-global-typography-0eaf15d-font-style ); font-weight: var( --e-global-typography-0eaf15d-font-weight ); letter-spacing: var( --e-global-typography-0eaf15d-letter-spacing ); word-spacing: var( --e-global-typography-0eaf15d-word-spacing );\"><img decoding=\"async\" class=\"alignright wp-image-4728 size-medium\" src=\"https:\/\/eriecohealthohio.com\/wp-content\/uploads\/2022\/07\/RACOON-PHOTO-300x300.jpg\" alt=\"RACOON PHOTO\" width=\"300\" height=\"300\" srcset=\"https:\/\/eriecohealthohio.com\/wp-content\/uploads\/2022\/07\/RACOON-PHOTO-300x300.jpg 300w, https:\/\/eriecohealthohio.com\/wp-content\/uploads\/2022\/07\/RACOON-PHOTO-150x150.jpg 150w, https:\/\/eriecohealthohio.com\/wp-content\/uploads\/2022\/07\/RACOON-PHOTO.jpg 500w\" sizes=\"(max-width: 300px) 100vw, 300px\" \/>\u00bfQU\u00c9 ES LA RABIA?<\/span><\/h4><div><p>La rabia es una enfermedad v\u00edrica potencialmente mortal que se propaga por la saliva de animales infectados y suele transmitirse por mordedura. La rabia causa inflamaci\u00f3n del cerebro y es mortal porque compromete la capacidad del cerebro para regular funciones necesarias como la respiraci\u00f3n y la salivaci\u00f3n. Con una tasa de mortalidad del 99,9% si no se trata, la rabia es una de las enfermedades m\u00e1s mort\u00edferas.<\/p><h5>VECTORES COMUNES<\/h5><p>En Estados Unidos, los vectores m\u00e1s comunes de la rabia son los murci\u00e9lagos, los mapaches, los zorros y las mofetas. La mayor\u00eda de las infecciones de rabia (m\u00e1s del 50% de los casos) adquiridas en EE.UU. pueden atribuirse a los murci\u00e9lagos. Aunque es poco frecuente, los gatos y los perros tambi\u00e9n pueden contraer y transmitir el virus.<\/p><h5>\u00bfQU\u00c9 SE CONSIDERA UNA EXPOSICI\u00d3N?<\/h5><p>Una mordedura, un ara\u00f1azo, la entrada a trav\u00e9s de una herida abierta o el contacto con una membrana mucosa como los ojos, la nariz o la boca constituyen exposiciones. Las exposiciones a la rabia sin mordedura se consideran raras. Acariciar a un animal rabioso o entrar en contacto con su sangre, orina o heces no se considera una exposici\u00f3n. A pesar de ello, se recomienda mantenerse alejado de cualquier animal del que se sospeche que tiene rabia. Si ha estado expuesto, <strong>no espere a buscar atenci\u00f3n m\u00e9dica<\/strong>. Debe consultar con su m\u00e9dico inmediatamente.<\/p><h5>PREVENCI\u00d3N<\/h5><p>Puede prevenir o limitar su exposici\u00f3n a la rabia asegur\u00e1ndose de que sus mascotas est\u00e1n vacunadas, evitando acercarse a animales salvajes, vacun\u00e1ndose antes de viajar a pa\u00edses donde la rabia es frecuente y lavando bien con agua y jab\u00f3n cualquier mordedura o ara\u00f1azo de animal.<\/p><h5>CONTACTO<\/h5><p><strong>Llame al - 419-626-5623 - Pregunte por Salud Medioambiental si tiene alguna duda.<\/strong><\/p><\/div>\t\t\t\t\t\t\t\t<\/div>\n\t\t\t\t<\/div>\n\t\t\t\t\t<\/div>\n\t\t<\/div>\n\t\t\t\t<div class=\"elementor-column elementor-col-33 elementor-top-column elementor-element elementor-element-4afbd4b3\" data-id=\"4afbd4b3\" data-element_type=\"column\" data-e-type=\"column\">\n\t\t\t<div class=\"elementor-widget-wrap elementor-element-populated\">\n\t\t\t\t\t\t<div class=\"elementor-element elementor-element-d8de32e elementor-widget elementor-widget-text-editor\" data-id=\"d8de32e\" data-element_type=\"widget\" data-e-type=\"widget\" data-no-translation=\"\" data-widget_type=\"text-editor.default\">\n\t\t\t\t<div class=\"elementor-widget-container\">\n\t\t\t\t\t<style>.elementor-element-d8de32e{display:none !important}<\/style>\t\t\t\t<\/div>\n\t\t\t\t<\/div>\n\t\t\t\t\t<\/div>\n\t\t<\/div>\n\t\t\t\t\t<\/div>\n\t\t<\/section>\n\t\t\t\t<\/div>","protected":false},"excerpt":{"rendered":"<p>BED BUGS HEAD LICE MOSQUITO CONTROL RABIES PREVENTION RODENT CONTROL TICK CONTROL PEST CONTROL &amp; RABIES &#8211; RABIES PREVENTION Click Here For The Rabies Reporting Form WHAT IS RABIES? Rabies is a viral, life-threatening disease that is spread by the saliva of infected animals and is typically transmitted through a bite. Rabies causes inflammation of [&hellip;]<\/p>\n","protected":false},"author":1,"featured_media":0,"parent":4682,"menu_order":0,"comment_status":"closed","ping_status":"closed","template":"","meta":{"footnotes":"","_links_to":"","_links_to_target":""},"class_list":["post-4688","page","type-page","status-publish","hentry"],"_links":{"self":[{"href":"https:\/\/eriecohealthohio.com\/es\/wp-json\/wp\/v2\/pages\/4688","targetHints":{"allow":["GET"]}}],"collection":[{"href":"https:\/\/eriecohealthohio.com\/es\/wp-json\/wp\/v2\/pages"}],"about":[{"href":"https:\/\/eriecohealthohio.com\/es\/wp-json\/wp\/v2\/types\/page"}],"author":[{"embeddable":true,"href":"https:\/\/eriecohealthohio.com\/es\/wp-json\/wp\/v2\/users\/1"}],"replies":[{"embeddable":true,"href":"https:\/\/eriecohealthohio.com\/es\/wp-json\/wp\/v2\/comments?post=4688"}],"version-history":[{"count":0,"href":"https:\/\/eriecohealthohio.com\/es\/wp-json\/wp\/v2\/pages\/4688\/revisions"}],"up":[{"embeddable":true,"href":"https:\/\/eriecohealthohio.com\/es\/wp-json\/wp\/v2\/pages\/4682"}],"wp:attachment":[{"href":"https:\/\/eriecohealthohio.com\/es\/wp-json\/wp\/v2\/media?parent=4688"}],"curies":[{"name":"wp","href":"https:\/\/api.w.org\/{rel}","templated":true}]}}