{"id":4476,"date":"2022-07-14T19:23:44","date_gmt":"2022-07-14T19:23:44","guid":{"rendered":"https:\/\/eriecohealthohio.com\/?page_id=4476"},"modified":"2024-12-17T14:55:15","modified_gmt":"2024-12-17T18:55:15","slug":"vaping-juventud","status":"publish","type":"page","link":"https:\/\/eriecohealthohio.com\/es\/tobacco\/vaping-youth\/","title":{"rendered":"VAPING Y JUVENTUD"},"content":{"rendered":"<div data-elementor-type=\"wp-page\" data-elementor-id=\"4476\" class=\"elementor elementor-4476\" data-elementor-post-type=\"page\">\n\t\t\t\t\t\t<section data-particle_enable=\"false\" data-particle-mobile-disabled=\"false\" class=\"elementor-section elementor-top-section elementor-element elementor-element-e63c8f5 elementor-section-boxed elementor-section-height-default elementor-section-height-default\" data-id=\"e63c8f5\" data-element_type=\"section\" data-e-type=\"section\">\n\t\t\t\t\t\t<div class=\"elementor-container elementor-column-gap-default\">\n\t\t\t\t\t<div class=\"elementor-column elementor-col-100 elementor-top-column elementor-element elementor-element-241d4f91\" data-id=\"241d4f91\" data-element_type=\"column\" data-e-type=\"column\">\n\t\t\t<div class=\"elementor-widget-wrap elementor-element-populated\">\n\t\t\t\t\t\t<div class=\"elementor-element elementor-element-199d0c0e elementor-widget elementor-widget-image\" data-id=\"199d0c0e\" data-element_type=\"widget\" data-e-type=\"widget\" data-widget_type=\"image.default\">\n\t\t\t\t<div class=\"elementor-widget-container\">\n\t\t\t\t\t\t\t\t\t\t\t\t\t\t\t\t<a href=\"https:\/\/eriecohealthohio.com\/es\/tabaco\/\">\n\t\t\t\t\t\t\t<img fetchpriority=\"high\" decoding=\"async\" width=\"1600\" height=\"600\" src=\"https:\/\/eriecohealthohio.com\/wp-content\/uploads\/2023\/09\/Tobacco-Spanish.png\" class=\"attachment-full size-full wp-image-4485\" alt=\"Cabecera Libre de Tabaco\" srcset=\"https:\/\/eriecohealthohio.com\/wp-content\/uploads\/2023\/09\/Tobacco-Spanish.png 1600w, https:\/\/eriecohealthohio.com\/wp-content\/uploads\/2023\/09\/Tobacco-Spanish-300x113.png 300w, https:\/\/eriecohealthohio.com\/wp-content\/uploads\/2023\/09\/Tobacco-Spanish-1024x384.png 1024w, https:\/\/eriecohealthohio.com\/wp-content\/uploads\/2023\/09\/Tobacco-Spanish-768x288.png 768w, https:\/\/eriecohealthohio.com\/wp-content\/uploads\/2023\/09\/Tobacco-Spanish-1536x576.png 1536w, https:\/\/eriecohealthohio.com\/wp-content\/uploads\/2023\/09\/Tobacco-Spanish-18x7.png 18w\" sizes=\"(max-width: 1600px) 100vw, 1600px\" \/>\t\t\t\t\t\t\t\t<\/a>\n\t\t\t\t\t\t\t\t\t\t\t\t\t\t\t<\/div>\n\t\t\t\t<\/div>\n\t\t\t\t\t<\/div>\n\t\t<\/div>\n\t\t\t\t\t<\/div>\n\t\t<\/section>\n\t\t\t\t<section data-particle_enable=\"false\" data-particle-mobile-disabled=\"false\" class=\"elementor-section elementor-top-section elementor-element elementor-element-e75b94c elementor-section-boxed elementor-section-height-default elementor-section-height-default\" data-id=\"e75b94c\" data-element_type=\"section\" data-e-type=\"section\">\n\t\t\t\t\t\t<div class=\"elementor-container elementor-column-gap-default\">\n\t\t\t\t\t<div class=\"elementor-column elementor-col-33 elementor-top-column elementor-element elementor-element-df4545b\" data-id=\"df4545b\" data-element_type=\"column\" data-e-type=\"column\">\n\t\t\t<div class=\"elementor-widget-wrap elementor-element-populated\">\n\t\t\t\t\t\t<div class=\"elementor-element elementor-element-7a72708 elementor-align-center elementor-widget elementor-widget-button\" data-id=\"7a72708\" data-element_type=\"widget\" data-e-type=\"widget\" data-widget_type=\"button.default\">\n\t\t\t\t<div class=\"elementor-widget-container\">\n\t\t\t\t\t\t\t\t\t<div class=\"elementor-button-wrapper\">\n\t\t\t\t\t<a class=\"elementor-button elementor-button-link elementor-size-lg\" href=\"https:\/\/eriecohealthohio.com\/es\/salud-maternoinfantil\/mamas-sanas\/el-bebe-y-yo-sin-tabaco\/\">\n\t\t\t\t\t\t<span class=\"elementor-button-content-wrapper\">\n\t\t\t\t\t\t\t\t\t<span class=\"elementor-button-text\">BEB\u00c9 Y YO<br \/>SIN TABACO<\/span>\n\t\t\t\t\t<\/span>\n\t\t\t\t\t<\/a>\n\t\t\t\t<\/div>\n\t\t\t\t\t\t\t\t<\/div>\n\t\t\t\t<\/div>\n\t\t\t\t\t<\/div>\n\t\t<\/div>\n\t\t\t\t<div class=\"elementor-column elementor-col-33 elementor-top-column elementor-element elementor-element-592d21f\" data-id=\"592d21f\" data-element_type=\"column\" data-e-type=\"column\">\n\t\t\t<div class=\"elementor-widget-wrap elementor-element-populated\">\n\t\t\t\t\t\t<div class=\"elementor-element elementor-element-3cc32e3 elementor-align-center elementor-widget elementor-widget-button\" data-id=\"3cc32e3\" data-element_type=\"widget\" data-e-type=\"widget\" data-widget_type=\"button.default\">\n\t\t\t\t<div class=\"elementor-widget-container\">\n\t\t\t\t\t\t\t\t\t<div class=\"elementor-button-wrapper\">\n\t\t\t\t\t<a class=\"elementor-button elementor-button-link elementor-size-lg\" href=\"https:\/\/eriecohealthohio.com\/es\/tabaco\/vaping-juventud\/\">\n\t\t\t\t\t\t<span class=\"elementor-button-content-wrapper\">\n\t\t\t\t\t\t\t\t\t<span class=\"elementor-button-text\">VAPING &amp; <br \/>JUVENTUD<\/span>\n\t\t\t\t\t<\/span>\n\t\t\t\t\t<\/a>\n\t\t\t\t<\/div>\n\t\t\t\t\t\t\t\t<\/div>\n\t\t\t\t<\/div>\n\t\t\t\t\t<\/div>\n\t\t<\/div>\n\t\t\t\t<div class=\"elementor-column elementor-col-33 elementor-top-column elementor-element elementor-element-a1603f8\" data-id=\"a1603f8\" data-element_type=\"column\" data-e-type=\"column\">\n\t\t\t<div class=\"elementor-widget-wrap elementor-element-populated\">\n\t\t\t\t\t\t<div class=\"elementor-element elementor-element-1eb5270 elementor-align-center elementor-widget elementor-widget-button\" data-id=\"1eb5270\" data-element_type=\"widget\" data-e-type=\"widget\" data-widget_type=\"button.default\">\n\t\t\t\t<div class=\"elementor-widget-container\">\n\t\t\t\t\t\t\t\t\t<div class=\"elementor-button-wrapper\">\n\t\t\t\t\t<a class=\"elementor-button elementor-button-link elementor-size-lg\" href=\"https:\/\/eriecohealthohio.com\/es\/tabaco\/humo-ajeno\/\">\n\t\t\t\t\t\t<span class=\"elementor-button-content-wrapper\">\n\t\t\t\t\t\t\t\t\t<span class=\"elementor-button-text\">SEGUNDA MANO<br \/>HUMO<\/span>\n\t\t\t\t\t<\/span>\n\t\t\t\t\t<\/a>\n\t\t\t\t<\/div>\n\t\t\t\t\t\t\t\t<\/div>\n\t\t\t\t<\/div>\n\t\t\t\t\t<\/div>\n\t\t<\/div>\n\t\t\t\t\t<\/div>\n\t\t<\/section>\n\t\t\t\t<section data-particle_enable=\"false\" data-particle-mobile-disabled=\"false\" class=\"elementor-section elementor-top-section elementor-element elementor-element-f24c33e elementor-section-boxed elementor-section-height-default elementor-section-height-default\" data-id=\"f24c33e\" data-element_type=\"section\" data-e-type=\"section\">\n\t\t\t\t\t\t<div class=\"elementor-container elementor-column-gap-default\">\n\t\t\t\t\t<div class=\"elementor-column elementor-col-66 elementor-top-column elementor-element elementor-element-4061e46\" data-id=\"4061e46\" data-element_type=\"column\" data-e-type=\"column\">\n\t\t\t<div class=\"elementor-widget-wrap elementor-element-populated\">\n\t\t\t\t\t\t<div class=\"elementor-element elementor-element-399b00f9 elementor-widget elementor-widget-text-editor\" data-id=\"399b00f9\" data-element_type=\"widget\" data-e-type=\"widget\" data-widget_type=\"text-editor.default\">\n\t\t\t\t<div class=\"elementor-widget-container\">\n\t\t\t\t\t\t\t\t\t<h4>LIBERARSE DEL TABACO - VAPEAR Y LOS J\u00d3VENES<\/h4><p style=\"text-align: left;\"><img decoding=\"async\" class=\"size-full wp-image-4546 alignright\" src=\"https:\/\/eriecohealthohio.com\/wp-content\/uploads\/2022\/07\/vaping-and-youth.png\" alt=\"vapeo y juventud\" width=\"342\" height=\"438\" srcset=\"https:\/\/eriecohealthohio.com\/wp-content\/uploads\/2022\/07\/vaping-and-youth.png 342w, https:\/\/eriecohealthohio.com\/wp-content\/uploads\/2022\/07\/vaping-and-youth-234x300.png 234w\" sizes=\"(max-width: 342px) 100vw, 342px\" \/><\/p><p>\u00bfSab\u00edas que? Los j\u00f3venes adictos a la nicotina tienen 7 veces m\u00e1s probabilidades de desarrollar un trastorno por consumo de drogas m\u00e1s adelante. Tobacco21 es una campa\u00f1a nacional para aumentar la edad de venta de tabaco de 18 a 21 a\u00f1os. Ohio ya lo ha hecho. Los productos cubiertos por la Ley de Tabaco 21 de Ohio incluyen: cigarrillos, dispositivos electr\u00f3nicos para fumar (vapes, e-cigs, tanques), l\u00edquidos electr\u00f3nicos para fumar (incluidos los que no contienen nicotina), puros, tabaco de pipa, tabaco de mascar, rap\u00e9, snus, productos disolubles de nicotina, filtros, papel de liar, pipas, blunts, envoltorios de c\u00e1\u00f1amo y productos de vapor (cualquier componente, pieza o aditivo destinado a ser utilizado en un dispositivo electr\u00f3nico para fumar, un elemento de calentamiento mec\u00e1nico, bater\u00eda o circuito electr\u00f3nico y que se utiliza para suministrar el producto). Consulte la <a href=\"https:\/\/codes.ohio.gov\/ohio-revised-code\/section-2927.02\" target=\"_blank\" rel=\"noopener\">C\u00f3digo Revisado de Ohio 2927.02<\/a> para consultar la lista completa.<\/p><p>El ECHD cre\u00f3 el programa Cessation in Lieu of Suspension, impulsado por My Life My Quit, para combatir la epidemia de consumo de tabaco entre los j\u00f3venes, haciendo hincapi\u00e9 en el abandono en lugar de la disciplina. El programa de cesaci\u00f3n en lugar de suspensi\u00f3n, basado en la evidencia, permite a los j\u00f3venes reunirse con un entrenador certificado para dejar el tabaco de My Life My Quit, donde participan en 5 sesiones de entrenamiento individuales programadas generalmente cada 7-10 d\u00edas. El entrenamiento ayuda a los j\u00f3venes a desarrollar un plan para dejar de fumar, identificar los factores desencadenantes, practicar habilidades de rechazo y recibir apoyo continuo para cambiar comportamientos.<\/p><p>My Life My Quit es un programa GRATUITO para j\u00f3venes menores de 18 a\u00f1os. Los j\u00f3venes pueden llamar o enviar un mensaje de texto al 855-891-9989 para inscribirse. El programa dura cinco semanas y utiliza entrenadores para ayudar a los j\u00f3venes a dejar de fumar. Al final del programa se otorga un certificado. Los mayores de 18 a\u00f1os ser\u00e1n remitidos a la Ohio Tobacco Quitline.<\/p>\t\t\t\t\t\t\t\t<\/div>\n\t\t\t\t<\/div>\n\t\t\t\t\t<\/div>\n\t\t<\/div>\n\t\t\t\t<div class=\"elementor-column elementor-col-33 elementor-top-column elementor-element elementor-element-1f21e1d6\" data-id=\"1f21e1d6\" data-element_type=\"column\" data-e-type=\"column\">\n\t\t\t<div class=\"elementor-widget-wrap elementor-element-populated\">\n\t\t\t\t\t\t<div class=\"elementor-element elementor-element-5cc0e815 elementor-widget elementor-widget-text-editor\" data-id=\"5cc0e815\" data-element_type=\"widget\" data-e-type=\"widget\" data-widget_type=\"text-editor.default\">\n\t\t\t\t<div class=\"elementor-widget-container\">\n\t\t\t\t\t\t\t\t\t<h4>RECURSOS ADICIONALES<\/h4><p><a href=\"https:\/\/truthinitiative.org\/\" target=\"_blank\" rel=\"noopener\">Iniciativa de la Verdad<\/a><\/p><p><a href=\"https:\/\/therealcost.betobaccofree.hhs.gov\/\" target=\"_blank\" rel=\"noopener\">El coste real<\/a><\/p><p><a href=\"https:\/\/www.heart.org\/en\/healthy-living\/healthy-lifestyle\/quit-smoking-tobacco\" target=\"_blank\" rel=\"noopener\">Acabar con el tabaquismo<\/a><\/p><p><a href=\"https:\/\/www.parentsagainstvaping.org\" target=\"_blank\" rel=\"noopener\">Padres contra el Vapeo y los Cigarrillos Electr\u00f3nicos (PAVe)<\/a><\/p>\t\t\t\t\t\t\t\t<\/div>\n\t\t\t\t<\/div>\n\t\t\t\t\t<\/div>\n\t\t<\/div>\n\t\t\t\t\t<\/div>\n\t\t<\/section>\n\t\t\t\t<\/div>","protected":false},"excerpt":{"rendered":"<p>BABY &#038; METOBACCO FREE VAPING &#038; YOUTH SECONDHANDSMOKE BECOME TOBACCO FREE &#8211; VAPING &amp; YOUTH Did you know? Youth who are addicted to nicotine are 7 times more likely to develop a drug use disorder later in life. Tobacco21 is a national campaign to raise the tobacco sales age from 18 to 21. Ohio has [&hellip;]<\/p>\n","protected":false},"author":1,"featured_media":0,"parent":4228,"menu_order":0,"comment_status":"closed","ping_status":"closed","template":"","meta":{"footnotes":"","_links_to":"","_links_to_target":""},"class_list":["post-4476","page","type-page","status-publish","hentry"],"_links":{"self":[{"href":"https:\/\/eriecohealthohio.com\/es\/wp-json\/wp\/v2\/pages\/4476","targetHints":{"allow":["GET"]}}],"collection":[{"href":"https:\/\/eriecohealthohio.com\/es\/wp-json\/wp\/v2\/pages"}],"about":[{"href":"https:\/\/eriecohealthohio.com\/es\/wp-json\/wp\/v2\/types\/page"}],"author":[{"embeddable":true,"href":"https:\/\/eriecohealthohio.com\/es\/wp-json\/wp\/v2\/users\/1"}],"replies":[{"embeddable":true,"href":"https:\/\/eriecohealthohio.com\/es\/wp-json\/wp\/v2\/comments?post=4476"}],"version-history":[{"count":0,"href":"https:\/\/eriecohealthohio.com\/es\/wp-json\/wp\/v2\/pages\/4476\/revisions"}],"up":[{"embeddable":true,"href":"https:\/\/eriecohealthohio.com\/es\/wp-json\/wp\/v2\/pages\/4228"}],"wp:attachment":[{"href":"https:\/\/eriecohealthohio.com\/es\/wp-json\/wp\/v2\/media?parent=4476"}],"curies":[{"name":"wp","href":"https:\/\/api.w.org\/{rel}","templated":true}]}}