{"id":4447,"date":"2022-07-14T18:47:06","date_gmt":"2022-07-14T18:47:06","guid":{"rendered":"https:\/\/eriecohealthohio.com\/?page_id=4447"},"modified":"2024-12-17T10:47:50","modified_gmt":"2024-12-17T14:47:50","slug":"recursos-sanitarios-para-personas-mayores","status":"publish","type":"page","link":"https:\/\/eriecohealthohio.com\/es\/older-adults\/older-adult-health-resources\/","title":{"rendered":"RECURSOS"},"content":{"rendered":"<div data-elementor-type=\"wp-page\" data-elementor-id=\"4447\" class=\"elementor elementor-4447\" data-elementor-post-type=\"page\">\n\t\t\t\t\t\t<section data-particle_enable=\"false\" data-particle-mobile-disabled=\"false\" class=\"elementor-section elementor-top-section elementor-element elementor-element-170bb9b elementor-section-boxed elementor-section-height-default elementor-section-height-default\" data-id=\"170bb9b\" data-element_type=\"section\" data-e-type=\"section\">\n\t\t\t\t\t\t<div class=\"elementor-container elementor-column-gap-default\">\n\t\t\t\t\t<div class=\"elementor-column elementor-col-100 elementor-top-column elementor-element elementor-element-74a53a61\" data-id=\"74a53a61\" data-element_type=\"column\" data-e-type=\"column\">\n\t\t\t<div class=\"elementor-widget-wrap elementor-element-populated\">\n\t\t\t\t\t\t<div class=\"elementor-element elementor-element-72cafc22 elementor-widget elementor-widget-image\" data-id=\"72cafc22\" data-element_type=\"widget\" data-e-type=\"widget\" data-widget_type=\"image.default\">\n\t\t\t\t<div class=\"elementor-widget-container\">\n\t\t\t\t\t\t\t\t\t\t\t\t\t\t\t\t<a href=\"https:\/\/eriecohealthohio.com\/es\/personas-mayores\/\">\n\t\t\t\t\t\t\t<img fetchpriority=\"high\" decoding=\"async\" width=\"1600\" height=\"600\" src=\"https:\/\/eriecohealthohio.com\/wp-content\/uploads\/2023\/09\/Older-Adult-Health-Spanish.png\" class=\"attachment-full size-full wp-image-4603\" alt=\"Banner de salud para la tercera edad\" srcset=\"https:\/\/eriecohealthohio.com\/wp-content\/uploads\/2023\/09\/Older-Adult-Health-Spanish.png 1600w, https:\/\/eriecohealthohio.com\/wp-content\/uploads\/2023\/09\/Older-Adult-Health-Spanish-300x113.png 300w, https:\/\/eriecohealthohio.com\/wp-content\/uploads\/2023\/09\/Older-Adult-Health-Spanish-1024x384.png 1024w, https:\/\/eriecohealthohio.com\/wp-content\/uploads\/2023\/09\/Older-Adult-Health-Spanish-768x288.png 768w, https:\/\/eriecohealthohio.com\/wp-content\/uploads\/2023\/09\/Older-Adult-Health-Spanish-1536x576.png 1536w, https:\/\/eriecohealthohio.com\/wp-content\/uploads\/2023\/09\/Older-Adult-Health-Spanish-18x7.png 18w\" sizes=\"(max-width: 1600px) 100vw, 1600px\" \/>\t\t\t\t\t\t\t\t<\/a>\n\t\t\t\t\t\t\t\t\t\t\t\t\t\t\t<\/div>\n\t\t\t\t<\/div>\n\t\t\t\t\t<\/div>\n\t\t<\/div>\n\t\t\t\t\t<\/div>\n\t\t<\/section>\n\t\t\t\t<section data-particle_enable=\"false\" data-particle-mobile-disabled=\"false\" class=\"elementor-section elementor-top-section elementor-element elementor-element-5ff3c2d7 elementor-section-boxed elementor-section-height-default elementor-section-height-default\" data-id=\"5ff3c2d7\" data-element_type=\"section\" data-e-type=\"section\">\n\t\t\t\t\t\t<div class=\"elementor-container elementor-column-gap-default\">\n\t\t\t\t\t<div class=\"elementor-column elementor-col-33 elementor-top-column elementor-element elementor-element-546eac21\" data-id=\"546eac21\" data-element_type=\"column\" data-e-type=\"column\">\n\t\t\t<div class=\"elementor-widget-wrap elementor-element-populated\">\n\t\t\t\t\t\t<div class=\"elementor-element elementor-element-5ec6bb05 elementor-align-center elementor-widget elementor-widget-button\" data-id=\"5ec6bb05\" data-element_type=\"widget\" data-e-type=\"widget\" data-widget_type=\"button.default\">\n\t\t\t\t<div class=\"elementor-widget-container\">\n\t\t\t\t\t\t\t\t\t<div class=\"elementor-button-wrapper\">\n\t\t\t\t\t<a class=\"elementor-button elementor-button-link elementor-size-lg\" href=\"https:\/\/eriecohealthohio.com\/es\/personas-mayores\/prevencion-de-caidas\/\">\n\t\t\t\t\t\t<span class=\"elementor-button-content-wrapper\">\n\t\t\t\t\t\t\t\t\t<span class=\"elementor-button-text\">PREVENCI\u00d3N DE CA\u00cdDAS<\/span>\n\t\t\t\t\t<\/span>\n\t\t\t\t\t<\/a>\n\t\t\t\t<\/div>\n\t\t\t\t\t\t\t\t<\/div>\n\t\t\t\t<\/div>\n\t\t\t\t\t<\/div>\n\t\t<\/div>\n\t\t\t\t<div class=\"elementor-column elementor-col-33 elementor-top-column elementor-element elementor-element-552aac71\" data-id=\"552aac71\" data-element_type=\"column\" data-e-type=\"column\">\n\t\t\t<div class=\"elementor-widget-wrap elementor-element-populated\">\n\t\t\t\t\t\t<div class=\"elementor-element elementor-element-76e5674c elementor-align-center elementor-widget elementor-widget-button\" data-id=\"76e5674c\" data-element_type=\"widget\" data-e-type=\"widget\" data-widget_type=\"button.default\">\n\t\t\t\t<div class=\"elementor-widget-container\">\n\t\t\t\t\t\t\t\t\t<div class=\"elementor-button-wrapper\">\n\t\t\t\t\t<a class=\"elementor-button elementor-button-link elementor-size-lg\" href=\"https:\/\/eriecohealthohio.com\/es\/personas-mayores\/recursos-sanitarios-para-personas-mayores\/\">\n\t\t\t\t\t\t<span class=\"elementor-button-content-wrapper\">\n\t\t\t\t\t\t\t\t\t<span class=\"elementor-button-text\">RECURSOS<\/span>\n\t\t\t\t\t<\/span>\n\t\t\t\t\t<\/a>\n\t\t\t\t<\/div>\n\t\t\t\t\t\t\t\t<\/div>\n\t\t\t\t<\/div>\n\t\t\t\t\t<\/div>\n\t\t<\/div>\n\t\t\t\t<div class=\"elementor-column elementor-col-33 elementor-top-column elementor-element elementor-element-4b1e53a9\" data-id=\"4b1e53a9\" data-element_type=\"column\" data-e-type=\"column\">\n\t\t\t<div class=\"elementor-widget-wrap elementor-element-populated\">\n\t\t\t\t\t\t<div class=\"elementor-element elementor-element-69e94b99 elementor-align-center elementor-widget elementor-widget-button\" data-id=\"69e94b99\" data-element_type=\"widget\" data-e-type=\"widget\" data-widget_type=\"button.default\">\n\t\t\t\t<div class=\"elementor-widget-container\">\n\t\t\t\t\t\t\t\t\t<div class=\"elementor-button-wrapper\">\n\t\t\t\t\t<a class=\"elementor-button elementor-button-link elementor-size-lg\" href=\"https:\/\/eriecohealthohio.com\/es\/personas-mayores\/contacto-de-salud-para-adultos-mayores\/\">\n\t\t\t\t\t\t<span class=\"elementor-button-content-wrapper\">\n\t\t\t\t\t\t\t\t\t<span class=\"elementor-button-text\">CONTACTO<\/span>\n\t\t\t\t\t<\/span>\n\t\t\t\t\t<\/a>\n\t\t\t\t<\/div>\n\t\t\t\t\t\t\t\t<\/div>\n\t\t\t\t<\/div>\n\t\t\t\t\t<\/div>\n\t\t<\/div>\n\t\t\t\t\t<\/div>\n\t\t<\/section>\n\t\t\t\t<section data-particle_enable=\"false\" data-particle-mobile-disabled=\"false\" class=\"elementor-section elementor-top-section elementor-element elementor-element-d0895ff elementor-section-boxed elementor-section-height-default elementor-section-height-default\" data-id=\"d0895ff\" data-element_type=\"section\" data-e-type=\"section\">\n\t\t\t\t\t\t<div class=\"elementor-container elementor-column-gap-default\">\n\t\t\t\t\t<div class=\"elementor-column elementor-col-100 elementor-top-column elementor-element elementor-element-32c5722c\" data-id=\"32c5722c\" data-element_type=\"column\" data-e-type=\"column\">\n\t\t\t<div class=\"elementor-widget-wrap elementor-element-populated\">\n\t\t\t\t\t\t<div class=\"elementor-element elementor-element-7a76721f elementor-widget elementor-widget-text-editor\" data-id=\"7a76721f\" data-element_type=\"widget\" data-e-type=\"widget\" data-widget_type=\"text-editor.default\">\n\t\t\t\t<div class=\"elementor-widget-container\">\n\t\t\t\t\t\t\t\t\t<h4><strong>SALUD DEL ADULTO MAYOR - RECURSOS<\/strong><\/h4><p>Existen muchos recursos en Internet que le ayudar\u00e1n a aprender a prevenir las ca\u00eddas de las personas mayores, tanto para usted como para los cuidadores.<\/p><ul><li>El Consejo Nacional sobre el Envejecimiento tiene una p\u00e1gina estupenda con muchos recursos que abordan la prevenci\u00f3n de ca\u00eddas. Puede encontrar informaci\u00f3n en <a href=\"https:\/\/www.ncoa.org\/older-adults\/health\/prevention\/falls-prevention\" target=\"_blank\" rel=\"noopener\">https:\/\/www.ncoa.org\/older-adults\/health\/prevention\/falls-prevention<\/a><\/li><li>El Departamento de Salud de Ohio ofrece informaci\u00f3n y estad\u00edsticas sobre las ca\u00eddas entre las personas mayores en su sitio web de prevenci\u00f3n de lesiones: <a href=\"https:\/\/odh.ohio.gov\/know-our-programs\/violence-injury-prevention-program\/falls-among-older-adults\" target=\"_blank\" rel=\"noopener\">https:\/\/odh.ohio.gov\/know-our-programs\/violence-injury-prevention-program\/falls-among-older-adults<\/a><\/li><li>Los CDC ofrecen excelente informaci\u00f3n sobre c\u00f3mo envejecer sin lesiones en su sitio web: <a href=\"https:\/\/www.cdc.gov\/stillgoingstrong\/index.html\" target=\"_blank\" rel=\"noopener\">https:\/\/www.cdc.gov\/stillgoingstrong\/index.html<\/a><\/li><li>Hay informaci\u00f3n para personas mayores, cuidadores y profesionales sanitarios.  Si tiene ocasi\u00f3n, vea tambi\u00e9n este v\u00eddeo: <a href=\"https:\/\/youtu.be\/WmHxpSPPWIM\" target=\"_blank\" rel=\"noopener\">https:\/\/youtu.be\/WmHxpSPPWIM<\/a><p><img decoding=\"async\" class=\"alignnone size-full wp-image-4666 aligncenter\" src=\"https:\/\/eriecohealthohio.com\/wp-content\/uploads\/2022\/07\/how-to-prevent-falls.jpg\" alt=\"\" width=\"624\" height=\"649\" srcset=\"https:\/\/eriecohealthohio.com\/wp-content\/uploads\/2022\/07\/how-to-prevent-falls.jpg 624w, https:\/\/eriecohealthohio.com\/wp-content\/uploads\/2022\/07\/how-to-prevent-falls-288x300.jpg 288w\" sizes=\"(max-width: 624px) 100vw, 624px\" \/><\/p><\/li><\/ul>\t\t\t\t\t\t\t\t<\/div>\n\t\t\t\t<\/div>\n\t\t\t\t\t<\/div>\n\t\t<\/div>\n\t\t\t\t\t<\/div>\n\t\t<\/section>\n\t\t\t\t<\/div>","protected":false},"excerpt":{"rendered":"<p>FALLS PREVENTION RESOURCES CONTACT OLDER ADULT HEALTH &#8211; RESOURCES There are many online resources to help you learn about preventing older adult falls, both for yourself and for caregivers. The National Council on Aging has a great page with many resources that address falls prevention. You can find information at https:\/\/www.ncoa.org\/older-adults\/health\/prevention\/falls-prevention The Ohio Department of [&hellip;]<\/p>\n","protected":false},"author":1,"featured_media":0,"parent":4230,"menu_order":0,"comment_status":"closed","ping_status":"closed","template":"","meta":{"footnotes":"","_links_to":"","_links_to_target":""},"class_list":["post-4447","page","type-page","status-publish","hentry"],"_links":{"self":[{"href":"https:\/\/eriecohealthohio.com\/es\/wp-json\/wp\/v2\/pages\/4447","targetHints":{"allow":["GET"]}}],"collection":[{"href":"https:\/\/eriecohealthohio.com\/es\/wp-json\/wp\/v2\/pages"}],"about":[{"href":"https:\/\/eriecohealthohio.com\/es\/wp-json\/wp\/v2\/types\/page"}],"author":[{"embeddable":true,"href":"https:\/\/eriecohealthohio.com\/es\/wp-json\/wp\/v2\/users\/1"}],"replies":[{"embeddable":true,"href":"https:\/\/eriecohealthohio.com\/es\/wp-json\/wp\/v2\/comments?post=4447"}],"version-history":[{"count":0,"href":"https:\/\/eriecohealthohio.com\/es\/wp-json\/wp\/v2\/pages\/4447\/revisions"}],"up":[{"embeddable":true,"href":"https:\/\/eriecohealthohio.com\/es\/wp-json\/wp\/v2\/pages\/4230"}],"wp:attachment":[{"href":"https:\/\/eriecohealthohio.com\/es\/wp-json\/wp\/v2\/media?parent=4447"}],"curies":[{"name":"wp","href":"https:\/\/api.w.org\/{rel}","templated":true}]}}