{"id":4381,"date":"2022-07-14T17:11:40","date_gmt":"2022-07-14T17:11:40","guid":{"rendered":"https:\/\/eriecohealthohio.com\/?page_id=4381"},"modified":"2024-12-12T13:50:21","modified_gmt":"2024-12-12T17:50:21","slug":"recursos-de-preparacion-ante-emergencias","status":"publish","type":"page","link":"https:\/\/eriecohealthohio.com\/es\/emergency-preparedness\/emergency-preparedness-resources\/","title":{"rendered":"RECURSOS"},"content":{"rendered":"<div data-elementor-type=\"wp-page\" data-elementor-id=\"4381\" class=\"elementor elementor-4381\" data-elementor-post-type=\"page\">\n\t\t\t\t\t\t<section data-particle_enable=\"false\" data-particle-mobile-disabled=\"false\" class=\"elementor-section elementor-top-section elementor-element elementor-element-7f11856 elementor-section-boxed elementor-section-height-default elementor-section-height-default\" data-id=\"7f11856\" data-element_type=\"section\" data-e-type=\"section\">\n\t\t\t\t\t\t<div class=\"elementor-container elementor-column-gap-default\">\n\t\t\t\t\t<div class=\"elementor-column elementor-col-100 elementor-top-column elementor-element elementor-element-26c58443\" data-id=\"26c58443\" data-element_type=\"column\" data-e-type=\"column\">\n\t\t\t<div class=\"elementor-widget-wrap elementor-element-populated\">\n\t\t\t\t\t\t<div class=\"elementor-element elementor-element-7adce3f1 elementor-widget elementor-widget-image\" data-id=\"7adce3f1\" data-element_type=\"widget\" data-e-type=\"widget\" data-no-translation=\"\" data-widget_type=\"image.default\">\n\t\t\t\t<div class=\"elementor-widget-container\">\n\t\t\t\t\t<style>.elementor-element-7adce3f1{display:none !important}<\/style>\t\t\t\t<\/div>\n\t\t\t\t<\/div>\n\t\t\t\t<div class=\"elementor-element elementor-element-07c1a7a elementor-widget elementor-widget-image\" data-id=\"07c1a7a\" data-element_type=\"widget\" data-e-type=\"widget\" data-no-translation=\"\" data-widget_type=\"image.default\">\n\t\t\t\t<div class=\"elementor-widget-container\">\n\t\t\t\t\t\t\t\t\t\t\t\t\t\t\t<img fetchpriority=\"high\" decoding=\"async\" width=\"1600\" height=\"600\" src=\"https:\/\/eriecohealthohio.com\/wp-content\/uploads\/2023\/09\/Emergency-Preparedness-Spanish.png\" class=\"attachment-full size-full wp-image-14405\" alt=\"PREPARACI\u00d3N PARA EMERGENCIAS\" srcset=\"https:\/\/eriecohealthohio.com\/wp-content\/uploads\/2023\/09\/Emergency-Preparedness-Spanish.png 1600w, https:\/\/eriecohealthohio.com\/wp-content\/uploads\/2023\/09\/Emergency-Preparedness-Spanish-300x113.png 300w, https:\/\/eriecohealthohio.com\/wp-content\/uploads\/2023\/09\/Emergency-Preparedness-Spanish-1024x384.png 1024w, https:\/\/eriecohealthohio.com\/wp-content\/uploads\/2023\/09\/Emergency-Preparedness-Spanish-768x288.png 768w, https:\/\/eriecohealthohio.com\/wp-content\/uploads\/2023\/09\/Emergency-Preparedness-Spanish-1536x576.png 1536w, https:\/\/eriecohealthohio.com\/wp-content\/uploads\/2023\/09\/Emergency-Preparedness-Spanish-18x7.png 18w\" sizes=\"(max-width: 1600px) 100vw, 1600px\" \/>\t\t\t\t\t\t\t\t\t\t\t\t\t\t\t<\/div>\n\t\t\t\t<\/div>\n\t\t\t\t\t<\/div>\n\t\t<\/div>\n\t\t\t\t\t<\/div>\n\t\t<\/section>\n\t\t\t\t<section data-particle_enable=\"false\" data-particle-mobile-disabled=\"false\" class=\"elementor-section elementor-top-section elementor-element elementor-element-43d5ba3e elementor-section-boxed elementor-section-height-default elementor-section-height-default\" data-id=\"43d5ba3e\" data-element_type=\"section\" data-e-type=\"section\">\n\t\t\t\t\t\t<div class=\"elementor-container elementor-column-gap-default\">\n\t\t\t\t\t<div class=\"elementor-column elementor-col-50 elementor-top-column elementor-element elementor-element-20bc2aa6\" data-id=\"20bc2aa6\" data-element_type=\"column\" data-e-type=\"column\">\n\t\t\t<div class=\"elementor-widget-wrap elementor-element-populated\">\n\t\t\t\t\t\t<div class=\"elementor-element elementor-element-48fc8994 elementor-align-center elementor-widget elementor-widget-button\" data-id=\"48fc8994\" data-element_type=\"widget\" data-e-type=\"widget\" data-widget_type=\"button.default\">\n\t\t\t\t<div class=\"elementor-widget-container\">\n\t\t\t\t\t\t\t\t\t<div class=\"elementor-button-wrapper\">\n\t\t\t\t\t<a class=\"elementor-button elementor-button-link elementor-size-lg\" href=\"https:\/\/eriecohealthohio.com\/es\/preparacion-para-emergencias\/planificacion-de-emergencias\/\">\n\t\t\t\t\t\t<span class=\"elementor-button-content-wrapper\">\n\t\t\t\t\t\t\t\t\t<span class=\"elementor-button-text\">PLANIFICACI\u00d3N DE EMERGENCIAS<\/span>\n\t\t\t\t\t<\/span>\n\t\t\t\t\t<\/a>\n\t\t\t\t<\/div>\n\t\t\t\t\t\t\t\t<\/div>\n\t\t\t\t<\/div>\n\t\t\t\t\t<\/div>\n\t\t<\/div>\n\t\t\t\t<div class=\"elementor-column elementor-col-50 elementor-top-column elementor-element elementor-element-74ffeb8f\" data-id=\"74ffeb8f\" data-element_type=\"column\" data-e-type=\"column\">\n\t\t\t<div class=\"elementor-widget-wrap elementor-element-populated\">\n\t\t\t\t\t\t<div class=\"elementor-element elementor-element-15eededf elementor-align-center elementor-widget elementor-widget-button\" data-id=\"15eededf\" data-element_type=\"widget\" data-e-type=\"widget\" data-widget_type=\"button.default\">\n\t\t\t\t<div class=\"elementor-widget-container\">\n\t\t\t\t\t\t\t\t\t<div class=\"elementor-button-wrapper\">\n\t\t\t\t\t<a class=\"elementor-button elementor-button-link elementor-size-lg\" href=\"https:\/\/eriecohealthohio.com\/es\/preparacion-para-emergencias\/recursos-de-preparacion-ante-emergencias\/\">\n\t\t\t\t\t\t<span class=\"elementor-button-content-wrapper\">\n\t\t\t\t\t\t\t\t\t<span class=\"elementor-button-text\">RECURSOS<\/span>\n\t\t\t\t\t<\/span>\n\t\t\t\t\t<\/a>\n\t\t\t\t<\/div>\n\t\t\t\t\t\t\t\t<\/div>\n\t\t\t\t<\/div>\n\t\t\t\t\t<\/div>\n\t\t<\/div>\n\t\t\t\t\t<\/div>\n\t\t<\/section>\n\t\t\t\t<section data-particle_enable=\"false\" data-particle-mobile-disabled=\"false\" class=\"elementor-section elementor-top-section elementor-element elementor-element-7769ab8 elementor-section-boxed elementor-section-height-default elementor-section-height-default\" data-id=\"7769ab8\" data-element_type=\"section\" data-e-type=\"section\">\n\t\t\t\t\t\t<div class=\"elementor-container elementor-column-gap-default\">\n\t\t\t\t\t<div class=\"elementor-column elementor-col-100 elementor-top-column elementor-element elementor-element-2a36c638\" data-id=\"2a36c638\" data-element_type=\"column\" data-e-type=\"column\">\n\t\t\t<div class=\"elementor-widget-wrap elementor-element-populated\">\n\t\t\t\t\t\t<div class=\"elementor-element elementor-element-50f3b051 elementor-widget elementor-widget-text-editor\" data-id=\"50f3b051\" data-element_type=\"widget\" data-e-type=\"widget\" data-widget_type=\"text-editor.default\">\n\t\t\t\t<div class=\"elementor-widget-container\">\n\t\t\t\t\t\t\t\t\t<h5>PREPARACI\u00d3N PARA EMERGENCIAS - RECURSOS<\/h5><p>Los siguientes enlaces ofrecen informaci\u00f3n adicional para ayudarle a prepararse y recibir informaci\u00f3n durante una emergencia local.<\/p><p><a href=\"http:\/\/www.ready.gov\/\" target=\"_blank\" rel=\"noopener\">Listo.gov<\/a><\/p><p><a href=\"http:\/\/www.nws.noaa.gov\" target=\"_blank\" rel=\"noopener\">Servicio Meteorol\u00f3gico Nacional<\/a><\/p><p><a href=\"http:\/\/www.odh.ohio.gov\/healthpreparedness\/emergencypreparedness\" target=\"_blank\" rel=\"noopener\">Preparaci\u00f3n para emergencias de la ODH<\/a><\/p><p><a href=\"http:\/\/www.cdc.gov\/injury\/index.html\" target=\"_blank\" rel=\"noopener\">CDC<\/a><\/p><p><a href=\"https:\/\/www.eriecounty.oh.gov\/EMA.aspx\" target=\"_blank\" rel=\"noopener\">EMA - Condado de Erie<\/a><\/p><p><a href=\"http:\/\/www.weathersafety.ohio.gov\/\" target=\"_blank\" rel=\"noopener\">Seguridad meteorol\u00f3gica<\/a><\/p>\t\t\t\t\t\t\t\t<\/div>\n\t\t\t\t<\/div>\n\t\t\t\t\t<\/div>\n\t\t<\/div>\n\t\t\t\t\t<\/div>\n\t\t<\/section>\n\t\t\t\t<\/div>","protected":false},"excerpt":{"rendered":"<p>RECURSOS PARA LA PLANIFICACI\u00d3N DE EMERGENCIAS PREPARACI\u00d3N PARA EMERGENCIAS - RECURSOS Los siguientes enlaces proporcionan informaci\u00f3n adicional para ayudarle a prepararse y recibir informaci\u00f3n durante una emergencia local. Ready.gov Servicio Meteorol\u00f3gico Nacional ODH Preparaci\u00f3n para Emergencias CDC EMA - Seguridad Meteorol\u00f3gica del Condado de Erie<\/p>","protected":false},"author":1,"featured_media":0,"parent":4360,"menu_order":0,"comment_status":"closed","ping_status":"closed","template":"","meta":{"footnotes":"","_links_to":"","_links_to_target":""},"class_list":["post-4381","page","type-page","status-publish","hentry"],"_links":{"self":[{"href":"https:\/\/eriecohealthohio.com\/es\/wp-json\/wp\/v2\/pages\/4381","targetHints":{"allow":["GET"]}}],"collection":[{"href":"https:\/\/eriecohealthohio.com\/es\/wp-json\/wp\/v2\/pages"}],"about":[{"href":"https:\/\/eriecohealthohio.com\/es\/wp-json\/wp\/v2\/types\/page"}],"author":[{"embeddable":true,"href":"https:\/\/eriecohealthohio.com\/es\/wp-json\/wp\/v2\/users\/1"}],"replies":[{"embeddable":true,"href":"https:\/\/eriecohealthohio.com\/es\/wp-json\/wp\/v2\/comments?post=4381"}],"version-history":[{"count":0,"href":"https:\/\/eriecohealthohio.com\/es\/wp-json\/wp\/v2\/pages\/4381\/revisions"}],"up":[{"embeddable":true,"href":"https:\/\/eriecohealthohio.com\/es\/wp-json\/wp\/v2\/pages\/4360"}],"wp:attachment":[{"href":"https:\/\/eriecohealthohio.com\/es\/wp-json\/wp\/v2\/media?parent=4381"}],"curies":[{"name":"wp","href":"https:\/\/api.w.org\/{rel}","templated":true}]}}