{"id":4379,"date":"2022-07-14T17:11:11","date_gmt":"2022-07-14T17:11:11","guid":{"rendered":"https:\/\/eriecohealthohio.com\/?page_id=4379"},"modified":"2024-12-12T13:48:00","modified_gmt":"2024-12-12T17:48:00","slug":"planificacion-de-emergencias","status":"publish","type":"page","link":"https:\/\/eriecohealthohio.com\/es\/emergency-preparedness\/emergency-planning\/","title":{"rendered":"PLANIFICACI\u00d3N DE EMERGENCIAS"},"content":{"rendered":"<div data-elementor-type=\"wp-page\" data-elementor-id=\"4379\" class=\"elementor elementor-4379\" data-elementor-post-type=\"page\">\n\t\t\t\t\t\t<section data-particle_enable=\"false\" data-particle-mobile-disabled=\"false\" class=\"elementor-section elementor-top-section elementor-element elementor-element-4cda8087 elementor-section-boxed elementor-section-height-default elementor-section-height-default\" data-id=\"4cda8087\" data-element_type=\"section\" data-e-type=\"section\">\n\t\t\t\t\t\t<div class=\"elementor-container elementor-column-gap-default\">\n\t\t\t\t\t<div class=\"elementor-column elementor-col-100 elementor-top-column elementor-element elementor-element-3fc01664\" data-id=\"3fc01664\" data-element_type=\"column\" data-e-type=\"column\">\n\t\t\t<div class=\"elementor-widget-wrap elementor-element-populated\">\n\t\t\t\t\t\t<div class=\"elementor-element elementor-element-56c0a89c elementor-widget elementor-widget-image\" data-id=\"56c0a89c\" data-element_type=\"widget\" data-e-type=\"widget\" data-no-translation=\"\" data-widget_type=\"image.default\">\n\t\t\t\t<div class=\"elementor-widget-container\">\n\t\t\t\t\t<style>.elementor-element-56c0a89c{display:none !important}<\/style>\t\t\t\t<\/div>\n\t\t\t\t<\/div>\n\t\t\t\t\t<\/div>\n\t\t<\/div>\n\t\t\t\t\t<\/div>\n\t\t<\/section>\n\t\t\t\t<section data-particle_enable=\"false\" data-particle-mobile-disabled=\"false\" class=\"elementor-section elementor-top-section elementor-element elementor-element-01b5245 elementor-section-boxed elementor-section-height-default elementor-section-height-default\" data-id=\"01b5245\" data-element_type=\"section\" data-e-type=\"section\">\n\t\t\t\t\t\t<div class=\"elementor-container elementor-column-gap-default\">\n\t\t\t\t\t<div class=\"elementor-column elementor-col-100 elementor-top-column elementor-element elementor-element-c0e1fe9\" data-id=\"c0e1fe9\" data-element_type=\"column\" data-e-type=\"column\">\n\t\t\t<div class=\"elementor-widget-wrap elementor-element-populated\">\n\t\t\t\t\t\t<div class=\"elementor-element elementor-element-0f0c3fc elementor-widget elementor-widget-image\" data-id=\"0f0c3fc\" data-element_type=\"widget\" data-e-type=\"widget\" data-no-translation=\"\" data-widget_type=\"image.default\">\n\t\t\t\t<div class=\"elementor-widget-container\">\n\t\t\t\t\t\t\t\t\t\t\t\t\t\t\t<img fetchpriority=\"high\" decoding=\"async\" width=\"1600\" height=\"600\" src=\"https:\/\/eriecohealthohio.com\/wp-content\/uploads\/2023\/09\/Emergency-Preparedness-Spanish.png\" class=\"attachment-full size-full wp-image-14405\" alt=\"PREPARACI\u00d3N PARA EMERGENCIAS\" srcset=\"https:\/\/eriecohealthohio.com\/wp-content\/uploads\/2023\/09\/Emergency-Preparedness-Spanish.png 1600w, https:\/\/eriecohealthohio.com\/wp-content\/uploads\/2023\/09\/Emergency-Preparedness-Spanish-300x113.png 300w, https:\/\/eriecohealthohio.com\/wp-content\/uploads\/2023\/09\/Emergency-Preparedness-Spanish-1024x384.png 1024w, https:\/\/eriecohealthohio.com\/wp-content\/uploads\/2023\/09\/Emergency-Preparedness-Spanish-768x288.png 768w, https:\/\/eriecohealthohio.com\/wp-content\/uploads\/2023\/09\/Emergency-Preparedness-Spanish-1536x576.png 1536w, https:\/\/eriecohealthohio.com\/wp-content\/uploads\/2023\/09\/Emergency-Preparedness-Spanish-18x7.png 18w\" sizes=\"(max-width: 1600px) 100vw, 1600px\" \/>\t\t\t\t\t\t\t\t\t\t\t\t\t\t\t<\/div>\n\t\t\t\t<\/div>\n\t\t\t\t\t<\/div>\n\t\t<\/div>\n\t\t\t\t\t<\/div>\n\t\t<\/section>\n\t\t\t\t<section data-particle_enable=\"false\" data-particle-mobile-disabled=\"false\" class=\"elementor-section elementor-top-section elementor-element elementor-element-52000bd8 elementor-section-boxed elementor-section-height-default elementor-section-height-default\" data-id=\"52000bd8\" data-element_type=\"section\" data-e-type=\"section\">\n\t\t\t\t\t\t<div class=\"elementor-container elementor-column-gap-default\">\n\t\t\t\t\t<div class=\"elementor-column elementor-col-50 elementor-top-column elementor-element elementor-element-20703608\" data-id=\"20703608\" data-element_type=\"column\" data-e-type=\"column\">\n\t\t\t<div class=\"elementor-widget-wrap elementor-element-populated\">\n\t\t\t\t\t\t<div class=\"elementor-element elementor-element-63b6a599 elementor-align-center elementor-widget elementor-widget-button\" data-id=\"63b6a599\" data-element_type=\"widget\" data-e-type=\"widget\" data-widget_type=\"button.default\">\n\t\t\t\t<div class=\"elementor-widget-container\">\n\t\t\t\t\t\t\t\t\t<div class=\"elementor-button-wrapper\">\n\t\t\t\t\t<a class=\"elementor-button elementor-button-link elementor-size-lg\" href=\"https:\/\/eriecohealthohio.com\/es\/preparacion-para-emergencias\/planificacion-de-emergencias\/\">\n\t\t\t\t\t\t<span class=\"elementor-button-content-wrapper\">\n\t\t\t\t\t\t\t\t\t<span class=\"elementor-button-text\">PLANIFICACI\u00d3N DE EMERGENCIAS<\/span>\n\t\t\t\t\t<\/span>\n\t\t\t\t\t<\/a>\n\t\t\t\t<\/div>\n\t\t\t\t\t\t\t\t<\/div>\n\t\t\t\t<\/div>\n\t\t\t\t\t<\/div>\n\t\t<\/div>\n\t\t\t\t<div class=\"elementor-column elementor-col-50 elementor-top-column elementor-element elementor-element-7638df4\" data-id=\"7638df4\" data-element_type=\"column\" data-e-type=\"column\">\n\t\t\t<div class=\"elementor-widget-wrap elementor-element-populated\">\n\t\t\t\t\t\t<div class=\"elementor-element elementor-element-461f1ae9 elementor-align-center elementor-widget elementor-widget-button\" data-id=\"461f1ae9\" data-element_type=\"widget\" data-e-type=\"widget\" data-widget_type=\"button.default\">\n\t\t\t\t<div class=\"elementor-widget-container\">\n\t\t\t\t\t\t\t\t\t<div class=\"elementor-button-wrapper\">\n\t\t\t\t\t<a class=\"elementor-button elementor-button-link elementor-size-lg\" href=\"https:\/\/eriecohealthohio.com\/es\/preparacion-para-emergencias\/recursos-de-preparacion-ante-emergencias\/\">\n\t\t\t\t\t\t<span class=\"elementor-button-content-wrapper\">\n\t\t\t\t\t\t\t\t\t<span class=\"elementor-button-text\">RECURSOS<\/span>\n\t\t\t\t\t<\/span>\n\t\t\t\t\t<\/a>\n\t\t\t\t<\/div>\n\t\t\t\t\t\t\t\t<\/div>\n\t\t\t\t<\/div>\n\t\t\t\t\t<\/div>\n\t\t<\/div>\n\t\t\t\t\t<\/div>\n\t\t<\/section>\n\t\t\t\t<section data-particle_enable=\"false\" data-particle-mobile-disabled=\"false\" class=\"elementor-section elementor-top-section elementor-element elementor-element-3e44b8f6 elementor-section-boxed elementor-section-height-default elementor-section-height-default\" data-id=\"3e44b8f6\" data-element_type=\"section\" data-e-type=\"section\">\n\t\t\t\t\t\t<div class=\"elementor-container elementor-column-gap-default\">\n\t\t\t\t\t<div class=\"elementor-column elementor-col-100 elementor-top-column elementor-element elementor-element-1dc89498\" data-id=\"1dc89498\" data-element_type=\"column\" data-e-type=\"column\">\n\t\t\t<div class=\"elementor-widget-wrap elementor-element-populated\">\n\t\t\t\t\t\t<div class=\"elementor-element elementor-element-1404ee43 elementor-widget elementor-widget-text-editor\" data-id=\"1404ee43\" data-element_type=\"widget\" data-e-type=\"widget\" data-widget_type=\"text-editor.default\">\n\t\t\t\t<div class=\"elementor-widget-container\">\n\t\t\t\t\t\t\t\t\t<h4>PREPARACI\u00d3N PARA EMERGENCIAS - PLANIFICACI\u00d3N DE EMERGENCIAS<\/h4><p>Hay medidas que puede tomar para prepararse y preparar a su familia para una emergencia inesperada. Navegue por esta p\u00e1gina para obtener informaci\u00f3n sobre la preparaci\u00f3n ante cat\u00e1strofes y consejos de limpieza que le ayudar\u00e1n a reducir el riesgo de enfermedades que pueden provocar las cat\u00e1strofes.<\/p><ul><li><p><strong>KIT B\u00c1SICO DE SUMINISTROS PARA CAT\u00c1STROFES:<\/strong><br \/>Los kits de emergencia compuestos por agua, alimentos no perecederos, material m\u00e9dico, linternas, pilas, radio meteorol\u00f3gica, tel\u00e9fonos m\u00f3viles y dispositivos de carga son algunos, pero no todos, de los art\u00edculos que conviene tener disponibles en momentos de emergencia.\u00a0<\/p><\/li><\/ul><p><strong><a href=\"https:\/\/www.ready.gov\/sites\/default\/files\/2021-02\/ready_checklist.pdf\" target=\"_blank\" rel=\"noopener\">Pulse aqu\u00ed <\/a><\/strong>para asegurarse de que su kit de emergencia est\u00e1 provisto de los elementos de esta lista de comprobaci\u00f3n: <strong><a href=\"https:\/\/www.ready.gov\/sites\/default\/files\/2021-02\/ready_checklist.pdf\" target=\"_blank\" rel=\"noopener\">Lista de suministros de emergencia<\/a><\/strong><\/p><ul><li><strong>HAZ UN PLAN: <br \/><\/strong>Haga un plan hoy mismo. Es posible que su familia no est\u00e9 reunida si se produce una cat\u00e1strofe, por lo que es importante saber qu\u00e9\u00a0<a href=\"http:\/\/www.ready.gov\/be-informed\" target=\"_blank\" rel=\"noopener\">tipos de cat\u00e1strofes <\/a>puede afectar a su zona. Es importante que adapte sus planes y suministros a sus necesidades y responsabilidades cotidianas en funci\u00f3n de su familia concreta.<\/li><\/ul><p><strong><br \/><a href=\"https:\/\/www.ready.gov\/sites\/default\/files\/2021-04\/family-emergency-communication-plan.pdf\" target=\"_blank\" rel=\"noopener\">Pulse aqu\u00ed <\/a><\/strong>para descargar una gu\u00eda para crear su propio plan de emergencia familiar en caso de emergencia: <a href=\"https:\/\/www.ready.gov\/sites\/default\/files\/2021-04\/family-emergency-communication-plan.pdf\" target=\"_blank\" rel=\"noopener\">Cree su plan de comunicaci\u00f3n familiar<\/a><\/p><ul><li><strong><strong>Recursos adicionales para la planificaci\u00f3n de emergencias:<\/strong><\/strong><p>\u00a0<\/p><ul><li><strong>Gu\u00eda de alertas y avisos: <\/strong><a href=\"https:\/\/www.ready.gov\/sites\/default\/files\/2022-02\/fema_guide-for-alerts-and-warnings_2021.pdf.pdf\" target=\"_blank\" rel=\"noopener\">Gu\u00eda de alertas y avisos<\/a><\/li><li><strong>Fichas de informaci\u00f3n de riesgos: <\/strong><a href=\"https:\/\/www.ready.gov\/sites\/default\/files\/2021-01\/ready_full-suite_hazard-info-sheets.pdf\" target=\"_blank\" rel=\"noopener\">Conjunto completo de fichas de datos de seguridad<\/a><\/li><li><strong>12 maneras de prepararse: <\/strong><a href=\"https:\/\/www.ready.gov\/sites\/default\/files\/2021-06\/ready_12-ways-to-prepare_postcard.pdf\" target=\"_blank\" rel=\"noopener\">12 formas de prepararse<\/a><\/li><\/ul><\/li><\/ul>\t\t\t\t\t\t\t\t<\/div>\n\t\t\t\t<\/div>\n\t\t\t\t\t<\/div>\n\t\t<\/div>\n\t\t\t\t\t<\/div>\n\t\t<\/section>\n\t\t\t\t<\/div>","protected":false},"excerpt":{"rendered":"<p>EMERGENCY PLANNING RESOURCES EMERGENCY PREPAREDNESS &#8211; EMERGENCY PLANNING There are steps you can take to prepare yourself and your family for an unexpected emergency. Browse this page for\u00a0information about disaster preparedness and cleanup tips to help reduce the risk of illness that disaster conditions can bring. BASIC DIASTER SUPPLIES KIT:Emergency kits consisting of water, non-perishable [&hellip;]<\/p>\n","protected":false},"author":1,"featured_media":0,"parent":4360,"menu_order":0,"comment_status":"closed","ping_status":"closed","template":"","meta":{"footnotes":"","_links_to":"","_links_to_target":""},"class_list":["post-4379","page","type-page","status-publish","hentry"],"_links":{"self":[{"href":"https:\/\/eriecohealthohio.com\/es\/wp-json\/wp\/v2\/pages\/4379","targetHints":{"allow":["GET"]}}],"collection":[{"href":"https:\/\/eriecohealthohio.com\/es\/wp-json\/wp\/v2\/pages"}],"about":[{"href":"https:\/\/eriecohealthohio.com\/es\/wp-json\/wp\/v2\/types\/page"}],"author":[{"embeddable":true,"href":"https:\/\/eriecohealthohio.com\/es\/wp-json\/wp\/v2\/users\/1"}],"replies":[{"embeddable":true,"href":"https:\/\/eriecohealthohio.com\/es\/wp-json\/wp\/v2\/comments?post=4379"}],"version-history":[{"count":0,"href":"https:\/\/eriecohealthohio.com\/es\/wp-json\/wp\/v2\/pages\/4379\/revisions"}],"up":[{"embeddable":true,"href":"https:\/\/eriecohealthohio.com\/es\/wp-json\/wp\/v2\/pages\/4360"}],"wp:attachment":[{"href":"https:\/\/eriecohealthohio.com\/es\/wp-json\/wp\/v2\/media?parent=4379"}],"curies":[{"name":"wp","href":"https:\/\/api.w.org\/{rel}","templated":true}]}}