{"id":4360,"date":"2022-07-14T16:57:28","date_gmt":"2022-07-14T16:57:28","guid":{"rendered":"https:\/\/eriecohealthohio.com\/?page_id=4360"},"modified":"2024-12-12T13:46:26","modified_gmt":"2024-12-12T17:46:26","slug":"preparacion-para-emergencias","status":"publish","type":"page","link":"https:\/\/eriecohealthohio.com\/es\/emergency-preparedness\/","title":{"rendered":"PREPARACI\u00d3N PARA EMERGENCIAS"},"content":{"rendered":"<div data-elementor-type=\"wp-page\" data-elementor-id=\"4360\" class=\"elementor elementor-4360\" data-elementor-post-type=\"page\">\n\t\t\t\t\t\t<section data-particle_enable=\"false\" data-particle-mobile-disabled=\"false\" class=\"elementor-section elementor-top-section elementor-element elementor-element-38f9c839 elementor-section-boxed elementor-section-height-default elementor-section-height-default\" data-id=\"38f9c839\" data-element_type=\"section\" data-e-type=\"section\">\n\t\t\t\t\t\t<div class=\"elementor-container elementor-column-gap-default\">\n\t\t\t\t\t<div class=\"elementor-column elementor-col-100 elementor-top-column elementor-element elementor-element-3a0036e5\" data-id=\"3a0036e5\" data-element_type=\"column\" data-e-type=\"column\">\n\t\t\t<div class=\"elementor-widget-wrap elementor-element-populated\">\n\t\t\t\t\t\t<div class=\"elementor-element elementor-element-1c0f29c elementor-widget elementor-widget-image\" data-id=\"1c0f29c\" data-element_type=\"widget\" data-e-type=\"widget\" data-no-translation=\"\" data-widget_type=\"image.default\">\n\t\t\t\t<div class=\"elementor-widget-container\">\n\t\t\t\t\t<style>.elementor-element-1c0f29c{display:none !important}<\/style>\t\t\t\t<\/div>\n\t\t\t\t<\/div>\n\t\t\t\t\t<\/div>\n\t\t<\/div>\n\t\t\t\t\t<\/div>\n\t\t<\/section>\n\t\t\t\t<section data-particle_enable=\"false\" data-particle-mobile-disabled=\"false\" class=\"elementor-section elementor-top-section elementor-element elementor-element-f82efdd elementor-section-boxed elementor-section-height-default elementor-section-height-default\" data-id=\"f82efdd\" data-element_type=\"section\" data-e-type=\"section\">\n\t\t\t\t\t\t<div class=\"elementor-container elementor-column-gap-default\">\n\t\t\t\t\t<div class=\"elementor-column elementor-col-100 elementor-top-column elementor-element elementor-element-7680165\" data-id=\"7680165\" data-element_type=\"column\" data-e-type=\"column\">\n\t\t\t<div class=\"elementor-widget-wrap elementor-element-populated\">\n\t\t\t\t\t\t<div class=\"elementor-element elementor-element-230411f elementor-widget elementor-widget-image\" data-id=\"230411f\" data-element_type=\"widget\" data-e-type=\"widget\" data-no-translation=\"\" data-widget_type=\"image.default\">\n\t\t\t\t<div class=\"elementor-widget-container\">\n\t\t\t\t\t\t\t\t\t\t\t\t\t\t\t<img fetchpriority=\"high\" decoding=\"async\" width=\"1600\" height=\"600\" src=\"https:\/\/eriecohealthohio.com\/wp-content\/uploads\/2023\/09\/Emergency-Preparedness-Spanish.png\" class=\"attachment-full size-full wp-image-14405\" alt=\"PREPARACI\u00d3N PARA EMERGENCIAS\" srcset=\"https:\/\/eriecohealthohio.com\/wp-content\/uploads\/2023\/09\/Emergency-Preparedness-Spanish.png 1600w, https:\/\/eriecohealthohio.com\/wp-content\/uploads\/2023\/09\/Emergency-Preparedness-Spanish-300x113.png 300w, https:\/\/eriecohealthohio.com\/wp-content\/uploads\/2023\/09\/Emergency-Preparedness-Spanish-1024x384.png 1024w, https:\/\/eriecohealthohio.com\/wp-content\/uploads\/2023\/09\/Emergency-Preparedness-Spanish-768x288.png 768w, https:\/\/eriecohealthohio.com\/wp-content\/uploads\/2023\/09\/Emergency-Preparedness-Spanish-1536x576.png 1536w, https:\/\/eriecohealthohio.com\/wp-content\/uploads\/2023\/09\/Emergency-Preparedness-Spanish-18x7.png 18w\" sizes=\"(max-width: 1600px) 100vw, 1600px\" \/>\t\t\t\t\t\t\t\t\t\t\t\t\t\t\t<\/div>\n\t\t\t\t<\/div>\n\t\t\t\t\t<\/div>\n\t\t<\/div>\n\t\t\t\t\t<\/div>\n\t\t<\/section>\n\t\t\t\t<section data-particle_enable=\"false\" data-particle-mobile-disabled=\"false\" class=\"elementor-section elementor-top-section elementor-element elementor-element-b767ca4 elementor-section-boxed elementor-section-height-default elementor-section-height-default\" data-id=\"b767ca4\" data-element_type=\"section\" data-e-type=\"section\">\n\t\t\t\t\t\t<div class=\"elementor-container elementor-column-gap-default\">\n\t\t\t\t\t<div class=\"elementor-column elementor-col-50 elementor-top-column elementor-element elementor-element-3e36034\" data-id=\"3e36034\" data-element_type=\"column\" data-e-type=\"column\">\n\t\t\t<div class=\"elementor-widget-wrap elementor-element-populated\">\n\t\t\t\t\t\t<div class=\"elementor-element elementor-element-a25a3dd elementor-align-center elementor-widget elementor-widget-button\" data-id=\"a25a3dd\" data-element_type=\"widget\" data-e-type=\"widget\" data-widget_type=\"button.default\">\n\t\t\t\t<div class=\"elementor-widget-container\">\n\t\t\t\t\t\t\t\t\t<div class=\"elementor-button-wrapper\">\n\t\t\t\t\t<a class=\"elementor-button elementor-button-link elementor-size-lg\" href=\"https:\/\/eriecohealthohio.com\/es\/preparacion-para-emergencias\/planificacion-de-emergencias\/\">\n\t\t\t\t\t\t<span class=\"elementor-button-content-wrapper\">\n\t\t\t\t\t\t\t\t\t<span class=\"elementor-button-text\">PLANIFICACI\u00d3N DE EMERGENCIAS<\/span>\n\t\t\t\t\t<\/span>\n\t\t\t\t\t<\/a>\n\t\t\t\t<\/div>\n\t\t\t\t\t\t\t\t<\/div>\n\t\t\t\t<\/div>\n\t\t\t\t\t<\/div>\n\t\t<\/div>\n\t\t\t\t<div class=\"elementor-column elementor-col-50 elementor-top-column elementor-element elementor-element-0226f94\" data-id=\"0226f94\" data-element_type=\"column\" data-e-type=\"column\">\n\t\t\t<div class=\"elementor-widget-wrap elementor-element-populated\">\n\t\t\t\t\t\t<div class=\"elementor-element elementor-element-74d013e elementor-align-center elementor-widget elementor-widget-button\" data-id=\"74d013e\" data-element_type=\"widget\" data-e-type=\"widget\" data-widget_type=\"button.default\">\n\t\t\t\t<div class=\"elementor-widget-container\">\n\t\t\t\t\t\t\t\t\t<div class=\"elementor-button-wrapper\">\n\t\t\t\t\t<a class=\"elementor-button elementor-button-link elementor-size-lg\" href=\"https:\/\/eriecohealthohio.com\/es\/preparacion-para-emergencias\/recursos-de-preparacion-ante-emergencias\/\">\n\t\t\t\t\t\t<span class=\"elementor-button-content-wrapper\">\n\t\t\t\t\t\t\t\t\t<span class=\"elementor-button-text\">RECURSOS<\/span>\n\t\t\t\t\t<\/span>\n\t\t\t\t\t<\/a>\n\t\t\t\t<\/div>\n\t\t\t\t\t\t\t\t<\/div>\n\t\t\t\t<\/div>\n\t\t\t\t\t<\/div>\n\t\t<\/div>\n\t\t\t\t\t<\/div>\n\t\t<\/section>\n\t\t\t\t<section data-particle_enable=\"false\" data-particle-mobile-disabled=\"false\" class=\"elementor-section elementor-top-section elementor-element elementor-element-214dd162 elementor-section-boxed elementor-section-height-default elementor-section-height-default\" data-id=\"214dd162\" data-element_type=\"section\" data-e-type=\"section\">\n\t\t\t\t\t\t<div class=\"elementor-container elementor-column-gap-default\">\n\t\t\t\t\t<div class=\"elementor-column elementor-col-100 elementor-top-column elementor-element elementor-element-2fd7f876\" data-id=\"2fd7f876\" data-element_type=\"column\" data-e-type=\"column\">\n\t\t\t<div class=\"elementor-widget-wrap elementor-element-populated\">\n\t\t\t\t\t\t<div class=\"elementor-element elementor-element-7670c990 elementor-widget elementor-widget-text-editor\" data-id=\"7670c990\" data-element_type=\"widget\" data-e-type=\"widget\" data-widget_type=\"text-editor.default\">\n\t\t\t\t<div class=\"elementor-widget-container\">\n\t\t\t\t\t\t\t\t\t<h4>PREPARACI\u00d3N PARA EMERGENCIAS<\/h4><p>Un acontecimiento o situaci\u00f3n que designe una emergencia de salud p\u00fablica exigir\u00eda una actuaci\u00f3n inmediata por parte de los sistemas sanitarios locales, estatales o federales para mantener la salud p\u00fablica dentro de la comunidad y prevenir o disminuir las lesiones o enfermedades que se produzcan como consecuencia del acontecimiento.  Estas situaciones de emergencia pueden ser de origen natural o humano.  En cualquier caso, estar preparado para estos sucesos ayudar\u00e1 a mitigar los da\u00f1os y perjuicios causados a personas y bienes.<\/p><p><strong>Para informar de una emergencia sanitaria local, marque el 911 para que le conecten con el sistema local de respuesta a emergencias.<\/strong><\/p><h5>INFORMACI\u00d3N SOBRE EL SISTEMA DE NOTIFICACI\u00d3N DEL CONDADO DE ERIE<\/h5><p>El Sistema de Notificaci\u00f3n del Condado de Erie proporciona notificaciones a los residentes de todo el Condado de Erie. Las opciones de notificaci\u00f3n incluyen informaci\u00f3n sobre condiciones meteorol\u00f3gicas adversas, niveles de advertencia sobre el estado de las carreteras en invierno, cierres de carreteras o desv\u00edos y mensajes espec\u00edficos de la Comunidad. Registrarse s\u00f3lo lleva unos minutos.  Las notificaciones pueden enviarse por SMS, correo electr\u00f3nico o mensaje de voz. Para inscribirse en el programa, los residentes pueden visitar\u00a0<a href=\"https:\/\/entry.inspironlogistics.com\/erie_oh\/wens.cfm\" target=\"_blank\" rel=\"noopener\">esta p\u00e1gina<\/a>\u00a0y elegir qu\u00e9 alertas desean recibir.\u00a0<\/p><p><a href=\"https:\/\/entry.inspironlogistics.com\/erie_oh\/wens.cfm\" target=\"_blank\" rel=\"noopener\">Condado de Erie, OH WENS (inspironlogistics.com)<\/a><\/p>\t\t\t\t\t\t\t\t<\/div>\n\t\t\t\t<\/div>\n\t\t\t\t\t<\/div>\n\t\t<\/div>\n\t\t\t\t\t<\/div>\n\t\t<\/section>\n\t\t\t\t<\/div>","protected":false},"excerpt":{"rendered":"<p>EMERGENCY PLANNING RESOURCES EMERGENCY PREPAREDNESS An event or situation designating a public health emergency would demand immediate action on the part of local, state, or federal health systems to maintain public health within the community and prevent or lessen injury or disease occurring as a result of the event.\u00a0 These emergency events or situations could [&hellip;]<\/p>\n","protected":false},"author":1,"featured_media":0,"parent":0,"menu_order":0,"comment_status":"closed","ping_status":"closed","template":"","meta":{"footnotes":"","_links_to":"","_links_to_target":""},"class_list":["post-4360","page","type-page","status-publish","hentry"],"_links":{"self":[{"href":"https:\/\/eriecohealthohio.com\/es\/wp-json\/wp\/v2\/pages\/4360","targetHints":{"allow":["GET"]}}],"collection":[{"href":"https:\/\/eriecohealthohio.com\/es\/wp-json\/wp\/v2\/pages"}],"about":[{"href":"https:\/\/eriecohealthohio.com\/es\/wp-json\/wp\/v2\/types\/page"}],"author":[{"embeddable":true,"href":"https:\/\/eriecohealthohio.com\/es\/wp-json\/wp\/v2\/users\/1"}],"replies":[{"embeddable":true,"href":"https:\/\/eriecohealthohio.com\/es\/wp-json\/wp\/v2\/comments?post=4360"}],"version-history":[{"count":0,"href":"https:\/\/eriecohealthohio.com\/es\/wp-json\/wp\/v2\/pages\/4360\/revisions"}],"wp:attachment":[{"href":"https:\/\/eriecohealthohio.com\/es\/wp-json\/wp\/v2\/media?parent=4360"}],"curies":[{"name":"wp","href":"https:\/\/api.w.org\/{rel}","templated":true}]}}