{"id":4146,"date":"2022-07-14T10:20:37","date_gmt":"2022-07-14T10:20:37","guid":{"rendered":"https:\/\/eriecohealthohio.com\/?page_id=4146"},"modified":"2024-12-17T11:42:25","modified_gmt":"2024-12-17T15:42:25","slug":"determinantes-sociales-de-la-salud","status":"publish","type":"page","link":"https:\/\/eriecohealthohio.com\/es\/social-determinants-of-health\/","title":{"rendered":"DETERMINANTES SOCIALES DE LA SALUD"},"content":{"rendered":"<div data-elementor-type=\"wp-page\" data-elementor-id=\"4146\" class=\"elementor elementor-4146\" data-elementor-post-type=\"page\">\n\t\t\t\t\t\t<section data-particle_enable=\"false\" data-particle-mobile-disabled=\"false\" class=\"elementor-section elementor-top-section elementor-element elementor-element-313ae79f elementor-section-boxed elementor-section-height-default elementor-section-height-default\" data-id=\"313ae79f\" data-element_type=\"section\" data-e-type=\"section\">\n\t\t\t\t\t\t<div class=\"elementor-container elementor-column-gap-default\">\n\t\t\t\t\t<div class=\"elementor-column elementor-col-100 elementor-top-column elementor-element elementor-element-7a0c02d6\" data-id=\"7a0c02d6\" data-element_type=\"column\" data-e-type=\"column\">\n\t\t\t<div class=\"elementor-widget-wrap elementor-element-populated\">\n\t\t\t\t\t\t<div class=\"elementor-element elementor-element-d90dbf3 elementor-widget elementor-widget-image\" data-id=\"d90dbf3\" data-element_type=\"widget\" data-e-type=\"widget\" data-widget_type=\"image.default\">\n\t\t\t\t<div class=\"elementor-widget-container\">\n\t\t\t\t\t\t\t\t\t\t\t\t\t\t\t\t<a href=\"https:\/\/eriecohealthohio.com\/es\/determinantes-sociales-de-la-salud\/\">\n\t\t\t\t\t\t\t<img fetchpriority=\"high\" decoding=\"async\" width=\"1600\" height=\"600\" src=\"https:\/\/eriecohealthohio.com\/wp-content\/uploads\/2023\/09\/SDOH-Spanish.png\" class=\"attachment-full size-full wp-image-4155\" alt=\"Determinantes sociales Banner\" srcset=\"https:\/\/eriecohealthohio.com\/wp-content\/uploads\/2023\/09\/SDOH-Spanish.png 1600w, https:\/\/eriecohealthohio.com\/wp-content\/uploads\/2023\/09\/SDOH-Spanish-300x113.png 300w, https:\/\/eriecohealthohio.com\/wp-content\/uploads\/2023\/09\/SDOH-Spanish-1024x384.png 1024w, https:\/\/eriecohealthohio.com\/wp-content\/uploads\/2023\/09\/SDOH-Spanish-768x288.png 768w, https:\/\/eriecohealthohio.com\/wp-content\/uploads\/2023\/09\/SDOH-Spanish-1536x576.png 1536w, https:\/\/eriecohealthohio.com\/wp-content\/uploads\/2023\/09\/SDOH-Spanish-18x7.png 18w\" sizes=\"(max-width: 1600px) 100vw, 1600px\" \/>\t\t\t\t\t\t\t\t<\/a>\n\t\t\t\t\t\t\t\t\t\t\t\t\t\t\t<\/div>\n\t\t\t\t<\/div>\n\t\t\t\t\t<\/div>\n\t\t<\/div>\n\t\t\t\t\t<\/div>\n\t\t<\/section>\n\t\t\t\t<section data-particle_enable=\"false\" data-particle-mobile-disabled=\"false\" class=\"elementor-section elementor-top-section elementor-element elementor-element-23e5952 elementor-section-boxed elementor-section-height-default elementor-section-height-default\" data-id=\"23e5952\" data-element_type=\"section\" data-e-type=\"section\">\n\t\t\t\t\t\t<div class=\"elementor-container elementor-column-gap-default\">\n\t\t\t\t\t<div class=\"elementor-column elementor-col-33 elementor-top-column elementor-element elementor-element-c9f9043\" data-id=\"c9f9043\" data-element_type=\"column\" data-e-type=\"column\">\n\t\t\t<div class=\"elementor-widget-wrap elementor-element-populated\">\n\t\t\t\t\t\t<div class=\"elementor-element elementor-element-bbe3c55 elementor-align-center elementor-widget elementor-widget-button\" data-id=\"bbe3c55\" data-element_type=\"widget\" data-e-type=\"widget\" data-widget_type=\"button.default\">\n\t\t\t\t<div class=\"elementor-widget-container\">\n\t\t\t\t\t\t\t\t\t<div class=\"elementor-button-wrapper\">\n\t\t\t\t\t<a class=\"elementor-button elementor-button-link elementor-size-lg\" href=\"https:\/\/eriecohealthohio.com\/es\/determinantes-sociales-de-la-salud\/evaluacion-de-la-salud-comunitaria\/\">\n\t\t\t\t\t\t<span class=\"elementor-button-content-wrapper\">\n\t\t\t\t\t\t\t\t\t<span class=\"elementor-button-text\">SALUD <br \/>EVALUACI\u00d3N<\/span>\n\t\t\t\t\t<\/span>\n\t\t\t\t\t<\/a>\n\t\t\t\t<\/div>\n\t\t\t\t\t\t\t\t<\/div>\n\t\t\t\t<\/div>\n\t\t\t\t\t<\/div>\n\t\t<\/div>\n\t\t\t\t<div class=\"elementor-column elementor-col-33 elementor-top-column elementor-element elementor-element-c1b20b2\" data-id=\"c1b20b2\" data-element_type=\"column\" data-e-type=\"column\">\n\t\t\t<div class=\"elementor-widget-wrap elementor-element-populated\">\n\t\t\t\t\t\t<div class=\"elementor-element elementor-element-39ca615 elementor-align-center elementor-widget elementor-widget-button\" data-id=\"39ca615\" data-element_type=\"widget\" data-e-type=\"widget\" data-widget_type=\"button.default\">\n\t\t\t\t<div class=\"elementor-widget-container\">\n\t\t\t\t\t\t\t\t\t<div class=\"elementor-button-wrapper\">\n\t\t\t\t\t<a class=\"elementor-button elementor-button-link elementor-size-lg\" href=\"https:\/\/eriecohealthohio.com\/es\/determinantes-sociales-de-la-salud\/plan-comunitario-de-mejora-de-la-salud\/\">\n\t\t\t\t\t\t<span class=\"elementor-button-content-wrapper\">\n\t\t\t\t\t\t\t\t\t<span class=\"elementor-button-text\">MEJORA <br \/>PLAN<\/span>\n\t\t\t\t\t<\/span>\n\t\t\t\t\t<\/a>\n\t\t\t\t<\/div>\n\t\t\t\t\t\t\t\t<\/div>\n\t\t\t\t<\/div>\n\t\t\t\t\t<\/div>\n\t\t<\/div>\n\t\t\t\t<div class=\"elementor-column elementor-col-33 elementor-top-column elementor-element elementor-element-8686368\" data-id=\"8686368\" data-element_type=\"column\" data-e-type=\"column\">\n\t\t\t<div class=\"elementor-widget-wrap elementor-element-populated\">\n\t\t\t\t\t\t<div class=\"elementor-element elementor-element-a59e4df elementor-align-center elementor-widget elementor-widget-button\" data-id=\"a59e4df\" data-element_type=\"widget\" data-e-type=\"widget\" data-widget_type=\"button.default\">\n\t\t\t\t<div class=\"elementor-widget-container\">\n\t\t\t\t\t\t\t\t\t<div class=\"elementor-button-wrapper\">\n\t\t\t\t\t<a class=\"elementor-button elementor-button-link elementor-size-lg\" href=\"https:\/\/eriecohealthohio.com\/es\/determinantes-sociales-de-la-salud\/contacto-con-los-determinantes-sociales-de-la-salud\/\">\n\t\t\t\t\t\t<span class=\"elementor-button-content-wrapper\">\n\t\t\t\t\t\t\t\t\t<span class=\"elementor-button-text\">CONTACTO<\/span>\n\t\t\t\t\t<\/span>\n\t\t\t\t\t<\/a>\n\t\t\t\t<\/div>\n\t\t\t\t\t\t\t\t<\/div>\n\t\t\t\t<\/div>\n\t\t\t\t\t<\/div>\n\t\t<\/div>\n\t\t\t\t\t<\/div>\n\t\t<\/section>\n\t\t\t\t<section data-particle_enable=\"false\" data-particle-mobile-disabled=\"false\" class=\"elementor-section elementor-top-section elementor-element elementor-element-54e5549d elementor-section-boxed elementor-section-height-default elementor-section-height-default\" data-id=\"54e5549d\" data-element_type=\"section\" data-e-type=\"section\">\n\t\t\t\t\t\t<div class=\"elementor-container elementor-column-gap-default\">\n\t\t\t\t\t<div class=\"elementor-column elementor-col-100 elementor-top-column elementor-element elementor-element-5643a69d\" data-id=\"5643a69d\" data-element_type=\"column\" data-e-type=\"column\">\n\t\t\t<div class=\"elementor-widget-wrap elementor-element-populated\">\n\t\t\t\t\t\t<div class=\"elementor-element elementor-element-60980a2 elementor-widget elementor-widget-text-editor\" data-id=\"60980a2\" data-element_type=\"widget\" data-e-type=\"widget\" data-widget_type=\"text-editor.default\">\n\t\t\t\t<div class=\"elementor-widget-container\">\n\t\t\t\t\t\t\t\t\t<h4><span class=\"JsGRdQ\">DETERMINANTES SOCIALES DE LA SALUD <\/span>- ACERCA DE<\/h4><p>Los determinantes sociales de la salud (DSS) son las condiciones del entorno en el que las personas nacen, viven, aprenden, trabajan, juegan, practican su religi\u00f3n y envejecen, que afectan a una amplia gama de resultados y riesgos para la salud, el funcionamiento y la calidad de vida.<\/p><p>Los SDOH pueden agruparse en 5 \u00e1mbitos:<\/p><ul><li>Estabilidad econ\u00f3mica<\/li><li>Acceso y calidad de la educaci\u00f3n<\/li><li>Acceso y calidad de la atenci\u00f3n sanitaria<\/li><li>Entorno vecinal y construido<\/li><li>Contexto social y comunitario<\/li><\/ul><p>Los determinantes sociales de la salud (DSS) tienen un gran impacto en la salud, el bienestar y la calidad de vida de las personas. Algunos ejemplos de SDOH son:<\/p><ul><li>Vivienda, transporte y barrios seguros<\/li><li>Racismo, discriminaci\u00f3n y violencia<\/li><li>Educaci\u00f3n, oportunidades laborales e ingresos<\/li><li>Acceso a alimentos nutritivos y oportunidades de actividad f\u00edsica<\/li><li>Aire y agua contaminados<\/li><li>Competencias ling\u00fc\u00edsticas y de lectura y escritura<\/li><\/ul><p>Los SDOH tambi\u00e9n contribuyen a grandes disparidades y desigualdades sanitarias. Por ejemplo, las personas que no tienen acceso a tiendas de comestibles con alimentos sanos tienen menos probabilidades de disfrutar de una buena nutrici\u00f3n. Esto aumenta el riesgo de padecer enfermedades cardiovasculares, diabetes y obesidad, e incluso reduce la esperanza de vida en comparaci\u00f3n con las personas que s\u00ed tienen acceso a alimentos saludables.<\/p><p>La mera promoci\u00f3n de opciones saludables no eliminar\u00e1 estas y otras disparidades sanitarias. Por el contrario, las organizaciones de salud p\u00fablica y sus socios en sectores como la educaci\u00f3n, el transporte y la vivienda deben tomar medidas para mejorar las condiciones del entorno de las personas.<\/p><h5>ESTABILIDAD ECON\u00d3MICA<\/h5><p>La conexi\u00f3n entre los recursos financieros de que disponen las personas -ingresos, coste de la vida y estatus socioecon\u00f3mico- y su salud. Este \u00e1mbito incluye cuestiones clave como la pobreza, el empleo, la seguridad alimentaria y la estabilidad de la vivienda.<\/p><h5>ACCESO Y CALIDAD DE LA EDUCACI\u00d3N<\/h5><p>La conexi\u00f3n de la educaci\u00f3n con la salud y el bienestar. Este \u00e1mbito incluye cuestiones clave como la graduaci\u00f3n en la ense\u00f1anza secundaria, la matriculaci\u00f3n en la ense\u00f1anza superior, el nivel educativo en general, la lengua y la alfabetizaci\u00f3n, y la educaci\u00f3n y el desarrollo de la primera infancia.<\/p><h5>ACCESO Y CALIDAD DE LA ATENCI\u00d3N SANITARIA<\/h5><p>La conexi\u00f3n entre el acceso de las personas a los servicios sanitarios y su comprensi\u00f3n de los mismos y su propia salud. Este \u00e1mbito incluye cuestiones clave como el acceso a la asistencia sanitaria, el acceso a la atenci\u00f3n primaria, la cobertura del seguro m\u00e9dico y los conocimientos sanitarios.<\/p><h5>VECINDARIO Y ENTORNO CONSTRUIDO<\/h5><p>La conexi\u00f3n entre el lugar donde vive una persona -vivienda, vecindario y entorno- y su salud y bienestar. Esto incluye temas como la calidad de la vivienda, el acceso al transporte, la disponibilidad de alimentos saludables, la calidad del aire y del agua, y la delincuencia y la violencia en el vecindario.<\/p><h5>CONTEXTO SOCIAL Y COMUNITARIO<\/h5><p>La conexi\u00f3n entre las caracter\u00edsticas de los contextos en los que las personas viven, aprenden, trabajan y juegan, y su salud y bienestar. Incluye temas como la cohesi\u00f3n dentro de una comunidad, la participaci\u00f3n c\u00edvica, la discriminaci\u00f3n, las condiciones en el lugar de trabajo y el encarcelamiento.<\/p>\t\t\t\t\t\t\t\t<\/div>\n\t\t\t\t<\/div>\n\t\t\t\t\t<\/div>\n\t\t<\/div>\n\t\t\t\t\t<\/div>\n\t\t<\/section>\n\t\t\t\t<section data-particle_enable=\"false\" data-particle-mobile-disabled=\"false\" class=\"elementor-section elementor-top-section elementor-element elementor-element-f1f7e01 elementor-section-boxed elementor-section-height-default elementor-section-height-default\" data-id=\"f1f7e01\" data-element_type=\"section\" data-e-type=\"section\">\n\t\t\t\t\t\t<div class=\"elementor-container elementor-column-gap-default\">\n\t\t\t\t\t<div class=\"elementor-column elementor-col-100 elementor-top-column elementor-element elementor-element-69b0b12\" data-id=\"69b0b12\" data-element_type=\"column\" data-e-type=\"column\">\n\t\t\t<div class=\"elementor-widget-wrap elementor-element-populated\">\n\t\t\t\t\t\t<div class=\"elementor-element elementor-element-bbc4944 elementor-widget elementor-widget-text-editor\" data-id=\"bbc4944\" data-element_type=\"widget\" data-e-type=\"widget\" data-widget_type=\"text-editor.default\">\n\t\t\t\t<div class=\"elementor-widget-container\">\n\t\t\t\t\t\t\t\t\t<h4><span class=\"JsGRdQ\">DETERMINANTES SOCIALES DE LA SALUD <\/span>- RECURSOS<\/h4>\t\t\t\t\t\t\t\t<\/div>\n\t\t\t\t<\/div>\n\t\t\t\t\t<\/div>\n\t\t<\/div>\n\t\t\t\t\t<\/div>\n\t\t<\/section>\n\t\t\t\t<section data-particle_enable=\"false\" data-particle-mobile-disabled=\"false\" class=\"elementor-section elementor-top-section elementor-element elementor-element-602866c elementor-section-boxed elementor-section-height-default elementor-section-height-default\" data-id=\"602866c\" data-element_type=\"section\" data-e-type=\"section\">\n\t\t\t\t\t\t<div class=\"elementor-container elementor-column-gap-default\">\n\t\t\t\t\t<div class=\"elementor-column elementor-col-25 elementor-top-column elementor-element elementor-element-d8edea2\" data-id=\"d8edea2\" data-element_type=\"column\" data-e-type=\"column\">\n\t\t\t<div class=\"elementor-widget-wrap elementor-element-populated\">\n\t\t\t\t\t\t<div class=\"elementor-element elementor-element-02cb8d1 elementor-align-center elementor-widget elementor-widget-button\" data-id=\"02cb8d1\" data-element_type=\"widget\" data-e-type=\"widget\" data-widget_type=\"button.default\">\n\t\t\t\t<div class=\"elementor-widget-container\">\n\t\t\t\t\t\t\t\t\t<div class=\"elementor-button-wrapper\">\n\t\t\t\t\t<a class=\"elementor-button elementor-button-link elementor-size-lg\" href=\"https:\/\/eriecohealthohio.com\/es\/coaliciones-comunitarias\/coaliciones-chc\/\" target=\"_blank\">\n\t\t\t\t\t\t<span class=\"elementor-button-content-wrapper\">\n\t\t\t\t\t\t\t\t\t<span class=\"elementor-button-text\">CREAR <br \/>SALUD <br \/>COMUNIDADES<\/span>\n\t\t\t\t\t<\/span>\n\t\t\t\t\t<\/a>\n\t\t\t\t<\/div>\n\t\t\t\t\t\t\t\t<\/div>\n\t\t\t\t<\/div>\n\t\t\t\t\t<\/div>\n\t\t<\/div>\n\t\t\t\t<div class=\"elementor-column elementor-col-25 elementor-top-column elementor-element elementor-element-70aef3c\" data-id=\"70aef3c\" data-element_type=\"column\" data-e-type=\"column\">\n\t\t\t<div class=\"elementor-widget-wrap elementor-element-populated\">\n\t\t\t\t\t\t<div class=\"elementor-element elementor-element-fd2f20c elementor-align-center elementor-widget elementor-widget-button\" data-id=\"fd2f20c\" data-element_type=\"widget\" data-e-type=\"widget\" data-widget_type=\"button.default\">\n\t\t\t\t<div class=\"elementor-widget-container\">\n\t\t\t\t\t\t\t\t\t<div class=\"elementor-button-wrapper\">\n\t\t\t\t\t<a class=\"elementor-button elementor-button-link elementor-size-lg\" href=\"https:\/\/eriecohealthohio.com\/es\/tabaco\/\" target=\"_blank\">\n\t\t\t\t\t\t<span class=\"elementor-button-content-wrapper\">\n\t\t\t\t\t\t\t\t\t<span class=\"elementor-button-text\">CONVI\u00c9RTETE EN <br \/>TABACO<br \/>GRATIS<\/span>\n\t\t\t\t\t<\/span>\n\t\t\t\t\t<\/a>\n\t\t\t\t<\/div>\n\t\t\t\t\t\t\t\t<\/div>\n\t\t\t\t<\/div>\n\t\t\t\t\t<\/div>\n\t\t<\/div>\n\t\t\t\t<div class=\"elementor-column elementor-col-25 elementor-top-column elementor-element elementor-element-0e3c3c6\" data-id=\"0e3c3c6\" data-element_type=\"column\" data-e-type=\"column\">\n\t\t\t<div class=\"elementor-widget-wrap elementor-element-populated\">\n\t\t\t\t\t\t<div class=\"elementor-element elementor-element-ba22dc5 elementor-align-center elementor-widget elementor-widget-button\" data-id=\"ba22dc5\" data-element_type=\"widget\" data-e-type=\"widget\" data-widget_type=\"button.default\">\n\t\t\t\t<div class=\"elementor-widget-container\">\n\t\t\t\t\t\t\t\t\t<div class=\"elementor-button-wrapper\">\n\t\t\t\t\t<a class=\"elementor-button elementor-button-link elementor-size-lg\" href=\"https:\/\/eriecohealthohio.com\/es\/salud-maternoinfantil\/\" target=\"_blank\">\n\t\t\t\t\t\t<span class=\"elementor-button-content-wrapper\">\n\t\t\t\t\t\t\t\t\t<span class=\"elementor-button-text\">MATERNAL &amp;<br \/>NI\u00d1O<br \/>SALUD<\/span>\n\t\t\t\t\t<\/span>\n\t\t\t\t\t<\/a>\n\t\t\t\t<\/div>\n\t\t\t\t\t\t\t\t<\/div>\n\t\t\t\t<\/div>\n\t\t\t\t\t<\/div>\n\t\t<\/div>\n\t\t\t\t<div class=\"elementor-column elementor-col-25 elementor-top-column elementor-element elementor-element-71b0a61\" data-id=\"71b0a61\" data-element_type=\"column\" data-e-type=\"column\">\n\t\t\t<div class=\"elementor-widget-wrap elementor-element-populated\">\n\t\t\t\t\t\t<div class=\"elementor-element elementor-element-8e46976 elementor-align-center elementor-widget elementor-widget-button\" data-id=\"8e46976\" data-element_type=\"widget\" data-e-type=\"widget\" data-widget_type=\"button.default\">\n\t\t\t\t<div class=\"elementor-widget-container\">\n\t\t\t\t\t\t\t\t\t<div class=\"elementor-button-wrapper\">\n\t\t\t\t\t<a class=\"elementor-button elementor-button-link elementor-size-lg\" href=\"https:\/\/eriecohealthohio.com\/es\/personas-mayores\/\" target=\"_blank\">\n\t\t\t\t\t\t<span class=\"elementor-button-content-wrapper\">\n\t\t\t\t\t\t\t\t\t<span class=\"elementor-button-text\">M\u00c1S VIEJO<br \/>ADULTOS<br \/>SALUD<\/span>\n\t\t\t\t\t<\/span>\n\t\t\t\t\t<\/a>\n\t\t\t\t<\/div>\n\t\t\t\t\t\t\t\t<\/div>\n\t\t\t\t<\/div>\n\t\t\t\t\t<\/div>\n\t\t<\/div>\n\t\t\t\t\t<\/div>\n\t\t<\/section>\n\t\t\t\t<\/div>","protected":false},"excerpt":{"rendered":"<p>HEALTH ASSESSMENT IMPROVEMENT PLAN CONTACT SOCIAL DETERMINANTS OF HEALTH &#8211; ABOUT Social determinants of health (SDOH) are the conditions in the environments where people are born, live, learn, work, play, worship, and age that affect a wide range of health, functioning, and quality-of-life outcomes and risks. SDOH can be grouped into 5 domains: Economic Stability [&hellip;]<\/p>\n","protected":false},"author":1,"featured_media":0,"parent":0,"menu_order":0,"comment_status":"closed","ping_status":"closed","template":"","meta":{"footnotes":"","_links_to":"","_links_to_target":""},"class_list":["post-4146","page","type-page","status-publish","hentry"],"_links":{"self":[{"href":"https:\/\/eriecohealthohio.com\/es\/wp-json\/wp\/v2\/pages\/4146","targetHints":{"allow":["GET"]}}],"collection":[{"href":"https:\/\/eriecohealthohio.com\/es\/wp-json\/wp\/v2\/pages"}],"about":[{"href":"https:\/\/eriecohealthohio.com\/es\/wp-json\/wp\/v2\/types\/page"}],"author":[{"embeddable":true,"href":"https:\/\/eriecohealthohio.com\/es\/wp-json\/wp\/v2\/users\/1"}],"replies":[{"embeddable":true,"href":"https:\/\/eriecohealthohio.com\/es\/wp-json\/wp\/v2\/comments?post=4146"}],"version-history":[{"count":0,"href":"https:\/\/eriecohealthohio.com\/es\/wp-json\/wp\/v2\/pages\/4146\/revisions"}],"wp:attachment":[{"href":"https:\/\/eriecohealthohio.com\/es\/wp-json\/wp\/v2\/media?parent=4146"}],"curies":[{"name":"wp","href":"https:\/\/api.w.org\/{rel}","templated":true}]}}