{"id":3697,"date":"2022-07-13T14:03:57","date_gmt":"2022-07-13T14:03:57","guid":{"rendered":"https:\/\/eriecohealthohio.com\/?page_id=3697"},"modified":"2024-10-30T07:04:10","modified_gmt":"2024-10-30T11:04:10","slug":"compromiso-de-la-comunidad","status":"publish","type":"page","link":"https:\/\/eriecohealthohio.com\/es\/creating-healthy-communities\/community-engagement\/","title":{"rendered":"COMPROMISO DE LA COMUNIDAD"},"content":{"rendered":"<div data-elementor-type=\"wp-page\" data-elementor-id=\"3697\" class=\"elementor elementor-3697\" data-elementor-post-type=\"page\">\n\t\t\t\t\t\t<section data-particle_enable=\"false\" data-particle-mobile-disabled=\"false\" class=\"elementor-section elementor-top-section elementor-element elementor-element-1a0be6d1 elementor-section-boxed elementor-section-height-default elementor-section-height-default\" data-id=\"1a0be6d1\" data-element_type=\"section\" data-e-type=\"section\">\n\t\t\t\t\t\t<div class=\"elementor-container elementor-column-gap-default\">\n\t\t\t\t\t<div class=\"elementor-column elementor-col-100 elementor-top-column elementor-element elementor-element-c85db64\" data-id=\"c85db64\" data-element_type=\"column\" data-e-type=\"column\">\n\t\t\t<div class=\"elementor-widget-wrap\">\n\t\t\t\t\t\t\t<\/div>\n\t\t<\/div>\n\t\t\t\t\t<\/div>\n\t\t<\/section>\n\t\t\t\t<section data-particle_enable=\"false\" data-particle-mobile-disabled=\"false\" class=\"elementor-section elementor-top-section elementor-element elementor-element-205026b elementor-section-boxed elementor-section-height-default elementor-section-height-default\" data-id=\"205026b\" data-element_type=\"section\" data-e-type=\"section\">\n\t\t\t\t\t\t<div class=\"elementor-container elementor-column-gap-default\">\n\t\t\t\t\t<div class=\"elementor-column elementor-col-100 elementor-top-column elementor-element elementor-element-649d62e\" data-id=\"649d62e\" data-element_type=\"column\" data-e-type=\"column\">\n\t\t\t<div class=\"elementor-widget-wrap elementor-element-populated\">\n\t\t\t\t\t\t<div class=\"elementor-element elementor-element-1084239 elementor-widget elementor-widget-image\" data-id=\"1084239\" data-element_type=\"widget\" data-e-type=\"widget\" data-no-translation=\"\" data-widget_type=\"image.default\">\n\t\t\t\t<div class=\"elementor-widget-container\">\n\t\t\t\t\t\t\t\t\t\t\t\t\t\t\t<img fetchpriority=\"high\" decoding=\"async\" width=\"1600\" height=\"600\" src=\"https:\/\/eriecohealthohio.com\/wp-content\/uploads\/2024\/10\/Healthy-Eating-Active-Living-Spanish.png\" class=\"attachment-full size-full wp-image-20019\" alt=\"healthy Eating &amp; Active Living Spanish\" srcset=\"https:\/\/eriecohealthohio.com\/wp-content\/uploads\/2024\/10\/Healthy-Eating-Active-Living-Spanish.png 1600w, https:\/\/eriecohealthohio.com\/wp-content\/uploads\/2024\/10\/Healthy-Eating-Active-Living-Spanish-300x113.png 300w, https:\/\/eriecohealthohio.com\/wp-content\/uploads\/2024\/10\/Healthy-Eating-Active-Living-Spanish-1024x384.png 1024w, https:\/\/eriecohealthohio.com\/wp-content\/uploads\/2024\/10\/Healthy-Eating-Active-Living-Spanish-768x288.png 768w, https:\/\/eriecohealthohio.com\/wp-content\/uploads\/2024\/10\/Healthy-Eating-Active-Living-Spanish-1536x576.png 1536w, https:\/\/eriecohealthohio.com\/wp-content\/uploads\/2024\/10\/Healthy-Eating-Active-Living-Spanish-18x7.png 18w\" sizes=\"(max-width: 1600px) 100vw, 1600px\" \/>\t\t\t\t\t\t\t\t\t\t\t\t\t\t\t<\/div>\n\t\t\t\t<\/div>\n\t\t\t\t<div class=\"elementor-element elementor-element-2b324204 elementor-widget elementor-widget-image\" data-id=\"2b324204\" data-element_type=\"widget\" data-e-type=\"widget\" data-no-translation=\"\" data-widget_type=\"image.default\">\n\t\t\t\t<div class=\"elementor-widget-container\">\n\t\t\t\t\t<style>.elementor-element-2b324204{display:none !important}<\/style>\t\t\t\t<\/div>\n\t\t\t\t<\/div>\n\t\t\t\t\t<\/div>\n\t\t<\/div>\n\t\t\t\t\t<\/div>\n\t\t<\/section>\n\t\t\t\t<section data-particle_enable=\"false\" data-particle-mobile-disabled=\"false\" class=\"elementor-section elementor-top-section elementor-element elementor-element-447c9e7 elementor-section-boxed elementor-section-height-default elementor-section-height-default\" data-id=\"447c9e7\" data-element_type=\"section\" data-e-type=\"section\">\n\t\t\t\t\t\t<div class=\"elementor-container elementor-column-gap-default\">\n\t\t\t\t\t<div class=\"elementor-column elementor-col-25 elementor-top-column elementor-element elementor-element-2b0d7e5e\" data-id=\"2b0d7e5e\" data-element_type=\"column\" data-e-type=\"column\">\n\t\t\t<div class=\"elementor-widget-wrap elementor-element-populated\">\n\t\t\t\t\t\t<div class=\"elementor-element elementor-element-78524332 elementor-align-center elementor-widget elementor-widget-button\" data-id=\"78524332\" data-element_type=\"widget\" data-e-type=\"widget\" data-widget_type=\"button.default\">\n\t\t\t\t<div class=\"elementor-widget-container\">\n\t\t\t\t\t\t\t\t\t<div class=\"elementor-button-wrapper\">\n\t\t\t\t\t<a class=\"elementor-button elementor-button-link elementor-size-lg\" href=\"https:\/\/eriecohealthohio.com\/es\/crear-comunidades-sanas\/alimentacion-sana\/\">\n\t\t\t\t\t\t<span class=\"elementor-button-content-wrapper\">\n\t\t\t\t\t\t\t\t\t<span class=\"elementor-button-text\">SALUD <br \/> COMER<\/span>\n\t\t\t\t\t<\/span>\n\t\t\t\t\t<\/a>\n\t\t\t\t<\/div>\n\t\t\t\t\t\t\t\t<\/div>\n\t\t\t\t<\/div>\n\t\t\t\t\t<\/div>\n\t\t<\/div>\n\t\t\t\t<div class=\"elementor-column elementor-col-25 elementor-top-column elementor-element elementor-element-166d890b\" data-id=\"166d890b\" data-element_type=\"column\" data-e-type=\"column\">\n\t\t\t<div class=\"elementor-widget-wrap elementor-element-populated\">\n\t\t\t\t\t\t<div class=\"elementor-element elementor-element-6ca5c7e8 elementor-align-center elementor-widget elementor-widget-button\" data-id=\"6ca5c7e8\" data-element_type=\"widget\" data-e-type=\"widget\" data-widget_type=\"button.default\">\n\t\t\t\t<div class=\"elementor-widget-container\">\n\t\t\t\t\t\t\t\t\t<div class=\"elementor-button-wrapper\">\n\t\t\t\t\t<a class=\"elementor-button elementor-button-link elementor-size-lg\" href=\"https:\/\/eriecohealthohio.com\/es\/crear-comunidades-sanas\/vida-activa\/\">\n\t\t\t\t\t\t<span class=\"elementor-button-content-wrapper\">\n\t\t\t\t\t\t\t\t\t<span class=\"elementor-button-text\">ACTIVO <br \/> VIVIR<\/span>\n\t\t\t\t\t<\/span>\n\t\t\t\t\t<\/a>\n\t\t\t\t<\/div>\n\t\t\t\t\t\t\t\t<\/div>\n\t\t\t\t<\/div>\n\t\t\t\t\t<\/div>\n\t\t<\/div>\n\t\t\t\t<div class=\"elementor-column elementor-col-25 elementor-top-column elementor-element elementor-element-45cdf753\" data-id=\"45cdf753\" data-element_type=\"column\" data-e-type=\"column\">\n\t\t\t<div class=\"elementor-widget-wrap elementor-element-populated\">\n\t\t\t\t\t\t<div class=\"elementor-element elementor-element-4bd60eaf elementor-align-center elementor-widget elementor-widget-button\" data-id=\"4bd60eaf\" data-element_type=\"widget\" data-e-type=\"widget\" data-widget_type=\"button.default\">\n\t\t\t\t<div class=\"elementor-widget-container\">\n\t\t\t\t\t\t\t\t\t<div class=\"elementor-button-wrapper\">\n\t\t\t\t\t<a class=\"elementor-button elementor-button-link elementor-size-lg\" href=\"https:\/\/eriecohealthohio.com\/es\/crear-comunidades-sanas\/compromiso-de-la-comunidad\/\">\n\t\t\t\t\t\t<span class=\"elementor-button-content-wrapper\">\n\t\t\t\t\t\t\t\t\t<span class=\"elementor-button-text\">COMUNIDAD <br \/> COMPROMISO<\/span>\n\t\t\t\t\t<\/span>\n\t\t\t\t\t<\/a>\n\t\t\t\t<\/div>\n\t\t\t\t\t\t\t\t<\/div>\n\t\t\t\t<\/div>\n\t\t\t\t\t<\/div>\n\t\t<\/div>\n\t\t\t\t<div class=\"elementor-column elementor-col-25 elementor-top-column elementor-element elementor-element-6831c588\" data-id=\"6831c588\" data-element_type=\"column\" data-e-type=\"column\">\n\t\t\t<div class=\"elementor-widget-wrap elementor-element-populated\">\n\t\t\t\t\t\t<div class=\"elementor-element elementor-element-5692b335 elementor-align-center elementor-widget elementor-widget-button\" data-id=\"5692b335\" data-element_type=\"widget\" data-e-type=\"widget\" data-widget_type=\"button.default\">\n\t\t\t\t<div class=\"elementor-widget-container\">\n\t\t\t\t\t\t\t\t\t<div class=\"elementor-button-wrapper\">\n\t\t\t\t\t<a class=\"elementor-button elementor-button-link elementor-size-lg\" href=\"https:\/\/eriecohealthohio.com\/es\/crear-comunidades-sanas\/crear-comunidades-sanas-contacto\/\">\n\t\t\t\t\t\t<span class=\"elementor-button-content-wrapper\">\n\t\t\t\t\t\t\t\t\t<span class=\"elementor-button-text\">CONTACTO <br \/> US<\/span>\n\t\t\t\t\t<\/span>\n\t\t\t\t\t<\/a>\n\t\t\t\t<\/div>\n\t\t\t\t\t\t\t\t<\/div>\n\t\t\t\t<\/div>\n\t\t\t\t\t<\/div>\n\t\t<\/div>\n\t\t\t\t\t<\/div>\n\t\t<\/section>\n\t\t\t\t<section data-particle_enable=\"false\" data-particle-mobile-disabled=\"false\" class=\"elementor-section elementor-top-section elementor-element elementor-element-b3dfe20 elementor-section-boxed elementor-section-height-default elementor-section-height-default\" data-id=\"b3dfe20\" data-element_type=\"section\" data-e-type=\"section\">\n\t\t\t\t\t\t<div class=\"elementor-container elementor-column-gap-default\">\n\t\t\t\t\t<div class=\"elementor-column elementor-col-100 elementor-top-column elementor-element elementor-element-bcb327c\" data-id=\"bcb327c\" data-element_type=\"column\" data-e-type=\"column\">\n\t\t\t<div class=\"elementor-widget-wrap elementor-element-populated\">\n\t\t\t\t\t\t<div class=\"elementor-element elementor-element-0225d30 elementor-widget elementor-widget-text-editor\" data-id=\"0225d30\" data-element_type=\"widget\" data-e-type=\"widget\" data-widget_type=\"text-editor.default\">\n\t\t\t\t<div class=\"elementor-widget-container\">\n\t\t\t\t\t\t\t\t\t<h4>CREAR COMUNIDADES SANAS - COMPROMISO DE LA COMUNIDAD DEL CONDADO DE ERIE<\/h4><p>Una comunidad con residentes unidos es un veh\u00edculo poderoso. Inspira cambios que mejorar\u00e1n la salud de sus residentes, personas que experimentan directamente estos problemas de salud cada d\u00eda. Los residentes que tienen intereses o situaciones similares pueden trabajar r\u00e1pidamente para abordar los problemas que afectan al bienestar de su vecindario y mejorar los resultados donde viven, trabajan y juegan.<\/p><p>Es importante incluir a la comunidad en los esfuerzos de salud p\u00fablica porque la participaci\u00f3n de la comunidad est\u00e1 impulsada por los residentes. Al implicar a la comunidad, podemos garantizar que los m\u00e1s afectados por los retos y la desigualdad tengan la misma voz a la hora de dise\u00f1ar y aplicar soluciones. La participaci\u00f3n activa de los residentes y sus familias, socios y l\u00edderes de confianza es una parte integral de las pr\u00e1cticas de participaci\u00f3n comunitaria y ayuda a lograr un cambio sostenible y equitativo.<\/p><p><img decoding=\"async\" class=\"alignnone size-full wp-image-20085\" src=\"https:\/\/eriecohealthohio.com\/wp-content\/uploads\/2024\/10\/Public-Imapct.png\" alt=\"Imagen de impacto p\u00fablico\" width=\"2048\" height=\"1057\" srcset=\"https:\/\/eriecohealthohio.com\/wp-content\/uploads\/2024\/10\/Public-Imapct.png 2048w, https:\/\/eriecohealthohio.com\/wp-content\/uploads\/2024\/10\/Public-Imapct-300x155.png 300w, https:\/\/eriecohealthohio.com\/wp-content\/uploads\/2024\/10\/Public-Imapct-1024x529.png 1024w, https:\/\/eriecohealthohio.com\/wp-content\/uploads\/2024\/10\/Public-Imapct-768x396.png 768w, https:\/\/eriecohealthohio.com\/wp-content\/uploads\/2024\/10\/Public-Imapct-1536x793.png 1536w, https:\/\/eriecohealthohio.com\/wp-content\/uploads\/2024\/10\/Public-Imapct-18x9.png 18w\" sizes=\"(max-width: 2048px) 100vw, 2048px\" \/><\/p>\t\t\t\t\t\t\t\t<\/div>\n\t\t\t\t<\/div>\n\t\t\t\t\t<\/div>\n\t\t<\/div>\n\t\t\t\t\t<\/div>\n\t\t<\/section>\n\t\t\t\t<\/div>","protected":false},"excerpt":{"rendered":"<p>HEALTHY EATING ACTIVE LIVING COMMUNITY ENGAGEMENT CONTACT US CREATING HEALTHY COMMUNITIES &#8211; ERIE COUNTY COMMUNITY ENGAGEMENT A community with unified residents is a powerful vehicle. It inspires changes that will improve the health of its residents \u2013 people who directly experience these health challenges every day. Residents who have similar interests or situations can work [&hellip;]<\/p>\n","protected":false},"author":1,"featured_media":0,"parent":3691,"menu_order":0,"comment_status":"closed","ping_status":"closed","template":"","meta":{"footnotes":"","_links_to":"","_links_to_target":""},"class_list":["post-3697","page","type-page","status-publish","hentry"],"_links":{"self":[{"href":"https:\/\/eriecohealthohio.com\/es\/wp-json\/wp\/v2\/pages\/3697","targetHints":{"allow":["GET"]}}],"collection":[{"href":"https:\/\/eriecohealthohio.com\/es\/wp-json\/wp\/v2\/pages"}],"about":[{"href":"https:\/\/eriecohealthohio.com\/es\/wp-json\/wp\/v2\/types\/page"}],"author":[{"embeddable":true,"href":"https:\/\/eriecohealthohio.com\/es\/wp-json\/wp\/v2\/users\/1"}],"replies":[{"embeddable":true,"href":"https:\/\/eriecohealthohio.com\/es\/wp-json\/wp\/v2\/comments?post=3697"}],"version-history":[{"count":0,"href":"https:\/\/eriecohealthohio.com\/es\/wp-json\/wp\/v2\/pages\/3697\/revisions"}],"up":[{"embeddable":true,"href":"https:\/\/eriecohealthohio.com\/es\/wp-json\/wp\/v2\/pages\/3691"}],"wp:attachment":[{"href":"https:\/\/eriecohealthohio.com\/es\/wp-json\/wp\/v2\/media?parent=3697"}],"curies":[{"name":"wp","href":"https:\/\/api.w.org\/{rel}","templated":true}]}}