{"id":3693,"date":"2022-07-13T14:03:00","date_gmt":"2022-07-13T14:03:00","guid":{"rendered":"https:\/\/eriecohealthohio.com\/?page_id=3693"},"modified":"2025-05-12T11:27:38","modified_gmt":"2025-05-12T15:27:38","slug":"alimentacion-sana","status":"publish","type":"page","link":"https:\/\/eriecohealthohio.com\/es\/creating-healthy-communities\/healthy-eating\/","title":{"rendered":"ALIMENTACI\u00d3N SANA"},"content":{"rendered":"<div data-elementor-type=\"wp-page\" data-elementor-id=\"3693\" class=\"elementor elementor-3693\" data-elementor-post-type=\"page\">\n\t\t\t\t\t\t<section data-particle_enable=\"false\" data-particle-mobile-disabled=\"false\" class=\"elementor-section elementor-top-section elementor-element elementor-element-29b7e409 elementor-section-boxed elementor-section-height-default elementor-section-height-default\" data-id=\"29b7e409\" data-element_type=\"section\" data-e-type=\"section\">\n\t\t\t\t\t\t<div class=\"elementor-container elementor-column-gap-default\">\n\t\t\t\t\t<div class=\"elementor-column elementor-col-100 elementor-top-column elementor-element elementor-element-3e56ec5e\" data-id=\"3e56ec5e\" data-element_type=\"column\" data-e-type=\"column\">\n\t\t\t<div class=\"elementor-widget-wrap elementor-element-populated\">\n\t\t\t\t\t\t<div class=\"elementor-element elementor-element-7964739c elementor-widget elementor-widget-image\" data-id=\"7964739c\" data-element_type=\"widget\" data-e-type=\"widget\" data-no-translation=\"\" data-widget_type=\"image.default\">\n\t\t\t\t<div class=\"elementor-widget-container\">\n\t\t\t\t\t<style>.elementor-element-7964739c{display:none !important}<\/style>\t\t\t\t<\/div>\n\t\t\t\t<\/div>\n\t\t\t\t\t<\/div>\n\t\t<\/div>\n\t\t\t\t\t<\/div>\n\t\t<\/section>\n\t\t\t\t<section data-particle_enable=\"false\" data-particle-mobile-disabled=\"false\" class=\"elementor-section elementor-top-section elementor-element elementor-element-71d6e01 elementor-section-boxed elementor-section-height-default elementor-section-height-default\" data-id=\"71d6e01\" data-element_type=\"section\" data-e-type=\"section\">\n\t\t\t\t\t\t<div class=\"elementor-container elementor-column-gap-default\">\n\t\t\t\t\t<div class=\"elementor-column elementor-col-100 elementor-top-column elementor-element elementor-element-084a2ff\" data-id=\"084a2ff\" data-element_type=\"column\" data-e-type=\"column\">\n\t\t\t<div class=\"elementor-widget-wrap elementor-element-populated\">\n\t\t\t\t\t\t<div class=\"elementor-element elementor-element-d1bf5ec elementor-widget elementor-widget-image\" data-id=\"d1bf5ec\" data-element_type=\"widget\" data-e-type=\"widget\" data-no-translation=\"\" data-widget_type=\"image.default\">\n\t\t\t\t<div class=\"elementor-widget-container\">\n\t\t\t\t\t\t\t\t\t\t\t\t\t\t\t<img fetchpriority=\"high\" decoding=\"async\" width=\"1600\" height=\"600\" src=\"https:\/\/eriecohealthohio.com\/wp-content\/uploads\/2024\/10\/Healthy-Eating-Active-Living-Spanish.png\" class=\"attachment-full size-full wp-image-20019\" alt=\"healthy Eating &amp; Active Living Spanish\" srcset=\"https:\/\/eriecohealthohio.com\/wp-content\/uploads\/2024\/10\/Healthy-Eating-Active-Living-Spanish.png 1600w, https:\/\/eriecohealthohio.com\/wp-content\/uploads\/2024\/10\/Healthy-Eating-Active-Living-Spanish-300x113.png 300w, https:\/\/eriecohealthohio.com\/wp-content\/uploads\/2024\/10\/Healthy-Eating-Active-Living-Spanish-1024x384.png 1024w, https:\/\/eriecohealthohio.com\/wp-content\/uploads\/2024\/10\/Healthy-Eating-Active-Living-Spanish-768x288.png 768w, https:\/\/eriecohealthohio.com\/wp-content\/uploads\/2024\/10\/Healthy-Eating-Active-Living-Spanish-1536x576.png 1536w, https:\/\/eriecohealthohio.com\/wp-content\/uploads\/2024\/10\/Healthy-Eating-Active-Living-Spanish-18x7.png 18w\" sizes=\"(max-width: 1600px) 100vw, 1600px\" \/>\t\t\t\t\t\t\t\t\t\t\t\t\t\t\t<\/div>\n\t\t\t\t<\/div>\n\t\t\t\t\t<\/div>\n\t\t<\/div>\n\t\t\t\t\t<\/div>\n\t\t<\/section>\n\t\t\t\t<section data-particle_enable=\"false\" data-particle-mobile-disabled=\"false\" class=\"elementor-section elementor-top-section elementor-element elementor-element-1b4846d9 elementor-section-boxed elementor-section-height-default elementor-section-height-default\" data-id=\"1b4846d9\" data-element_type=\"section\" data-e-type=\"section\">\n\t\t\t\t\t\t<div class=\"elementor-container elementor-column-gap-default\">\n\t\t\t\t\t<div class=\"elementor-column elementor-col-25 elementor-top-column elementor-element elementor-element-32b38f60\" data-id=\"32b38f60\" data-element_type=\"column\" data-e-type=\"column\">\n\t\t\t<div class=\"elementor-widget-wrap elementor-element-populated\">\n\t\t\t\t\t\t<div class=\"elementor-element elementor-element-193114da elementor-align-center elementor-widget elementor-widget-button\" data-id=\"193114da\" data-element_type=\"widget\" data-e-type=\"widget\" data-widget_type=\"button.default\">\n\t\t\t\t<div class=\"elementor-widget-container\">\n\t\t\t\t\t\t\t\t\t<div class=\"elementor-button-wrapper\">\n\t\t\t\t\t<a class=\"elementor-button elementor-button-link elementor-size-lg\" href=\"https:\/\/eriecohealthohio.com\/es\/crear-comunidades-sanas\/alimentacion-sana\/\">\n\t\t\t\t\t\t<span class=\"elementor-button-content-wrapper\">\n\t\t\t\t\t\t\t\t\t<span class=\"elementor-button-text\">SALUD <br \/> COMER<\/span>\n\t\t\t\t\t<\/span>\n\t\t\t\t\t<\/a>\n\t\t\t\t<\/div>\n\t\t\t\t\t\t\t\t<\/div>\n\t\t\t\t<\/div>\n\t\t\t\t\t<\/div>\n\t\t<\/div>\n\t\t\t\t<div class=\"elementor-column elementor-col-25 elementor-top-column elementor-element elementor-element-1c7be95\" data-id=\"1c7be95\" data-element_type=\"column\" data-e-type=\"column\">\n\t\t\t<div class=\"elementor-widget-wrap elementor-element-populated\">\n\t\t\t\t\t\t<div class=\"elementor-element elementor-element-33d5da18 elementor-align-center elementor-widget elementor-widget-button\" data-id=\"33d5da18\" data-element_type=\"widget\" data-e-type=\"widget\" data-widget_type=\"button.default\">\n\t\t\t\t<div class=\"elementor-widget-container\">\n\t\t\t\t\t\t\t\t\t<div class=\"elementor-button-wrapper\">\n\t\t\t\t\t<a class=\"elementor-button elementor-button-link elementor-size-lg\" href=\"https:\/\/eriecohealthohio.com\/es\/crear-comunidades-sanas\/vida-activa\/\">\n\t\t\t\t\t\t<span class=\"elementor-button-content-wrapper\">\n\t\t\t\t\t\t\t\t\t<span class=\"elementor-button-text\">ACTIVO <br \/> VIVIR<\/span>\n\t\t\t\t\t<\/span>\n\t\t\t\t\t<\/a>\n\t\t\t\t<\/div>\n\t\t\t\t\t\t\t\t<\/div>\n\t\t\t\t<\/div>\n\t\t\t\t\t<\/div>\n\t\t<\/div>\n\t\t\t\t<div class=\"elementor-column elementor-col-25 elementor-top-column elementor-element elementor-element-7609baf9\" data-id=\"7609baf9\" data-element_type=\"column\" data-e-type=\"column\">\n\t\t\t<div class=\"elementor-widget-wrap elementor-element-populated\">\n\t\t\t\t\t\t<div class=\"elementor-element elementor-element-827f599 elementor-align-center elementor-widget elementor-widget-button\" data-id=\"827f599\" data-element_type=\"widget\" data-e-type=\"widget\" data-widget_type=\"button.default\">\n\t\t\t\t<div class=\"elementor-widget-container\">\n\t\t\t\t\t\t\t\t\t<div class=\"elementor-button-wrapper\">\n\t\t\t\t\t<a class=\"elementor-button elementor-button-link elementor-size-lg\" href=\"https:\/\/eriecohealthohio.com\/es\/crear-comunidades-sanas\/compromiso-de-la-comunidad\/\">\n\t\t\t\t\t\t<span class=\"elementor-button-content-wrapper\">\n\t\t\t\t\t\t\t\t\t<span class=\"elementor-button-text\">COMUNIDAD <br \/> COMPROMISO<\/span>\n\t\t\t\t\t<\/span>\n\t\t\t\t\t<\/a>\n\t\t\t\t<\/div>\n\t\t\t\t\t\t\t\t<\/div>\n\t\t\t\t<\/div>\n\t\t\t\t\t<\/div>\n\t\t<\/div>\n\t\t\t\t<div class=\"elementor-column elementor-col-25 elementor-top-column elementor-element elementor-element-6d2c3487\" data-id=\"6d2c3487\" data-element_type=\"column\" data-e-type=\"column\">\n\t\t\t<div class=\"elementor-widget-wrap elementor-element-populated\">\n\t\t\t\t\t\t<div class=\"elementor-element elementor-element-3164f4d9 elementor-align-center elementor-widget elementor-widget-button\" data-id=\"3164f4d9\" data-element_type=\"widget\" data-e-type=\"widget\" data-widget_type=\"button.default\">\n\t\t\t\t<div class=\"elementor-widget-container\">\n\t\t\t\t\t\t\t\t\t<div class=\"elementor-button-wrapper\">\n\t\t\t\t\t<a class=\"elementor-button elementor-button-link elementor-size-lg\" href=\"https:\/\/eriecohealthohio.com\/es\/crear-comunidades-sanas\/crear-comunidades-sanas-contacto\/\">\n\t\t\t\t\t\t<span class=\"elementor-button-content-wrapper\">\n\t\t\t\t\t\t\t\t\t<span class=\"elementor-button-text\">CONTACTO <br \/> US<\/span>\n\t\t\t\t\t<\/span>\n\t\t\t\t\t<\/a>\n\t\t\t\t<\/div>\n\t\t\t\t\t\t\t\t<\/div>\n\t\t\t\t<\/div>\n\t\t\t\t\t<\/div>\n\t\t<\/div>\n\t\t\t\t\t<\/div>\n\t\t<\/section>\n\t\t\t\t<section data-particle_enable=\"false\" data-particle-mobile-disabled=\"false\" class=\"elementor-section elementor-top-section elementor-element elementor-element-1f9eca9 elementor-section-boxed elementor-section-height-default elementor-section-height-default\" data-id=\"1f9eca9\" data-element_type=\"section\" data-e-type=\"section\">\n\t\t\t\t\t\t<div class=\"elementor-container elementor-column-gap-default\">\n\t\t\t\t\t<div class=\"elementor-column elementor-col-100 elementor-top-column elementor-element elementor-element-637671c\" data-id=\"637671c\" data-element_type=\"column\" data-e-type=\"column\">\n\t\t\t<div class=\"elementor-widget-wrap elementor-element-populated\">\n\t\t\t\t\t\t<div class=\"elementor-element elementor-element-9646e97 elementor-widget elementor-widget-text-editor\" data-id=\"9646e97\" data-element_type=\"widget\" data-e-type=\"widget\" data-widget_type=\"text-editor.default\">\n\t\t\t\t<div class=\"elementor-widget-container\">\n\t\t\t\t\t\t\t\t\t<h4>CREAR COMUNIDADES SANAS - ALIMENTACI\u00d3N SANA<\/h4><p>El programa Creaci\u00f3n de Comunidades Saludables pretende aumentar el acceso a alimentos sanos y asequibles mediante cambios en las pol\u00edticas, los sistemas y los entornos en todo el condado de Erie. Nuestra programaci\u00f3n nutricional sigue las recomendaciones actuales establecidas por las Gu\u00edas Alimentarias para los Estadounidenses del USDA.<\/p>\t\t\t\t\t\t\t\t<\/div>\n\t\t\t\t<\/div>\n\t\t\t\t\t<\/div>\n\t\t<\/div>\n\t\t\t\t\t<\/div>\n\t\t<\/section>\n\t\t\t\t<section data-particle_enable=\"false\" data-particle-mobile-disabled=\"false\" class=\"elementor-section elementor-top-section elementor-element elementor-element-959f7a3 elementor-section-boxed elementor-section-height-default elementor-section-height-default\" data-id=\"959f7a3\" data-element_type=\"section\" data-e-type=\"section\">\n\t\t\t\t\t\t<div class=\"elementor-container elementor-column-gap-default\">\n\t\t\t\t\t<div class=\"elementor-column elementor-col-100 elementor-top-column elementor-element elementor-element-06ae305\" data-id=\"06ae305\" data-element_type=\"column\" data-e-type=\"column\">\n\t\t\t<div class=\"elementor-widget-wrap elementor-element-populated\">\n\t\t\t\t\t\t<div class=\"elementor-element elementor-element-01cc904 elementor-widget elementor-widget-eael-adv-accordion\" data-id=\"01cc904\" data-element_type=\"widget\" data-e-type=\"widget\" data-widget_type=\"eael-adv-accordion.default\">\n\t\t\t\t<div class=\"elementor-widget-container\">\n\t\t\t\t\t            <div class=\"eael-adv-accordion\" id=\"eael-adv-accordion-01cc904\" data-scroll-on-click=\"no\" data-scroll-speed=\"300\" data-accordion-id=\"01cc904\" data-accordion-type=\"accordion\" data-toogle-speed=\"300\">\n            <div class=\"eael-accordion-list\">\n\t\t\t\t\t<div id=\"community-gardens\" class=\"elementor-tab-title eael-accordion-header\" tabindex=\"0\" data-tab=\"1\" aria-controls=\"elementor-tab-content-1881\"><span class=\"eael-advanced-accordion-icon-closed\"><i aria-hidden=\"true\" class=\"fa-accordion-icon fas fa-plus\"><\/i><\/span><span class=\"eael-advanced-accordion-icon-opened\"><i aria-hidden=\"true\" class=\"fa-accordion-icon fas fa-minus\"><\/i><\/span><span class=\"eael-accordion-tab-title\">Jardines comunitarios<\/span><i aria-hidden=\"true\" class=\"fa-toggle fas fa-angle-right\"><\/i><\/div><div id=\"elementor-tab-content-1881\" class=\"eael-accordion-content clearfix\" data-tab=\"1\" aria-labelledby=\"community-gardens\"><h5>Huerto comunitario Grow Well<\/h5><p>Grow Well Community Garden - El Grow Well Community Garden de ECHD est\u00e1 situado en nuestro Campus Principal y proporciona fruta, verdura y hierbas suplementarias a los participantes de WIC, a los pacientes del Centro de Salud Comunitario del Condado de Erie, a los residentes del Centro de Desintoxicaci\u00f3n del Condado de Erie y al Centro de Viviendas de Recuperaci\u00f3n Becky's House.<\/p><p>Si desea m\u00e1s informaci\u00f3n sobre el huerto comunitario Grow Well, p\u00f3ngase en contacto con<\/p><p><strong>Kelsey Strickfaden<\/strong><br \/><strong>Trabajador sanitario comunitario<\/strong><br \/><strong>Departamento de Salud del Condado de Erie<\/strong><br \/><strong><a href=\"mailto:kstrickfaden@echdohio.org\" rel=\"noreferrer\">kstrickfaden@echdohio.org<\/a><\/strong><br \/><strong>419-626-5623, Ext. 5168<\/strong><\/p><h5>Huerto comunitario de Hancock Street<\/h5><p>El Hancock Street Community Garden es un jard\u00edn comunitario de 10 camas situado en 914 Hancock Street en Sandusky, Ohio. En colaboraci\u00f3n con el programa OSU Extension Master Gardener, CHC colabora en el mantenimiento, la programaci\u00f3n y la publicidad del huerto. Adem\u00e1s, CHC se ha asociado con Erie County Board of Developmental Disabilities y Erie CORE para formar el club \"Erie County Grow Getters\", que participa en actividades educativas basadas en el jard\u00edn dos veces al mes.<\/p><p><img decoding=\"async\" class=\"alignnone wp-image-20084 size-medium\" src=\"https:\/\/eriecohealthohio.com\/wp-content\/uploads\/2024\/10\/Strawberries-2-225x300.jpg\" alt=\"Imagen de fresa\" width=\"225\" height=\"300\" srcset=\"https:\/\/eriecohealthohio.com\/wp-content\/uploads\/2024\/10\/Strawberries-2-225x300.jpg 225w, https:\/\/eriecohealthohio.com\/wp-content\/uploads\/2024\/10\/Strawberries-2-768x1024.jpg 768w, https:\/\/eriecohealthohio.com\/wp-content\/uploads\/2024\/10\/Strawberries-2-1152x1536.jpg 1152w, https:\/\/eriecohealthohio.com\/wp-content\/uploads\/2024\/10\/Strawberries-2-1536x2048.jpg 1536w, https:\/\/eriecohealthohio.com\/wp-content\/uploads\/2024\/10\/Strawberries-2-9x12.jpg 9w, https:\/\/eriecohealthohio.com\/wp-content\/uploads\/2024\/10\/Strawberries-2-scaled.jpg 1920w\" sizes=\"(max-width: 225px) 100vw, 225px\" \/>\u00a0<img decoding=\"async\" class=\"alignnone wp-image-20089 size-medium\" src=\"https:\/\/eriecohealthohio.com\/wp-content\/uploads\/2024\/10\/Building-12-292x300.jpg\" alt=\"Imagen de construcci\u00f3n de jardines\" width=\"292\" height=\"300\" srcset=\"https:\/\/eriecohealthohio.com\/wp-content\/uploads\/2024\/10\/Building-12-292x300.jpg 292w, https:\/\/eriecohealthohio.com\/wp-content\/uploads\/2024\/10\/Building-12-996x1024.jpg 996w, https:\/\/eriecohealthohio.com\/wp-content\/uploads\/2024\/10\/Building-12-768x790.jpg 768w, https:\/\/eriecohealthohio.com\/wp-content\/uploads\/2024\/10\/Building-12-1493x1536.jpg 1493w, https:\/\/eriecohealthohio.com\/wp-content\/uploads\/2024\/10\/Building-12-1991x2048.jpg 1991w, https:\/\/eriecohealthohio.com\/wp-content\/uploads\/2024\/10\/Building-12-12x12.jpg 12w\" sizes=\"(max-width: 292px) 100vw, 292px\" \/>\u00a0 <img loading=\"lazy\" decoding=\"async\" class=\"alignnone wp-image-20083\" src=\"https:\/\/eriecohealthohio.com\/wp-content\/uploads\/2024\/10\/Garden-STILL-1-scaled.jpg\" alt=\"Cartel de jard\u00edn\" width=\"424\" height=\"300\" srcset=\"https:\/\/eriecohealthohio.com\/wp-content\/uploads\/2024\/10\/Garden-STILL-1-scaled.jpg 2560w, https:\/\/eriecohealthohio.com\/wp-content\/uploads\/2024\/10\/Garden-STILL-1-300x212.jpg 300w, https:\/\/eriecohealthohio.com\/wp-content\/uploads\/2024\/10\/Garden-STILL-1-1024x724.jpg 1024w, https:\/\/eriecohealthohio.com\/wp-content\/uploads\/2024\/10\/Garden-STILL-1-768x543.jpg 768w, https:\/\/eriecohealthohio.com\/wp-content\/uploads\/2024\/10\/Garden-STILL-1-1536x1086.jpg 1536w, https:\/\/eriecohealthohio.com\/wp-content\/uploads\/2024\/10\/Garden-STILL-1-2048x1448.jpg 2048w, https:\/\/eriecohealthohio.com\/wp-content\/uploads\/2024\/10\/Garden-STILL-1-18x12.jpg 18w\" sizes=\"(max-width: 424px) 100vw, 424px\" \/><\/p><\/div>\n\t\t\t\t\t<\/div><div class=\"eael-accordion-list\">\n\t\t\t\t\t<div id=\"live-well\" class=\"elementor-tab-title eael-accordion-header\" tabindex=\"0\" data-tab=\"2\" aria-controls=\"elementor-tab-content-1882\"><span class=\"eael-advanced-accordion-icon-closed\"><i aria-hidden=\"true\" class=\"fa-accordion-icon fas fa-plus\"><\/i><\/span><span class=\"eael-advanced-accordion-icon-opened\"><i aria-hidden=\"true\" class=\"fa-accordion-icon fas fa-minus\"><\/i><\/span><span class=\"eael-accordion-tab-title\">Vivir bien<\/span><i aria-hidden=\"true\" class=\"fa-toggle fas fa-angle-right\"><\/i><\/div><div id=\"elementor-tab-content-1882\" class=\"eael-accordion-content clearfix\" data-tab=\"2\" aria-labelledby=\"live-well\"><h5>\u00bfQu\u00e9 es?<\/h5><p>Para ayudar a combatir la inseguridad alimentaria en el condado de Erie, el Departamento de Salud del condado de Erie se ha asociado con OHgo para crear despensas de alimentos emergentes que proporcionan art\u00edculos de despensa y productos frescos a los necesitados. Para garantizar que los participantes se familiaricen con los alimentos que reciben, tambi\u00e9n se les ofrece educaci\u00f3n nutricional y recetas. Durante las despensas emergentes, se ha acogido a organizaciones comunitarias locales para que proporcionen recursos a los participantes. Algunas de estas organizaciones han sido WIC, Head Start, Help Me Grow, Cribs for Kids y muchas m\u00e1s. Si usted est\u00e1 interesado en tener una mesa en un pr\u00f3ximo evento, por favor p\u00f3ngase en contacto con el coordinador del programa.<\/p><h5>Ubicaciones:<\/h5><p><strong>Departamento de Trabajo y Servicios Familiares del Condado de Erie<\/strong> - 4<sup>th<\/sup> Martes de cada mes de 11am-12pm en el Departamento de Trabajo y Servicios Familiares del Condado de Erie ubicado en 221 W. Parish St., Sandusky, OH 44870.<\/p><p><strong>Isla Kelleys -<\/strong> El \u00faltimo viernes de cada mes de 11am-12pm en el Erie County Community Health Center ubicado en 117 Addison St., Kelleys Island, OH 43438<\/p><h5>Contacto:<\/h5><p><strong>Kelsey Strickfaden<\/strong><br \/><strong>Trabajador sanitario comunitario<\/strong><br \/><strong>Departamento de Salud del Condado de Erie<\/strong><br \/><strong><a href=\"mailto:kstrickfaden@echdohio.org\" rel=\"noreferrer\">kstrickfaden@echdohio.org<\/a><\/strong><br \/><strong>419-626-5623, Ext. 5168<\/strong><\/p><h5>Recursos:<\/h5><p><a href=\"https:\/\/eriecohealthohio.com\/wp-content\/uploads\/2024\/10\/2025-Yearly-Flyer-Kelleys.pdf\" target=\"_blank\" rel=\"noopener\">2025 Calendario Alimentario \"Vivir Bien\" Kelleys<\/a><\/p><p><a href=\"https:\/\/eriecohealthohio.com\/wp-content\/uploads\/2024\/10\/2025-LW-Calendar-JFS.pdf\" target=\"_blank\" rel=\"noopener\">2025 Calendario de alimentos \"Vivir bien\" - JFS<\/a><\/p><\/div>\n\t\t\t\t\t<\/div><div class=\"eael-accordion-list\">\n\t\t\t\t\t<div id=\"healthy-eating-resources\" class=\"elementor-tab-title eael-accordion-header\" tabindex=\"0\" data-tab=\"3\" aria-controls=\"elementor-tab-content-1883\"><span class=\"eael-advanced-accordion-icon-closed\"><i aria-hidden=\"true\" class=\"fa-accordion-icon fas fa-plus\"><\/i><\/span><span class=\"eael-advanced-accordion-icon-opened\"><i aria-hidden=\"true\" class=\"fa-accordion-icon fas fa-minus\"><\/i><\/span><span class=\"eael-accordion-tab-title\">Recursos para una alimentaci\u00f3n sana<\/span><i aria-hidden=\"true\" class=\"fa-toggle fas fa-angle-right\"><\/i><\/div><div id=\"elementor-tab-content-1883\" class=\"eael-accordion-content clearfix\" data-tab=\"3\" aria-labelledby=\"healthy-eating-resources\"><h4>RECURSOS PARA UNA ALIMENTACI\u00d3N SANA<\/h4><p>\u00bfTe interesa seguir una dieta m\u00e1s equilibrada pero no sabes por d\u00f3nde empezar? Echa un vistazo a los siguientes recursos para aprender m\u00e1s sobre alimentaci\u00f3n saludable.<\/p><p><a href=\"https:\/\/www.myplate.gov\/eat-healthy\/what-is-myplate\" target=\"_blank\" rel=\"noopener\">USDA- Cu\u00e1l es mi plato<\/a><\/p><p><a href=\"https:\/\/www.nutrition.gov\/topics\/basic-nutrition\/healthy-eating\" target=\"_blank\" rel=\"noopener\">USDA - Alimentaci\u00f3n sana<\/a><\/p><p><a href=\"https:\/\/www.heart.org\/en\/healthy-living\/healthy-eating\" target=\"_blank\" rel=\"noopener\">Vida sana - Alimentaci\u00f3n sana<\/a><\/p><p>Echa un vistazo a los siguientes recursos para encontrar recetas saludables y asequibles.<\/p><p><a href=\"https:\/\/snaped.fns.usda.gov\/resources\/nutrition-education-materials\/recipes\" target=\"_blank\" rel=\"noopener\">USDA - Recetas SNAP-Ed<\/a><\/p><p><a href=\"https:\/\/www.myplate.gov\/myplate-kitchen\/recipes\" target=\"_blank\" rel=\"noopener\">USDA - Mi plato - Recetas<\/a><\/p><p><a href=\"https:\/\/www.hsph.harvard.edu\/nutritionsource\/recipes-complete-list\/\" target=\"_blank\" rel=\"noopener\">Harvard -Recetas<\/a><\/p><p><a href=\"https:\/\/www.nutrition.gov\/topics\/shopping-cooking-and-meal-planning\/recipe-collection\" target=\"_blank\" rel=\"noopener\">Nutrition.gov - Recopilaci\u00f3n de recetas<\/a><\/p><\/div>\n\t\t\t\t\t<\/div><\/div>\t\t\t\t<\/div>\n\t\t\t\t<\/div>\n\t\t\t\t\t<\/div>\n\t\t<\/div>\n\t\t\t\t\t<\/div>\n\t\t<\/section>\n\t\t\t\t<section data-particle_enable=\"false\" data-particle-mobile-disabled=\"false\" class=\"elementor-section elementor-top-section elementor-element elementor-element-d2fdb93 elementor-section-boxed elementor-section-height-default elementor-section-height-default\" data-id=\"d2fdb93\" data-element_type=\"section\" data-e-type=\"section\">\n\t\t\t\t\t\t<div class=\"elementor-container elementor-column-gap-default\">\n\t\t\t\t\t<div class=\"elementor-column elementor-col-100 elementor-top-column elementor-element elementor-element-f0b08b9\" data-id=\"f0b08b9\" data-element_type=\"column\" data-e-type=\"column\">\n\t\t\t<div class=\"elementor-widget-wrap\">\n\t\t\t\t\t\t\t<\/div>\n\t\t<\/div>\n\t\t\t\t\t<\/div>\n\t\t<\/section>\n\t\t\t\t<\/div>","protected":false},"excerpt":{"rendered":"<p>HEALTHY EATING ACTIVE LIVING COMMUNITY ENGAGEMENT CONTACT US CREATING HEALTHY COMMUNITIES &#8211; HEALTHY EATING The Creating Healthy Communities program seeks to increase access to healthy and affordable foods through changes to policies, systems, and environments across Erie County. Our nutrition programming follows current recommendations set forth by the USDA Dietary Guidelines for Americans. Community Gardens [&hellip;]<\/p>\n","protected":false},"author":1,"featured_media":0,"parent":3691,"menu_order":0,"comment_status":"closed","ping_status":"closed","template":"","meta":{"footnotes":"","_links_to":"","_links_to_target":""},"class_list":["post-3693","page","type-page","status-publish","hentry"],"_links":{"self":[{"href":"https:\/\/eriecohealthohio.com\/es\/wp-json\/wp\/v2\/pages\/3693","targetHints":{"allow":["GET"]}}],"collection":[{"href":"https:\/\/eriecohealthohio.com\/es\/wp-json\/wp\/v2\/pages"}],"about":[{"href":"https:\/\/eriecohealthohio.com\/es\/wp-json\/wp\/v2\/types\/page"}],"author":[{"embeddable":true,"href":"https:\/\/eriecohealthohio.com\/es\/wp-json\/wp\/v2\/users\/1"}],"replies":[{"embeddable":true,"href":"https:\/\/eriecohealthohio.com\/es\/wp-json\/wp\/v2\/comments?post=3693"}],"version-history":[{"count":0,"href":"https:\/\/eriecohealthohio.com\/es\/wp-json\/wp\/v2\/pages\/3693\/revisions"}],"up":[{"embeddable":true,"href":"https:\/\/eriecohealthohio.com\/es\/wp-json\/wp\/v2\/pages\/3691"}],"wp:attachment":[{"href":"https:\/\/eriecohealthohio.com\/es\/wp-json\/wp\/v2\/media?parent=3693"}],"curies":[{"name":"wp","href":"https:\/\/api.w.org\/{rel}","templated":true}]}}