{"id":3291,"date":"2022-07-12T20:03:30","date_gmt":"2022-07-12T20:03:30","guid":{"rendered":"https:\/\/eriecohealthohio.com\/?page_id=3291"},"modified":"2024-12-12T15:02:36","modified_gmt":"2024-12-12T19:02:36","slug":"programa-de-casas-prefabricadas","status":"publish","type":"page","link":"https:\/\/eriecohealthohio.com\/es\/manufactured-home-program\/","title":{"rendered":"PROGRAMA DE CASAS PREFABRICADAS"},"content":{"rendered":"<div data-elementor-type=\"wp-page\" data-elementor-id=\"3291\" class=\"elementor elementor-3291\" data-elementor-post-type=\"page\">\n\t\t\t\t\t\t<section data-particle_enable=\"false\" data-particle-mobile-disabled=\"false\" class=\"elementor-section elementor-top-section elementor-element elementor-element-b0a1135 elementor-section-boxed elementor-section-height-default elementor-section-height-default\" data-id=\"b0a1135\" data-element_type=\"section\" data-e-type=\"section\">\n\t\t\t\t\t\t<div class=\"elementor-container elementor-column-gap-default\">\n\t\t\t\t\t<div class=\"elementor-column elementor-col-100 elementor-top-column elementor-element elementor-element-6800620\" data-id=\"6800620\" data-element_type=\"column\" data-e-type=\"column\">\n\t\t\t<div class=\"elementor-widget-wrap elementor-element-populated\">\n\t\t\t\t\t\t<div class=\"elementor-element elementor-element-a6434aa elementor-widget elementor-widget-image\" data-id=\"a6434aa\" data-element_type=\"widget\" data-e-type=\"widget\" data-no-translation=\"\" data-widget_type=\"image.default\">\n\t\t\t\t<div class=\"elementor-widget-container\">\n\t\t\t\t\t<style>.elementor-element-a6434aa{display:none !important}<\/style>\t\t\t\t<\/div>\n\t\t\t\t<\/div>\n\t\t\t\t\t<\/div>\n\t\t<\/div>\n\t\t\t\t\t<\/div>\n\t\t<\/section>\n\t\t\t\t<section data-particle_enable=\"false\" data-particle-mobile-disabled=\"false\" class=\"elementor-section elementor-top-section elementor-element elementor-element-199d547 elementor-section-boxed elementor-section-height-default elementor-section-height-default\" data-id=\"199d547\" data-element_type=\"section\" data-e-type=\"section\">\n\t\t\t\t\t\t<div class=\"elementor-container elementor-column-gap-default\">\n\t\t\t\t\t<div class=\"elementor-column elementor-col-100 elementor-top-column elementor-element elementor-element-9100626\" data-id=\"9100626\" data-element_type=\"column\" data-e-type=\"column\">\n\t\t\t<div class=\"elementor-widget-wrap elementor-element-populated\">\n\t\t\t\t\t\t<div class=\"elementor-element elementor-element-804881e elementor-widget elementor-widget-image\" data-id=\"804881e\" data-element_type=\"widget\" data-e-type=\"widget\" data-no-translation=\"\" data-widget_type=\"image.default\">\n\t\t\t\t<div class=\"elementor-widget-container\">\n\t\t\t\t\t\t\t\t\t\t\t\t\t\t\t<img fetchpriority=\"high\" decoding=\"async\" width=\"1600\" height=\"600\" src=\"https:\/\/eriecohealthohio.com\/wp-content\/uploads\/2023\/09\/Manufactured-Homes-Spanish.png\" class=\"attachment-full size-full wp-image-14635\" alt=\"PROGRAMA DE INSPECCI\u00d3N DE VIVIENDAS PREFABRICADAS\" srcset=\"https:\/\/eriecohealthohio.com\/wp-content\/uploads\/2023\/09\/Manufactured-Homes-Spanish.png 1600w, https:\/\/eriecohealthohio.com\/wp-content\/uploads\/2023\/09\/Manufactured-Homes-Spanish-300x113.png 300w, https:\/\/eriecohealthohio.com\/wp-content\/uploads\/2023\/09\/Manufactured-Homes-Spanish-1024x384.png 1024w, https:\/\/eriecohealthohio.com\/wp-content\/uploads\/2023\/09\/Manufactured-Homes-Spanish-768x288.png 768w, https:\/\/eriecohealthohio.com\/wp-content\/uploads\/2023\/09\/Manufactured-Homes-Spanish-1536x576.png 1536w, https:\/\/eriecohealthohio.com\/wp-content\/uploads\/2023\/09\/Manufactured-Homes-Spanish-18x7.png 18w\" sizes=\"(max-width: 1600px) 100vw, 1600px\" \/>\t\t\t\t\t\t\t\t\t\t\t\t\t\t\t<\/div>\n\t\t\t\t<\/div>\n\t\t\t\t\t<\/div>\n\t\t<\/div>\n\t\t\t\t\t<\/div>\n\t\t<\/section>\n\t\t\t\t<section data-particle_enable=\"false\" data-particle-mobile-disabled=\"false\" class=\"elementor-section elementor-top-section elementor-element elementor-element-a2ceaaf elementor-section-boxed elementor-section-height-default elementor-section-height-default\" data-id=\"a2ceaaf\" data-element_type=\"section\" data-e-type=\"section\">\n\t\t\t\t\t\t<div class=\"elementor-container elementor-column-gap-default\">\n\t\t\t\t\t<div class=\"elementor-column elementor-col-100 elementor-top-column elementor-element elementor-element-7f133b6\" data-id=\"7f133b6\" data-element_type=\"column\" data-e-type=\"column\">\n\t\t\t<div class=\"elementor-widget-wrap elementor-element-populated\">\n\t\t\t\t\t\t<div class=\"elementor-element elementor-element-c56497b elementor-widget elementor-widget-text-editor\" data-id=\"c56497b\" data-element_type=\"widget\" data-e-type=\"widget\" data-widget_type=\"text-editor.default\">\n\t\t\t\t<div class=\"elementor-widget-container\">\n\t\t\t\t\t\t\t\t\t<h4>PROGRAMA DE INSPECCI\u00d3N DE VIVIENDAS PREFABRICADAS<\/h4><p>Nuestra Agencia lleva a cabo inspecciones de colocaci\u00f3n de casas prefabricadas bajo la autoridad del Departamento de Comercio de Ohio, Programa de Casas Prefabricadas. La autoridad del programa dentro del Distrito de Salud del Condado de Erie se delega a trav\u00e9s de un contrato con el Departamento de Comercio de Ohio. Es la responsabilidad de nuestra agencia para confirmar que los hogares se colocan de una manera que cumpla con las leyes y reglamentos del estado y que el hogar es seguro para su ocupaci\u00f3n. El proceso de inspecci\u00f3n incluye una revisi\u00f3n del plano e inspecciones de cimientos, colocaci\u00f3n, bloqueo, amarre, electricidad y final.\u00a0<\/p><h5>DESCARGAS DEL PROGRAMA DE INSPECCI\u00d3N DE VIVIENDAS PREFABRICADAS<\/h5><p><a href=\"https:\/\/eriecohealthohio.com\/wp-content\/uploads\/2022\/07\/manufacturedhousingapp-4.27.pdf\" target=\"_blank\" rel=\"noopener\">Solicitud de permiso de instalaci\u00f3n de casas prefabricadas<\/a><\/p><p><a href=\"https:\/\/eriecohealthohio.com\/wp-content\/uploads\/2022\/07\/manufacturedhousingfeeschedule.pdf\" target=\"_blank\" rel=\"noopener\">Tarifas de permisos para casas prefabricadas<\/a><\/p><p><a href=\"https:\/\/eriecohealthohio.com\/wp-content\/uploads\/2022\/07\/noticeofhomeinstallation.pdf\" target=\"_blank\" rel=\"noopener\">Aviso de instalaci\u00f3n en el hogar<\/a><\/p><h5>MAPA DEL TERRITORIO DE INSPECCI\u00d3N DE LA INSTALACI\u00d3N DE CASAS PREFABRICADAS<img decoding=\"async\" class=\"alignnone size-full wp-image-3295\" src=\"https:\/\/eriecohealthohio.com\/wp-content\/uploads\/2022\/07\/MHP-inspection-counties.jpg\" alt=\"Mapa del territorio de inspecci\u00f3n de instalaciones de casas prefabricadas\" width=\"1344\" height=\"816\" srcset=\"https:\/\/eriecohealthohio.com\/wp-content\/uploads\/2022\/07\/MHP-inspection-counties.jpg 1344w, https:\/\/eriecohealthohio.com\/wp-content\/uploads\/2022\/07\/MHP-inspection-counties-300x182.jpg 300w, https:\/\/eriecohealthohio.com\/wp-content\/uploads\/2022\/07\/MHP-inspection-counties-1024x622.jpg 1024w, https:\/\/eriecohealthohio.com\/wp-content\/uploads\/2022\/07\/MHP-inspection-counties-768x466.jpg 768w\" sizes=\"(max-width: 1344px) 100vw, 1344px\" \/><\/h5>\t\t\t\t\t\t\t\t<\/div>\n\t\t\t\t<\/div>\n\t\t\t\t\t<\/div>\n\t\t<\/div>\n\t\t\t\t\t<\/div>\n\t\t<\/section>\n\t\t\t\t<\/div>","protected":false},"excerpt":{"rendered":"<p>MANUFACTURED HOME PLACEMENT INSPECTION PROGRAM Our Agency conducts Manufactured Home placement inspections under the authority of The Ohio Department of Commerce, Manufactured Home Program. Program authority within Erie County Health District is delegated through a contract with the Ohio Department of Commerce. It is our agency\u2019s responsibility to confirm that homes are placed in a [&hellip;]<\/p>\n","protected":false},"author":1,"featured_media":0,"parent":0,"menu_order":0,"comment_status":"closed","ping_status":"closed","template":"","meta":{"footnotes":"","_links_to":"","_links_to_target":""},"class_list":["post-3291","page","type-page","status-publish","hentry"],"_links":{"self":[{"href":"https:\/\/eriecohealthohio.com\/es\/wp-json\/wp\/v2\/pages\/3291","targetHints":{"allow":["GET"]}}],"collection":[{"href":"https:\/\/eriecohealthohio.com\/es\/wp-json\/wp\/v2\/pages"}],"about":[{"href":"https:\/\/eriecohealthohio.com\/es\/wp-json\/wp\/v2\/types\/page"}],"author":[{"embeddable":true,"href":"https:\/\/eriecohealthohio.com\/es\/wp-json\/wp\/v2\/users\/1"}],"replies":[{"embeddable":true,"href":"https:\/\/eriecohealthohio.com\/es\/wp-json\/wp\/v2\/comments?post=3291"}],"version-history":[{"count":0,"href":"https:\/\/eriecohealthohio.com\/es\/wp-json\/wp\/v2\/pages\/3291\/revisions"}],"wp:attachment":[{"href":"https:\/\/eriecohealthohio.com\/es\/wp-json\/wp\/v2\/media?parent=3291"}],"curies":[{"name":"wp","href":"https:\/\/api.w.org\/{rel}","templated":true}]}}