{"id":2684,"date":"2022-07-12T12:52:45","date_gmt":"2022-07-12T12:52:45","guid":{"rendered":"https:\/\/eriecohealthohio.com\/?page_id=2684"},"modified":"2023-09-20T11:58:44","modified_gmt":"2023-09-20T16:58:44","slug":"bebes-ninos","status":"publish","type":"page","link":"https:\/\/eriecohealthohio.com\/es\/wic\/wic-services\/infants-children\/","title":{"rendered":"BEB\u00c9S Y NI\u00d1OS"},"content":{"rendered":"<div data-elementor-type=\"wp-page\" data-elementor-id=\"2684\" class=\"elementor elementor-2684\" data-elementor-post-type=\"page\">\n\t\t\t\t\t\t<section data-particle_enable=\"false\" data-particle-mobile-disabled=\"false\" class=\"elementor-section elementor-top-section elementor-element elementor-element-7e9f8c4c elementor-section-boxed elementor-section-height-default elementor-section-height-default\" data-id=\"7e9f8c4c\" data-element_type=\"section\" data-e-type=\"section\">\n\t\t\t\t\t\t<div class=\"elementor-container elementor-column-gap-default\">\n\t\t\t\t\t<div class=\"elementor-column elementor-col-100 elementor-top-column elementor-element elementor-element-62046c03\" data-id=\"62046c03\" data-element_type=\"column\" data-e-type=\"column\">\n\t\t\t<div class=\"elementor-widget-wrap elementor-element-populated\">\n\t\t\t\t\t\t<div class=\"elementor-element elementor-element-55e8e18c elementor-widget elementor-widget-image\" data-id=\"55e8e18c\" data-element_type=\"widget\" data-e-type=\"widget\" data-widget_type=\"image.default\">\n\t\t\t\t<div class=\"elementor-widget-container\">\n\t\t\t\t\t\t\t\t\t\t\t\t\t\t\t\t<a href=\"https:\/\/eriecohealthohio.com\/es\/wic\/\">\n\t\t\t\t\t\t\t<img fetchpriority=\"high\" decoding=\"async\" width=\"1600\" height=\"600\" src=\"https:\/\/eriecohealthohio.com\/wp-content\/uploads\/2023\/09\/WIC-Spanish.png\" class=\"attachment-full size-full wp-image-3209\" alt=\"Banner WIC\" srcset=\"https:\/\/eriecohealthohio.com\/wp-content\/uploads\/2023\/09\/WIC-Spanish.png 1600w, https:\/\/eriecohealthohio.com\/wp-content\/uploads\/2023\/09\/WIC-Spanish-300x113.png 300w, https:\/\/eriecohealthohio.com\/wp-content\/uploads\/2023\/09\/WIC-Spanish-1024x384.png 1024w, https:\/\/eriecohealthohio.com\/wp-content\/uploads\/2023\/09\/WIC-Spanish-768x288.png 768w, https:\/\/eriecohealthohio.com\/wp-content\/uploads\/2023\/09\/WIC-Spanish-1536x576.png 1536w, https:\/\/eriecohealthohio.com\/wp-content\/uploads\/2023\/09\/WIC-Spanish-18x7.png 18w\" sizes=\"(max-width: 1600px) 100vw, 1600px\" \/>\t\t\t\t\t\t\t\t<\/a>\n\t\t\t\t\t\t\t\t\t\t\t\t\t\t\t<\/div>\n\t\t\t\t<\/div>\n\t\t\t\t<div class=\"elementor-element elementor-element-17028c75 eael-simple-menu-hamburger-align-center elementor-widget__width-initial eael-hamburger--tablet elementor-widget elementor-widget-eael-simple-menu\" data-id=\"17028c75\" data-element_type=\"widget\" data-e-type=\"widget\" data-no-translation=\"\" data-widget_type=\"eael-simple-menu.default\">\n\t\t\t\t<div class=\"elementor-widget-container\">\n\t\t\t\t\t<style>.elementor-element-17028c75{display:none !important}<\/style>\t\t\t\t<\/div>\n\t\t\t\t<\/div>\n\t\t\t\t\t<\/div>\n\t\t<\/div>\n\t\t\t\t\t<\/div>\n\t\t<\/section>\n\t\t\t\t<section data-particle_enable=\"false\" data-particle-mobile-disabled=\"false\" class=\"elementor-section elementor-top-section elementor-element elementor-element-32103df elementor-section-boxed elementor-section-height-default elementor-section-height-default\" data-id=\"32103df\" data-element_type=\"section\" data-e-type=\"section\">\n\t\t\t\t\t\t<div class=\"elementor-container elementor-column-gap-default\">\n\t\t\t\t\t<div class=\"elementor-column elementor-col-66 elementor-top-column elementor-element elementor-element-8e449d8\" data-id=\"8e449d8\" data-element_type=\"column\" data-e-type=\"column\">\n\t\t\t<div class=\"elementor-widget-wrap elementor-element-populated\">\n\t\t\t\t\t\t<div class=\"elementor-element elementor-element-13e9de3 elementor-widget elementor-widget-text-editor\" data-id=\"13e9de3\" data-element_type=\"widget\" data-e-type=\"widget\" data-widget_type=\"text-editor.default\">\n\t\t\t\t<div class=\"elementor-widget-container\">\n\t\t\t\t\t\t\t\t\t<h4>WIC - BEB\u00c9S Y NI\u00d1OS<\/h4><p>WIC puede proporcionar asistencia nutricional suplementaria y derivaciones a otros servicios para su hijo hasta los 5 a\u00f1os.<\/p><h5>ALGUNOS EJEMPLOS DE SERVICIOS DE WIC<\/h5><ul><li>Educaci\u00f3n nutricional<\/li><li>Educaci\u00f3n, promoci\u00f3n y apoyo a la lactancia materna<\/li><li>Paquete alimentario suplementario mejorado para las mujeres que amamantan exclusivamente a sus hijos y para \u00e9stos<\/li><li>Sacaleches manuales o el\u00e9ctricos para madres cualificadas<\/li><li>Detecci\u00f3n y remisi\u00f3n de casos de vacunaci\u00f3n<\/li><li>Derivaci\u00f3n para atenci\u00f3n sanitaria pedi\u00e1trica<\/li><li>Remisi\u00f3n a Healthy Start<\/li><li>Tarjeta WIC EBT para comprar en los supermercados locales\u00a0<\/li><\/ul><h5>LOS ALIMENTOS DISPONIBLES PUEDEN INCLUIR:<\/h5><ul><li>Leche<\/li><li>Queso<\/li><li>Huevos<\/li><li>Zumo<\/li><li>Cereales<\/li><li>Frutas y verduras<\/li><li>Jud\u00edas<\/li><li>Mantequilla de cacahuete<\/li><li>Cereales integrales<\/li><li>Conservas de at\u00fan\/salm\u00f3n<\/li><li>Preparados para lactantes<\/li><li>Alimentos para beb\u00e9s<\/li><li>Leche de soja<\/li><li>Tofu<\/li><\/ul><div><strong><br \/>*Los alimentos de WIC son prescritos por el profesional sanitario certificador en funci\u00f3n de la edad y las necesidades diet\u00e9ticas del participante. WIC puede no proporcionar todas las necesidades nutricionales requeridas por el participante.<\/strong><\/div>\t\t\t\t\t\t\t\t<\/div>\n\t\t\t\t<\/div>\n\t\t\t\t\t<\/div>\n\t\t<\/div>\n\t\t\t\t<div class=\"elementor-column elementor-col-33 elementor-top-column elementor-element elementor-element-aea1cc2\" data-id=\"aea1cc2\" data-element_type=\"column\" data-e-type=\"column\">\n\t\t\t<div class=\"elementor-widget-wrap elementor-element-populated\">\n\t\t\t\t\t\t<div class=\"elementor-element elementor-element-4c16bb0 elementor-widget elementor-widget-text-editor\" data-id=\"4c16bb0\" data-element_type=\"widget\" data-e-type=\"widget\" data-widget_type=\"text-editor.default\">\n\t\t\t\t<div class=\"elementor-widget-container\">\n\t\t\t\t\t\t\t\t\t<h4>RECURSOS ADICIONALES<\/h4><p><a href=\"https:\/\/eriecohealthohio.com\/wp-content\/uploads\/2023\/02\/Updated-WIC-Authorized-Rep-Letter.pdf\" target=\"_blank\" rel=\"noopener\">Carta autorizada WIC<\/a><\/p><p><a href=\"https:\/\/eriecohealthohio.com\/wp-content\/uploads\/2022\/09\/Ohio-WIC-Authorized-Foods-List-English.pdf\" target=\"_blank\" rel=\"noopener\">Lista de alimentos autorizados por WIC - Actualizada en septiembre de 2022<\/a><\/p><p><a href=\"https:\/\/eriecohealthohio.com\/wp-content\/uploads\/2022\/09\/Infant-Authorized-Food-List-English.pdf\" target=\"_blank\" rel=\"noopener\">Lista autorizada de alimentos para beb\u00e9s de WIC - Actualizada en septiembre de 2022<\/a><\/p><p><a href=\"https:\/\/eriecohealthohio.com\/wp-content\/uploads\/2022\/09\/097-Updated-USDA-FNS-Civil-Rights-Non-Discrimination-Statements-English-and-Spanish-Attachment-1.pdf\" target=\"_blank\" rel=\"noopener\">Declaraci\u00f3n de no discriminaci\u00f3n del USDA en ingl\u00e9s y espa\u00f1ol - Actualizada en septiembre de 2022<\/a><\/p><p><a href=\"https:\/\/www.wichealth.org\/\" target=\"_blank\" rel=\"noopener\">Completa tu educaci\u00f3n nutricional WIC<\/a><\/p>\t\t\t\t\t\t\t\t<\/div>\n\t\t\t\t<\/div>\n\t\t\t\t\t<\/div>\n\t\t<\/div>\n\t\t\t\t\t<\/div>\n\t\t<\/section>\n\t\t\t\t<\/div>","protected":false},"excerpt":{"rendered":"<p>SERVICES ELIGIBILTY HOW TO APPLY RESOURCES BREASTFEEDING MILK BANK SHOPPERS APP CONTACT WIC &#8211; INFANTS &amp; CHILDREN WIC can provide supplemental nutrition assistance and referrals to other services for your child up to age 5. SOME EXAMPLES OF WIC SERVICES INCLUDE: Nutrition education Breastfeeding education, promotion and support Enhanced supplemental food package for exclusively breastfeeding [&hellip;]<\/p>\n","protected":false},"author":1,"featured_media":0,"parent":2663,"menu_order":0,"comment_status":"closed","ping_status":"closed","template":"","meta":{"footnotes":"","_links_to":"","_links_to_target":""},"class_list":["post-2684","page","type-page","status-publish","hentry"],"_links":{"self":[{"href":"https:\/\/eriecohealthohio.com\/es\/wp-json\/wp\/v2\/pages\/2684","targetHints":{"allow":["GET"]}}],"collection":[{"href":"https:\/\/eriecohealthohio.com\/es\/wp-json\/wp\/v2\/pages"}],"about":[{"href":"https:\/\/eriecohealthohio.com\/es\/wp-json\/wp\/v2\/types\/page"}],"author":[{"embeddable":true,"href":"https:\/\/eriecohealthohio.com\/es\/wp-json\/wp\/v2\/users\/1"}],"replies":[{"embeddable":true,"href":"https:\/\/eriecohealthohio.com\/es\/wp-json\/wp\/v2\/comments?post=2684"}],"version-history":[{"count":0,"href":"https:\/\/eriecohealthohio.com\/es\/wp-json\/wp\/v2\/pages\/2684\/revisions"}],"up":[{"embeddable":true,"href":"https:\/\/eriecohealthohio.com\/es\/wp-json\/wp\/v2\/pages\/2663"}],"wp:attachment":[{"href":"https:\/\/eriecohealthohio.com\/es\/wp-json\/wp\/v2\/media?parent=2684"}],"curies":[{"name":"wp","href":"https:\/\/api.w.org\/{rel}","templated":true}]}}