{"id":2671,"date":"2022-07-12T12:49:54","date_gmt":"2022-07-12T12:49:54","guid":{"rendered":"https:\/\/eriecohealthohio.com\/?page_id=2671"},"modified":"2025-11-17T15:29:55","modified_gmt":"2025-11-17T19:29:55","slug":"wic-lactancia-materna","status":"publish","type":"page","link":"https:\/\/eriecohealthohio.com\/es\/wic\/wic-breastfeeding\/","title":{"rendered":"LACTANCIA"},"content":{"rendered":"<div data-elementor-type=\"wp-page\" data-elementor-id=\"2671\" class=\"elementor elementor-2671\" data-elementor-post-type=\"page\">\n\t\t\t\t\t\t<section data-particle_enable=\"false\" data-particle-mobile-disabled=\"false\" class=\"elementor-section elementor-top-section elementor-element elementor-element-35c3df69 elementor-section-boxed elementor-section-height-default elementor-section-height-default\" data-id=\"35c3df69\" data-element_type=\"section\" data-e-type=\"section\">\n\t\t\t\t\t\t<div class=\"elementor-container elementor-column-gap-default\">\n\t\t\t\t\t<div class=\"elementor-column elementor-col-100 elementor-top-column elementor-element elementor-element-13b24890\" data-id=\"13b24890\" data-element_type=\"column\" data-e-type=\"column\">\n\t\t\t<div class=\"elementor-widget-wrap elementor-element-populated\">\n\t\t\t\t\t\t<div class=\"elementor-element elementor-element-770f1b8f elementor-widget elementor-widget-image\" data-id=\"770f1b8f\" data-element_type=\"widget\" data-e-type=\"widget\" data-widget_type=\"image.default\">\n\t\t\t\t<div class=\"elementor-widget-container\">\n\t\t\t\t\t\t\t\t\t\t\t\t\t\t\t\t<a href=\"https:\/\/eriecohealthohio.com\/es\/wic\/\">\n\t\t\t\t\t\t\t<img fetchpriority=\"high\" decoding=\"async\" width=\"1600\" height=\"600\" src=\"https:\/\/eriecohealthohio.com\/wp-content\/uploads\/2023\/09\/WIC-Spanish.png\" class=\"attachment-full size-full wp-image-3209\" alt=\"Banner WIC\" srcset=\"https:\/\/eriecohealthohio.com\/wp-content\/uploads\/2023\/09\/WIC-Spanish.png 1600w, https:\/\/eriecohealthohio.com\/wp-content\/uploads\/2023\/09\/WIC-Spanish-300x113.png 300w, https:\/\/eriecohealthohio.com\/wp-content\/uploads\/2023\/09\/WIC-Spanish-1024x384.png 1024w, https:\/\/eriecohealthohio.com\/wp-content\/uploads\/2023\/09\/WIC-Spanish-768x288.png 768w, https:\/\/eriecohealthohio.com\/wp-content\/uploads\/2023\/09\/WIC-Spanish-1536x576.png 1536w, https:\/\/eriecohealthohio.com\/wp-content\/uploads\/2023\/09\/WIC-Spanish-18x7.png 18w\" sizes=\"(max-width: 1600px) 100vw, 1600px\" \/>\t\t\t\t\t\t\t\t<\/a>\n\t\t\t\t\t\t\t\t\t\t\t\t\t\t\t<\/div>\n\t\t\t\t<\/div>\n\t\t\t\t\t<\/div>\n\t\t<\/div>\n\t\t\t\t\t<\/div>\n\t\t<\/section>\n\t\t\t\t<section data-particle_enable=\"false\" data-particle-mobile-disabled=\"false\" class=\"elementor-section elementor-top-section elementor-element elementor-element-5f3d8fd8 elementor-section-boxed elementor-section-height-default elementor-section-height-default\" data-id=\"5f3d8fd8\" data-element_type=\"section\" data-e-type=\"section\">\n\t\t\t\t\t\t<div class=\"elementor-container elementor-column-gap-default\">\n\t\t\t\t\t<div class=\"elementor-column elementor-col-25 elementor-top-column elementor-element elementor-element-6ec9eb9c\" data-id=\"6ec9eb9c\" data-element_type=\"column\" data-e-type=\"column\">\n\t\t\t<div class=\"elementor-widget-wrap elementor-element-populated\">\n\t\t\t\t\t\t<div class=\"elementor-element elementor-element-7c46fba7 elementor-align-center elementor-widget elementor-widget-button\" data-id=\"7c46fba7\" data-element_type=\"widget\" data-e-type=\"widget\" data-widget_type=\"button.default\">\n\t\t\t\t<div class=\"elementor-widget-container\">\n\t\t\t\t\t\t\t\t\t<div class=\"elementor-button-wrapper\">\n\t\t\t\t\t<a class=\"elementor-button elementor-button-link elementor-size-lg\" href=\"https:\/\/eriecohealthohio.com\/es\/wic\/servicios-wic\/\">\n\t\t\t\t\t\t<span class=\"elementor-button-content-wrapper\">\n\t\t\t\t\t\t\t\t\t<span class=\"elementor-button-text\">SERVICIOS<\/span>\n\t\t\t\t\t<\/span>\n\t\t\t\t\t<\/a>\n\t\t\t\t<\/div>\n\t\t\t\t\t\t\t\t<\/div>\n\t\t\t\t<\/div>\n\t\t\t\t\t<\/div>\n\t\t<\/div>\n\t\t\t\t<div class=\"elementor-column elementor-col-25 elementor-top-column elementor-element elementor-element-66ded963\" data-id=\"66ded963\" data-element_type=\"column\" data-e-type=\"column\">\n\t\t\t<div class=\"elementor-widget-wrap elementor-element-populated\">\n\t\t\t\t\t\t<div class=\"elementor-element elementor-element-4b23f28e elementor-align-center elementor-widget elementor-widget-button\" data-id=\"4b23f28e\" data-element_type=\"widget\" data-e-type=\"widget\" data-widget_type=\"button.default\">\n\t\t\t\t<div class=\"elementor-widget-container\">\n\t\t\t\t\t\t\t\t\t<div class=\"elementor-button-wrapper\">\n\t\t\t\t\t<a class=\"elementor-button elementor-button-link elementor-size-lg\" href=\"https:\/\/eriecohealthohio.com\/es\/wic\/elegibilidad-wic\/\">\n\t\t\t\t\t\t<span class=\"elementor-button-content-wrapper\">\n\t\t\t\t\t\t\t\t\t<span class=\"elementor-button-text\">ELEGIBILIDAD<\/span>\n\t\t\t\t\t<\/span>\n\t\t\t\t\t<\/a>\n\t\t\t\t<\/div>\n\t\t\t\t\t\t\t\t<\/div>\n\t\t\t\t<\/div>\n\t\t\t\t\t<\/div>\n\t\t<\/div>\n\t\t\t\t<div class=\"elementor-column elementor-col-25 elementor-top-column elementor-element elementor-element-243130cf\" data-id=\"243130cf\" data-element_type=\"column\" data-e-type=\"column\">\n\t\t\t<div class=\"elementor-widget-wrap elementor-element-populated\">\n\t\t\t\t\t\t<div class=\"elementor-element elementor-element-554e7148 elementor-align-center elementor-widget elementor-widget-button\" data-id=\"554e7148\" data-element_type=\"widget\" data-e-type=\"widget\" data-widget_type=\"button.default\">\n\t\t\t\t<div class=\"elementor-widget-container\">\n\t\t\t\t\t\t\t\t\t<div class=\"elementor-button-wrapper\">\n\t\t\t\t\t<a class=\"elementor-button elementor-button-link elementor-size-lg\" href=\"https:\/\/eriecohealthohio.com\/es\/wic\/wic-como-solicitarlo\/\">\n\t\t\t\t\t\t<span class=\"elementor-button-content-wrapper\">\n\t\t\t\t\t\t\t\t\t<span class=\"elementor-button-text\">C\u00d3MO PRESENTAR LA SOLICITUD<\/span>\n\t\t\t\t\t<\/span>\n\t\t\t\t\t<\/a>\n\t\t\t\t<\/div>\n\t\t\t\t\t\t\t\t<\/div>\n\t\t\t\t<\/div>\n\t\t\t\t\t<\/div>\n\t\t<\/div>\n\t\t\t\t<div class=\"elementor-column elementor-col-25 elementor-top-column elementor-element elementor-element-4df79760\" data-id=\"4df79760\" data-element_type=\"column\" data-e-type=\"column\">\n\t\t\t<div class=\"elementor-widget-wrap elementor-element-populated\">\n\t\t\t\t\t\t<div class=\"elementor-element elementor-element-1749a378 elementor-align-center elementor-widget elementor-widget-button\" data-id=\"1749a378\" data-element_type=\"widget\" data-e-type=\"widget\" data-widget_type=\"button.default\">\n\t\t\t\t<div class=\"elementor-widget-container\">\n\t\t\t\t\t\t\t\t\t<div class=\"elementor-button-wrapper\">\n\t\t\t\t\t<a class=\"elementor-button elementor-button-link elementor-size-lg\" href=\"https:\/\/eriecohealthohio.com\/es\/wic\/recursos-wic\/\">\n\t\t\t\t\t\t<span class=\"elementor-button-content-wrapper\">\n\t\t\t\t\t\t\t\t\t<span class=\"elementor-button-text\">RECURSOS<\/span>\n\t\t\t\t\t<\/span>\n\t\t\t\t\t<\/a>\n\t\t\t\t<\/div>\n\t\t\t\t\t\t\t\t<\/div>\n\t\t\t\t<\/div>\n\t\t\t\t\t<\/div>\n\t\t<\/div>\n\t\t\t\t\t<\/div>\n\t\t<\/section>\n\t\t\t\t<section data-particle_enable=\"false\" data-particle-mobile-disabled=\"false\" class=\"elementor-section elementor-top-section elementor-element elementor-element-76e3dd23 elementor-section-boxed elementor-section-height-default elementor-section-height-default\" data-id=\"76e3dd23\" data-element_type=\"section\" data-e-type=\"section\">\n\t\t\t\t\t\t<div class=\"elementor-container elementor-column-gap-default\">\n\t\t\t\t\t<div class=\"elementor-column elementor-col-25 elementor-top-column elementor-element elementor-element-48e1031c\" data-id=\"48e1031c\" data-element_type=\"column\" data-e-type=\"column\">\n\t\t\t<div class=\"elementor-widget-wrap elementor-element-populated\">\n\t\t\t\t\t\t<div class=\"elementor-element elementor-element-1a6b6abb elementor-align-center elementor-widget elementor-widget-button\" data-id=\"1a6b6abb\" data-element_type=\"widget\" data-e-type=\"widget\" data-widget_type=\"button.default\">\n\t\t\t\t<div class=\"elementor-widget-container\">\n\t\t\t\t\t\t\t\t\t<div class=\"elementor-button-wrapper\">\n\t\t\t\t\t<a class=\"elementor-button elementor-button-link elementor-size-lg\" href=\"https:\/\/eriecohealthohio.com\/es\/wic\/wic-lactancia-materna\/\">\n\t\t\t\t\t\t<span class=\"elementor-button-content-wrapper\">\n\t\t\t\t\t\t\t\t\t<span class=\"elementor-button-text\">LACTANCIA<\/span>\n\t\t\t\t\t<\/span>\n\t\t\t\t\t<\/a>\n\t\t\t\t<\/div>\n\t\t\t\t\t\t\t\t<\/div>\n\t\t\t\t<\/div>\n\t\t\t\t\t<\/div>\n\t\t<\/div>\n\t\t\t\t<div class=\"elementor-column elementor-col-25 elementor-top-column elementor-element elementor-element-37de0526\" data-id=\"37de0526\" data-element_type=\"column\" data-e-type=\"column\">\n\t\t\t<div class=\"elementor-widget-wrap elementor-element-populated\">\n\t\t\t\t\t\t<div class=\"elementor-element elementor-element-609ea57f elementor-align-center elementor-widget elementor-widget-button\" data-id=\"609ea57f\" data-element_type=\"widget\" data-e-type=\"widget\" data-widget_type=\"button.default\">\n\t\t\t\t<div class=\"elementor-widget-container\">\n\t\t\t\t\t\t\t\t\t<div class=\"elementor-button-wrapper\">\n\t\t\t\t\t<a class=\"elementor-button elementor-button-link elementor-size-lg\" href=\"https:\/\/eriecohealthohio.com\/es\/wic\/wic-ohiohealth-banco-de-leche-materna\/\">\n\t\t\t\t\t\t<span class=\"elementor-button-content-wrapper\">\n\t\t\t\t\t\t\t\t\t<span class=\"elementor-button-text\">BANCO DE LECHE<\/span>\n\t\t\t\t\t<\/span>\n\t\t\t\t\t<\/a>\n\t\t\t\t<\/div>\n\t\t\t\t\t\t\t\t<\/div>\n\t\t\t\t<\/div>\n\t\t\t\t\t<\/div>\n\t\t<\/div>\n\t\t\t\t<div class=\"elementor-column elementor-col-25 elementor-top-column elementor-element elementor-element-588e45e3\" data-id=\"588e45e3\" data-element_type=\"column\" data-e-type=\"column\">\n\t\t\t<div class=\"elementor-widget-wrap elementor-element-populated\">\n\t\t\t\t\t\t<div class=\"elementor-element elementor-element-8150f6e elementor-align-center elementor-widget elementor-widget-button\" data-id=\"8150f6e\" data-element_type=\"widget\" data-e-type=\"widget\" data-widget_type=\"button.default\">\n\t\t\t\t<div class=\"elementor-widget-container\">\n\t\t\t\t\t\t\t\t\t<div class=\"elementor-button-wrapper\">\n\t\t\t\t\t<a class=\"elementor-button elementor-button-link elementor-size-lg\" href=\"https:\/\/eriecohealthohio.com\/es\/wic\/wic-shoppers-app\/\">\n\t\t\t\t\t\t<span class=\"elementor-button-content-wrapper\">\n\t\t\t\t\t\t\t\t\t<span class=\"elementor-button-text\">APLICACI\u00d3N PARA COMPRADORES<\/span>\n\t\t\t\t\t<\/span>\n\t\t\t\t\t<\/a>\n\t\t\t\t<\/div>\n\t\t\t\t\t\t\t\t<\/div>\n\t\t\t\t<\/div>\n\t\t\t\t\t<\/div>\n\t\t<\/div>\n\t\t\t\t<div class=\"elementor-column elementor-col-25 elementor-top-column elementor-element elementor-element-425ad946\" data-id=\"425ad946\" data-element_type=\"column\" data-e-type=\"column\">\n\t\t\t<div class=\"elementor-widget-wrap elementor-element-populated\">\n\t\t\t\t\t\t<div class=\"elementor-element elementor-element-427be5f elementor-align-center elementor-widget elementor-widget-button\" data-id=\"427be5f\" data-element_type=\"widget\" data-e-type=\"widget\" data-widget_type=\"button.default\">\n\t\t\t\t<div class=\"elementor-widget-container\">\n\t\t\t\t\t\t\t\t\t<div class=\"elementor-button-wrapper\">\n\t\t\t\t\t<a class=\"elementor-button elementor-button-link elementor-size-lg\" href=\"https:\/\/eriecohealthohio.com\/es\/wic\/contacto-wic\/\">\n\t\t\t\t\t\t<span class=\"elementor-button-content-wrapper\">\n\t\t\t\t\t\t\t\t\t<span class=\"elementor-button-text\">CONTACTO<\/span>\n\t\t\t\t\t<\/span>\n\t\t\t\t\t<\/a>\n\t\t\t\t<\/div>\n\t\t\t\t\t\t\t\t<\/div>\n\t\t\t\t<\/div>\n\t\t\t\t\t<\/div>\n\t\t<\/div>\n\t\t\t\t\t<\/div>\n\t\t<\/section>\n\t\t\t\t<section data-particle_enable=\"false\" data-particle-mobile-disabled=\"false\" class=\"elementor-section elementor-top-section elementor-element elementor-element-3f30633 elementor-section-boxed elementor-section-height-default elementor-section-height-default\" data-id=\"3f30633\" data-element_type=\"section\" data-e-type=\"section\">\n\t\t\t\t\t\t<div class=\"elementor-container elementor-column-gap-default\">\n\t\t\t\t\t<div class=\"elementor-column elementor-col-100 elementor-top-column elementor-element elementor-element-cb5151f\" data-id=\"cb5151f\" data-element_type=\"column\" data-e-type=\"column\">\n\t\t\t<div class=\"elementor-widget-wrap elementor-element-populated\">\n\t\t\t\t\t\t<div class=\"elementor-element elementor-element-91e2bd4 elementor-widget elementor-widget-text-editor\" data-id=\"91e2bd4\" data-element_type=\"widget\" data-e-type=\"widget\" data-widget_type=\"text-editor.default\">\n\t\t\t\t<div class=\"elementor-widget-container\">\n\t\t\t\t\t\t\t\t\t<h4><img decoding=\"async\" class=\"size-full wp-image-22104 aligncenter\" src=\"https:\/\/eriecohealthohio.com\/wp-content\/uploads\/2025\/04\/WIC-Logo.png\" alt=\"Logotipo WIC\" width=\"489\" height=\"200\" srcset=\"https:\/\/eriecohealthohio.com\/wp-content\/uploads\/2025\/04\/WIC-Logo.png 489w, https:\/\/eriecohealthohio.com\/wp-content\/uploads\/2025\/04\/WIC-Logo-300x123.png 300w, https:\/\/eriecohealthohio.com\/wp-content\/uploads\/2025\/04\/WIC-Logo-18x7.png 18w\" sizes=\"(max-width: 489px) 100vw, 489px\" \/><\/h4><h4>WIC - LACTANCIA MATERNA<\/h4><h5><img decoding=\"async\" class=\"alignright wp-image-3099 size-medium\" src=\"https:\/\/eriecohealthohio.com\/wp-content\/uploads\/2022\/07\/Breastfeeding-300x300.jpg\" alt=\"\" width=\"300\" height=\"300\" srcset=\"https:\/\/eriecohealthohio.com\/wp-content\/uploads\/2022\/07\/Breastfeeding-300x300.jpg 300w, https:\/\/eriecohealthohio.com\/wp-content\/uploads\/2022\/07\/Breastfeeding-150x150.jpg 150w, https:\/\/eriecohealthohio.com\/wp-content\/uploads\/2022\/07\/Breastfeeding.jpg 500w\" sizes=\"(max-width: 300px) 100vw, 300px\" \/><\/h5><p>\"<a href=\"https:\/\/www.healthychildren.org\/English\/ages-stages\/baby\/breastfeeding\/Pages\/Where-We-Stand-Breastfeeding.aspx\">Academia Americana de Pediatr\u00eda (AAP)<\/a> recomienda la lactancia materna exclusiva durante aproximadamente 6 meses despu\u00e9s del nacimiento. Adem\u00e1s, la AAP apoya la lactancia materna continuada, junto con alimentos complementarios apropiados introducidos aproximadamente a los 6 meses, siempre que la madre y el ni\u00f1o lo deseen mutuamente durante 2 a\u00f1os o m\u00e1s.\"<\/p><h5>EL PROGRAMA WIC DEL CONDADO DE ERIE\/HURON SE COMPROMETE A:<\/h5><ul><li>Ayudar a que la lactancia materna sea la norma cultural para los lactantes;<\/li><li>Ofrecer formaci\u00f3n y apoyo para ayudar a las familias a tomar decisiones alimentarias con conocimiento de causa.<\/li><li>Apoyar a la madre en su elecci\u00f3n de alimentaci\u00f3n.<p><a href=\"https:\/\/eriecohealthohio.com\/es\/wic\/contacto-wic\/\"><strong>Para ponerse en contacto con nuestro personal de apoyo a la lactancia, llame a las oficinas de Sandusky o Norwalk.<\/strong><\/a><\/p><\/li><\/ul><h5>PROGRAMA WIC PEER HELPER<\/h5><p>Las ayudantes de lactancia son mujeres de la comunidad con experiencia personal en lactancia materna. Las compa\u00f1eras ofrecen \u00e1nimo y apoyo de madre a madre para ayudar a las familias a alcanzar sus objetivos de lactancia y proporcionan informaci\u00f3n para ayudar a fomentar una experiencia de lactancia positiva y satisfactoria.<\/p><h5>PROGRAMA DE SACALECHES<\/h5><p>\u00bfQuieres comprar un sacaleches? La mayor\u00eda de los seguros cubren los extractores de leche para mujeres embarazadas, pero cada programa es ligeramente distinto. Le conviene\u00a0<a href=\"https:\/\/wicbreastfeeding.fns.usda.gov\/finding-breast-pump\" target=\"_blank\" rel=\"noopener\">consulte a su compa\u00f1\u00eda de seguros<\/a>\u00a0para saber qu\u00e9 est\u00e1 cubierto antes de la llegada de su beb\u00e9. Si no puede obtener un extractor de leche a trav\u00e9s del seguro o no tiene seguro, puede ser elegible para recibir uno a trav\u00e9s de WIC. P\u00f3ngase en contacto con nuestro personal de apoyo a la lactancia de WIC para discutir qu\u00e9 opci\u00f3n es la mejor para usted.<\/p>\t\t\t\t\t\t\t\t<\/div>\n\t\t\t\t<\/div>\n\t\t\t\t\t<\/div>\n\t\t<\/div>\n\t\t\t\t\t<\/div>\n\t\t<\/section>\n\t\t\t\t<\/div>","protected":false},"excerpt":{"rendered":"<p>SERVICES ELIGIBILITY HOW TO APPLY RESOURCES BREASTFEEDING MILK BANK SHOPPERS APP CONTACT WIC &#8211; BREASTFEEDING \u201cThe American Academy of Pediatrics (AAP) recommends exclusive breastfeeding for approximately 6 months after birth. Furthermore, the AAP supports continued breastfeeding, along with appropriate complementary foods introduced at about 6 months, as long as mutually desired by mother and child [&hellip;]<\/p>\n","protected":false},"author":1,"featured_media":0,"parent":2424,"menu_order":0,"comment_status":"closed","ping_status":"closed","template":"","meta":{"footnotes":"","_links_to":"","_links_to_target":""},"class_list":["post-2671","page","type-page","status-publish","hentry"],"_links":{"self":[{"href":"https:\/\/eriecohealthohio.com\/es\/wp-json\/wp\/v2\/pages\/2671","targetHints":{"allow":["GET"]}}],"collection":[{"href":"https:\/\/eriecohealthohio.com\/es\/wp-json\/wp\/v2\/pages"}],"about":[{"href":"https:\/\/eriecohealthohio.com\/es\/wp-json\/wp\/v2\/types\/page"}],"author":[{"embeddable":true,"href":"https:\/\/eriecohealthohio.com\/es\/wp-json\/wp\/v2\/users\/1"}],"replies":[{"embeddable":true,"href":"https:\/\/eriecohealthohio.com\/es\/wp-json\/wp\/v2\/comments?post=2671"}],"version-history":[{"count":0,"href":"https:\/\/eriecohealthohio.com\/es\/wp-json\/wp\/v2\/pages\/2671\/revisions"}],"up":[{"embeddable":true,"href":"https:\/\/eriecohealthohio.com\/es\/wp-json\/wp\/v2\/pages\/2424"}],"wp:attachment":[{"href":"https:\/\/eriecohealthohio.com\/es\/wp-json\/wp\/v2\/media?parent=2671"}],"curies":[{"name":"wp","href":"https:\/\/api.w.org\/{rel}","templated":true}]}}