{"id":2669,"date":"2022-07-12T12:49:30","date_gmt":"2022-07-12T12:49:30","guid":{"rendered":"https:\/\/eriecohealthohio.com\/?page_id=2669"},"modified":"2025-11-17T15:28:55","modified_gmt":"2025-11-17T19:28:55","slug":"recursos-wic","status":"publish","type":"page","link":"https:\/\/eriecohealthohio.com\/es\/wic\/wic-resources\/","title":{"rendered":"RECURSOS"},"content":{"rendered":"<div data-elementor-type=\"wp-page\" data-elementor-id=\"2669\" class=\"elementor elementor-2669\" data-elementor-post-type=\"page\">\n\t\t\t\t\t\t<section data-particle_enable=\"false\" data-particle-mobile-disabled=\"false\" class=\"elementor-section elementor-top-section elementor-element elementor-element-6aefb584 elementor-section-boxed elementor-section-height-default elementor-section-height-default\" data-id=\"6aefb584\" data-element_type=\"section\" data-e-type=\"section\">\n\t\t\t\t\t\t<div class=\"elementor-container elementor-column-gap-default\">\n\t\t\t\t\t<div class=\"elementor-column elementor-col-100 elementor-top-column elementor-element elementor-element-3f30f97e\" data-id=\"3f30f97e\" data-element_type=\"column\" data-e-type=\"column\">\n\t\t\t<div class=\"elementor-widget-wrap elementor-element-populated\">\n\t\t\t\t\t\t<div class=\"elementor-element elementor-element-2a323549 elementor-widget elementor-widget-image\" data-id=\"2a323549\" data-element_type=\"widget\" data-e-type=\"widget\" data-widget_type=\"image.default\">\n\t\t\t\t<div class=\"elementor-widget-container\">\n\t\t\t\t\t\t\t\t\t\t\t\t\t\t\t\t<a href=\"https:\/\/eriecohealthohio.com\/es\/wic\/\">\n\t\t\t\t\t\t\t<img fetchpriority=\"high\" decoding=\"async\" width=\"1600\" height=\"600\" src=\"https:\/\/eriecohealthohio.com\/wp-content\/uploads\/2023\/09\/WIC-Spanish.png\" class=\"attachment-full size-full wp-image-3209\" alt=\"Banner WIC\" srcset=\"https:\/\/eriecohealthohio.com\/wp-content\/uploads\/2023\/09\/WIC-Spanish.png 1600w, https:\/\/eriecohealthohio.com\/wp-content\/uploads\/2023\/09\/WIC-Spanish-300x113.png 300w, https:\/\/eriecohealthohio.com\/wp-content\/uploads\/2023\/09\/WIC-Spanish-1024x384.png 1024w, https:\/\/eriecohealthohio.com\/wp-content\/uploads\/2023\/09\/WIC-Spanish-768x288.png 768w, https:\/\/eriecohealthohio.com\/wp-content\/uploads\/2023\/09\/WIC-Spanish-1536x576.png 1536w, https:\/\/eriecohealthohio.com\/wp-content\/uploads\/2023\/09\/WIC-Spanish-18x7.png 18w\" sizes=\"(max-width: 1600px) 100vw, 1600px\" \/>\t\t\t\t\t\t\t\t<\/a>\n\t\t\t\t\t\t\t\t\t\t\t\t\t\t\t<\/div>\n\t\t\t\t<\/div>\n\t\t\t\t\t<\/div>\n\t\t<\/div>\n\t\t\t\t\t<\/div>\n\t\t<\/section>\n\t\t\t\t<section data-particle_enable=\"false\" data-particle-mobile-disabled=\"false\" class=\"elementor-section elementor-top-section elementor-element elementor-element-6f9f87f6 elementor-section-boxed elementor-section-height-default elementor-section-height-default\" data-id=\"6f9f87f6\" data-element_type=\"section\" data-e-type=\"section\">\n\t\t\t\t\t\t<div class=\"elementor-container elementor-column-gap-default\">\n\t\t\t\t\t<div class=\"elementor-column elementor-col-25 elementor-top-column elementor-element elementor-element-6bcc9b28\" data-id=\"6bcc9b28\" data-element_type=\"column\" data-e-type=\"column\">\n\t\t\t<div class=\"elementor-widget-wrap elementor-element-populated\">\n\t\t\t\t\t\t<div class=\"elementor-element elementor-element-7ec6eda7 elementor-align-center elementor-widget elementor-widget-button\" data-id=\"7ec6eda7\" data-element_type=\"widget\" data-e-type=\"widget\" data-widget_type=\"button.default\">\n\t\t\t\t<div class=\"elementor-widget-container\">\n\t\t\t\t\t\t\t\t\t<div class=\"elementor-button-wrapper\">\n\t\t\t\t\t<a class=\"elementor-button elementor-button-link elementor-size-lg\" href=\"https:\/\/eriecohealthohio.com\/es\/wic\/servicios-wic\/\">\n\t\t\t\t\t\t<span class=\"elementor-button-content-wrapper\">\n\t\t\t\t\t\t\t\t\t<span class=\"elementor-button-text\">SERVICIOS<\/span>\n\t\t\t\t\t<\/span>\n\t\t\t\t\t<\/a>\n\t\t\t\t<\/div>\n\t\t\t\t\t\t\t\t<\/div>\n\t\t\t\t<\/div>\n\t\t\t\t\t<\/div>\n\t\t<\/div>\n\t\t\t\t<div class=\"elementor-column elementor-col-25 elementor-top-column elementor-element elementor-element-c22f8ce\" data-id=\"c22f8ce\" data-element_type=\"column\" data-e-type=\"column\">\n\t\t\t<div class=\"elementor-widget-wrap elementor-element-populated\">\n\t\t\t\t\t\t<div class=\"elementor-element elementor-element-77020dc4 elementor-align-center elementor-widget elementor-widget-button\" data-id=\"77020dc4\" data-element_type=\"widget\" data-e-type=\"widget\" data-widget_type=\"button.default\">\n\t\t\t\t<div class=\"elementor-widget-container\">\n\t\t\t\t\t\t\t\t\t<div class=\"elementor-button-wrapper\">\n\t\t\t\t\t<a class=\"elementor-button elementor-button-link elementor-size-lg\" href=\"https:\/\/eriecohealthohio.com\/es\/wic\/elegibilidad-wic\/\">\n\t\t\t\t\t\t<span class=\"elementor-button-content-wrapper\">\n\t\t\t\t\t\t\t\t\t<span class=\"elementor-button-text\">ELEGIBILIDAD<\/span>\n\t\t\t\t\t<\/span>\n\t\t\t\t\t<\/a>\n\t\t\t\t<\/div>\n\t\t\t\t\t\t\t\t<\/div>\n\t\t\t\t<\/div>\n\t\t\t\t\t<\/div>\n\t\t<\/div>\n\t\t\t\t<div class=\"elementor-column elementor-col-25 elementor-top-column elementor-element elementor-element-4cc1240a\" data-id=\"4cc1240a\" data-element_type=\"column\" data-e-type=\"column\">\n\t\t\t<div class=\"elementor-widget-wrap elementor-element-populated\">\n\t\t\t\t\t\t<div class=\"elementor-element elementor-element-10811f45 elementor-align-center elementor-widget elementor-widget-button\" data-id=\"10811f45\" data-element_type=\"widget\" data-e-type=\"widget\" data-widget_type=\"button.default\">\n\t\t\t\t<div class=\"elementor-widget-container\">\n\t\t\t\t\t\t\t\t\t<div class=\"elementor-button-wrapper\">\n\t\t\t\t\t<a class=\"elementor-button elementor-button-link elementor-size-lg\" href=\"https:\/\/eriecohealthohio.com\/es\/wic\/wic-como-solicitarlo\/\">\n\t\t\t\t\t\t<span class=\"elementor-button-content-wrapper\">\n\t\t\t\t\t\t\t\t\t<span class=\"elementor-button-text\">C\u00d3MO PRESENTAR LA SOLICITUD<\/span>\n\t\t\t\t\t<\/span>\n\t\t\t\t\t<\/a>\n\t\t\t\t<\/div>\n\t\t\t\t\t\t\t\t<\/div>\n\t\t\t\t<\/div>\n\t\t\t\t\t<\/div>\n\t\t<\/div>\n\t\t\t\t<div class=\"elementor-column elementor-col-25 elementor-top-column elementor-element elementor-element-55c6fb2a\" data-id=\"55c6fb2a\" data-element_type=\"column\" data-e-type=\"column\">\n\t\t\t<div class=\"elementor-widget-wrap elementor-element-populated\">\n\t\t\t\t\t\t<div class=\"elementor-element elementor-element-236f6fc8 elementor-align-center elementor-widget elementor-widget-button\" data-id=\"236f6fc8\" data-element_type=\"widget\" data-e-type=\"widget\" data-widget_type=\"button.default\">\n\t\t\t\t<div class=\"elementor-widget-container\">\n\t\t\t\t\t\t\t\t\t<div class=\"elementor-button-wrapper\">\n\t\t\t\t\t<a class=\"elementor-button elementor-button-link elementor-size-lg\" href=\"https:\/\/eriecohealthohio.com\/es\/wic\/recursos-wic\/\">\n\t\t\t\t\t\t<span class=\"elementor-button-content-wrapper\">\n\t\t\t\t\t\t\t\t\t<span class=\"elementor-button-text\">RECURSOS<\/span>\n\t\t\t\t\t<\/span>\n\t\t\t\t\t<\/a>\n\t\t\t\t<\/div>\n\t\t\t\t\t\t\t\t<\/div>\n\t\t\t\t<\/div>\n\t\t\t\t\t<\/div>\n\t\t<\/div>\n\t\t\t\t\t<\/div>\n\t\t<\/section>\n\t\t\t\t<section data-particle_enable=\"false\" data-particle-mobile-disabled=\"false\" class=\"elementor-section elementor-top-section elementor-element elementor-element-6b3f94ca elementor-section-boxed elementor-section-height-default elementor-section-height-default\" data-id=\"6b3f94ca\" data-element_type=\"section\" data-e-type=\"section\">\n\t\t\t\t\t\t<div class=\"elementor-container elementor-column-gap-default\">\n\t\t\t\t\t<div class=\"elementor-column elementor-col-25 elementor-top-column elementor-element elementor-element-61f44820\" data-id=\"61f44820\" data-element_type=\"column\" data-e-type=\"column\">\n\t\t\t<div class=\"elementor-widget-wrap elementor-element-populated\">\n\t\t\t\t\t\t<div class=\"elementor-element elementor-element-507ea04a elementor-align-center elementor-widget elementor-widget-button\" data-id=\"507ea04a\" data-element_type=\"widget\" data-e-type=\"widget\" data-widget_type=\"button.default\">\n\t\t\t\t<div class=\"elementor-widget-container\">\n\t\t\t\t\t\t\t\t\t<div class=\"elementor-button-wrapper\">\n\t\t\t\t\t<a class=\"elementor-button elementor-button-link elementor-size-lg\" href=\"https:\/\/eriecohealthohio.com\/es\/wic\/wic-lactancia-materna\/\">\n\t\t\t\t\t\t<span class=\"elementor-button-content-wrapper\">\n\t\t\t\t\t\t\t\t\t<span class=\"elementor-button-text\">LACTANCIA<\/span>\n\t\t\t\t\t<\/span>\n\t\t\t\t\t<\/a>\n\t\t\t\t<\/div>\n\t\t\t\t\t\t\t\t<\/div>\n\t\t\t\t<\/div>\n\t\t\t\t\t<\/div>\n\t\t<\/div>\n\t\t\t\t<div class=\"elementor-column elementor-col-25 elementor-top-column elementor-element elementor-element-636b1c2b\" data-id=\"636b1c2b\" data-element_type=\"column\" data-e-type=\"column\">\n\t\t\t<div class=\"elementor-widget-wrap elementor-element-populated\">\n\t\t\t\t\t\t<div class=\"elementor-element elementor-element-3dc61474 elementor-align-center elementor-widget elementor-widget-button\" data-id=\"3dc61474\" data-element_type=\"widget\" data-e-type=\"widget\" data-widget_type=\"button.default\">\n\t\t\t\t<div class=\"elementor-widget-container\">\n\t\t\t\t\t\t\t\t\t<div class=\"elementor-button-wrapper\">\n\t\t\t\t\t<a class=\"elementor-button elementor-button-link elementor-size-lg\" href=\"https:\/\/eriecohealthohio.com\/es\/wic\/wic-ohiohealth-banco-de-leche-materna\/\">\n\t\t\t\t\t\t<span class=\"elementor-button-content-wrapper\">\n\t\t\t\t\t\t\t\t\t<span class=\"elementor-button-text\">BANCO DE LECHE<\/span>\n\t\t\t\t\t<\/span>\n\t\t\t\t\t<\/a>\n\t\t\t\t<\/div>\n\t\t\t\t\t\t\t\t<\/div>\n\t\t\t\t<\/div>\n\t\t\t\t\t<\/div>\n\t\t<\/div>\n\t\t\t\t<div class=\"elementor-column elementor-col-25 elementor-top-column elementor-element elementor-element-19ca58bb\" data-id=\"19ca58bb\" data-element_type=\"column\" data-e-type=\"column\">\n\t\t\t<div class=\"elementor-widget-wrap elementor-element-populated\">\n\t\t\t\t\t\t<div class=\"elementor-element elementor-element-4a89dfe elementor-align-center elementor-widget elementor-widget-button\" data-id=\"4a89dfe\" data-element_type=\"widget\" data-e-type=\"widget\" data-widget_type=\"button.default\">\n\t\t\t\t<div class=\"elementor-widget-container\">\n\t\t\t\t\t\t\t\t\t<div class=\"elementor-button-wrapper\">\n\t\t\t\t\t<a class=\"elementor-button elementor-button-link elementor-size-lg\" href=\"https:\/\/eriecohealthohio.com\/es\/wic\/wic-shoppers-app\/\">\n\t\t\t\t\t\t<span class=\"elementor-button-content-wrapper\">\n\t\t\t\t\t\t\t\t\t<span class=\"elementor-button-text\">APLICACI\u00d3N PARA COMPRADORES<\/span>\n\t\t\t\t\t<\/span>\n\t\t\t\t\t<\/a>\n\t\t\t\t<\/div>\n\t\t\t\t\t\t\t\t<\/div>\n\t\t\t\t<\/div>\n\t\t\t\t\t<\/div>\n\t\t<\/div>\n\t\t\t\t<div class=\"elementor-column elementor-col-25 elementor-top-column elementor-element elementor-element-602608\" data-id=\"602608\" data-element_type=\"column\" data-e-type=\"column\">\n\t\t\t<div class=\"elementor-widget-wrap elementor-element-populated\">\n\t\t\t\t\t\t<div class=\"elementor-element elementor-element-75e1eea0 elementor-align-center elementor-widget elementor-widget-button\" data-id=\"75e1eea0\" data-element_type=\"widget\" data-e-type=\"widget\" data-widget_type=\"button.default\">\n\t\t\t\t<div class=\"elementor-widget-container\">\n\t\t\t\t\t\t\t\t\t<div class=\"elementor-button-wrapper\">\n\t\t\t\t\t<a class=\"elementor-button elementor-button-link elementor-size-lg\" href=\"https:\/\/eriecohealthohio.com\/es\/wic\/contacto-wic\/\">\n\t\t\t\t\t\t<span class=\"elementor-button-content-wrapper\">\n\t\t\t\t\t\t\t\t\t<span class=\"elementor-button-text\">CONTACTO<\/span>\n\t\t\t\t\t<\/span>\n\t\t\t\t\t<\/a>\n\t\t\t\t<\/div>\n\t\t\t\t\t\t\t\t<\/div>\n\t\t\t\t<\/div>\n\t\t\t\t\t<\/div>\n\t\t<\/div>\n\t\t\t\t\t<\/div>\n\t\t<\/section>\n\t\t\t\t<section data-particle_enable=\"false\" data-particle-mobile-disabled=\"false\" class=\"elementor-section elementor-top-section elementor-element elementor-element-38594f3 elementor-section-boxed elementor-section-height-default elementor-section-height-default\" data-id=\"38594f3\" data-element_type=\"section\" data-e-type=\"section\">\n\t\t\t\t\t\t<div class=\"elementor-container elementor-column-gap-default\">\n\t\t\t\t\t<div class=\"elementor-column elementor-col-66 elementor-top-column elementor-element elementor-element-52208d0\" data-id=\"52208d0\" data-element_type=\"column\" data-e-type=\"column\">\n\t\t\t<div class=\"elementor-widget-wrap elementor-element-populated\">\n\t\t\t\t\t\t<div class=\"elementor-element elementor-element-203fe8d elementor-widget elementor-widget-text-editor\" data-id=\"203fe8d\" data-element_type=\"widget\" data-e-type=\"widget\" data-widget_type=\"text-editor.default\">\n\t\t\t\t<div class=\"elementor-widget-container\">\n\t\t\t\t\t\t\t\t\t<h4><img decoding=\"async\" class=\"size-full wp-image-22104 aligncenter\" src=\"https:\/\/eriecohealthohio.com\/wp-content\/uploads\/2025\/04\/WIC-Logo.png\" alt=\"Logotipo WIC\" width=\"489\" height=\"200\" srcset=\"https:\/\/eriecohealthohio.com\/wp-content\/uploads\/2025\/04\/WIC-Logo.png 489w, https:\/\/eriecohealthohio.com\/wp-content\/uploads\/2025\/04\/WIC-Logo-300x123.png 300w, https:\/\/eriecohealthohio.com\/wp-content\/uploads\/2025\/04\/WIC-Logo-18x7.png 18w\" sizes=\"(max-width: 489px) 100vw, 489px\" \/><\/h4><h4>WIC - RECURSOS<\/h4><h5>EDUCACI\u00d3N NUTRICIONAL<\/h5><h5>Ingl\u00e9s<\/h5><ul><li><a href=\"https:\/\/eriecohealthohio.com\/wp-content\/uploads\/2022\/07\/Steps-To-A-Healthier-You.pdf\">Pasos hacia una vida m\u00e1s sana<\/a><\/li><li><a href=\"https:\/\/eriecohealthohio.com\/wp-content\/uploads\/2022\/07\/Making-Formula-English-Final-2-9-18.pdf\">F\u00f3rmula de fabricaci\u00f3n<\/a><\/li><li><a href=\"https:\/\/eriecohealthohio.com\/wp-content\/uploads\/2022\/07\/Belly-aches.pdf\">Dolores de vientre<\/a><\/li><li><a href=\"https:\/\/eriecohealthohio.com\/wp-content\/uploads\/2022\/07\/FB3-Starting-Solid-Foods.pdf\">Inicio de la alimentaci\u00f3n s\u00f3lida<\/a><\/li><li><a href=\"https:\/\/eriecohealthohio.com\/wp-content\/uploads\/2022\/07\/Feeding-Your-Baby-A-guide-for-the-First-Year.pdf\">Alimentar a su beb\u00e9 - Gu\u00eda para el primer a\u00f1o<\/a><\/li><li><a href=\"https:\/\/eriecohealthohio.com\/wp-content\/uploads\/2022\/07\/FB10-Time-to-Get-off-the-bottle.pdf\">Es hora de dejar la botella<\/a><\/li><li><a href=\"https:\/\/eriecohealthohio.com\/wp-content\/uploads\/2022\/07\/Feeding-Your-1-Year-Old.pdf\">C\u00f3mo alimentar a su hijo de 1 a\u00f1o<\/a><\/li><li><a href=\"https:\/\/eriecohealthohio.com\/wp-content\/uploads\/2022\/07\/C3-Feeding-Your-2-Year-Old.pdf\">C\u00f3mo alimentar a su hijo de 2 a\u00f1os<\/a><\/li><li><a href=\"https:\/\/eriecohealthohio.com\/wp-content\/uploads\/2022\/07\/C4-Feeding-Your-3-Year-Old.pdf\">C\u00f3mo alimentar a su hijo de 3 a\u00f1os<\/a><\/li><li><a href=\"https:\/\/eriecohealthohio.com\/wp-content\/uploads\/2022\/07\/C5-Feeding-Your-4-Year-Old.pdf\">C\u00f3mo alimentar a un ni\u00f1o de 4 a\u00f1os<\/a><\/li><li><a href=\"https:\/\/eriecohealthohio.com\/wp-content\/uploads\/2022\/07\/C6-Feeding-Your-5-Year-Old.pdf\">Alimentar a un ni\u00f1o de 5 a\u00f1os<\/a><\/li><li><a href=\"https:\/\/eriecohealthohio.com\/wp-content\/uploads\/2022\/07\/C7-How-to-Cope-with-your-Picky-Eater.pdf\">C\u00f3mo lidiar con un comedor quisquilloso<\/a><\/li><li><a href=\"https:\/\/eriecohealthohio.com\/wp-content\/uploads\/2022\/07\/C10-Power-Packed-Foods.pdf\">Alimentos energ\u00e9ticos<\/a><\/li><li><a href=\"https:\/\/eriecohealthohio.com\/wp-content\/uploads\/2022\/07\/Screen-Time.pdf\">Tiempo de pantalla<\/a><\/li><li><a href=\"https:\/\/eriecohealthohio.com\/wp-content\/uploads\/2022\/07\/2845.23-Who-Needs-Iron-non-crpd-5-18.pdf\">\u00bfQui\u00e9n necesita hierro?<\/a><\/li><\/ul><h5><strong><br \/><\/strong>Espa\u00f1ol<\/h5><ul><li><a href=\"https:\/\/eriecohealthohio.com\/wp-content\/uploads\/2022\/07\/Making-Formula-SPANISH.pdf\">Hacer la f\u00f3rmula ESPA\u00d1OL<\/a><\/li><li><a href=\"https:\/\/eriecohealthohio.com\/wp-content\/uploads\/2022\/07\/Belly-Aches-SPANISH.pdf\">Dolores de vientre ESPA\u00d1OL<\/a><\/li><li><a href=\"https:\/\/eriecohealthohio.com\/wp-content\/uploads\/2022\/07\/Starting-Solid-Foods-SPANISH.pdf\">Empezar a comer alimentos s\u00f3lidos ESPA\u00d1OL<\/a><\/li><li><a href=\"https:\/\/eriecohealthohio.com\/wp-content\/uploads\/2022\/07\/Feeding-Your-Baby-A-Guide-for-the-First-Year-SPANISH.pdf\">C\u00f3mo alimentar a tu beb\u00e9: Gu\u00eda para el primer a\u00f1o ESPA\u00d1OL<\/a><\/li><li><a href=\"https:\/\/eriecohealthohio.com\/wp-content\/uploads\/2022\/07\/Time-to-Get-off-the-Bottle-SPANISH.pdf\">Es hora de dejar la botella ESPA\u00d1OL<\/a><\/li><li><a href=\"https:\/\/eriecohealthohio.com\/wp-content\/uploads\/2022\/07\/Feeding-Your-1-Year-Old-SPANISH.pdf\">C\u00f3mo alimentar a su hijo de 1 a\u00f1o ESPA\u00d1OL<\/a><\/li><li><a href=\"https:\/\/eriecohealthohio.com\/wp-content\/uploads\/2022\/07\/Feeding-Your-2-Year-Old-SPANISH.pdf\">C\u00f3mo alimentar a su hijo de 2 a\u00f1os ESPA\u00d1OL<\/a><\/li><li><a href=\"https:\/\/eriecohealthohio.com\/wp-content\/uploads\/2022\/07\/Feeding-Your-3-Year-Old-SPANISH.pdf\">C\u00f3mo alimentar a su hijo de 3 a\u00f1os ESPA\u00d1OL<\/a><\/li><li><a href=\"https:\/\/eriecohealthohio.com\/wp-content\/uploads\/2022\/07\/Feeding-Your-4-Year-Old-SPANISH.pdf\">C\u00f3mo alimentar a su hijo de 4 a\u00f1os ESPA\u00d1OL<\/a><\/li><li><a href=\"https:\/\/eriecohealthohio.com\/wp-content\/uploads\/2022\/07\/Feeding-Your-5-Year-Old-SPANISH.pdf\">C\u00f3mo alimentar a su hijo de 5 a\u00f1os ESPA\u00d1OL<\/a><\/li><li><a href=\"https:\/\/eriecohealthohio.com\/wp-content\/uploads\/2022\/07\/Power-packed-Foods-for-Childre-and-Women-Who-Need-Extra-Calories-SPANISH.pdf\">Alimentos energ\u00e9ticos- ESPA\u00d1OL<\/a><\/li><li><a href=\"https:\/\/eriecohealthohio.com\/wp-content\/uploads\/2022\/07\/Who-Needs-Iron-SPANISH.pdf\">Who Needs Iron ESPA\u00d1OL<\/a><\/li><\/ul><p><strong>\u00a0<\/strong><\/p><h5>LACTANCIA<\/h5><h5>Ingl\u00e9s<\/h5><ul><li><a href=\"https:\/\/www.youtube.com\/playlist?list=PLuL896tygdvldv3Um5fTCcyok9s5HClUO\" target=\"_blank\" rel=\"noopener\">WIC Prenatal Infant Nutrition Video Playlist<\/a><\/li><li><a href=\"https:\/\/eriecohealthohio.com\/wp-content\/uploads\/2022\/07\/How-to-Breastfeed.pdf\">C\u00f3mo dar el pecho<\/a><\/li><li><a href=\"https:\/\/eriecohealthohio.com\/wp-content\/uploads\/2022\/07\/Human-Milk-Storage-Guidelines-1-28-19.pdf\">Normas de conservaci\u00f3n de la leche materna<\/a><\/li><li><a href=\"https:\/\/eriecohealthohio.com\/wp-content\/uploads\/2022\/07\/Lactogenic-foods.pdf\">Alimentos lactog\u00e9nicos<\/a><\/li><li><a href=\"https:\/\/eriecohealthohio.com\/wp-content\/uploads\/2022\/07\/Paced-Bottle-Feeding-Factsheet-ENGLISH.pdf\">Alimentaci\u00f3n con biber\u00f3n<\/a><\/li><li><a href=\"https:\/\/eriecohealthohio.com\/wp-content\/uploads\/2022\/07\/Latch-Issues-Factsheet.pdf\">Hoja informativa sobre el pestillo<\/a><\/li><li><a href=\"https:\/\/eriecohealthohio.com\/wp-content\/uploads\/2022\/07\/Mastitis-Factsheet.pdf\">Hoja informativa sobre la mastitis<\/a><\/li><li><a href=\"https:\/\/eriecohealthohio.com\/wp-content\/uploads\/2022\/07\/Plugged-Ducts-Factsheet.pdf\">Hoja informativa sobre conductos obstruidos<\/a><\/li><li><a href=\"https:\/\/eriecohealthohio.com\/wp-content\/uploads\/2022\/07\/Thrush-Factsheet.pdf\">Zorzal<\/a><\/li><\/ul><h5>Espa\u00f1ol<\/h5><ul><li><a href=\"https:\/\/eriecohealthohio.com\/wp-content\/uploads\/2022\/07\/How-to-Breastfeed-Your-Baby-SPANISH.pdf\">C\u00f3mo amamantar a su beb\u00e9 ESPA\u00d1OL<\/a><\/li><li><a href=\"https:\/\/eriecohealthohio.com\/wp-content\/uploads\/2022\/07\/Paced-Bottle-Feeding-Factsheet-SPANISH.pdf\">Paced Bottle Feeding ESPA\u00d1OL<\/a><\/li><li><a href=\"https:\/\/eriecohealthohio.com\/wp-content\/uploads\/2022\/07\/Latch-Issues-Factsheet-SPANISH.pdf\">Problemas con el pestillo ESPA\u00d1OL<\/a><\/li><li><a href=\"https:\/\/eriecohealthohio.com\/wp-content\/uploads\/2022\/07\/Mastitis-factsheet-SPANISH.pdf\">Mastitis Factsheet ESPA\u00d1OL<\/a><\/li><li><a href=\"https:\/\/eriecohealthohio.com\/wp-content\/uploads\/2022\/07\/Paced-Bottle-Feeding-Factsheet-SPANISH-1.pdf\">Hoja informativa sobre conductos obstruidos ESPA\u00d1OL<\/a> <a href=\"https:\/\/eriecohealthohio.com\/wp-content\/uploads\/2022\/07\/Plugged-Ducts-Factsheet-SPANISH.pdf\">Hoja informativa sobre conductos obstruidos ESPA\u00d1OL<\/a><\/li><li><a href=\"https:\/\/eriecohealthohio.com\/wp-content\/uploads\/2022\/07\/Thrush-Factsheet-SPANISH.pdf\">Zorzal Hoja informativa ESPA\u00d1OL<\/a><\/li><\/ul><h5>EMBARAZO<\/h5><h5>Ingl\u00e9s<\/h5><ul><li><a href=\"https:\/\/eriecohealthohio.com\/wp-content\/uploads\/2022\/07\/P-1-Eat-Right-Feel-Good.pdf\">\u00a1Come bien! \u00a1Si\u00e9ntete bien!<\/a><\/li><li><a href=\"https:\/\/eriecohealthohio.com\/wp-content\/uploads\/2022\/07\/P-4-Morning-Sickness.pdf\">N\u00e1useas matutinas<\/a><\/li><li><a href=\"https:\/\/eriecohealthohio.com\/wp-content\/uploads\/2022\/07\/P-5-Indigestion-and-Heartburn.pdf\">Indigesti\u00f3n y acidez estomacal<\/a><\/li><li><a href=\"https:\/\/eriecohealthohio.com\/wp-content\/uploads\/2022\/07\/P-6-Constipation.pdf\">Estre\u00f1imiento<\/a><\/li><li><a href=\"https:\/\/eriecohealthohio.com\/wp-content\/uploads\/2022\/07\/Tips-for-Healthy-Pregnancy.pdf\">Consejos para un embarazo saludable<\/a><\/li><\/ul><h5>Espa\u00f1ol<\/h5><ul><li><a href=\"https:\/\/eriecohealthohio.com\/wp-content\/uploads\/2022\/07\/Eat-Right-Feel-Good-SPANISH.pdf\">\u00a1Come bien! \u00a1Si\u00e9ntete bien! ESPA\u00d1OL<\/a><\/li><li><a href=\"https:\/\/eriecohealthohio.com\/wp-content\/uploads\/2022\/07\/Morning-Sickness-SPANISH.pdf\">N\u00e1useas matutinas ESPA\u00d1OL<\/a><\/li><li><a href=\"https:\/\/eriecohealthohio.com\/wp-content\/uploads\/2022\/07\/Indigestion-and-Heartburn-SPANISH.pdf\">Indigesti\u00f3n y ardor de est\u00f3mago ESPA\u00d1OL<\/a><\/li><li><a href=\"https:\/\/eriecohealthohio.com\/wp-content\/uploads\/2022\/07\/Constipation-SPANISH.pdf\">Estre\u00f1imiento ESPA\u00d1OL<\/a><\/li><li><a href=\"https:\/\/eriecohealthohio.com\/wp-content\/uploads\/2022\/07\/Tips-For-A-Healthy-Pregnancy-SPANISH.pdf\">Consejos para un embarazo saludable ESPA\u00d1OL<\/a><\/li><\/ul><h5>GENERAL<\/h5><ul><li><a href=\"https:\/\/eriecohealthohio.com\/wp-content\/uploads\/2022\/07\/Tobacco-Alcohol-Other-Drugs.pht_.pdf\">Tabaco Alcohol Otras drogas<\/a><\/li><li><a href=\"https:\/\/eriecohealthohio.com\/wp-content\/uploads\/2022\/07\/Tobacco-Alcohol-and-Other-Drugs-SPANISH.pdf\">Tabaco, alcohol y otras drogas ESPA\u00d1OL<\/a><\/li><\/ul><h5>REFERENCIA<\/h5><ul><li><a href=\"https:\/\/eriecohealthohio.com\/wp-content\/uploads\/2022\/07\/UMWS-Pregnancy-Post-Birth-Warning-Signs.pdf\">Se\u00f1ales de advertencia tras el parto<\/a><\/li><\/ul>\t\t\t\t\t\t\t\t<\/div>\n\t\t\t\t<\/div>\n\t\t\t\t\t<\/div>\n\t\t<\/div>\n\t\t\t\t<div class=\"elementor-column elementor-col-33 elementor-top-column elementor-element elementor-element-b2ede9b\" data-id=\"b2ede9b\" data-element_type=\"column\" data-e-type=\"column\">\n\t\t\t<div class=\"elementor-widget-wrap elementor-element-populated\">\n\t\t\t\t\t\t<div class=\"elementor-element elementor-element-caf549e elementor-widget elementor-widget-text-editor\" data-id=\"caf549e\" data-element_type=\"widget\" data-e-type=\"widget\" data-widget_type=\"text-editor.default\">\n\t\t\t\t<div class=\"elementor-widget-container\">\n\t\t\t\t\t\t\t\t\t<h4>RECURSOS ADICIONALES<\/h4><p><a href=\"https:\/\/eriecohealthohio.com\/wp-content\/uploads\/2023\/02\/Updated-WIC-Authorized-Rep-Letter.pdf\" target=\"_blank\" rel=\"noopener\">Carta autorizada WIC<\/a><\/p><p><a href=\"https:\/\/eriecohealthohio.com\/wp-content\/uploads\/2025\/11\/OhioWICFY26AuthorizedFoodList.pdf\" target=\"_blank\" rel=\"noopener\">Lista de alimentos autorizados por Ohio WIC 10-25<\/a><\/p><p><a href=\"https:\/\/eriecohealthohio.com\/wp-content\/uploads\/2025\/04\/Ohio-WIC-Infant-Foods-List-10-01-2024.pdf\" target=\"_blank\" rel=\"noopener\">Lista de alimentos infantiles WIC de Ohio 10-24<\/a><\/p><p><a href=\"https:\/\/eriecohealthohio.com\/wp-content\/uploads\/2025\/04\/Ohio-WIC-Authorized-Foods-List-October-2024_Spanish.pdf\" target=\"_blank\" rel=\"noopener\">ESPA\u00d1OL Ohio WIC Authorized Foods List 10-24<\/a><\/p><p><a href=\"https:\/\/eriecohealthohio.com\/wp-content\/uploads\/2025\/04\/Infant-Foods-List-SPANISH-10-24.pdf\" target=\"_blank\" rel=\"noopener\">ESPA\u00d1OL Lista de alimentos infantiles 10-24<\/a><\/p><p><a href=\"https:\/\/eriecohealthohio.com\/wp-content\/uploads\/2022\/09\/097-Updated-USDA-FNS-Civil-Rights-Non-Discrimination-Statements-English-and-Spanish-Attachment-1.pdf\" target=\"_blank\" rel=\"noopener\">Declaraci\u00f3n de no discriminaci\u00f3n del USDA Ingl\u00e9s y espa\u00f1ol<\/a><\/p><p><a href=\"https:\/\/www.wichealth.org\/\" target=\"_blank\" rel=\"noopener\">Completa tu educaci\u00f3n nutricional WIC<\/a><\/p>\t\t\t\t\t\t\t\t<\/div>\n\t\t\t\t<\/div>\n\t\t\t\t\t<\/div>\n\t\t<\/div>\n\t\t\t\t\t<\/div>\n\t\t<\/section>\n\t\t\t\t<\/div>","protected":false},"excerpt":{"rendered":"<p>SERVICES ELIGIBILITY HOW TO APPLY RESOURCES BREASTFEEDING MILK BANK SHOPPERS APP CONTACT WIC &#8211; RESOURCES NUTRITION EDUCATION English Steps To A Healthier You Making Formula Belly Aches Starting Solid Foods Feeding Your Baby- A guide For the First Year Time To Get Off The Bottle Feeding Your 1 Year Old Feeding Your 2 Year Old [&hellip;]<\/p>\n","protected":false},"author":1,"featured_media":0,"parent":2424,"menu_order":0,"comment_status":"closed","ping_status":"closed","template":"","meta":{"footnotes":"","_links_to":"","_links_to_target":""},"class_list":["post-2669","page","type-page","status-publish","hentry"],"_links":{"self":[{"href":"https:\/\/eriecohealthohio.com\/es\/wp-json\/wp\/v2\/pages\/2669","targetHints":{"allow":["GET"]}}],"collection":[{"href":"https:\/\/eriecohealthohio.com\/es\/wp-json\/wp\/v2\/pages"}],"about":[{"href":"https:\/\/eriecohealthohio.com\/es\/wp-json\/wp\/v2\/types\/page"}],"author":[{"embeddable":true,"href":"https:\/\/eriecohealthohio.com\/es\/wp-json\/wp\/v2\/users\/1"}],"replies":[{"embeddable":true,"href":"https:\/\/eriecohealthohio.com\/es\/wp-json\/wp\/v2\/comments?post=2669"}],"version-history":[{"count":0,"href":"https:\/\/eriecohealthohio.com\/es\/wp-json\/wp\/v2\/pages\/2669\/revisions"}],"up":[{"embeddable":true,"href":"https:\/\/eriecohealthohio.com\/es\/wp-json\/wp\/v2\/pages\/2424"}],"wp:attachment":[{"href":"https:\/\/eriecohealthohio.com\/es\/wp-json\/wp\/v2\/media?parent=2669"}],"curies":[{"name":"wp","href":"https:\/\/api.w.org\/{rel}","templated":true}]}}