{"id":2464,"date":"2022-07-11T20:01:19","date_gmt":"2022-07-11T20:01:19","guid":{"rendered":"https:\/\/eriecohealthohio.com\/?page_id=2464"},"modified":"2023-09-18T12:47:25","modified_gmt":"2023-09-18T17:47:25","slug":"vacunas","status":"publish","type":"page","link":"https:\/\/eriecohealthohio.com\/es\/health-center\/erie-county-community-health-center-services-we-offer\/immunizations\/","title":{"rendered":"INMUNIZACIONES"},"content":{"rendered":"<div data-elementor-type=\"wp-page\" data-elementor-id=\"2464\" class=\"elementor elementor-2464\" data-elementor-post-type=\"page\">\n\t\t\t\t\t\t<section data-particle_enable=\"false\" data-particle-mobile-disabled=\"false\" class=\"elementor-section elementor-top-section elementor-element elementor-element-2bb99dea elementor-section-boxed elementor-section-height-default elementor-section-height-default\" data-id=\"2bb99dea\" data-element_type=\"section\" data-e-type=\"section\">\n\t\t\t\t\t\t<div class=\"elementor-container elementor-column-gap-default\">\n\t\t\t\t\t<div class=\"elementor-column elementor-col-100 elementor-top-column elementor-element elementor-element-9e1413d\" data-id=\"9e1413d\" data-element_type=\"column\" data-e-type=\"column\">\n\t\t\t<div class=\"elementor-widget-wrap elementor-element-populated\">\n\t\t\t\t\t\t<div class=\"elementor-element elementor-element-4283934e elementor-widget elementor-widget-image\" data-id=\"4283934e\" data-element_type=\"widget\" data-e-type=\"widget\" data-widget_type=\"image.default\">\n\t\t\t\t<div class=\"elementor-widget-container\">\n\t\t\t\t\t\t\t\t\t\t\t\t\t\t\t\t<a href=\"https:\/\/eriecohealthohio.com\/es\/centro-de-salud\/\">\n\t\t\t\t\t\t\t<img fetchpriority=\"high\" decoding=\"async\" width=\"1600\" height=\"600\" src=\"https:\/\/eriecohealthohio.com\/wp-content\/uploads\/2023\/09\/Health-Center-Spanish.png\" class=\"attachment-full size-full wp-image-7521\" alt=\"Cabecera de la p\u00e1gina del Centro de Salud\" srcset=\"https:\/\/eriecohealthohio.com\/wp-content\/uploads\/2023\/09\/Health-Center-Spanish.png 1600w, https:\/\/eriecohealthohio.com\/wp-content\/uploads\/2023\/09\/Health-Center-Spanish-300x113.png 300w, https:\/\/eriecohealthohio.com\/wp-content\/uploads\/2023\/09\/Health-Center-Spanish-1024x384.png 1024w, https:\/\/eriecohealthohio.com\/wp-content\/uploads\/2023\/09\/Health-Center-Spanish-768x288.png 768w, https:\/\/eriecohealthohio.com\/wp-content\/uploads\/2023\/09\/Health-Center-Spanish-1536x576.png 1536w, https:\/\/eriecohealthohio.com\/wp-content\/uploads\/2023\/09\/Health-Center-Spanish-18x7.png 18w\" sizes=\"(max-width: 1600px) 100vw, 1600px\" \/>\t\t\t\t\t\t\t\t<\/a>\n\t\t\t\t\t\t\t\t\t\t\t\t\t\t\t<\/div>\n\t\t\t\t<\/div>\n\t\t\t\t<div class=\"elementor-element elementor-element-4759a824 eael-simple-menu-hamburger-align-center elementor-widget__width-initial eael-hamburger--tablet elementor-widget elementor-widget-eael-simple-menu\" data-id=\"4759a824\" data-element_type=\"widget\" data-e-type=\"widget\" data-no-translation=\"\" data-widget_type=\"eael-simple-menu.default\">\n\t\t\t\t<div class=\"elementor-widget-container\">\n\t\t\t\t\t<style>.elementor-element-4759a824{display:none !important}<\/style>\t\t\t\t<\/div>\n\t\t\t\t<\/div>\n\t\t\t\t\t<\/div>\n\t\t<\/div>\n\t\t\t\t\t<\/div>\n\t\t<\/section>\n\t\t\t\t<section data-particle_enable=\"false\" data-particle-mobile-disabled=\"false\" class=\"elementor-section elementor-top-section elementor-element elementor-element-1b49ee03 elementor-section-boxed elementor-section-height-default elementor-section-height-default\" data-id=\"1b49ee03\" data-element_type=\"section\" data-e-type=\"section\">\n\t\t\t\t\t\t<div class=\"elementor-container elementor-column-gap-default\">\n\t\t\t\t\t<div class=\"elementor-column elementor-col-100 elementor-top-column elementor-element elementor-element-57d91107\" data-id=\"57d91107\" data-element_type=\"column\" data-e-type=\"column\">\n\t\t\t<div class=\"elementor-widget-wrap elementor-element-populated\">\n\t\t\t\t\t\t<div class=\"elementor-element elementor-element-5d53df17 elementor-widget elementor-widget-text-editor\" data-id=\"5d53df17\" data-element_type=\"widget\" data-e-type=\"widget\" data-widget_type=\"text-editor.default\">\n\t\t\t\t<div class=\"elementor-widget-container\">\n\t\t\t\t\t\t\t\t\t<h4>CENTRO COMUNITARIO DE SALUD DEL CONDADO DE ERIE - SERVICIOS QUE OFRECEMOS<\/h4><h5>INMUNIZACIONES - VACUNAS PARA VIAJES - CL\u00cdNICAS DE DIVULGACI\u00d3N<\/h5><p>El Centro de Salud Comunitaria del Condado de Erie es el experto en vacunas para todas las inmunizaciones de ni\u00f1os, adolescentes y adultos.  \u00a1Somos su ventanilla \u00fanica para las vacunas, lo que le evita viajar a diferentes proveedores para recibir todas sus vacunas necesarias!  Somos un\u00a0<strong>Proveedor de Vacunas para Ni\u00f1os (VFC)<\/strong>vacunar a los ni\u00f1os independientemente de su capacidad de pago.  Como proveedor de vacunas de viaje, vis\u00edtenos antes de su viaje internacional para recibir vacunas que protejan su salud.  En nuestro Centro de Vacunaci\u00f3n se prestan los siguientes servicios:<\/p><ul><li>Vacunas infantiles\u00a0\u00a0\u00a0\u00a0\u00a0\u00a0\u00a0\u00a0\u00a0\u00a0\u00a0\u00a0\u00a0\u00a0\u00a0\u00a0\u00a0\u00a0\u00a0\u00a0\u00a0\u00a0\u00a0<\/li><li>Vacunas para adultos\u00a0\u00a0\u00a0\u00a0\u00a0\u00a0\u00a0\u00a0\u00a0\u00a0\u00a0<\/li><li>Vacuna antigripal<\/li><li>Vacunas para adolescentes\u00a0\u00a0\u00a0\u00a0\u00a0\u00a0\u00a0\u00a0\u00a0\u00a0\u00a0\u00a0\u00a0\u00a0<\/li><li>Vacunas de viaje\u00a0\u00a0\u00a0\u00a0\u00a0\u00a0\u00a0\u00a0\u00a0\u00a0<\/li><li>Vacunas Covid-19<\/li><li>Cl\u00ednicas de vacunaci\u00f3n contra la gripe para empresas y organizaciones<\/li><\/ul>\t\t\t\t\t\t\t\t<\/div>\n\t\t\t\t<\/div>\n\t\t\t\t\t<\/div>\n\t\t<\/div>\n\t\t\t\t\t<\/div>\n\t\t<\/section>\n\t\t\t\t<\/div>","protected":false},"excerpt":{"rendered":"<p>SERVICES WE OFFER FEES FAQS FORMS PATIENT PORTAL LOCATIONS CONTACT ERIE COUNTY COMMUNITY HEALTH CENTER &#8211; SERVICES WE OFFER IMMUNIZATIONS &#8211; TRAVEL VACCINES &#8211; OUTREACH CLINICS The Erie County Community Health Center is the vaccine expert for all childhood, adolescent, and adult immunizations.\u00a0 We are your one stop shop for vaccines, preventing you from traveling [&hellip;]<\/p>\n","protected":false},"author":1,"featured_media":0,"parent":6332,"menu_order":0,"comment_status":"closed","ping_status":"closed","template":"","meta":{"footnotes":"","_links_to":"","_links_to_target":""},"class_list":["post-2464","page","type-page","status-publish","hentry"],"_links":{"self":[{"href":"https:\/\/eriecohealthohio.com\/es\/wp-json\/wp\/v2\/pages\/2464","targetHints":{"allow":["GET"]}}],"collection":[{"href":"https:\/\/eriecohealthohio.com\/es\/wp-json\/wp\/v2\/pages"}],"about":[{"href":"https:\/\/eriecohealthohio.com\/es\/wp-json\/wp\/v2\/types\/page"}],"author":[{"embeddable":true,"href":"https:\/\/eriecohealthohio.com\/es\/wp-json\/wp\/v2\/users\/1"}],"replies":[{"embeddable":true,"href":"https:\/\/eriecohealthohio.com\/es\/wp-json\/wp\/v2\/comments?post=2464"}],"version-history":[{"count":0,"href":"https:\/\/eriecohealthohio.com\/es\/wp-json\/wp\/v2\/pages\/2464\/revisions"}],"up":[{"embeddable":true,"href":"https:\/\/eriecohealthohio.com\/es\/wp-json\/wp\/v2\/pages\/6332"}],"wp:attachment":[{"href":"https:\/\/eriecohealthohio.com\/es\/wp-json\/wp\/v2\/media?parent=2464"}],"curies":[{"name":"wp","href":"https:\/\/api.w.org\/{rel}","templated":true}]}}