{"id":23838,"date":"2025-11-10T09:20:19","date_gmt":"2025-11-10T13:20:19","guid":{"rendered":"https:\/\/eriecohealthohio.com\/?page_id=23838"},"modified":"2025-11-10T10:20:06","modified_gmt":"2025-11-10T14:20:06","slug":"echdpharmacy","status":"publish","type":"page","link":"https:\/\/eriecohealthohio.com\/es\/echdpharmacy\/","title":{"rendered":"FARMACIA"},"content":{"rendered":"<div data-elementor-type=\"wp-page\" data-elementor-id=\"23838\" class=\"elementor elementor-23838\" data-elementor-post-type=\"page\">\n\t\t\t\t\t\t<section data-particle_enable=\"false\" data-particle-mobile-disabled=\"false\" class=\"elementor-section elementor-top-section elementor-element elementor-element-4eaf2cd elementor-section-boxed elementor-section-height-default elementor-section-height-default\" data-id=\"4eaf2cd\" data-element_type=\"section\" data-e-type=\"section\">\n\t\t\t\t\t\t<div class=\"elementor-container elementor-column-gap-default\">\n\t\t\t\t\t<div class=\"elementor-column elementor-col-100 elementor-top-column elementor-element elementor-element-6895828\" data-id=\"6895828\" data-element_type=\"column\" data-e-type=\"column\">\n\t\t\t<div class=\"elementor-widget-wrap\">\n\t\t\t\t\t\t\t<\/div>\n\t\t<\/div>\n\t\t\t\t\t<\/div>\n\t\t<\/section>\n\t\t\t\t<section data-particle_enable=\"false\" data-particle-mobile-disabled=\"false\" class=\"elementor-section elementor-top-section elementor-element elementor-element-08cc44d elementor-section-boxed elementor-section-height-default elementor-section-height-default\" data-id=\"08cc44d\" data-element_type=\"section\" data-e-type=\"section\">\n\t\t\t\t\t\t<div class=\"elementor-container elementor-column-gap-default\">\n\t\t\t\t\t<div class=\"elementor-column elementor-col-100 elementor-top-column elementor-element elementor-element-abce363\" data-id=\"abce363\" data-element_type=\"column\" data-e-type=\"column\">\n\t\t\t<div class=\"elementor-widget-wrap elementor-element-populated\">\n\t\t\t\t\t\t<div class=\"elementor-element elementor-element-c93ab07 elementor-widget elementor-widget-image\" data-id=\"c93ab07\" data-element_type=\"widget\" data-e-type=\"widget\" data-no-translation=\"\" data-widget_type=\"image.default\">\n\t\t\t\t<div class=\"elementor-widget-container\">\n\t\t\t\t\t<style>.elementor-element-c93ab07{display:none !important}<\/style>\t\t\t\t<\/div>\n\t\t\t\t<\/div>\n\t\t\t\t<div class=\"elementor-element elementor-element-b579825 elementor-widget elementor-widget-image\" data-id=\"b579825\" data-element_type=\"widget\" data-e-type=\"widget\" data-no-translation=\"\" data-widget_type=\"image.default\">\n\t\t\t\t<div class=\"elementor-widget-container\">\n\t\t\t\t\t\t\t\t\t\t\t\t\t\t\t\t<a href=\"https:\/\/eriecohealthohio.com\/es\/echdpharmacy\/\">\n\t\t\t\t\t\t\t<img fetchpriority=\"high\" decoding=\"async\" width=\"1600\" height=\"600\" src=\"https:\/\/eriecohealthohio.com\/wp-content\/uploads\/2025\/11\/Pharmacy-Spanish-Image.png\" class=\"attachment-full size-full wp-image-23845\" alt=\"Pharmacy Spanish Image\" srcset=\"https:\/\/eriecohealthohio.com\/wp-content\/uploads\/2025\/11\/Pharmacy-Spanish-Image.png 1600w, https:\/\/eriecohealthohio.com\/wp-content\/uploads\/2025\/11\/Pharmacy-Spanish-Image-300x113.png 300w, https:\/\/eriecohealthohio.com\/wp-content\/uploads\/2025\/11\/Pharmacy-Spanish-Image-1024x384.png 1024w, https:\/\/eriecohealthohio.com\/wp-content\/uploads\/2025\/11\/Pharmacy-Spanish-Image-768x288.png 768w, https:\/\/eriecohealthohio.com\/wp-content\/uploads\/2025\/11\/Pharmacy-Spanish-Image-1536x576.png 1536w, https:\/\/eriecohealthohio.com\/wp-content\/uploads\/2025\/11\/Pharmacy-Spanish-Image-18x7.png 18w\" sizes=\"(max-width: 1600px) 100vw, 1600px\" \/>\t\t\t\t\t\t\t\t<\/a>\n\t\t\t\t\t\t\t\t\t\t\t\t\t\t\t<\/div>\n\t\t\t\t<\/div>\n\t\t\t\t\t<\/div>\n\t\t<\/div>\n\t\t\t\t\t<\/div>\n\t\t<\/section>\n\t\t\t\t<section data-particle_enable=\"false\" data-particle-mobile-disabled=\"false\" class=\"elementor-section elementor-top-section elementor-element elementor-element-55048ce elementor-section-boxed elementor-section-height-default elementor-section-height-default\" data-id=\"55048ce\" data-element_type=\"section\" data-e-type=\"section\">\n\t\t\t\t\t\t<div class=\"elementor-container elementor-column-gap-default\">\n\t\t\t\t\t<div class=\"elementor-column elementor-col-25 elementor-top-column elementor-element elementor-element-5475502\" data-id=\"5475502\" data-element_type=\"column\" data-e-type=\"column\">\n\t\t\t<div class=\"elementor-widget-wrap\">\n\t\t\t\t\t\t\t<\/div>\n\t\t<\/div>\n\t\t\t\t<div class=\"elementor-column elementor-col-25 elementor-top-column elementor-element elementor-element-ba16b79\" data-id=\"ba16b79\" data-element_type=\"column\" data-e-type=\"column\">\n\t\t\t<div class=\"elementor-widget-wrap elementor-element-populated\">\n\t\t\t\t\t\t<div class=\"elementor-element elementor-element-1ea66aa elementor-align-center elementor-widget elementor-widget-button\" data-id=\"1ea66aa\" data-element_type=\"widget\" data-e-type=\"widget\" data-widget_type=\"button.default\">\n\t\t\t\t<div class=\"elementor-widget-container\">\n\t\t\t\t\t\t\t\t\t<div class=\"elementor-button-wrapper\">\n\t\t\t\t\t<a class=\"elementor-button elementor-button-link elementor-size-lg\" href=\"https:\/\/eriecohealthohio.com\/es\/echdpharmacy\/\">\n\t\t\t\t\t\t<span class=\"elementor-button-content-wrapper\">\n\t\t\t\t\t\t\t\t\t<span class=\"elementor-button-text\">FARMACIA<\/span>\n\t\t\t\t\t<\/span>\n\t\t\t\t\t<\/a>\n\t\t\t\t<\/div>\n\t\t\t\t\t\t\t\t<\/div>\n\t\t\t\t<\/div>\n\t\t\t\t\t<\/div>\n\t\t<\/div>\n\t\t\t\t<div class=\"elementor-column elementor-col-25 elementor-top-column elementor-element elementor-element-7e4482b\" data-id=\"7e4482b\" data-element_type=\"column\" data-e-type=\"column\">\n\t\t\t<div class=\"elementor-widget-wrap elementor-element-populated\">\n\t\t\t\t\t\t<div class=\"elementor-element elementor-element-b098098 elementor-align-center elementor-widget elementor-widget-button\" data-id=\"b098098\" data-element_type=\"widget\" data-e-type=\"widget\" data-widget_type=\"button.default\">\n\t\t\t\t<div class=\"elementor-widget-container\">\n\t\t\t\t\t\t\t\t\t<div class=\"elementor-button-wrapper\">\n\t\t\t\t\t<a class=\"elementor-button elementor-button-link elementor-size-lg\" href=\"https:\/\/eriecohealthohio.com\/es\/echdpharmacy\/recetas\/\">\n\t\t\t\t\t\t<span class=\"elementor-button-content-wrapper\">\n\t\t\t\t\t\t\t\t\t<span class=\"elementor-button-text\">PRESCRIPCIONES<\/span>\n\t\t\t\t\t<\/span>\n\t\t\t\t\t<\/a>\n\t\t\t\t<\/div>\n\t\t\t\t\t\t\t\t<\/div>\n\t\t\t\t<\/div>\n\t\t\t\t\t<\/div>\n\t\t<\/div>\n\t\t\t\t<div class=\"elementor-column elementor-col-25 elementor-top-column elementor-element elementor-element-04f0e64\" data-id=\"04f0e64\" data-element_type=\"column\" data-e-type=\"column\">\n\t\t\t<div class=\"elementor-widget-wrap\">\n\t\t\t\t\t\t\t<\/div>\n\t\t<\/div>\n\t\t\t\t\t<\/div>\n\t\t<\/section>\n\t\t\t\t<section data-particle_enable=\"false\" data-particle-mobile-disabled=\"false\" class=\"elementor-section elementor-top-section elementor-element elementor-element-4441642 elementor-section-boxed elementor-section-height-default elementor-section-height-default\" data-id=\"4441642\" data-element_type=\"section\" data-e-type=\"section\">\n\t\t\t\t\t\t<div class=\"elementor-container elementor-column-gap-default\">\n\t\t\t\t\t<div class=\"elementor-column elementor-col-100 elementor-top-column elementor-element elementor-element-a3980f5\" data-id=\"a3980f5\" data-element_type=\"column\" data-e-type=\"column\">\n\t\t\t<div class=\"elementor-widget-wrap elementor-element-populated\">\n\t\t\t\t\t\t<div class=\"elementor-element elementor-element-4fd0991 elementor-widget elementor-widget-text-editor\" data-id=\"4fd0991\" data-element_type=\"widget\" data-e-type=\"widget\" data-widget_type=\"text-editor.default\">\n\t\t\t\t<div class=\"elementor-widget-container\">\n\t\t\t\t\t\t\t\t\t<h4>FARMACIA<\/h4><h5><strong>Acerca de Erie Community Pharmacy<\/strong><\/h5><p>En la Farmacia Comunitaria de Erie, somos m\u00e1s que una farmacia - somos su socio de confianza en salud y bienestar. Nuestro equipo trabaja en estrecha colaboraci\u00f3n con todos los proveedores m\u00e9dicos, de salud mental y dentales del Centro de Salud Comunitaria del Condado de Erie y del Departamento de Salud del Condado de Erie para ofrecerle la mejor atenci\u00f3n y el mejor servicio posibles. Ya sea que necesite reponer una receta, encontrar soluciones asequibles para sus medicamentos u obtener orientaci\u00f3n de expertos, estamos aqu\u00ed para apoyarlo en cada paso del camino. Pida a su proveedor de ECHD\/ECCHC que transfiera sus recetas o llame a la Farmacia Comunitaria de Erie hoy mismo.<\/p>\t\t\t\t\t\t\t\t<\/div>\n\t\t\t\t<\/div>\n\t\t\t\t<div class=\"elementor-element elementor-element-75b0d4e elementor-align-left elementor-widget elementor-widget-button\" data-id=\"75b0d4e\" data-element_type=\"widget\" data-e-type=\"widget\" data-widget_type=\"button.default\">\n\t\t\t\t<div class=\"elementor-widget-container\">\n\t\t\t\t\t\t\t\t\t<div class=\"elementor-button-wrapper\">\n\t\t\t\t\t<a class=\"elementor-button elementor-button-link elementor-size-lg\" href=\"https:\/\/eriecohealthohio.com\/es\/echdpharmacy\/recetas\/\">\n\t\t\t\t\t\t<span class=\"elementor-button-content-wrapper\">\n\t\t\t\t\t\t\t\t\t<span class=\"elementor-button-text\">Haga clic aqu\u00ed para rellenar sus recetas<\/span>\n\t\t\t\t\t<\/span>\n\t\t\t\t\t<\/a>\n\t\t\t\t<\/div>\n\t\t\t\t\t\t\t\t<\/div>\n\t\t\t\t<\/div>\n\t\t\t\t\t<\/div>\n\t\t<\/div>\n\t\t\t\t\t<\/div>\n\t\t<\/section>\n\t\t\t\t<section data-particle_enable=\"false\" data-particle-mobile-disabled=\"false\" class=\"elementor-section elementor-top-section elementor-element elementor-element-d1afd3e elementor-section-boxed elementor-section-height-default elementor-section-height-default\" data-id=\"d1afd3e\" data-element_type=\"section\" data-e-type=\"section\">\n\t\t\t\t\t\t<div class=\"elementor-container elementor-column-gap-default\">\n\t\t\t\t\t<div class=\"elementor-column elementor-col-100 elementor-top-column elementor-element elementor-element-f37175d\" data-id=\"f37175d\" data-element_type=\"column\" data-e-type=\"column\">\n\t\t\t<div class=\"elementor-widget-wrap elementor-element-populated\">\n\t\t\t\t\t\t<div class=\"elementor-element elementor-element-3e25950 elementor-widget elementor-widget-text-editor\" data-id=\"3e25950\" data-element_type=\"widget\" data-e-type=\"widget\" data-widget_type=\"text-editor.default\">\n\t\t\t\t<div class=\"elementor-widget-container\">\n\t\t\t\t\t\t\t\t\t<p><strong>Horario de la farmacia comunitaria de Erie:<\/strong><br \/><strong>Lunes, mi\u00e9rcoles, jueves y viernes:<\/strong>\u00a0 8.00 - 16.30 H<br \/><strong>S\u00f3lo los martes:\u00a0<\/strong> 8:00 H - 18:30 H<br \/><strong>Cerrado en d\u00edas festivos<\/strong><\/p><p><strong>Servicios farmac\u00e9uticos comunitarios de Erie<\/strong><\/p><ul><li>Tarifa variable: La Farmacia Comunitaria de Erie participa en la tarificaci\u00f3n de recetas 340B, ofreciendo descuentos en recetas para pacientes asegurados y no asegurados que re\u00fanan los requisitos. Aceptamos Medicaid y la mayor\u00eda de los seguros privados.<\/li><li>Consulta de medicaci\u00f3n: Nuestro farmac\u00e9utico y equipo ofrecen consultas sobre sus recetas, ofrecen educaci\u00f3n sobre prescripci\u00f3n y apoyo.<\/li><li>F\u00e1cil reposici\u00f3n de recetas en l\u00ednea.<\/li><\/ul><p>\u00a0<\/p><p>Perm\u00edtanos ayudarle a tomar el control de su salud y hacer que la gesti\u00f3n de sus medicamentos sea sencilla y sin estr\u00e9s. Vis\u00edtenos hoy mismo.<\/p><p><strong>P\u00f3ngase en contacto con Erie Community Pharmacy hoy mismo<\/strong><\/p><p>\u00bfTiene alguna pregunta sobre una receta o sobre el traslado de sus recetas a la farmacia comunitaria de Erie?<br \/>Llame a<strong> 567-867-5159<\/strong> o por correo electr\u00f3nico:\u00a0 <a href=\"mailto:Pharmacy@echdohio.org\">Pharmacy@echdohio.org<\/a>.<\/p><p>La farmacia comunitaria de Erie est\u00e1 convenientemente situada en el campus principal de ECHD\/ECCHC.<br \/><strong>Calle Superior 420<\/strong><br \/><strong>Sandusky, OH 44870<\/strong><br \/><strong>Tel: 567-867-5159<\/strong><br \/><strong>Fax: 419-362-8168<\/strong><br \/><strong>Correo electr\u00f3nico: <a href=\"mailto:Pharmacy@echdohio.org\">Pharmacy@echdohio.org<\/a><\/strong><\/p>\t\t\t\t\t\t\t\t<\/div>\n\t\t\t\t<\/div>\n\t\t\t\t\t<\/div>\n\t\t<\/div>\n\t\t\t\t\t<\/div>\n\t\t<\/section>\n\t\t\t\t<section data-particle_enable=\"false\" data-particle-mobile-disabled=\"false\" class=\"elementor-section elementor-top-section elementor-element elementor-element-3fa9462 elementor-section-boxed elementor-section-height-default elementor-section-height-default\" data-id=\"3fa9462\" data-element_type=\"section\" data-e-type=\"section\">\n\t\t\t\t\t\t<div class=\"elementor-container elementor-column-gap-default\">\n\t\t\t\t\t<div class=\"elementor-column elementor-col-100 elementor-top-column elementor-element elementor-element-1ca242d\" data-id=\"1ca242d\" data-element_type=\"column\" data-e-type=\"column\">\n\t\t\t<div class=\"elementor-widget-wrap elementor-element-populated\">\n\t\t\t\t\t\t<div class=\"elementor-element elementor-element-66b62c8 elementor-widget elementor-widget-image\" data-id=\"66b62c8\" data-element_type=\"widget\" data-e-type=\"widget\" data-widget_type=\"image.default\">\n\t\t\t\t<div class=\"elementor-widget-container\">\n\t\t\t\t\t\t\t\t\t\t\t\t\t\t\t<img decoding=\"async\" width=\"940\" height=\"788\" src=\"https:\/\/eriecohealthohio.com\/wp-content\/uploads\/2025\/11\/Pharmacy-Socials.jpg\" class=\"attachment-full size-full wp-image-23832\" alt=\"Imagen de farmacia\" srcset=\"https:\/\/eriecohealthohio.com\/wp-content\/uploads\/2025\/11\/Pharmacy-Socials.jpg 940w, https:\/\/eriecohealthohio.com\/wp-content\/uploads\/2025\/11\/Pharmacy-Socials-300x251.jpg 300w, https:\/\/eriecohealthohio.com\/wp-content\/uploads\/2025\/11\/Pharmacy-Socials-768x644.jpg 768w, https:\/\/eriecohealthohio.com\/wp-content\/uploads\/2025\/11\/Pharmacy-Socials-14x12.jpg 14w\" sizes=\"(max-width: 940px) 100vw, 940px\" \/>\t\t\t\t\t\t\t\t\t\t\t\t\t\t\t<\/div>\n\t\t\t\t<\/div>\n\t\t\t\t\t<\/div>\n\t\t<\/div>\n\t\t\t\t\t<\/div>\n\t\t<\/section>\n\t\t\t\t<\/div>","protected":false},"excerpt":{"rendered":"<p>PHARMACY PRESCRIPTIONS PHARMACY About Erie Community Pharmacy At the Erie Community Pharmacy, we\u2019re more than just a pharmacy \u2013 we\u2019re your trusted partner in health and wellness. Our team works closely with all Erie County Community Health Center and Erie County Health Department medical, mental health, and dental providers to give you the best care [&hellip;]<\/p>\n","protected":false},"author":1,"featured_media":0,"parent":0,"menu_order":0,"comment_status":"closed","ping_status":"closed","template":"","meta":{"footnotes":"","_links_to":"","_links_to_target":""},"class_list":["post-23838","page","type-page","status-publish","hentry"],"_links":{"self":[{"href":"https:\/\/eriecohealthohio.com\/es\/wp-json\/wp\/v2\/pages\/23838","targetHints":{"allow":["GET"]}}],"collection":[{"href":"https:\/\/eriecohealthohio.com\/es\/wp-json\/wp\/v2\/pages"}],"about":[{"href":"https:\/\/eriecohealthohio.com\/es\/wp-json\/wp\/v2\/types\/page"}],"author":[{"embeddable":true,"href":"https:\/\/eriecohealthohio.com\/es\/wp-json\/wp\/v2\/users\/1"}],"replies":[{"embeddable":true,"href":"https:\/\/eriecohealthohio.com\/es\/wp-json\/wp\/v2\/comments?post=23838"}],"version-history":[{"count":0,"href":"https:\/\/eriecohealthohio.com\/es\/wp-json\/wp\/v2\/pages\/23838\/revisions"}],"wp:attachment":[{"href":"https:\/\/eriecohealthohio.com\/es\/wp-json\/wp\/v2\/media?parent=23838"}],"curies":[{"name":"wp","href":"https:\/\/api.w.org\/{rel}","templated":true}]}}