{"id":22931,"date":"2025-07-01T11:02:23","date_gmt":"2025-07-01T15:02:23","guid":{"rendered":"https:\/\/eriecohealthohio.com\/?page_id=22931"},"modified":"2025-10-14T09:25:11","modified_gmt":"2025-10-14T13:25:11","slug":"tarifas","status":"publish","type":"page","link":"https:\/\/eriecohealthohio.com\/es\/sandusky-aquatic-center\/fees\/","title":{"rendered":"TARIFAS"},"content":{"rendered":"<div data-elementor-type=\"wp-page\" data-elementor-id=\"22931\" class=\"elementor elementor-22931\" data-elementor-post-type=\"page\">\n\t\t\t\t\t\t<section data-particle_enable=\"false\" data-particle-mobile-disabled=\"false\" class=\"elementor-section elementor-top-section elementor-element elementor-element-b2d31e9 elementor-section-boxed elementor-section-height-default elementor-section-height-default\" data-id=\"b2d31e9\" data-element_type=\"section\" data-e-type=\"section\">\n\t\t\t\t\t\t<div class=\"elementor-container elementor-column-gap-default\">\n\t\t\t\t\t<div class=\"elementor-column elementor-col-100 elementor-top-column elementor-element elementor-element-b29a129\" data-id=\"b29a129\" data-element_type=\"column\" data-e-type=\"column\">\n\t\t\t<div class=\"elementor-widget-wrap elementor-element-populated\">\n\t\t\t\t\t\t<div class=\"elementor-element elementor-element-ae03911 elementor-widget elementor-widget-image\" data-id=\"ae03911\" data-element_type=\"widget\" data-e-type=\"widget\" data-no-translation=\"\" data-widget_type=\"image.default\">\n\t\t\t\t<div class=\"elementor-widget-container\">\n\t\t\t\t\t<style>.elementor-element-ae03911{display:none !important}<\/style>\t\t\t\t<\/div>\n\t\t\t\t<\/div>\n\t\t\t\t\t<\/div>\n\t\t<\/div>\n\t\t\t\t\t<\/div>\n\t\t<\/section>\n\t\t\t\t<section data-particle_enable=\"false\" data-particle-mobile-disabled=\"false\" class=\"elementor-section elementor-top-section elementor-element elementor-element-3157776 elementor-section-boxed elementor-section-height-default elementor-section-height-default\" data-id=\"3157776\" data-element_type=\"section\" data-e-type=\"section\">\n\t\t\t\t\t\t<div class=\"elementor-container elementor-column-gap-default\">\n\t\t\t\t\t<div class=\"elementor-column elementor-col-100 elementor-top-column elementor-element elementor-element-94cff9c\" data-id=\"94cff9c\" data-element_type=\"column\" data-e-type=\"column\">\n\t\t\t<div class=\"elementor-widget-wrap elementor-element-populated\">\n\t\t\t\t\t\t<div class=\"elementor-element elementor-element-fd3baa4 elementor-widget elementor-widget-image\" data-id=\"fd3baa4\" data-element_type=\"widget\" data-e-type=\"widget\" data-no-translation=\"\" data-widget_type=\"image.default\">\n\t\t\t\t<div class=\"elementor-widget-container\">\n\t\t\t\t\t\t\t\t\t\t\t\t\t\t\t<img fetchpriority=\"high\" decoding=\"async\" width=\"1600\" height=\"600\" src=\"https:\/\/eriecohealthohio.com\/wp-content\/uploads\/2025\/06\/SAC-SPANISH-.png\" class=\"attachment-full size-full wp-image-22756\" alt=\"SAC - SPANISH\" srcset=\"https:\/\/eriecohealthohio.com\/wp-content\/uploads\/2025\/06\/SAC-SPANISH-.png 1600w, https:\/\/eriecohealthohio.com\/wp-content\/uploads\/2025\/06\/SAC-SPANISH--300x113.png 300w, https:\/\/eriecohealthohio.com\/wp-content\/uploads\/2025\/06\/SAC-SPANISH--1024x384.png 1024w, https:\/\/eriecohealthohio.com\/wp-content\/uploads\/2025\/06\/SAC-SPANISH--768x288.png 768w, https:\/\/eriecohealthohio.com\/wp-content\/uploads\/2025\/06\/SAC-SPANISH--1536x576.png 1536w, https:\/\/eriecohealthohio.com\/wp-content\/uploads\/2025\/06\/SAC-SPANISH--18x7.png 18w\" sizes=\"(max-width: 1600px) 100vw, 1600px\" \/>\t\t\t\t\t\t\t\t\t\t\t\t\t\t\t<\/div>\n\t\t\t\t<\/div>\n\t\t\t\t\t<\/div>\n\t\t<\/div>\n\t\t\t\t\t<\/div>\n\t\t<\/section>\n\t\t\t\t<section data-particle_enable=\"false\" data-particle-mobile-disabled=\"false\" class=\"elementor-section elementor-top-section elementor-element elementor-element-a30245e elementor-section-boxed elementor-section-height-default elementor-section-height-default\" data-id=\"a30245e\" data-element_type=\"section\" data-e-type=\"section\">\n\t\t\t\t\t\t<div class=\"elementor-container elementor-column-gap-default\">\n\t\t\t\t\t<div class=\"elementor-column elementor-col-33 elementor-top-column elementor-element elementor-element-ee23780\" data-id=\"ee23780\" data-element_type=\"column\" data-e-type=\"column\">\n\t\t\t<div class=\"elementor-widget-wrap elementor-element-populated\">\n\t\t\t\t\t\t<div class=\"elementor-element elementor-element-a0f3a5d elementor-align-center elementor-widget elementor-widget-button\" data-id=\"a0f3a5d\" data-element_type=\"widget\" data-e-type=\"widget\" data-widget_type=\"button.default\">\n\t\t\t\t<div class=\"elementor-widget-container\">\n\t\t\t\t\t\t\t\t\t<div class=\"elementor-button-wrapper\">\n\t\t\t\t\t<a class=\"elementor-button elementor-button-link elementor-size-lg\" href=\"https:\/\/eriecohealthohio.com\/es\/centro-acuatico-de-sandusky\/\">\n\t\t\t\t\t\t<span class=\"elementor-button-content-wrapper\">\n\t\t\t\t\t\t\t\t\t<span class=\"elementor-button-text\">ACERCA DE<\/span>\n\t\t\t\t\t<\/span>\n\t\t\t\t\t<\/a>\n\t\t\t\t<\/div>\n\t\t\t\t\t\t\t\t<\/div>\n\t\t\t\t<\/div>\n\t\t\t\t\t<\/div>\n\t\t<\/div>\n\t\t\t\t<div class=\"elementor-column elementor-col-33 elementor-top-column elementor-element elementor-element-c6c7451\" data-id=\"c6c7451\" data-element_type=\"column\" data-e-type=\"column\">\n\t\t\t<div class=\"elementor-widget-wrap elementor-element-populated\">\n\t\t\t\t\t\t<div class=\"elementor-element elementor-element-414a824 elementor-align-center elementor-widget elementor-widget-button\" data-id=\"414a824\" data-element_type=\"widget\" data-e-type=\"widget\" data-widget_type=\"button.default\">\n\t\t\t\t<div class=\"elementor-widget-container\">\n\t\t\t\t\t\t\t\t\t<div class=\"elementor-button-wrapper\">\n\t\t\t\t\t<a class=\"elementor-button elementor-button-link elementor-size-lg\" href=\"https:\/\/eriecohealthohio.com\/es\/centro-acuatico-de-sandusky\/normas-y-reglamentos-sobre-piscinas\/\">\n\t\t\t\t\t\t<span class=\"elementor-button-content-wrapper\">\n\t\t\t\t\t\t\t\t\t<span class=\"elementor-button-text\">REGLAS &amp; <br \/> REGLAMENTO<\/span>\n\t\t\t\t\t<\/span>\n\t\t\t\t\t<\/a>\n\t\t\t\t<\/div>\n\t\t\t\t\t\t\t\t<\/div>\n\t\t\t\t<\/div>\n\t\t\t\t\t<\/div>\n\t\t<\/div>\n\t\t\t\t<div class=\"elementor-column elementor-col-33 elementor-top-column elementor-element elementor-element-f9a7d8f\" data-id=\"f9a7d8f\" data-element_type=\"column\" data-e-type=\"column\">\n\t\t\t<div class=\"elementor-widget-wrap elementor-element-populated\">\n\t\t\t\t\t\t<div class=\"elementor-element elementor-element-ef078ea elementor-align-center elementor-widget elementor-widget-button\" data-id=\"ef078ea\" data-element_type=\"widget\" data-e-type=\"widget\" data-widget_type=\"button.default\">\n\t\t\t\t<div class=\"elementor-widget-container\">\n\t\t\t\t\t\t\t\t\t<div class=\"elementor-button-wrapper\">\n\t\t\t\t\t<a class=\"elementor-button elementor-button-link elementor-size-lg\" href=\"https:\/\/eriecohealthohio.com\/es\/centro-acuatico-de-sandusky\/tarifas\/\">\n\t\t\t\t\t\t<span class=\"elementor-button-content-wrapper\">\n\t\t\t\t\t\t\t\t\t<span class=\"elementor-button-text\">TARIFAS<\/span>\n\t\t\t\t\t<\/span>\n\t\t\t\t\t<\/a>\n\t\t\t\t<\/div>\n\t\t\t\t\t\t\t\t<\/div>\n\t\t\t\t<\/div>\n\t\t\t\t\t<\/div>\n\t\t<\/div>\n\t\t\t\t\t<\/div>\n\t\t<\/section>\n\t\t\t\t<section data-particle_enable=\"false\" data-particle-mobile-disabled=\"false\" class=\"elementor-section elementor-top-section elementor-element elementor-element-7d70b6d elementor-section-boxed elementor-section-height-default elementor-section-height-default\" data-id=\"7d70b6d\" data-element_type=\"section\" data-e-type=\"section\">\n\t\t\t\t\t\t<div class=\"elementor-container elementor-column-gap-default\">\n\t\t\t\t\t<div class=\"elementor-column elementor-col-100 elementor-top-column elementor-element elementor-element-b4af7fa\" data-id=\"b4af7fa\" data-element_type=\"column\" data-e-type=\"column\">\n\t\t\t<div class=\"elementor-widget-wrap elementor-element-populated\">\n\t\t\t\t\t\t<div class=\"elementor-element elementor-element-e45b9dc elementor-widget elementor-widget-text-editor\" data-id=\"e45b9dc\" data-element_type=\"widget\" data-e-type=\"widget\" data-widget_type=\"text-editor.default\">\n\t\t\t\t<div class=\"elementor-widget-container\">\n\t\t\t\t\t\t\t\t\t<h4>CENTRO ACU\u00c1TICO DE SANDUSKY - TASAS<\/h4><p>\u00a1Estamos muy contentos de anunciar que estamos trabajando en un nuevo portal de pago en l\u00ednea para el Sandusky Aquatic Center! Esto har\u00e1 que sea a\u00fan m\u00e1s f\u00e1cil y m\u00e1s conveniente para pagar por membres\u00edas, programas y mucho m\u00e1s. \u00a1Gracias por su paciencia mientras trabajamos para mejorar su experiencia!<\/p><p class=\"v1MsoNormal\"><b>Tarifas del programa de piscinas<\/b><\/p><p class=\"v1MsoNormal\">Disfrute de nuestras instalaciones acu\u00e1ticas con opciones flexibles dise\u00f1adas para adaptarse a sus necesidades.<\/p><p class=\"v1MsoNormal\"><b>Acceso gratuito:<\/b>\u00a0La nataci\u00f3n abierta y libre es gratuita para todos.\u00a0<b>Escuelas de la ciudad de Sandusky<\/b>\u00a0y\u00a0<b>Departamento de Salud del Condado de Erie<\/b>\u00a0empleados hasta finales de 2025.<\/p><p class=\"v1MsoNormal\"><b>Nataci\u00f3n Lap o Visitas a la Piscina:<\/b>\u00a0Elija la opci\u00f3n que mejor se adapte a sus nados individuales o a sus visitas a la piscina:<\/p><ul type=\"disc\"><li class=\"v1MsoNormal\">Visita \u00fanica: $5<\/li><li class=\"v1MsoNormal\">Tarjeta de 5 visitas: $20<\/li><li class=\"v1MsoNormal\">Tarjeta de 10 visitas: $35<\/li><li class=\"v1MsoNormal\">Tarjeta de 30 visitas: $95<\/li><\/ul><p class=\"v1MsoNormal\"><b>Clases:<\/b>\u00a0\u00danase a nuestras atractivas clases acu\u00e1ticas con c\u00f3modas opciones de tarjeta perforada:<\/p><ul type=\"disc\"><li class=\"v1MsoNormal\">Clase \u00fanica: $10<\/li><li class=\"v1MsoNormal\">Tarjeta perforada de 5 clases: $45<\/li><li class=\"v1MsoNormal\">Tarjeta perforada de 10 clases: $80<\/li><\/ul><p class=\"v1MsoNormal\"><b><br \/>Mant\u00e9ngase al d\u00eda<\/b> Para obtener la informaci\u00f3n m\u00e1s reciente sobre horarios de clases y horarios de nataci\u00f3n abierta, consulte nuestro calendario de Google haciendo clic en el bot\u00f3n de abajo.<\/p>\t\t\t\t\t\t\t\t<\/div>\n\t\t\t\t<\/div>\n\t\t\t\t\t<\/div>\n\t\t<\/div>\n\t\t\t\t\t<\/div>\n\t\t<\/section>\n\t\t\t\t<section data-particle_enable=\"false\" data-particle-mobile-disabled=\"false\" class=\"elementor-section elementor-top-section elementor-element elementor-element-0520738 elementor-section-boxed elementor-section-height-default elementor-section-height-default\" data-id=\"0520738\" data-element_type=\"section\" data-e-type=\"section\">\n\t\t\t\t\t\t<div class=\"elementor-container elementor-column-gap-default\">\n\t\t\t\t\t<div class=\"elementor-column elementor-col-50 elementor-top-column elementor-element elementor-element-0c75eae\" data-id=\"0c75eae\" data-element_type=\"column\" data-e-type=\"column\">\n\t\t\t<div class=\"elementor-widget-wrap elementor-element-populated\">\n\t\t\t\t\t\t<div class=\"elementor-element elementor-element-505661f elementor-align-center elementor-widget elementor-widget-button\" data-id=\"505661f\" data-element_type=\"widget\" data-e-type=\"widget\" data-widget_type=\"button.default\">\n\t\t\t\t<div class=\"elementor-widget-container\">\n\t\t\t\t\t\t\t\t\t<div class=\"elementor-button-wrapper\">\n\t\t\t\t\t<a class=\"elementor-button elementor-button-link elementor-size-lg\" href=\"https:\/\/calendar.google.com\/calendar\/u\/0\/embed?src=c_367af82050104833de243250c0bb4ab664697fd46dd214d7ee3264df0b25a064@group.calendar.google.com&#038;ctz=America\/New_York\" target=\"_blank\">\n\t\t\t\t\t\t<span class=\"elementor-button-content-wrapper\">\n\t\t\t\t\t\t\t\t\t<span class=\"elementor-button-text\">CALENDARIO<\/span>\n\t\t\t\t\t<\/span>\n\t\t\t\t\t<\/a>\n\t\t\t\t<\/div>\n\t\t\t\t\t\t\t\t<\/div>\n\t\t\t\t<\/div>\n\t\t\t\t\t<\/div>\n\t\t<\/div>\n\t\t\t\t<div class=\"elementor-column elementor-col-50 elementor-top-column elementor-element elementor-element-a281232\" data-id=\"a281232\" data-element_type=\"column\" data-e-type=\"column\">\n\t\t\t<div class=\"elementor-widget-wrap elementor-element-populated\">\n\t\t\t\t\t\t<div class=\"elementor-element elementor-element-588835a elementor-align-center elementor-widget elementor-widget-button\" data-id=\"588835a\" data-element_type=\"widget\" data-e-type=\"widget\" data-widget_type=\"button.default\">\n\t\t\t\t<div class=\"elementor-widget-container\">\n\t\t\t\t\t\t\t\t\t<div class=\"elementor-button-wrapper\">\n\t\t\t\t\t<a class=\"elementor-button elementor-button-link elementor-size-lg\" href=\"https:\/\/swimsandusky.recdesk.com\/Community\/Home\" target=\"_blank\">\n\t\t\t\t\t\t<span class=\"elementor-button-content-wrapper\">\n\t\t\t\t\t\t\t\t\t<span class=\"elementor-button-text\">MEMBRES\u00cdAS<\/span>\n\t\t\t\t\t<\/span>\n\t\t\t\t\t<\/a>\n\t\t\t\t<\/div>\n\t\t\t\t\t\t\t\t<\/div>\n\t\t\t\t<\/div>\n\t\t\t\t\t<\/div>\n\t\t<\/div>\n\t\t\t\t\t<\/div>\n\t\t<\/section>\n\t\t\t\t<\/div>","protected":false},"excerpt":{"rendered":"<p>ABOUT RULES &amp; REGULATIONS FEES SANDUSKY AQUATIC CENTER &#8211; FEES We&#8217;re excited to announce that we&#8217;re working on a new online payment portal for the Sandusky Aquatic Center! This will make it even easier and more convenient to pay for memberships, programs, and more. Thanks for your patience as we work to improve your experience! [&hellip;]<\/p>\n","protected":false},"author":1,"featured_media":0,"parent":22733,"menu_order":0,"comment_status":"closed","ping_status":"closed","template":"","meta":{"footnotes":"","_links_to":"","_links_to_target":""},"class_list":["post-22931","page","type-page","status-publish","hentry"],"_links":{"self":[{"href":"https:\/\/eriecohealthohio.com\/es\/wp-json\/wp\/v2\/pages\/22931","targetHints":{"allow":["GET"]}}],"collection":[{"href":"https:\/\/eriecohealthohio.com\/es\/wp-json\/wp\/v2\/pages"}],"about":[{"href":"https:\/\/eriecohealthohio.com\/es\/wp-json\/wp\/v2\/types\/page"}],"author":[{"embeddable":true,"href":"https:\/\/eriecohealthohio.com\/es\/wp-json\/wp\/v2\/users\/1"}],"replies":[{"embeddable":true,"href":"https:\/\/eriecohealthohio.com\/es\/wp-json\/wp\/v2\/comments?post=22931"}],"version-history":[{"count":0,"href":"https:\/\/eriecohealthohio.com\/es\/wp-json\/wp\/v2\/pages\/22931\/revisions"}],"up":[{"embeddable":true,"href":"https:\/\/eriecohealthohio.com\/es\/wp-json\/wp\/v2\/pages\/22733"}],"wp:attachment":[{"href":"https:\/\/eriecohealthohio.com\/es\/wp-json\/wp\/v2\/media?parent=22931"}],"curies":[{"name":"wp","href":"https:\/\/api.w.org\/{rel}","templated":true}]}}