{"id":2285,"date":"2022-07-11T17:56:23","date_gmt":"2022-07-11T17:56:23","guid":{"rendered":"https:\/\/eriecohealthohio.com\/?page_id=2285"},"modified":"2025-05-12T11:23:56","modified_gmt":"2025-05-12T15:23:56","slug":"ohio-abrocha-la-seguridad-de-las-sillas-de-coche","status":"publish","type":"page","link":"https:\/\/eriecohealthohio.com\/es\/maternal-child-health\/healthy-babies\/ohio-buckles-car-seat-safety\/","title":{"rendered":"HEBILLAS OHIO: SEGURIDAD DE LAS SILLAS DE COCHE"},"content":{"rendered":"<div data-elementor-type=\"wp-page\" data-elementor-id=\"2285\" class=\"elementor elementor-2285\" data-elementor-post-type=\"page\">\n\t\t\t\t\t\t<section data-particle_enable=\"false\" data-particle-mobile-disabled=\"false\" class=\"elementor-section elementor-top-section elementor-element elementor-element-5a55253 elementor-section-boxed elementor-section-height-default elementor-section-height-default\" data-id=\"5a55253\" data-element_type=\"section\" data-e-type=\"section\">\n\t\t\t\t\t\t<div class=\"elementor-container elementor-column-gap-default\">\n\t\t\t\t\t<div class=\"elementor-column elementor-col-100 elementor-top-column elementor-element elementor-element-1af8ab6\" data-id=\"1af8ab6\" data-element_type=\"column\" data-e-type=\"column\">\n\t\t\t<div class=\"elementor-widget-wrap elementor-element-populated\">\n\t\t\t\t\t\t<div class=\"elementor-element elementor-element-e890090 elementor-widget elementor-widget-image\" data-id=\"e890090\" data-element_type=\"widget\" data-e-type=\"widget\" data-no-translation=\"\" data-widget_type=\"image.default\">\n\t\t\t\t<div class=\"elementor-widget-container\">\n\t\t\t\t\t<style>.elementor-element-e890090{display:none !important}<\/style>\t\t\t\t<\/div>\n\t\t\t\t<\/div>\n\t\t\t\t\t<\/div>\n\t\t<\/div>\n\t\t\t\t\t<\/div>\n\t\t<\/section>\n\t\t\t\t<section data-particle_enable=\"false\" data-particle-mobile-disabled=\"false\" class=\"elementor-section elementor-top-section elementor-element elementor-element-4e25ac5 elementor-section-boxed elementor-section-height-default elementor-section-height-default\" data-id=\"4e25ac5\" data-element_type=\"section\" data-e-type=\"section\">\n\t\t\t\t\t\t<div class=\"elementor-container elementor-column-gap-default\">\n\t\t\t\t\t<div class=\"elementor-column elementor-col-100 elementor-top-column elementor-element elementor-element-b3bc030\" data-id=\"b3bc030\" data-element_type=\"column\" data-e-type=\"column\">\n\t\t\t<div class=\"elementor-widget-wrap elementor-element-populated\">\n\t\t\t\t\t\t<div class=\"elementor-element elementor-element-4c1972c elementor-widget elementor-widget-image\" data-id=\"4c1972c\" data-element_type=\"widget\" data-e-type=\"widget\" data-no-translation=\"\" data-widget_type=\"image.default\">\n\t\t\t\t<div class=\"elementor-widget-container\">\n\t\t\t\t\t\t\t\t\t\t\t\t\t\t\t<img fetchpriority=\"high\" decoding=\"async\" width=\"1600\" height=\"600\" src=\"https:\/\/eriecohealthohio.com\/wp-content\/uploads\/2023\/09\/Maternal-Child-Health-Spanish.png\" class=\"attachment-full size-full wp-image-14636\" alt=\"SALUD MATERNOINFANTIL\" srcset=\"https:\/\/eriecohealthohio.com\/wp-content\/uploads\/2023\/09\/Maternal-Child-Health-Spanish.png 1600w, https:\/\/eriecohealthohio.com\/wp-content\/uploads\/2023\/09\/Maternal-Child-Health-Spanish-300x113.png 300w, https:\/\/eriecohealthohio.com\/wp-content\/uploads\/2023\/09\/Maternal-Child-Health-Spanish-1024x384.png 1024w, https:\/\/eriecohealthohio.com\/wp-content\/uploads\/2023\/09\/Maternal-Child-Health-Spanish-768x288.png 768w, https:\/\/eriecohealthohio.com\/wp-content\/uploads\/2023\/09\/Maternal-Child-Health-Spanish-1536x576.png 1536w, https:\/\/eriecohealthohio.com\/wp-content\/uploads\/2023\/09\/Maternal-Child-Health-Spanish-18x7.png 18w\" sizes=\"(max-width: 1600px) 100vw, 1600px\" \/>\t\t\t\t\t\t\t\t\t\t\t\t\t\t\t<\/div>\n\t\t\t\t<\/div>\n\t\t\t\t\t<\/div>\n\t\t<\/div>\n\t\t\t\t\t<\/div>\n\t\t<\/section>\n\t\t\t\t<section data-particle_enable=\"false\" data-particle-mobile-disabled=\"false\" class=\"elementor-section elementor-top-section elementor-element elementor-element-64d5634a elementor-section-boxed elementor-section-height-default elementor-section-height-default\" data-id=\"64d5634a\" data-element_type=\"section\" data-e-type=\"section\">\n\t\t\t\t\t\t<div class=\"elementor-container elementor-column-gap-default\">\n\t\t\t\t\t<div class=\"elementor-column elementor-col-33 elementor-top-column elementor-element elementor-element-3004a60\" data-id=\"3004a60\" data-element_type=\"column\" data-e-type=\"column\">\n\t\t\t<div class=\"elementor-widget-wrap elementor-element-populated\">\n\t\t\t\t\t\t<div class=\"elementor-element elementor-element-37f7a1f0 elementor-align-center elementor-widget elementor-widget-button\" data-id=\"37f7a1f0\" data-element_type=\"widget\" data-e-type=\"widget\" data-widget_type=\"button.default\">\n\t\t\t\t<div class=\"elementor-widget-container\">\n\t\t\t\t\t\t\t\t\t<div class=\"elementor-button-wrapper\">\n\t\t\t\t\t<a class=\"elementor-button elementor-button-link elementor-size-lg\" href=\"https:\/\/eriecohealthohio.com\/es\/salud-maternoinfantil\/mamas-sanas\/\">\n\t\t\t\t\t\t<span class=\"elementor-button-content-wrapper\">\n\t\t\t\t\t\t\t\t\t<span class=\"elementor-button-text\">MAM\u00c1S SANAS<\/span>\n\t\t\t\t\t<\/span>\n\t\t\t\t\t<\/a>\n\t\t\t\t<\/div>\n\t\t\t\t\t\t\t\t<\/div>\n\t\t\t\t<\/div>\n\t\t\t\t\t<\/div>\n\t\t<\/div>\n\t\t\t\t<div class=\"elementor-column elementor-col-33 elementor-top-column elementor-element elementor-element-27507544\" data-id=\"27507544\" data-element_type=\"column\" data-e-type=\"column\">\n\t\t\t<div class=\"elementor-widget-wrap elementor-element-populated\">\n\t\t\t\t\t\t<div class=\"elementor-element elementor-element-a6a282b elementor-align-center elementor-widget elementor-widget-button\" data-id=\"a6a282b\" data-element_type=\"widget\" data-e-type=\"widget\" data-widget_type=\"button.default\">\n\t\t\t\t<div class=\"elementor-widget-container\">\n\t\t\t\t\t\t\t\t\t<div class=\"elementor-button-wrapper\">\n\t\t\t\t\t<a class=\"elementor-button elementor-button-link elementor-size-lg\" href=\"https:\/\/eriecohealthohio.com\/es\/salud-maternoinfantil\/bebes-sanos\/\">\n\t\t\t\t\t\t<span class=\"elementor-button-content-wrapper\">\n\t\t\t\t\t\t\t\t\t<span class=\"elementor-button-text\">BEB\u00c9S SANOS<\/span>\n\t\t\t\t\t<\/span>\n\t\t\t\t\t<\/a>\n\t\t\t\t<\/div>\n\t\t\t\t\t\t\t\t<\/div>\n\t\t\t\t<\/div>\n\t\t\t\t\t<\/div>\n\t\t<\/div>\n\t\t\t\t<div class=\"elementor-column elementor-col-33 elementor-top-column elementor-element elementor-element-519a751d\" data-id=\"519a751d\" data-element_type=\"column\" data-e-type=\"column\">\n\t\t\t<div class=\"elementor-widget-wrap elementor-element-populated\">\n\t\t\t\t\t\t<div class=\"elementor-element elementor-element-c660d53 elementor-align-center elementor-widget elementor-widget-button\" data-id=\"c660d53\" data-element_type=\"widget\" data-e-type=\"widget\" data-widget_type=\"button.default\">\n\t\t\t\t<div class=\"elementor-widget-container\">\n\t\t\t\t\t\t\t\t\t<div class=\"elementor-button-wrapper\">\n\t\t\t\t\t<a class=\"elementor-button elementor-button-link elementor-size-lg\" href=\"https:\/\/eriecohealthohio.com\/es\/salud-maternoinfantil\/salud-maternoinfantil-contacto\/\">\n\t\t\t\t\t\t<span class=\"elementor-button-content-wrapper\">\n\t\t\t\t\t\t\t\t\t<span class=\"elementor-button-text\">CONTACTO<\/span>\n\t\t\t\t\t<\/span>\n\t\t\t\t\t<\/a>\n\t\t\t\t<\/div>\n\t\t\t\t\t\t\t\t<\/div>\n\t\t\t\t<\/div>\n\t\t\t\t\t<\/div>\n\t\t<\/div>\n\t\t\t\t\t<\/div>\n\t\t<\/section>\n\t\t\t\t<section data-particle_enable=\"false\" data-particle-mobile-disabled=\"false\" class=\"elementor-section elementor-top-section elementor-element elementor-element-b70d9d0 elementor-section-boxed elementor-section-height-default elementor-section-height-default\" data-id=\"b70d9d0\" data-element_type=\"section\" data-e-type=\"section\">\n\t\t\t\t\t\t<div class=\"elementor-container elementor-column-gap-default\">\n\t\t\t\t\t<div class=\"elementor-column elementor-col-100 elementor-top-column elementor-element elementor-element-e2cab13\" data-id=\"e2cab13\" data-element_type=\"column\" data-e-type=\"column\">\n\t\t\t<div class=\"elementor-widget-wrap elementor-element-populated\">\n\t\t\t\t\t\t<div class=\"elementor-element elementor-element-a15a47e elementor-widget elementor-widget-text-editor\" data-id=\"a15a47e\" data-element_type=\"widget\" data-e-type=\"widget\" data-widget_type=\"text-editor.default\">\n\t\t\t\t<div class=\"elementor-widget-container\">\n\t\t\t\t\t\t\t\t\t<h4>SALUD MATERNOINFANTIL - HEBILLAS OHIO: SEGURIDAD DE LAS SILLAS DE COCHE<\/h4><h5 style=\"text-align: left;\"><img decoding=\"async\" class=\"alignright wp-image-3659 size-medium\" src=\"https:\/\/eriecohealthohio.com\/wp-content\/uploads\/2022\/07\/Car-Seat-300x300.jpg\" alt=\"Asiento de coche Foto\" width=\"300\" height=\"300\" srcset=\"https:\/\/eriecohealthohio.com\/wp-content\/uploads\/2022\/07\/Car-Seat-300x300.jpg 300w, https:\/\/eriecohealthohio.com\/wp-content\/uploads\/2022\/07\/Car-Seat-150x150.jpg 150w, https:\/\/eriecohealthohio.com\/wp-content\/uploads\/2022\/07\/Car-Seat.jpg 500w\" sizes=\"(max-width: 300px) 100vw, 300px\" \/>PROGRAMA DE SEGURIDAD PARA NI\u00d1OS PASAJEROS<\/h5><p>El programa de seguridad para ni\u00f1os pasajeros del Departamento de Salud del Condado de Erie, Ohio Buckles Buckeyes (OBB), proporciona asientos de seguridad para ni\u00f1os y asientos elevadores a familias elegibles de bajos ingresos en el Condado de Erie. Los objetivos generales de este programa son aumentar la disponibilidad de asientos de seguridad para ni\u00f1os para familias que de otro modo no podr\u00edan permit\u00edrselos y aumentar la instalaci\u00f3n correcta y el uso adecuado de los asientos de seguridad para ni\u00f1os.<\/p><p>A trav\u00e9s de los esfuerzos coordinados de una red local de t\u00e9cnicos certificados en seguridad de ni\u00f1os pasajeros, el programa OBB distribuye asientos de seguridad para ni\u00f1os y asientos elevadores e imparte educaci\u00f3n sobre la seguridad de los ni\u00f1os pasajeros.<\/p><p>El ECHD tambi\u00e9n cuenta con t\u00e9cnicos certificados en sillas de auto que pueden realizar revisiones de sillas de auto a todos los residentes de la zona. Para concertar una cita, p\u00f3ngase en contacto con:<\/p><p><strong>Kelsey Strickfaden<\/strong><br \/><strong>Trabajador sanitario comunitario<\/strong><br \/><strong>Departamento de Salud del Condado de Erie<\/strong><br \/><strong><a href=\"mailto:kstrickfaden@echdohio.org\" rel=\"noreferrer\">kstrickfaden@echdohio.org<\/a><\/strong><br \/><strong>419-626-5623, Ext. 5168<\/strong><\/p><p>\u00a0<\/p><h5>ELEGIBILIDAD<\/h5><ul><li>Las familias que reciben actualmente prestaciones del programa Women, Infants &amp; Children (WIC) tienen derecho a recibir gratuitamente una silla de coche o un asiento elevador.<\/li><li>Las familias que no reciben actualmente prestaciones del programa WIC deben tener unos ingresos que se ajusten a las directrices de dicho programa, aunque no es necesario que el beneficiario est\u00e9 inscrito en \u00e9l.<\/li><\/ul><p><a href=\"https:\/\/odh.ohio.gov\/know-our-programs\/women-infants-children\/resources\/ohio-wic-program-eligibility\" target=\"_blank\" rel=\"noopener\">Haga clic aqu\u00ed para consultar las directrices m\u00e1s recientes sobre los requisitos de ingresos para el programa WIC.<\/a><\/p><h5>INSCRIPCI\u00d3N<\/h5><p>Si su familia cumple los requisitos de ingresos anteriores, puede inscribirse para recibir una silla de coche o un asiento elevador gratuitos. Deber\u00e1 ver un v\u00eddeo educativo y rellenar un formulario en l\u00ednea. Una vez que haya enviado el formulario, un t\u00e9cnico certificado en seguridad de ni\u00f1os pasajeros le llamar\u00e1 para fijar una hora para recoger su asiento de seguridad o asiento elevador.<\/p>\t\t\t\t\t\t\t\t<\/div>\n\t\t\t\t<\/div>\n\t\t\t\t\t<\/div>\n\t\t<\/div>\n\t\t\t\t\t<\/div>\n\t\t<\/section>\n\t\t\t\t<section data-particle_enable=\"false\" data-particle-mobile-disabled=\"false\" class=\"elementor-section elementor-top-section elementor-element elementor-element-db70648 elementor-section-boxed elementor-section-height-default elementor-section-height-default\" data-id=\"db70648\" data-element_type=\"section\" data-e-type=\"section\">\n\t\t\t\t\t\t<div class=\"elementor-container elementor-column-gap-default\">\n\t\t\t\t\t<div class=\"elementor-column elementor-col-100 elementor-top-column elementor-element elementor-element-0b9e0e2\" data-id=\"0b9e0e2\" data-element_type=\"column\" data-e-type=\"column\">\n\t\t\t<div class=\"elementor-widget-wrap elementor-element-populated\">\n\t\t\t\t\t\t<div class=\"elementor-element elementor-element-344a14e elementor-widget elementor-widget-button\" data-id=\"344a14e\" data-element_type=\"widget\" data-e-type=\"widget\" data-widget_type=\"button.default\">\n\t\t\t\t<div class=\"elementor-widget-container\">\n\t\t\t\t\t\t\t\t\t<div class=\"elementor-button-wrapper\">\n\t\t\t\t\t<a class=\"elementor-button elementor-button-link elementor-size-md\" href=\"https:\/\/eriecohealthohio.com\/es\/cunas-para-ninos-educacion-obligatoria\/\">\n\t\t\t\t\t\t<span class=\"elementor-button-content-wrapper\">\n\t\t\t\t\t\t\t\t\t<span class=\"elementor-button-text\">Comenzar<\/span>\n\t\t\t\t\t<\/span>\n\t\t\t\t\t<\/a>\n\t\t\t\t<\/div>\n\t\t\t\t\t\t\t\t<\/div>\n\t\t\t\t<\/div>\n\t\t\t\t\t<\/div>\n\t\t<\/div>\n\t\t\t\t\t<\/div>\n\t\t<\/section>\n\t\t\t\t<section data-particle_enable=\"false\" data-particle-mobile-disabled=\"false\" class=\"elementor-section elementor-top-section elementor-element elementor-element-4dd0253 elementor-section-boxed elementor-section-height-default elementor-section-height-default\" data-id=\"4dd0253\" data-element_type=\"section\" data-e-type=\"section\">\n\t\t\t\t\t\t<div class=\"elementor-container elementor-column-gap-default\">\n\t\t\t\t\t<div class=\"elementor-column elementor-col-100 elementor-top-column elementor-element elementor-element-97657ba\" data-id=\"97657ba\" data-element_type=\"column\" data-e-type=\"column\">\n\t\t\t<div class=\"elementor-widget-wrap elementor-element-populated\">\n\t\t\t\t\t\t<div class=\"elementor-element elementor-element-5ebb8d3 elementor-widget elementor-widget-text-editor\" data-id=\"5ebb8d3\" data-element_type=\"widget\" data-e-type=\"widget\" data-widget_type=\"text-editor.default\">\n\t\t\t\t<div class=\"elementor-widget-container\">\n\t\t\t\t\t\t\t\t\t<h5>CONSEJOS DE SEGURIDAD PARA SILLAS DE COCHE<\/h5><p>Los ni\u00f1os s\u00f3lo est\u00e1n seguros en el coche si llevan el sistema de retenci\u00f3n infantil adecuado, utilizado e instalado correctamente. Aseg\u00farese de que su hijo est\u00e1 seguro en su sillita:<\/p><ul><li>Lee el manual de tu coche y el del sistema de retenci\u00f3n infantil.<\/li><li>Conozca el l\u00edmite de peso de su sistema de retenci\u00f3n infantil.<\/li><li>Env\u00ede la tarjeta de garant\u00eda del sistema de retenci\u00f3n infantil para estar en la lista en caso de retirada.<\/li><li>Compruebe que su sistema de retenci\u00f3n infantil no est\u00e1 en una lista de retirada.<\/li><li>Destruye las sillas de coche que hayan sufrido un accidente de tr\u00e1fico. Su seguro de autom\u00f3vil debe cubrir un reemplazo en virtud de los da\u00f1os del accidente.<ul><li>Las sillas de coche caducadas deben desecharse correctamente.<\/li><\/ul><\/li><\/ul><h5>C\u00d3MO DESHACERSE CORRECTAMENTE DE LAS SILLAS DE COCHE<\/h5><p>Al final de la vida \u00fatil del sistema de retenci\u00f3n infantil, HCPH le anima a desecharlo correctamente.<\/p><ul><li>Retire toda la tela y el relleno<\/li><li>Quite todos los tornillos y desmonte el asiento del coche<\/li><li>Recicle todas las piezas de pl\u00e1stico y espuma y deseche los res<\/li><\/ul>\t\t\t\t\t\t\t\t<\/div>\n\t\t\t\t<\/div>\n\t\t\t\t\t<\/div>\n\t\t<\/div>\n\t\t\t\t\t<\/div>\n\t\t<\/section>\n\t\t\t\t<\/div>","protected":false},"excerpt":{"rendered":"<p>HEALTHY MOMS HEALTHY BABIES CONTACT MATERNAL &amp; CHILD HEALTH &#8211; OHIO BUCKLES: CAR SEAT SAFETY CHILD PASSENGER SAFETY PROGRM The Erie County Health Department&#8217;s child passenger safety program, Ohio Buckles Buckeyes (OBB), provides child safety seats and booster seats to eligible, low-income families in Erie County. The overall goals of this program are to increase [&hellip;]<\/p>\n","protected":false},"author":1,"featured_media":0,"parent":1978,"menu_order":0,"comment_status":"closed","ping_status":"closed","template":"","meta":{"footnotes":"","_links_to":"","_links_to_target":""},"class_list":["post-2285","page","type-page","status-publish","hentry"],"_links":{"self":[{"href":"https:\/\/eriecohealthohio.com\/es\/wp-json\/wp\/v2\/pages\/2285","targetHints":{"allow":["GET"]}}],"collection":[{"href":"https:\/\/eriecohealthohio.com\/es\/wp-json\/wp\/v2\/pages"}],"about":[{"href":"https:\/\/eriecohealthohio.com\/es\/wp-json\/wp\/v2\/types\/page"}],"author":[{"embeddable":true,"href":"https:\/\/eriecohealthohio.com\/es\/wp-json\/wp\/v2\/users\/1"}],"replies":[{"embeddable":true,"href":"https:\/\/eriecohealthohio.com\/es\/wp-json\/wp\/v2\/comments?post=2285"}],"version-history":[{"count":0,"href":"https:\/\/eriecohealthohio.com\/es\/wp-json\/wp\/v2\/pages\/2285\/revisions"}],"up":[{"embeddable":true,"href":"https:\/\/eriecohealthohio.com\/es\/wp-json\/wp\/v2\/pages\/1978"}],"wp:attachment":[{"href":"https:\/\/eriecohealthohio.com\/es\/wp-json\/wp\/v2\/media?parent=2285"}],"curies":[{"name":"wp","href":"https:\/\/api.w.org\/{rel}","templated":true}]}}