{"id":22794,"date":"2025-06-18T15:03:22","date_gmt":"2025-06-18T19:03:22","guid":{"rendered":"https:\/\/eriecohealthohio.com\/?page_id=22794"},"modified":"2025-10-14T09:26:57","modified_gmt":"2025-10-14T13:26:57","slug":"normas-y-reglamentos-sobre-piscinas","status":"publish","type":"page","link":"https:\/\/eriecohealthohio.com\/es\/sandusky-aquatic-center\/poolrulesandregulations\/","title":{"rendered":"POOL RULES &amp; REGULATIONS"},"content":{"rendered":"<div data-elementor-type=\"wp-page\" data-elementor-id=\"22794\" class=\"elementor elementor-22794\" data-elementor-post-type=\"page\">\n\t\t\t\t\t\t<section data-particle_enable=\"false\" data-particle-mobile-disabled=\"false\" class=\"elementor-section elementor-top-section elementor-element elementor-element-a224039 elementor-section-boxed elementor-section-height-default elementor-section-height-default\" data-id=\"a224039\" data-element_type=\"section\" data-e-type=\"section\">\n\t\t\t\t\t\t<div class=\"elementor-container elementor-column-gap-default\">\n\t\t\t\t\t<div class=\"elementor-column elementor-col-100 elementor-top-column elementor-element elementor-element-33cc3c4\" data-id=\"33cc3c4\" data-element_type=\"column\" data-e-type=\"column\">\n\t\t\t<div class=\"elementor-widget-wrap elementor-element-populated\">\n\t\t\t\t\t\t<div class=\"elementor-element elementor-element-2d55560 elementor-widget elementor-widget-image\" data-id=\"2d55560\" data-element_type=\"widget\" data-e-type=\"widget\" data-no-translation=\"\" data-widget_type=\"image.default\">\n\t\t\t\t<div class=\"elementor-widget-container\">\n\t\t\t\t\t<style>.elementor-element-2d55560{display:none !important}<\/style>\t\t\t\t<\/div>\n\t\t\t\t<\/div>\n\t\t\t\t\t<\/div>\n\t\t<\/div>\n\t\t\t\t\t<\/div>\n\t\t<\/section>\n\t\t\t\t<section data-particle_enable=\"false\" data-particle-mobile-disabled=\"false\" class=\"elementor-section elementor-top-section elementor-element elementor-element-feb9d2d elementor-section-boxed elementor-section-height-default elementor-section-height-default\" data-id=\"feb9d2d\" data-element_type=\"section\" data-e-type=\"section\">\n\t\t\t\t\t\t<div class=\"elementor-container elementor-column-gap-default\">\n\t\t\t\t\t<div class=\"elementor-column elementor-col-100 elementor-top-column elementor-element elementor-element-f317173\" data-id=\"f317173\" data-element_type=\"column\" data-e-type=\"column\">\n\t\t\t<div class=\"elementor-widget-wrap elementor-element-populated\">\n\t\t\t\t\t\t<div class=\"elementor-element elementor-element-a05948d elementor-widget elementor-widget-image\" data-id=\"a05948d\" data-element_type=\"widget\" data-e-type=\"widget\" data-no-translation=\"\" data-widget_type=\"image.default\">\n\t\t\t\t<div class=\"elementor-widget-container\">\n\t\t\t\t\t\t\t\t\t\t\t\t\t\t\t<img fetchpriority=\"high\" decoding=\"async\" width=\"1600\" height=\"600\" src=\"https:\/\/eriecohealthohio.com\/wp-content\/uploads\/2025\/06\/SAC-SPANISH-.png\" class=\"attachment-full size-full wp-image-22756\" alt=\"SAC - SPANISH\" srcset=\"https:\/\/eriecohealthohio.com\/wp-content\/uploads\/2025\/06\/SAC-SPANISH-.png 1600w, https:\/\/eriecohealthohio.com\/wp-content\/uploads\/2025\/06\/SAC-SPANISH--300x113.png 300w, https:\/\/eriecohealthohio.com\/wp-content\/uploads\/2025\/06\/SAC-SPANISH--1024x384.png 1024w, https:\/\/eriecohealthohio.com\/wp-content\/uploads\/2025\/06\/SAC-SPANISH--768x288.png 768w, https:\/\/eriecohealthohio.com\/wp-content\/uploads\/2025\/06\/SAC-SPANISH--1536x576.png 1536w, https:\/\/eriecohealthohio.com\/wp-content\/uploads\/2025\/06\/SAC-SPANISH--18x7.png 18w\" sizes=\"(max-width: 1600px) 100vw, 1600px\" \/>\t\t\t\t\t\t\t\t\t\t\t\t\t\t\t<\/div>\n\t\t\t\t<\/div>\n\t\t\t\t\t<\/div>\n\t\t<\/div>\n\t\t\t\t\t<\/div>\n\t\t<\/section>\n\t\t\t\t<section data-particle_enable=\"false\" data-particle-mobile-disabled=\"false\" class=\"elementor-section elementor-top-section elementor-element elementor-element-d611a2d elementor-section-boxed elementor-section-height-default elementor-section-height-default\" data-id=\"d611a2d\" data-element_type=\"section\" data-e-type=\"section\">\n\t\t\t\t\t\t<div class=\"elementor-container elementor-column-gap-default\">\n\t\t\t\t\t<div class=\"elementor-column elementor-col-33 elementor-top-column elementor-element elementor-element-faaa29d\" data-id=\"faaa29d\" data-element_type=\"column\" data-e-type=\"column\">\n\t\t\t<div class=\"elementor-widget-wrap elementor-element-populated\">\n\t\t\t\t\t\t<div class=\"elementor-element elementor-element-7143bb2 elementor-align-center elementor-widget elementor-widget-button\" data-id=\"7143bb2\" data-element_type=\"widget\" data-e-type=\"widget\" data-widget_type=\"button.default\">\n\t\t\t\t<div class=\"elementor-widget-container\">\n\t\t\t\t\t\t\t\t\t<div class=\"elementor-button-wrapper\">\n\t\t\t\t\t<a class=\"elementor-button elementor-button-link elementor-size-lg\" href=\"https:\/\/eriecohealthohio.com\/es\/centro-acuatico-de-sandusky\/\">\n\t\t\t\t\t\t<span class=\"elementor-button-content-wrapper\">\n\t\t\t\t\t\t\t\t\t<span class=\"elementor-button-text\">ACERCA DE<\/span>\n\t\t\t\t\t<\/span>\n\t\t\t\t\t<\/a>\n\t\t\t\t<\/div>\n\t\t\t\t\t\t\t\t<\/div>\n\t\t\t\t<\/div>\n\t\t\t\t\t<\/div>\n\t\t<\/div>\n\t\t\t\t<div class=\"elementor-column elementor-col-33 elementor-top-column elementor-element elementor-element-296bf96\" data-id=\"296bf96\" data-element_type=\"column\" data-e-type=\"column\">\n\t\t\t<div class=\"elementor-widget-wrap elementor-element-populated\">\n\t\t\t\t\t\t<div class=\"elementor-element elementor-element-f6a2383 elementor-align-center elementor-widget elementor-widget-button\" data-id=\"f6a2383\" data-element_type=\"widget\" data-e-type=\"widget\" data-widget_type=\"button.default\">\n\t\t\t\t<div class=\"elementor-widget-container\">\n\t\t\t\t\t\t\t\t\t<div class=\"elementor-button-wrapper\">\n\t\t\t\t\t<a class=\"elementor-button elementor-button-link elementor-size-lg\" href=\"https:\/\/eriecohealthohio.com\/es\/centro-acuatico-de-sandusky\/normas-y-reglamentos-sobre-piscinas\/\">\n\t\t\t\t\t\t<span class=\"elementor-button-content-wrapper\">\n\t\t\t\t\t\t\t\t\t<span class=\"elementor-button-text\">REGLAS &amp; <br \/> REGLAMENTO<\/span>\n\t\t\t\t\t<\/span>\n\t\t\t\t\t<\/a>\n\t\t\t\t<\/div>\n\t\t\t\t\t\t\t\t<\/div>\n\t\t\t\t<\/div>\n\t\t\t\t\t<\/div>\n\t\t<\/div>\n\t\t\t\t<div class=\"elementor-column elementor-col-33 elementor-top-column elementor-element elementor-element-4349230\" data-id=\"4349230\" data-element_type=\"column\" data-e-type=\"column\">\n\t\t\t<div class=\"elementor-widget-wrap elementor-element-populated\">\n\t\t\t\t\t\t<div class=\"elementor-element elementor-element-570684d elementor-align-center elementor-widget elementor-widget-button\" data-id=\"570684d\" data-element_type=\"widget\" data-e-type=\"widget\" data-widget_type=\"button.default\">\n\t\t\t\t<div class=\"elementor-widget-container\">\n\t\t\t\t\t\t\t\t\t<div class=\"elementor-button-wrapper\">\n\t\t\t\t\t<a class=\"elementor-button elementor-button-link elementor-size-lg\" href=\"https:\/\/eriecohealthohio.com\/es\/centro-acuatico-de-sandusky\/tarifas\/\">\n\t\t\t\t\t\t<span class=\"elementor-button-content-wrapper\">\n\t\t\t\t\t\t\t\t\t<span class=\"elementor-button-text\">TARIFAS<\/span>\n\t\t\t\t\t<\/span>\n\t\t\t\t\t<\/a>\n\t\t\t\t<\/div>\n\t\t\t\t\t\t\t\t<\/div>\n\t\t\t\t<\/div>\n\t\t\t\t\t<\/div>\n\t\t<\/div>\n\t\t\t\t\t<\/div>\n\t\t<\/section>\n\t\t\t\t<section data-particle_enable=\"false\" data-particle-mobile-disabled=\"false\" class=\"elementor-section elementor-top-section elementor-element elementor-element-af420c7 elementor-section-boxed elementor-section-height-default elementor-section-height-default\" data-id=\"af420c7\" data-element_type=\"section\" data-e-type=\"section\">\n\t\t\t\t\t\t<div class=\"elementor-container elementor-column-gap-default\">\n\t\t\t\t\t<div class=\"elementor-column elementor-col-100 elementor-top-column elementor-element elementor-element-92e3893\" data-id=\"92e3893\" data-element_type=\"column\" data-e-type=\"column\">\n\t\t\t<div class=\"elementor-widget-wrap elementor-element-populated\">\n\t\t\t\t\t\t<div class=\"elementor-element elementor-element-69ac549 elementor-widget elementor-widget-text-editor\" data-id=\"69ac549\" data-element_type=\"widget\" data-e-type=\"widget\" data-widget_type=\"text-editor.default\">\n\t\t\t\t<div class=\"elementor-widget-container\">\n\t\t\t\t\t\t\t\t\t<h4>CENTRO ACU\u00c1TICO DE SANDUSKY - <br \/>Reglamento de la piscina<\/h4><p><strong>Supervisi\u00f3n de ni\u00f1os por adultos:<\/strong> Los menores de 13 a\u00f1os deben ir acompa\u00f1ados de un adulto (mayor de 18). Los adultos deben supervisar activamente a los ni\u00f1os en todo momento, manteniendo a los nadadores inexpertos al alcance de la mano. No se debe confiar en los juguetes de flotaci\u00f3n para la supervisi\u00f3n.<\/p><p><strong>Conducta respetuosa:<\/strong> Se espera que todos los nadadores mantengan una conducta respetuosa. Se proh\u00edben las carreras, los juegos bruscos, el lenguaje fuerte o abusivo y el comportamiento inapropiado.<\/p><p><strong>Equipos de piscina y seguridad en la respiraci\u00f3n asistida:<\/strong> Por razones de seguridad, no se cuelgue de las l\u00edneas de los carriles, escaleras u otros equipos de la piscina. No est\u00e1 permitido nadar a distancia bajo el agua ni aguantar la respiraci\u00f3n de forma prolongada.<\/p><p><strong>Pol\u00edtica de higiene y limpieza:<\/strong> Para garantizar la higiene y la limpieza, no se permite comer ni beber (excepto agua) en la zona de la piscina. Los objetos de cristal o cer\u00e1mica est\u00e1n estrictamente prohibidos.<\/p><p><strong>Pol\u00edtica de mascotas:<\/strong> No se admiten animales de compa\u00f1\u00eda en el Centro Acu\u00e1tico de Sandusky, a excepci\u00f3n de los animales de servicio.<\/p><p><strong>Pol\u00edtica de art\u00edculos prohibidos:<\/strong> Las armas, el alcohol, las drogas, el tabaco y los vapes no est\u00e1n permitidos en la propiedad. Las infracciones de esta pol\u00edtica dar\u00e1n lugar a medidas disciplinarias y a una posible implicaci\u00f3n legal.<\/p><h4><strong>Preguntas frecuentes<\/strong><\/h4><p><strong>\u00bfEn qu\u00e9 consiste el nuevo programa acu\u00e1tico de ECHD\/ECCHC?<\/strong><\/p><p>ECHD\/ECCHC se complace en lanzar un nuevo programa acu\u00e1tico, una empresa conjunta con Sandusky City Schools, ubicado en el Sandusky Aquatics Center dentro de Sandusky High School. Este programa est\u00e1 dise\u00f1ado para proporcionar a los miembros de la comunidad el acceso a los muchos beneficios de las actividades basadas en el agua, incluyendo la aptitud, la rehabilitaci\u00f3n y el bienestar general. Un calendario detallado de eventos, clases de agua, y los tiempos de nataci\u00f3n abierta est\u00e1 disponible en nuestra <span style=\"text-decoration: underline;\"><a href=\"https:\/\/calendar.google.com\/calendar\/u\/0\/r?cid=Y18zNjdhZjgyMDUwMTA0ODMzZGUyNDMyNTBjMGJiNGFiNjY0Njk3ZmQ0NmRkMjE0ZDdlZTMyNjRkZjBiMjVhMDY0QGdyb3VwLmNhbGVuZGFyLmdvb2dsZS5jb20\" target=\"_blank\" rel=\"noopener\">Calendario de Google<\/a>.<\/span><\/p><p><strong>\u00bfQu\u00e9 longitud tiene la piscina?<\/strong><\/p><p>La piscina del Sandusky Aquatics Center tiene 25 metros de longitud. Para los interesados en la nataci\u00f3n de distancia, he aqu\u00ed cu\u00e1ntas vueltas (ida y vuelta) se necesitan:<\/p><ul><li>1\/4 de milla: Aproximadamente 9 vueltas (18 largos)<\/li><li>1\/2 milla: Aproximadamente 18 vueltas (36 largos)<\/li><li>1 milla: Aproximadamente 36 vueltas (72 longitudes)<\/li><\/ul><p><strong>\u00bfNecesito saber nadar para participar en el programa acu\u00e1tico?<\/strong><\/p><p>Para participar en muchos aspectos del programa acu\u00e1tico se necesita cierto nivel de competencia acu\u00e1tica. Muchos ejercicios y terapias pueden realizarse en aguas poco profundas o con dispositivos de flotaci\u00f3n, centr\u00e1ndose en los movimientos y el fortalecimiento m\u00e1s que en el dominio de la nataci\u00f3n.<\/p><p><strong>\u00bfCu\u00e1l es la pol\u00edtica de supervisi\u00f3n de los socorristas?<\/strong><\/p><p>S\u00f3lo se permite nadar cuando hay un socorrista de servicio. Los socorristas pueden realizar pruebas de nataci\u00f3n. Sus decisiones sobre la seguridad y las normas de la piscina son inapelables. El incumplimiento de las normas de la piscina puede dar lugar a la expulsi\u00f3n del recinto.<\/p><p><strong>\u00bfCu\u00e1l es la proporci\u00f3n de socorristas por usuario y la capacidad de la piscina?<\/strong><\/p><p>La proporci\u00f3n de socorristas es de 1:50. La capacidad de la piscina es de 50 personas con un socorrista de guardia y de 100 personas con dos socorristas de guardia.<\/p><p><strong>\u00bfCu\u00e1les son los beneficios del ejercicio y la terapia acu\u00e1ticos?<\/strong><\/p><p>El ejercicio acu\u00e1tico ofrece numerosos beneficios, lo que lo convierte en una opci\u00f3n ideal para muchas personas. Entre las principales ventajas se incluyen:<\/p><ul><li>Reducci\u00f3n del impacto articular: La flotabilidad del agua disminuye significativamente el peso que soportan las articulaciones, lo que hace que los ejercicios sean m\u00e1s f\u00e1ciles y menos dolorosos, especialmente para quienes padecen artritis, lesiones o se est\u00e1n recuperando de una operaci\u00f3n.<\/li><li>Reducci\u00f3n del dolor: El agua caliente ayuda a relajar los m\u00fasculos, aumenta el flujo sangu\u00edneo y reduce la hinchaz\u00f3n, lo que conduce a una disminuci\u00f3n del dolor.<\/li><li>Aumento de la fuerza y la resistencia muscular: El agua proporciona una resistencia natural, lo que permite un fortalecimiento muscular eficaz sin necesidad de pesas.<\/li><li>Mejora del equilibrio y la coordinaci\u00f3n: El entorno de apoyo del agua permite a las personas practicar el equilibrio y la coordinaci\u00f3n con menos miedo a caerse.<\/li><li>Mayor flexibilidad y amplitud de movimiento: El calor del agua y la reducci\u00f3n del impacto pueden ayudar a mejorar la flexibilidad de las articulaciones y la amplitud general de movimiento.<\/li><li>Beneficios cardiovasculares: La presi\u00f3n hidrost\u00e1tica del agua puede proporcionar un entrenamiento suave para el coraz\u00f3n y los pulmones, mejorando la capacidad aer\u00f3bica.<\/li><\/ul><p><strong>\u00bfQui\u00e9n puede beneficiarse del programa acu\u00e1tico?<\/strong><\/p><p>El programa acu\u00e1tico es adecuado para una amplia gama de personas, incluidas las que padecen:<\/p><ul><li>Dolor cr\u00f3nico<\/li><li>Osteoartritis y artritis reumatoide<\/li><li>Fibromialgia<\/li><li>Lumbalgia y trastornos de la columna vertebral<\/li><li>Afecciones neurol\u00f3gicas (por ejemplo, enfermedad de Parkinson, esclerosis m\u00faltiple)<\/li><li>Lesiones deportivas y traumatismos ortop\u00e9dicos<\/li><li>Recuperaci\u00f3n postoperatoria (por ejemplo, pr\u00f3tesis articulares)<\/li><li>Desviaciones de la marcha y dificultades de equilibrio<\/li><li>Aquellos que buscan una opci\u00f3n de ejercicio de bajo impacto o una forma divertida de mantenerse activos.<\/li><\/ul><p><strong>\u00bfSe considera este programa terapia acu\u00e1tica o ejercicio acu\u00e1tico en general?<\/strong><\/p><p>El programa est\u00e1 dise\u00f1ado para ofrecer una gama de opciones, desde ejercicios acu\u00e1ticos generales para la forma f\u00edsica y el bienestar hasta programas de terapia acu\u00e1tica potencialmente m\u00e1s estructurados. Para necesidades terap\u00e9uticas espec\u00edficas, se recomienda consultar con su profesional sanitario o con un profesional de ECHD\/ECCHC.<\/p><p><strong>\u00a0<\/strong><\/p><p><strong>\u00bfQu\u00e9 tipos de clases acu\u00e1ticas se ofrecen?<\/strong><\/p><p>Nuestro programa acu\u00e1tico ofrece varias clases para satisfacer diferentes necesidades e intereses, incluyendo Zumba Acu\u00e1tica, nataci\u00f3n abierta y caminata. Consulte nuestro calendario para conocer los horarios y la disponibilidad de las clases.<\/p><p><strong>\u00bfCubrir\u00e1 el seguro las sesiones de terapia acu\u00e1tica?<\/strong><\/p><p>La cobertura de la terapia acu\u00e1tica puede variar en funci\u00f3n de su proveedor de seguros y su plan. Se recomienda ponerse en contacto directamente con su compa\u00f1\u00eda de seguros para informarse sobre la cobertura de la terapia acu\u00e1tica o los servicios relacionados.<strong>\u00a0<\/strong><\/p><p><strong>\u00bfC\u00f3mo puedo obtener m\u00e1s informaci\u00f3n sobre el calendario del programa y las ofertas espec\u00edficas?<\/strong><\/p><p>Est\u00e9 atento para obtener informaci\u00f3n m\u00e1s detallada sobre el calendario del programa, las clases espec\u00edficas y los detalles de inscripci\u00f3n. Puede consultar el sitio web del ECHD\/ECCHC o ponerse en contacto directamente con nosotros para obtener las \u00faltimas actualizaciones.<\/p>\t\t\t\t\t\t\t\t<\/div>\n\t\t\t\t<\/div>\n\t\t\t\t\t<\/div>\n\t\t<\/div>\n\t\t\t\t\t<\/div>\n\t\t<\/section>\n\t\t\t\t<section data-particle_enable=\"false\" data-particle-mobile-disabled=\"false\" class=\"elementor-section elementor-top-section elementor-element elementor-element-e969d41 elementor-section-boxed elementor-section-height-default elementor-section-height-default\" data-id=\"e969d41\" data-element_type=\"section\" data-e-type=\"section\">\n\t\t\t\t\t\t<div class=\"elementor-container elementor-column-gap-default\">\n\t\t\t\t\t<div class=\"elementor-column elementor-col-50 elementor-top-column elementor-element elementor-element-193d69e\" data-id=\"193d69e\" data-element_type=\"column\" data-e-type=\"column\">\n\t\t\t<div class=\"elementor-widget-wrap elementor-element-populated\">\n\t\t\t\t\t\t<div class=\"elementor-element elementor-element-51f5db4 elementor-align-center elementor-widget elementor-widget-button\" data-id=\"51f5db4\" data-element_type=\"widget\" data-e-type=\"widget\" data-widget_type=\"button.default\">\n\t\t\t\t<div class=\"elementor-widget-container\">\n\t\t\t\t\t\t\t\t\t<div class=\"elementor-button-wrapper\">\n\t\t\t\t\t<a class=\"elementor-button elementor-button-link elementor-size-lg\" href=\"https:\/\/calendar.google.com\/calendar\/u\/0\/embed?src=c_367af82050104833de243250c0bb4ab664697fd46dd214d7ee3264df0b25a064@group.calendar.google.com&#038;ctz=America\/New_York\" target=\"_blank\">\n\t\t\t\t\t\t<span class=\"elementor-button-content-wrapper\">\n\t\t\t\t\t\t\t\t\t<span class=\"elementor-button-text\">CALENDARIO<\/span>\n\t\t\t\t\t<\/span>\n\t\t\t\t\t<\/a>\n\t\t\t\t<\/div>\n\t\t\t\t\t\t\t\t<\/div>\n\t\t\t\t<\/div>\n\t\t\t\t\t<\/div>\n\t\t<\/div>\n\t\t\t\t<div class=\"elementor-column elementor-col-50 elementor-top-column elementor-element elementor-element-c6fd584\" data-id=\"c6fd584\" data-element_type=\"column\" data-e-type=\"column\">\n\t\t\t<div class=\"elementor-widget-wrap elementor-element-populated\">\n\t\t\t\t\t\t<div class=\"elementor-element elementor-element-0dd50b3 elementor-align-center elementor-widget elementor-widget-button\" data-id=\"0dd50b3\" data-element_type=\"widget\" data-e-type=\"widget\" data-widget_type=\"button.default\">\n\t\t\t\t<div class=\"elementor-widget-container\">\n\t\t\t\t\t\t\t\t\t<div class=\"elementor-button-wrapper\">\n\t\t\t\t\t<a class=\"elementor-button elementor-button-link elementor-size-lg\" href=\"https:\/\/swimsandusky.recdesk.com\/Community\/Home\" target=\"_blank\">\n\t\t\t\t\t\t<span class=\"elementor-button-content-wrapper\">\n\t\t\t\t\t\t\t\t\t<span class=\"elementor-button-text\">MEMBRES\u00cdAS<\/span>\n\t\t\t\t\t<\/span>\n\t\t\t\t\t<\/a>\n\t\t\t\t<\/div>\n\t\t\t\t\t\t\t\t<\/div>\n\t\t\t\t<\/div>\n\t\t\t\t\t<\/div>\n\t\t<\/div>\n\t\t\t\t\t<\/div>\n\t\t<\/section>\n\t\t\t\t<\/div>","protected":false},"excerpt":{"rendered":"<p>ABOUT RULES &amp; REGULATIONS FEES SANDUSKY AQUATIC CENTER &#8211; Pool Rules &amp; Regulations Adult Supervision for Children: Children under 13 must be accompanied by an adult (18+). Adults are required to actively supervise children at all times, keeping inexperienced swimmers within arm&#8217;s reach. Flotation toys should not be relied upon for supervision. Respectful Conduct: All [&hellip;]<\/p>\n","protected":false},"author":1,"featured_media":0,"parent":22733,"menu_order":0,"comment_status":"closed","ping_status":"closed","template":"","meta":{"footnotes":"","_links_to":"","_links_to_target":""},"class_list":["post-22794","page","type-page","status-publish","hentry"],"_links":{"self":[{"href":"https:\/\/eriecohealthohio.com\/es\/wp-json\/wp\/v2\/pages\/22794","targetHints":{"allow":["GET"]}}],"collection":[{"href":"https:\/\/eriecohealthohio.com\/es\/wp-json\/wp\/v2\/pages"}],"about":[{"href":"https:\/\/eriecohealthohio.com\/es\/wp-json\/wp\/v2\/types\/page"}],"author":[{"embeddable":true,"href":"https:\/\/eriecohealthohio.com\/es\/wp-json\/wp\/v2\/users\/1"}],"replies":[{"embeddable":true,"href":"https:\/\/eriecohealthohio.com\/es\/wp-json\/wp\/v2\/comments?post=22794"}],"version-history":[{"count":0,"href":"https:\/\/eriecohealthohio.com\/es\/wp-json\/wp\/v2\/pages\/22794\/revisions"}],"up":[{"embeddable":true,"href":"https:\/\/eriecohealthohio.com\/es\/wp-json\/wp\/v2\/pages\/22733"}],"wp:attachment":[{"href":"https:\/\/eriecohealthohio.com\/es\/wp-json\/wp\/v2\/media?parent=22794"}],"curies":[{"name":"wp","href":"https:\/\/api.w.org\/{rel}","templated":true}]}}