{"id":22733,"date":"2025-06-16T13:12:27","date_gmt":"2025-06-16T17:12:27","guid":{"rendered":"https:\/\/eriecohealthohio.com\/?page_id=22733"},"modified":"2026-02-20T16:27:48","modified_gmt":"2026-02-20T20:27:48","slug":"centro-acuatico-de-sandusky","status":"publish","type":"page","link":"https:\/\/eriecohealthohio.com\/es\/sandusky-aquatic-center\/","title":{"rendered":"CENTRO ACU\u00c1TICO DE SANDUSKY"},"content":{"rendered":"<div data-elementor-type=\"wp-page\" data-elementor-id=\"22733\" class=\"elementor elementor-22733\" data-elementor-post-type=\"page\">\n\t\t\t\t\t\t<section data-particle_enable=\"false\" data-particle-mobile-disabled=\"false\" class=\"elementor-section elementor-top-section elementor-element elementor-element-8a556ef elementor-section-boxed elementor-section-height-default elementor-section-height-default\" data-id=\"8a556ef\" data-element_type=\"section\" data-e-type=\"section\">\n\t\t\t\t\t\t<div class=\"elementor-container elementor-column-gap-default\">\n\t\t\t\t\t<div class=\"elementor-column elementor-col-100 elementor-top-column elementor-element elementor-element-ec1b367\" data-id=\"ec1b367\" data-element_type=\"column\" data-e-type=\"column\">\n\t\t\t<div class=\"elementor-widget-wrap elementor-element-populated\">\n\t\t\t\t\t\t<div class=\"elementor-element elementor-element-4a01777 elementor-widget elementor-widget-image\" data-id=\"4a01777\" data-element_type=\"widget\" data-e-type=\"widget\" data-no-translation=\"\" data-widget_type=\"image.default\">\n\t\t\t\t<div class=\"elementor-widget-container\">\n\t\t\t\t\t<style>.elementor-element-4a01777{display:none !important}<\/style>\t\t\t\t<\/div>\n\t\t\t\t<\/div>\n\t\t\t\t\t<\/div>\n\t\t<\/div>\n\t\t\t\t\t<\/div>\n\t\t<\/section>\n\t\t\t\t<section data-particle_enable=\"false\" data-particle-mobile-disabled=\"false\" class=\"elementor-section elementor-top-section elementor-element elementor-element-dbaddfd elementor-section-boxed elementor-section-height-default elementor-section-height-default\" data-id=\"dbaddfd\" data-element_type=\"section\" data-e-type=\"section\">\n\t\t\t\t\t\t<div class=\"elementor-container elementor-column-gap-default\">\n\t\t\t\t\t<div class=\"elementor-column elementor-col-100 elementor-top-column elementor-element elementor-element-a367b74\" data-id=\"a367b74\" data-element_type=\"column\" data-e-type=\"column\">\n\t\t\t<div class=\"elementor-widget-wrap elementor-element-populated\">\n\t\t\t\t\t\t<div class=\"elementor-element elementor-element-96a2e59 elementor-widget elementor-widget-image\" data-id=\"96a2e59\" data-element_type=\"widget\" data-e-type=\"widget\" data-no-translation=\"\" data-widget_type=\"image.default\">\n\t\t\t\t<div class=\"elementor-widget-container\">\n\t\t\t\t\t\t\t\t\t\t\t\t\t\t\t\t<a href=\"https:\/\/eriecohealthohio.com\/es\/centro-acuatico-de-sandusky\/\">\n\t\t\t\t\t\t\t<img fetchpriority=\"high\" decoding=\"async\" width=\"1600\" height=\"600\" src=\"https:\/\/eriecohealthohio.com\/wp-content\/uploads\/2025\/06\/SAC-SPANISH-.png\" class=\"attachment-full size-full wp-image-22756\" alt=\"SAC - SPANISH\" srcset=\"https:\/\/eriecohealthohio.com\/wp-content\/uploads\/2025\/06\/SAC-SPANISH-.png 1600w, https:\/\/eriecohealthohio.com\/wp-content\/uploads\/2025\/06\/SAC-SPANISH--300x113.png 300w, https:\/\/eriecohealthohio.com\/wp-content\/uploads\/2025\/06\/SAC-SPANISH--1024x384.png 1024w, https:\/\/eriecohealthohio.com\/wp-content\/uploads\/2025\/06\/SAC-SPANISH--768x288.png 768w, https:\/\/eriecohealthohio.com\/wp-content\/uploads\/2025\/06\/SAC-SPANISH--1536x576.png 1536w, https:\/\/eriecohealthohio.com\/wp-content\/uploads\/2025\/06\/SAC-SPANISH--18x7.png 18w\" sizes=\"(max-width: 1600px) 100vw, 1600px\" \/>\t\t\t\t\t\t\t\t<\/a>\n\t\t\t\t\t\t\t\t\t\t\t\t\t\t\t<\/div>\n\t\t\t\t<\/div>\n\t\t\t\t\t<\/div>\n\t\t<\/div>\n\t\t\t\t\t<\/div>\n\t\t<\/section>\n\t\t\t\t<section data-particle_enable=\"false\" data-particle-mobile-disabled=\"false\" class=\"elementor-section elementor-top-section elementor-element elementor-element-7f49912 elementor-section-boxed elementor-section-height-default elementor-section-height-default\" data-id=\"7f49912\" data-element_type=\"section\" data-e-type=\"section\">\n\t\t\t\t\t\t<div class=\"elementor-container elementor-column-gap-default\">\n\t\t\t\t\t<div class=\"elementor-column elementor-col-33 elementor-top-column elementor-element elementor-element-2f504b1\" data-id=\"2f504b1\" data-element_type=\"column\" data-e-type=\"column\">\n\t\t\t<div class=\"elementor-widget-wrap elementor-element-populated\">\n\t\t\t\t\t\t<div class=\"elementor-element elementor-element-92b3d36 elementor-align-center elementor-widget elementor-widget-button\" data-id=\"92b3d36\" data-element_type=\"widget\" data-e-type=\"widget\" data-widget_type=\"button.default\">\n\t\t\t\t<div class=\"elementor-widget-container\">\n\t\t\t\t\t\t\t\t\t<div class=\"elementor-button-wrapper\">\n\t\t\t\t\t<a class=\"elementor-button elementor-button-link elementor-size-lg\" href=\"https:\/\/eriecohealthohio.com\/es\/centro-acuatico-de-sandusky\/\">\n\t\t\t\t\t\t<span class=\"elementor-button-content-wrapper\">\n\t\t\t\t\t\t\t\t\t<span class=\"elementor-button-text\">ACERCA DE<\/span>\n\t\t\t\t\t<\/span>\n\t\t\t\t\t<\/a>\n\t\t\t\t<\/div>\n\t\t\t\t\t\t\t\t<\/div>\n\t\t\t\t<\/div>\n\t\t\t\t\t<\/div>\n\t\t<\/div>\n\t\t\t\t<div class=\"elementor-column elementor-col-33 elementor-top-column elementor-element elementor-element-e647cdf\" data-id=\"e647cdf\" data-element_type=\"column\" data-e-type=\"column\">\n\t\t\t<div class=\"elementor-widget-wrap elementor-element-populated\">\n\t\t\t\t\t\t<div class=\"elementor-element elementor-element-fb79059 elementor-align-center elementor-widget elementor-widget-button\" data-id=\"fb79059\" data-element_type=\"widget\" data-e-type=\"widget\" data-widget_type=\"button.default\">\n\t\t\t\t<div class=\"elementor-widget-container\">\n\t\t\t\t\t\t\t\t\t<div class=\"elementor-button-wrapper\">\n\t\t\t\t\t<a class=\"elementor-button elementor-button-link elementor-size-lg\" href=\"https:\/\/eriecohealthohio.com\/es\/centro-acuatico-de-sandusky\/normas-y-reglamentos-sobre-piscinas\/\">\n\t\t\t\t\t\t<span class=\"elementor-button-content-wrapper\">\n\t\t\t\t\t\t\t\t\t<span class=\"elementor-button-text\">REGLAS &amp; <br \/> REGLAMENTO<\/span>\n\t\t\t\t\t<\/span>\n\t\t\t\t\t<\/a>\n\t\t\t\t<\/div>\n\t\t\t\t\t\t\t\t<\/div>\n\t\t\t\t<\/div>\n\t\t\t\t\t<\/div>\n\t\t<\/div>\n\t\t\t\t<div class=\"elementor-column elementor-col-33 elementor-top-column elementor-element elementor-element-8093932\" data-id=\"8093932\" data-element_type=\"column\" data-e-type=\"column\">\n\t\t\t<div class=\"elementor-widget-wrap elementor-element-populated\">\n\t\t\t\t\t\t<div class=\"elementor-element elementor-element-956011a elementor-align-center elementor-widget elementor-widget-button\" data-id=\"956011a\" data-element_type=\"widget\" data-e-type=\"widget\" data-widget_type=\"button.default\">\n\t\t\t\t<div class=\"elementor-widget-container\">\n\t\t\t\t\t\t\t\t\t<div class=\"elementor-button-wrapper\">\n\t\t\t\t\t<a class=\"elementor-button elementor-button-link elementor-size-lg\" href=\"https:\/\/eriecohealthohio.com\/es\/centro-acuatico-de-sandusky\/tarifas\/\">\n\t\t\t\t\t\t<span class=\"elementor-button-content-wrapper\">\n\t\t\t\t\t\t\t\t\t<span class=\"elementor-button-text\">TARIFAS<\/span>\n\t\t\t\t\t<\/span>\n\t\t\t\t\t<\/a>\n\t\t\t\t<\/div>\n\t\t\t\t\t\t\t\t<\/div>\n\t\t\t\t<\/div>\n\t\t\t\t\t<\/div>\n\t\t<\/div>\n\t\t\t\t\t<\/div>\n\t\t<\/section>\n\t\t\t\t<section data-particle_enable=\"false\" data-particle-mobile-disabled=\"false\" class=\"elementor-section elementor-top-section elementor-element elementor-element-c08daa6 elementor-section-boxed elementor-section-height-default elementor-section-height-default\" data-id=\"c08daa6\" data-element_type=\"section\" data-e-type=\"section\">\n\t\t\t\t\t\t<div class=\"elementor-container elementor-column-gap-default\">\n\t\t\t\t\t<div class=\"elementor-column elementor-col-100 elementor-top-column elementor-element elementor-element-d8f7ade\" data-id=\"d8f7ade\" data-element_type=\"column\" data-e-type=\"column\">\n\t\t\t<div class=\"elementor-widget-wrap elementor-element-populated\">\n\t\t\t\t\t\t<div class=\"elementor-element elementor-element-43e4abc elementor-widget elementor-widget-text-editor\" data-id=\"43e4abc\" data-element_type=\"widget\" data-e-type=\"widget\" data-widget_type=\"text-editor.default\">\n\t\t\t\t<div class=\"elementor-widget-container\">\n\t\t\t\t\t\t\t\t\t<h4>CENTRO ACU\u00c1TICO DE SANDUSKY<\/h4><h4>NOTA: En caso de cierre de las escuelas de Sandusky City Schools por motivos clim\u00e1ticos, el Centro Acu\u00e1tico de Sandusky tambi\u00e9n permanecer\u00e1 cerrado.<\/h4><p>El Centro Acu\u00e1tico de Sandusky, situado en Sandusky High School, tiene como objetivo fomentar el bienestar de la comunidad, promover estilos de vida activos, y proporcionar un ambiente acogedor para todas las edades a participar en actividades acu\u00e1ticas. Las actividades comunitarias en la piscina incluyen nataci\u00f3n, nataci\u00f3n abierta y clases de nataci\u00f3n.<\/p><p><span style=\"text-decoration: underline;\"><a href=\"https:\/\/calendar.google.com\/calendar\/u\/0\/embed?src=c_367af82050104833de243250c0bb4ab664697fd46dd214d7ee3264df0b25a064@group.calendar.google.com&amp;ctz=America\/New_York\" target=\"_blank\" rel=\"noopener\">Consulte toda la programaci\u00f3n de la piscina en nuestro Google Calendar.<\/a><\/span><\/p><p><span style=\"text-decoration: underline;\"><a href=\"https:\/\/swimsandusky.recdesk.com\/Community\/Home\" target=\"_blank\" rel=\"noopener\">Contrata un paquete de suscripci\u00f3n a la piscina.<\/a><\/span><\/p><p>Contrata un paquete de suscripci\u00f3n a la piscina.<\/p><p><strong>Nataci\u00f3n Lap:<\/strong> Mejore su forma f\u00edsica y su resistencia con nuestros tiempos de nataci\u00f3n por vuelta designados. Disfrute de la nataci\u00f3n sin interrupciones en nuestros carriles marcados para lograr su mejor marca personal. Tanto si est\u00e1 entrenando para una competici\u00f3n como si busca un entrenamiento concentrado, nuestra piscina le ofrece el entorno perfecto. Durante las horas designadas para las vueltas de nataci\u00f3n, s\u00f3lo los nadadores podr\u00e1n entrar en la piscina.<\/p><p><strong>Nataci\u00f3n abierta:<\/strong> Date un chapuz\u00f3n refrescante y disfruta de un rato relajante en el agua durante nuestras sesiones de nataci\u00f3n abiertas. Nuestra piscina est\u00e1 a disposici\u00f3n de todas las edades para chapotear, jugar y refrescarse en un ambiente divertido e informal. Es la oportunidad perfecta para divertirse en familia o nadar tranquilamente. Durante las horas de nataci\u00f3n abierta, algunas personas optar\u00e1n por nadar vueltas; pedimos que los nadadores sean respetuosos con los dem\u00e1s en la piscina, permaneciendo fuera de los carriles donde las personas pueden estar nadando vueltas.<strong><br \/><\/strong><\/p><p><strong>Clases de ejercicios acu\u00e1ticos:<\/strong> \u00danete a nuestros instructores certificados para un entrenamiento divertido y desafiante adecuado para todos los niveles de condici\u00f3n f\u00edsica. La flotabilidad del agua proporciona un entorno de bajo impacto para desarrollar la fuerza, mejorar la flexibilidad y mejorar la salud cardiovascular. Experimente una forma refrescante de hacer ejercicio y sentirse bien. En breve dispondremos de m\u00e1s informaci\u00f3n sobre los horarios de las clases acu\u00e1ticas, los tipos de instrucciones, etc.<\/p><p><strong>Clases de nataci\u00f3n:<\/strong> Aprenda a nadar con confianza en nuestro completo programa de clases, dise\u00f1ado para todas las edades y habilidades. Nuestros instructores titulados proporcionan un entorno seguro y de apoyo, tanto si eres un principiante que acaba de sentirse c\u00f3modo en el agua como si eres un nadador experimentado que busca perfeccionar su t\u00e9cnica. Ofrecemos una variedad de clases estructuradas por edad y nivel de habilidad para asegurar un progreso personalizado para cada participante. Las fechas para las clases de nataci\u00f3n estar\u00e1n disponibles en breve.<\/p><p><span style=\"text-decoration: underline;\"><a href=\"https:\/\/calendar.google.com\/calendar\/u\/0\/embed?src=c_367af82050104833de243250c0bb4ab664697fd46dd214d7ee3264df0b25a064@group.calendar.google.com&amp;ctz=America\/New_York\" target=\"_blank\" rel=\"noopener\">Consulte toda la programaci\u00f3n de la piscina en nuestro Google Calendar.<\/a><\/span><\/p><p><span style=\"text-decoration: underline;\"><a href=\"https:\/\/swimsandusky.recdesk.com\/Community\/Home\" target=\"_blank\" rel=\"noopener\">Contrata un paquete de suscripci\u00f3n a la piscina.<\/a><\/span><\/p><p><strong>Sandusky Aquatics Center Contacto:<br \/>Michael Carr, Director del Programa Acu\u00e1tico<br \/><\/strong><strong>E-Mail:\u00a0 <a href=\"mailto:MCarr@echdohio.org\">MCarr@echdohio.org<\/a><\/strong><\/p>\t\t\t\t\t\t\t\t<\/div>\n\t\t\t\t<\/div>\n\t\t\t\t\t<\/div>\n\t\t<\/div>\n\t\t\t\t\t<\/div>\n\t\t<\/section>\n\t\t\t\t<section data-particle_enable=\"false\" data-particle-mobile-disabled=\"false\" class=\"elementor-section elementor-top-section elementor-element elementor-element-fcf95a6 elementor-section-boxed elementor-section-height-default elementor-section-height-default\" data-id=\"fcf95a6\" data-element_type=\"section\" data-e-type=\"section\">\n\t\t\t\t\t\t<div class=\"elementor-container elementor-column-gap-default\">\n\t\t\t\t\t<div class=\"elementor-column elementor-col-100 elementor-top-column elementor-element elementor-element-433ed46\" data-id=\"433ed46\" data-element_type=\"column\" data-e-type=\"column\">\n\t\t\t<div class=\"elementor-widget-wrap elementor-element-populated\">\n\t\t\t\t\t\t<div class=\"elementor-element elementor-element-0309519 elementor-widget elementor-widget-image\" data-id=\"0309519\" data-element_type=\"widget\" data-e-type=\"widget\" data-widget_type=\"image.default\">\n\t\t\t\t<div class=\"elementor-widget-container\">\n\t\t\t\t\t\t\t\t\t\t\t\t\t\t\t<img decoding=\"async\" width=\"855\" height=\"630\" src=\"https:\/\/eriecohealthohio.com\/wp-content\/uploads\/2025\/06\/SAC-Pool-2.jpg\" class=\"attachment-full size-full wp-image-22770\" alt=\"SAC Pool Gr\u00e1fico 2\" srcset=\"https:\/\/eriecohealthohio.com\/wp-content\/uploads\/2025\/06\/SAC-Pool-2.jpg 855w, https:\/\/eriecohealthohio.com\/wp-content\/uploads\/2025\/06\/SAC-Pool-2-300x221.jpg 300w, https:\/\/eriecohealthohio.com\/wp-content\/uploads\/2025\/06\/SAC-Pool-2-768x566.jpg 768w, https:\/\/eriecohealthohio.com\/wp-content\/uploads\/2025\/06\/SAC-Pool-2-16x12.jpg 16w\" sizes=\"(max-width: 855px) 100vw, 855px\" \/>\t\t\t\t\t\t\t\t\t\t\t\t\t\t\t<\/div>\n\t\t\t\t<\/div>\n\t\t\t\t\t<\/div>\n\t\t<\/div>\n\t\t\t\t\t<\/div>\n\t\t<\/section>\n\t\t\t\t<\/div>","protected":false},"excerpt":{"rendered":"<p>ABOUT RULES &amp; REGULATIONS FEES SANDUSKY AQUATIC CENTER NOTE: In the event of a weather-related school closure for Sandusky City Schools, the Sandusky Aquatic Center will also be closed. The Sandusky Aquatic Center, located at Sandusky High School, aims to foster community well-being, promote active lifestyles, and provide a welcoming environment for all ages to [&hellip;]<\/p>\n","protected":false},"author":1,"featured_media":0,"parent":0,"menu_order":0,"comment_status":"closed","ping_status":"closed","template":"","meta":{"footnotes":"","_links_to":"","_links_to_target":""},"class_list":["post-22733","page","type-page","status-publish","hentry"],"_links":{"self":[{"href":"https:\/\/eriecohealthohio.com\/es\/wp-json\/wp\/v2\/pages\/22733","targetHints":{"allow":["GET"]}}],"collection":[{"href":"https:\/\/eriecohealthohio.com\/es\/wp-json\/wp\/v2\/pages"}],"about":[{"href":"https:\/\/eriecohealthohio.com\/es\/wp-json\/wp\/v2\/types\/page"}],"author":[{"embeddable":true,"href":"https:\/\/eriecohealthohio.com\/es\/wp-json\/wp\/v2\/users\/1"}],"replies":[{"embeddable":true,"href":"https:\/\/eriecohealthohio.com\/es\/wp-json\/wp\/v2\/comments?post=22733"}],"version-history":[{"count":0,"href":"https:\/\/eriecohealthohio.com\/es\/wp-json\/wp\/v2\/pages\/22733\/revisions"}],"wp:attachment":[{"href":"https:\/\/eriecohealthohio.com\/es\/wp-json\/wp\/v2\/media?parent=22733"}],"curies":[{"name":"wp","href":"https:\/\/api.w.org\/{rel}","templated":true}]}}