{"id":2198,"date":"2022-07-11T16:50:08","date_gmt":"2022-07-11T16:50:08","guid":{"rendered":"https:\/\/eriecohealthohio.com\/?page_id=2198"},"modified":"2024-08-13T14:45:55","modified_gmt":"2024-08-13T18:45:55","slug":"depresion-materna","status":"publish","type":"page","link":"https:\/\/eriecohealthohio.com\/es\/maternal-child-health\/healthy-moms\/maternal-depression\/","title":{"rendered":"DEPRESI\u00d3N MATERNA"},"content":{"rendered":"<div data-elementor-type=\"wp-page\" data-elementor-id=\"2198\" class=\"elementor elementor-2198\" data-elementor-post-type=\"page\">\n\t\t\t\t\t\t<section data-particle_enable=\"false\" data-particle-mobile-disabled=\"false\" class=\"elementor-section elementor-top-section elementor-element elementor-element-5d8a52 elementor-section-boxed elementor-section-height-default elementor-section-height-default\" data-id=\"5d8a52\" data-element_type=\"section\" data-e-type=\"section\">\n\t\t\t\t\t\t<div class=\"elementor-container elementor-column-gap-default\">\n\t\t\t\t\t<div class=\"elementor-column elementor-col-100 elementor-top-column elementor-element elementor-element-368c74a8\" data-id=\"368c74a8\" data-element_type=\"column\" data-e-type=\"column\">\n\t\t\t<div class=\"elementor-widget-wrap elementor-element-populated\">\n\t\t\t\t\t\t<div class=\"elementor-element elementor-element-171d768d elementor-widget elementor-widget-image\" data-id=\"171d768d\" data-element_type=\"widget\" data-e-type=\"widget\" data-widget_type=\"image.default\">\n\t\t\t\t<div class=\"elementor-widget-container\">\n\t\t\t\t\t\t\t\t\t\t\t\t\t\t\t\t<a href=\"https:\/\/eriecohealthohio.com\/es\/salud-maternoinfantil\/\">\n\t\t\t\t\t\t\t<img fetchpriority=\"high\" decoding=\"async\" width=\"1600\" height=\"600\" src=\"https:\/\/eriecohealthohio.com\/wp-content\/uploads\/2023\/09\/Maternal-Child-Health-Spanish.png\" class=\"attachment-full size-full wp-image-3207\" alt=\"Salud maternoinfantil Banner\" srcset=\"https:\/\/eriecohealthohio.com\/wp-content\/uploads\/2023\/09\/Maternal-Child-Health-Spanish.png 1600w, https:\/\/eriecohealthohio.com\/wp-content\/uploads\/2023\/09\/Maternal-Child-Health-Spanish-300x113.png 300w, https:\/\/eriecohealthohio.com\/wp-content\/uploads\/2023\/09\/Maternal-Child-Health-Spanish-1024x384.png 1024w, https:\/\/eriecohealthohio.com\/wp-content\/uploads\/2023\/09\/Maternal-Child-Health-Spanish-768x288.png 768w, https:\/\/eriecohealthohio.com\/wp-content\/uploads\/2023\/09\/Maternal-Child-Health-Spanish-1536x576.png 1536w, https:\/\/eriecohealthohio.com\/wp-content\/uploads\/2023\/09\/Maternal-Child-Health-Spanish-18x7.png 18w\" sizes=\"(max-width: 1600px) 100vw, 1600px\" \/>\t\t\t\t\t\t\t\t<\/a>\n\t\t\t\t\t\t\t\t\t\t\t\t\t\t\t<\/div>\n\t\t\t\t<\/div>\n\t\t\t\t<div class=\"elementor-element elementor-element-55c3e8f eael-simple-menu-hamburger-align-center elementor-widget__width-initial eael-hamburger--tablet elementor-widget elementor-widget-eael-simple-menu\" data-id=\"55c3e8f\" data-element_type=\"widget\" data-e-type=\"widget\" data-no-translation=\"\" data-widget_type=\"eael-simple-menu.default\">\n\t\t\t\t<div class=\"elementor-widget-container\">\n\t\t\t\t\t<style>.elementor-element-55c3e8f{display:none !important}<\/style>\t\t\t\t<\/div>\n\t\t\t\t<\/div>\n\t\t\t\t\t<\/div>\n\t\t<\/div>\n\t\t\t\t\t<\/div>\n\t\t<\/section>\n\t\t\t\t<section data-particle_enable=\"false\" data-particle-mobile-disabled=\"false\" class=\"elementor-section elementor-top-section elementor-element elementor-element-58f2ecbb elementor-section-boxed elementor-section-height-default elementor-section-height-default\" data-id=\"58f2ecbb\" data-element_type=\"section\" data-e-type=\"section\">\n\t\t\t\t\t\t<div class=\"elementor-container elementor-column-gap-default\">\n\t\t\t\t\t<div class=\"elementor-column elementor-col-33 elementor-top-column elementor-element elementor-element-1778de6\" data-id=\"1778de6\" data-element_type=\"column\" data-e-type=\"column\">\n\t\t\t<div class=\"elementor-widget-wrap elementor-element-populated\">\n\t\t\t\t\t\t<div class=\"elementor-element elementor-element-c59efed elementor-align-center elementor-widget elementor-widget-button\" data-id=\"c59efed\" data-element_type=\"widget\" data-e-type=\"widget\" data-widget_type=\"button.default\">\n\t\t\t\t<div class=\"elementor-widget-container\">\n\t\t\t\t\t\t\t\t\t<div class=\"elementor-button-wrapper\">\n\t\t\t\t\t<a class=\"elementor-button elementor-button-link elementor-size-lg\" href=\"https:\/\/eriecohealthohio.com\/es\/salud-maternoinfantil\/mamas-sanas\/\">\n\t\t\t\t\t\t<span class=\"elementor-button-content-wrapper\">\n\t\t\t\t\t\t\t\t\t<span class=\"elementor-button-text\">MAM\u00c1S SANAS<\/span>\n\t\t\t\t\t<\/span>\n\t\t\t\t\t<\/a>\n\t\t\t\t<\/div>\n\t\t\t\t\t\t\t\t<\/div>\n\t\t\t\t<\/div>\n\t\t\t\t\t<\/div>\n\t\t<\/div>\n\t\t\t\t<div class=\"elementor-column elementor-col-33 elementor-top-column elementor-element elementor-element-7871e96e\" data-id=\"7871e96e\" data-element_type=\"column\" data-e-type=\"column\">\n\t\t\t<div class=\"elementor-widget-wrap elementor-element-populated\">\n\t\t\t\t\t\t<div class=\"elementor-element elementor-element-35aba4fa elementor-align-center elementor-widget elementor-widget-button\" data-id=\"35aba4fa\" data-element_type=\"widget\" data-e-type=\"widget\" data-widget_type=\"button.default\">\n\t\t\t\t<div class=\"elementor-widget-container\">\n\t\t\t\t\t\t\t\t\t<div class=\"elementor-button-wrapper\">\n\t\t\t\t\t<a class=\"elementor-button elementor-button-link elementor-size-lg\" href=\"https:\/\/eriecohealthohio.com\/es\/salud-maternoinfantil\/bebes-sanos\/\">\n\t\t\t\t\t\t<span class=\"elementor-button-content-wrapper\">\n\t\t\t\t\t\t\t\t\t<span class=\"elementor-button-text\">BEB\u00c9S SANOS<\/span>\n\t\t\t\t\t<\/span>\n\t\t\t\t\t<\/a>\n\t\t\t\t<\/div>\n\t\t\t\t\t\t\t\t<\/div>\n\t\t\t\t<\/div>\n\t\t\t\t\t<\/div>\n\t\t<\/div>\n\t\t\t\t<div class=\"elementor-column elementor-col-33 elementor-top-column elementor-element elementor-element-36164dda\" data-id=\"36164dda\" data-element_type=\"column\" data-e-type=\"column\">\n\t\t\t<div class=\"elementor-widget-wrap elementor-element-populated\">\n\t\t\t\t\t\t<div class=\"elementor-element elementor-element-8bcdbf9 elementor-align-center elementor-widget elementor-widget-button\" data-id=\"8bcdbf9\" data-element_type=\"widget\" data-e-type=\"widget\" data-widget_type=\"button.default\">\n\t\t\t\t<div class=\"elementor-widget-container\">\n\t\t\t\t\t\t\t\t\t<div class=\"elementor-button-wrapper\">\n\t\t\t\t\t<a class=\"elementor-button elementor-button-link elementor-size-lg\" href=\"https:\/\/eriecohealthohio.com\/es\/salud-maternoinfantil\/salud-maternoinfantil-contacto\/\">\n\t\t\t\t\t\t<span class=\"elementor-button-content-wrapper\">\n\t\t\t\t\t\t\t\t\t<span class=\"elementor-button-text\">CONTACTO<\/span>\n\t\t\t\t\t<\/span>\n\t\t\t\t\t<\/a>\n\t\t\t\t<\/div>\n\t\t\t\t\t\t\t\t<\/div>\n\t\t\t\t<\/div>\n\t\t\t\t\t<\/div>\n\t\t<\/div>\n\t\t\t\t\t<\/div>\n\t\t<\/section>\n\t\t\t\t<section data-particle_enable=\"false\" data-particle-mobile-disabled=\"false\" class=\"elementor-section elementor-top-section elementor-element elementor-element-82d8bdf elementor-section-boxed elementor-section-height-default elementor-section-height-default\" data-id=\"82d8bdf\" data-element_type=\"section\" data-e-type=\"section\">\n\t\t\t\t\t\t<div class=\"elementor-container elementor-column-gap-default\">\n\t\t\t\t\t<div class=\"elementor-column elementor-col-100 elementor-top-column elementor-element elementor-element-ef40876\" data-id=\"ef40876\" data-element_type=\"column\" data-e-type=\"column\">\n\t\t\t<div class=\"elementor-widget-wrap elementor-element-populated\">\n\t\t\t\t\t\t<div class=\"elementor-element elementor-element-85c8c9c elementor-widget elementor-widget-text-editor\" data-id=\"85c8c9c\" data-element_type=\"widget\" data-e-type=\"widget\" data-widget_type=\"text-editor.default\">\n\t\t\t\t<div class=\"elementor-widget-container\">\n\t\t\t\t\t\t\t\t\t<h4>SALUD MATERNOINFANTIL - DEPRESI\u00d3N MATERNA<\/h4><p><strong><img decoding=\"async\" class=\"alignright wp-image-3639 size-medium\" src=\"https:\/\/eriecohealthohio.com\/wp-content\/uploads\/2022\/07\/Maternal-Depression-2-300x300.jpg\" alt=\"Depresi\u00f3n materna 2\" width=\"300\" height=\"300\" srcset=\"https:\/\/eriecohealthohio.com\/wp-content\/uploads\/2022\/07\/Maternal-Depression-2-300x300.jpg 300w, https:\/\/eriecohealthohio.com\/wp-content\/uploads\/2022\/07\/Maternal-Depression-2-150x150.jpg 150w, https:\/\/eriecohealthohio.com\/wp-content\/uploads\/2022\/07\/Maternal-Depression-2.jpg 500w\" sizes=\"(max-width: 300px) 100vw, 300px\" \/><\/strong>Las comunidades prosperan cuando las familias viven felices y sanas, y eso suele empezar en casa con mam\u00e1 y pap\u00e1.<\/p><p>La depresi\u00f3n materna dura m\u00e1s que la \"tristeza posparto\". Si sus s\u00edntomas han durado m\u00e1s de 2 \u00f3 3 semanas, debe someterse a una prueba de detecci\u00f3n de la depresi\u00f3n materna (trastornos perinatales del estado de \u00e1nimo y de ansiedad).<\/p><ul><li><strong>\u00a1NO EST\u00c1S SOLO!<br \/><\/strong>La depresi\u00f3n materna afecta al 20% de las madres del condado de Erie, lo que la convierte en la complicaci\u00f3n m\u00e1s frecuente del parto.<\/li><li><strong>CON AYUDA, LO SER\u00c1S.<br \/><\/strong>La depresi\u00f3n materna\/los trastornos del estado de \u00e1nimo y de ansiedad perinatales son tratables.<br \/><a href=\"https:\/\/www.youtube.com\/watch?v=gmQQM4wVkKc&amp;list=PLDGVvwdWYpQink0fFfVMABhWbA6k1R9lc&amp;index=6\" target=\"_blank\" rel=\"noopener\">Vea este \u00fatil v\u00eddeo.<\/a><\/li><li><strong>PROT\u00c9GETE<br \/><\/strong>Conocer los riesgos y los s\u00edntomas puede ayudarle a protegerse y es una parte vital del proceso de curaci\u00f3n.<\/li><\/ul><h5>FACTORES DE RIESGO DE LA DEPRESI\u00d3N MATERNA<\/h5><ul><li>Edad (madres j\u00f3venes y mayores)<\/li><li>Complicaciones del parto<\/li><li>Antecedentes personales o familiares de depresi\u00f3n<\/li><li>Vivir en zonas urbanas<\/li><li>Renta baja<\/li><li>Aislamiento \/ Falta de apoyo social (COVID-19 aumentado)<\/li><li>Estr\u00e9s<\/li><li>Nivel de estudios<\/li><li>Estado civil<\/li><li>Violencia interpersonal<\/li><\/ul><h5>S\u00cdNTOMAS DE DEPRESI\u00d3N MATERNA<\/h5><ul><li>Cambios de humor<\/li><li>Ansiedad<\/li><li>Sentimientos de desesperanza<\/li><li>Fatiga y p\u00e9rdida de energ\u00eda<\/li><li>Inquietud<\/li><li>Dificultad de concentraci\u00f3n<\/li><li>Pensamientos de hacerse da\u00f1o a s\u00ed mismo o a sus hijos<\/li><\/ul>\t\t\t\t\t\t\t\t<\/div>\n\t\t\t\t<\/div>\n\t\t\t\t\t<\/div>\n\t\t<\/div>\n\t\t\t\t\t<\/div>\n\t\t<\/section>\n\t\t\t\t<\/div>","protected":false},"excerpt":{"rendered":"<p>HEALTHY MOMS HEALTHY BABIES DATA CONTACT Humberger Toggle Menu HEALTHY MOMS HEALTHY BABIES CONTACT MATERNAL &amp; CHILD HEALTH &#8211; MATERNAL DEPRESSION Communities thrive when families are living happy, healthy lives, and that often starts at home with mom and dad. Maternal depression lasts longer than \u201cbaby blues.\u201d If your symptoms have lasted longer than 2-3 [&hellip;]<\/p>\n","protected":false},"author":1,"featured_media":0,"parent":1976,"menu_order":0,"comment_status":"closed","ping_status":"closed","template":"","meta":{"footnotes":"","_links_to":"","_links_to_target":""},"class_list":["post-2198","page","type-page","status-publish","hentry"],"_links":{"self":[{"href":"https:\/\/eriecohealthohio.com\/es\/wp-json\/wp\/v2\/pages\/2198","targetHints":{"allow":["GET"]}}],"collection":[{"href":"https:\/\/eriecohealthohio.com\/es\/wp-json\/wp\/v2\/pages"}],"about":[{"href":"https:\/\/eriecohealthohio.com\/es\/wp-json\/wp\/v2\/types\/page"}],"author":[{"embeddable":true,"href":"https:\/\/eriecohealthohio.com\/es\/wp-json\/wp\/v2\/users\/1"}],"replies":[{"embeddable":true,"href":"https:\/\/eriecohealthohio.com\/es\/wp-json\/wp\/v2\/comments?post=2198"}],"version-history":[{"count":0,"href":"https:\/\/eriecohealthohio.com\/es\/wp-json\/wp\/v2\/pages\/2198\/revisions"}],"up":[{"embeddable":true,"href":"https:\/\/eriecohealthohio.com\/es\/wp-json\/wp\/v2\/pages\/1976"}],"wp:attachment":[{"href":"https:\/\/eriecohealthohio.com\/es\/wp-json\/wp\/v2\/media?parent=2198"}],"curies":[{"name":"wp","href":"https:\/\/api.w.org\/{rel}","templated":true}]}}