{"id":2196,"date":"2022-07-11T16:46:24","date_gmt":"2022-07-11T16:46:24","guid":{"rendered":"https:\/\/eriecohealthohio.com\/?page_id=2196"},"modified":"2024-12-17T14:54:28","modified_gmt":"2024-12-17T18:54:28","slug":"el-bebe-y-yo-sin-tabaco","status":"publish","type":"page","link":"https:\/\/eriecohealthohio.com\/es\/maternal-child-health\/healthy-moms\/baby-and-me-tobacco-free\/","title":{"rendered":"EL BEB\u00c9 Y YO SIN TABACO"},"content":{"rendered":"<div data-elementor-type=\"wp-page\" data-elementor-id=\"2196\" class=\"elementor elementor-2196\" data-elementor-post-type=\"page\">\n\t\t\t\t\t\t<section data-particle_enable=\"false\" data-particle-mobile-disabled=\"false\" class=\"elementor-section elementor-top-section elementor-element elementor-element-62d61154 elementor-section-boxed elementor-section-height-default elementor-section-height-default\" data-id=\"62d61154\" data-element_type=\"section\" data-e-type=\"section\">\n\t\t\t\t\t\t<div class=\"elementor-container elementor-column-gap-default\">\n\t\t\t\t\t<div class=\"elementor-column elementor-col-100 elementor-top-column elementor-element elementor-element-1a338550\" data-id=\"1a338550\" data-element_type=\"column\" data-e-type=\"column\">\n\t\t\t<div class=\"elementor-widget-wrap elementor-element-populated\">\n\t\t\t\t\t\t<div class=\"elementor-element elementor-element-36ece614 elementor-widget elementor-widget-image\" data-id=\"36ece614\" data-element_type=\"widget\" data-e-type=\"widget\" data-widget_type=\"image.default\">\n\t\t\t\t<div class=\"elementor-widget-container\">\n\t\t\t\t\t\t\t\t\t\t\t\t\t\t\t\t<a href=\"https:\/\/eriecohealthohio.com\/es\/tabaco\/\">\n\t\t\t\t\t\t\t<img fetchpriority=\"high\" decoding=\"async\" width=\"1600\" height=\"600\" src=\"https:\/\/eriecohealthohio.com\/wp-content\/uploads\/2023\/09\/Tobacco-Spanish.png\" class=\"attachment-full size-full wp-image-4485\" alt=\"Cabecera Libre de Tabaco\" srcset=\"https:\/\/eriecohealthohio.com\/wp-content\/uploads\/2023\/09\/Tobacco-Spanish.png 1600w, https:\/\/eriecohealthohio.com\/wp-content\/uploads\/2023\/09\/Tobacco-Spanish-300x113.png 300w, https:\/\/eriecohealthohio.com\/wp-content\/uploads\/2023\/09\/Tobacco-Spanish-1024x384.png 1024w, https:\/\/eriecohealthohio.com\/wp-content\/uploads\/2023\/09\/Tobacco-Spanish-768x288.png 768w, https:\/\/eriecohealthohio.com\/wp-content\/uploads\/2023\/09\/Tobacco-Spanish-1536x576.png 1536w, https:\/\/eriecohealthohio.com\/wp-content\/uploads\/2023\/09\/Tobacco-Spanish-18x7.png 18w\" sizes=\"(max-width: 1600px) 100vw, 1600px\" \/>\t\t\t\t\t\t\t\t<\/a>\n\t\t\t\t\t\t\t\t\t\t\t\t\t\t\t<\/div>\n\t\t\t\t<\/div>\n\t\t\t\t\t<\/div>\n\t\t<\/div>\n\t\t\t\t\t<\/div>\n\t\t<\/section>\n\t\t\t\t<section data-particle_enable=\"false\" data-particle-mobile-disabled=\"false\" class=\"elementor-section elementor-top-section elementor-element elementor-element-81a20aa elementor-section-boxed elementor-section-height-default elementor-section-height-default\" data-id=\"81a20aa\" data-element_type=\"section\" data-e-type=\"section\">\n\t\t\t\t\t\t<div class=\"elementor-container elementor-column-gap-default\">\n\t\t\t\t\t<div class=\"elementor-column elementor-col-33 elementor-top-column elementor-element elementor-element-c99eb4d\" data-id=\"c99eb4d\" data-element_type=\"column\" data-e-type=\"column\">\n\t\t\t<div class=\"elementor-widget-wrap elementor-element-populated\">\n\t\t\t\t\t\t<div class=\"elementor-element elementor-element-b57bc1f elementor-align-center elementor-widget elementor-widget-button\" data-id=\"b57bc1f\" data-element_type=\"widget\" data-e-type=\"widget\" data-widget_type=\"button.default\">\n\t\t\t\t<div class=\"elementor-widget-container\">\n\t\t\t\t\t\t\t\t\t<div class=\"elementor-button-wrapper\">\n\t\t\t\t\t<a class=\"elementor-button elementor-button-link elementor-size-lg\" href=\"https:\/\/eriecohealthohio.com\/es\/salud-maternoinfantil\/mamas-sanas\/el-bebe-y-yo-sin-tabaco\/\">\n\t\t\t\t\t\t<span class=\"elementor-button-content-wrapper\">\n\t\t\t\t\t\t\t\t\t<span class=\"elementor-button-text\">BEB\u00c9 Y YO<br \/>SIN TABACO<\/span>\n\t\t\t\t\t<\/span>\n\t\t\t\t\t<\/a>\n\t\t\t\t<\/div>\n\t\t\t\t\t\t\t\t<\/div>\n\t\t\t\t<\/div>\n\t\t\t\t\t<\/div>\n\t\t<\/div>\n\t\t\t\t<div class=\"elementor-column elementor-col-33 elementor-top-column elementor-element elementor-element-d6a7c75\" data-id=\"d6a7c75\" data-element_type=\"column\" data-e-type=\"column\">\n\t\t\t<div class=\"elementor-widget-wrap elementor-element-populated\">\n\t\t\t\t\t\t<div class=\"elementor-element elementor-element-df07c57 elementor-align-center elementor-widget elementor-widget-button\" data-id=\"df07c57\" data-element_type=\"widget\" data-e-type=\"widget\" data-widget_type=\"button.default\">\n\t\t\t\t<div class=\"elementor-widget-container\">\n\t\t\t\t\t\t\t\t\t<div class=\"elementor-button-wrapper\">\n\t\t\t\t\t<a class=\"elementor-button elementor-button-link elementor-size-lg\" href=\"https:\/\/eriecohealthohio.com\/es\/tabaco\/vaping-juventud\/\">\n\t\t\t\t\t\t<span class=\"elementor-button-content-wrapper\">\n\t\t\t\t\t\t\t\t\t<span class=\"elementor-button-text\">VAPING &amp; <br \/>JUVENTUD<\/span>\n\t\t\t\t\t<\/span>\n\t\t\t\t\t<\/a>\n\t\t\t\t<\/div>\n\t\t\t\t\t\t\t\t<\/div>\n\t\t\t\t<\/div>\n\t\t\t\t\t<\/div>\n\t\t<\/div>\n\t\t\t\t<div class=\"elementor-column elementor-col-33 elementor-top-column elementor-element elementor-element-71d032f\" data-id=\"71d032f\" data-element_type=\"column\" data-e-type=\"column\">\n\t\t\t<div class=\"elementor-widget-wrap elementor-element-populated\">\n\t\t\t\t\t\t<div class=\"elementor-element elementor-element-3bd09f2 elementor-align-center elementor-widget elementor-widget-button\" data-id=\"3bd09f2\" data-element_type=\"widget\" data-e-type=\"widget\" data-widget_type=\"button.default\">\n\t\t\t\t<div class=\"elementor-widget-container\">\n\t\t\t\t\t\t\t\t\t<div class=\"elementor-button-wrapper\">\n\t\t\t\t\t<a class=\"elementor-button elementor-button-link elementor-size-lg\" href=\"https:\/\/eriecohealthohio.com\/es\/tabaco\/humo-ajeno\/\">\n\t\t\t\t\t\t<span class=\"elementor-button-content-wrapper\">\n\t\t\t\t\t\t\t\t\t<span class=\"elementor-button-text\">SEGUNDA MANO<br \/>HUMO<\/span>\n\t\t\t\t\t<\/span>\n\t\t\t\t\t<\/a>\n\t\t\t\t<\/div>\n\t\t\t\t\t\t\t\t<\/div>\n\t\t\t\t<\/div>\n\t\t\t\t\t<\/div>\n\t\t<\/div>\n\t\t\t\t\t<\/div>\n\t\t<\/section>\n\t\t\t\t<section data-particle_enable=\"false\" data-particle-mobile-disabled=\"false\" class=\"elementor-section elementor-top-section elementor-element elementor-element-c6c2773 elementor-section-boxed elementor-section-height-default elementor-section-height-default\" data-id=\"c6c2773\" data-element_type=\"section\" data-e-type=\"section\">\n\t\t\t\t\t\t<div class=\"elementor-container elementor-column-gap-default\">\n\t\t\t\t\t<div class=\"elementor-column elementor-col-100 elementor-top-column elementor-element elementor-element-80b2d7d\" data-id=\"80b2d7d\" data-element_type=\"column\" data-e-type=\"column\">\n\t\t\t<div class=\"elementor-widget-wrap elementor-element-populated\">\n\t\t\t\t\t\t<div class=\"elementor-element elementor-element-830940f elementor-widget elementor-widget-text-editor\" data-id=\"830940f\" data-element_type=\"widget\" data-e-type=\"widget\" data-widget_type=\"text-editor.default\">\n\t\t\t\t<div class=\"elementor-widget-container\">\n\t\t\t\t\t\t\t\t\t<h4>SALUD MATERNOINFANTIL - BABY AND ME SIN TABACO<\/h4><h5><img decoding=\"async\" class=\"wp-image-3608 size-medium alignright\" src=\"https:\/\/eriecohealthohio.com\/wp-content\/uploads\/2022\/07\/Tobacco-Free-Photo-300x300.jpg\" alt=\"Foto sin tabaco\" width=\"300\" height=\"300\" srcset=\"https:\/\/eriecohealthohio.com\/wp-content\/uploads\/2022\/07\/Tobacco-Free-Photo-300x300.jpg 300w, https:\/\/eriecohealthohio.com\/wp-content\/uploads\/2022\/07\/Tobacco-Free-Photo-150x150.jpg 150w, https:\/\/eriecohealthohio.com\/wp-content\/uploads\/2022\/07\/Tobacco-Free-Photo.jpg 500w\" sizes=\"(max-width: 300px) 100vw, 300px\" \/>\u00bfEMBARAZADA Y FUMADORA? \u00bfQUIERES DEJARLO?<\/h5><p>Concierte hoy mismo una cita con un especialista en tratamiento del tabaquismo.<\/p><p>Dejar de fumar es lo mejor para la salud de la madre y el beb\u00e9. Inscr\u00edbete en el programa Baby &amp; Me Tobacco Free y participa en 4 sesiones prenatales para \"dejar de fumar\".\u00a0<\/p><p>Las participantes intentar\u00e1n dejar de fumar y mantenerse sin fumar durante el embarazo. Tambi\u00e9n aceptar\u00e1n someterse mensualmente a una prueba de alcoholemia para demostrar que no fuman.\u00a0<\/p><p>Las madres que sigan sin fumar despu\u00e9s del nacimiento del beb\u00e9 pueden recibir un vale mensual para pa\u00f1ales gratis durante un m\u00e1ximo de 12 meses.<\/p><h5>CONTACTO<\/h5><p>Si desea m\u00e1s informaci\u00f3n sobre el programa Beb\u00e9 y yo sin tabaco, p\u00f3ngase en contacto con<\/p><p><strong>Shelly Burdue<\/strong><br \/><strong>Enfermera titulada<\/strong><br \/><strong>Departamento de Salud del Condado de Erie<\/strong><br \/><strong>(419) 626-5623 ext. 5135<\/strong><br \/><strong><a href=\"mailto:SBurdue@echdohio.org\">SBurdue@echdohio.org<\/a><\/strong><\/p>\t\t\t\t\t\t\t\t<\/div>\n\t\t\t\t<\/div>\n\t\t\t\t\t<\/div>\n\t\t<\/div>\n\t\t\t\t\t<\/div>\n\t\t<\/section>\n\t\t\t\t<\/div>","protected":false},"excerpt":{"rendered":"<p>BABY &#038; METOBACCO FREE VAPING &#038; YOUTH SECONDHANDSMOKE MATERNAL &amp; CHILD HEALTH\u00a0 &#8211; BABY AND ME TOBACCO FREE PREGNANT AND SMOKING? WANT TO QUIT? Schedule an appointment with a Tobacco Treatment Specialist today. Quitting smoking is the best thing for the health of mother and baby. Enroll in the Baby &amp; Me Tobacco Free program [&hellip;]<\/p>\n","protected":false},"author":1,"featured_media":0,"parent":1976,"menu_order":0,"comment_status":"closed","ping_status":"closed","template":"","meta":{"footnotes":"","_links_to":"","_links_to_target":""},"class_list":["post-2196","page","type-page","status-publish","hentry"],"_links":{"self":[{"href":"https:\/\/eriecohealthohio.com\/es\/wp-json\/wp\/v2\/pages\/2196","targetHints":{"allow":["GET"]}}],"collection":[{"href":"https:\/\/eriecohealthohio.com\/es\/wp-json\/wp\/v2\/pages"}],"about":[{"href":"https:\/\/eriecohealthohio.com\/es\/wp-json\/wp\/v2\/types\/page"}],"author":[{"embeddable":true,"href":"https:\/\/eriecohealthohio.com\/es\/wp-json\/wp\/v2\/users\/1"}],"replies":[{"embeddable":true,"href":"https:\/\/eriecohealthohio.com\/es\/wp-json\/wp\/v2\/comments?post=2196"}],"version-history":[{"count":0,"href":"https:\/\/eriecohealthohio.com\/es\/wp-json\/wp\/v2\/pages\/2196\/revisions"}],"up":[{"embeddable":true,"href":"https:\/\/eriecohealthohio.com\/es\/wp-json\/wp\/v2\/pages\/1976"}],"wp:attachment":[{"href":"https:\/\/eriecohealthohio.com\/es\/wp-json\/wp\/v2\/media?parent=2196"}],"curies":[{"name":"wp","href":"https:\/\/api.w.org\/{rel}","templated":true}]}}