{"id":18072,"date":"2024-07-18T09:25:01","date_gmt":"2024-07-18T13:25:01","guid":{"rendered":"https:\/\/eriecohealthohio.com\/?page_id=18072"},"modified":"2025-11-10T14:52:03","modified_gmt":"2025-11-10T18:52:03","slug":"preguntas-frecuentes","status":"publish","type":"page","link":"https:\/\/eriecohealthohio.com\/es\/kaptur-recovery\/faqs\/","title":{"rendered":"PREGUNTAS FRECUENTES"},"content":{"rendered":"<div data-elementor-type=\"wp-page\" data-elementor-id=\"18072\" class=\"elementor elementor-18072\" data-elementor-post-type=\"page\">\n\t\t\t\t\t\t<section data-particle_enable=\"false\" data-particle-mobile-disabled=\"false\" class=\"elementor-section elementor-top-section elementor-element elementor-element-484ded0 elementor-section-boxed elementor-section-height-default elementor-section-height-default\" data-id=\"484ded0\" data-element_type=\"section\" data-e-type=\"section\">\n\t\t\t\t\t\t<div class=\"elementor-container elementor-column-gap-default\">\n\t\t\t\t\t<div class=\"elementor-column elementor-col-100 elementor-top-column elementor-element elementor-element-0c3689f\" data-id=\"0c3689f\" data-element_type=\"column\" data-e-type=\"column\">\n\t\t\t<div class=\"elementor-widget-wrap elementor-element-populated\">\n\t\t\t\t\t\t<div class=\"elementor-element elementor-element-e2c47bf elementor-widget elementor-widget-image\" data-id=\"e2c47bf\" data-element_type=\"widget\" data-e-type=\"widget\" data-widget_type=\"image.default\">\n\t\t\t\t<div class=\"elementor-widget-container\">\n\t\t\t\t\t\t\t\t\t\t\t\t\t\t\t\t<a href=\"https:\/\/eriecohealthohio.com\/es\/recuperacion-de-kaptur\/\">\n\t\t\t\t\t\t\t<img fetchpriority=\"high\" decoding=\"async\" width=\"1600\" height=\"600\" src=\"https:\/\/eriecohealthohio.com\/wp-content\/uploads\/2025\/11\/Kaptur-Recovery-Banner.png\" class=\"attachment-full size-full wp-image-24088\" alt=\"Banner de recuperaci\u00f3n de Kaptur\" srcset=\"https:\/\/eriecohealthohio.com\/wp-content\/uploads\/2025\/11\/Kaptur-Recovery-Banner.png 1600w, https:\/\/eriecohealthohio.com\/wp-content\/uploads\/2025\/11\/Kaptur-Recovery-Banner-300x113.png 300w, https:\/\/eriecohealthohio.com\/wp-content\/uploads\/2025\/11\/Kaptur-Recovery-Banner-1024x384.png 1024w, https:\/\/eriecohealthohio.com\/wp-content\/uploads\/2025\/11\/Kaptur-Recovery-Banner-768x288.png 768w, https:\/\/eriecohealthohio.com\/wp-content\/uploads\/2025\/11\/Kaptur-Recovery-Banner-1536x576.png 1536w, https:\/\/eriecohealthohio.com\/wp-content\/uploads\/2025\/11\/Kaptur-Recovery-Banner-18x7.png 18w\" sizes=\"(max-width: 1600px) 100vw, 1600px\" \/>\t\t\t\t\t\t\t\t<\/a>\n\t\t\t\t\t\t\t\t\t\t\t\t\t\t\t<\/div>\n\t\t\t\t<\/div>\n\t\t\t\t\t<\/div>\n\t\t<\/div>\n\t\t\t\t\t<\/div>\n\t\t<\/section>\n\t\t\t\t<section data-particle_enable=\"false\" data-particle-mobile-disabled=\"false\" class=\"elementor-section elementor-top-section elementor-element elementor-element-3fc6b68 elementor-section-boxed elementor-section-height-default elementor-section-height-default\" data-id=\"3fc6b68\" data-element_type=\"section\" data-e-type=\"section\">\n\t\t\t\t\t\t<div class=\"elementor-container elementor-column-gap-default\">\n\t\t\t\t\t<div class=\"elementor-column elementor-col-100 elementor-top-column elementor-element elementor-element-8ac51f9\" data-id=\"8ac51f9\" data-element_type=\"column\" data-e-type=\"column\">\n\t\t\t<div class=\"elementor-widget-wrap elementor-element-populated\">\n\t\t\t\t\t\t<div class=\"elementor-element elementor-element-b697690 elementor-widget elementor-widget-image\" data-id=\"b697690\" data-element_type=\"widget\" data-e-type=\"widget\" data-no-translation=\"\" data-widget_type=\"image.default\">\n\t\t\t\t<div class=\"elementor-widget-container\">\n\t\t\t\t\t<style>.elementor-element-b697690{display:none !important}<\/style>\t\t\t\t<\/div>\n\t\t\t\t<\/div>\n\t\t\t\t\t<\/div>\n\t\t<\/div>\n\t\t\t\t\t<\/div>\n\t\t<\/section>\n\t\t\t\t<section data-particle_enable=\"false\" data-particle-mobile-disabled=\"false\" class=\"elementor-section elementor-top-section elementor-element elementor-element-0cf1224 elementor-section-boxed elementor-section-height-default elementor-section-height-default\" data-id=\"0cf1224\" data-element_type=\"section\" data-e-type=\"section\">\n\t\t\t\t\t\t<div class=\"elementor-container elementor-column-gap-default\">\n\t\t\t\t\t<div class=\"elementor-column elementor-col-20 elementor-top-column elementor-element elementor-element-3cfa600\" data-id=\"3cfa600\" data-element_type=\"column\" data-e-type=\"column\">\n\t\t\t<div class=\"elementor-widget-wrap elementor-element-populated\">\n\t\t\t\t\t\t<div class=\"elementor-element elementor-element-ba60151 elementor-align-center elementor-widget elementor-widget-button\" data-id=\"ba60151\" data-element_type=\"widget\" data-e-type=\"widget\" data-widget_type=\"button.default\">\n\t\t\t\t<div class=\"elementor-widget-container\">\n\t\t\t\t\t\t\t\t\t<div class=\"elementor-button-wrapper\">\n\t\t\t\t\t<a class=\"elementor-button elementor-button-link elementor-size-lg\" href=\"https:\/\/eriecohealthohio.com\/es\/recuperacion-de-kaptur\/admisiones\/\">\n\t\t\t\t\t\t<span class=\"elementor-button-content-wrapper\">\n\t\t\t\t\t\t\t\t\t<span class=\"elementor-button-text\">ADMISIONES<\/span>\n\t\t\t\t\t<\/span>\n\t\t\t\t\t<\/a>\n\t\t\t\t<\/div>\n\t\t\t\t\t\t\t\t<\/div>\n\t\t\t\t<\/div>\n\t\t\t\t\t<\/div>\n\t\t<\/div>\n\t\t\t\t<div class=\"elementor-column elementor-col-20 elementor-top-column elementor-element elementor-element-84231c0\" data-id=\"84231c0\" data-element_type=\"column\" data-e-type=\"column\">\n\t\t\t<div class=\"elementor-widget-wrap elementor-element-populated\">\n\t\t\t\t\t\t<div class=\"elementor-element elementor-element-465dd4f elementor-align-center elementor-widget elementor-widget-button\" data-id=\"465dd4f\" data-element_type=\"widget\" data-e-type=\"widget\" data-widget_type=\"button.default\">\n\t\t\t\t<div class=\"elementor-widget-container\">\n\t\t\t\t\t\t\t\t\t<div class=\"elementor-button-wrapper\">\n\t\t\t\t\t<a class=\"elementor-button elementor-button-link elementor-size-lg\" href=\"https:\/\/eriecohealthohio.com\/es\/recuperacion-de-kaptur\/servicios\/\">\n\t\t\t\t\t\t<span class=\"elementor-button-content-wrapper\">\n\t\t\t\t\t\t\t\t\t<span class=\"elementor-button-text\">SERVICIOS<\/span>\n\t\t\t\t\t<\/span>\n\t\t\t\t\t<\/a>\n\t\t\t\t<\/div>\n\t\t\t\t\t\t\t\t<\/div>\n\t\t\t\t<\/div>\n\t\t\t\t\t<\/div>\n\t\t<\/div>\n\t\t\t\t<div class=\"elementor-column elementor-col-20 elementor-top-column elementor-element elementor-element-5e3a0d3\" data-id=\"5e3a0d3\" data-element_type=\"column\" data-e-type=\"column\">\n\t\t\t<div class=\"elementor-widget-wrap elementor-element-populated\">\n\t\t\t\t\t\t<div class=\"elementor-element elementor-element-a69fc97 elementor-align-center elementor-widget elementor-widget-button\" data-id=\"a69fc97\" data-element_type=\"widget\" data-e-type=\"widget\" data-widget_type=\"button.default\">\n\t\t\t\t<div class=\"elementor-widget-container\">\n\t\t\t\t\t\t\t\t\t<div class=\"elementor-button-wrapper\">\n\t\t\t\t\t<a class=\"elementor-button elementor-button-link elementor-size-lg\" href=\"https:\/\/eriecohealthohio.com\/es\/recuperacion-de-kaptur\/seguro\/\">\n\t\t\t\t\t\t<span class=\"elementor-button-content-wrapper\">\n\t\t\t\t\t\t\t\t\t<span class=\"elementor-button-text\">SEGURO<\/span>\n\t\t\t\t\t<\/span>\n\t\t\t\t\t<\/a>\n\t\t\t\t<\/div>\n\t\t\t\t\t\t\t\t<\/div>\n\t\t\t\t<\/div>\n\t\t\t\t\t<\/div>\n\t\t<\/div>\n\t\t\t\t<div class=\"elementor-column elementor-col-20 elementor-top-column elementor-element elementor-element-893ab6e\" data-id=\"893ab6e\" data-element_type=\"column\" data-e-type=\"column\">\n\t\t\t<div class=\"elementor-widget-wrap elementor-element-populated\">\n\t\t\t\t\t\t<div class=\"elementor-element elementor-element-9615377 elementor-align-center elementor-widget elementor-widget-button\" data-id=\"9615377\" data-element_type=\"widget\" data-e-type=\"widget\" data-widget_type=\"button.default\">\n\t\t\t\t<div class=\"elementor-widget-container\">\n\t\t\t\t\t\t\t\t\t<div class=\"elementor-button-wrapper\">\n\t\t\t\t\t<a class=\"elementor-button elementor-button-link elementor-size-lg\" href=\"https:\/\/eriecohealthohio.com\/es\/recuperacion-de-kaptur\/preguntas-frecuentes\/\">\n\t\t\t\t\t\t<span class=\"elementor-button-content-wrapper\">\n\t\t\t\t\t\t\t\t\t<span class=\"elementor-button-text\">PREGUNTAS FRECUENTES<\/span>\n\t\t\t\t\t<\/span>\n\t\t\t\t\t<\/a>\n\t\t\t\t<\/div>\n\t\t\t\t\t\t\t\t<\/div>\n\t\t\t\t<\/div>\n\t\t\t\t\t<\/div>\n\t\t<\/div>\n\t\t\t\t<div class=\"elementor-column elementor-col-20 elementor-top-column elementor-element elementor-element-dabc718\" data-id=\"dabc718\" data-element_type=\"column\" data-e-type=\"column\">\n\t\t\t<div class=\"elementor-widget-wrap elementor-element-populated\">\n\t\t\t\t\t\t<div class=\"elementor-element elementor-element-0802a88 elementor-align-center elementor-widget elementor-widget-button\" data-id=\"0802a88\" data-element_type=\"widget\" data-e-type=\"widget\" data-widget_type=\"button.default\">\n\t\t\t\t<div class=\"elementor-widget-container\">\n\t\t\t\t\t\t\t\t\t<div class=\"elementor-button-wrapper\">\n\t\t\t\t\t<a class=\"elementor-button elementor-button-link elementor-size-lg\" href=\"https:\/\/eriecohealthohio.com\/es\/recuperacion-de-kaptur\/pongase-en-contacto-con\/\">\n\t\t\t\t\t\t<span class=\"elementor-button-content-wrapper\">\n\t\t\t\t\t\t\t\t\t<span class=\"elementor-button-text\">CONTACTO<\/span>\n\t\t\t\t\t<\/span>\n\t\t\t\t\t<\/a>\n\t\t\t\t<\/div>\n\t\t\t\t\t\t\t\t<\/div>\n\t\t\t\t<\/div>\n\t\t\t\t\t<\/div>\n\t\t<\/div>\n\t\t\t\t\t<\/div>\n\t\t<\/section>\n\t\t\t\t<section data-particle_enable=\"false\" data-particle-mobile-disabled=\"false\" class=\"elementor-section elementor-top-section elementor-element elementor-element-2547a4c4 elementor-section-boxed elementor-section-height-default elementor-section-height-default\" data-id=\"2547a4c4\" data-element_type=\"section\" data-e-type=\"section\">\n\t\t\t\t\t\t<div class=\"elementor-container elementor-column-gap-default\">\n\t\t\t\t\t<div class=\"elementor-column elementor-col-50 elementor-top-column elementor-element elementor-element-3a21875d\" data-id=\"3a21875d\" data-element_type=\"column\" data-e-type=\"column\">\n\t\t\t<div class=\"elementor-widget-wrap elementor-element-populated\">\n\t\t\t\t\t\t<div class=\"elementor-element elementor-element-39b1dcb7 elementor-widget elementor-widget-text-editor\" data-id=\"39b1dcb7\" data-element_type=\"widget\" data-e-type=\"widget\" data-widget_type=\"text-editor.default\">\n\t\t\t\t<div class=\"elementor-widget-container\">\n\t\t\t\t\t\t\t\t\t<h4>PREGUNTAS FRECUENTES SOBRE LA RECUPERACI\u00d3N DE KAPTUR<\/h4><p><strong>\u00bfPodr\u00e9 tener mi tel\u00e9fono m\u00f3vil en Recuperaci\u00f3n Kaptur?<\/strong><br \/>Los tel\u00e9fonos m\u00f3viles pueden ser una distracci\u00f3n y un desencadenante. Queremos que se concentre y participe en la gesti\u00f3n de su crisis. Por lo tanto, no permitimos tel\u00e9fonos m\u00f3viles. Guardaremos su tel\u00e9fono en su taquilla mientras est\u00e9 aqu\u00ed. Si necesita comunicarse con su familia, seres queridos, su empleador, etc., por favor h\u00e1ganoslo saber y una llamada telef\u00f3nica se puede arreglar a discreci\u00f3n de nuestro personal cl\u00ednico.<\/p><p><strong>\u00bfPodr\u00e9 recibir visitas?<\/strong><br \/>Por las mismas razones por las que no permitimos tel\u00e9fonos m\u00f3viles, tampoco permitimos visitas durante su estancia. El personal cl\u00ednico facilitar\u00e1 una reuni\u00f3n del equipo familiar como parte de su plan de cuidados\/planificaci\u00f3n del alta.<\/p><p><strong>\u00bfPuedo pedir que me traigan art\u00edculos?<\/strong><br \/>S\u00ed. Cualquier art\u00edculo que no est\u00e9 expresamente prohibido por la pol\u00edtica de la Casa Kaptur puede serle entregado durante su estancia.<\/p><p><strong>\u00bfEst\u00e1 permitido fumar en Recuperaci\u00f3n Kaptur?<\/strong><br \/>Se permite fumar en las zonas designadas al aire libre. Los cigarrillos deben traerse a las instalaciones en paquetes sin abrir.<\/p><p><strong>\u00bfQu\u00e9 debo llevar a Recuperaci\u00f3n Kaptur?\u00a0<\/strong><br \/>Haga clic aqu\u00ed para ver una lista de los art\u00edculos que debe y no debe llevar a las instalaciones del Departamento de Salud del Condado de Erie.<\/p><p><strong>\u00bfPuedo llevar mi medicaci\u00f3n recetada a Recuperaci\u00f3n Kaptur?<\/strong><br \/>Haga clic aqu\u00ed para consultar nuestra pol\u00edtica sobre medicamentos a domicilio.<\/p><p><strong>\u00bfTendr\u00e9 ayuda para conectarme a un tratamiento y\/o a una vivienda de recuperaci\u00f3n cuando me den el alta?<\/strong><br \/>Empezamos a planificar el alta con usted desde el principio de su estancia. Estaremos encantados de facilitarle una derivaci\u00f3n a un tratamiento o a una vivienda de recuperaci\u00f3n cuando le demos el alta. Para aquellos que buscan servicios residenciales que proporcionar\u00e1 el transporte, as\u00ed (en funci\u00f3n de la disponibilidad).<\/p><p><strong>\u00bfCu\u00e1nto tiempo estar\u00e9 en Recuperaci\u00f3n Kaptur?<\/strong><br \/>Los planes de tratamiento son altamente individualizados para cada paciente y la duraci\u00f3n de la estancia puede variar. Nuestra estancia media es de 5-7 d\u00edas.<\/p><p><strong>QU\u00c9 LLEVAR<\/strong>\u00a0<br \/>- Foto ID<br \/>- Tarjeta de seguro<br \/>- Cajetillas de cigarrillos sin abrir<br \/>- Cargador de tel\u00e9fono (los tel\u00e9fonos m\u00f3viles no est\u00e1n permitidos en las instalaciones. Se guardar\u00e1n en su taquilla y se le devolver\u00e1n al ser dado de alta).<br \/>- Medicaci\u00f3n prescrita (Toda la medicaci\u00f3n debe estar en el frasco m\u00e1s reciente proporcionado por la farmacia indicando su nombre. No se permitir\u00e1n organizadores de medicamentos en las instalaciones).<\/p><p><strong>QU\u00c9 NO LLEVAR<\/strong><br \/>- Vape pens\/e-cigs\/tabaco de mascar<br \/>- Ropa\/equipaje adicional (se le proporcionar\u00e1 toda la ropa durante su estancia)<br \/>- Mantas\/almohadas<br \/>- Grandes cantidades de dinero (todo el dinero se le guardar\u00e1 durante su estancia)<br \/>- Art\u00edculos de aseo<br \/>- Electr\u00f3nica<br \/>- Joyas (El Departamento de Salud del Condado de Erie no se hace responsable de los objetos personales y\/o joyas perdidos o robados. Puede guardarlos en su taquilla mientras est\u00e9 aqu\u00ed).<br \/>- Comidas\/bebidas (todas las comidas y tentempi\u00e9s se sirven in situ)<\/p><h5>\u00a0<\/h5>\t\t\t\t\t\t\t\t<\/div>\n\t\t\t\t<\/div>\n\t\t\t\t<div class=\"elementor-element elementor-element-4db2ee8 elementor-widget elementor-widget-image\" data-id=\"4db2ee8\" data-element_type=\"widget\" data-e-type=\"widget\" data-no-translation=\"\" data-widget_type=\"image.default\">\n\t\t\t\t<div class=\"elementor-widget-container\">\n\t\t\t\t\t<style>.elementor-element-4db2ee8{display:none !important}<\/style>\t\t\t\t<\/div>\n\t\t\t\t<\/div>\n\t\t\t\t\t<\/div>\n\t\t<\/div>\n\t\t\t\t<div class=\"elementor-column elementor-col-50 elementor-top-column elementor-element elementor-element-2a3c3ffe\" data-id=\"2a3c3ffe\" data-element_type=\"column\" data-e-type=\"column\">\n\t\t\t<div class=\"elementor-widget-wrap elementor-element-populated\">\n\t\t\t\t\t\t<div class=\"elementor-element elementor-element-38fffbf7 elementor-widget elementor-widget-image\" data-id=\"38fffbf7\" data-element_type=\"widget\" data-e-type=\"widget\" data-widget_type=\"image.default\">\n\t\t\t\t<div class=\"elementor-widget-container\">\n\t\t\t\t\t<style>.elementor-element-38fffbf7{display:none !important}<\/style>\t\t\t\t<\/div>\n\t\t\t\t<\/div>\n\t\t\t\t<div class=\"elementor-element elementor-element-41358912 elementor-widget elementor-widget-image\" data-id=\"41358912\" data-element_type=\"widget\" data-e-type=\"widget\" data-widget_type=\"image.default\">\n\t\t\t\t<div class=\"elementor-widget-container\">\n\t\t\t\t\t\t\t\t\t\t\t\t\t\t\t<img decoding=\"async\" width=\"300\" height=\"200\" src=\"https:\/\/eriecohealthohio.com\/wp-content\/uploads\/2025\/11\/Spanish-Please-Call-For-Help-300-x-200-px.png\" class=\"attachment-full size-full wp-image-24193\" alt=\"Espa\u00f1ol - Llame para pedir ayuda (300 x 200 px)\" srcset=\"https:\/\/eriecohealthohio.com\/wp-content\/uploads\/2025\/11\/Spanish-Please-Call-For-Help-300-x-200-px.png 300w, https:\/\/eriecohealthohio.com\/wp-content\/uploads\/2025\/11\/Spanish-Please-Call-For-Help-300-x-200-px-18x12.png 18w\" sizes=\"(max-width: 300px) 100vw, 300px\" \/>\t\t\t\t\t\t\t\t\t\t\t\t\t\t\t<\/div>\n\t\t\t\t<\/div>\n\t\t\t\t\t<\/div>\n\t\t<\/div>\n\t\t\t\t\t<\/div>\n\t\t<\/section>\n\t\t\t\t<\/div>","protected":false},"excerpt":{"rendered":"<p>ADMISSIONS SERVICES INSURANCE FAQ&#8217;S CONTACT KAPTUR RECOVERY FAQ&#8217;S Will I be able to have my cell phone in Kaptur Recovery?Cell phones have the potential to be both a distraction and a trigger. We want you to be focused and engaged while managing your crisis. Therefore, we do not permit cell phones. We will store your [&hellip;]<\/p>\n","protected":false},"author":7,"featured_media":0,"parent":18064,"menu_order":0,"comment_status":"closed","ping_status":"closed","template":"","meta":{"footnotes":"","_links_to":"","_links_to_target":""},"class_list":["post-18072","page","type-page","status-publish","hentry"],"_links":{"self":[{"href":"https:\/\/eriecohealthohio.com\/es\/wp-json\/wp\/v2\/pages\/18072","targetHints":{"allow":["GET"]}}],"collection":[{"href":"https:\/\/eriecohealthohio.com\/es\/wp-json\/wp\/v2\/pages"}],"about":[{"href":"https:\/\/eriecohealthohio.com\/es\/wp-json\/wp\/v2\/types\/page"}],"author":[{"embeddable":true,"href":"https:\/\/eriecohealthohio.com\/es\/wp-json\/wp\/v2\/users\/7"}],"replies":[{"embeddable":true,"href":"https:\/\/eriecohealthohio.com\/es\/wp-json\/wp\/v2\/comments?post=18072"}],"version-history":[{"count":0,"href":"https:\/\/eriecohealthohio.com\/es\/wp-json\/wp\/v2\/pages\/18072\/revisions"}],"up":[{"embeddable":true,"href":"https:\/\/eriecohealthohio.com\/es\/wp-json\/wp\/v2\/pages\/18064"}],"wp:attachment":[{"href":"https:\/\/eriecohealthohio.com\/es\/wp-json\/wp\/v2\/media?parent=18072"}],"curies":[{"name":"wp","href":"https:\/\/api.w.org\/{rel}","templated":true}]}}