{"id":18070,"date":"2024-07-18T09:23:02","date_gmt":"2024-07-18T13:23:02","guid":{"rendered":"https:\/\/eriecohealthohio.com\/?page_id=18070"},"modified":"2025-11-10T13:53:13","modified_gmt":"2025-11-10T17:53:13","slug":"servicios","status":"publish","type":"page","link":"https:\/\/eriecohealthohio.com\/es\/kaptur-recovery\/services\/","title":{"rendered":"SERVICIOS"},"content":{"rendered":"<div data-elementor-type=\"wp-page\" data-elementor-id=\"18070\" class=\"elementor elementor-18070\" data-elementor-post-type=\"page\">\n\t\t\t\t\t\t<section data-particle_enable=\"false\" data-particle-mobile-disabled=\"false\" class=\"elementor-section elementor-top-section elementor-element elementor-element-dca31e3 elementor-section-boxed elementor-section-height-default elementor-section-height-default\" data-id=\"dca31e3\" data-element_type=\"section\" data-e-type=\"section\">\n\t\t\t\t\t\t<div class=\"elementor-container elementor-column-gap-default\">\n\t\t\t\t\t<div class=\"elementor-column elementor-col-100 elementor-top-column elementor-element elementor-element-5547c84\" data-id=\"5547c84\" data-element_type=\"column\" data-e-type=\"column\">\n\t\t\t<div class=\"elementor-widget-wrap elementor-element-populated\">\n\t\t\t\t\t\t<div class=\"elementor-element elementor-element-ece8bd5 elementor-widget elementor-widget-image\" data-id=\"ece8bd5\" data-element_type=\"widget\" data-e-type=\"widget\" data-no-translation=\"\" data-widget_type=\"image.default\">\n\t\t\t\t<div class=\"elementor-widget-container\">\n\t\t\t\t\t<style>.elementor-element-ece8bd5{display:none !important}<\/style>\t\t\t\t<\/div>\n\t\t\t\t<\/div>\n\t\t\t\t\t<\/div>\n\t\t<\/div>\n\t\t\t\t\t<\/div>\n\t\t<\/section>\n\t\t\t\t<section data-particle_enable=\"false\" data-particle-mobile-disabled=\"false\" class=\"elementor-section elementor-top-section elementor-element elementor-element-4cf3b78 elementor-section-boxed elementor-section-height-default elementor-section-height-default\" data-id=\"4cf3b78\" data-element_type=\"section\" data-e-type=\"section\">\n\t\t\t\t\t\t<div class=\"elementor-container elementor-column-gap-default\">\n\t\t\t\t\t<div class=\"elementor-column elementor-col-100 elementor-top-column elementor-element elementor-element-7cccf54\" data-id=\"7cccf54\" data-element_type=\"column\" data-e-type=\"column\">\n\t\t\t<div class=\"elementor-widget-wrap elementor-element-populated\">\n\t\t\t\t\t\t<div class=\"elementor-element elementor-element-e1bd12b elementor-widget elementor-widget-image\" data-id=\"e1bd12b\" data-element_type=\"widget\" data-e-type=\"widget\" data-no-translation=\"\" data-widget_type=\"image.default\">\n\t\t\t\t<div class=\"elementor-widget-container\">\n\t\t\t\t\t\t\t\t\t\t\t\t\t\t\t<img fetchpriority=\"high\" decoding=\"async\" width=\"1600\" height=\"600\" src=\"https:\/\/eriecohealthohio.com\/wp-content\/uploads\/2025\/11\/Kaptur-Recovery-Spanish-Banner.png\" class=\"attachment-full size-full wp-image-24089\" alt=\"Kaptur Recovery Spanish Banner\" srcset=\"https:\/\/eriecohealthohio.com\/wp-content\/uploads\/2025\/11\/Kaptur-Recovery-Spanish-Banner.png 1600w, https:\/\/eriecohealthohio.com\/wp-content\/uploads\/2025\/11\/Kaptur-Recovery-Spanish-Banner-300x113.png 300w, https:\/\/eriecohealthohio.com\/wp-content\/uploads\/2025\/11\/Kaptur-Recovery-Spanish-Banner-1024x384.png 1024w, https:\/\/eriecohealthohio.com\/wp-content\/uploads\/2025\/11\/Kaptur-Recovery-Spanish-Banner-768x288.png 768w, https:\/\/eriecohealthohio.com\/wp-content\/uploads\/2025\/11\/Kaptur-Recovery-Spanish-Banner-1536x576.png 1536w, https:\/\/eriecohealthohio.com\/wp-content\/uploads\/2025\/11\/Kaptur-Recovery-Spanish-Banner-18x7.png 18w\" sizes=\"(max-width: 1600px) 100vw, 1600px\" \/>\t\t\t\t\t\t\t\t\t\t\t\t\t\t\t<\/div>\n\t\t\t\t<\/div>\n\t\t\t\t\t<\/div>\n\t\t<\/div>\n\t\t\t\t\t<\/div>\n\t\t<\/section>\n\t\t\t\t<section data-particle_enable=\"false\" data-particle-mobile-disabled=\"false\" class=\"elementor-section elementor-top-section elementor-element elementor-element-4f0c2a2 elementor-section-boxed elementor-section-height-default elementor-section-height-default\" data-id=\"4f0c2a2\" data-element_type=\"section\" data-e-type=\"section\">\n\t\t\t\t\t\t<div class=\"elementor-container elementor-column-gap-default\">\n\t\t\t\t\t<div class=\"elementor-column elementor-col-20 elementor-top-column elementor-element elementor-element-ee5c82c\" data-id=\"ee5c82c\" data-element_type=\"column\" data-e-type=\"column\">\n\t\t\t<div class=\"elementor-widget-wrap elementor-element-populated\">\n\t\t\t\t\t\t<div class=\"elementor-element elementor-element-8f45d65 elementor-align-center elementor-widget elementor-widget-button\" data-id=\"8f45d65\" data-element_type=\"widget\" data-e-type=\"widget\" data-widget_type=\"button.default\">\n\t\t\t\t<div class=\"elementor-widget-container\">\n\t\t\t\t\t\t\t\t\t<div class=\"elementor-button-wrapper\">\n\t\t\t\t\t<a class=\"elementor-button elementor-button-link elementor-size-lg\" href=\"https:\/\/eriecohealthohio.com\/es\/recuperacion-de-kaptur\/admisiones\/\">\n\t\t\t\t\t\t<span class=\"elementor-button-content-wrapper\">\n\t\t\t\t\t\t\t\t\t<span class=\"elementor-button-text\">ADMISIONES<\/span>\n\t\t\t\t\t<\/span>\n\t\t\t\t\t<\/a>\n\t\t\t\t<\/div>\n\t\t\t\t\t\t\t\t<\/div>\n\t\t\t\t<\/div>\n\t\t\t\t\t<\/div>\n\t\t<\/div>\n\t\t\t\t<div class=\"elementor-column elementor-col-20 elementor-top-column elementor-element elementor-element-c10e194\" data-id=\"c10e194\" data-element_type=\"column\" data-e-type=\"column\">\n\t\t\t<div class=\"elementor-widget-wrap elementor-element-populated\">\n\t\t\t\t\t\t<div class=\"elementor-element elementor-element-4635fa1 elementor-align-center elementor-widget elementor-widget-button\" data-id=\"4635fa1\" data-element_type=\"widget\" data-e-type=\"widget\" data-widget_type=\"button.default\">\n\t\t\t\t<div class=\"elementor-widget-container\">\n\t\t\t\t\t\t\t\t\t<div class=\"elementor-button-wrapper\">\n\t\t\t\t\t<a class=\"elementor-button elementor-button-link elementor-size-lg\" href=\"https:\/\/eriecohealthohio.com\/es\/recuperacion-de-kaptur\/servicios\/\">\n\t\t\t\t\t\t<span class=\"elementor-button-content-wrapper\">\n\t\t\t\t\t\t\t\t\t<span class=\"elementor-button-text\">SERVICIOS<\/span>\n\t\t\t\t\t<\/span>\n\t\t\t\t\t<\/a>\n\t\t\t\t<\/div>\n\t\t\t\t\t\t\t\t<\/div>\n\t\t\t\t<\/div>\n\t\t\t\t\t<\/div>\n\t\t<\/div>\n\t\t\t\t<div class=\"elementor-column elementor-col-20 elementor-top-column elementor-element elementor-element-6d5e47d\" data-id=\"6d5e47d\" data-element_type=\"column\" data-e-type=\"column\">\n\t\t\t<div class=\"elementor-widget-wrap elementor-element-populated\">\n\t\t\t\t\t\t<div class=\"elementor-element elementor-element-bd714f2 elementor-align-center elementor-widget elementor-widget-button\" data-id=\"bd714f2\" data-element_type=\"widget\" data-e-type=\"widget\" data-widget_type=\"button.default\">\n\t\t\t\t<div class=\"elementor-widget-container\">\n\t\t\t\t\t\t\t\t\t<div class=\"elementor-button-wrapper\">\n\t\t\t\t\t<a class=\"elementor-button elementor-button-link elementor-size-lg\" href=\"https:\/\/eriecohealthohio.com\/es\/recuperacion-de-kaptur\/seguro\/\">\n\t\t\t\t\t\t<span class=\"elementor-button-content-wrapper\">\n\t\t\t\t\t\t\t\t\t<span class=\"elementor-button-text\">SEGURO<\/span>\n\t\t\t\t\t<\/span>\n\t\t\t\t\t<\/a>\n\t\t\t\t<\/div>\n\t\t\t\t\t\t\t\t<\/div>\n\t\t\t\t<\/div>\n\t\t\t\t\t<\/div>\n\t\t<\/div>\n\t\t\t\t<div class=\"elementor-column elementor-col-20 elementor-top-column elementor-element elementor-element-67c1b96\" data-id=\"67c1b96\" data-element_type=\"column\" data-e-type=\"column\">\n\t\t\t<div class=\"elementor-widget-wrap elementor-element-populated\">\n\t\t\t\t\t\t<div class=\"elementor-element elementor-element-f372d25 elementor-align-center elementor-widget elementor-widget-button\" data-id=\"f372d25\" data-element_type=\"widget\" data-e-type=\"widget\" data-widget_type=\"button.default\">\n\t\t\t\t<div class=\"elementor-widget-container\">\n\t\t\t\t\t\t\t\t\t<div class=\"elementor-button-wrapper\">\n\t\t\t\t\t<a class=\"elementor-button elementor-button-link elementor-size-lg\" href=\"https:\/\/eriecohealthohio.com\/es\/recuperacion-de-kaptur\/preguntas-frecuentes\/\">\n\t\t\t\t\t\t<span class=\"elementor-button-content-wrapper\">\n\t\t\t\t\t\t\t\t\t<span class=\"elementor-button-text\">PREGUNTAS FRECUENTES<\/span>\n\t\t\t\t\t<\/span>\n\t\t\t\t\t<\/a>\n\t\t\t\t<\/div>\n\t\t\t\t\t\t\t\t<\/div>\n\t\t\t\t<\/div>\n\t\t\t\t\t<\/div>\n\t\t<\/div>\n\t\t\t\t<div class=\"elementor-column elementor-col-20 elementor-top-column elementor-element elementor-element-40a9bda\" data-id=\"40a9bda\" data-element_type=\"column\" data-e-type=\"column\">\n\t\t\t<div class=\"elementor-widget-wrap elementor-element-populated\">\n\t\t\t\t\t\t<div class=\"elementor-element elementor-element-7a38559 elementor-align-center elementor-widget elementor-widget-button\" data-id=\"7a38559\" data-element_type=\"widget\" data-e-type=\"widget\" data-widget_type=\"button.default\">\n\t\t\t\t<div class=\"elementor-widget-container\">\n\t\t\t\t\t\t\t\t\t<div class=\"elementor-button-wrapper\">\n\t\t\t\t\t<a class=\"elementor-button elementor-button-link elementor-size-lg\" href=\"https:\/\/eriecohealthohio.com\/es\/recuperacion-de-kaptur\/pongase-en-contacto-con\/\">\n\t\t\t\t\t\t<span class=\"elementor-button-content-wrapper\">\n\t\t\t\t\t\t\t\t\t<span class=\"elementor-button-text\">CONTACTO<\/span>\n\t\t\t\t\t<\/span>\n\t\t\t\t\t<\/a>\n\t\t\t\t<\/div>\n\t\t\t\t\t\t\t\t<\/div>\n\t\t\t\t<\/div>\n\t\t\t\t\t<\/div>\n\t\t<\/div>\n\t\t\t\t\t<\/div>\n\t\t<\/section>\n\t\t\t\t<section data-particle_enable=\"false\" data-particle-mobile-disabled=\"false\" class=\"elementor-section elementor-top-section elementor-element elementor-element-5f81d8f8 elementor-section-boxed elementor-section-height-default elementor-section-height-default\" data-id=\"5f81d8f8\" data-element_type=\"section\" data-e-type=\"section\">\n\t\t\t\t\t\t<div class=\"elementor-container elementor-column-gap-default\">\n\t\t\t\t\t<div class=\"elementor-column elementor-col-50 elementor-top-column elementor-element elementor-element-61fa7b51\" data-id=\"61fa7b51\" data-element_type=\"column\" data-e-type=\"column\">\n\t\t\t<div class=\"elementor-widget-wrap elementor-element-populated\">\n\t\t\t\t\t\t<div class=\"elementor-element elementor-element-64f44af6 elementor-widget elementor-widget-text-editor\" data-id=\"64f44af6\" data-element_type=\"widget\" data-e-type=\"widget\" data-widget_type=\"text-editor.default\">\n\t\t\t\t<div class=\"elementor-widget-container\">\n\t\t\t\t\t\t\t\t\t<h4>SERVICIOS DE RECUPERACI\u00d3N KAPTUR<\/h4><p><strong>Terapia integrada de salud mental<\/strong><\/p><p>Tras una evaluaci\u00f3n y un diagn\u00f3stico exhaustivos, cada residente recibe un plan de tratamiento personalizado que incluye:<\/p><ul><li><strong>Atenci\u00f3n psiqui\u00e1trica<\/strong>: Consultas peri\u00f3dicas con psiquiatras titulados para tratar problemas de salud mental y gestionar la medicaci\u00f3n.<\/li><li><strong>Asesoramiento individual<\/strong>: Sesiones individuales con terapeutas licenciados especializados en adicciones y salud mental para explorar los retos personales y desarrollar estrategias de afrontamiento.<\/li><li><strong>Terapia de grupo<\/strong>: Sesiones facilitadas con compa\u00f1eros para fomentar la comprensi\u00f3n compartida, el apoyo emocional y el desarrollo de habilidades.<\/li><li><strong>Sesiones educativas<\/strong>: Talleres dirigidos por profesionales para proporcionar herramientas pr\u00e1cticas para gestionar el estr\u00e9s, los desencadenantes y los antojos, equipando a los residentes para una recuperaci\u00f3n a largo plazo.<\/li><\/ul><p><strong>Atenci\u00f3n integral e individualizada<\/strong><\/p><p>A cada residente se le asigna un gestor de casos que se coordina con nuestro equipo de atenci\u00f3n multidisciplinar, que incluye especialistas en:<\/p><ul><li>Atenci\u00f3n m\u00e9dica y dental<\/li><li>Salud mental y medicina de las adicciones<\/li><\/ul><p>Este equipo se re\u00fane peri\u00f3dicamente para evaluar los progresos, ajustar los planes de tratamiento y garantizar un enfoque cohesionado e individualizado de la curaci\u00f3n.<\/p><p><strong>Terapia de grupo integrada y espec\u00edfica para cada sexo<\/strong><\/p><p>Los trastornos por consumo de sustancias y los problemas de salud mental suelen entrelazarse con relaciones interpersonales complejas y codependencia. Nuestro programa ofrece:<\/p><ul><li><strong>Grupos espec\u00edficos por sexo<\/strong>: Espacios seguros para abordar cuestiones delicadas propias de hombres o mujeres, fomentando el di\u00e1logo abierto y la confianza.<\/li><\/ul><p>Estos grupos ayudan a identificar y superar los obst\u00e1culos que pueden dificultar la recuperaci\u00f3n, guiados por terapeutas formados en un entorno de apoyo.<\/p><p><strong>Participaci\u00f3n de la comunidad de iguales<\/strong><\/p><p>Una vez estabilizados desde el punto de vista m\u00e9dico, los residentes se incorporan a una residencia con otras personas en tratamiento, creando una comunidad de apoyo entre individuos. Este entorno entre iguales fomenta:<\/p><ul><li>Conexi\u00f3n a trav\u00e9s de comidas compartidas, actividades recreativas y programas de bienestar.<\/li><li>Confianza y camarader\u00eda mientras los residentes recorren juntos el camino de la recuperaci\u00f3n.<\/li><li>Conocer historias de \u00e9xito de compa\u00f1eros que han logrado una sobriedad duradera y una estabilidad de salud mental, lo que inspira esperanza y motivaci\u00f3n.<\/li><li>Personal de apoyo para animar a los residentes a seguir en contacto con los nuevos sistemas de apoyo identificados.<\/li><\/ul><p><strong>Rutina diaria estructurada<\/strong><\/p><p>La recuperaci\u00f3n sostenible requiere h\u00e1bitos saludables. Nuestro programa apoya a los residentes en el establecimiento de rutinas que promueven el bienestar a largo plazo, incluyendo:<\/p><ul><li>Horarios de sue\u00f1o coherentes para mejorar la salud mental y f\u00edsica.<\/li><li>Actividad f\u00edsica regular, como yoga o caminar para mejorar el estado de \u00e1nimo y la energ\u00eda.<\/li><li>T\u00e9cnicas de relajaci\u00f3n, como la atenci\u00f3n plena y la meditaci\u00f3n, para controlar el estr\u00e9s.<\/li><li>Pr\u00e1cticas de higiene personal y autocuidado para recuperar la confianza y la autoestima.<\/li><li>Una comunidad terap\u00e9utica que capacita al residente para compartir la responsabilidad de mantener el entorno f\u00edsico al tiempo que dirige y planifica las actividades.<\/li><\/ul><p><strong>Talleres educativos<\/strong><\/p><p>Las actividades diarias y la programaci\u00f3n proporcionan conocimientos pr\u00e1cticos y habilidades para la vida despu\u00e9s del tratamiento. Los temas incluyen:<\/p><ul><li>Identificar y gestionar los desencadenantes y los antojos.<\/li><li>T\u00e9cnicas de reducci\u00f3n del estr\u00e9s.<\/li><li>Estrategias cognitivo-conductuales para apoyar los cambios de conducta.<\/li><li>Fomento de la resiliencia y la regulaci\u00f3n emocional.<\/li><li>Planificar la prevenci\u00f3n de reca\u00eddas y la recuperaci\u00f3n continua.<\/li><\/ul><p>Los residentes se relacionan con el personal y sus compa\u00f1eros, fomentando un entorno de aprendizaje colaborativo.<\/p><p><strong>Grupos de procesos<\/strong><\/p><p>Dirigidos por terapeutas licenciados, los grupos de proceso ofrecen un espacio seguro y estructurado para que los residentes:<\/p><ul><li>Compartir experiencias y retos personales.<\/li><li>Recibir comentarios constructivos de compa\u00f1eros y facilitadores.<\/li><li>Practicar nuevas habilidades de afrontamiento y recuperaci\u00f3n en un entorno de apoyo. Estas sesiones promueven el autoconocimiento, el procesamiento emocional y el crecimiento interpersonal.<\/li><\/ul><p>Estas sesiones capacitan a los residentes para adquirir conocimientos, aumentar la resiliencia y desarrollar estrategias pr\u00e1cticas para una recuperaci\u00f3n sostenida.<\/p><p><strong>\u00bfPor qu\u00e9 elegir los Servicios de Tratamiento y Recuperaci\u00f3n Kaptur?<\/strong><\/p><p>Nuestro programa residencial est\u00e1 dise\u00f1ado para tratar a la persona en su totalidad, no s\u00f3lo los s\u00edntomas de la adicci\u00f3n o los trastornos mentales. Nuestra serena ubicaci\u00f3n a orillas del lago, combinada con terapias basadas en pruebas, atenci\u00f3n hol\u00edstica y una comunidad de apoyo entre iguales, crea un entorno ideal para la curaci\u00f3n. Al abordar los aspectos f\u00edsicos, emocionales y sociales interconectados de la recuperaci\u00f3n, capacitamos a los residentes para construir una base para un cambio duradero y una vida plena.<\/p><p>Si desea m\u00e1s informaci\u00f3n o iniciar su viaje, p\u00f3ngase en contacto hoy mismo con el Departamento de Salud del condado de Erie.<\/p>\t\t\t\t\t\t\t\t<\/div>\n\t\t\t\t<\/div>\n\t\t\t\t<div class=\"elementor-element elementor-element-2b10e50 elementor-widget elementor-widget-image\" data-id=\"2b10e50\" data-element_type=\"widget\" data-e-type=\"widget\" data-no-translation=\"\" data-widget_type=\"image.default\">\n\t\t\t\t<div class=\"elementor-widget-container\">\n\t\t\t\t\t\t\t\t\t\t\t\t\t\t\t<img fetchpriority=\"high\" decoding=\"async\" width=\"1600\" height=\"600\" src=\"https:\/\/eriecohealthohio.com\/wp-content\/uploads\/2025\/11\/Kaptur-Recovery-Spanish-Banner.png\" class=\"attachment-full size-full wp-image-24089\" alt=\"Kaptur Recovery Spanish Banner\" srcset=\"https:\/\/eriecohealthohio.com\/wp-content\/uploads\/2025\/11\/Kaptur-Recovery-Spanish-Banner.png 1600w, https:\/\/eriecohealthohio.com\/wp-content\/uploads\/2025\/11\/Kaptur-Recovery-Spanish-Banner-300x113.png 300w, https:\/\/eriecohealthohio.com\/wp-content\/uploads\/2025\/11\/Kaptur-Recovery-Spanish-Banner-1024x384.png 1024w, https:\/\/eriecohealthohio.com\/wp-content\/uploads\/2025\/11\/Kaptur-Recovery-Spanish-Banner-768x288.png 768w, https:\/\/eriecohealthohio.com\/wp-content\/uploads\/2025\/11\/Kaptur-Recovery-Spanish-Banner-1536x576.png 1536w, https:\/\/eriecohealthohio.com\/wp-content\/uploads\/2025\/11\/Kaptur-Recovery-Spanish-Banner-18x7.png 18w\" sizes=\"(max-width: 1600px) 100vw, 1600px\" \/>\t\t\t\t\t\t\t\t\t\t\t\t\t\t\t<\/div>\n\t\t\t\t<\/div>\n\t\t\t\t\t<\/div>\n\t\t<\/div>\n\t\t\t\t<div class=\"elementor-column elementor-col-50 elementor-top-column elementor-element elementor-element-3a7bf5c7\" data-id=\"3a7bf5c7\" data-element_type=\"column\" data-e-type=\"column\">\n\t\t\t<div class=\"elementor-widget-wrap elementor-element-populated\">\n\t\t\t\t\t\t<div class=\"elementor-element elementor-element-427f780a elementor-widget elementor-widget-image\" data-id=\"427f780a\" data-element_type=\"widget\" data-e-type=\"widget\" data-widget_type=\"image.default\">\n\t\t\t\t<div class=\"elementor-widget-container\">\n\t\t\t\t\t<style>.elementor-element-427f780a{display:none !important}<\/style>\t\t\t\t<\/div>\n\t\t\t\t<\/div>\n\t\t\t\t<div class=\"elementor-element elementor-element-53d160c2 elementor-widget elementor-widget-image\" data-id=\"53d160c2\" data-element_type=\"widget\" data-e-type=\"widget\" data-widget_type=\"image.default\">\n\t\t\t\t<div class=\"elementor-widget-container\">\n\t\t\t\t\t\t\t\t\t\t\t\t\t\t\t<img decoding=\"async\" width=\"300\" height=\"200\" src=\"https:\/\/eriecohealthohio.com\/wp-content\/uploads\/2025\/11\/Spanish-Please-Call-For-Help-300-x-200-px.png\" class=\"attachment-full size-full wp-image-24193\" alt=\"Espa\u00f1ol - Llame para pedir ayuda (300 x 200 px)\" srcset=\"https:\/\/eriecohealthohio.com\/wp-content\/uploads\/2025\/11\/Spanish-Please-Call-For-Help-300-x-200-px.png 300w, https:\/\/eriecohealthohio.com\/wp-content\/uploads\/2025\/11\/Spanish-Please-Call-For-Help-300-x-200-px-18x12.png 18w\" sizes=\"(max-width: 300px) 100vw, 300px\" \/>\t\t\t\t\t\t\t\t\t\t\t\t\t\t\t<\/div>\n\t\t\t\t<\/div>\n\t\t\t\t\t<\/div>\n\t\t<\/div>\n\t\t\t\t\t<\/div>\n\t\t<\/section>\n\t\t\t\t<\/div>","protected":false},"excerpt":{"rendered":"<p>ADMISSIONS SERVICES INSURANCE FAQ&#8217;S CONTACT KAPTUR RECOVERY SERVICES Integrated Mental Health Therapy Following a comprehensive assessment and diagnosis, each resident receives a personalized treatment plan that includes: Psychiatric Care: Regular consultations with board-certified psychiatrists to address mental health conditions and manage medications. Individual Counseling: One-on-one sessions with licensed therapists specializing in addiction and mental health [&hellip;]<\/p>\n","protected":false},"author":7,"featured_media":0,"parent":18064,"menu_order":0,"comment_status":"closed","ping_status":"closed","template":"","meta":{"footnotes":"","_links_to":"","_links_to_target":""},"class_list":["post-18070","page","type-page","status-publish","hentry"],"_links":{"self":[{"href":"https:\/\/eriecohealthohio.com\/es\/wp-json\/wp\/v2\/pages\/18070","targetHints":{"allow":["GET"]}}],"collection":[{"href":"https:\/\/eriecohealthohio.com\/es\/wp-json\/wp\/v2\/pages"}],"about":[{"href":"https:\/\/eriecohealthohio.com\/es\/wp-json\/wp\/v2\/types\/page"}],"author":[{"embeddable":true,"href":"https:\/\/eriecohealthohio.com\/es\/wp-json\/wp\/v2\/users\/7"}],"replies":[{"embeddable":true,"href":"https:\/\/eriecohealthohio.com\/es\/wp-json\/wp\/v2\/comments?post=18070"}],"version-history":[{"count":0,"href":"https:\/\/eriecohealthohio.com\/es\/wp-json\/wp\/v2\/pages\/18070\/revisions"}],"up":[{"embeddable":true,"href":"https:\/\/eriecohealthohio.com\/es\/wp-json\/wp\/v2\/pages\/18064"}],"wp:attachment":[{"href":"https:\/\/eriecohealthohio.com\/es\/wp-json\/wp\/v2\/media?parent=18070"}],"curies":[{"name":"wp","href":"https:\/\/api.w.org\/{rel}","templated":true}]}}