{"id":18066,"date":"2024-07-18T09:19:39","date_gmt":"2024-07-18T13:19:39","guid":{"rendered":"https:\/\/eriecohealthohio.com\/?page_id=18066"},"modified":"2025-11-10T13:31:56","modified_gmt":"2025-11-10T17:31:56","slug":"admisiones","status":"publish","type":"page","link":"https:\/\/eriecohealthohio.com\/es\/kaptur-recovery\/admissions\/","title":{"rendered":"ADMISIONES"},"content":{"rendered":"<div data-elementor-type=\"wp-page\" data-elementor-id=\"18066\" class=\"elementor elementor-18066\" data-elementor-post-type=\"page\">\n\t\t\t\t\t\t<section data-particle_enable=\"false\" data-particle-mobile-disabled=\"false\" class=\"elementor-section elementor-top-section elementor-element elementor-element-2489206 elementor-section-boxed elementor-section-height-default elementor-section-height-default\" data-id=\"2489206\" data-element_type=\"section\" data-e-type=\"section\">\n\t\t\t\t\t\t<div class=\"elementor-container elementor-column-gap-default\">\n\t\t\t\t\t<div class=\"elementor-column elementor-col-100 elementor-top-column elementor-element elementor-element-3acb2b4\" data-id=\"3acb2b4\" data-element_type=\"column\" data-e-type=\"column\">\n\t\t\t<div class=\"elementor-widget-wrap elementor-element-populated\">\n\t\t\t\t\t\t<div class=\"elementor-element elementor-element-1b9d0c8 elementor-widget elementor-widget-image\" data-id=\"1b9d0c8\" data-element_type=\"widget\" data-e-type=\"widget\" data-no-translation=\"\" data-widget_type=\"image.default\">\n\t\t\t\t<div class=\"elementor-widget-container\">\n\t\t\t\t\t<style>.elementor-element-1b9d0c8{display:none !important}<\/style>\t\t\t\t<\/div>\n\t\t\t\t<\/div>\n\t\t\t\t\t<\/div>\n\t\t<\/div>\n\t\t\t\t\t<\/div>\n\t\t<\/section>\n\t\t\t\t<section data-particle_enable=\"false\" data-particle-mobile-disabled=\"false\" class=\"elementor-section elementor-top-section elementor-element elementor-element-60d8b84 elementor-section-boxed elementor-section-height-default elementor-section-height-default\" data-id=\"60d8b84\" data-element_type=\"section\" data-e-type=\"section\">\n\t\t\t\t\t\t<div class=\"elementor-container elementor-column-gap-default\">\n\t\t\t\t\t<div class=\"elementor-column elementor-col-100 elementor-top-column elementor-element elementor-element-a806f45\" data-id=\"a806f45\" data-element_type=\"column\" data-e-type=\"column\">\n\t\t\t<div class=\"elementor-widget-wrap elementor-element-populated\">\n\t\t\t\t\t\t<div class=\"elementor-element elementor-element-0cb6a70 elementor-widget elementor-widget-image\" data-id=\"0cb6a70\" data-element_type=\"widget\" data-e-type=\"widget\" data-no-translation=\"\" data-widget_type=\"image.default\">\n\t\t\t\t<div class=\"elementor-widget-container\">\n\t\t\t\t\t\t\t\t\t\t\t\t\t\t\t<img fetchpriority=\"high\" decoding=\"async\" width=\"1600\" height=\"600\" src=\"https:\/\/eriecohealthohio.com\/wp-content\/uploads\/2025\/11\/Kaptur-Recovery-Spanish-Banner.png\" class=\"attachment-full size-full wp-image-24089\" alt=\"Kaptur Recovery Spanish Banner\" srcset=\"https:\/\/eriecohealthohio.com\/wp-content\/uploads\/2025\/11\/Kaptur-Recovery-Spanish-Banner.png 1600w, https:\/\/eriecohealthohio.com\/wp-content\/uploads\/2025\/11\/Kaptur-Recovery-Spanish-Banner-300x113.png 300w, https:\/\/eriecohealthohio.com\/wp-content\/uploads\/2025\/11\/Kaptur-Recovery-Spanish-Banner-1024x384.png 1024w, https:\/\/eriecohealthohio.com\/wp-content\/uploads\/2025\/11\/Kaptur-Recovery-Spanish-Banner-768x288.png 768w, https:\/\/eriecohealthohio.com\/wp-content\/uploads\/2025\/11\/Kaptur-Recovery-Spanish-Banner-1536x576.png 1536w, https:\/\/eriecohealthohio.com\/wp-content\/uploads\/2025\/11\/Kaptur-Recovery-Spanish-Banner-18x7.png 18w\" sizes=\"(max-width: 1600px) 100vw, 1600px\" \/>\t\t\t\t\t\t\t\t\t\t\t\t\t\t\t<\/div>\n\t\t\t\t<\/div>\n\t\t\t\t\t<\/div>\n\t\t<\/div>\n\t\t\t\t\t<\/div>\n\t\t<\/section>\n\t\t\t\t<section data-particle_enable=\"false\" data-particle-mobile-disabled=\"false\" class=\"elementor-section elementor-top-section elementor-element elementor-element-2ac455d elementor-section-boxed elementor-section-height-default elementor-section-height-default\" data-id=\"2ac455d\" data-element_type=\"section\" data-e-type=\"section\">\n\t\t\t\t\t\t<div class=\"elementor-container elementor-column-gap-default\">\n\t\t\t\t\t<div class=\"elementor-column elementor-col-20 elementor-top-column elementor-element elementor-element-e4b3fe1\" data-id=\"e4b3fe1\" data-element_type=\"column\" data-e-type=\"column\">\n\t\t\t<div class=\"elementor-widget-wrap elementor-element-populated\">\n\t\t\t\t\t\t<div class=\"elementor-element elementor-element-16adc5b elementor-align-center elementor-widget elementor-widget-button\" data-id=\"16adc5b\" data-element_type=\"widget\" data-e-type=\"widget\" data-widget_type=\"button.default\">\n\t\t\t\t<div class=\"elementor-widget-container\">\n\t\t\t\t\t\t\t\t\t<div class=\"elementor-button-wrapper\">\n\t\t\t\t\t<a class=\"elementor-button elementor-button-link elementor-size-lg\" href=\"https:\/\/eriecohealthohio.com\/es\/recuperacion-de-kaptur\/admisiones\/\">\n\t\t\t\t\t\t<span class=\"elementor-button-content-wrapper\">\n\t\t\t\t\t\t\t\t\t<span class=\"elementor-button-text\">ADMISIONES<\/span>\n\t\t\t\t\t<\/span>\n\t\t\t\t\t<\/a>\n\t\t\t\t<\/div>\n\t\t\t\t\t\t\t\t<\/div>\n\t\t\t\t<\/div>\n\t\t\t\t\t<\/div>\n\t\t<\/div>\n\t\t\t\t<div class=\"elementor-column elementor-col-20 elementor-top-column elementor-element elementor-element-0b4569f\" data-id=\"0b4569f\" data-element_type=\"column\" data-e-type=\"column\">\n\t\t\t<div class=\"elementor-widget-wrap elementor-element-populated\">\n\t\t\t\t\t\t<div class=\"elementor-element elementor-element-7ef1c0c elementor-align-center elementor-widget elementor-widget-button\" data-id=\"7ef1c0c\" data-element_type=\"widget\" data-e-type=\"widget\" data-widget_type=\"button.default\">\n\t\t\t\t<div class=\"elementor-widget-container\">\n\t\t\t\t\t\t\t\t\t<div class=\"elementor-button-wrapper\">\n\t\t\t\t\t<a class=\"elementor-button elementor-button-link elementor-size-lg\" href=\"https:\/\/eriecohealthohio.com\/es\/recuperacion-de-kaptur\/servicios\/\">\n\t\t\t\t\t\t<span class=\"elementor-button-content-wrapper\">\n\t\t\t\t\t\t\t\t\t<span class=\"elementor-button-text\">SERVICIOS<\/span>\n\t\t\t\t\t<\/span>\n\t\t\t\t\t<\/a>\n\t\t\t\t<\/div>\n\t\t\t\t\t\t\t\t<\/div>\n\t\t\t\t<\/div>\n\t\t\t\t\t<\/div>\n\t\t<\/div>\n\t\t\t\t<div class=\"elementor-column elementor-col-20 elementor-top-column elementor-element elementor-element-38371e9\" data-id=\"38371e9\" data-element_type=\"column\" data-e-type=\"column\">\n\t\t\t<div class=\"elementor-widget-wrap elementor-element-populated\">\n\t\t\t\t\t\t<div class=\"elementor-element elementor-element-b366bde elementor-align-center elementor-widget elementor-widget-button\" data-id=\"b366bde\" data-element_type=\"widget\" data-e-type=\"widget\" data-widget_type=\"button.default\">\n\t\t\t\t<div class=\"elementor-widget-container\">\n\t\t\t\t\t\t\t\t\t<div class=\"elementor-button-wrapper\">\n\t\t\t\t\t<a class=\"elementor-button elementor-button-link elementor-size-lg\" href=\"https:\/\/eriecohealthohio.com\/es\/recuperacion-de-kaptur\/seguro\/\">\n\t\t\t\t\t\t<span class=\"elementor-button-content-wrapper\">\n\t\t\t\t\t\t\t\t\t<span class=\"elementor-button-text\">SEGURO<\/span>\n\t\t\t\t\t<\/span>\n\t\t\t\t\t<\/a>\n\t\t\t\t<\/div>\n\t\t\t\t\t\t\t\t<\/div>\n\t\t\t\t<\/div>\n\t\t\t\t\t<\/div>\n\t\t<\/div>\n\t\t\t\t<div class=\"elementor-column elementor-col-20 elementor-top-column elementor-element elementor-element-7ac281e\" data-id=\"7ac281e\" data-element_type=\"column\" data-e-type=\"column\">\n\t\t\t<div class=\"elementor-widget-wrap elementor-element-populated\">\n\t\t\t\t\t\t<div class=\"elementor-element elementor-element-cc9c1e0 elementor-align-center elementor-widget elementor-widget-button\" data-id=\"cc9c1e0\" data-element_type=\"widget\" data-e-type=\"widget\" data-widget_type=\"button.default\">\n\t\t\t\t<div class=\"elementor-widget-container\">\n\t\t\t\t\t\t\t\t\t<div class=\"elementor-button-wrapper\">\n\t\t\t\t\t<a class=\"elementor-button elementor-button-link elementor-size-lg\" href=\"https:\/\/eriecohealthohio.com\/es\/recuperacion-de-kaptur\/preguntas-frecuentes\/\">\n\t\t\t\t\t\t<span class=\"elementor-button-content-wrapper\">\n\t\t\t\t\t\t\t\t\t<span class=\"elementor-button-text\">PREGUNTAS FRECUENTES<\/span>\n\t\t\t\t\t<\/span>\n\t\t\t\t\t<\/a>\n\t\t\t\t<\/div>\n\t\t\t\t\t\t\t\t<\/div>\n\t\t\t\t<\/div>\n\t\t\t\t\t<\/div>\n\t\t<\/div>\n\t\t\t\t<div class=\"elementor-column elementor-col-20 elementor-top-column elementor-element elementor-element-62f75ba\" data-id=\"62f75ba\" data-element_type=\"column\" data-e-type=\"column\">\n\t\t\t<div class=\"elementor-widget-wrap elementor-element-populated\">\n\t\t\t\t\t\t<div class=\"elementor-element elementor-element-5874c3e elementor-align-center elementor-widget elementor-widget-button\" data-id=\"5874c3e\" data-element_type=\"widget\" data-e-type=\"widget\" data-widget_type=\"button.default\">\n\t\t\t\t<div class=\"elementor-widget-container\">\n\t\t\t\t\t\t\t\t\t<div class=\"elementor-button-wrapper\">\n\t\t\t\t\t<a class=\"elementor-button elementor-button-link elementor-size-lg\" href=\"https:\/\/eriecohealthohio.com\/es\/recuperacion-de-kaptur\/pongase-en-contacto-con\/\">\n\t\t\t\t\t\t<span class=\"elementor-button-content-wrapper\">\n\t\t\t\t\t\t\t\t\t<span class=\"elementor-button-text\">CONTACTO<\/span>\n\t\t\t\t\t<\/span>\n\t\t\t\t\t<\/a>\n\t\t\t\t<\/div>\n\t\t\t\t\t\t\t\t<\/div>\n\t\t\t\t<\/div>\n\t\t\t\t\t<\/div>\n\t\t<\/div>\n\t\t\t\t\t<\/div>\n\t\t<\/section>\n\t\t\t\t<section data-particle_enable=\"false\" data-particle-mobile-disabled=\"false\" class=\"elementor-section elementor-top-section elementor-element elementor-element-f257f8c elementor-section-boxed elementor-section-height-default elementor-section-height-default\" data-id=\"f257f8c\" data-element_type=\"section\" data-e-type=\"section\">\n\t\t\t\t\t\t<div class=\"elementor-container elementor-column-gap-default\">\n\t\t\t\t\t<div class=\"elementor-column elementor-col-50 elementor-top-column elementor-element elementor-element-399d7a3\" data-id=\"399d7a3\" data-element_type=\"column\" data-e-type=\"column\">\n\t\t\t<div class=\"elementor-widget-wrap elementor-element-populated\">\n\t\t\t\t\t\t<div class=\"elementor-element elementor-element-5abc136 elementor-widget elementor-widget-text-editor\" data-id=\"5abc136\" data-element_type=\"widget\" data-e-type=\"widget\" data-widget_type=\"text-editor.default\">\n\t\t\t\t<div class=\"elementor-widget-container\">\n\t\t\t\t\t\t\t\t\t<h4>RECUPERACI\u00d3N DE KAPTUR ADMISIONES<\/h4><h5>Recuperaci\u00f3n Kaptur Proceso de admisi\u00f3n<\/h5><div><strong>Llame para pedir ayuda: (419) 624-3353<\/strong><\/div><div><p><strong><br \/><\/strong>Nuestro equipo m\u00e9dico est\u00e1 formado por m\u00e9dicos y enfermeras especializados en medicina de la adicci\u00f3n, que proporcionan atenci\u00f3n las 24 horas del d\u00eda para garantizar la seguridad y el confort. La gesti\u00f3n de la medicaci\u00f3n se integra seg\u00fan sea necesario para estabilizar las condiciones de salud f\u00edsica y mental, estableciendo una base s\u00f3lida para la recuperaci\u00f3n.<\/p><\/div><p><strong>Qu\u00e9 llevar<\/strong><br \/>- Foto ID<br \/>- Tarjeta de seguro<br \/>- Cajetillas de cigarrillos sin abrir<br \/>- Cargador de tel\u00e9fono (los tel\u00e9fonos m\u00f3viles no est\u00e1n permitidos en las instalaciones. Se guardar\u00e1n en su taquilla y se le devolver\u00e1n al ser dado de alta).<br \/>- Medicaci\u00f3n prescrita (Toda la medicaci\u00f3n debe estar en el frasco m\u00e1s reciente proporcionado por la farmacia indicando su nombre. No se permitir\u00e1n organizadores de medicamentos en las instalaciones).<\/p><p><strong>Qu\u00e9 no llevar<\/strong><br \/>- Vape pens\/e-cigs\/tabaco de mascar<br \/>- Ropa\/equipaje adicional (se le proporcionar\u00e1 toda la ropa durante su estancia)<br \/>- Mantas\/almohadas<br \/>- Grandes cantidades de dinero (todo el dinero se le guardar\u00e1 durante su estancia)<br \/>- Art\u00edculos de aseo<br \/>- Electr\u00f3nica<br \/>- Joyas (El Departamento de Salud del Condado de Erie no se hace responsable de los objetos personales y\/o joyas perdidos o robados. Puede guardarlos en su taquilla mientras est\u00e9 aqu\u00ed).<br \/>- Comidas\/bebidas (todas las comidas y tentempi\u00e9s se sirven in situ)<\/p><h5>Orientaci\u00f3n al cliente: <a href=\"https:\/\/eriecohealthohio.com\/wp-content\/uploads\/2024\/08\/Client-Orientation-Handbook.pdf\" target=\"_blank\" rel=\"noopener\">Manual de orientaci\u00f3n al cliente<\/a><\/h5>\t\t\t\t\t\t\t\t<\/div>\n\t\t\t\t<\/div>\n\t\t\t\t\t<\/div>\n\t\t<\/div>\n\t\t\t\t<div class=\"elementor-column elementor-col-50 elementor-top-column elementor-element elementor-element-a10d7b3\" data-id=\"a10d7b3\" data-element_type=\"column\" data-e-type=\"column\">\n\t\t\t<div class=\"elementor-widget-wrap elementor-element-populated\">\n\t\t\t\t\t\t<div class=\"elementor-element elementor-element-61a89f7 elementor-widget elementor-widget-image\" data-id=\"61a89f7\" data-element_type=\"widget\" data-e-type=\"widget\" data-no-translation=\"\" data-widget_type=\"image.default\">\n\t\t\t\t<div class=\"elementor-widget-container\">\n\t\t\t\t\t<style>.elementor-element-61a89f7{display:none !important}<\/style>\t\t\t\t<\/div>\n\t\t\t\t<\/div>\n\t\t\t\t<div class=\"elementor-element elementor-element-4ee3ccc elementor-widget elementor-widget-image\" data-id=\"4ee3ccc\" data-element_type=\"widget\" data-e-type=\"widget\" data-no-translation=\"\" data-widget_type=\"image.default\">\n\t\t\t\t<div class=\"elementor-widget-container\">\n\t\t\t\t\t\t\t\t\t\t\t\t\t\t\t<img decoding=\"async\" width=\"300\" height=\"200\" src=\"https:\/\/eriecohealthohio.com\/wp-content\/uploads\/2025\/11\/Spanish-Please-Call-For-Help-300-x-200-px.png\" class=\"attachment-large size-large wp-image-24193\" alt=\"Spanish - Please Call For Help (300 x 200 px)\" srcset=\"https:\/\/eriecohealthohio.com\/wp-content\/uploads\/2025\/11\/Spanish-Please-Call-For-Help-300-x-200-px.png 300w, https:\/\/eriecohealthohio.com\/wp-content\/uploads\/2025\/11\/Spanish-Please-Call-For-Help-300-x-200-px-18x12.png 18w\" sizes=\"(max-width: 300px) 100vw, 300px\" \/>\t\t\t\t\t\t\t\t\t\t\t\t\t\t\t<\/div>\n\t\t\t\t<\/div>\n\t\t\t\t\t<\/div>\n\t\t<\/div>\n\t\t\t\t\t<\/div>\n\t\t<\/section>\n\t\t\t\t<\/div>","protected":false},"excerpt":{"rendered":"<p>ADMISSIONS SERVICES INSURANCE FAQ&#8217;S CONTACT KAPTUR RECOVERY ADMISSIONS Kaptur Recovery Admissions Process Please call for help: (419) 624-3353 Our medical team consists of doctors and nurses specializing in addiction medicine, providing round-the-clock care to ensure safety and comfort. Medication management is integrated as needed to stabilize physical and mental health conditions, setting a strong foundation [&hellip;]<\/p>\n","protected":false},"author":7,"featured_media":0,"parent":18064,"menu_order":0,"comment_status":"closed","ping_status":"closed","template":"","meta":{"footnotes":"","_links_to":"","_links_to_target":""},"class_list":["post-18066","page","type-page","status-publish","hentry"],"_links":{"self":[{"href":"https:\/\/eriecohealthohio.com\/es\/wp-json\/wp\/v2\/pages\/18066","targetHints":{"allow":["GET"]}}],"collection":[{"href":"https:\/\/eriecohealthohio.com\/es\/wp-json\/wp\/v2\/pages"}],"about":[{"href":"https:\/\/eriecohealthohio.com\/es\/wp-json\/wp\/v2\/types\/page"}],"author":[{"embeddable":true,"href":"https:\/\/eriecohealthohio.com\/es\/wp-json\/wp\/v2\/users\/7"}],"replies":[{"embeddable":true,"href":"https:\/\/eriecohealthohio.com\/es\/wp-json\/wp\/v2\/comments?post=18066"}],"version-history":[{"count":0,"href":"https:\/\/eriecohealthohio.com\/es\/wp-json\/wp\/v2\/pages\/18066\/revisions"}],"up":[{"embeddable":true,"href":"https:\/\/eriecohealthohio.com\/es\/wp-json\/wp\/v2\/pages\/18064"}],"wp:attachment":[{"href":"https:\/\/eriecohealthohio.com\/es\/wp-json\/wp\/v2\/media?parent=18066"}],"curies":[{"name":"wp","href":"https:\/\/api.w.org\/{rel}","templated":true}]}}