{"id":16919,"date":"2024-03-12T07:44:31","date_gmt":"2024-03-12T12:44:31","guid":{"rendered":"https:\/\/eriecohealthohio.com\/?page_id=16919"},"modified":"2024-12-17T10:40:48","modified_gmt":"2024-12-17T14:40:48","slug":"proveedores","status":"publish","type":"page","link":"https:\/\/eriecohealthohio.com\/es\/mental-health-services\/providers\/","title":{"rendered":"PROVEEDORES"},"content":{"rendered":"<div data-elementor-type=\"wp-page\" data-elementor-id=\"16919\" class=\"elementor elementor-16919\" data-elementor-post-type=\"page\">\n\t\t\t\t\t\t<section data-particle_enable=\"false\" data-particle-mobile-disabled=\"false\" class=\"elementor-section elementor-top-section elementor-element elementor-element-1af4a4de elementor-section-boxed elementor-section-height-default elementor-section-height-default\" data-id=\"1af4a4de\" data-element_type=\"section\" data-e-type=\"section\">\n\t\t\t\t\t\t<div class=\"elementor-container elementor-column-gap-default\">\n\t\t\t\t\t<div class=\"elementor-column elementor-col-100 elementor-top-column elementor-element elementor-element-63e26022\" data-id=\"63e26022\" data-element_type=\"column\" data-e-type=\"column\">\n\t\t\t<div class=\"elementor-widget-wrap elementor-element-populated\">\n\t\t\t\t\t\t<div class=\"elementor-element elementor-element-48c7d2c0 elementor-widget elementor-widget-image\" data-id=\"48c7d2c0\" data-element_type=\"widget\" data-e-type=\"widget\" data-widget_type=\"image.default\">\n\t\t\t\t<div class=\"elementor-widget-container\">\n\t\t\t\t\t\t\t\t\t\t\t\t\t\t\t\t<a href=\"https:\/\/eriecohealthohio.com\/es\/servicios-de-salud-mental\/\">\n\t\t\t\t\t\t\t<img fetchpriority=\"high\" decoding=\"async\" width=\"1600\" height=\"600\" src=\"https:\/\/eriecohealthohio.com\/wp-content\/uploads\/2024\/03\/Mental-Health-Services-Spanish.png\" class=\"attachment-full size-full wp-image-16931\" alt=\"Servicios de salud mental\" srcset=\"https:\/\/eriecohealthohio.com\/wp-content\/uploads\/2024\/03\/Mental-Health-Services-Spanish.png 1600w, https:\/\/eriecohealthohio.com\/wp-content\/uploads\/2024\/03\/Mental-Health-Services-Spanish-300x113.png 300w, https:\/\/eriecohealthohio.com\/wp-content\/uploads\/2024\/03\/Mental-Health-Services-Spanish-1024x384.png 1024w, https:\/\/eriecohealthohio.com\/wp-content\/uploads\/2024\/03\/Mental-Health-Services-Spanish-768x288.png 768w, https:\/\/eriecohealthohio.com\/wp-content\/uploads\/2024\/03\/Mental-Health-Services-Spanish-1536x576.png 1536w, https:\/\/eriecohealthohio.com\/wp-content\/uploads\/2024\/03\/Mental-Health-Services-Spanish-18x7.png 18w\" sizes=\"(max-width: 1600px) 100vw, 1600px\" \/>\t\t\t\t\t\t\t\t<\/a>\n\t\t\t\t\t\t\t\t\t\t\t\t\t\t\t<\/div>\n\t\t\t\t<\/div>\n\t\t\t\t\t<\/div>\n\t\t<\/div>\n\t\t\t\t\t<\/div>\n\t\t<\/section>\n\t\t\t\t<section data-particle_enable=\"false\" data-particle-mobile-disabled=\"false\" class=\"elementor-section elementor-top-section elementor-element elementor-element-2f6fbcd6 elementor-section-boxed elementor-section-height-default elementor-section-height-default\" data-id=\"2f6fbcd6\" data-element_type=\"section\" data-e-type=\"section\">\n\t\t\t\t\t\t<div class=\"elementor-container elementor-column-gap-default\">\n\t\t\t\t\t<div class=\"elementor-column elementor-col-16 elementor-top-column elementor-element elementor-element-2b739fa6\" data-id=\"2b739fa6\" data-element_type=\"column\" data-e-type=\"column\">\n\t\t\t<div class=\"elementor-widget-wrap elementor-element-populated\">\n\t\t\t\t\t\t<div class=\"elementor-element elementor-element-3843c96a elementor-align-center elementor-widget elementor-widget-button\" data-id=\"3843c96a\" data-element_type=\"widget\" data-e-type=\"widget\" data-widget_type=\"button.default\">\n\t\t\t\t<div class=\"elementor-widget-container\">\n\t\t\t\t\t\t\t\t\t<div class=\"elementor-button-wrapper\">\n\t\t\t\t\t<a class=\"elementor-button elementor-button-link elementor-size-md\" href=\"https:\/\/eriecohealthohio.com\/es\/servicios-de-salud-mental\/servicios-que-ofrecemos\/\">\n\t\t\t\t\t\t<span class=\"elementor-button-content-wrapper\">\n\t\t\t\t\t\t\t\t\t<span class=\"elementor-button-text\">SERVICIOS<\/span>\n\t\t\t\t\t<\/span>\n\t\t\t\t\t<\/a>\n\t\t\t\t<\/div>\n\t\t\t\t\t\t\t\t<\/div>\n\t\t\t\t<\/div>\n\t\t\t\t\t<\/div>\n\t\t<\/div>\n\t\t\t\t<div class=\"elementor-column elementor-col-16 elementor-top-column elementor-element elementor-element-331342f7\" data-id=\"331342f7\" data-element_type=\"column\" data-e-type=\"column\">\n\t\t\t<div class=\"elementor-widget-wrap elementor-element-populated\">\n\t\t\t\t\t\t<div class=\"elementor-element elementor-element-6f7e8352 elementor-align-center elementor-widget elementor-widget-button\" data-id=\"6f7e8352\" data-element_type=\"widget\" data-e-type=\"widget\" data-widget_type=\"button.default\">\n\t\t\t\t<div class=\"elementor-widget-container\">\n\t\t\t\t\t\t\t\t\t<div class=\"elementor-button-wrapper\">\n\t\t\t\t\t<a class=\"elementor-button elementor-button-link elementor-size-md\" href=\"https:\/\/eriecohealthohio.com\/es\/servicios-de-salud-mental\/tarifas\/\">\n\t\t\t\t\t\t<span class=\"elementor-button-content-wrapper\">\n\t\t\t\t\t\t\t\t\t<span class=\"elementor-button-text\">TARIFAS<\/span>\n\t\t\t\t\t<\/span>\n\t\t\t\t\t<\/a>\n\t\t\t\t<\/div>\n\t\t\t\t\t\t\t\t<\/div>\n\t\t\t\t<\/div>\n\t\t\t\t\t<\/div>\n\t\t<\/div>\n\t\t\t\t<div class=\"elementor-column elementor-col-16 elementor-top-column elementor-element elementor-element-22dc0125\" data-id=\"22dc0125\" data-element_type=\"column\" data-e-type=\"column\">\n\t\t\t<div class=\"elementor-widget-wrap elementor-element-populated\">\n\t\t\t\t\t\t<div class=\"elementor-element elementor-element-1d760397 elementor-align-center elementor-widget elementor-widget-button\" data-id=\"1d760397\" data-element_type=\"widget\" data-e-type=\"widget\" data-widget_type=\"button.default\">\n\t\t\t\t<div class=\"elementor-widget-container\">\n\t\t\t\t\t\t\t\t\t<div class=\"elementor-button-wrapper\">\n\t\t\t\t\t<a class=\"elementor-button elementor-button-link elementor-size-md\" href=\"https:\/\/eriecohealthohio.com\/es\/servicios-de-salud-mental\/preguntas-frecuentes\/\">\n\t\t\t\t\t\t<span class=\"elementor-button-content-wrapper\">\n\t\t\t\t\t\t\t\t\t<span class=\"elementor-button-text\">PREGUNTAS FRECUENTES<\/span>\n\t\t\t\t\t<\/span>\n\t\t\t\t\t<\/a>\n\t\t\t\t<\/div>\n\t\t\t\t\t\t\t\t<\/div>\n\t\t\t\t<\/div>\n\t\t\t\t\t<\/div>\n\t\t<\/div>\n\t\t\t\t<div class=\"elementor-column elementor-col-16 elementor-top-column elementor-element elementor-element-4dcfd101\" data-id=\"4dcfd101\" data-element_type=\"column\" data-e-type=\"column\">\n\t\t\t<div class=\"elementor-widget-wrap elementor-element-populated\">\n\t\t\t\t\t\t<div class=\"elementor-element elementor-element-667fe310 elementor-align-center elementor-widget elementor-widget-button\" data-id=\"667fe310\" data-element_type=\"widget\" data-e-type=\"widget\" data-widget_type=\"button.default\">\n\t\t\t\t<div class=\"elementor-widget-container\">\n\t\t\t\t\t\t\t\t\t<div class=\"elementor-button-wrapper\">\n\t\t\t\t\t<a class=\"elementor-button elementor-button-link elementor-size-md\" href=\"https:\/\/eriecohealthohio.com\/es\/servicios-de-salud-mental\/proveedores\/\">\n\t\t\t\t\t\t<span class=\"elementor-button-content-wrapper\">\n\t\t\t\t\t\t\t\t\t<span class=\"elementor-button-text\">PROVEEDORES<\/span>\n\t\t\t\t\t<\/span>\n\t\t\t\t\t<\/a>\n\t\t\t\t<\/div>\n\t\t\t\t\t\t\t\t<\/div>\n\t\t\t\t<\/div>\n\t\t\t\t\t<\/div>\n\t\t<\/div>\n\t\t\t\t<div class=\"elementor-column elementor-col-16 elementor-top-column elementor-element elementor-element-5cefa3f1\" data-id=\"5cefa3f1\" data-element_type=\"column\" data-e-type=\"column\">\n\t\t\t<div class=\"elementor-widget-wrap elementor-element-populated\">\n\t\t\t\t\t\t<div class=\"elementor-element elementor-element-54a3b9b7 elementor-align-center elementor-widget elementor-widget-button\" data-id=\"54a3b9b7\" data-element_type=\"widget\" data-e-type=\"widget\" data-widget_type=\"button.default\">\n\t\t\t\t<div class=\"elementor-widget-container\">\n\t\t\t\t\t\t\t\t\t<div class=\"elementor-button-wrapper\">\n\t\t\t\t\t<a class=\"elementor-button elementor-button-link elementor-size-md\" href=\"https:\/\/eriecohealthohio.com\/es\/servicios-de-salud-mental\/lugares\/\">\n\t\t\t\t\t\t<span class=\"elementor-button-content-wrapper\">\n\t\t\t\t\t\t\t\t\t<span class=\"elementor-button-text\">UBICACIONES<\/span>\n\t\t\t\t\t<\/span>\n\t\t\t\t\t<\/a>\n\t\t\t\t<\/div>\n\t\t\t\t\t\t\t\t<\/div>\n\t\t\t\t<\/div>\n\t\t\t\t\t<\/div>\n\t\t<\/div>\n\t\t\t\t<div class=\"elementor-column elementor-col-16 elementor-top-column elementor-element elementor-element-1b1f8bd4\" data-id=\"1b1f8bd4\" data-element_type=\"column\" data-e-type=\"column\">\n\t\t\t<div class=\"elementor-widget-wrap elementor-element-populated\">\n\t\t\t\t\t\t<div class=\"elementor-element elementor-element-469548da elementor-align-center elementor-widget elementor-widget-button\" data-id=\"469548da\" data-element_type=\"widget\" data-e-type=\"widget\" data-widget_type=\"button.default\">\n\t\t\t\t<div class=\"elementor-widget-container\">\n\t\t\t\t\t\t\t\t\t<div class=\"elementor-button-wrapper\">\n\t\t\t\t\t<a class=\"elementor-button elementor-button-link elementor-size-md\" href=\"https:\/\/eriecohealthohio.com\/es\/servicios-de-salud-mental\/pongase-en-contacto-con\/\">\n\t\t\t\t\t\t<span class=\"elementor-button-content-wrapper\">\n\t\t\t\t\t\t\t\t\t<span class=\"elementor-button-text\">CONTACTO<\/span>\n\t\t\t\t\t<\/span>\n\t\t\t\t\t<\/a>\n\t\t\t\t<\/div>\n\t\t\t\t\t\t\t\t<\/div>\n\t\t\t\t<\/div>\n\t\t\t\t\t<\/div>\n\t\t<\/div>\n\t\t\t\t\t<\/div>\n\t\t<\/section>\n\t\t\t\t<section data-particle_enable=\"false\" data-particle-mobile-disabled=\"false\" class=\"elementor-section elementor-top-section elementor-element elementor-element-6ab8c30 elementor-section-boxed elementor-section-height-default elementor-section-height-default\" data-id=\"6ab8c30\" data-element_type=\"section\" data-e-type=\"section\">\n\t\t\t\t\t\t<div class=\"elementor-container elementor-column-gap-default\">\n\t\t\t\t\t<div class=\"elementor-column elementor-col-100 elementor-top-column elementor-element elementor-element-871bf4c\" data-id=\"871bf4c\" data-element_type=\"column\" data-e-type=\"column\">\n\t\t\t<div class=\"elementor-widget-wrap elementor-element-populated\">\n\t\t\t\t\t\t<div class=\"elementor-element elementor-element-60fc2cb elementor-widget elementor-widget-text-editor\" data-id=\"60fc2cb\" data-element_type=\"widget\" data-e-type=\"widget\" data-widget_type=\"text-editor.default\">\n\t\t\t\t<div class=\"elementor-widget-container\">\n\t\t\t\t\t\t\t\t\t<h4>SERVICIOS DE SALUD MENTAL - PROVEEDORES<\/h4><p>Nuestros proveedores adoptan un enfoque integrador y acogedor de la atenci\u00f3n. Con compasi\u00f3n y respeto, nuestro equipo ofrece servicios personalizados adaptados a las necesidades y circunstancias \u00fanicas de cada persona. Damos prioridad a la creaci\u00f3n de un entorno seguro y acogedor en el que todos se sientan valorados y apoyados en su camino hacia la mejora de la salud mental y el bienestar.<\/p>\t\t\t\t\t\t\t\t<\/div>\n\t\t\t\t<\/div>\n\t\t\t\t\t<\/div>\n\t\t<\/div>\n\t\t\t\t\t<\/div>\n\t\t<\/section>\n\t\t\t\t<section data-particle_enable=\"false\" data-particle-mobile-disabled=\"false\" class=\"elementor-section elementor-top-section elementor-element elementor-element-d228f0c elementor-section-boxed elementor-section-height-default elementor-section-height-default\" data-id=\"d228f0c\" data-element_type=\"section\" data-e-type=\"section\">\n\t\t\t\t\t\t<div class=\"elementor-container elementor-column-gap-default\">\n\t\t\t\t\t<div class=\"elementor-column elementor-col-50 elementor-top-column elementor-element elementor-element-ab5d5b8\" data-id=\"ab5d5b8\" data-element_type=\"column\" data-e-type=\"column\">\n\t\t\t<div class=\"elementor-widget-wrap elementor-element-populated\">\n\t\t\t\t\t\t<div class=\"elementor-element elementor-element-7abeaf8 elementor-widget elementor-widget-image\" data-id=\"7abeaf8\" data-element_type=\"widget\" data-e-type=\"widget\" data-widget_type=\"image.default\">\n\t\t\t\t<div class=\"elementor-widget-container\">\n\t\t\t\t\t\t\t\t\t\t\t\t\t\t\t<img decoding=\"async\" width=\"800\" height=\"534\" src=\"https:\/\/eriecohealthohio.com\/wp-content\/uploads\/2024\/03\/MH-Providers-1-1024x683.png\" class=\"attachment-large size-large wp-image-17139\" alt=\"Tarjeta Baus 1B\" srcset=\"https:\/\/eriecohealthohio.com\/wp-content\/uploads\/2024\/03\/MH-Providers-1-1024x683.png 1024w, https:\/\/eriecohealthohio.com\/wp-content\/uploads\/2024\/03\/MH-Providers-1-300x200.png 300w, https:\/\/eriecohealthohio.com\/wp-content\/uploads\/2024\/03\/MH-Providers-1-768x512.png 768w, https:\/\/eriecohealthohio.com\/wp-content\/uploads\/2024\/03\/MH-Providers-1-1536x1024.png 1536w, https:\/\/eriecohealthohio.com\/wp-content\/uploads\/2024\/03\/MH-Providers-1-18x12.png 18w, https:\/\/eriecohealthohio.com\/wp-content\/uploads\/2024\/03\/MH-Providers-1.png 1800w\" sizes=\"(max-width: 800px) 100vw, 800px\" \/>\t\t\t\t\t\t\t\t\t\t\t\t\t\t\t<\/div>\n\t\t\t\t<\/div>\n\t\t\t\t\t<\/div>\n\t\t<\/div>\n\t\t\t\t<div class=\"elementor-column elementor-col-50 elementor-top-column elementor-element elementor-element-70435bb\" data-id=\"70435bb\" data-element_type=\"column\" data-e-type=\"column\">\n\t\t\t<div class=\"elementor-widget-wrap elementor-element-populated\">\n\t\t\t\t\t\t<div class=\"elementor-element elementor-element-de9dcac elementor-widget elementor-widget-image\" data-id=\"de9dcac\" data-element_type=\"widget\" data-e-type=\"widget\" data-widget_type=\"image.default\">\n\t\t\t\t<div class=\"elementor-widget-container\">\n\t\t\t\t\t\t\t\t\t\t\t\t\t\t\t<img decoding=\"async\" width=\"800\" height=\"534\" src=\"https:\/\/eriecohealthohio.com\/wp-content\/uploads\/2024\/03\/2-1024x683.png\" class=\"attachment-large size-large wp-image-17118\" alt=\"Tarjeta Britton 2\" srcset=\"https:\/\/eriecohealthohio.com\/wp-content\/uploads\/2024\/03\/2-1024x683.png 1024w, https:\/\/eriecohealthohio.com\/wp-content\/uploads\/2024\/03\/2-300x200.png 300w, https:\/\/eriecohealthohio.com\/wp-content\/uploads\/2024\/03\/2-768x512.png 768w, https:\/\/eriecohealthohio.com\/wp-content\/uploads\/2024\/03\/2-1536x1024.png 1536w, https:\/\/eriecohealthohio.com\/wp-content\/uploads\/2024\/03\/2-2048x1365.png 2048w, https:\/\/eriecohealthohio.com\/wp-content\/uploads\/2024\/03\/2-18x12.png 18w\" sizes=\"(max-width: 800px) 100vw, 800px\" \/>\t\t\t\t\t\t\t\t\t\t\t\t\t\t\t<\/div>\n\t\t\t\t<\/div>\n\t\t\t\t\t<\/div>\n\t\t<\/div>\n\t\t\t\t\t<\/div>\n\t\t<\/section>\n\t\t\t\t<section data-particle_enable=\"false\" data-particle-mobile-disabled=\"false\" class=\"elementor-section elementor-top-section elementor-element elementor-element-9551872 elementor-section-boxed elementor-section-height-default elementor-section-height-default\" data-id=\"9551872\" data-element_type=\"section\" data-e-type=\"section\">\n\t\t\t\t\t\t<div class=\"elementor-container elementor-column-gap-default\">\n\t\t\t\t\t<div class=\"elementor-column elementor-col-50 elementor-top-column elementor-element elementor-element-bdb8c88\" data-id=\"bdb8c88\" data-element_type=\"column\" data-e-type=\"column\">\n\t\t\t<div class=\"elementor-widget-wrap elementor-element-populated\">\n\t\t\t\t\t\t<div class=\"elementor-element elementor-element-3df4871 elementor-widget elementor-widget-image\" data-id=\"3df4871\" data-element_type=\"widget\" data-e-type=\"widget\" data-widget_type=\"image.default\">\n\t\t\t\t<div class=\"elementor-widget-container\">\n\t\t\t\t\t\t\t\t\t\t\t\t\t\t\t<img loading=\"lazy\" decoding=\"async\" width=\"800\" height=\"534\" src=\"https:\/\/eriecohealthohio.com\/wp-content\/uploads\/2024\/03\/MH-Providers-1024x683.png\" class=\"attachment-large size-large wp-image-17140\" alt=\"Tarjeta Kennebeck 3B\" srcset=\"https:\/\/eriecohealthohio.com\/wp-content\/uploads\/2024\/03\/MH-Providers-1024x683.png 1024w, https:\/\/eriecohealthohio.com\/wp-content\/uploads\/2024\/03\/MH-Providers-300x200.png 300w, https:\/\/eriecohealthohio.com\/wp-content\/uploads\/2024\/03\/MH-Providers-768x512.png 768w, https:\/\/eriecohealthohio.com\/wp-content\/uploads\/2024\/03\/MH-Providers-1536x1024.png 1536w, https:\/\/eriecohealthohio.com\/wp-content\/uploads\/2024\/03\/MH-Providers-18x12.png 18w, https:\/\/eriecohealthohio.com\/wp-content\/uploads\/2024\/03\/MH-Providers.png 1800w\" sizes=\"(max-width: 800px) 100vw, 800px\" \/>\t\t\t\t\t\t\t\t\t\t\t\t\t\t\t<\/div>\n\t\t\t\t<\/div>\n\t\t\t\t\t<\/div>\n\t\t<\/div>\n\t\t\t\t<div class=\"elementor-column elementor-col-50 elementor-top-column elementor-element elementor-element-79f6dfd\" data-id=\"79f6dfd\" data-element_type=\"column\" data-e-type=\"column\">\n\t\t\t<div class=\"elementor-widget-wrap elementor-element-populated\">\n\t\t\t\t\t\t<div class=\"elementor-element elementor-element-d136850 elementor-widget elementor-widget-image\" data-id=\"d136850\" data-element_type=\"widget\" data-e-type=\"widget\" data-widget_type=\"image.default\">\n\t\t\t\t<div class=\"elementor-widget-container\">\n\t\t\t\t\t\t\t\t\t\t\t\t\t\t\t<img loading=\"lazy\" decoding=\"async\" width=\"800\" height=\"534\" src=\"https:\/\/eriecohealthohio.com\/wp-content\/uploads\/2024\/03\/4-1024x683.png\" class=\"attachment-large size-large wp-image-17120\" alt=\"Tarjeta Lang 4\" srcset=\"https:\/\/eriecohealthohio.com\/wp-content\/uploads\/2024\/03\/4-1024x683.png 1024w, https:\/\/eriecohealthohio.com\/wp-content\/uploads\/2024\/03\/4-300x200.png 300w, https:\/\/eriecohealthohio.com\/wp-content\/uploads\/2024\/03\/4-768x512.png 768w, https:\/\/eriecohealthohio.com\/wp-content\/uploads\/2024\/03\/4-1536x1024.png 1536w, https:\/\/eriecohealthohio.com\/wp-content\/uploads\/2024\/03\/4-2048x1365.png 2048w, https:\/\/eriecohealthohio.com\/wp-content\/uploads\/2024\/03\/4-18x12.png 18w\" sizes=\"(max-width: 800px) 100vw, 800px\" \/>\t\t\t\t\t\t\t\t\t\t\t\t\t\t\t<\/div>\n\t\t\t\t<\/div>\n\t\t\t\t\t<\/div>\n\t\t<\/div>\n\t\t\t\t\t<\/div>\n\t\t<\/section>\n\t\t\t\t<\/div>","protected":false},"excerpt":{"rendered":"<p>SERVICES FEES FAQ&#8217;S PROVIDERS LOCATIONS CONTACT MENTAL HEALTH SERVICES &#8211; PROVIDERS Our providers embrace an inclusive and welcoming approach to care. With compassion and respect, our team offers personalized services tailored to each individual&#8217;s unique needs and circumstances. We prioritize creating a safe and accepting environment where everyone feels valued and supported on their journey [&hellip;]<\/p>\n","protected":false},"author":1,"featured_media":0,"parent":16911,"menu_order":0,"comment_status":"closed","ping_status":"closed","template":"","meta":{"footnotes":"","_links_to":"","_links_to_target":""},"class_list":["post-16919","page","type-page","status-publish","hentry"],"_links":{"self":[{"href":"https:\/\/eriecohealthohio.com\/es\/wp-json\/wp\/v2\/pages\/16919","targetHints":{"allow":["GET"]}}],"collection":[{"href":"https:\/\/eriecohealthohio.com\/es\/wp-json\/wp\/v2\/pages"}],"about":[{"href":"https:\/\/eriecohealthohio.com\/es\/wp-json\/wp\/v2\/types\/page"}],"author":[{"embeddable":true,"href":"https:\/\/eriecohealthohio.com\/es\/wp-json\/wp\/v2\/users\/1"}],"replies":[{"embeddable":true,"href":"https:\/\/eriecohealthohio.com\/es\/wp-json\/wp\/v2\/comments?post=16919"}],"version-history":[{"count":0,"href":"https:\/\/eriecohealthohio.com\/es\/wp-json\/wp\/v2\/pages\/16919\/revisions"}],"up":[{"embeddable":true,"href":"https:\/\/eriecohealthohio.com\/es\/wp-json\/wp\/v2\/pages\/16911"}],"wp:attachment":[{"href":"https:\/\/eriecohealthohio.com\/es\/wp-json\/wp\/v2\/media?parent=16919"}],"curies":[{"name":"wp","href":"https:\/\/api.w.org\/{rel}","templated":true}]}}