{"id":16913,"date":"2024-03-12T07:42:21","date_gmt":"2024-03-12T12:42:21","guid":{"rendered":"https:\/\/eriecohealthohio.com\/?page_id=16913"},"modified":"2024-12-17T10:37:07","modified_gmt":"2024-12-17T14:37:07","slug":"servicios-que-ofrecemos","status":"publish","type":"page","link":"https:\/\/eriecohealthohio.com\/es\/mental-health-services\/services-we-offer\/","title":{"rendered":"SERVICIOS QUE OFRECEMOS"},"content":{"rendered":"<div data-elementor-type=\"wp-page\" data-elementor-id=\"16913\" class=\"elementor elementor-16913\" data-elementor-post-type=\"page\">\n\t\t\t\t\t\t<section data-particle_enable=\"false\" data-particle-mobile-disabled=\"false\" class=\"elementor-section elementor-top-section elementor-element elementor-element-72841442 elementor-section-boxed elementor-section-height-default elementor-section-height-default\" data-id=\"72841442\" data-element_type=\"section\" data-e-type=\"section\">\n\t\t\t\t\t\t<div class=\"elementor-container elementor-column-gap-default\">\n\t\t\t\t\t<div class=\"elementor-column elementor-col-100 elementor-top-column elementor-element elementor-element-7d321a60\" data-id=\"7d321a60\" data-element_type=\"column\" data-e-type=\"column\">\n\t\t\t<div class=\"elementor-widget-wrap elementor-element-populated\">\n\t\t\t\t\t\t<div class=\"elementor-element elementor-element-722cc75a elementor-widget elementor-widget-image\" data-id=\"722cc75a\" data-element_type=\"widget\" data-e-type=\"widget\" data-widget_type=\"image.default\">\n\t\t\t\t<div class=\"elementor-widget-container\">\n\t\t\t\t\t\t\t\t\t\t\t\t\t\t\t\t<a href=\"https:\/\/eriecohealthohio.com\/es\/servicios-de-salud-mental\/\">\n\t\t\t\t\t\t\t<img fetchpriority=\"high\" decoding=\"async\" width=\"1600\" height=\"600\" src=\"https:\/\/eriecohealthohio.com\/wp-content\/uploads\/2024\/03\/Mental-Health-Services-Spanish.png\" class=\"attachment-full size-full wp-image-16931\" alt=\"Servicios de salud mental\" srcset=\"https:\/\/eriecohealthohio.com\/wp-content\/uploads\/2024\/03\/Mental-Health-Services-Spanish.png 1600w, https:\/\/eriecohealthohio.com\/wp-content\/uploads\/2024\/03\/Mental-Health-Services-Spanish-300x113.png 300w, https:\/\/eriecohealthohio.com\/wp-content\/uploads\/2024\/03\/Mental-Health-Services-Spanish-1024x384.png 1024w, https:\/\/eriecohealthohio.com\/wp-content\/uploads\/2024\/03\/Mental-Health-Services-Spanish-768x288.png 768w, https:\/\/eriecohealthohio.com\/wp-content\/uploads\/2024\/03\/Mental-Health-Services-Spanish-1536x576.png 1536w, https:\/\/eriecohealthohio.com\/wp-content\/uploads\/2024\/03\/Mental-Health-Services-Spanish-18x7.png 18w\" sizes=\"(max-width: 1600px) 100vw, 1600px\" \/>\t\t\t\t\t\t\t\t<\/a>\n\t\t\t\t\t\t\t\t\t\t\t\t\t\t\t<\/div>\n\t\t\t\t<\/div>\n\t\t\t\t\t<\/div>\n\t\t<\/div>\n\t\t\t\t\t<\/div>\n\t\t<\/section>\n\t\t\t\t<section data-particle_enable=\"false\" data-particle-mobile-disabled=\"false\" class=\"elementor-section elementor-top-section elementor-element elementor-element-510ca749 elementor-section-boxed elementor-section-height-default elementor-section-height-default\" data-id=\"510ca749\" data-element_type=\"section\" data-e-type=\"section\">\n\t\t\t\t\t\t<div class=\"elementor-container elementor-column-gap-default\">\n\t\t\t\t\t<div class=\"elementor-column elementor-col-16 elementor-top-column elementor-element elementor-element-70506bcc\" data-id=\"70506bcc\" data-element_type=\"column\" data-e-type=\"column\">\n\t\t\t<div class=\"elementor-widget-wrap elementor-element-populated\">\n\t\t\t\t\t\t<div class=\"elementor-element elementor-element-30c59d2b elementor-align-center elementor-widget elementor-widget-button\" data-id=\"30c59d2b\" data-element_type=\"widget\" data-e-type=\"widget\" data-widget_type=\"button.default\">\n\t\t\t\t<div class=\"elementor-widget-container\">\n\t\t\t\t\t\t\t\t\t<div class=\"elementor-button-wrapper\">\n\t\t\t\t\t<a class=\"elementor-button elementor-button-link elementor-size-md\" href=\"https:\/\/eriecohealthohio.com\/es\/servicios-de-salud-mental\/servicios-que-ofrecemos\/\">\n\t\t\t\t\t\t<span class=\"elementor-button-content-wrapper\">\n\t\t\t\t\t\t\t\t\t<span class=\"elementor-button-text\">SERVICIOS<\/span>\n\t\t\t\t\t<\/span>\n\t\t\t\t\t<\/a>\n\t\t\t\t<\/div>\n\t\t\t\t\t\t\t\t<\/div>\n\t\t\t\t<\/div>\n\t\t\t\t\t<\/div>\n\t\t<\/div>\n\t\t\t\t<div class=\"elementor-column elementor-col-16 elementor-top-column elementor-element elementor-element-7433fdaf\" data-id=\"7433fdaf\" data-element_type=\"column\" data-e-type=\"column\">\n\t\t\t<div class=\"elementor-widget-wrap elementor-element-populated\">\n\t\t\t\t\t\t<div class=\"elementor-element elementor-element-7cc38f53 elementor-align-center elementor-widget elementor-widget-button\" data-id=\"7cc38f53\" data-element_type=\"widget\" data-e-type=\"widget\" data-widget_type=\"button.default\">\n\t\t\t\t<div class=\"elementor-widget-container\">\n\t\t\t\t\t\t\t\t\t<div class=\"elementor-button-wrapper\">\n\t\t\t\t\t<a class=\"elementor-button elementor-button-link elementor-size-md\" href=\"https:\/\/eriecohealthohio.com\/es\/servicios-de-salud-mental\/tarifas\/\">\n\t\t\t\t\t\t<span class=\"elementor-button-content-wrapper\">\n\t\t\t\t\t\t\t\t\t<span class=\"elementor-button-text\">TARIFAS<\/span>\n\t\t\t\t\t<\/span>\n\t\t\t\t\t<\/a>\n\t\t\t\t<\/div>\n\t\t\t\t\t\t\t\t<\/div>\n\t\t\t\t<\/div>\n\t\t\t\t\t<\/div>\n\t\t<\/div>\n\t\t\t\t<div class=\"elementor-column elementor-col-16 elementor-top-column elementor-element elementor-element-5d5c29cb\" data-id=\"5d5c29cb\" data-element_type=\"column\" data-e-type=\"column\">\n\t\t\t<div class=\"elementor-widget-wrap elementor-element-populated\">\n\t\t\t\t\t\t<div class=\"elementor-element elementor-element-40b9f23c elementor-align-center elementor-widget elementor-widget-button\" data-id=\"40b9f23c\" data-element_type=\"widget\" data-e-type=\"widget\" data-widget_type=\"button.default\">\n\t\t\t\t<div class=\"elementor-widget-container\">\n\t\t\t\t\t\t\t\t\t<div class=\"elementor-button-wrapper\">\n\t\t\t\t\t<a class=\"elementor-button elementor-button-link elementor-size-md\" href=\"https:\/\/eriecohealthohio.com\/es\/servicios-de-salud-mental\/preguntas-frecuentes\/\">\n\t\t\t\t\t\t<span class=\"elementor-button-content-wrapper\">\n\t\t\t\t\t\t\t\t\t<span class=\"elementor-button-text\">PREGUNTAS FRECUENTES<\/span>\n\t\t\t\t\t<\/span>\n\t\t\t\t\t<\/a>\n\t\t\t\t<\/div>\n\t\t\t\t\t\t\t\t<\/div>\n\t\t\t\t<\/div>\n\t\t\t\t\t<\/div>\n\t\t<\/div>\n\t\t\t\t<div class=\"elementor-column elementor-col-16 elementor-top-column elementor-element elementor-element-498a1abd\" data-id=\"498a1abd\" data-element_type=\"column\" data-e-type=\"column\">\n\t\t\t<div class=\"elementor-widget-wrap elementor-element-populated\">\n\t\t\t\t\t\t<div class=\"elementor-element elementor-element-2f94ac4 elementor-align-center elementor-widget elementor-widget-button\" data-id=\"2f94ac4\" data-element_type=\"widget\" data-e-type=\"widget\" data-widget_type=\"button.default\">\n\t\t\t\t<div class=\"elementor-widget-container\">\n\t\t\t\t\t\t\t\t\t<div class=\"elementor-button-wrapper\">\n\t\t\t\t\t<a class=\"elementor-button elementor-button-link elementor-size-md\" href=\"https:\/\/eriecohealthohio.com\/es\/servicios-de-salud-mental\/proveedores\/\">\n\t\t\t\t\t\t<span class=\"elementor-button-content-wrapper\">\n\t\t\t\t\t\t\t\t\t<span class=\"elementor-button-text\">PROVEEDORES<\/span>\n\t\t\t\t\t<\/span>\n\t\t\t\t\t<\/a>\n\t\t\t\t<\/div>\n\t\t\t\t\t\t\t\t<\/div>\n\t\t\t\t<\/div>\n\t\t\t\t\t<\/div>\n\t\t<\/div>\n\t\t\t\t<div class=\"elementor-column elementor-col-16 elementor-top-column elementor-element elementor-element-38b3b2c7\" data-id=\"38b3b2c7\" data-element_type=\"column\" data-e-type=\"column\">\n\t\t\t<div class=\"elementor-widget-wrap elementor-element-populated\">\n\t\t\t\t\t\t<div class=\"elementor-element elementor-element-2a385dd elementor-align-center elementor-widget elementor-widget-button\" data-id=\"2a385dd\" data-element_type=\"widget\" data-e-type=\"widget\" data-widget_type=\"button.default\">\n\t\t\t\t<div class=\"elementor-widget-container\">\n\t\t\t\t\t\t\t\t\t<div class=\"elementor-button-wrapper\">\n\t\t\t\t\t<a class=\"elementor-button elementor-button-link elementor-size-md\" href=\"https:\/\/eriecohealthohio.com\/es\/servicios-de-salud-mental\/lugares\/\">\n\t\t\t\t\t\t<span class=\"elementor-button-content-wrapper\">\n\t\t\t\t\t\t\t\t\t<span class=\"elementor-button-text\">UBICACIONES<\/span>\n\t\t\t\t\t<\/span>\n\t\t\t\t\t<\/a>\n\t\t\t\t<\/div>\n\t\t\t\t\t\t\t\t<\/div>\n\t\t\t\t<\/div>\n\t\t\t\t\t<\/div>\n\t\t<\/div>\n\t\t\t\t<div class=\"elementor-column elementor-col-16 elementor-top-column elementor-element elementor-element-5c0c5839\" data-id=\"5c0c5839\" data-element_type=\"column\" data-e-type=\"column\">\n\t\t\t<div class=\"elementor-widget-wrap elementor-element-populated\">\n\t\t\t\t\t\t<div class=\"elementor-element elementor-element-5281323f elementor-align-center elementor-widget elementor-widget-button\" data-id=\"5281323f\" data-element_type=\"widget\" data-e-type=\"widget\" data-widget_type=\"button.default\">\n\t\t\t\t<div class=\"elementor-widget-container\">\n\t\t\t\t\t\t\t\t\t<div class=\"elementor-button-wrapper\">\n\t\t\t\t\t<a class=\"elementor-button elementor-button-link elementor-size-md\" href=\"https:\/\/eriecohealthohio.com\/es\/servicios-de-salud-mental\/pongase-en-contacto-con\/\">\n\t\t\t\t\t\t<span class=\"elementor-button-content-wrapper\">\n\t\t\t\t\t\t\t\t\t<span class=\"elementor-button-text\">CONTACTO<\/span>\n\t\t\t\t\t<\/span>\n\t\t\t\t\t<\/a>\n\t\t\t\t<\/div>\n\t\t\t\t\t\t\t\t<\/div>\n\t\t\t\t<\/div>\n\t\t\t\t\t<\/div>\n\t\t<\/div>\n\t\t\t\t\t<\/div>\n\t\t<\/section>\n\t\t\t\t<section data-particle_enable=\"false\" data-particle-mobile-disabled=\"false\" class=\"elementor-section elementor-top-section elementor-element elementor-element-dd6b352 elementor-section-boxed elementor-section-height-default elementor-section-height-default\" data-id=\"dd6b352\" data-element_type=\"section\" data-e-type=\"section\">\n\t\t\t\t\t\t<div class=\"elementor-container elementor-column-gap-default\">\n\t\t\t\t\t<div class=\"elementor-column elementor-col-100 elementor-top-column elementor-element elementor-element-1e45102\" data-id=\"1e45102\" data-element_type=\"column\" data-e-type=\"column\">\n\t\t\t<div class=\"elementor-widget-wrap elementor-element-populated\">\n\t\t\t\t\t\t<div class=\"elementor-element elementor-element-65d92e1 elementor-widget elementor-widget-text-editor\" data-id=\"65d92e1\" data-element_type=\"widget\" data-e-type=\"widget\" data-widget_type=\"text-editor.default\">\n\t\t\t\t<div class=\"elementor-widget-container\">\n\t\t\t\t\t\t\t\t\t<h4>SERVICIOS DE SALUD MENTAL - SERVICIOS QUE OFRECEMOS<\/h4>\t\t\t\t\t\t\t\t<\/div>\n\t\t\t\t<\/div>\n\t\t\t\t\t<\/div>\n\t\t<\/div>\n\t\t\t\t\t<\/div>\n\t\t<\/section>\n\t\t\t\t<section data-particle_enable=\"false\" data-particle-mobile-disabled=\"false\" class=\"elementor-section elementor-top-section elementor-element elementor-element-cd83cc5 elementor-section-boxed elementor-section-height-default elementor-section-height-default\" data-id=\"cd83cc5\" data-element_type=\"section\" data-e-type=\"section\">\n\t\t\t\t\t\t<div class=\"elementor-container elementor-column-gap-default\">\n\t\t\t\t\t<div class=\"elementor-column elementor-col-33 elementor-top-column elementor-element elementor-element-87354e8\" data-id=\"87354e8\" data-element_type=\"column\" data-e-type=\"column\">\n\t\t\t<div class=\"elementor-widget-wrap elementor-element-populated\">\n\t\t\t\t\t\t<div class=\"elementor-element elementor-element-d995cee eael-infobox-content-align--center elementor-widget elementor-widget-eael-info-box\" data-id=\"d995cee\" data-element_type=\"widget\" data-e-type=\"widget\" data-widget_type=\"eael-info-box.default\">\n\t\t\t\t<div class=\"elementor-widget-container\">\n\t\t\t\t\t        <div class=\"eael-infobox icon-on-top\">\n\t            <div class=\"infobox-content\">\n                    <div class=\"infobox-title-section\">\n                <h2 class=\"title\">ASESORAMIENTO SOBRE ADICCIONES<\/h2>            <\/div>\n            <div><p style=\"text-align: center\">El asesoramiento en adicciones aborda el bienestar emocional a lo largo de toda la vida, proporcionando estrategias eficaces y apoyo para ayudarle a llevar una vida m\u00e1s satisfactoria y superar los retos de la vida. Los servicios incluyen asesoramiento sobre adicciones.<\/p><\/div>        <\/div>\n            <\/div>\n\n\t\t\t\t\t\t<\/div>\n\t\t\t\t<\/div>\n\t\t\t\t\t<\/div>\n\t\t<\/div>\n\t\t\t\t<div class=\"elementor-column elementor-col-33 elementor-top-column elementor-element elementor-element-b49cacd\" data-id=\"b49cacd\" data-element_type=\"column\" data-e-type=\"column\">\n\t\t\t<div class=\"elementor-widget-wrap elementor-element-populated\">\n\t\t\t\t\t\t<div class=\"elementor-element elementor-element-5dd8971 eael-infobox-content-align--center elementor-widget elementor-widget-eael-info-box\" data-id=\"5dd8971\" data-element_type=\"widget\" data-e-type=\"widget\" data-widget_type=\"eael-info-box.default\">\n\t\t\t\t<div class=\"elementor-widget-container\">\n\t\t\t\t\t        <div class=\"eael-infobox icon-on-top\">\n\t            <div class=\"infobox-content\">\n                    <div class=\"infobox-title-section\">\n                <h2 class=\"title\">EVALUACI\u00d3N DIAGN\u00d3STICA<\/h2>            <\/div>\n            <div><p style=\"text-align: center\">Nuestros servicios abarcan pruebas de diagn\u00f3stico, incluido el TDAH y otras evaluaciones. Contamos con un enfermero psiqui\u00e1trico en plantilla que proporciona una gesti\u00f3n experta de la medicaci\u00f3n para los problemas de salud mental.<\/p><\/div>        <\/div>\n            <\/div>\n\n\t\t\t\t\t\t<\/div>\n\t\t\t\t<\/div>\n\t\t\t\t\t<\/div>\n\t\t<\/div>\n\t\t\t\t<div class=\"elementor-column elementor-col-33 elementor-top-column elementor-element elementor-element-0fcc5b3\" data-id=\"0fcc5b3\" data-element_type=\"column\" data-e-type=\"column\">\n\t\t\t<div class=\"elementor-widget-wrap elementor-element-populated\">\n\t\t\t\t\t\t<div class=\"elementor-element elementor-element-4855a57 eael-infobox-content-align--center elementor-widget elementor-widget-eael-info-box\" data-id=\"4855a57\" data-element_type=\"widget\" data-e-type=\"widget\" data-widget_type=\"eael-info-box.default\">\n\t\t\t\t<div class=\"elementor-widget-container\">\n\t\t\t\t\t        <div class=\"eael-infobox icon-on-top\">\n\t            <div class=\"infobox-content\">\n                    <div class=\"infobox-title-section\">\n                <h2 class=\"title\">ASESORAMIENTO EN SALUD MENTAL<\/h2>            <\/div>\n            <div><p style=\"text-align: center\">Nuestro programa de asesoramiento en salud mental atiende a personas desde los 5 a\u00f1os hasta la tercera edad. Ofrecemos apoyo y asesoramiento personalizados para promover el bienestar emocional en todas las etapas de la vida. Los servicios est\u00e1n disponibles de forma individual para todos los miembros de la familia.<\/p><\/div>        <\/div>\n            <\/div>\n\n\t\t\t\t\t\t<\/div>\n\t\t\t\t<\/div>\n\t\t\t\t\t<\/div>\n\t\t<\/div>\n\t\t\t\t\t<\/div>\n\t\t<\/section>\n\t\t\t\t<section data-particle_enable=\"false\" data-particle-mobile-disabled=\"false\" class=\"elementor-section elementor-top-section elementor-element elementor-element-35376d9 elementor-section-boxed elementor-section-height-default elementor-section-height-default\" data-id=\"35376d9\" data-element_type=\"section\" data-e-type=\"section\">\n\t\t\t\t\t\t<div class=\"elementor-container elementor-column-gap-default\">\n\t\t\t\t\t<div class=\"elementor-column elementor-col-100 elementor-top-column elementor-element elementor-element-82261a8\" data-id=\"82261a8\" data-element_type=\"column\" data-e-type=\"column\">\n\t\t\t<div class=\"elementor-widget-wrap elementor-element-populated\">\n\t\t\t\t\t\t<div class=\"elementor-element elementor-element-8367662 elementor-widget elementor-widget-text-editor\" data-id=\"8367662\" data-element_type=\"widget\" data-e-type=\"widget\" data-widget_type=\"text-editor.default\">\n\t\t\t\t<div class=\"elementor-widget-container\">\n\t\t\t\t\t\t\t\t\t<h4><strong>LOS SERVICIOS INCLUYEN:<\/strong><\/h4><p><strong>Tratamiento de salud mental para adultos<\/strong> - Problemas relacionados con el alcohol y las drogas, Ansiedad, Depresi\u00f3n, Gesti\u00f3n del estr\u00e9s, Recuperaci\u00f3n de traumas<\/p><p><strong>Terapia individual para adultos<\/strong> - Ansiedad, Depresi\u00f3n, Trastorno bipolar, Gesti\u00f3n del estr\u00e9s, Rutina saludable<\/p><p><strong>Tratamiento de la salud conductual de ni\u00f1os y adolescentes<\/strong> - TDAH, Habilidades de relaci\u00f3n interpersonal, Higiene del sue\u00f1o, Trastornos del estado de \u00e1nimo, Problemas de conducta, Trastorno obsesivo compulsivo, Problemas psicosom\u00e1ticos\/m\u00e9dicos, Ansiedad por separaci\u00f3n, Ansiedad social, Gesti\u00f3n del estr\u00e9s<\/p><p><strong>Evaluaci\u00f3n diagn\u00f3stica<\/strong> - Evaluaci\u00f3n, diagn\u00f3stico y planificaci\u00f3n del tratamiento<\/p><p><strong>Gesti\u00f3n de la medicaci\u00f3n<\/strong><\/p><p><strong>Tratamiento pedi\u00e1trico de salud conductual<\/strong> - Consulta de padres, problemas acad\u00e9micos y de conducta<\/p><p><strong>Evaluaci\u00f3n psicol\u00f3gica<\/strong><\/p>\t\t\t\t\t\t\t\t<\/div>\n\t\t\t\t<\/div>\n\t\t\t\t\t<\/div>\n\t\t<\/div>\n\t\t\t\t\t<\/div>\n\t\t<\/section>\n\t\t\t\t<section data-particle_enable=\"false\" data-particle-mobile-disabled=\"false\" class=\"elementor-section elementor-top-section elementor-element elementor-element-7721e94 elementor-section-boxed elementor-section-height-default elementor-section-height-default\" data-id=\"7721e94\" data-element_type=\"section\" data-e-type=\"section\">\n\t\t\t\t\t\t<div class=\"elementor-container elementor-column-gap-default\">\n\t\t\t\t\t<div class=\"elementor-column elementor-col-33 elementor-top-column elementor-element elementor-element-739382a\" data-id=\"739382a\" data-element_type=\"column\" data-e-type=\"column\">\n\t\t\t<div class=\"elementor-widget-wrap\">\n\t\t\t\t\t\t\t<\/div>\n\t\t<\/div>\n\t\t\t\t<div class=\"elementor-column elementor-col-33 elementor-top-column elementor-element elementor-element-07647db\" data-id=\"07647db\" data-element_type=\"column\" data-e-type=\"column\">\n\t\t\t<div class=\"elementor-widget-wrap\">\n\t\t\t\t\t\t\t<\/div>\n\t\t<\/div>\n\t\t\t\t<div class=\"elementor-column elementor-col-33 elementor-top-column elementor-element elementor-element-ec7400e\" data-id=\"ec7400e\" data-element_type=\"column\" data-e-type=\"column\">\n\t\t\t<div class=\"elementor-widget-wrap\">\n\t\t\t\t\t\t\t<\/div>\n\t\t<\/div>\n\t\t\t\t\t<\/div>\n\t\t<\/section>\n\t\t\t\t<\/div>","protected":false},"excerpt":{"rendered":"<p>SERVICES FEES FAQ&#8217;S PROVIDERS LOCATIONS CONTACT MENTAL HEALTH SERVICES &#8211; SERVICES WE OFFER ADDICTION COUNSELING Addiction counseling addresses emotional well-being across the lifespan, providing effective strategies and support to help you lead a more fulfilling life and navigate life\u2019s challenges. Services include addiction counseling. DIAGNOSTIC EVALUATION Our services encompass diagnostic testing, including ADHD and other [&hellip;]<\/p>\n","protected":false},"author":1,"featured_media":0,"parent":16911,"menu_order":0,"comment_status":"closed","ping_status":"closed","template":"","meta":{"footnotes":"","_links_to":"","_links_to_target":""},"class_list":["post-16913","page","type-page","status-publish","hentry"],"_links":{"self":[{"href":"https:\/\/eriecohealthohio.com\/es\/wp-json\/wp\/v2\/pages\/16913","targetHints":{"allow":["GET"]}}],"collection":[{"href":"https:\/\/eriecohealthohio.com\/es\/wp-json\/wp\/v2\/pages"}],"about":[{"href":"https:\/\/eriecohealthohio.com\/es\/wp-json\/wp\/v2\/types\/page"}],"author":[{"embeddable":true,"href":"https:\/\/eriecohealthohio.com\/es\/wp-json\/wp\/v2\/users\/1"}],"replies":[{"embeddable":true,"href":"https:\/\/eriecohealthohio.com\/es\/wp-json\/wp\/v2\/comments?post=16913"}],"version-history":[{"count":0,"href":"https:\/\/eriecohealthohio.com\/es\/wp-json\/wp\/v2\/pages\/16913\/revisions"}],"up":[{"embeddable":true,"href":"https:\/\/eriecohealthohio.com\/es\/wp-json\/wp\/v2\/pages\/16911"}],"wp:attachment":[{"href":"https:\/\/eriecohealthohio.com\/es\/wp-json\/wp\/v2\/media?parent=16913"}],"curies":[{"name":"wp","href":"https:\/\/api.w.org\/{rel}","templated":true}]}}