{"id":15719,"date":"2023-10-12T18:44:07","date_gmt":"2023-10-12T23:44:07","guid":{"rendered":"https:\/\/eriecohealthohio.com\/?page_id=15719"},"modified":"2025-08-29T10:53:57","modified_gmt":"2025-08-29T14:53:57","slug":"servicios-diurnos-para-adultos-faqs","status":"publish","type":"page","link":"https:\/\/eriecohealthohio.com\/es\/adult-day-services\/adult-day-services-faqs\/","title":{"rendered":"PREGUNTAS FRECUENTES"},"content":{"rendered":"<div data-elementor-type=\"wp-page\" data-elementor-id=\"15719\" class=\"elementor elementor-15719\" data-elementor-post-type=\"page\">\n\t\t\t\t\t\t<section data-particle_enable=\"false\" data-particle-mobile-disabled=\"false\" class=\"elementor-section elementor-top-section elementor-element elementor-element-2aa8a15 elementor-section-boxed elementor-section-height-default elementor-section-height-default\" data-id=\"2aa8a15\" data-element_type=\"section\" data-e-type=\"section\">\n\t\t\t\t\t\t<div class=\"elementor-container elementor-column-gap-default\">\n\t\t\t\t\t<div class=\"elementor-column elementor-col-100 elementor-top-column elementor-element elementor-element-fc7190b\" data-id=\"fc7190b\" data-element_type=\"column\" data-e-type=\"column\">\n\t\t\t<div class=\"elementor-widget-wrap elementor-element-populated\">\n\t\t\t\t\t\t<div class=\"elementor-element elementor-element-341f999 elementor-widget elementor-widget-image\" data-id=\"341f999\" data-element_type=\"widget\" data-e-type=\"widget\" data-no-translation=\"\" data-widget_type=\"image.default\">\n\t\t\t\t<div class=\"elementor-widget-container\">\n\t\t\t\t\t<style>.elementor-element-341f999{display:none !important}<\/style>\t\t\t\t<\/div>\n\t\t\t\t<\/div>\n\t\t\t\t\t<\/div>\n\t\t<\/div>\n\t\t\t\t\t<\/div>\n\t\t<\/section>\n\t\t\t\t<section data-particle_enable=\"false\" data-particle-mobile-disabled=\"false\" class=\"elementor-section elementor-top-section elementor-element elementor-element-6aa13b7 elementor-section-boxed elementor-section-height-default elementor-section-height-default\" data-id=\"6aa13b7\" data-element_type=\"section\" data-e-type=\"section\">\n\t\t\t\t\t\t<div class=\"elementor-container elementor-column-gap-default\">\n\t\t\t\t\t<div class=\"elementor-column elementor-col-100 elementor-top-column elementor-element elementor-element-03cfa88\" data-id=\"03cfa88\" data-element_type=\"column\" data-e-type=\"column\">\n\t\t\t<div class=\"elementor-widget-wrap elementor-element-populated\">\n\t\t\t\t\t\t<div class=\"elementor-element elementor-element-5a7ad6b elementor-widget elementor-widget-image\" data-id=\"5a7ad6b\" data-element_type=\"widget\" data-e-type=\"widget\" data-no-translation=\"\" data-widget_type=\"image.default\">\n\t\t\t\t<div class=\"elementor-widget-container\">\n\t\t\t\t\t\t\t\t\t\t\t\t\t\t\t<img fetchpriority=\"high\" decoding=\"async\" width=\"1600\" height=\"600\" src=\"https:\/\/eriecohealthohio.com\/wp-content\/uploads\/2023\/10\/Centro-de-enriquecimiento-para-mayores-Compass-Point.png\" class=\"attachment-full size-full wp-image-15693\" alt=\"Centro de enriquecimiento para mayores Compass Point\" srcset=\"https:\/\/eriecohealthohio.com\/wp-content\/uploads\/2023\/10\/Centro-de-enriquecimiento-para-mayores-Compass-Point.png 1600w, https:\/\/eriecohealthohio.com\/wp-content\/uploads\/2023\/10\/Centro-de-enriquecimiento-para-mayores-Compass-Point-300x113.png 300w, https:\/\/eriecohealthohio.com\/wp-content\/uploads\/2023\/10\/Centro-de-enriquecimiento-para-mayores-Compass-Point-1024x384.png 1024w, https:\/\/eriecohealthohio.com\/wp-content\/uploads\/2023\/10\/Centro-de-enriquecimiento-para-mayores-Compass-Point-768x288.png 768w, https:\/\/eriecohealthohio.com\/wp-content\/uploads\/2023\/10\/Centro-de-enriquecimiento-para-mayores-Compass-Point-1536x576.png 1536w, https:\/\/eriecohealthohio.com\/wp-content\/uploads\/2023\/10\/Centro-de-enriquecimiento-para-mayores-Compass-Point-18x7.png 18w\" sizes=\"(max-width: 1600px) 100vw, 1600px\" \/>\t\t\t\t\t\t\t\t\t\t\t\t\t\t\t<\/div>\n\t\t\t\t<\/div>\n\t\t\t\t\t<\/div>\n\t\t<\/div>\n\t\t\t\t\t<\/div>\n\t\t<\/section>\n\t\t\t\t<section data-particle_enable=\"false\" data-particle-mobile-disabled=\"false\" class=\"elementor-section elementor-top-section elementor-element elementor-element-b256c82 elementor-section-boxed elementor-section-height-default elementor-section-height-default\" data-id=\"b256c82\" data-element_type=\"section\" data-e-type=\"section\">\n\t\t\t\t\t\t<div class=\"elementor-container elementor-column-gap-default\">\n\t\t\t\t\t<div class=\"elementor-column elementor-col-20 elementor-top-column elementor-element elementor-element-24ac4b4\" data-id=\"24ac4b4\" data-element_type=\"column\" data-e-type=\"column\">\n\t\t\t<div class=\"elementor-widget-wrap elementor-element-populated\">\n\t\t\t\t\t\t<div class=\"elementor-element elementor-element-bcf2523 elementor-align-center elementor-widget elementor-widget-button\" data-id=\"bcf2523\" data-element_type=\"widget\" data-e-type=\"widget\" data-widget_type=\"button.default\">\n\t\t\t\t<div class=\"elementor-widget-container\">\n\t\t\t\t\t\t\t\t\t<div class=\"elementor-button-wrapper\">\n\t\t\t\t\t<a class=\"elementor-button elementor-button-link elementor-size-lg\" href=\"https:\/\/eriecohealthohio.com\/es\/servicios-de-dia-para-adultos\/servicios-diurnos-para-adultos-faqs\/\">\n\t\t\t\t\t\t<span class=\"elementor-button-content-wrapper\">\n\t\t\t\t\t\t\t\t\t<span class=\"elementor-button-text\">Preguntas frecuentes<\/span>\n\t\t\t\t\t<\/span>\n\t\t\t\t\t<\/a>\n\t\t\t\t<\/div>\n\t\t\t\t\t\t\t\t<\/div>\n\t\t\t\t<\/div>\n\t\t\t\t\t<\/div>\n\t\t<\/div>\n\t\t\t\t<div class=\"elementor-column elementor-col-20 elementor-top-column elementor-element elementor-element-8f333e3\" data-id=\"8f333e3\" data-element_type=\"column\" data-e-type=\"column\">\n\t\t\t<div class=\"elementor-widget-wrap elementor-element-populated\">\n\t\t\t\t\t\t<div class=\"elementor-element elementor-element-79afbb1 elementor-align-center elementor-widget elementor-widget-button\" data-id=\"79afbb1\" data-element_type=\"widget\" data-e-type=\"widget\" data-widget_type=\"button.default\">\n\t\t\t\t<div class=\"elementor-widget-container\">\n\t\t\t\t\t\t\t\t\t<div class=\"elementor-button-wrapper\">\n\t\t\t\t\t<a class=\"elementor-button elementor-button-link elementor-size-lg\" href=\"https:\/\/eriecohealthohio.com\/es\/servicios-de-dia-para-adultos\/calendario-de-guarderias-para-adultos\/\">\n\t\t\t\t\t\t<span class=\"elementor-button-content-wrapper\">\n\t\t\t\t\t\t\t\t\t<span class=\"elementor-button-text\">CALENDARIO<\/span>\n\t\t\t\t\t<\/span>\n\t\t\t\t\t<\/a>\n\t\t\t\t<\/div>\n\t\t\t\t\t\t\t\t<\/div>\n\t\t\t\t<\/div>\n\t\t\t\t\t<\/div>\n\t\t<\/div>\n\t\t\t\t<div class=\"elementor-column elementor-col-20 elementor-top-column elementor-element elementor-element-090b0fd\" data-id=\"090b0fd\" data-element_type=\"column\" data-e-type=\"column\">\n\t\t\t<div class=\"elementor-widget-wrap elementor-element-populated\">\n\t\t\t\t\t\t<div class=\"elementor-element elementor-element-0265b02 elementor-align-center elementor-widget elementor-widget-button\" data-id=\"0265b02\" data-element_type=\"widget\" data-e-type=\"widget\" data-widget_type=\"button.default\">\n\t\t\t\t<div class=\"elementor-widget-container\">\n\t\t\t\t\t\t\t\t\t<div class=\"elementor-button-wrapper\">\n\t\t\t\t\t<a class=\"elementor-button elementor-button-link elementor-size-lg\" href=\"https:\/\/eriecohealthohio.com\/es\/servicios-de-dia-para-adultos\/menu\/\">\n\t\t\t\t\t\t<span class=\"elementor-button-content-wrapper\">\n\t\t\t\t\t\t\t\t\t<span class=\"elementor-button-text\">MEN\u00da<\/span>\n\t\t\t\t\t<\/span>\n\t\t\t\t\t<\/a>\n\t\t\t\t<\/div>\n\t\t\t\t\t\t\t\t<\/div>\n\t\t\t\t<\/div>\n\t\t\t\t\t<\/div>\n\t\t<\/div>\n\t\t\t\t<div class=\"elementor-column elementor-col-20 elementor-top-column elementor-element elementor-element-7769673\" data-id=\"7769673\" data-element_type=\"column\" data-e-type=\"column\">\n\t\t\t<div class=\"elementor-widget-wrap elementor-element-populated\">\n\t\t\t\t\t\t<div class=\"elementor-element elementor-element-c4844f3 elementor-align-center elementor-widget elementor-widget-button\" data-id=\"c4844f3\" data-element_type=\"widget\" data-e-type=\"widget\" data-widget_type=\"button.default\">\n\t\t\t\t<div class=\"elementor-widget-container\">\n\t\t\t\t\t\t\t\t\t<div class=\"elementor-button-wrapper\">\n\t\t\t\t\t<a class=\"elementor-button elementor-button-link elementor-size-lg\" href=\"https:\/\/eriecohealthohio.com\/es\/servicios-de-dia-para-adultos\/pagina-de-formularios-de-los-servicios-diurnos-para-adultos\/\">\n\t\t\t\t\t\t<span class=\"elementor-button-content-wrapper\">\n\t\t\t\t\t\t\t\t\t<span class=\"elementor-button-text\">FORMULARIOS<\/span>\n\t\t\t\t\t<\/span>\n\t\t\t\t\t<\/a>\n\t\t\t\t<\/div>\n\t\t\t\t\t\t\t\t<\/div>\n\t\t\t\t<\/div>\n\t\t\t\t\t<\/div>\n\t\t<\/div>\n\t\t\t\t<div class=\"elementor-column elementor-col-20 elementor-top-column elementor-element elementor-element-3d7ad9b\" data-id=\"3d7ad9b\" data-element_type=\"column\" data-e-type=\"column\">\n\t\t\t<div class=\"elementor-widget-wrap elementor-element-populated\">\n\t\t\t\t\t\t<div class=\"elementor-element elementor-element-1e81680 elementor-align-center elementor-widget elementor-widget-button\" data-id=\"1e81680\" data-element_type=\"widget\" data-e-type=\"widget\" data-widget_type=\"button.default\">\n\t\t\t\t<div class=\"elementor-widget-container\">\n\t\t\t\t\t\t\t\t\t<div class=\"elementor-button-wrapper\">\n\t\t\t\t\t<a class=\"elementor-button elementor-button-link elementor-size-lg\" href=\"https:\/\/eriecohealthohio.com\/es\/servicios-de-dia-para-adultos\/servicios-de-dia-para-adultos-contacto\/\">\n\t\t\t\t\t\t<span class=\"elementor-button-content-wrapper\">\n\t\t\t\t\t\t\t\t\t<span class=\"elementor-button-text\">CONTACTO<\/span>\n\t\t\t\t\t<\/span>\n\t\t\t\t\t<\/a>\n\t\t\t\t<\/div>\n\t\t\t\t\t\t\t\t<\/div>\n\t\t\t\t<\/div>\n\t\t\t\t\t<\/div>\n\t\t<\/div>\n\t\t\t\t\t<\/div>\n\t\t<\/section>\n\t\t\t\t<section data-particle_enable=\"false\" data-particle-mobile-disabled=\"false\" class=\"elementor-section elementor-top-section elementor-element elementor-element-09a39ab elementor-section-boxed elementor-section-height-default elementor-section-height-default\" data-id=\"09a39ab\" data-element_type=\"section\" data-e-type=\"section\">\n\t\t\t\t\t\t<div class=\"elementor-container elementor-column-gap-default\">\n\t\t\t\t\t<div class=\"elementor-column elementor-col-100 elementor-top-column elementor-element elementor-element-6a53297\" data-id=\"6a53297\" data-element_type=\"column\" data-e-type=\"column\">\n\t\t\t<div class=\"elementor-widget-wrap elementor-element-populated\">\n\t\t\t\t\t\t<div class=\"elementor-element elementor-element-debcdfd elementor-widget elementor-widget-text-editor\" data-id=\"debcdfd\" data-element_type=\"widget\" data-e-type=\"widget\" data-widget_type=\"text-editor.default\">\n\t\t\t\t<div class=\"elementor-widget-container\">\n\t\t\t\t\t\t\t\t\t<h4>CENTRO DE ENRIQUECIMIENTO PARA MAYORES COMPASS POINT - FAQ'S<\/h4><p><strong>\u00bfQu\u00e9 son los servicios diurnos para adultos?<\/strong><\/p><p>Compass Point Senior Enrichment Center es una alternativa asequible para la atenci\u00f3n domiciliaria y a largo plazo dise\u00f1ada para satisfacer las necesidades de los adultos que tienen un diagn\u00f3stico de demencia o que est\u00e1n aislados, necesitan supervisi\u00f3n diurna u oportunidades de socializaci\u00f3n, interacci\u00f3n, gesti\u00f3n de la medicaci\u00f3n y control m\u00e9dico.\u00a0\u00a0<\/p><p><strong>\u00bfQui\u00e9n se beneficia de los servicios diurnos para adultos?<\/strong><\/p><p>Tanto los cuidadores como los participantes se benefician en Compass Point Senior Enrichment Center. Los cuidadores ganan en tranquilidad, mejoran las relaciones con sus seres queridos, reciben apoyo y recursos de sus compa\u00f1eros, aumentan su independencia y reducen el estr\u00e9s y la ansiedad. Los participantes pueden experimentar una mayor independencia y un mejor funcionamiento social, cognitivo y f\u00edsico. Los participantes tambi\u00e9n reciben comidas y tentempi\u00e9s nutritivos, asistencia con la medicaci\u00f3n y seguimiento m\u00e9dico, socializaci\u00f3n y apoyo entre iguales. Los servicios diurnos para adultos pueden ayudar a reducir la depresi\u00f3n y la soledad, as\u00ed como a mejorar la calidad de vida en general en un entorno supervisado.\u00a0<\/p><p><strong>\u00bfPor qu\u00e9 elegir los Servicios de D\u00eda para Adultos en lugar de los cuidados a domicilio o de larga duraci\u00f3n?<\/strong><\/p><p>Compass Point Senior Enrichment Center permite a los participantes envejecer en casa con sus familias y en sus propios hogares mientras siguen recibiendo supervisi\u00f3n m\u00e9dica e interactuando con compa\u00f1eros para reducir el aislamiento.  Los servicios diurnos para adultos pueden utilizarse junto con los servicios a domicilio y permiten al participante envejecer en su propio hogar.<\/p><p><strong>\u00bfEn qu\u00e9 horario est\u00e1 disponible ADS?<\/strong><\/p><p>Nuestro horario en Compass Point Senior Enrichment Center es de lunes a jueves de 7:30 a 17:30.<\/p><p><strong>\u00bfLas comidas est\u00e1n incluidas en el precio?<\/strong><\/p><p>S\u00ed, todos los d\u00edas se sirve un almuerzo caliente aprobado por un dietista y tentempi\u00e9s sin coste adicional.<\/p><p><strong>\u00a0\u00bfC\u00f3mo se determina el nivel de atenci\u00f3n?<\/strong><\/p><p>Los cuidados giran en torno a las necesidades de cada participante e incluyen servicios que le ayudan a funcionar al m\u00e1ximo nivel de su capacidad.  Cada participante contribuye a crear un Plan de Cuidados Individualizado para garantizar que se satisfacen sus necesidades cognitivas, emocionales y f\u00edsicas.<\/p><p><strong>\u00bfQu\u00e9 tipos de servicios se prestan?<\/strong><\/p><p>Programaci\u00f3n de actividades estructuradas, evaluaciones de salud, supervisi\u00f3n y\/o ayuda con las actividades de la vida diaria (duchas y aseo), supervisi\u00f3n de la administraci\u00f3n de medicamentos y transporte son algunos de los servicios que se prestan en Compass Point Senior Enrichment Center.<\/p><p><strong>\u00bfSe dispensan medicamentos?<\/strong><\/p><p>S\u00ed, los medicamentos pueden ser dispensados por el personal de Compass Point Senior Enrichment Center con una orden m\u00e9dica apropiada.  Todos los medicamentos deben ser proporcionados en su envase original de la farmacia con la etiqueta de la farmacia, la dosis y las instrucciones.  Es responsabilidad del participante o de la persona que lo cuida proveer a Compass Point Senior Enrichment Center con cualquier medicamento.  Los participantes no pueden tomar medicamentos recetados o no recetados sin supervisi\u00f3n y para la seguridad de todos los participantes, todos los medicamentos deben ser guardados de forma segura por el personal de enfermer\u00eda.<\/p><p><strong>\u00bfQu\u00e9 actividades se ofrecen?<\/strong><\/p><p>La programaci\u00f3n de actividades est\u00e1 dise\u00f1ada para cada participante con un enfoque centrado en la persona y basado en los intereses y necesidades de cada individuo.  El Director de Actividades de Compass Point Senior Enrichment Center se re\u00fane con cada participante y su(s) cuidador(es) para crear el plan de actividades de atenci\u00f3n.  Las actividades pueden variar desde peque\u00f1os grupos, fiestas, clases, ejercicio f\u00edsico, juegos, salidas, creatividad y programas para la estimulaci\u00f3n cerebral.\u00a0 <a href=\"https:\/\/eriecohealthohio.com\/es\/servicios-de-dia-para-adultos\/calendario-de-guarderias-para-adultos\/\">Para m\u00e1s informaci\u00f3n, consulte nuestro calendario mensual de actividades.<\/a><\/p><p><strong>\u00a0\u00bfC\u00f3mo es un d\u00eda normal en Compass Point Senior Enrichment Center?<\/strong><\/p><p>Cuando los participantes llegan a Compass Point Senior Enrichment Center son recibidos por el personal y asistidos en caso necesario.  El caf\u00e9 y\/o el t\u00e9 de la ma\u00f1ana, el almuerzo y un tentempi\u00e9 pueden acompa\u00f1ar las actividades en peque\u00f1os grupos y en la mesa.  A lo largo del d\u00eda, los participantes participan individualmente y en grupos, reciben medicaci\u00f3n seg\u00fan las indicaciones y se les proporciona un ba\u00f1o si lo solicitan.  Los participantes pueden elegir unirse a cualquier actividad de grupo o que se les proporcionen actividades individuales.<\/p><p><strong>\u00bfQui\u00e9n se ocupa de los participantes?<\/strong><\/p><p>Compass Point Senior Enrichment Center cuenta con personal experimentado y capacitado para satisfacer las necesidades de los participantes.  Esto puede incluir un RN, LPN, trabajador social, coordinador de atenci\u00f3n cl\u00ednica, director de actividades y asistentes de cuidado personal.<\/p><p><strong>\u00bfNecesito la recomendaci\u00f3n de un m\u00e9dico?<\/strong><\/p><p>No se requiere una remisi\u00f3n formal, pero s\u00ed una declaraci\u00f3n de salud cumplimentada y firmada por el m\u00e9dico del participante.<\/p><p><strong>\u00bfQu\u00e9 limitaciones f\u00edsicas y condiciones m\u00e9dicas pueden adaptarse?<\/strong><\/p><p>P\u00f3ngase en contacto con nosotros para hablar de sus necesidades individuales.  En general, los participantes deben ser capaces de soportar peso y necesitar una ayuda m\u00ednima para las transferencias y el aseo.  El participante debe cumplir con la capacidad cognitiva para comprometerse y participar en las actividades.<\/p><p><strong>\u00bfCu\u00e1les son las edades de los participantes en la ADS?<\/strong><\/p><p>Por lo general, los participantes son mayores de 55 a\u00f1os.  P\u00f3ngase en contacto con nosotros para hablar de sus necesidades individuales.<\/p><p>Compass Point Senior Enrichment Center no negar\u00e1 la participaci\u00f3n a ning\u00fan solicitante por motivos de raza, religi\u00f3n, g\u00e9nero, expresi\u00f3n de g\u00e9nero, nacionalidad, estado civil, orientaci\u00f3n sexual o condici\u00f3n militar, en ninguna de sus actividades u operaciones.<\/p><p><strong>\u00bfCu\u00e1l es el proceso para solicitar y ser aceptado como participante?<\/strong><\/p><p>\u00a0En nuestro sitio web puede cumplimentarse un formulario de solicitud de participaci\u00f3n y una encuesta de inter\u00e9s por las actividades.\u00a0<a href=\"https:\/\/eriecohealthohio.com\/es\/servicios-de-dia-para-adultos\/pagina-de-formularios-de-los-servicios-diurnos-para-adultos\/\"><strong>(pulse aqu\u00ed)<\/strong><\/a>\u00a0o imprimirla y envi\u00e1rnosla por correo.  Una vez revisado por el personal, se programar\u00e1 una cita para una visita y una entrevista. La Evaluaci\u00f3n de Salud debe ser completada por el m\u00e9dico del participante e incluir un DNR, si procede.<\/p><p><strong>\u00a0\u00bfCon qu\u00e9 frecuencia puede asistir un participante?<\/strong><\/p><p>Los participantes pueden asistir a jornadas completas de hasta 4 d\u00edas a la semana.<\/p><p><strong>\u00bfSe puede participar sin cita previa?<\/strong><\/p><p>S\u00ed, se aceptan inscripciones espont\u00e1neas una vez que el participante est\u00e1 inscrito en el programa.<\/p><p><strong>\u00bfHay transporte disponible?<\/strong><\/p><p>S\u00ed, el transporte est\u00e1 disponible por una tarifa nominal dentro de un radio de 30 millas de nuestras instalaciones. \u00a0<\/p><p><strong>\u00bfQu\u00e9 servicios se ofrecen a las familias?<\/strong><\/p><p>Las familias y los cuidadores tienen a su disposici\u00f3n grupos de apoyo, recursos y oportunidades de voluntariado.<\/p><p><strong>\u00bfQu\u00e9 puede y debe llevar un participante a Compass Point Senior Enrichment Center?<\/strong><\/p><p>Los participantes deben traer los medicamentos recetados por el m\u00e9dico en sus envases originales etiquetados si van a ser administrados en el centro, una muda de ropa y cualquier art\u00edculo de aseo personal.  Los participantes tambi\u00e9n pueden optar por dejar una muda de ropa en el centro.  Cada participante dispondr\u00e1 de su propio espacio para guardar sus objetos personales.  Se ruega etiquetar todos los objetos personales con el nombre del participante.<\/p><p><strong>\u00bfEst\u00e1n regulados los servicios de d\u00eda para adultos?<\/strong><\/p><p>S\u00ed, por el Departamento de la Tercera Edad de Ohio, Ohio Medicaid y la Asociaci\u00f3n Nacional de Servicios Diurnos para Adultos.<\/p><p><strong>\u00bfC\u00f3mo pagan los participantes los servicios diurnos para adultos?<\/strong><\/p><p>Los servicios de ADS suelen ser de pago privado; no obstante, se recomienda a los participantes y cuidadores que consulten con sus proveedores de seguros si ADS es un servicio cubierto. Medicare no cubre actualmente el coste de los servicios diurnos para adultos. Los participantes tambi\u00e9n pueden cumplir ciertos requisitos para otros programas. P\u00f3ngase en contacto con nosotros para obtener m\u00e1s informaci\u00f3n.\u00a0<\/p><p><strong>\u00bfSe organizan visitas guiadas?<\/strong><\/p><p>S\u00ed.  P\u00f3ngase en contacto con nosotros en\u00a0<strong>419-502-1020<\/strong>\u00a0para programar su visita y\/o visita de prueba.<\/p><p><strong>\u00bfA qui\u00e9n debo dirigirme si tengo preguntas o dudas?<br \/><\/strong><a href=\"mailto:adultdayy@echdohio.org\"><strong>adultday@echdohio.org<\/strong><\/a><br \/><strong>419-502-1020<\/strong><\/p>\t\t\t\t\t\t\t\t<\/div>\n\t\t\t\t<\/div>\n\t\t\t\t\t<\/div>\n\t\t<\/div>\n\t\t\t\t\t<\/div>\n\t\t<\/section>\n\t\t\t\t<\/div>","protected":false},"excerpt":{"rendered":"<p>FAQ&#8217;s CALENDAR MENU FORMS CONTACT COMPASS POINT SENIOR ENRICHMENT CENTER &#8211; FAQ&#8217;S What are Adult Day Services? Compass Point Senior Enrichment Center is an affordable alternative for in-home and long-term care designed to meet the needs of adults who have a dementia diagnosis or who are isolated, need daytime supervision or opportunities for socialization, interaction, [&hellip;]<\/p>\n","protected":false},"author":1,"featured_media":0,"parent":15675,"menu_order":0,"comment_status":"closed","ping_status":"closed","template":"","meta":{"footnotes":"","_links_to":"","_links_to_target":""},"class_list":["post-15719","page","type-page","status-publish","hentry"],"_links":{"self":[{"href":"https:\/\/eriecohealthohio.com\/es\/wp-json\/wp\/v2\/pages\/15719","targetHints":{"allow":["GET"]}}],"collection":[{"href":"https:\/\/eriecohealthohio.com\/es\/wp-json\/wp\/v2\/pages"}],"about":[{"href":"https:\/\/eriecohealthohio.com\/es\/wp-json\/wp\/v2\/types\/page"}],"author":[{"embeddable":true,"href":"https:\/\/eriecohealthohio.com\/es\/wp-json\/wp\/v2\/users\/1"}],"replies":[{"embeddable":true,"href":"https:\/\/eriecohealthohio.com\/es\/wp-json\/wp\/v2\/comments?post=15719"}],"version-history":[{"count":0,"href":"https:\/\/eriecohealthohio.com\/es\/wp-json\/wp\/v2\/pages\/15719\/revisions"}],"up":[{"embeddable":true,"href":"https:\/\/eriecohealthohio.com\/es\/wp-json\/wp\/v2\/pages\/15675"}],"wp:attachment":[{"href":"https:\/\/eriecohealthohio.com\/es\/wp-json\/wp\/v2\/media?parent=15719"}],"curies":[{"name":"wp","href":"https:\/\/api.w.org\/{rel}","templated":true}]}}