{"id":15675,"date":"2023-10-10T08:22:56","date_gmt":"2023-10-10T13:22:56","guid":{"rendered":"https:\/\/eriecohealthohio.com\/?page_id=15675"},"modified":"2025-08-29T10:51:39","modified_gmt":"2025-08-29T14:51:39","slug":"servicios-de-dia-para-adultos","status":"publish","type":"page","link":"https:\/\/eriecohealthohio.com\/es\/adult-day-services\/","title":{"rendered":"SERVICIOS DE D\u00cdA PARA ADULTOS"},"content":{"rendered":"<div data-elementor-type=\"wp-page\" data-elementor-id=\"15675\" class=\"elementor elementor-15675\" data-elementor-post-type=\"page\">\n\t\t\t\t\t\t<section data-particle_enable=\"false\" data-particle-mobile-disabled=\"false\" class=\"elementor-section elementor-top-section elementor-element elementor-element-aa03777 elementor-section-boxed elementor-section-height-default elementor-section-height-default\" data-id=\"aa03777\" data-element_type=\"section\" data-e-type=\"section\">\n\t\t\t\t\t\t<div class=\"elementor-container elementor-column-gap-default\">\n\t\t\t\t\t<div class=\"elementor-column elementor-col-100 elementor-top-column elementor-element elementor-element-c6ef3ff\" data-id=\"c6ef3ff\" data-element_type=\"column\" data-e-type=\"column\">\n\t\t\t<div class=\"elementor-widget-wrap elementor-element-populated\">\n\t\t\t\t\t\t<div class=\"elementor-element elementor-element-8304cfc elementor-widget elementor-widget-image\" data-id=\"8304cfc\" data-element_type=\"widget\" data-e-type=\"widget\" data-no-translation=\"\" data-widget_type=\"image.default\">\n\t\t\t\t<div class=\"elementor-widget-container\">\n\t\t\t\t\t<style>.elementor-element-8304cfc{display:none !important}<\/style>\t\t\t\t<\/div>\n\t\t\t\t<\/div>\n\t\t\t\t\t<\/div>\n\t\t<\/div>\n\t\t\t\t\t<\/div>\n\t\t<\/section>\n\t\t\t\t<section data-particle_enable=\"false\" data-particle-mobile-disabled=\"false\" class=\"elementor-section elementor-top-section elementor-element elementor-element-9269264 elementor-section-boxed elementor-section-height-default elementor-section-height-default\" data-id=\"9269264\" data-element_type=\"section\" data-e-type=\"section\">\n\t\t\t\t\t\t<div class=\"elementor-container elementor-column-gap-default\">\n\t\t\t\t\t<div class=\"elementor-column elementor-col-100 elementor-top-column elementor-element elementor-element-e0f95c4\" data-id=\"e0f95c4\" data-element_type=\"column\" data-e-type=\"column\">\n\t\t\t<div class=\"elementor-widget-wrap elementor-element-populated\">\n\t\t\t\t\t\t<div class=\"elementor-element elementor-element-fde2bcc elementor-widget elementor-widget-image\" data-id=\"fde2bcc\" data-element_type=\"widget\" data-e-type=\"widget\" data-no-translation=\"\" data-widget_type=\"image.default\">\n\t\t\t\t<div class=\"elementor-widget-container\">\n\t\t\t\t\t\t\t\t\t\t\t\t\t\t\t<img fetchpriority=\"high\" decoding=\"async\" width=\"1600\" height=\"600\" src=\"https:\/\/eriecohealthohio.com\/wp-content\/uploads\/2023\/10\/Centro-de-enriquecimiento-para-mayores-Compass-Point.png\" class=\"attachment-full size-full wp-image-15693\" alt=\"Centro de enriquecimiento para mayores Compass Point\" srcset=\"https:\/\/eriecohealthohio.com\/wp-content\/uploads\/2023\/10\/Centro-de-enriquecimiento-para-mayores-Compass-Point.png 1600w, https:\/\/eriecohealthohio.com\/wp-content\/uploads\/2023\/10\/Centro-de-enriquecimiento-para-mayores-Compass-Point-300x113.png 300w, https:\/\/eriecohealthohio.com\/wp-content\/uploads\/2023\/10\/Centro-de-enriquecimiento-para-mayores-Compass-Point-1024x384.png 1024w, https:\/\/eriecohealthohio.com\/wp-content\/uploads\/2023\/10\/Centro-de-enriquecimiento-para-mayores-Compass-Point-768x288.png 768w, https:\/\/eriecohealthohio.com\/wp-content\/uploads\/2023\/10\/Centro-de-enriquecimiento-para-mayores-Compass-Point-1536x576.png 1536w, https:\/\/eriecohealthohio.com\/wp-content\/uploads\/2023\/10\/Centro-de-enriquecimiento-para-mayores-Compass-Point-18x7.png 18w\" sizes=\"(max-width: 1600px) 100vw, 1600px\" \/>\t\t\t\t\t\t\t\t\t\t\t\t\t\t\t<\/div>\n\t\t\t\t<\/div>\n\t\t\t\t\t<\/div>\n\t\t<\/div>\n\t\t\t\t\t<\/div>\n\t\t<\/section>\n\t\t\t\t<section data-particle_enable=\"false\" data-particle-mobile-disabled=\"false\" class=\"elementor-section elementor-top-section elementor-element elementor-element-da36212 elementor-section-boxed elementor-section-height-default elementor-section-height-default\" data-id=\"da36212\" data-element_type=\"section\" data-e-type=\"section\">\n\t\t\t\t\t\t<div class=\"elementor-container elementor-column-gap-default\">\n\t\t\t\t\t<div class=\"elementor-column elementor-col-20 elementor-top-column elementor-element elementor-element-ca650db\" data-id=\"ca650db\" data-element_type=\"column\" data-e-type=\"column\">\n\t\t\t<div class=\"elementor-widget-wrap elementor-element-populated\">\n\t\t\t\t\t\t<div class=\"elementor-element elementor-element-69ffe0c elementor-align-center elementor-widget elementor-widget-button\" data-id=\"69ffe0c\" data-element_type=\"widget\" data-e-type=\"widget\" data-widget_type=\"button.default\">\n\t\t\t\t<div class=\"elementor-widget-container\">\n\t\t\t\t\t\t\t\t\t<div class=\"elementor-button-wrapper\">\n\t\t\t\t\t<a class=\"elementor-button elementor-button-link elementor-size-lg\" href=\"https:\/\/eriecohealthohio.com\/es\/servicios-de-dia-para-adultos\/servicios-diurnos-para-adultos-faqs\/\">\n\t\t\t\t\t\t<span class=\"elementor-button-content-wrapper\">\n\t\t\t\t\t\t\t\t\t<span class=\"elementor-button-text\">Preguntas frecuentes<\/span>\n\t\t\t\t\t<\/span>\n\t\t\t\t\t<\/a>\n\t\t\t\t<\/div>\n\t\t\t\t\t\t\t\t<\/div>\n\t\t\t\t<\/div>\n\t\t\t\t\t<\/div>\n\t\t<\/div>\n\t\t\t\t<div class=\"elementor-column elementor-col-20 elementor-top-column elementor-element elementor-element-faee03e\" data-id=\"faee03e\" data-element_type=\"column\" data-e-type=\"column\">\n\t\t\t<div class=\"elementor-widget-wrap elementor-element-populated\">\n\t\t\t\t\t\t<div class=\"elementor-element elementor-element-a1b0dcb elementor-align-center elementor-widget elementor-widget-button\" data-id=\"a1b0dcb\" data-element_type=\"widget\" data-e-type=\"widget\" data-widget_type=\"button.default\">\n\t\t\t\t<div class=\"elementor-widget-container\">\n\t\t\t\t\t\t\t\t\t<div class=\"elementor-button-wrapper\">\n\t\t\t\t\t<a class=\"elementor-button elementor-button-link elementor-size-lg\" href=\"https:\/\/eriecohealthohio.com\/es\/servicios-de-dia-para-adultos\/calendario-de-guarderias-para-adultos\/\">\n\t\t\t\t\t\t<span class=\"elementor-button-content-wrapper\">\n\t\t\t\t\t\t\t\t\t<span class=\"elementor-button-text\">CALENDARIO<\/span>\n\t\t\t\t\t<\/span>\n\t\t\t\t\t<\/a>\n\t\t\t\t<\/div>\n\t\t\t\t\t\t\t\t<\/div>\n\t\t\t\t<\/div>\n\t\t\t\t\t<\/div>\n\t\t<\/div>\n\t\t\t\t<div class=\"elementor-column elementor-col-20 elementor-top-column elementor-element elementor-element-f002622\" data-id=\"f002622\" data-element_type=\"column\" data-e-type=\"column\">\n\t\t\t<div class=\"elementor-widget-wrap elementor-element-populated\">\n\t\t\t\t\t\t<div class=\"elementor-element elementor-element-552fdb4 elementor-align-center elementor-widget elementor-widget-button\" data-id=\"552fdb4\" data-element_type=\"widget\" data-e-type=\"widget\" data-widget_type=\"button.default\">\n\t\t\t\t<div class=\"elementor-widget-container\">\n\t\t\t\t\t\t\t\t\t<div class=\"elementor-button-wrapper\">\n\t\t\t\t\t<a class=\"elementor-button elementor-button-link elementor-size-lg\" href=\"https:\/\/eriecohealthohio.com\/es\/servicios-de-dia-para-adultos\/menu\/\">\n\t\t\t\t\t\t<span class=\"elementor-button-content-wrapper\">\n\t\t\t\t\t\t\t\t\t<span class=\"elementor-button-text\">MEN\u00da<\/span>\n\t\t\t\t\t<\/span>\n\t\t\t\t\t<\/a>\n\t\t\t\t<\/div>\n\t\t\t\t\t\t\t\t<\/div>\n\t\t\t\t<\/div>\n\t\t\t\t\t<\/div>\n\t\t<\/div>\n\t\t\t\t<div class=\"elementor-column elementor-col-20 elementor-top-column elementor-element elementor-element-87d4029\" data-id=\"87d4029\" data-element_type=\"column\" data-e-type=\"column\">\n\t\t\t<div class=\"elementor-widget-wrap elementor-element-populated\">\n\t\t\t\t\t\t<div class=\"elementor-element elementor-element-d9ebd78 elementor-align-center elementor-widget elementor-widget-button\" data-id=\"d9ebd78\" data-element_type=\"widget\" data-e-type=\"widget\" data-widget_type=\"button.default\">\n\t\t\t\t<div class=\"elementor-widget-container\">\n\t\t\t\t\t\t\t\t\t<div class=\"elementor-button-wrapper\">\n\t\t\t\t\t<a class=\"elementor-button elementor-button-link elementor-size-lg\" href=\"https:\/\/eriecohealthohio.com\/es\/servicios-de-dia-para-adultos\/pagina-de-formularios-de-los-servicios-diurnos-para-adultos\/\">\n\t\t\t\t\t\t<span class=\"elementor-button-content-wrapper\">\n\t\t\t\t\t\t\t\t\t<span class=\"elementor-button-text\">FORMULARIOS<\/span>\n\t\t\t\t\t<\/span>\n\t\t\t\t\t<\/a>\n\t\t\t\t<\/div>\n\t\t\t\t\t\t\t\t<\/div>\n\t\t\t\t<\/div>\n\t\t\t\t\t<\/div>\n\t\t<\/div>\n\t\t\t\t<div class=\"elementor-column elementor-col-20 elementor-top-column elementor-element elementor-element-6b3b189\" data-id=\"6b3b189\" data-element_type=\"column\" data-e-type=\"column\">\n\t\t\t<div class=\"elementor-widget-wrap elementor-element-populated\">\n\t\t\t\t\t\t<div class=\"elementor-element elementor-element-666ba1c elementor-align-center elementor-widget elementor-widget-button\" data-id=\"666ba1c\" data-element_type=\"widget\" data-e-type=\"widget\" data-widget_type=\"button.default\">\n\t\t\t\t<div class=\"elementor-widget-container\">\n\t\t\t\t\t\t\t\t\t<div class=\"elementor-button-wrapper\">\n\t\t\t\t\t<a class=\"elementor-button elementor-button-link elementor-size-lg\" href=\"https:\/\/eriecohealthohio.com\/es\/servicios-de-dia-para-adultos\/servicios-de-dia-para-adultos-contacto\/\">\n\t\t\t\t\t\t<span class=\"elementor-button-content-wrapper\">\n\t\t\t\t\t\t\t\t\t<span class=\"elementor-button-text\">CONTACTO<\/span>\n\t\t\t\t\t<\/span>\n\t\t\t\t\t<\/a>\n\t\t\t\t<\/div>\n\t\t\t\t\t\t\t\t<\/div>\n\t\t\t\t<\/div>\n\t\t\t\t\t<\/div>\n\t\t<\/div>\n\t\t\t\t\t<\/div>\n\t\t<\/section>\n\t\t\t\t<section data-particle_enable=\"false\" data-particle-mobile-disabled=\"false\" class=\"elementor-section elementor-top-section elementor-element elementor-element-e677abf elementor-section-boxed elementor-section-height-default elementor-section-height-default\" data-id=\"e677abf\" data-element_type=\"section\" data-e-type=\"section\">\n\t\t\t\t\t\t<div class=\"elementor-container elementor-column-gap-default\">\n\t\t\t\t\t<div class=\"elementor-column elementor-col-100 elementor-top-column elementor-element elementor-element-cae8350\" data-id=\"cae8350\" data-element_type=\"column\" data-e-type=\"column\">\n\t\t\t<div class=\"elementor-widget-wrap elementor-element-populated\">\n\t\t\t\t\t\t<div class=\"elementor-element elementor-element-bcf7b24 elementor-widget elementor-widget-text-editor\" data-id=\"bcf7b24\" data-element_type=\"widget\" data-e-type=\"widget\" data-widget_type=\"text-editor.default\">\n\t\t\t\t<div class=\"elementor-widget-container\">\n\t\t\t\t\t\t\t\t\t<h4>CENTRO DE ENRIQUECIMIENTO PARA MAYORES COMPASS POINT<\/h4><p class=\"v1MsoNormal\">El Compass Point Senior Enrichment Center del Departamento de Salud del Condado de Erie ofrece servicios diurnos para adultos a personas que padecen Alzheimer y demencia. El centro cuenta con la Certificaci\u00f3n Mejorada del Departamento de Envejecimiento de Ohio, y tambi\u00e9n puede proporcionar terapia ocupacional, f\u00edsica y del habla a los participantes del programa.<\/p><p class=\"v1MsoNormal\">Compass Point se encuentra en 795 Bardshar Road en Sandusky y trabaja con Passport, VA, Medicare\/Medicaid y la mayor\u00eda de los programas de seguros privados. Como parte de nuestro compromiso de mejorar el bienestar de las personas mayores de la zona, tambi\u00e9n ofrecemos servicios de transporte. Las personas que viven dentro de un radio de 30 millas de Sandusky, Ohio son elegibles para los servicios de transporte.<\/p><p class=\"v1MsoNormal\"><strong>Horario:<\/strong> De lunes a jueves, de 7.30 a 17.30 horas, seg\u00fan el calendario de d\u00edas festivos de la ECHD.<\/p><p>Consulte nuestro calendario de actividades diarias y almuerzos.<\/p><p class=\"v1MsoNormal\">Para m\u00e1s informaci\u00f3n, puede enviar un correo electr\u00f3nico a <b><a href=\"mailto:adultday@echdohio.org\" rel=\"noreferrer\">adultday@echdohio.org, <\/a><\/b>o puede llamar al <b>419-502-1020<\/b>\u00a0para hablar con un representante.\u00a0<\/p>\t\t\t\t\t\t\t\t<\/div>\n\t\t\t\t<\/div>\n\t\t\t\t\t<\/div>\n\t\t<\/div>\n\t\t\t\t\t<\/div>\n\t\t<\/section>\n\t\t\t\t<\/div>","protected":false},"excerpt":{"rendered":"<p>FAQ&#8217;s CALENDAR MENU FORMS CONTACT COMPASS POINT SENIOR ENRICHMENT CENTER The Erie County Health Department\u2019s Compass Point Senior Enrichment Center provides adult day services for individuals struggling with Alzheimer\u2019s and Dementia. The facility has Enhanced Certification from the Ohio Department of Aging, and can also provide Occupational, Physical and Speech therapy to program participants. Compass [&hellip;]<\/p>\n","protected":false},"author":1,"featured_media":0,"parent":0,"menu_order":0,"comment_status":"closed","ping_status":"closed","template":"","meta":{"footnotes":"","_links_to":"","_links_to_target":""},"class_list":["post-15675","page","type-page","status-publish","hentry"],"_links":{"self":[{"href":"https:\/\/eriecohealthohio.com\/es\/wp-json\/wp\/v2\/pages\/15675","targetHints":{"allow":["GET"]}}],"collection":[{"href":"https:\/\/eriecohealthohio.com\/es\/wp-json\/wp\/v2\/pages"}],"about":[{"href":"https:\/\/eriecohealthohio.com\/es\/wp-json\/wp\/v2\/types\/page"}],"author":[{"embeddable":true,"href":"https:\/\/eriecohealthohio.com\/es\/wp-json\/wp\/v2\/users\/1"}],"replies":[{"embeddable":true,"href":"https:\/\/eriecohealthohio.com\/es\/wp-json\/wp\/v2\/comments?post=15675"}],"version-history":[{"count":0,"href":"https:\/\/eriecohealthohio.com\/es\/wp-json\/wp\/v2\/pages\/15675\/revisions"}],"wp:attachment":[{"href":"https:\/\/eriecohealthohio.com\/es\/wp-json\/wp\/v2\/media?parent=15675"}],"curies":[{"name":"wp","href":"https:\/\/api.w.org\/{rel}","templated":true}]}}