{"id":14,"date":"2022-07-05T12:53:09","date_gmt":"2022-07-05T12:53:09","guid":{"rendered":"https:\/\/eriecohealthohio.com\/?page_id=14"},"modified":"2024-12-12T11:33:28","modified_gmt":"2024-12-12T15:33:28","slug":"registros-de-nacimientos-y-defunciones","status":"publish","type":"page","link":"https:\/\/eriecohealthohio.com\/es\/birth-death-records\/","title":{"rendered":"ACTAS DE NACIMIENTO Y DEFUNCI\u00d3N"},"content":{"rendered":"<div data-elementor-type=\"wp-page\" data-elementor-id=\"14\" class=\"elementor elementor-14\" data-elementor-post-type=\"page\">\n\t\t\t\t\t\t<section data-particle_enable=\"false\" data-particle-mobile-disabled=\"false\" class=\"elementor-section elementor-top-section elementor-element elementor-element-3f9e72e3 elementor-section-boxed elementor-section-height-default elementor-section-height-default\" data-id=\"3f9e72e3\" data-element_type=\"section\" data-e-type=\"section\">\n\t\t\t\t\t\t<div class=\"elementor-container elementor-column-gap-default\">\n\t\t\t\t\t<div class=\"elementor-column elementor-col-100 elementor-top-column elementor-element elementor-element-54754e94\" data-id=\"54754e94\" data-element_type=\"column\" data-e-type=\"column\">\n\t\t\t<div class=\"elementor-widget-wrap elementor-element-populated\">\n\t\t\t\t\t\t<div class=\"elementor-element elementor-element-14d543a9 elementor-widget elementor-widget-image\" data-id=\"14d543a9\" data-element_type=\"widget\" data-e-type=\"widget\" data-no-translation=\"\" data-widget_type=\"image.default\">\n\t\t\t\t<div class=\"elementor-widget-container\">\n\t\t\t\t\t<style>.elementor-element-14d543a9{display:none !important}<\/style>\t\t\t\t<\/div>\n\t\t\t\t<\/div>\n\t\t\t\t\t<\/div>\n\t\t<\/div>\n\t\t\t\t\t<\/div>\n\t\t<\/section>\n\t\t\t\t<section data-particle_enable=\"false\" data-particle-mobile-disabled=\"false\" class=\"elementor-section elementor-top-section elementor-element elementor-element-8a49b29 elementor-section-boxed elementor-section-height-default elementor-section-height-default\" data-id=\"8a49b29\" data-element_type=\"section\" data-e-type=\"section\">\n\t\t\t\t\t\t<div class=\"elementor-container elementor-column-gap-default\">\n\t\t\t\t\t<div class=\"elementor-column elementor-col-100 elementor-top-column elementor-element elementor-element-2619cbf\" data-id=\"2619cbf\" data-element_type=\"column\" data-e-type=\"column\">\n\t\t\t<div class=\"elementor-widget-wrap elementor-element-populated\">\n\t\t\t\t\t\t<div class=\"elementor-element elementor-element-dcc99b7 elementor-widget elementor-widget-image\" data-id=\"dcc99b7\" data-element_type=\"widget\" data-e-type=\"widget\" data-no-translation=\"\" data-widget_type=\"image.default\">\n\t\t\t\t<div class=\"elementor-widget-container\">\n\t\t\t\t\t\t\t\t\t\t\t\t\t\t\t<img fetchpriority=\"high\" decoding=\"async\" width=\"1600\" height=\"600\" src=\"https:\/\/eriecohealthohio.com\/wp-content\/uploads\/2023\/09\/Birth-Death-Records-Spanish-1.png\" class=\"attachment-full size-full wp-image-14015\" alt=\"Birth &amp; Death Records Spanish\" srcset=\"https:\/\/eriecohealthohio.com\/wp-content\/uploads\/2023\/09\/Birth-Death-Records-Spanish-1.png 1600w, https:\/\/eriecohealthohio.com\/wp-content\/uploads\/2023\/09\/Birth-Death-Records-Spanish-1-300x113.png 300w, https:\/\/eriecohealthohio.com\/wp-content\/uploads\/2023\/09\/Birth-Death-Records-Spanish-1-1024x384.png 1024w, https:\/\/eriecohealthohio.com\/wp-content\/uploads\/2023\/09\/Birth-Death-Records-Spanish-1-768x288.png 768w, https:\/\/eriecohealthohio.com\/wp-content\/uploads\/2023\/09\/Birth-Death-Records-Spanish-1-1536x576.png 1536w, https:\/\/eriecohealthohio.com\/wp-content\/uploads\/2023\/09\/Birth-Death-Records-Spanish-1-18x7.png 18w\" sizes=\"(max-width: 1600px) 100vw, 1600px\" \/>\t\t\t\t\t\t\t\t\t\t\t\t\t\t\t<\/div>\n\t\t\t\t<\/div>\n\t\t\t\t\t<\/div>\n\t\t<\/div>\n\t\t\t\t\t<\/div>\n\t\t<\/section>\n\t\t\t\t<section data-particle_enable=\"false\" data-particle-mobile-disabled=\"false\" class=\"elementor-section elementor-top-section elementor-element elementor-element-3e94941 elementor-section-boxed elementor-section-height-default elementor-section-height-default\" data-id=\"3e94941\" data-element_type=\"section\" data-e-type=\"section\">\n\t\t\t\t\t\t<div class=\"elementor-container elementor-column-gap-default\">\n\t\t\t\t\t<div class=\"elementor-column elementor-col-20 elementor-top-column elementor-element elementor-element-1ce70f4\" data-id=\"1ce70f4\" data-element_type=\"column\" data-e-type=\"column\">\n\t\t\t<div class=\"elementor-widget-wrap elementor-element-populated\">\n\t\t\t\t\t\t<div class=\"elementor-element elementor-element-c5d8665 elementor-align-center elementor-widget elementor-widget-button\" data-id=\"c5d8665\" data-element_type=\"widget\" data-e-type=\"widget\" data-widget_type=\"button.default\">\n\t\t\t\t<div class=\"elementor-widget-container\">\n\t\t\t\t\t\t\t\t\t<div class=\"elementor-button-wrapper\">\n\t\t\t\t\t<a class=\"elementor-button elementor-button-link elementor-size-lg\" href=\"https:\/\/eriecohealthohio.com\/es\/registros-de-nacimientos-y-defunciones\/actas-de-nacimiento-actas-de-defuncion-pedido-por-correo\/\">\n\t\t\t\t\t\t<span class=\"elementor-button-content-wrapper\">\n\t\t\t\t\t\t\t\t\t<span class=\"elementor-button-text\">PEDIDO POR CORREO<\/span>\n\t\t\t\t\t<\/span>\n\t\t\t\t\t<\/a>\n\t\t\t\t<\/div>\n\t\t\t\t\t\t\t\t<\/div>\n\t\t\t\t<\/div>\n\t\t\t\t\t<\/div>\n\t\t<\/div>\n\t\t\t\t<div class=\"elementor-column elementor-col-20 elementor-top-column elementor-element elementor-element-c761ef9\" data-id=\"c761ef9\" data-element_type=\"column\" data-e-type=\"column\">\n\t\t\t<div class=\"elementor-widget-wrap elementor-element-populated\">\n\t\t\t\t\t\t<div class=\"elementor-element elementor-element-ffac1e4 elementor-align-center elementor-widget elementor-widget-button\" data-id=\"ffac1e4\" data-element_type=\"widget\" data-e-type=\"widget\" data-widget_type=\"button.default\">\n\t\t\t\t<div class=\"elementor-widget-container\">\n\t\t\t\t\t\t\t\t\t<div class=\"elementor-button-wrapper\">\n\t\t\t\t\t<a class=\"elementor-button elementor-button-link elementor-size-lg\" href=\"https:\/\/eriecohealthohio.com\/es\/registros-de-nacimientos-y-defunciones\/actas-de-nacimiento-actas-de-defuncion-pedir-por-telefono\/\">\n\t\t\t\t\t\t<span class=\"elementor-button-content-wrapper\">\n\t\t\t\t\t\t\t\t\t<span class=\"elementor-button-text\">ORDENAR POR TEL\u00c9FONO<\/span>\n\t\t\t\t\t<\/span>\n\t\t\t\t\t<\/a>\n\t\t\t\t<\/div>\n\t\t\t\t\t\t\t\t<\/div>\n\t\t\t\t<\/div>\n\t\t\t\t\t<\/div>\n\t\t<\/div>\n\t\t\t\t<div class=\"elementor-column elementor-col-20 elementor-top-column elementor-element elementor-element-331f9b2\" data-id=\"331f9b2\" data-element_type=\"column\" data-e-type=\"column\">\n\t\t\t<div class=\"elementor-widget-wrap elementor-element-populated\">\n\t\t\t\t\t\t<div class=\"elementor-element elementor-element-ffca1f0 elementor-align-center elementor-widget elementor-widget-button\" data-id=\"ffca1f0\" data-element_type=\"widget\" data-e-type=\"widget\" data-widget_type=\"button.default\">\n\t\t\t\t<div class=\"elementor-widget-container\">\n\t\t\t\t\t\t\t\t\t<div class=\"elementor-button-wrapper\">\n\t\t\t\t\t<a class=\"elementor-button elementor-button-link elementor-size-lg\" href=\"https:\/\/eriecohealthohio.com\/es\/registros-de-nacimientos-y-defunciones\/actas-de-nacimiento-defuncion-servicio-el-mismo-dia\/\">\n\t\t\t\t\t\t<span class=\"elementor-button-content-wrapper\">\n\t\t\t\t\t\t\t\t\t<span class=\"elementor-button-text\">SERVICIO EL MISMO D\u00cdA<\/span>\n\t\t\t\t\t<\/span>\n\t\t\t\t\t<\/a>\n\t\t\t\t<\/div>\n\t\t\t\t\t\t\t\t<\/div>\n\t\t\t\t<\/div>\n\t\t\t\t\t<\/div>\n\t\t<\/div>\n\t\t\t\t<div class=\"elementor-column elementor-col-20 elementor-top-column elementor-element elementor-element-bdf3942\" data-id=\"bdf3942\" data-element_type=\"column\" data-e-type=\"column\">\n\t\t\t<div class=\"elementor-widget-wrap elementor-element-populated\">\n\t\t\t\t\t\t<div class=\"elementor-element elementor-element-e271825 elementor-align-center elementor-widget elementor-widget-button\" data-id=\"e271825\" data-element_type=\"widget\" data-e-type=\"widget\" data-widget_type=\"button.default\">\n\t\t\t\t<div class=\"elementor-widget-container\">\n\t\t\t\t\t\t\t\t\t<div class=\"elementor-button-wrapper\">\n\t\t\t\t\t<a class=\"elementor-button elementor-button-link elementor-size-lg\" href=\"https:\/\/eriecohealthohio.com\/es\/registros-de-nacimientos-y-defunciones\/para-funerarias\/\">\n\t\t\t\t\t\t<span class=\"elementor-button-content-wrapper\">\n\t\t\t\t\t\t\t\t\t<span class=\"elementor-button-text\">PARA FUNERARIAS<\/span>\n\t\t\t\t\t<\/span>\n\t\t\t\t\t<\/a>\n\t\t\t\t<\/div>\n\t\t\t\t\t\t\t\t<\/div>\n\t\t\t\t<\/div>\n\t\t\t\t\t<\/div>\n\t\t<\/div>\n\t\t\t\t<div class=\"elementor-column elementor-col-20 elementor-top-column elementor-element elementor-element-9bd556f\" data-id=\"9bd556f\" data-element_type=\"column\" data-e-type=\"column\">\n\t\t\t<div class=\"elementor-widget-wrap elementor-element-populated\">\n\t\t\t\t\t\t<div class=\"elementor-element elementor-element-6009498 elementor-align-center elementor-widget elementor-widget-button\" data-id=\"6009498\" data-element_type=\"widget\" data-e-type=\"widget\" data-widget_type=\"button.default\">\n\t\t\t\t<div class=\"elementor-widget-container\">\n\t\t\t\t\t\t\t\t\t<div class=\"elementor-button-wrapper\">\n\t\t\t\t\t<a class=\"elementor-button elementor-button-link elementor-size-lg\" href=\"https:\/\/eriecohealthohio.com\/es\/registros-de-nacimientos-y-defunciones\/nacimiento-defuncion-contacto\/\">\n\t\t\t\t\t\t<span class=\"elementor-button-content-wrapper\">\n\t\t\t\t\t\t\t\t\t<span class=\"elementor-button-text\">CONTACTO<\/span>\n\t\t\t\t\t<\/span>\n\t\t\t\t\t<\/a>\n\t\t\t\t<\/div>\n\t\t\t\t\t\t\t\t<\/div>\n\t\t\t\t<\/div>\n\t\t\t\t\t<\/div>\n\t\t<\/div>\n\t\t\t\t\t<\/div>\n\t\t<\/section>\n\t\t\t\t<section data-particle_enable=\"false\" data-particle-mobile-disabled=\"false\" class=\"elementor-section elementor-top-section elementor-element elementor-element-75d2e03b elementor-section-boxed elementor-section-height-default elementor-section-height-default\" data-id=\"75d2e03b\" data-element_type=\"section\" data-e-type=\"section\">\n\t\t\t\t\t\t<div class=\"elementor-container elementor-column-gap-default\">\n\t\t\t\t\t<div class=\"elementor-column elementor-col-100 elementor-top-column elementor-element elementor-element-596e48e9\" data-id=\"596e48e9\" data-element_type=\"column\" data-e-type=\"column\">\n\t\t\t<div class=\"elementor-widget-wrap elementor-element-populated\">\n\t\t\t\t\t\t<div class=\"elementor-element elementor-element-be9c38b elementor-widget elementor-widget-text-editor\" data-id=\"be9c38b\" data-element_type=\"widget\" data-e-type=\"widget\" data-widget_type=\"text-editor.default\">\n\t\t\t\t<div class=\"elementor-widget-container\">\n\t\t\t\t\t\t\t\t\t<h4>ACTAS DE NACIMIENTO Y DEFUNCI\u00d3N<\/h4><div><div><p>Trabajar hoy por un ma\u00f1ana m\u00e1s sano.<\/p><p>Encuentra un servicio.<\/p><\/div><\/div><h5>ACCESO F\u00c1CIL Y R\u00c1PIDO A SUS REGISTROS VITALES<\/h5><p>El Departamento de Salud del Condado de Erie proporciona copias certificadas de certificados de nacimiento el mismo d\u00eda para todos los condados de Ohio, y copias certificadas de certificados de defunci\u00f3n para cada persona que falleci\u00f3 dentro del Condado de Erie.  Los registros est\u00e1n disponibles desde diciembre de 1908 hasta la actualidad.<\/p><h5>TARIFAS Y FORMAS DE PAGO<\/h5><p>Los certificados de nacimiento\/fallecimiento cuestan $25,00 por copia certificada pagaderos en efectivo, giro postal, tarjeta de cr\u00e9dito y cheque bancario certificado.<\/p><h5>OBTENGA SU CERTIFICADO<\/h5><p><strong>Departamento de Salud del Condado de Erie<\/strong><br \/><strong>Centro Comunitario de Salud del Condado de Erie<\/strong><br \/><strong>Calle Superior 420<\/strong><br \/><strong>Sandusky, Ohio 44870\u00a0<\/strong><br \/><strong>Tel: 419-626-5623<\/strong><br \/><strong>Fax: (419) 626-8778<\/strong> \u00a0<\/p><h5>HORAS<\/h5><p>De lunes a viernes, de 8.00 a 16.30 h.<\/p><p>Tambi\u00e9n puede cobrar por tel\u00e9fono en el (419) 626-5623 ext. 5122 o enviar su solicitud por correo postal o electr\u00f3nico haciendo clic en: <a href=\"https:\/\/eriecohealthohio.com\/wp-content\/uploads\/2022\/07\/Vitals-Application-for-Certified-Copies-1.pdf\" target=\"_blank\" rel=\"noopener\">Solicitud de copias certificadas de Vitals<\/a>.<\/p><h5>CERTIFICADOS DE DEFUNCI\u00d3N Y N\u00daMEROS DE LA SEGURIDAD SOCIAL<\/h5><p><strong>ORC 3705.23(5):<\/strong> Durante los primeros cinco a\u00f1os tras el fallecimiento de un difunto, no se incluir\u00e1 el n\u00famero de la Seguridad Social de un difunto en una copia certificada del certificado de defunci\u00f3n del difunto a menos que el c\u00f3nyuge o descendiente directo del difunto solicite espec\u00edficamente dicha informaci\u00f3n; el albacea, el abogado o el representante legal del difunto; un representante de una agencia gubernamental de investigaci\u00f3n; un investigador privado; un director de funeraria (o agente responsable de la disposici\u00f3n del cuerpo) que act\u00fae en nombre de la familia del difunto; un funcionario del servicio de veteranos; o un miembro acreditado de los medios de comunicaci\u00f3n .\u00a0<\/p><p>Las personas que soliciten un certificado de defunci\u00f3n con el n\u00famero de la seguridad social incluido deben indicar en su solicitud que solicitan que se incluya el n\u00famero de la seguridad social y presentar una prueba de identificaci\u00f3n junto con <a href=\"https:\/\/eriecohealthohio.com\/wp-content\/uploads\/2022\/07\/SodaPDF-converted-Acceptable-Proof-of-Relationship-Listing-converted.pdf\" target=\"_blank\" rel=\"noopener\">Prueba de parentesco aceptable<\/a> documentaci\u00f3n al registrador o al secretario. <a href=\"https:\/\/eriecohealthohio.com\/wp-content\/uploads\/2022\/07\/SodaPDF-converted-Proof-of-Relationship-Verification-Addendum-converted.pdf\" target=\"_blank\" rel=\"noopener\">El ap\u00e9ndice de verificaci\u00f3n de la prueba de parentesco<\/a>\u00a0puede utilizarse para solicitar que el n\u00famero de la Seguridad Social aparezca en un certificado de defunci\u00f3n.<\/p><p>Para solicitar un acta de defunci\u00f3n en persona, por Internet o por correo se requiere una identificaci\u00f3n adecuada y una prueba del parentesco.<\/p>\t\t\t\t\t\t\t\t<\/div>\n\t\t\t\t<\/div>\n\t\t\t\t\t<\/div>\n\t\t<\/div>\n\t\t\t\t\t<\/div>\n\t\t<\/section>\n\t\t\t\t<section data-particle_enable=\"false\" data-particle-mobile-disabled=\"false\" class=\"elementor-section elementor-top-section elementor-element elementor-element-8e2e6f5 elementor-section-boxed elementor-section-height-default elementor-section-height-default\" data-id=\"8e2e6f5\" data-element_type=\"section\" data-e-type=\"section\">\n\t\t\t\t\t\t<div class=\"elementor-container elementor-column-gap-default\">\n\t\t\t\t\t<div class=\"elementor-column elementor-col-50 elementor-top-column elementor-element elementor-element-1d818c7\" data-id=\"1d818c7\" data-element_type=\"column\" data-e-type=\"column\">\n\t\t\t<div class=\"elementor-widget-wrap elementor-element-populated\">\n\t\t\t\t\t\t<div class=\"elementor-element elementor-element-b4410e4 elementor-cta--skin-classic elementor-animated-content elementor-bg-transform elementor-bg-transform-zoom-in elementor-widget elementor-widget-call-to-action\" data-id=\"b4410e4\" data-element_type=\"widget\" data-e-type=\"widget\" data-widget_type=\"call-to-action.default\">\n\t\t\t\t<div class=\"elementor-widget-container\">\n\t\t\t\t\t\t\t<div class=\"elementor-cta\">\n\t\t\t\t\t<div class=\"elementor-cta__bg-wrapper\">\n\t\t\t\t<div class=\"elementor-cta__bg elementor-bg\" style=\"background-image: url(https:\/\/eriecohealthohio.com\/wp-content\/uploads\/2023\/08\/Mail-Box-Image.png);\" role=\"img\" aria-label=\"Imagen del buz\u00f3n\"><\/div>\n\t\t\t\t<div class=\"elementor-cta__bg-overlay\"><\/div>\n\t\t\t<\/div>\n\t\t\t\t\t\t\t<div class=\"elementor-cta__content\">\n\t\t\t\t\n\t\t\t\t\t\t\t\t\t<h5 class=\"elementor-cta__title elementor-cta__content-item elementor-content-item\">\n\t\t\t\t\t\tPEDIDO POR CORREO\t\t\t\t\t<\/h5>\n\t\t\t\t\n\t\t\t\t\n\t\t\t\t\t\t\t\t\t<div class=\"elementor-cta__button-wrapper elementor-cta__content-item elementor-content-item\">\n\t\t\t\t\t<a class=\"elementor-cta__button elementor-button elementor-size-lg\" href=\"https:\/\/eriecohealthohio.com\/es\/registros-de-nacimientos-y-defunciones\/actas-de-nacimiento-actas-de-defuncion-pedido-por-correo\/\">\n\t\t\t\t\t\tHaga clic aqu\u00ed\t\t\t\t\t<\/a>\n\t\t\t\t\t<\/div>\n\t\t\t\t\t\t\t<\/div>\n\t\t\t\t\t\t<\/div>\n\t\t\t\t\t\t<\/div>\n\t\t\t\t<\/div>\n\t\t\t\t\t<\/div>\n\t\t<\/div>\n\t\t\t\t<div class=\"elementor-column elementor-col-50 elementor-top-column elementor-element elementor-element-170a29b\" data-id=\"170a29b\" data-element_type=\"column\" data-e-type=\"column\">\n\t\t\t<div class=\"elementor-widget-wrap elementor-element-populated\">\n\t\t\t\t\t\t<div class=\"elementor-element elementor-element-43ad4d8 elementor-cta--skin-classic elementor-animated-content elementor-bg-transform elementor-bg-transform-zoom-in elementor-widget elementor-widget-call-to-action\" data-id=\"43ad4d8\" data-element_type=\"widget\" data-e-type=\"widget\" data-widget_type=\"call-to-action.default\">\n\t\t\t\t<div class=\"elementor-widget-container\">\n\t\t\t\t\t\t\t<div class=\"elementor-cta\">\n\t\t\t\t\t<div class=\"elementor-cta__bg-wrapper\">\n\t\t\t\t<div class=\"elementor-cta__bg elementor-bg\" style=\"background-image: url(https:\/\/eriecohealthohio.com\/wp-content\/uploads\/2022\/07\/Phone-Image.png);\" role=\"img\" aria-label=\"Imagen del tel\u00e9fono\"><\/div>\n\t\t\t\t<div class=\"elementor-cta__bg-overlay\"><\/div>\n\t\t\t<\/div>\n\t\t\t\t\t\t\t<div class=\"elementor-cta__content\">\n\t\t\t\t\n\t\t\t\t\t\t\t\t\t<h5 class=\"elementor-cta__title elementor-cta__content-item elementor-content-item\">\n\t\t\t\t\t\tORDENAR POR TEL\u00c9FONO\t\t\t\t\t<\/h5>\n\t\t\t\t\n\t\t\t\t\n\t\t\t\t\t\t\t\t\t<div class=\"elementor-cta__button-wrapper elementor-cta__content-item elementor-content-item\">\n\t\t\t\t\t<a class=\"elementor-cta__button elementor-button elementor-size-lg\" href=\"https:\/\/eriecohealthohio.com\/es\/registros-de-nacimientos-y-defunciones\/actas-de-nacimiento-actas-de-defuncion-pedir-por-telefono\/\">\n\t\t\t\t\t\tHaga clic aqu\u00ed\t\t\t\t\t<\/a>\n\t\t\t\t\t<\/div>\n\t\t\t\t\t\t\t<\/div>\n\t\t\t\t\t\t<\/div>\n\t\t\t\t\t\t<\/div>\n\t\t\t\t<\/div>\n\t\t\t\t\t<\/div>\n\t\t<\/div>\n\t\t\t\t\t<\/div>\n\t\t<\/section>\n\t\t\t\t<\/div>","protected":false},"excerpt":{"rendered":"<p>ORDER BY MAIL ORDER BY PHONE SAME DAY SERVICE FOR FUNERAL HOMES CONTACT BIRTH &amp; DEATH RECORDS Working today for a healthier tomorrow. Find a service. EASY, QUICK ACCESS TO YOUR VITAL RECORDS Erie County Health Department provides same day certified birth certificate copies for all Ohio counties, and certified death certificate copies\u00a0for every person [&hellip;]<\/p>\n","protected":false},"author":1,"featured_media":0,"parent":0,"menu_order":0,"comment_status":"closed","ping_status":"closed","template":"","meta":{"footnotes":"","_links_to":"","_links_to_target":""},"class_list":["post-14","page","type-page","status-publish","hentry"],"_links":{"self":[{"href":"https:\/\/eriecohealthohio.com\/es\/wp-json\/wp\/v2\/pages\/14","targetHints":{"allow":["GET"]}}],"collection":[{"href":"https:\/\/eriecohealthohio.com\/es\/wp-json\/wp\/v2\/pages"}],"about":[{"href":"https:\/\/eriecohealthohio.com\/es\/wp-json\/wp\/v2\/types\/page"}],"author":[{"embeddable":true,"href":"https:\/\/eriecohealthohio.com\/es\/wp-json\/wp\/v2\/users\/1"}],"replies":[{"embeddable":true,"href":"https:\/\/eriecohealthohio.com\/es\/wp-json\/wp\/v2\/comments?post=14"}],"version-history":[{"count":0,"href":"https:\/\/eriecohealthohio.com\/es\/wp-json\/wp\/v2\/pages\/14\/revisions"}],"wp:attachment":[{"href":"https:\/\/eriecohealthohio.com\/es\/wp-json\/wp\/v2\/media?parent=14"}],"curies":[{"name":"wp","href":"https:\/\/api.w.org\/{rel}","templated":true}]}}