{"id":12885,"date":"2023-08-02T18:36:03","date_gmt":"2023-08-02T23:36:03","guid":{"rendered":"https:\/\/eriecohealthohio.com\/?page_id=12885"},"modified":"2024-08-13T15:10:48","modified_gmt":"2024-08-13T19:10:48","slug":"vivir-bien","status":"publish","type":"page","link":"https:\/\/eriecohealthohio.com\/es\/live-well\/","title":{"rendered":"VIVIR BIEN"},"content":{"rendered":"<div data-elementor-type=\"wp-page\" data-elementor-id=\"12885\" class=\"elementor elementor-12885\" data-elementor-post-type=\"page\">\n\t\t\t\t\t\t<section data-particle_enable=\"false\" data-particle-mobile-disabled=\"false\" class=\"elementor-section elementor-top-section elementor-element elementor-element-5f687fdd elementor-section-boxed elementor-section-height-default elementor-section-height-default\" data-id=\"5f687fdd\" data-element_type=\"section\" data-e-type=\"section\">\n\t\t\t\t\t\t<div class=\"elementor-container elementor-column-gap-default\">\n\t\t\t\t\t<div class=\"elementor-column elementor-col-100 elementor-top-column elementor-element elementor-element-426bc91\" data-id=\"426bc91\" data-element_type=\"column\" data-e-type=\"column\">\n\t\t\t<div class=\"elementor-widget-wrap elementor-element-populated\">\n\t\t\t\t\t\t<div class=\"elementor-element elementor-element-701ee19e elementor-widget elementor-widget-image\" data-id=\"701ee19e\" data-element_type=\"widget\" data-e-type=\"widget\" data-widget_type=\"image.default\">\n\t\t\t\t<div class=\"elementor-widget-container\">\n\t\t\t\t\t\t\t\t\t\t\t\t\t\t\t\t<a href=\"https:\/\/eriecohealthohio.com\/es\/crear-comunidades-sanas\/\">\n\t\t\t\t\t\t\t<img fetchpriority=\"high\" decoding=\"async\" width=\"1600\" height=\"600\" src=\"https:\/\/eriecohealthohio.com\/wp-content\/uploads\/2023\/11\/Creating-Healthy-Communities-Spanish.png\" class=\"attachment-full size-full wp-image-16292\" alt=\"Creaci\u00f3n de comunidades saludables Imagen actualizada\" srcset=\"https:\/\/eriecohealthohio.com\/wp-content\/uploads\/2023\/11\/Creating-Healthy-Communities-Spanish.png 1600w, https:\/\/eriecohealthohio.com\/wp-content\/uploads\/2023\/11\/Creating-Healthy-Communities-Spanish-300x113.png 300w, https:\/\/eriecohealthohio.com\/wp-content\/uploads\/2023\/11\/Creating-Healthy-Communities-Spanish-1024x384.png 1024w, https:\/\/eriecohealthohio.com\/wp-content\/uploads\/2023\/11\/Creating-Healthy-Communities-Spanish-768x288.png 768w, https:\/\/eriecohealthohio.com\/wp-content\/uploads\/2023\/11\/Creating-Healthy-Communities-Spanish-1536x576.png 1536w, https:\/\/eriecohealthohio.com\/wp-content\/uploads\/2023\/11\/Creating-Healthy-Communities-Spanish-18x7.png 18w\" sizes=\"(max-width: 1600px) 100vw, 1600px\" \/>\t\t\t\t\t\t\t\t<\/a>\n\t\t\t\t\t\t\t\t\t\t\t\t\t\t\t<\/div>\n\t\t\t\t<\/div>\n\t\t\t\t<div class=\"elementor-element elementor-element-24fb20bf eael-simple-menu-hamburger-align-center elementor-widget__width-initial eael-hamburger--tablet elementor-widget elementor-widget-eael-simple-menu\" data-id=\"24fb20bf\" data-element_type=\"widget\" data-e-type=\"widget\" data-no-translation=\"\" data-widget_type=\"eael-simple-menu.default\">\n\t\t\t\t<div class=\"elementor-widget-container\">\n\t\t\t\t\t<style>.elementor-element-24fb20bf{display:none !important}<\/style>\t\t\t\t<\/div>\n\t\t\t\t<\/div>\n\t\t\t\t\t<\/div>\n\t\t<\/div>\n\t\t\t\t\t<\/div>\n\t\t<\/section>\n\t\t\t\t<section data-particle_enable=\"false\" data-particle-mobile-disabled=\"false\" class=\"elementor-section elementor-top-section elementor-element elementor-element-2b55152 elementor-section-boxed elementor-section-height-default elementor-section-height-default\" data-id=\"2b55152\" data-element_type=\"section\" data-e-type=\"section\">\n\t\t\t\t\t\t<div class=\"elementor-container elementor-column-gap-default\">\n\t\t\t\t\t<div class=\"elementor-column elementor-col-100 elementor-top-column elementor-element elementor-element-053bc2f\" data-id=\"053bc2f\" data-element_type=\"column\" data-e-type=\"column\">\n\t\t\t<div class=\"elementor-widget-wrap elementor-element-populated\">\n\t\t\t\t\t\t<div class=\"elementor-element elementor-element-7ec3ba8 elementor-widget elementor-widget-text-editor\" data-id=\"7ec3ba8\" data-element_type=\"widget\" data-e-type=\"widget\" data-widget_type=\"text-editor.default\">\n\t\t\t\t<div class=\"elementor-widget-container\">\n\t\t\t\t\t\t\t\t\t<h4>CREAR COMUNIDADES SANAS - VIVIR BIEN<\/h4><p>Vive Bien es una colaboraci\u00f3n entre el Departamento de Salud del Condado de Erie\/Centro de Salud Comunitaria del Condado de Erie, el Departamento de Trabajo y Servicios Familiares del Condado de Erie y OHgo. Para ayudar a combatir la inseguridad alimentaria en el condado de Erie, estas tres organizaciones han creado una despensa de alimentos emergente adicional que proporciona art\u00edculos de despensa y productos frescos a los necesitados. Para asegurarse de que los participantes est\u00e1n familiarizados con los alimentos que est\u00e1n recibiendo, la educaci\u00f3n nutricional y recetas se proporcionan en cada pop-up, as\u00ed.<\/p><p>Durante las despensas emergentes, las organizaciones comunitarias locales han sido bienvenidas para proporcionar recursos a los participantes. Algunas de estas organizaciones han incluido WIC, Head Start, Help Me Grow, Cunas para Ni\u00f1os y muchos m\u00e1s. Si usted est\u00e1 interesado en tener una mesa en un pr\u00f3ximo evento, por favor p\u00f3ngase en contacto con el coordinador del programa.<\/p><p>Los actos \"Vivir bien\" se celebran el 4<sup>th<\/sup> martes de cada mes en la oficina del JFS del condado de Erie de 11.00 a 12.00 horas, o hasta agotar existencias, y el 4<sup>th<\/sup> Viernes de cada mes en el Centro de Salud de Kelleys Island de 11am-12pm, o hasta agotar existencias. Todos los participantes elegibilidad de ingresos debe ser igual o inferior a 200% de las directrices federales de pobreza y auto-declaraci\u00f3n debe ser hecha por el destinatario que caen dentro de estas directrices.<\/p><p>Dirija todas sus preguntas a<\/p><p><strong>Angelina Cambarare, CHES<br \/><\/strong><strong>Educador en salud p\u00fablica<br \/><\/strong><strong>419.626.5623, Ext.5143<br \/><\/strong><a href=\"mailto:acambarare@echdohio.org\">acambarare@echdohio.org<\/a><\/p>\t\t\t\t\t\t\t\t<\/div>\n\t\t\t\t<\/div>\n\t\t\t\t\t<\/div>\n\t\t<\/div>\n\t\t\t\t\t<\/div>\n\t\t<\/section>\n\t\t\t\t<\/div>","protected":false},"excerpt":{"rendered":"<p>HEALTHY EATING COMMUNITY GARDENS LIVE WELL HEALTHY EATING RESOURCES ACTIVE LIVING COMMUNITY ENGAGEMENT CONTACT Humberger Toggle Menu CREATING HEALTHY COMMUNITIES &#8211; LIVE WELL Live Well is a collaboration between the Erie County Health Department\/Erie County Community Health Center, the Erie County Department of Job and Family Services and OHgo. To help combat food insecurity in [&hellip;]<\/p>\n","protected":false},"author":1,"featured_media":0,"parent":0,"menu_order":0,"comment_status":"closed","ping_status":"closed","template":"","meta":{"footnotes":"","_links_to":"","_links_to_target":""},"class_list":["post-12885","page","type-page","status-publish","hentry"],"_links":{"self":[{"href":"https:\/\/eriecohealthohio.com\/es\/wp-json\/wp\/v2\/pages\/12885","targetHints":{"allow":["GET"]}}],"collection":[{"href":"https:\/\/eriecohealthohio.com\/es\/wp-json\/wp\/v2\/pages"}],"about":[{"href":"https:\/\/eriecohealthohio.com\/es\/wp-json\/wp\/v2\/types\/page"}],"author":[{"embeddable":true,"href":"https:\/\/eriecohealthohio.com\/es\/wp-json\/wp\/v2\/users\/1"}],"replies":[{"embeddable":true,"href":"https:\/\/eriecohealthohio.com\/es\/wp-json\/wp\/v2\/comments?post=12885"}],"version-history":[{"count":0,"href":"https:\/\/eriecohealthohio.com\/es\/wp-json\/wp\/v2\/pages\/12885\/revisions"}],"wp:attachment":[{"href":"https:\/\/eriecohealthohio.com\/es\/wp-json\/wp\/v2\/media?parent=12885"}],"curies":[{"name":"wp","href":"https:\/\/api.w.org\/{rel}","templated":true}]}}